{"id":133654,"date":"2026-04-28T01:46:51","date_gmt":"2026-04-27T23:46:51","guid":{"rendered":"https:\/\/webshopdistricoscom.webhosting.be\/product\/depileve-cire-aloe-vera-800-g-ref-1007\/"},"modified":"2026-04-28T01:46:54","modified_gmt":"2026-04-27T23:46:54","slug":"depileve-cire-aloe-vera-800-g-ref-1007","status":"publish","type":"product","link":"https:\/\/districos.standingout.be\/fr\/product\/depileve-cire-aloe-vera-800-g-ref-1007\/","title":{"rendered":"Depil\u00e8ve Cire Aloe Vera 800 g"},"content":{"rendered":"<p >\n<\/p>\n<p><font size=\"2\"><span lang=\"FR\">Cire verte transparente et liquide qui est enrichie en extraits d\u2019alo\u00e8s vera afin de r\u00e9duire la sensibilit\u00e9 lors de l\u2019\u00e9pilation.<o:p><\/o:p><\/span><\/font><\/p>\n<p><font size=\"2\"><\/font><\/p>\n<ul>\n<li><font size=\"2\"><span lang=\"FR\">Cire liquide claire et sans parfum.<\/span><\/font><\/li>\n<li><font size=\"2\"><span lang=\"FR\"> Convient \u00e0 tous les types de peaux.<\/span><\/font><\/li>\n<li><font size=\"2\"><span lang=\"FR\">Emballage&nbsp;: pot de 800 g \u00e0 mettre directement dans le chauffe-cire Depil\u00e8ve.<\/span><\/font><\/li>\n<\/ul>\n<p><font size=\"2\"><span lang=\"FR\"><b>Substances actives<\/b><o:p><\/o:p><\/span><\/font><\/p>\n<p><font size=\"2\"><\/font><\/p>\n<ul>\n<li><font size=\"2\"><span lang=\"FR\">Aloe vera&nbsp;: se caract\u00e9rise par ses effets adoucissants, apaisants et rafra\u00eechissants et est recommand\u00e9 en cas d\u2019irritations cutan\u00e9es ou de br\u00fblures.<\/span><\/font><\/li>\n<li><font size=\"2\"><span lang=\"FR\">Huile v\u00e9g\u00e9tale&nbsp;: rend la cire plus souple et moins agressive pour la peau pour une \u00e9limination en douceur des poils.<\/span><\/font><\/li>\n<\/ul>\n<p><font size=\"2\"> <\/font><\/p>\n<p><font size=\"2\"><span lang=\"FR\"><b>CONSEIL&nbsp;<\/b>: R\u00e9glez votre appareil au maximum sur 9 (JAMAIS sur 10 !) afin de faire fondre plus vite votre cire jetable. Utilisez la cire jetable toujours sur la position 6 \u00e0 6,5 !<\/span><\/font><\/p>\n","protected":false},"excerpt":{"rendered":"<p>Cire verte transparente et liquide qui est enrichie en extraits d\u2019alo\u00e8s vera afin de r\u00e9duire la sensibilit\u00e9 lors de l\u2019\u00e9pilation. Cire liquide claire et sans parfum. Convient \u00e0 tous les types de peaux. Emballage&nbsp;: pot de 800 g \u00e0 mettre directement dans le chauffe-cire Depil\u00e8ve. Substances actives Aloe vera&nbsp;: se caract\u00e9rise par ses effets adoucissants, [&hellip;]<\/p>\n","protected":false},"featured_media":69887,"comment_status":"open","ping_status":"closed","template":"","meta":{"_acf_changed":false},"product_brand":[10376],"product_cat":[9912],"product_tag":[],"class_list":{"0":"post-133654","1":"product","2":"type-product","3":"status-publish","4":"has-post-thumbnail","6":"product_brand-depileve-fr","7":"product_cat-beaute-epilation-cire-jetable","9":"first","10":"instock","11":"taxable","12":"shipping-taxable","13":"product-type-simple"},"acf":[],"yoast_head":"<!-- This site is optimized with the Yoast SEO plugin v27.3 - https:\/\/yoast.com\/product\/yoast-seo-wordpress\/ -->\n<title>Depil\u00e8ve Cire Aloe Vera 800 g - Districos Webshop<\/title>\n<meta name=\"robots\" content=\"noindex, follow, max-snippet:-1, max-image-preview:large, max-video-preview:-1\" \/>\n<meta property=\"og:locale\" content=\"fr_FR\" \/>\n<meta property=\"og:type\" content=\"article\" \/>\n<meta property=\"og:title\" content=\"Depil\u00e8ve Cire Aloe Vera 800 g - Districos Webshop\" \/>\n<meta property=\"og:description\" content=\"Cire verte transparente et liquide qui est enrichie en extraits d\u2019alo\u00e8s vera afin de r\u00e9duire la sensibilit\u00e9 lors de l\u2019\u00e9pilation. Cire liquide claire et sans parfum. Convient \u00e0 tous les types de peaux. Emballage&nbsp;: pot de 800 g \u00e0 mettre directement dans le chauffe-cire Depil\u00e8ve. Substances actives Aloe vera&nbsp;: se caract\u00e9rise par ses effets adoucissants, [&hellip;]\" \/>\n<meta property=\"og:url\" content=\"https:\/\/districos.standingout.be\/fr\/product\/depileve-cire-aloe-vera-800-g-ref-1007\/\" \/>\n<meta property=\"og:site_name\" content=\"Districos Webshop\" \/>\n<meta property=\"article:modified_time\" content=\"2026-04-27T23:46:54+00:00\" \/>\n<meta property=\"og:image\" content=\"https:\/\/districos.standingout.be\/wp-content\/uploads\/2025\/07\/1007@LowRes_0.png\" \/>\n\t<meta property=\"og:image:width\" content=\"600\" \/>\n\t<meta property=\"og:image:height\" content=\"600\" \/>\n\t<meta property=\"og:image:type\" content=\"image\/png\" \/>\n<meta name=\"twitter:card\" content=\"summary_large_image\" \/>\n<meta name=\"twitter:label1\" content=\"Dur\u00e9e de lecture estim\u00e9e\" \/>\n\t<meta name=\"twitter:data1\" content=\"1 minute\" \/>\n<script type=\"application\/ld+json\" class=\"yoast-schema-graph\">{\"@context\":\"https:\\\/\\\/schema.org\",\"@graph\":[{\"@type\":\"WebPage\",\"@id\":\"https:\\\/\\\/districos.standingout.be\\\/fr\\\/product\\\/depileve-cire-aloe-vera-800-g-ref-1007\\\/\",\"url\":\"https:\\\/\\\/districos.standingout.be\\\/fr\\\/product\\\/depileve-cire-aloe-vera-800-g-ref-1007\\\/\",\"name\":\"Depil\u00e8ve Cire Aloe Vera 800 g - Districos Webshop\",\"isPartOf\":{\"@id\":\"https:\\\/\\\/districos.standingout.be\\\/fr\\\/#website\"},\"primaryImageOfPage\":{\"@id\":\"https:\\\/\\\/districos.standingout.be\\\/fr\\\/product\\\/depileve-cire-aloe-vera-800-g-ref-1007\\\/#primaryimage\"},\"image\":{\"@id\":\"https:\\\/\\\/districos.standingout.be\\\/fr\\\/product\\\/depileve-cire-aloe-vera-800-g-ref-1007\\\/#primaryimage\"},\"thumbnailUrl\":\"https:\\\/\\\/districos.standingout.be\\\/wp-content\\\/uploads\\\/2025\\\/07\\\/1007@LowRes_0.png\",\"datePublished\":\"2026-04-27T23:46:51+00:00\",\"dateModified\":\"2026-04-27T23:46:54+00:00\",\"breadcrumb\":{\"@id\":\"https:\\\/\\\/districos.standingout.be\\\/fr\\\/product\\\/depileve-cire-aloe-vera-800-g-ref-1007\\\/#breadcrumb\"},\"inLanguage\":\"fr-FR\",\"potentialAction\":[{\"@type\":\"ReadAction\",\"target\":[\"https:\\\/\\\/districos.standingout.be\\\/fr\\\/product\\\/depileve-cire-aloe-vera-800-g-ref-1007\\\/\"]}]},{\"@type\":\"ImageObject\",\"inLanguage\":\"fr-FR\",\"@id\":\"https:\\\/\\\/districos.standingout.be\\\/fr\\\/product\\\/depileve-cire-aloe-vera-800-g-ref-1007\\\/#primaryimage\",\"url\":\"https:\\\/\\\/districos.standingout.be\\\/wp-content\\\/uploads\\\/2025\\\/07\\\/1007@LowRes_0.png\",\"contentUrl\":\"https:\\\/\\\/districos.standingout.be\\\/wp-content\\\/uploads\\\/2025\\\/07\\\/1007@LowRes_0.png\",\"width\":600,\"height\":600},{\"@type\":\"BreadcrumbList\",\"@id\":\"https:\\\/\\\/districos.standingout.be\\\/fr\\\/product\\\/depileve-cire-aloe-vera-800-g-ref-1007\\\/#breadcrumb\",\"itemListElement\":[{\"@type\":\"ListItem\",\"position\":1,\"name\":\"Home\",\"item\":\"https:\\\/\\\/districos.standingout.be\\\/fr\\\/bienvenue-chez-districos\\\/\"},{\"@type\":\"ListItem\",\"position\":2,\"name\":\"Boutique\",\"item\":\"https:\\\/\\\/districos.standingout.be\\\/fr\\\/boutique\\\/\"},{\"@type\":\"ListItem\",\"position\":3,\"name\":\"Depil\u00e8ve Cire Aloe Vera 800 g\"}]},{\"@type\":\"WebSite\",\"@id\":\"https:\\\/\\\/districos.standingout.be\\\/fr\\\/#website\",\"url\":\"https:\\\/\\\/districos.standingout.be\\\/fr\\\/\",\"name\":\"Districos Webshop\",\"description\":\"\",\"publisher\":{\"@id\":\"https:\\\/\\\/districos.standingout.be\\\/fr\\\/#organization\"},\"potentialAction\":[{\"@type\":\"SearchAction\",\"target\":{\"@type\":\"EntryPoint\",\"urlTemplate\":\"https:\\\/\\\/districos.standingout.be\\\/fr\\\/?s={search_term_string}\"},\"query-input\":{\"@type\":\"PropertyValueSpecification\",\"valueRequired\":true,\"valueName\":\"search_term_string\"}}],\"inLanguage\":\"fr-FR\"},{\"@type\":\"Organization\",\"@id\":\"https:\\\/\\\/districos.standingout.be\\\/fr\\\/#organization\",\"name\":\"Districos Webshop\",\"url\":\"https:\\\/\\\/districos.standingout.be\\\/fr\\\/\",\"logo\":{\"@type\":\"ImageObject\",\"inLanguage\":\"fr-FR\",\"@id\":\"https:\\\/\\\/districos.standingout.be\\\/fr\\\/#\\\/schema\\\/logo\\\/image\\\/\",\"url\":\"https:\\\/\\\/districos.standingout.be\\\/wp-content\\\/uploads\\\/2022\\\/09\\\/Districos_Logo_Webshop.svg\",\"contentUrl\":\"https:\\\/\\\/districos.standingout.be\\\/wp-content\\\/uploads\\\/2022\\\/09\\\/Districos_Logo_Webshop.svg\",\"caption\":\"Districos Webshop\"},\"image\":{\"@id\":\"https:\\\/\\\/districos.standingout.be\\\/fr\\\/#\\\/schema\\\/logo\\\/image\\\/\"}}]}<\/script>\n<!-- \/ Yoast SEO plugin. -->","yoast_head_json":{"title":"Depil\u00e8ve Cire Aloe Vera 800 g - Districos Webshop","robots":{"index":"noindex","follow":"follow","max-snippet":"max-snippet:-1","max-image-preview":"max-image-preview:large","max-video-preview":"max-video-preview:-1"},"og_locale":"fr_FR","og_type":"article","og_title":"Depil\u00e8ve Cire Aloe Vera 800 g - Districos Webshop","og_description":"Cire verte transparente et liquide qui est enrichie en extraits d\u2019alo\u00e8s vera afin de r\u00e9duire la sensibilit\u00e9 lors de l\u2019\u00e9pilation. Cire liquide claire et sans parfum. Convient \u00e0 tous les types de peaux. Emballage&nbsp;: pot de 800 g \u00e0 mettre directement dans le chauffe-cire Depil\u00e8ve. Substances actives Aloe vera&nbsp;: se caract\u00e9rise par ses effets adoucissants, [&hellip;]","og_url":"https:\/\/districos.standingout.be\/fr\/product\/depileve-cire-aloe-vera-800-g-ref-1007\/","og_site_name":"Districos Webshop","article_modified_time":"2026-04-27T23:46:54+00:00","og_image":[{"width":600,"height":600,"url":"https:\/\/districos.standingout.be\/wp-content\/uploads\/2025\/07\/1007@LowRes_0.png","type":"image\/png"}],"twitter_card":"summary_large_image","twitter_misc":{"Dur\u00e9e de lecture estim\u00e9e":"1 minute"},"schema":{"@context":"https:\/\/schema.org","@graph":[{"@type":"WebPage","@id":"https:\/\/districos.standingout.be\/fr\/product\/depileve-cire-aloe-vera-800-g-ref-1007\/","url":"https:\/\/districos.standingout.be\/fr\/product\/depileve-cire-aloe-vera-800-g-ref-1007\/","name":"Depil\u00e8ve Cire Aloe Vera 800 g - Districos Webshop","isPartOf":{"@id":"https:\/\/districos.standingout.be\/fr\/#website"},"primaryImageOfPage":{"@id":"https:\/\/districos.standingout.be\/fr\/product\/depileve-cire-aloe-vera-800-g-ref-1007\/#primaryimage"},"image":{"@id":"https:\/\/districos.standingout.be\/fr\/product\/depileve-cire-aloe-vera-800-g-ref-1007\/#primaryimage"},"thumbnailUrl":"https:\/\/districos.standingout.be\/wp-content\/uploads\/2025\/07\/1007@LowRes_0.png","datePublished":"2026-04-27T23:46:51+00:00","dateModified":"2026-04-27T23:46:54+00:00","breadcrumb":{"@id":"https:\/\/districos.standingout.be\/fr\/product\/depileve-cire-aloe-vera-800-g-ref-1007\/#breadcrumb"},"inLanguage":"fr-FR","potentialAction":[{"@type":"ReadAction","target":["https:\/\/districos.standingout.be\/fr\/product\/depileve-cire-aloe-vera-800-g-ref-1007\/"]}]},{"@type":"ImageObject","inLanguage":"fr-FR","@id":"https:\/\/districos.standingout.be\/fr\/product\/depileve-cire-aloe-vera-800-g-ref-1007\/#primaryimage","url":"https:\/\/districos.standingout.be\/wp-content\/uploads\/2025\/07\/1007@LowRes_0.png","contentUrl":"https:\/\/districos.standingout.be\/wp-content\/uploads\/2025\/07\/1007@LowRes_0.png","width":600,"height":600},{"@type":"BreadcrumbList","@id":"https:\/\/districos.standingout.be\/fr\/product\/depileve-cire-aloe-vera-800-g-ref-1007\/#breadcrumb","itemListElement":[{"@type":"ListItem","position":1,"name":"Home","item":"https:\/\/districos.standingout.be\/fr\/bienvenue-chez-districos\/"},{"@type":"ListItem","position":2,"name":"Boutique","item":"https:\/\/districos.standingout.be\/fr\/boutique\/"},{"@type":"ListItem","position":3,"name":"Depil\u00e8ve Cire Aloe Vera 800 g"}]},{"@type":"WebSite","@id":"https:\/\/districos.standingout.be\/fr\/#website","url":"https:\/\/districos.standingout.be\/fr\/","name":"Districos Webshop","description":"","publisher":{"@id":"https:\/\/districos.standingout.be\/fr\/#organization"},"potentialAction":[{"@type":"SearchAction","target":{"@type":"EntryPoint","urlTemplate":"https:\/\/districos.standingout.be\/fr\/?s={search_term_string}"},"query-input":{"@type":"PropertyValueSpecification","valueRequired":true,"valueName":"search_term_string"}}],"inLanguage":"fr-FR"},{"@type":"Organization","@id":"https:\/\/districos.standingout.be\/fr\/#organization","name":"Districos Webshop","url":"https:\/\/districos.standingout.be\/fr\/","logo":{"@type":"ImageObject","inLanguage":"fr-FR","@id":"https:\/\/districos.standingout.be\/fr\/#\/schema\/logo\/image\/","url":"https:\/\/districos.standingout.be\/wp-content\/uploads\/2022\/09\/Districos_Logo_Webshop.svg","contentUrl":"https:\/\/districos.standingout.be\/wp-content\/uploads\/2022\/09\/Districos_Logo_Webshop.svg","caption":"Districos Webshop"},"image":{"@id":"https:\/\/districos.standingout.be\/fr\/#\/schema\/logo\/image\/"}}]}},"_links":{"self":[{"href":"https:\/\/districos.standingout.be\/fr\/wp-json\/wp\/v2\/product\/133654","targetHints":{"allow":["GET"]}}],"collection":[{"href":"https:\/\/districos.standingout.be\/fr\/wp-json\/wp\/v2\/product"}],"about":[{"href":"https:\/\/districos.standingout.be\/fr\/wp-json\/wp\/v2\/types\/product"}],"replies":[{"embeddable":true,"href":"https:\/\/districos.standingout.be\/fr\/wp-json\/wp\/v2\/comments?post=133654"}],"wp:featuredmedia":[{"embeddable":true,"href":"https:\/\/districos.standingout.be\/fr\/wp-json\/wp\/v2\/media\/69887"}],"wp:attachment":[{"href":"https:\/\/districos.standingout.be\/fr\/wp-json\/wp\/v2\/media?parent=133654"}],"wp:term":[{"taxonomy":"product_brand","embeddable":true,"href":"https:\/\/districos.standingout.be\/fr\/wp-json\/wp\/v2\/product_brand?post=133654"},{"taxonomy":"product_cat","embeddable":true,"href":"https:\/\/districos.standingout.be\/fr\/wp-json\/wp\/v2\/product_cat?post=133654"},{"taxonomy":"product_tag","embeddable":true,"href":"https:\/\/districos.standingout.be\/fr\/wp-json\/wp\/v2\/product_tag?post=133654"}],"curies":[{"name":"wp","href":"https:\/\/api.w.org\/{rel}","templated":true}]}}