{"id":133666,"date":"2026-04-28T01:47:13","date_gmt":"2026-04-27T23:47:13","guid":{"rendered":"https:\/\/webshopdistricoscom.webhosting.be\/product\/depileve-waxceutical-cire-pelliculable-dna-crystal-5-kg-ref-1018-05\/"},"modified":"2026-04-28T01:47:16","modified_gmt":"2026-04-27T23:47:16","slug":"depileve-waxceutical-cire-pelliculable-dna-crystal-5-kg-ref-1018-05","status":"publish","type":"product","link":"https:\/\/districos.standingout.be\/fr\/product\/depileve-waxceutical-cire-pelliculable-dna-crystal-5-kg-ref-1018-05\/","title":{"rendered":"Depil\u00e8ve Waxceutical Cire Pelliculable DNA Crystal 5 kg"},"content":{"rendered":"<p >\n<\/p>\n<\/p>\n<\/p>\n<p><span lang=\"FR\">Nouvelle cire pelliculable r\u00e9volutionnaire qui combine un soin de peau rajeunissant avec une \u00e9pilation \u00e0 la cire pelliculable Depil\u00e8ve presque indolore et pourtant tr\u00e8s efficace. La cire cr\u00e9e un masque occlusif sur la peau du visage, ce qui aide les ingr\u00e9dients actifs \u00e0 p\u00e9n\u00e9trer plus profond\u00e9ment par rapport aux autres masques.<o:p><\/o:p><\/span><\/p>\n<\/p>\n<ul>\n<li><span lang=\"FR\">Change de couleur selon la temp\u00e9rature&nbsp;: lorsqu\u2019on la pose, la cire est d\u2019un pourpre transparent et intense. Lorsque la cire prend une couleur lilas clair, cela indique que le masque est sec et que la bande de cire est pr\u00eate \u00e0 \u00eatre retir\u00e9e.<\/span><\/li>\n<li><span lang=\"FR\">Position recommand\u00e9e du thermostat du Neo Chauffe-Cire Depil\u00e8ve : 3,5 \u00e0 5.<\/span><\/li>\n<li><span lang=\"FR\">Emballage : sachet de 5 kg.<\/span><\/li>\n<li><span lang=\"FR\">Aussi disponible en pot de 400 g (<u><a href=\"https:\/\/districos.com\/ProductDetail\/1018.01\" target=\"_blank\" rel=\"noopener noreferrer nofollow\">r\u00e9f. 1018.01<\/a><\/u>) et de 800 g (<u><a href=\"https:\/\/webshop.districos.com\/ProductDetail\/1018.02\" target=\"_blank\" rel=\"noopener noreferrer nofollow\">r\u00e9f. 1018.02<\/a><\/u>).<\/span><\/li>\n<\/ul>\n<p><span lang=\"FR\"><b>Substances actives<\/b><o:p><\/o:p><\/span><\/p>\n<p><span lang=\"FR\">Le DNA Crystal Film Wax est enrichi en coenzyme Q10, Natural Moisturising Factor et en filaments d\u2019ADN pour une hydratation et un soin intenses de la peau, pour une peau douce, nourrie, \u00e9clatante et r\u00e9g\u00e9n\u00e9r\u00e9e.<\/span><\/p>\n<p><span lang=\"FR\"><b>Action<\/b><o:p><\/o:p><\/span><\/p>\n<\/p>\n<ul>\n<li><span lang=\"FR\">Enl\u00e8ve les poils de mani\u00e8re douce et efficace et est id\u00e9ale pour les peaux les plus sensibles.<\/span><\/li>\n<li><span lang=\"FR\">Dilate les pores pour favoriser l\u2019absorption des ingr\u00e9dients actifs contenus dans la cire et des soins appliqu\u00e9s avant la cire.<\/span><\/li>\n<li><span lang=\"FR\">Enl\u00e8ve les cellules mortes de l\u2019\u00e9piderme pour une peau douce et lisse.<\/span><\/li>\n<li><span lang=\"FR\">Agit comme un masque osmotique, hydrate la peau et favorise l\u2019absorption des ingr\u00e9dients actifs.<\/span><\/li>\n<li><span lang=\"FR\"> Augmente la circulation sanguine, nourrit, r\u00e9pare et revitalise la peau.<\/span><\/li>\n<\/ul>\n<p><span lang=\"FR\"><b>CONSEIL&nbsp;<\/b>: Utilisez en combinaison <\/span><span lang=\"FR\">avec le&nbsp;<\/span><span>Waxceutical DNA Rejuvenating Serum 100 ml&nbsp;<\/span><span>(<a href=\"https:\/\/webshop.districos.com\/ProductDetail\/1018.16\" target=\"_blank\" rel=\"noopener noreferrer nofollow\">r\u00e9f. 1018.16<\/a>)&nbsp;<\/span><span>pour un meilleur r\u00e9sultat.<\/span><\/p>\n","protected":false},"excerpt":{"rendered":"<p>Nouvelle cire pelliculable r\u00e9volutionnaire qui combine un soin de peau rajeunissant avec une \u00e9pilation \u00e0 la cire pelliculable Depil\u00e8ve presque indolore et pourtant tr\u00e8s efficace. La cire cr\u00e9e un masque occlusif sur la peau du visage, ce qui aide les ingr\u00e9dients actifs \u00e0 p\u00e9n\u00e9trer plus profond\u00e9ment par rapport aux autres masques. Change de couleur selon [&hellip;]<\/p>\n","protected":false},"featured_media":143289,"comment_status":"open","ping_status":"closed","template":"","meta":{"_acf_changed":false},"product_brand":[10606],"product_cat":[9914],"product_tag":[],"class_list":{"0":"post-133666","1":"product","2":"type-product","3":"status-publish","4":"has-post-thumbnail","6":"product_brand-waxceutical-fr","7":"product_cat-beaute-epilation-cire-pelliculable","9":"first","10":"instock","11":"taxable","12":"shipping-taxable","13":"product-type-simple"},"acf":[],"yoast_head":"<!-- This site is optimized with the Yoast SEO plugin v27.3 - https:\/\/yoast.com\/product\/yoast-seo-wordpress\/ -->\n<title>Depil\u00e8ve Waxceutical Cire Pelliculable DNA Crystal 5 kg - Districos Webshop<\/title>\n<meta name=\"robots\" content=\"noindex, follow, max-snippet:-1, max-image-preview:large, max-video-preview:-1\" \/>\n<meta property=\"og:locale\" content=\"fr_FR\" \/>\n<meta property=\"og:type\" content=\"article\" \/>\n<meta property=\"og:title\" content=\"Depil\u00e8ve Waxceutical Cire Pelliculable DNA Crystal 5 kg - Districos Webshop\" \/>\n<meta property=\"og:description\" content=\"Nouvelle cire pelliculable r\u00e9volutionnaire qui combine un soin de peau rajeunissant avec une \u00e9pilation \u00e0 la cire pelliculable Depil\u00e8ve presque indolore et pourtant tr\u00e8s efficace. La cire cr\u00e9e un masque occlusif sur la peau du visage, ce qui aide les ingr\u00e9dients actifs \u00e0 p\u00e9n\u00e9trer plus profond\u00e9ment par rapport aux autres masques. Change de couleur selon [&hellip;]\" \/>\n<meta property=\"og:url\" content=\"https:\/\/districos.standingout.be\/fr\/product\/depileve-waxceutical-cire-pelliculable-dna-crystal-5-kg-ref-1018-05\/\" \/>\n<meta property=\"og:site_name\" content=\"Districos Webshop\" \/>\n<meta property=\"article:modified_time\" content=\"2026-04-27T23:47:16+00:00\" \/>\n<meta property=\"og:image\" content=\"https:\/\/districos.standingout.be\/wp-content\/uploads\/2026\/04\/1018.05@Depileve-Waxceutical-DNA-Crystal-Filmhars-5-kg_1.png\" \/>\n\t<meta property=\"og:image:width\" content=\"600\" \/>\n\t<meta property=\"og:image:height\" content=\"600\" \/>\n\t<meta property=\"og:image:type\" content=\"image\/png\" \/>\n<meta name=\"twitter:card\" content=\"summary_large_image\" \/>\n<meta name=\"twitter:label1\" content=\"Dur\u00e9e de lecture estim\u00e9e\" \/>\n\t<meta name=\"twitter:data1\" content=\"1 minute\" \/>\n<script type=\"application\/ld+json\" class=\"yoast-schema-graph\">{\"@context\":\"https:\\\/\\\/schema.org\",\"@graph\":[{\"@type\":\"WebPage\",\"@id\":\"https:\\\/\\\/districos.standingout.be\\\/fr\\\/product\\\/depileve-waxceutical-cire-pelliculable-dna-crystal-5-kg-ref-1018-05\\\/\",\"url\":\"https:\\\/\\\/districos.standingout.be\\\/fr\\\/product\\\/depileve-waxceutical-cire-pelliculable-dna-crystal-5-kg-ref-1018-05\\\/\",\"name\":\"Depil\u00e8ve Waxceutical Cire Pelliculable DNA Crystal 5 kg - Districos Webshop\",\"isPartOf\":{\"@id\":\"https:\\\/\\\/districos.standingout.be\\\/fr\\\/#website\"},\"primaryImageOfPage\":{\"@id\":\"https:\\\/\\\/districos.standingout.be\\\/fr\\\/product\\\/depileve-waxceutical-cire-pelliculable-dna-crystal-5-kg-ref-1018-05\\\/#primaryimage\"},\"image\":{\"@id\":\"https:\\\/\\\/districos.standingout.be\\\/fr\\\/product\\\/depileve-waxceutical-cire-pelliculable-dna-crystal-5-kg-ref-1018-05\\\/#primaryimage\"},\"thumbnailUrl\":\"https:\\\/\\\/districos.standingout.be\\\/wp-content\\\/uploads\\\/2026\\\/04\\\/1018.05@Depileve-Waxceutical-DNA-Crystal-Filmhars-5-kg_1-1.png\",\"datePublished\":\"2026-04-27T23:47:13+00:00\",\"dateModified\":\"2026-04-27T23:47:16+00:00\",\"breadcrumb\":{\"@id\":\"https:\\\/\\\/districos.standingout.be\\\/fr\\\/product\\\/depileve-waxceutical-cire-pelliculable-dna-crystal-5-kg-ref-1018-05\\\/#breadcrumb\"},\"inLanguage\":\"fr-FR\",\"potentialAction\":[{\"@type\":\"ReadAction\",\"target\":[\"https:\\\/\\\/districos.standingout.be\\\/fr\\\/product\\\/depileve-waxceutical-cire-pelliculable-dna-crystal-5-kg-ref-1018-05\\\/\"]}]},{\"@type\":\"ImageObject\",\"inLanguage\":\"fr-FR\",\"@id\":\"https:\\\/\\\/districos.standingout.be\\\/fr\\\/product\\\/depileve-waxceutical-cire-pelliculable-dna-crystal-5-kg-ref-1018-05\\\/#primaryimage\",\"url\":\"https:\\\/\\\/districos.standingout.be\\\/wp-content\\\/uploads\\\/2026\\\/04\\\/1018.05@Depileve-Waxceutical-DNA-Crystal-Filmhars-5-kg_1-1.png\",\"contentUrl\":\"https:\\\/\\\/districos.standingout.be\\\/wp-content\\\/uploads\\\/2026\\\/04\\\/1018.05@Depileve-Waxceutical-DNA-Crystal-Filmhars-5-kg_1-1.png\",\"width\":600,\"height\":600},{\"@type\":\"BreadcrumbList\",\"@id\":\"https:\\\/\\\/districos.standingout.be\\\/fr\\\/product\\\/depileve-waxceutical-cire-pelliculable-dna-crystal-5-kg-ref-1018-05\\\/#breadcrumb\",\"itemListElement\":[{\"@type\":\"ListItem\",\"position\":1,\"name\":\"Home\",\"item\":\"https:\\\/\\\/districos.standingout.be\\\/fr\\\/bienvenue-chez-districos\\\/\"},{\"@type\":\"ListItem\",\"position\":2,\"name\":\"Boutique\",\"item\":\"https:\\\/\\\/districos.standingout.be\\\/fr\\\/boutique\\\/\"},{\"@type\":\"ListItem\",\"position\":3,\"name\":\"Depil\u00e8ve Waxceutical Cire Pelliculable DNA Crystal 5 kg\"}]},{\"@type\":\"WebSite\",\"@id\":\"https:\\\/\\\/districos.standingout.be\\\/fr\\\/#website\",\"url\":\"https:\\\/\\\/districos.standingout.be\\\/fr\\\/\",\"name\":\"Districos Webshop\",\"description\":\"\",\"publisher\":{\"@id\":\"https:\\\/\\\/districos.standingout.be\\\/fr\\\/#organization\"},\"potentialAction\":[{\"@type\":\"SearchAction\",\"target\":{\"@type\":\"EntryPoint\",\"urlTemplate\":\"https:\\\/\\\/districos.standingout.be\\\/fr\\\/?s={search_term_string}\"},\"query-input\":{\"@type\":\"PropertyValueSpecification\",\"valueRequired\":true,\"valueName\":\"search_term_string\"}}],\"inLanguage\":\"fr-FR\"},{\"@type\":\"Organization\",\"@id\":\"https:\\\/\\\/districos.standingout.be\\\/fr\\\/#organization\",\"name\":\"Districos Webshop\",\"url\":\"https:\\\/\\\/districos.standingout.be\\\/fr\\\/\",\"logo\":{\"@type\":\"ImageObject\",\"inLanguage\":\"fr-FR\",\"@id\":\"https:\\\/\\\/districos.standingout.be\\\/fr\\\/#\\\/schema\\\/logo\\\/image\\\/\",\"url\":\"https:\\\/\\\/districos.standingout.be\\\/wp-content\\\/uploads\\\/2022\\\/09\\\/Districos_Logo_Webshop.svg\",\"contentUrl\":\"https:\\\/\\\/districos.standingout.be\\\/wp-content\\\/uploads\\\/2022\\\/09\\\/Districos_Logo_Webshop.svg\",\"caption\":\"Districos Webshop\"},\"image\":{\"@id\":\"https:\\\/\\\/districos.standingout.be\\\/fr\\\/#\\\/schema\\\/logo\\\/image\\\/\"}}]}<\/script>\n<!-- \/ Yoast SEO plugin. -->","yoast_head_json":{"title":"Depil\u00e8ve Waxceutical Cire Pelliculable DNA Crystal 5 kg - Districos Webshop","robots":{"index":"noindex","follow":"follow","max-snippet":"max-snippet:-1","max-image-preview":"max-image-preview:large","max-video-preview":"max-video-preview:-1"},"og_locale":"fr_FR","og_type":"article","og_title":"Depil\u00e8ve Waxceutical Cire Pelliculable DNA Crystal 5 kg - Districos Webshop","og_description":"Nouvelle cire pelliculable r\u00e9volutionnaire qui combine un soin de peau rajeunissant avec une \u00e9pilation \u00e0 la cire pelliculable Depil\u00e8ve presque indolore et pourtant tr\u00e8s efficace. La cire cr\u00e9e un masque occlusif sur la peau du visage, ce qui aide les ingr\u00e9dients actifs \u00e0 p\u00e9n\u00e9trer plus profond\u00e9ment par rapport aux autres masques. Change de couleur selon [&hellip;]","og_url":"https:\/\/districos.standingout.be\/fr\/product\/depileve-waxceutical-cire-pelliculable-dna-crystal-5-kg-ref-1018-05\/","og_site_name":"Districos Webshop","article_modified_time":"2026-04-27T23:47:16+00:00","og_image":[{"width":600,"height":600,"url":"https:\/\/districos.standingout.be\/wp-content\/uploads\/2026\/04\/1018.05@Depileve-Waxceutical-DNA-Crystal-Filmhars-5-kg_1.png","type":"image\/png"}],"twitter_card":"summary_large_image","twitter_misc":{"Dur\u00e9e de lecture estim\u00e9e":"1 minute"},"schema":{"@context":"https:\/\/schema.org","@graph":[{"@type":"WebPage","@id":"https:\/\/districos.standingout.be\/fr\/product\/depileve-waxceutical-cire-pelliculable-dna-crystal-5-kg-ref-1018-05\/","url":"https:\/\/districos.standingout.be\/fr\/product\/depileve-waxceutical-cire-pelliculable-dna-crystal-5-kg-ref-1018-05\/","name":"Depil\u00e8ve Waxceutical Cire Pelliculable DNA Crystal 5 kg - Districos Webshop","isPartOf":{"@id":"https:\/\/districos.standingout.be\/fr\/#website"},"primaryImageOfPage":{"@id":"https:\/\/districos.standingout.be\/fr\/product\/depileve-waxceutical-cire-pelliculable-dna-crystal-5-kg-ref-1018-05\/#primaryimage"},"image":{"@id":"https:\/\/districos.standingout.be\/fr\/product\/depileve-waxceutical-cire-pelliculable-dna-crystal-5-kg-ref-1018-05\/#primaryimage"},"thumbnailUrl":"https:\/\/districos.standingout.be\/wp-content\/uploads\/2026\/04\/1018.05@Depileve-Waxceutical-DNA-Crystal-Filmhars-5-kg_1-1.png","datePublished":"2026-04-27T23:47:13+00:00","dateModified":"2026-04-27T23:47:16+00:00","breadcrumb":{"@id":"https:\/\/districos.standingout.be\/fr\/product\/depileve-waxceutical-cire-pelliculable-dna-crystal-5-kg-ref-1018-05\/#breadcrumb"},"inLanguage":"fr-FR","potentialAction":[{"@type":"ReadAction","target":["https:\/\/districos.standingout.be\/fr\/product\/depileve-waxceutical-cire-pelliculable-dna-crystal-5-kg-ref-1018-05\/"]}]},{"@type":"ImageObject","inLanguage":"fr-FR","@id":"https:\/\/districos.standingout.be\/fr\/product\/depileve-waxceutical-cire-pelliculable-dna-crystal-5-kg-ref-1018-05\/#primaryimage","url":"https:\/\/districos.standingout.be\/wp-content\/uploads\/2026\/04\/1018.05@Depileve-Waxceutical-DNA-Crystal-Filmhars-5-kg_1-1.png","contentUrl":"https:\/\/districos.standingout.be\/wp-content\/uploads\/2026\/04\/1018.05@Depileve-Waxceutical-DNA-Crystal-Filmhars-5-kg_1-1.png","width":600,"height":600},{"@type":"BreadcrumbList","@id":"https:\/\/districos.standingout.be\/fr\/product\/depileve-waxceutical-cire-pelliculable-dna-crystal-5-kg-ref-1018-05\/#breadcrumb","itemListElement":[{"@type":"ListItem","position":1,"name":"Home","item":"https:\/\/districos.standingout.be\/fr\/bienvenue-chez-districos\/"},{"@type":"ListItem","position":2,"name":"Boutique","item":"https:\/\/districos.standingout.be\/fr\/boutique\/"},{"@type":"ListItem","position":3,"name":"Depil\u00e8ve Waxceutical Cire Pelliculable DNA Crystal 5 kg"}]},{"@type":"WebSite","@id":"https:\/\/districos.standingout.be\/fr\/#website","url":"https:\/\/districos.standingout.be\/fr\/","name":"Districos Webshop","description":"","publisher":{"@id":"https:\/\/districos.standingout.be\/fr\/#organization"},"potentialAction":[{"@type":"SearchAction","target":{"@type":"EntryPoint","urlTemplate":"https:\/\/districos.standingout.be\/fr\/?s={search_term_string}"},"query-input":{"@type":"PropertyValueSpecification","valueRequired":true,"valueName":"search_term_string"}}],"inLanguage":"fr-FR"},{"@type":"Organization","@id":"https:\/\/districos.standingout.be\/fr\/#organization","name":"Districos Webshop","url":"https:\/\/districos.standingout.be\/fr\/","logo":{"@type":"ImageObject","inLanguage":"fr-FR","@id":"https:\/\/districos.standingout.be\/fr\/#\/schema\/logo\/image\/","url":"https:\/\/districos.standingout.be\/wp-content\/uploads\/2022\/09\/Districos_Logo_Webshop.svg","contentUrl":"https:\/\/districos.standingout.be\/wp-content\/uploads\/2022\/09\/Districos_Logo_Webshop.svg","caption":"Districos Webshop"},"image":{"@id":"https:\/\/districos.standingout.be\/fr\/#\/schema\/logo\/image\/"}}]}},"_links":{"self":[{"href":"https:\/\/districos.standingout.be\/fr\/wp-json\/wp\/v2\/product\/133666","targetHints":{"allow":["GET"]}}],"collection":[{"href":"https:\/\/districos.standingout.be\/fr\/wp-json\/wp\/v2\/product"}],"about":[{"href":"https:\/\/districos.standingout.be\/fr\/wp-json\/wp\/v2\/types\/product"}],"replies":[{"embeddable":true,"href":"https:\/\/districos.standingout.be\/fr\/wp-json\/wp\/v2\/comments?post=133666"}],"wp:featuredmedia":[{"embeddable":true,"href":"https:\/\/districos.standingout.be\/fr\/wp-json\/wp\/v2\/media\/143289"}],"wp:attachment":[{"href":"https:\/\/districos.standingout.be\/fr\/wp-json\/wp\/v2\/media?parent=133666"}],"wp:term":[{"taxonomy":"product_brand","embeddable":true,"href":"https:\/\/districos.standingout.be\/fr\/wp-json\/wp\/v2\/product_brand?post=133666"},{"taxonomy":"product_cat","embeddable":true,"href":"https:\/\/districos.standingout.be\/fr\/wp-json\/wp\/v2\/product_cat?post=133666"},{"taxonomy":"product_tag","embeddable":true,"href":"https:\/\/districos.standingout.be\/fr\/wp-json\/wp\/v2\/product_tag?post=133666"}],"curies":[{"name":"wp","href":"https:\/\/api.w.org\/{rel}","templated":true}]}}