{"id":133668,"date":"2026-04-28T01:47:16","date_gmt":"2026-04-27T23:47:16","guid":{"rendered":"https:\/\/webshopdistricoscom.webhosting.be\/product\/depileve-waxceutical-dna-rejuvenating-serum-100-ml-ref-1018-16-2\/"},"modified":"2026-04-28T01:47:18","modified_gmt":"2026-04-27T23:47:18","slug":"depileve-waxceutical-dna-rejuvenating-serum-100-ml-ref-1018-16","status":"publish","type":"product","link":"https:\/\/districos.standingout.be\/fr\/product\/depileve-waxceutical-dna-rejuvenating-serum-100-ml-ref-1018-16\/","title":{"rendered":"Depil\u00e8ve Waxceutical DNA Rejuvenating Serum 100 ml"},"content":{"rendered":"<p >\n<\/p>\n<\/p>\n<\/p>\n<\/p>\n<\/p>\n<\/p>\n<\/p>\n<p><span lang=\"FR\"><b>S\u00e9rum nourrissant avec des propri\u00e9t\u00e9s anti-\u00e2ge<\/b><\/span><\/p>\n<p><span lang=\"FR\">S\u00e9rum pour le soin de la peau sensible sous les sourcils, du visage et du bikini. La structure mol\u00e9culaire des ingr\u00e9dients actifs et l\u2019effet occlusif du Waxceutical DNA Crystal Film Wax favorisent l\u2019absorption de ces ingr\u00e9dients actifs jusque dans les couches les plus profondes de l\u2019\u00e9piderme.<\/span><\/p>\n<p><span lang=\"FR\"><b>Substances actives<\/b><o:p><\/o:p><\/span><\/p>\n<\/p>\n<ul>\n<li><span lang=\"FR\">La coenzyme Q10 est un antioxydant naturel qui raffermit la peau.<\/span><\/li>\n<li><span lang=\"FR\">NMF (Natural Moisturising Factor) est un complexe naturel d\u2019acides amin\u00e9s, d\u2019acides lactiques et d\u2019ur\u00e9e pour une hydratation maximale.<\/span><\/li>\n<li><span lang=\"FR\">Les filaments d\u2019ADN stimulent les cellules cutan\u00e9es en les prot\u00e9geant de l\u2019int\u00e9rieur pour un effet rajeunissant sur la peau.<\/span><\/li>\n<\/ul>\n<p><span lang=\"FR\"><b>Action<\/b><o:p><\/o:p><\/span><\/p>\n<\/p>\n<ul>\n<li><span lang=\"FR\">Hydrate en profondeur, comble les rides et augmente l\u2019\u00e9lasticit\u00e9 de la peau.<\/span><\/li>\n<li><span lang=\"FR\"> Augmente la vitalit\u00e9.<\/span><\/li>\n<li><span>Favorise la r\u00e9paration cutan\u00e9e.<\/span><\/li>\n<li><span lang=\"FR\"> Raffermit et red\u00e9finit les contours du visage.<\/span><\/li>\n<li><span lang=\"FR\"> Raffermit la peau.<\/span><\/li>\n<li><span lang=\"FR\"> Pr\u00e9vient l\u2019apparition des signes de vieillissement cutan\u00e9.<\/span><\/li>\n<\/ul>\n<p><span lang=\"FR\"><b>CONSEIL&nbsp;<\/b>: Utilisez ce s\u00e9rum en combinaison avec le Waxceutical Cire Pelliculable DNA Crystal (<u><a href=\"https:\/\/districos.com\/ProductDetail\/1018.01\" target=\"_blank\" rel=\"noopener noreferrer nofollow\">r\u00e9f. 1018.01<\/a><\/u> ou <u><a href=\"https:\/\/districos.com\/ProductDetail\/1018.02\" target=\"_blank\" rel=\"noopener noreferrer nofollow\">1018.02<\/a><\/u>) ou\/et avec le Waxceutical DNA Thermo Mask (<a href=\"https:\/\/webshop.districos.com\/ProductDetail\/1018.17\" target=\"_blank\" rel=\"noopener noreferrer nofollow\">r\u00e9f. 1018.17<\/a>) pour un meilleur r\u00e9sultat.<o:p><\/o:p><\/span><\/p>\n","protected":false},"excerpt":{"rendered":"<p>S\u00e9rum nourrissant avec des propri\u00e9t\u00e9s anti-\u00e2ge S\u00e9rum pour le soin de la peau sensible sous les sourcils, du visage et du bikini. La structure mol\u00e9culaire des ingr\u00e9dients actifs et l\u2019effet occlusif du Waxceutical DNA Crystal Film Wax favorisent l\u2019absorption de ces ingr\u00e9dients actifs jusque dans les couches les plus profondes de l\u2019\u00e9piderme. Substances actives La [&hellip;]<\/p>\n","protected":false},"featured_media":69911,"comment_status":"open","ping_status":"closed","template":"","meta":{"_acf_changed":false},"product_brand":[10606],"product_cat":[9922],"product_tag":[],"class_list":{"0":"post-133668","1":"product","2":"type-product","3":"status-publish","4":"has-post-thumbnail","6":"product_brand-waxceutical-fr","7":"product_cat-beaute-epilation-soins-pre-post-epilation","9":"first","10":"instock","11":"taxable","12":"shipping-taxable","13":"product-type-simple"},"acf":[],"yoast_head":"<!-- This site is optimized with the Yoast SEO plugin v27.3 - https:\/\/yoast.com\/product\/yoast-seo-wordpress\/ -->\n<title>Depil\u00e8ve Waxceutical DNA Rejuvenating Serum 100 ml - Districos Webshop<\/title>\n<meta name=\"robots\" content=\"noindex, follow, max-snippet:-1, max-image-preview:large, max-video-preview:-1\" \/>\n<meta property=\"og:locale\" content=\"fr_FR\" \/>\n<meta property=\"og:type\" content=\"article\" \/>\n<meta property=\"og:title\" content=\"Depil\u00e8ve Waxceutical DNA Rejuvenating Serum 100 ml - Districos Webshop\" \/>\n<meta property=\"og:description\" content=\"S\u00e9rum nourrissant avec des propri\u00e9t\u00e9s anti-\u00e2ge S\u00e9rum pour le soin de la peau sensible sous les sourcils, du visage et du bikini. La structure mol\u00e9culaire des ingr\u00e9dients actifs et l\u2019effet occlusif du Waxceutical DNA Crystal Film Wax favorisent l\u2019absorption de ces ingr\u00e9dients actifs jusque dans les couches les plus profondes de l\u2019\u00e9piderme. Substances actives La [&hellip;]\" \/>\n<meta property=\"og:url\" content=\"https:\/\/districos.standingout.be\/fr\/product\/depileve-waxceutical-dna-rejuvenating-serum-100-ml-ref-1018-16\/\" \/>\n<meta property=\"og:site_name\" content=\"Districos Webshop\" \/>\n<meta property=\"article:modified_time\" content=\"2026-04-27T23:47:18+00:00\" \/>\n<meta property=\"og:image\" content=\"https:\/\/districos.standingout.be\/wp-content\/uploads\/2025\/07\/1018.16@LowRes_1.png\" \/>\n\t<meta property=\"og:image:width\" content=\"600\" \/>\n\t<meta property=\"og:image:height\" content=\"600\" \/>\n\t<meta property=\"og:image:type\" content=\"image\/png\" \/>\n<meta name=\"twitter:card\" content=\"summary_large_image\" \/>\n<meta name=\"twitter:label1\" content=\"Dur\u00e9e de lecture estim\u00e9e\" \/>\n\t<meta name=\"twitter:data1\" content=\"1 minute\" \/>\n<script type=\"application\/ld+json\" class=\"yoast-schema-graph\">{\"@context\":\"https:\\\/\\\/schema.org\",\"@graph\":[{\"@type\":\"WebPage\",\"@id\":\"https:\\\/\\\/districos.standingout.be\\\/fr\\\/product\\\/depileve-waxceutical-dna-rejuvenating-serum-100-ml-ref-1018-16\\\/\",\"url\":\"https:\\\/\\\/districos.standingout.be\\\/fr\\\/product\\\/depileve-waxceutical-dna-rejuvenating-serum-100-ml-ref-1018-16\\\/\",\"name\":\"Depil\u00e8ve Waxceutical DNA Rejuvenating Serum 100 ml - Districos Webshop\",\"isPartOf\":{\"@id\":\"https:\\\/\\\/districos.standingout.be\\\/fr\\\/#website\"},\"primaryImageOfPage\":{\"@id\":\"https:\\\/\\\/districos.standingout.be\\\/fr\\\/product\\\/depileve-waxceutical-dna-rejuvenating-serum-100-ml-ref-1018-16\\\/#primaryimage\"},\"image\":{\"@id\":\"https:\\\/\\\/districos.standingout.be\\\/fr\\\/product\\\/depileve-waxceutical-dna-rejuvenating-serum-100-ml-ref-1018-16\\\/#primaryimage\"},\"thumbnailUrl\":\"https:\\\/\\\/districos.standingout.be\\\/wp-content\\\/uploads\\\/2025\\\/07\\\/1018.16@LowRes_1.png\",\"datePublished\":\"2026-04-27T23:47:16+00:00\",\"dateModified\":\"2026-04-27T23:47:18+00:00\",\"breadcrumb\":{\"@id\":\"https:\\\/\\\/districos.standingout.be\\\/fr\\\/product\\\/depileve-waxceutical-dna-rejuvenating-serum-100-ml-ref-1018-16\\\/#breadcrumb\"},\"inLanguage\":\"fr-FR\",\"potentialAction\":[{\"@type\":\"ReadAction\",\"target\":[\"https:\\\/\\\/districos.standingout.be\\\/fr\\\/product\\\/depileve-waxceutical-dna-rejuvenating-serum-100-ml-ref-1018-16\\\/\"]}]},{\"@type\":\"ImageObject\",\"inLanguage\":\"fr-FR\",\"@id\":\"https:\\\/\\\/districos.standingout.be\\\/fr\\\/product\\\/depileve-waxceutical-dna-rejuvenating-serum-100-ml-ref-1018-16\\\/#primaryimage\",\"url\":\"https:\\\/\\\/districos.standingout.be\\\/wp-content\\\/uploads\\\/2025\\\/07\\\/1018.16@LowRes_1.png\",\"contentUrl\":\"https:\\\/\\\/districos.standingout.be\\\/wp-content\\\/uploads\\\/2025\\\/07\\\/1018.16@LowRes_1.png\",\"width\":600,\"height\":600},{\"@type\":\"BreadcrumbList\",\"@id\":\"https:\\\/\\\/districos.standingout.be\\\/fr\\\/product\\\/depileve-waxceutical-dna-rejuvenating-serum-100-ml-ref-1018-16\\\/#breadcrumb\",\"itemListElement\":[{\"@type\":\"ListItem\",\"position\":1,\"name\":\"Home\",\"item\":\"https:\\\/\\\/districos.standingout.be\\\/fr\\\/bienvenue-chez-districos\\\/\"},{\"@type\":\"ListItem\",\"position\":2,\"name\":\"Boutique\",\"item\":\"https:\\\/\\\/districos.standingout.be\\\/fr\\\/boutique\\\/\"},{\"@type\":\"ListItem\",\"position\":3,\"name\":\"Depil\u00e8ve Waxceutical DNA Rejuvenating Serum 100 ml\"}]},{\"@type\":\"WebSite\",\"@id\":\"https:\\\/\\\/districos.standingout.be\\\/fr\\\/#website\",\"url\":\"https:\\\/\\\/districos.standingout.be\\\/fr\\\/\",\"name\":\"Districos Webshop\",\"description\":\"\",\"publisher\":{\"@id\":\"https:\\\/\\\/districos.standingout.be\\\/fr\\\/#organization\"},\"potentialAction\":[{\"@type\":\"SearchAction\",\"target\":{\"@type\":\"EntryPoint\",\"urlTemplate\":\"https:\\\/\\\/districos.standingout.be\\\/fr\\\/?s={search_term_string}\"},\"query-input\":{\"@type\":\"PropertyValueSpecification\",\"valueRequired\":true,\"valueName\":\"search_term_string\"}}],\"inLanguage\":\"fr-FR\"},{\"@type\":\"Organization\",\"@id\":\"https:\\\/\\\/districos.standingout.be\\\/fr\\\/#organization\",\"name\":\"Districos Webshop\",\"url\":\"https:\\\/\\\/districos.standingout.be\\\/fr\\\/\",\"logo\":{\"@type\":\"ImageObject\",\"inLanguage\":\"fr-FR\",\"@id\":\"https:\\\/\\\/districos.standingout.be\\\/fr\\\/#\\\/schema\\\/logo\\\/image\\\/\",\"url\":\"https:\\\/\\\/districos.standingout.be\\\/wp-content\\\/uploads\\\/2022\\\/09\\\/Districos_Logo_Webshop.svg\",\"contentUrl\":\"https:\\\/\\\/districos.standingout.be\\\/wp-content\\\/uploads\\\/2022\\\/09\\\/Districos_Logo_Webshop.svg\",\"caption\":\"Districos Webshop\"},\"image\":{\"@id\":\"https:\\\/\\\/districos.standingout.be\\\/fr\\\/#\\\/schema\\\/logo\\\/image\\\/\"}}]}<\/script>\n<!-- \/ Yoast SEO plugin. -->","yoast_head_json":{"title":"Depil\u00e8ve Waxceutical DNA Rejuvenating Serum 100 ml - Districos Webshop","robots":{"index":"noindex","follow":"follow","max-snippet":"max-snippet:-1","max-image-preview":"max-image-preview:large","max-video-preview":"max-video-preview:-1"},"og_locale":"fr_FR","og_type":"article","og_title":"Depil\u00e8ve Waxceutical DNA Rejuvenating Serum 100 ml - Districos Webshop","og_description":"S\u00e9rum nourrissant avec des propri\u00e9t\u00e9s anti-\u00e2ge S\u00e9rum pour le soin de la peau sensible sous les sourcils, du visage et du bikini. La structure mol\u00e9culaire des ingr\u00e9dients actifs et l\u2019effet occlusif du Waxceutical DNA Crystal Film Wax favorisent l\u2019absorption de ces ingr\u00e9dients actifs jusque dans les couches les plus profondes de l\u2019\u00e9piderme. Substances actives La [&hellip;]","og_url":"https:\/\/districos.standingout.be\/fr\/product\/depileve-waxceutical-dna-rejuvenating-serum-100-ml-ref-1018-16\/","og_site_name":"Districos Webshop","article_modified_time":"2026-04-27T23:47:18+00:00","og_image":[{"width":600,"height":600,"url":"https:\/\/districos.standingout.be\/wp-content\/uploads\/2025\/07\/1018.16@LowRes_1.png","type":"image\/png"}],"twitter_card":"summary_large_image","twitter_misc":{"Dur\u00e9e de lecture estim\u00e9e":"1 minute"},"schema":{"@context":"https:\/\/schema.org","@graph":[{"@type":"WebPage","@id":"https:\/\/districos.standingout.be\/fr\/product\/depileve-waxceutical-dna-rejuvenating-serum-100-ml-ref-1018-16\/","url":"https:\/\/districos.standingout.be\/fr\/product\/depileve-waxceutical-dna-rejuvenating-serum-100-ml-ref-1018-16\/","name":"Depil\u00e8ve Waxceutical DNA Rejuvenating Serum 100 ml - Districos Webshop","isPartOf":{"@id":"https:\/\/districos.standingout.be\/fr\/#website"},"primaryImageOfPage":{"@id":"https:\/\/districos.standingout.be\/fr\/product\/depileve-waxceutical-dna-rejuvenating-serum-100-ml-ref-1018-16\/#primaryimage"},"image":{"@id":"https:\/\/districos.standingout.be\/fr\/product\/depileve-waxceutical-dna-rejuvenating-serum-100-ml-ref-1018-16\/#primaryimage"},"thumbnailUrl":"https:\/\/districos.standingout.be\/wp-content\/uploads\/2025\/07\/1018.16@LowRes_1.png","datePublished":"2026-04-27T23:47:16+00:00","dateModified":"2026-04-27T23:47:18+00:00","breadcrumb":{"@id":"https:\/\/districos.standingout.be\/fr\/product\/depileve-waxceutical-dna-rejuvenating-serum-100-ml-ref-1018-16\/#breadcrumb"},"inLanguage":"fr-FR","potentialAction":[{"@type":"ReadAction","target":["https:\/\/districos.standingout.be\/fr\/product\/depileve-waxceutical-dna-rejuvenating-serum-100-ml-ref-1018-16\/"]}]},{"@type":"ImageObject","inLanguage":"fr-FR","@id":"https:\/\/districos.standingout.be\/fr\/product\/depileve-waxceutical-dna-rejuvenating-serum-100-ml-ref-1018-16\/#primaryimage","url":"https:\/\/districos.standingout.be\/wp-content\/uploads\/2025\/07\/1018.16@LowRes_1.png","contentUrl":"https:\/\/districos.standingout.be\/wp-content\/uploads\/2025\/07\/1018.16@LowRes_1.png","width":600,"height":600},{"@type":"BreadcrumbList","@id":"https:\/\/districos.standingout.be\/fr\/product\/depileve-waxceutical-dna-rejuvenating-serum-100-ml-ref-1018-16\/#breadcrumb","itemListElement":[{"@type":"ListItem","position":1,"name":"Home","item":"https:\/\/districos.standingout.be\/fr\/bienvenue-chez-districos\/"},{"@type":"ListItem","position":2,"name":"Boutique","item":"https:\/\/districos.standingout.be\/fr\/boutique\/"},{"@type":"ListItem","position":3,"name":"Depil\u00e8ve Waxceutical DNA Rejuvenating Serum 100 ml"}]},{"@type":"WebSite","@id":"https:\/\/districos.standingout.be\/fr\/#website","url":"https:\/\/districos.standingout.be\/fr\/","name":"Districos Webshop","description":"","publisher":{"@id":"https:\/\/districos.standingout.be\/fr\/#organization"},"potentialAction":[{"@type":"SearchAction","target":{"@type":"EntryPoint","urlTemplate":"https:\/\/districos.standingout.be\/fr\/?s={search_term_string}"},"query-input":{"@type":"PropertyValueSpecification","valueRequired":true,"valueName":"search_term_string"}}],"inLanguage":"fr-FR"},{"@type":"Organization","@id":"https:\/\/districos.standingout.be\/fr\/#organization","name":"Districos Webshop","url":"https:\/\/districos.standingout.be\/fr\/","logo":{"@type":"ImageObject","inLanguage":"fr-FR","@id":"https:\/\/districos.standingout.be\/fr\/#\/schema\/logo\/image\/","url":"https:\/\/districos.standingout.be\/wp-content\/uploads\/2022\/09\/Districos_Logo_Webshop.svg","contentUrl":"https:\/\/districos.standingout.be\/wp-content\/uploads\/2022\/09\/Districos_Logo_Webshop.svg","caption":"Districos Webshop"},"image":{"@id":"https:\/\/districos.standingout.be\/fr\/#\/schema\/logo\/image\/"}}]}},"_links":{"self":[{"href":"https:\/\/districos.standingout.be\/fr\/wp-json\/wp\/v2\/product\/133668","targetHints":{"allow":["GET"]}}],"collection":[{"href":"https:\/\/districos.standingout.be\/fr\/wp-json\/wp\/v2\/product"}],"about":[{"href":"https:\/\/districos.standingout.be\/fr\/wp-json\/wp\/v2\/types\/product"}],"replies":[{"embeddable":true,"href":"https:\/\/districos.standingout.be\/fr\/wp-json\/wp\/v2\/comments?post=133668"}],"wp:featuredmedia":[{"embeddable":true,"href":"https:\/\/districos.standingout.be\/fr\/wp-json\/wp\/v2\/media\/69911"}],"wp:attachment":[{"href":"https:\/\/districos.standingout.be\/fr\/wp-json\/wp\/v2\/media?parent=133668"}],"wp:term":[{"taxonomy":"product_brand","embeddable":true,"href":"https:\/\/districos.standingout.be\/fr\/wp-json\/wp\/v2\/product_brand?post=133668"},{"taxonomy":"product_cat","embeddable":true,"href":"https:\/\/districos.standingout.be\/fr\/wp-json\/wp\/v2\/product_cat?post=133668"},{"taxonomy":"product_tag","embeddable":true,"href":"https:\/\/districos.standingout.be\/fr\/wp-json\/wp\/v2\/product_tag?post=133668"}],"curies":[{"name":"wp","href":"https:\/\/api.w.org\/{rel}","templated":true}]}}