{"id":133670,"date":"2026-04-28T01:47:48","date_gmt":"2026-04-27T23:47:48","guid":{"rendered":"https:\/\/webshopdistricoscom.webhosting.be\/product\/depileve-waxceutical-dna-thermo-mask-400-g-ref-1018-17-2\/"},"modified":"2026-04-28T01:47:50","modified_gmt":"2026-04-27T23:47:50","slug":"depileve-waxceutical-dna-thermo-mask-400-g-ref-1018-17","status":"publish","type":"product","link":"https:\/\/districos.standingout.be\/fr\/product\/depileve-waxceutical-dna-thermo-mask-400-g-ref-1018-17\/","title":{"rendered":"Depil\u00e8ve Waxceutical DNA Thermo Mask 400 g"},"content":{"rendered":"<p >\n<\/p>\n<p><b>WAXCEUTICAL DNA MASQUE THERMIQUE 3-EN-1<\/b><br \/><b>Hydrate en profondeur, soulage la sensation de la peau et am\u00e9liore la p\u00e9n\u00e9tration des ingr\u00e9dients actifs pour des r\u00e9sultats visibles et durables !<\/b><br \/>Ce masque thermique et occlusif contient des ingr\u00e9dients hydratants et du mica qui assurent une hydratation en profondeur et am\u00e9liorent l&rsquo;\u00e9clat de la peau. En outre, ce masque favorise la p\u00e9n\u00e9tration des principes actifs appliqu\u00e9s en dessous pour des r\u00e9sultats visibles et durables. Ce masque peut \u00eatre utilis\u00e9 aussi bien sur le visage que sur la peau de la zone intime.<br \/>Donnez un coup de pouce \u00e0 vos soins (Facial et Vajacial) avec le DNA Thermo Mask !<br \/><b>Substances actives<\/b><\/p>\n<ul>\n<li>Le mica assure l&rsquo;\u00e9clat de la peau.<\/li>\n<li>Le NMF (Natural Moisturising Factor) est un complexe naturel comprenant des acides amin\u00e9s, des acides lactiques et de l&rsquo;ur\u00e9e pour une hydratation maximale.<\/li>\n<li>Les filaments d&rsquo;ADN stimulent les cellules cutan\u00e9es et prot\u00e8gent la peau de l&rsquo;int\u00e9rieur pour un effet rajeunissant.<\/li>\n<\/ul>\n<p><b>Mode d&#8217;emploi <\/b><\/p>\n<ul>\n<li><span>Chauffer le masque dans le chauffe-paraffine (r\u00e9glage 9) ou le chauffe-cire (400 g r\u00e9glage 3-4) jusqu&rsquo;\u00e0 ce qu&rsquo;il soit fondu.<\/span><\/li>\n<li><span>Appliquez un produit hydratant sur la peau.<\/span><\/li>\n<li><span>Testez la temp\u00e9rature du masque sur le poignet. appliques ensuite le masque sur la peau \u00e0 l&rsquo;aide d&rsquo;une spatule. Veillez \u00e0 ce que les bords soient bien align\u00e9s et que le masque ait une \u00e9paisseur d&rsquo;au moins 1-2 mm.<\/span><\/li>\n<li><span>Laissez agir pendant 15 min.<\/span><\/li>\n<li><span>Retirez le masque en le soulevant.<\/span><\/li>\n<li><span>Terminez par l&rsquo;application d&rsquo;une cr\u00e8me ou d&rsquo;un s\u00e9rum adapt\u00e9.<\/span><\/li>\n<\/ul>\n<p><b>CONSEIL :<\/b> Utilisez le Waxceutical DNA Thermo Mask en combinaison avec le Waxceutical DNA Rejuventating S\u00e9rum (<a href=\"https:\/\/webshop.districos.com\/ProductDetail\/1018.16\" target=\"_blank\" rel=\"noopener noreferrer nofollow\">r\u00e9f. 1018.16<\/a>) et\/ou avec le Waxceutical Cire Pelliculable DNA Crystal (<a href=\"https:\/\/webshop.districos.com\/ProductDetail\/1018.01\" target=\"_blank\" rel=\"noopener noreferrer nofollow\">r\u00e9f. 1018.01<\/a> ou <a href=\"https:\/\/webshop.districos.com\/ProductDetail\/1018.02\" target=\"_blank\" rel=\"noopener noreferrer nofollow\">1018.02 <\/a>) pour un meilleur r\u00e9sultat. <\/p>\n","protected":false},"excerpt":{"rendered":"<p>WAXCEUTICAL DNA MASQUE THERMIQUE 3-EN-1Hydrate en profondeur, soulage la sensation de la peau et am\u00e9liore la p\u00e9n\u00e9tration des ingr\u00e9dients actifs pour des r\u00e9sultats visibles et durables !Ce masque thermique et occlusif contient des ingr\u00e9dients hydratants et du mica qui assurent une hydratation en profondeur et am\u00e9liorent l&rsquo;\u00e9clat de la peau. En outre, ce masque favorise [&hellip;]<\/p>\n","protected":false},"featured_media":143295,"comment_status":"open","ping_status":"closed","template":"","meta":{"_acf_changed":false},"product_brand":[10606],"product_cat":[9922],"product_tag":[],"class_list":{"0":"post-133670","1":"product","2":"type-product","3":"status-publish","4":"has-post-thumbnail","6":"product_brand-waxceutical-fr","7":"product_cat-beaute-epilation-soins-pre-post-epilation","9":"first","10":"instock","11":"taxable","12":"shipping-taxable","13":"product-type-simple"},"acf":[],"yoast_head":"<!-- This site is optimized with the Yoast SEO plugin v27.3 - https:\/\/yoast.com\/product\/yoast-seo-wordpress\/ -->\n<title>Depil\u00e8ve Waxceutical DNA Thermo Mask 400 g - Districos Webshop<\/title>\n<meta name=\"robots\" content=\"noindex, follow, max-snippet:-1, max-image-preview:large, max-video-preview:-1\" \/>\n<meta property=\"og:locale\" content=\"fr_FR\" \/>\n<meta property=\"og:type\" content=\"article\" \/>\n<meta property=\"og:title\" content=\"Depil\u00e8ve Waxceutical DNA Thermo Mask 400 g - Districos Webshop\" \/>\n<meta property=\"og:description\" content=\"WAXCEUTICAL DNA MASQUE THERMIQUE 3-EN-1Hydrate en profondeur, soulage la sensation de la peau et am\u00e9liore la p\u00e9n\u00e9tration des ingr\u00e9dients actifs pour des r\u00e9sultats visibles et durables !Ce masque thermique et occlusif contient des ingr\u00e9dients hydratants et du mica qui assurent une hydratation en profondeur et am\u00e9liorent l&rsquo;\u00e9clat de la peau. En outre, ce masque favorise [&hellip;]\" \/>\n<meta property=\"og:url\" content=\"https:\/\/districos.standingout.be\/fr\/product\/depileve-waxceutical-dna-thermo-mask-400-g-ref-1018-17\/\" \/>\n<meta property=\"og:site_name\" content=\"Districos Webshop\" \/>\n<meta property=\"article:modified_time\" content=\"2026-04-27T23:47:50+00:00\" \/>\n<meta property=\"og:image\" content=\"https:\/\/districos.standingout.be\/wp-content\/uploads\/2026\/04\/1018.17@Waxceutical-DNA-Thermo-Mask-400-g_1-2.png\" \/>\n\t<meta property=\"og:image:width\" content=\"600\" \/>\n\t<meta property=\"og:image:height\" content=\"600\" \/>\n\t<meta property=\"og:image:type\" content=\"image\/png\" \/>\n<meta name=\"twitter:card\" content=\"summary_large_image\" \/>\n<meta name=\"twitter:label1\" content=\"Dur\u00e9e de lecture estim\u00e9e\" \/>\n\t<meta name=\"twitter:data1\" content=\"1 minute\" \/>\n<script type=\"application\/ld+json\" class=\"yoast-schema-graph\">{\"@context\":\"https:\\\/\\\/schema.org\",\"@graph\":[{\"@type\":\"WebPage\",\"@id\":\"https:\\\/\\\/districos.standingout.be\\\/fr\\\/product\\\/depileve-waxceutical-dna-thermo-mask-400-g-ref-1018-17\\\/\",\"url\":\"https:\\\/\\\/districos.standingout.be\\\/fr\\\/product\\\/depileve-waxceutical-dna-thermo-mask-400-g-ref-1018-17\\\/\",\"name\":\"Depil\u00e8ve Waxceutical DNA Thermo Mask 400 g - Districos Webshop\",\"isPartOf\":{\"@id\":\"https:\\\/\\\/districos.standingout.be\\\/fr\\\/#website\"},\"primaryImageOfPage\":{\"@id\":\"https:\\\/\\\/districos.standingout.be\\\/fr\\\/product\\\/depileve-waxceutical-dna-thermo-mask-400-g-ref-1018-17\\\/#primaryimage\"},\"image\":{\"@id\":\"https:\\\/\\\/districos.standingout.be\\\/fr\\\/product\\\/depileve-waxceutical-dna-thermo-mask-400-g-ref-1018-17\\\/#primaryimage\"},\"thumbnailUrl\":\"https:\\\/\\\/districos.standingout.be\\\/wp-content\\\/uploads\\\/2026\\\/04\\\/1018.17@Waxceutical-DNA-Thermo-Mask-400-g_1-3.png\",\"datePublished\":\"2026-04-27T23:47:48+00:00\",\"dateModified\":\"2026-04-27T23:47:50+00:00\",\"breadcrumb\":{\"@id\":\"https:\\\/\\\/districos.standingout.be\\\/fr\\\/product\\\/depileve-waxceutical-dna-thermo-mask-400-g-ref-1018-17\\\/#breadcrumb\"},\"inLanguage\":\"fr-FR\",\"potentialAction\":[{\"@type\":\"ReadAction\",\"target\":[\"https:\\\/\\\/districos.standingout.be\\\/fr\\\/product\\\/depileve-waxceutical-dna-thermo-mask-400-g-ref-1018-17\\\/\"]}]},{\"@type\":\"ImageObject\",\"inLanguage\":\"fr-FR\",\"@id\":\"https:\\\/\\\/districos.standingout.be\\\/fr\\\/product\\\/depileve-waxceutical-dna-thermo-mask-400-g-ref-1018-17\\\/#primaryimage\",\"url\":\"https:\\\/\\\/districos.standingout.be\\\/wp-content\\\/uploads\\\/2026\\\/04\\\/1018.17@Waxceutical-DNA-Thermo-Mask-400-g_1-3.png\",\"contentUrl\":\"https:\\\/\\\/districos.standingout.be\\\/wp-content\\\/uploads\\\/2026\\\/04\\\/1018.17@Waxceutical-DNA-Thermo-Mask-400-g_1-3.png\",\"width\":600,\"height\":600},{\"@type\":\"BreadcrumbList\",\"@id\":\"https:\\\/\\\/districos.standingout.be\\\/fr\\\/product\\\/depileve-waxceutical-dna-thermo-mask-400-g-ref-1018-17\\\/#breadcrumb\",\"itemListElement\":[{\"@type\":\"ListItem\",\"position\":1,\"name\":\"Home\",\"item\":\"https:\\\/\\\/districos.standingout.be\\\/fr\\\/bienvenue-chez-districos\\\/\"},{\"@type\":\"ListItem\",\"position\":2,\"name\":\"Boutique\",\"item\":\"https:\\\/\\\/districos.standingout.be\\\/fr\\\/boutique\\\/\"},{\"@type\":\"ListItem\",\"position\":3,\"name\":\"Depil\u00e8ve Waxceutical DNA Thermo Mask 400 g\"}]},{\"@type\":\"WebSite\",\"@id\":\"https:\\\/\\\/districos.standingout.be\\\/fr\\\/#website\",\"url\":\"https:\\\/\\\/districos.standingout.be\\\/fr\\\/\",\"name\":\"Districos Webshop\",\"description\":\"\",\"publisher\":{\"@id\":\"https:\\\/\\\/districos.standingout.be\\\/fr\\\/#organization\"},\"potentialAction\":[{\"@type\":\"SearchAction\",\"target\":{\"@type\":\"EntryPoint\",\"urlTemplate\":\"https:\\\/\\\/districos.standingout.be\\\/fr\\\/?s={search_term_string}\"},\"query-input\":{\"@type\":\"PropertyValueSpecification\",\"valueRequired\":true,\"valueName\":\"search_term_string\"}}],\"inLanguage\":\"fr-FR\"},{\"@type\":\"Organization\",\"@id\":\"https:\\\/\\\/districos.standingout.be\\\/fr\\\/#organization\",\"name\":\"Districos Webshop\",\"url\":\"https:\\\/\\\/districos.standingout.be\\\/fr\\\/\",\"logo\":{\"@type\":\"ImageObject\",\"inLanguage\":\"fr-FR\",\"@id\":\"https:\\\/\\\/districos.standingout.be\\\/fr\\\/#\\\/schema\\\/logo\\\/image\\\/\",\"url\":\"https:\\\/\\\/districos.standingout.be\\\/wp-content\\\/uploads\\\/2022\\\/09\\\/Districos_Logo_Webshop.svg\",\"contentUrl\":\"https:\\\/\\\/districos.standingout.be\\\/wp-content\\\/uploads\\\/2022\\\/09\\\/Districos_Logo_Webshop.svg\",\"caption\":\"Districos Webshop\"},\"image\":{\"@id\":\"https:\\\/\\\/districos.standingout.be\\\/fr\\\/#\\\/schema\\\/logo\\\/image\\\/\"}}]}<\/script>\n<!-- \/ Yoast SEO plugin. -->","yoast_head_json":{"title":"Depil\u00e8ve Waxceutical DNA Thermo Mask 400 g - Districos Webshop","robots":{"index":"noindex","follow":"follow","max-snippet":"max-snippet:-1","max-image-preview":"max-image-preview:large","max-video-preview":"max-video-preview:-1"},"og_locale":"fr_FR","og_type":"article","og_title":"Depil\u00e8ve Waxceutical DNA Thermo Mask 400 g - Districos Webshop","og_description":"WAXCEUTICAL DNA MASQUE THERMIQUE 3-EN-1Hydrate en profondeur, soulage la sensation de la peau et am\u00e9liore la p\u00e9n\u00e9tration des ingr\u00e9dients actifs pour des r\u00e9sultats visibles et durables !Ce masque thermique et occlusif contient des ingr\u00e9dients hydratants et du mica qui assurent une hydratation en profondeur et am\u00e9liorent l&rsquo;\u00e9clat de la peau. En outre, ce masque favorise [&hellip;]","og_url":"https:\/\/districos.standingout.be\/fr\/product\/depileve-waxceutical-dna-thermo-mask-400-g-ref-1018-17\/","og_site_name":"Districos Webshop","article_modified_time":"2026-04-27T23:47:50+00:00","og_image":[{"width":600,"height":600,"url":"https:\/\/districos.standingout.be\/wp-content\/uploads\/2026\/04\/1018.17@Waxceutical-DNA-Thermo-Mask-400-g_1-2.png","type":"image\/png"}],"twitter_card":"summary_large_image","twitter_misc":{"Dur\u00e9e de lecture estim\u00e9e":"1 minute"},"schema":{"@context":"https:\/\/schema.org","@graph":[{"@type":"WebPage","@id":"https:\/\/districos.standingout.be\/fr\/product\/depileve-waxceutical-dna-thermo-mask-400-g-ref-1018-17\/","url":"https:\/\/districos.standingout.be\/fr\/product\/depileve-waxceutical-dna-thermo-mask-400-g-ref-1018-17\/","name":"Depil\u00e8ve Waxceutical DNA Thermo Mask 400 g - Districos Webshop","isPartOf":{"@id":"https:\/\/districos.standingout.be\/fr\/#website"},"primaryImageOfPage":{"@id":"https:\/\/districos.standingout.be\/fr\/product\/depileve-waxceutical-dna-thermo-mask-400-g-ref-1018-17\/#primaryimage"},"image":{"@id":"https:\/\/districos.standingout.be\/fr\/product\/depileve-waxceutical-dna-thermo-mask-400-g-ref-1018-17\/#primaryimage"},"thumbnailUrl":"https:\/\/districos.standingout.be\/wp-content\/uploads\/2026\/04\/1018.17@Waxceutical-DNA-Thermo-Mask-400-g_1-3.png","datePublished":"2026-04-27T23:47:48+00:00","dateModified":"2026-04-27T23:47:50+00:00","breadcrumb":{"@id":"https:\/\/districos.standingout.be\/fr\/product\/depileve-waxceutical-dna-thermo-mask-400-g-ref-1018-17\/#breadcrumb"},"inLanguage":"fr-FR","potentialAction":[{"@type":"ReadAction","target":["https:\/\/districos.standingout.be\/fr\/product\/depileve-waxceutical-dna-thermo-mask-400-g-ref-1018-17\/"]}]},{"@type":"ImageObject","inLanguage":"fr-FR","@id":"https:\/\/districos.standingout.be\/fr\/product\/depileve-waxceutical-dna-thermo-mask-400-g-ref-1018-17\/#primaryimage","url":"https:\/\/districos.standingout.be\/wp-content\/uploads\/2026\/04\/1018.17@Waxceutical-DNA-Thermo-Mask-400-g_1-3.png","contentUrl":"https:\/\/districos.standingout.be\/wp-content\/uploads\/2026\/04\/1018.17@Waxceutical-DNA-Thermo-Mask-400-g_1-3.png","width":600,"height":600},{"@type":"BreadcrumbList","@id":"https:\/\/districos.standingout.be\/fr\/product\/depileve-waxceutical-dna-thermo-mask-400-g-ref-1018-17\/#breadcrumb","itemListElement":[{"@type":"ListItem","position":1,"name":"Home","item":"https:\/\/districos.standingout.be\/fr\/bienvenue-chez-districos\/"},{"@type":"ListItem","position":2,"name":"Boutique","item":"https:\/\/districos.standingout.be\/fr\/boutique\/"},{"@type":"ListItem","position":3,"name":"Depil\u00e8ve Waxceutical DNA Thermo Mask 400 g"}]},{"@type":"WebSite","@id":"https:\/\/districos.standingout.be\/fr\/#website","url":"https:\/\/districos.standingout.be\/fr\/","name":"Districos Webshop","description":"","publisher":{"@id":"https:\/\/districos.standingout.be\/fr\/#organization"},"potentialAction":[{"@type":"SearchAction","target":{"@type":"EntryPoint","urlTemplate":"https:\/\/districos.standingout.be\/fr\/?s={search_term_string}"},"query-input":{"@type":"PropertyValueSpecification","valueRequired":true,"valueName":"search_term_string"}}],"inLanguage":"fr-FR"},{"@type":"Organization","@id":"https:\/\/districos.standingout.be\/fr\/#organization","name":"Districos Webshop","url":"https:\/\/districos.standingout.be\/fr\/","logo":{"@type":"ImageObject","inLanguage":"fr-FR","@id":"https:\/\/districos.standingout.be\/fr\/#\/schema\/logo\/image\/","url":"https:\/\/districos.standingout.be\/wp-content\/uploads\/2022\/09\/Districos_Logo_Webshop.svg","contentUrl":"https:\/\/districos.standingout.be\/wp-content\/uploads\/2022\/09\/Districos_Logo_Webshop.svg","caption":"Districos Webshop"},"image":{"@id":"https:\/\/districos.standingout.be\/fr\/#\/schema\/logo\/image\/"}}]}},"_links":{"self":[{"href":"https:\/\/districos.standingout.be\/fr\/wp-json\/wp\/v2\/product\/133670","targetHints":{"allow":["GET"]}}],"collection":[{"href":"https:\/\/districos.standingout.be\/fr\/wp-json\/wp\/v2\/product"}],"about":[{"href":"https:\/\/districos.standingout.be\/fr\/wp-json\/wp\/v2\/types\/product"}],"replies":[{"embeddable":true,"href":"https:\/\/districos.standingout.be\/fr\/wp-json\/wp\/v2\/comments?post=133670"}],"wp:featuredmedia":[{"embeddable":true,"href":"https:\/\/districos.standingout.be\/fr\/wp-json\/wp\/v2\/media\/143295"}],"wp:attachment":[{"href":"https:\/\/districos.standingout.be\/fr\/wp-json\/wp\/v2\/media?parent=133670"}],"wp:term":[{"taxonomy":"product_brand","embeddable":true,"href":"https:\/\/districos.standingout.be\/fr\/wp-json\/wp\/v2\/product_brand?post=133670"},{"taxonomy":"product_cat","embeddable":true,"href":"https:\/\/districos.standingout.be\/fr\/wp-json\/wp\/v2\/product_cat?post=133670"},{"taxonomy":"product_tag","embeddable":true,"href":"https:\/\/districos.standingout.be\/fr\/wp-json\/wp\/v2\/product_tag?post=133670"}],"curies":[{"name":"wp","href":"https:\/\/api.w.org\/{rel}","templated":true}]}}