{"id":133674,"date":"2026-04-28T01:47:53","date_gmt":"2026-04-27T23:47:53","guid":{"rendered":"https:\/\/webshopdistricoscom.webhosting.be\/product\/depileve-waxceutical-glycopeel-10-x-5-ml-ref-1018-22-2\/"},"modified":"2026-04-28T01:47:55","modified_gmt":"2026-04-27T23:47:55","slug":"depileve-waxceutical-glycopeel-10-x-5-ml-ref-1018-22","status":"publish","type":"product","link":"https:\/\/districos.standingout.be\/fr\/product\/depileve-waxceutical-glycopeel-10-x-5-ml-ref-1018-22\/","title":{"rendered":"Depil\u00e8ve Waxceutical Glycopeel 10 x 5 ml"},"content":{"rendered":"<p >\n<p><span lang=\"FR\">Peeling pour les zones les plus intimes \u00e0 l&rsquo;acide glycolique et aux AHA (alpha-hydroxyacides) qui \u00e9claircissent et adoucissent la peau et stimule le renouvellement cellulaire pour une peau lisse et soyeuse sans poils incarn\u00e9s. Il est utilis\u00e9 entre les \u00e9pilations pour traiter la peau des zones les plus sensibles et intimes contre les poils incarn\u00e9s, les inflammations (boutons, rougeurs) et \u00e9claircir la couleur (contrer l&rsquo;hyperpigmentation), en salon ou \u00e0 domicile.<o:p><\/o:p><\/span><\/p>\n<ul type=\"disc\">\n<li><span lang=\"FR\">Waxceutical<o:p><\/o:p><\/span><\/li>\n<li><span lang=\"FR\">10 x 5 ml<o:p><\/o:p><\/span><\/li>\n<\/ul>\n<p><b><span lang=\"FR\">Mode d&#8217;emploi<u1:p><\/u1:p><o:p><\/o:p><\/span><\/b><\/p>\n<p><span lang=\"FR\">Appliquer sur une peau propre \u00e0 l&rsquo;aide d&rsquo;une spatule ou d&rsquo;un pinceau et laisser agir pendant 5 minutes. Retirer soigneusement avec une compresse humide. Appliquer ensuite le Folisan. Si vous le souhaitez, terminez le traitement par le masque \u00e0 bulles Waxceutical O2 pour une hydratation intense et un soin optimal de la peau.&nbsp;<br \/> D\u00e9couvrez \u00e9galement l&rsquo;\u00e9tape-par-\u00e9tape pour ce produit&nbsp;<u><a href=\"https:\/\/fr.districos.com\/2023\/08\/traitement-vajacial-depileve-waxceutical.html\" target=\"_blank\" rel=\"noopener noreferrer nofollow\"><span>ici<\/span><\/a><\/u>.<\/span><o:p><\/o:p><\/p>\n<\/p>\n<\/p><\/p>\n","protected":false},"excerpt":{"rendered":"<p>Peeling pour les zones les plus intimes \u00e0 l&rsquo;acide glycolique et aux AHA (alpha-hydroxyacides) qui \u00e9claircissent et adoucissent la peau et stimule le renouvellement cellulaire pour une peau lisse et soyeuse sans poils incarn\u00e9s. Il est utilis\u00e9 entre les \u00e9pilations pour traiter la peau des zones les plus sensibles et intimes contre les poils incarn\u00e9s, [&hellip;]<\/p>\n","protected":false},"featured_media":69923,"comment_status":"open","ping_status":"closed","template":"","meta":{"_acf_changed":false},"product_brand":[10606],"product_cat":[9922],"product_tag":[],"class_list":{"0":"post-133674","1":"product","2":"type-product","3":"status-publish","4":"has-post-thumbnail","6":"product_brand-waxceutical-fr","7":"product_cat-beaute-epilation-soins-pre-post-epilation","9":"first","10":"instock","11":"taxable","12":"shipping-taxable","13":"product-type-simple"},"acf":[],"yoast_head":"<!-- This site is optimized with the Yoast SEO plugin v27.3 - https:\/\/yoast.com\/product\/yoast-seo-wordpress\/ -->\n<title>Depil\u00e8ve Waxceutical Glycopeel 10 x 5 ml - Districos Webshop<\/title>\n<meta name=\"robots\" content=\"noindex, follow, max-snippet:-1, max-image-preview:large, max-video-preview:-1\" \/>\n<meta property=\"og:locale\" content=\"fr_FR\" \/>\n<meta property=\"og:type\" content=\"article\" \/>\n<meta property=\"og:title\" content=\"Depil\u00e8ve Waxceutical Glycopeel 10 x 5 ml - Districos Webshop\" \/>\n<meta property=\"og:description\" content=\"Peeling pour les zones les plus intimes \u00e0 l&rsquo;acide glycolique et aux AHA (alpha-hydroxyacides) qui \u00e9claircissent et adoucissent la peau et stimule le renouvellement cellulaire pour une peau lisse et soyeuse sans poils incarn\u00e9s. Il est utilis\u00e9 entre les \u00e9pilations pour traiter la peau des zones les plus sensibles et intimes contre les poils incarn\u00e9s, [&hellip;]\" \/>\n<meta property=\"og:url\" content=\"https:\/\/districos.standingout.be\/fr\/product\/depileve-waxceutical-glycopeel-10-x-5-ml-ref-1018-22\/\" \/>\n<meta property=\"og:site_name\" content=\"Districos Webshop\" \/>\n<meta property=\"article:modified_time\" content=\"2026-04-27T23:47:55+00:00\" \/>\n<meta property=\"og:image\" content=\"https:\/\/districos.standingout.be\/wp-content\/uploads\/2025\/07\/1018.22@LowRes_1.png\" \/>\n\t<meta property=\"og:image:width\" content=\"600\" \/>\n\t<meta property=\"og:image:height\" content=\"600\" \/>\n\t<meta property=\"og:image:type\" content=\"image\/png\" \/>\n<meta name=\"twitter:card\" content=\"summary_large_image\" \/>\n<meta name=\"twitter:label1\" content=\"Dur\u00e9e de lecture estim\u00e9e\" \/>\n\t<meta name=\"twitter:data1\" content=\"1 minute\" \/>\n<script type=\"application\/ld+json\" class=\"yoast-schema-graph\">{\"@context\":\"https:\\\/\\\/schema.org\",\"@graph\":[{\"@type\":\"WebPage\",\"@id\":\"https:\\\/\\\/districos.standingout.be\\\/fr\\\/product\\\/depileve-waxceutical-glycopeel-10-x-5-ml-ref-1018-22\\\/\",\"url\":\"https:\\\/\\\/districos.standingout.be\\\/fr\\\/product\\\/depileve-waxceutical-glycopeel-10-x-5-ml-ref-1018-22\\\/\",\"name\":\"Depil\u00e8ve Waxceutical Glycopeel 10 x 5 ml - Districos Webshop\",\"isPartOf\":{\"@id\":\"https:\\\/\\\/districos.standingout.be\\\/fr\\\/#website\"},\"primaryImageOfPage\":{\"@id\":\"https:\\\/\\\/districos.standingout.be\\\/fr\\\/product\\\/depileve-waxceutical-glycopeel-10-x-5-ml-ref-1018-22\\\/#primaryimage\"},\"image\":{\"@id\":\"https:\\\/\\\/districos.standingout.be\\\/fr\\\/product\\\/depileve-waxceutical-glycopeel-10-x-5-ml-ref-1018-22\\\/#primaryimage\"},\"thumbnailUrl\":\"https:\\\/\\\/districos.standingout.be\\\/wp-content\\\/uploads\\\/2025\\\/07\\\/1018.22@LowRes_1.png\",\"datePublished\":\"2026-04-27T23:47:53+00:00\",\"dateModified\":\"2026-04-27T23:47:55+00:00\",\"breadcrumb\":{\"@id\":\"https:\\\/\\\/districos.standingout.be\\\/fr\\\/product\\\/depileve-waxceutical-glycopeel-10-x-5-ml-ref-1018-22\\\/#breadcrumb\"},\"inLanguage\":\"fr-FR\",\"potentialAction\":[{\"@type\":\"ReadAction\",\"target\":[\"https:\\\/\\\/districos.standingout.be\\\/fr\\\/product\\\/depileve-waxceutical-glycopeel-10-x-5-ml-ref-1018-22\\\/\"]}]},{\"@type\":\"ImageObject\",\"inLanguage\":\"fr-FR\",\"@id\":\"https:\\\/\\\/districos.standingout.be\\\/fr\\\/product\\\/depileve-waxceutical-glycopeel-10-x-5-ml-ref-1018-22\\\/#primaryimage\",\"url\":\"https:\\\/\\\/districos.standingout.be\\\/wp-content\\\/uploads\\\/2025\\\/07\\\/1018.22@LowRes_1.png\",\"contentUrl\":\"https:\\\/\\\/districos.standingout.be\\\/wp-content\\\/uploads\\\/2025\\\/07\\\/1018.22@LowRes_1.png\",\"width\":600,\"height\":600},{\"@type\":\"BreadcrumbList\",\"@id\":\"https:\\\/\\\/districos.standingout.be\\\/fr\\\/product\\\/depileve-waxceutical-glycopeel-10-x-5-ml-ref-1018-22\\\/#breadcrumb\",\"itemListElement\":[{\"@type\":\"ListItem\",\"position\":1,\"name\":\"Home\",\"item\":\"https:\\\/\\\/districos.standingout.be\\\/fr\\\/bienvenue-chez-districos\\\/\"},{\"@type\":\"ListItem\",\"position\":2,\"name\":\"Boutique\",\"item\":\"https:\\\/\\\/districos.standingout.be\\\/fr\\\/boutique\\\/\"},{\"@type\":\"ListItem\",\"position\":3,\"name\":\"Depil\u00e8ve Waxceutical Glycopeel 10 x 5 ml\"}]},{\"@type\":\"WebSite\",\"@id\":\"https:\\\/\\\/districos.standingout.be\\\/fr\\\/#website\",\"url\":\"https:\\\/\\\/districos.standingout.be\\\/fr\\\/\",\"name\":\"Districos Webshop\",\"description\":\"\",\"publisher\":{\"@id\":\"https:\\\/\\\/districos.standingout.be\\\/fr\\\/#organization\"},\"potentialAction\":[{\"@type\":\"SearchAction\",\"target\":{\"@type\":\"EntryPoint\",\"urlTemplate\":\"https:\\\/\\\/districos.standingout.be\\\/fr\\\/?s={search_term_string}\"},\"query-input\":{\"@type\":\"PropertyValueSpecification\",\"valueRequired\":true,\"valueName\":\"search_term_string\"}}],\"inLanguage\":\"fr-FR\"},{\"@type\":\"Organization\",\"@id\":\"https:\\\/\\\/districos.standingout.be\\\/fr\\\/#organization\",\"name\":\"Districos Webshop\",\"url\":\"https:\\\/\\\/districos.standingout.be\\\/fr\\\/\",\"logo\":{\"@type\":\"ImageObject\",\"inLanguage\":\"fr-FR\",\"@id\":\"https:\\\/\\\/districos.standingout.be\\\/fr\\\/#\\\/schema\\\/logo\\\/image\\\/\",\"url\":\"https:\\\/\\\/districos.standingout.be\\\/wp-content\\\/uploads\\\/2022\\\/09\\\/Districos_Logo_Webshop.svg\",\"contentUrl\":\"https:\\\/\\\/districos.standingout.be\\\/wp-content\\\/uploads\\\/2022\\\/09\\\/Districos_Logo_Webshop.svg\",\"caption\":\"Districos Webshop\"},\"image\":{\"@id\":\"https:\\\/\\\/districos.standingout.be\\\/fr\\\/#\\\/schema\\\/logo\\\/image\\\/\"}}]}<\/script>\n<!-- \/ Yoast SEO plugin. -->","yoast_head_json":{"title":"Depil\u00e8ve Waxceutical Glycopeel 10 x 5 ml - Districos Webshop","robots":{"index":"noindex","follow":"follow","max-snippet":"max-snippet:-1","max-image-preview":"max-image-preview:large","max-video-preview":"max-video-preview:-1"},"og_locale":"fr_FR","og_type":"article","og_title":"Depil\u00e8ve Waxceutical Glycopeel 10 x 5 ml - Districos Webshop","og_description":"Peeling pour les zones les plus intimes \u00e0 l&rsquo;acide glycolique et aux AHA (alpha-hydroxyacides) qui \u00e9claircissent et adoucissent la peau et stimule le renouvellement cellulaire pour une peau lisse et soyeuse sans poils incarn\u00e9s. Il est utilis\u00e9 entre les \u00e9pilations pour traiter la peau des zones les plus sensibles et intimes contre les poils incarn\u00e9s, [&hellip;]","og_url":"https:\/\/districos.standingout.be\/fr\/product\/depileve-waxceutical-glycopeel-10-x-5-ml-ref-1018-22\/","og_site_name":"Districos Webshop","article_modified_time":"2026-04-27T23:47:55+00:00","og_image":[{"width":600,"height":600,"url":"https:\/\/districos.standingout.be\/wp-content\/uploads\/2025\/07\/1018.22@LowRes_1.png","type":"image\/png"}],"twitter_card":"summary_large_image","twitter_misc":{"Dur\u00e9e de lecture estim\u00e9e":"1 minute"},"schema":{"@context":"https:\/\/schema.org","@graph":[{"@type":"WebPage","@id":"https:\/\/districos.standingout.be\/fr\/product\/depileve-waxceutical-glycopeel-10-x-5-ml-ref-1018-22\/","url":"https:\/\/districos.standingout.be\/fr\/product\/depileve-waxceutical-glycopeel-10-x-5-ml-ref-1018-22\/","name":"Depil\u00e8ve Waxceutical Glycopeel 10 x 5 ml - Districos Webshop","isPartOf":{"@id":"https:\/\/districos.standingout.be\/fr\/#website"},"primaryImageOfPage":{"@id":"https:\/\/districos.standingout.be\/fr\/product\/depileve-waxceutical-glycopeel-10-x-5-ml-ref-1018-22\/#primaryimage"},"image":{"@id":"https:\/\/districos.standingout.be\/fr\/product\/depileve-waxceutical-glycopeel-10-x-5-ml-ref-1018-22\/#primaryimage"},"thumbnailUrl":"https:\/\/districos.standingout.be\/wp-content\/uploads\/2025\/07\/1018.22@LowRes_1.png","datePublished":"2026-04-27T23:47:53+00:00","dateModified":"2026-04-27T23:47:55+00:00","breadcrumb":{"@id":"https:\/\/districos.standingout.be\/fr\/product\/depileve-waxceutical-glycopeel-10-x-5-ml-ref-1018-22\/#breadcrumb"},"inLanguage":"fr-FR","potentialAction":[{"@type":"ReadAction","target":["https:\/\/districos.standingout.be\/fr\/product\/depileve-waxceutical-glycopeel-10-x-5-ml-ref-1018-22\/"]}]},{"@type":"ImageObject","inLanguage":"fr-FR","@id":"https:\/\/districos.standingout.be\/fr\/product\/depileve-waxceutical-glycopeel-10-x-5-ml-ref-1018-22\/#primaryimage","url":"https:\/\/districos.standingout.be\/wp-content\/uploads\/2025\/07\/1018.22@LowRes_1.png","contentUrl":"https:\/\/districos.standingout.be\/wp-content\/uploads\/2025\/07\/1018.22@LowRes_1.png","width":600,"height":600},{"@type":"BreadcrumbList","@id":"https:\/\/districos.standingout.be\/fr\/product\/depileve-waxceutical-glycopeel-10-x-5-ml-ref-1018-22\/#breadcrumb","itemListElement":[{"@type":"ListItem","position":1,"name":"Home","item":"https:\/\/districos.standingout.be\/fr\/bienvenue-chez-districos\/"},{"@type":"ListItem","position":2,"name":"Boutique","item":"https:\/\/districos.standingout.be\/fr\/boutique\/"},{"@type":"ListItem","position":3,"name":"Depil\u00e8ve Waxceutical Glycopeel 10 x 5 ml"}]},{"@type":"WebSite","@id":"https:\/\/districos.standingout.be\/fr\/#website","url":"https:\/\/districos.standingout.be\/fr\/","name":"Districos Webshop","description":"","publisher":{"@id":"https:\/\/districos.standingout.be\/fr\/#organization"},"potentialAction":[{"@type":"SearchAction","target":{"@type":"EntryPoint","urlTemplate":"https:\/\/districos.standingout.be\/fr\/?s={search_term_string}"},"query-input":{"@type":"PropertyValueSpecification","valueRequired":true,"valueName":"search_term_string"}}],"inLanguage":"fr-FR"},{"@type":"Organization","@id":"https:\/\/districos.standingout.be\/fr\/#organization","name":"Districos Webshop","url":"https:\/\/districos.standingout.be\/fr\/","logo":{"@type":"ImageObject","inLanguage":"fr-FR","@id":"https:\/\/districos.standingout.be\/fr\/#\/schema\/logo\/image\/","url":"https:\/\/districos.standingout.be\/wp-content\/uploads\/2022\/09\/Districos_Logo_Webshop.svg","contentUrl":"https:\/\/districos.standingout.be\/wp-content\/uploads\/2022\/09\/Districos_Logo_Webshop.svg","caption":"Districos Webshop"},"image":{"@id":"https:\/\/districos.standingout.be\/fr\/#\/schema\/logo\/image\/"}}]}},"_links":{"self":[{"href":"https:\/\/districos.standingout.be\/fr\/wp-json\/wp\/v2\/product\/133674","targetHints":{"allow":["GET"]}}],"collection":[{"href":"https:\/\/districos.standingout.be\/fr\/wp-json\/wp\/v2\/product"}],"about":[{"href":"https:\/\/districos.standingout.be\/fr\/wp-json\/wp\/v2\/types\/product"}],"replies":[{"embeddable":true,"href":"https:\/\/districos.standingout.be\/fr\/wp-json\/wp\/v2\/comments?post=133674"}],"wp:featuredmedia":[{"embeddable":true,"href":"https:\/\/districos.standingout.be\/fr\/wp-json\/wp\/v2\/media\/69923"}],"wp:attachment":[{"href":"https:\/\/districos.standingout.be\/fr\/wp-json\/wp\/v2\/media?parent=133674"}],"wp:term":[{"taxonomy":"product_brand","embeddable":true,"href":"https:\/\/districos.standingout.be\/fr\/wp-json\/wp\/v2\/product_brand?post=133674"},{"taxonomy":"product_cat","embeddable":true,"href":"https:\/\/districos.standingout.be\/fr\/wp-json\/wp\/v2\/product_cat?post=133674"},{"taxonomy":"product_tag","embeddable":true,"href":"https:\/\/districos.standingout.be\/fr\/wp-json\/wp\/v2\/product_tag?post=133674"}],"curies":[{"name":"wp","href":"https:\/\/api.w.org\/{rel}","templated":true}]}}