{"id":133686,"date":"2026-04-28T01:48:07","date_gmt":"2026-04-27T23:48:07","guid":{"rendered":"https:\/\/webshopdistricoscom.webhosting.be\/product\/depileve-cire-pelliculable-karite-800-g-ref-1031\/"},"modified":"2026-04-28T01:48:10","modified_gmt":"2026-04-27T23:48:10","slug":"depileve-cire-pelliculable-karite-800-g-ref-1031","status":"publish","type":"product","link":"https:\/\/districos.standingout.be\/fr\/product\/depileve-cire-pelliculable-karite-800-g-ref-1031\/","title":{"rendered":"Depil\u00e8ve Cire Pelliculable Karit\u00e9 800 g"},"content":{"rendered":"<p >\n<\/p>\n<\/p>\n<\/p>\n<\/p>\n<\/p>\n<p><font size=\"2\">Cire pelliculable cr\u00e9meuse et riche en beurre de karit\u00e9 pour une \u00e9pilation douce et efficace du visage, des aisselles et du maillot.<br \/><\/font><\/p>\n<ul>\n<li><font size=\"2\">Cette cire pelliculable est recommand\u00e9e pour les professionnels de la sant\u00e9 qui pr\u00e9f\u00e8rent la texture de la r\u00e9sine traditionnelle combin\u00e9e aux avantages hygi\u00e9niques de la r\u00e9sine en bandes.<\/font><\/li>\n<li><font size=\"2\">R\u00e9glage recommand\u00e9 du thermostat du Depil\u00e8ve Neo chauffe-Cire : 3,5 \u00e0 4,5.<\/font><\/li>\n<li><font size=\"2\">Sans parfum.<\/font><\/li>\n<li><font size=\"2\">Conditionnement : pot de 800 g \u00e0 placer directement dans le chauffe-cire Depil\u00e8ve.<\/font><\/li>\n<\/ul>\n<p><font size=\"2\"><font face=\"Verdana\"><b>Propri\u00e9t\u00e9s<\/b><br \/><\/font><\/font><\/p>\n<ul>\n<li><font size=\"2\">Elasticit\u00e9 : moyenne.<\/font><\/li>\n<li><font size=\"2\">Temp\u00e9rature de solidification : moyenne.<\/font><\/li>\n<li><font size=\"2\">Prise : pour les poils normaux, moins adapt\u00e9e aux poils fins duveteux et aux poils courts.<\/font><\/li>\n<li><font size=\"2\">Texture : pleine, cr\u00e9meuse.<\/font><\/li>\n<\/ul>\n<p><font size=\"2\"><\/font><\/p>\n<p><font size=\"2\"><\/font><\/p>\n<p><font size=\"2\"><font size=\"2\"><font size=\"2\"><font face=\"Verdana\"><b>CONSEIL D&rsquo;OR<\/b> : R\u00e9glez d&rsquo;abord votre chauffe-cire Depil\u00e8ve sur 7 pour faire fondre votre cire pelliculable plus rapidement. R\u00e9glez-le sur 3,5 \u00e0 4,5 au moment de l&rsquo;\u00e9pilation.<\/font><\/font><\/font><\/font><\/p><\/p>\n","protected":false},"excerpt":{"rendered":"<p>Cire pelliculable cr\u00e9meuse et riche en beurre de karit\u00e9 pour une \u00e9pilation douce et efficace du visage, des aisselles et du maillot. Cette cire pelliculable est recommand\u00e9e pour les professionnels de la sant\u00e9 qui pr\u00e9f\u00e8rent la texture de la r\u00e9sine traditionnelle combin\u00e9e aux avantages hygi\u00e9niques de la r\u00e9sine en bandes. R\u00e9glage recommand\u00e9 du thermostat du [&hellip;]<\/p>\n","protected":false},"featured_media":69941,"comment_status":"open","ping_status":"closed","template":"","meta":{"_acf_changed":false},"product_brand":[10376],"product_cat":[9912,9914],"product_tag":[],"class_list":{"0":"post-133686","1":"product","2":"type-product","3":"status-publish","4":"has-post-thumbnail","6":"product_brand-depileve-fr","7":"product_cat-beaute-epilation-cire-jetable","8":"product_cat-beaute-epilation-cire-pelliculable","10":"first","11":"instock","12":"taxable","13":"shipping-taxable","14":"product-type-simple"},"acf":[],"yoast_head":"<!-- This site is optimized with the Yoast SEO plugin v27.3 - https:\/\/yoast.com\/product\/yoast-seo-wordpress\/ -->\n<title>Depil\u00e8ve Cire Pelliculable Karit\u00e9 800 g - Districos Webshop<\/title>\n<meta name=\"robots\" content=\"noindex, follow, max-snippet:-1, max-image-preview:large, max-video-preview:-1\" \/>\n<meta property=\"og:locale\" content=\"fr_FR\" \/>\n<meta property=\"og:type\" content=\"article\" \/>\n<meta property=\"og:title\" content=\"Depil\u00e8ve Cire Pelliculable Karit\u00e9 800 g - Districos Webshop\" \/>\n<meta property=\"og:description\" content=\"Cire pelliculable cr\u00e9meuse et riche en beurre de karit\u00e9 pour une \u00e9pilation douce et efficace du visage, des aisselles et du maillot. Cette cire pelliculable est recommand\u00e9e pour les professionnels de la sant\u00e9 qui pr\u00e9f\u00e8rent la texture de la r\u00e9sine traditionnelle combin\u00e9e aux avantages hygi\u00e9niques de la r\u00e9sine en bandes. R\u00e9glage recommand\u00e9 du thermostat du [&hellip;]\" \/>\n<meta property=\"og:url\" content=\"https:\/\/districos.standingout.be\/fr\/product\/depileve-cire-pelliculable-karite-800-g-ref-1031\/\" \/>\n<meta property=\"og:site_name\" content=\"Districos Webshop\" \/>\n<meta property=\"article:modified_time\" content=\"2026-04-27T23:48:10+00:00\" \/>\n<meta property=\"og:image\" content=\"https:\/\/districos.standingout.be\/wp-content\/uploads\/2025\/07\/1031@LowRes_1_0.png\" \/>\n\t<meta property=\"og:image:width\" content=\"600\" \/>\n\t<meta property=\"og:image:height\" content=\"600\" \/>\n\t<meta property=\"og:image:type\" content=\"image\/png\" \/>\n<meta name=\"twitter:card\" content=\"summary_large_image\" \/>\n<meta name=\"twitter:label1\" content=\"Dur\u00e9e de lecture estim\u00e9e\" \/>\n\t<meta name=\"twitter:data1\" content=\"1 minute\" \/>\n<script type=\"application\/ld+json\" class=\"yoast-schema-graph\">{\"@context\":\"https:\\\/\\\/schema.org\",\"@graph\":[{\"@type\":\"WebPage\",\"@id\":\"https:\\\/\\\/districos.standingout.be\\\/fr\\\/product\\\/depileve-cire-pelliculable-karite-800-g-ref-1031\\\/\",\"url\":\"https:\\\/\\\/districos.standingout.be\\\/fr\\\/product\\\/depileve-cire-pelliculable-karite-800-g-ref-1031\\\/\",\"name\":\"Depil\u00e8ve Cire Pelliculable Karit\u00e9 800 g - Districos Webshop\",\"isPartOf\":{\"@id\":\"https:\\\/\\\/districos.standingout.be\\\/fr\\\/#website\"},\"primaryImageOfPage\":{\"@id\":\"https:\\\/\\\/districos.standingout.be\\\/fr\\\/product\\\/depileve-cire-pelliculable-karite-800-g-ref-1031\\\/#primaryimage\"},\"image\":{\"@id\":\"https:\\\/\\\/districos.standingout.be\\\/fr\\\/product\\\/depileve-cire-pelliculable-karite-800-g-ref-1031\\\/#primaryimage\"},\"thumbnailUrl\":\"https:\\\/\\\/districos.standingout.be\\\/wp-content\\\/uploads\\\/2025\\\/07\\\/1031@LowRes_1_0.png\",\"datePublished\":\"2026-04-27T23:48:07+00:00\",\"dateModified\":\"2026-04-27T23:48:10+00:00\",\"breadcrumb\":{\"@id\":\"https:\\\/\\\/districos.standingout.be\\\/fr\\\/product\\\/depileve-cire-pelliculable-karite-800-g-ref-1031\\\/#breadcrumb\"},\"inLanguage\":\"fr-FR\",\"potentialAction\":[{\"@type\":\"ReadAction\",\"target\":[\"https:\\\/\\\/districos.standingout.be\\\/fr\\\/product\\\/depileve-cire-pelliculable-karite-800-g-ref-1031\\\/\"]}]},{\"@type\":\"ImageObject\",\"inLanguage\":\"fr-FR\",\"@id\":\"https:\\\/\\\/districos.standingout.be\\\/fr\\\/product\\\/depileve-cire-pelliculable-karite-800-g-ref-1031\\\/#primaryimage\",\"url\":\"https:\\\/\\\/districos.standingout.be\\\/wp-content\\\/uploads\\\/2025\\\/07\\\/1031@LowRes_1_0.png\",\"contentUrl\":\"https:\\\/\\\/districos.standingout.be\\\/wp-content\\\/uploads\\\/2025\\\/07\\\/1031@LowRes_1_0.png\",\"width\":600,\"height\":600},{\"@type\":\"BreadcrumbList\",\"@id\":\"https:\\\/\\\/districos.standingout.be\\\/fr\\\/product\\\/depileve-cire-pelliculable-karite-800-g-ref-1031\\\/#breadcrumb\",\"itemListElement\":[{\"@type\":\"ListItem\",\"position\":1,\"name\":\"Home\",\"item\":\"https:\\\/\\\/districos.standingout.be\\\/fr\\\/bienvenue-chez-districos\\\/\"},{\"@type\":\"ListItem\",\"position\":2,\"name\":\"Boutique\",\"item\":\"https:\\\/\\\/districos.standingout.be\\\/fr\\\/boutique\\\/\"},{\"@type\":\"ListItem\",\"position\":3,\"name\":\"Depil\u00e8ve Cire Pelliculable Karit\u00e9 800 g\"}]},{\"@type\":\"WebSite\",\"@id\":\"https:\\\/\\\/districos.standingout.be\\\/fr\\\/#website\",\"url\":\"https:\\\/\\\/districos.standingout.be\\\/fr\\\/\",\"name\":\"Districos Webshop\",\"description\":\"\",\"publisher\":{\"@id\":\"https:\\\/\\\/districos.standingout.be\\\/fr\\\/#organization\"},\"potentialAction\":[{\"@type\":\"SearchAction\",\"target\":{\"@type\":\"EntryPoint\",\"urlTemplate\":\"https:\\\/\\\/districos.standingout.be\\\/fr\\\/?s={search_term_string}\"},\"query-input\":{\"@type\":\"PropertyValueSpecification\",\"valueRequired\":true,\"valueName\":\"search_term_string\"}}],\"inLanguage\":\"fr-FR\"},{\"@type\":\"Organization\",\"@id\":\"https:\\\/\\\/districos.standingout.be\\\/fr\\\/#organization\",\"name\":\"Districos Webshop\",\"url\":\"https:\\\/\\\/districos.standingout.be\\\/fr\\\/\",\"logo\":{\"@type\":\"ImageObject\",\"inLanguage\":\"fr-FR\",\"@id\":\"https:\\\/\\\/districos.standingout.be\\\/fr\\\/#\\\/schema\\\/logo\\\/image\\\/\",\"url\":\"https:\\\/\\\/districos.standingout.be\\\/wp-content\\\/uploads\\\/2022\\\/09\\\/Districos_Logo_Webshop.svg\",\"contentUrl\":\"https:\\\/\\\/districos.standingout.be\\\/wp-content\\\/uploads\\\/2022\\\/09\\\/Districos_Logo_Webshop.svg\",\"caption\":\"Districos Webshop\"},\"image\":{\"@id\":\"https:\\\/\\\/districos.standingout.be\\\/fr\\\/#\\\/schema\\\/logo\\\/image\\\/\"}}]}<\/script>\n<!-- \/ Yoast SEO plugin. -->","yoast_head_json":{"title":"Depil\u00e8ve Cire Pelliculable Karit\u00e9 800 g - Districos Webshop","robots":{"index":"noindex","follow":"follow","max-snippet":"max-snippet:-1","max-image-preview":"max-image-preview:large","max-video-preview":"max-video-preview:-1"},"og_locale":"fr_FR","og_type":"article","og_title":"Depil\u00e8ve Cire Pelliculable Karit\u00e9 800 g - Districos Webshop","og_description":"Cire pelliculable cr\u00e9meuse et riche en beurre de karit\u00e9 pour une \u00e9pilation douce et efficace du visage, des aisselles et du maillot. Cette cire pelliculable est recommand\u00e9e pour les professionnels de la sant\u00e9 qui pr\u00e9f\u00e8rent la texture de la r\u00e9sine traditionnelle combin\u00e9e aux avantages hygi\u00e9niques de la r\u00e9sine en bandes. R\u00e9glage recommand\u00e9 du thermostat du [&hellip;]","og_url":"https:\/\/districos.standingout.be\/fr\/product\/depileve-cire-pelliculable-karite-800-g-ref-1031\/","og_site_name":"Districos Webshop","article_modified_time":"2026-04-27T23:48:10+00:00","og_image":[{"width":600,"height":600,"url":"https:\/\/districos.standingout.be\/wp-content\/uploads\/2025\/07\/1031@LowRes_1_0.png","type":"image\/png"}],"twitter_card":"summary_large_image","twitter_misc":{"Dur\u00e9e de lecture estim\u00e9e":"1 minute"},"schema":{"@context":"https:\/\/schema.org","@graph":[{"@type":"WebPage","@id":"https:\/\/districos.standingout.be\/fr\/product\/depileve-cire-pelliculable-karite-800-g-ref-1031\/","url":"https:\/\/districos.standingout.be\/fr\/product\/depileve-cire-pelliculable-karite-800-g-ref-1031\/","name":"Depil\u00e8ve Cire Pelliculable Karit\u00e9 800 g - Districos Webshop","isPartOf":{"@id":"https:\/\/districos.standingout.be\/fr\/#website"},"primaryImageOfPage":{"@id":"https:\/\/districos.standingout.be\/fr\/product\/depileve-cire-pelliculable-karite-800-g-ref-1031\/#primaryimage"},"image":{"@id":"https:\/\/districos.standingout.be\/fr\/product\/depileve-cire-pelliculable-karite-800-g-ref-1031\/#primaryimage"},"thumbnailUrl":"https:\/\/districos.standingout.be\/wp-content\/uploads\/2025\/07\/1031@LowRes_1_0.png","datePublished":"2026-04-27T23:48:07+00:00","dateModified":"2026-04-27T23:48:10+00:00","breadcrumb":{"@id":"https:\/\/districos.standingout.be\/fr\/product\/depileve-cire-pelliculable-karite-800-g-ref-1031\/#breadcrumb"},"inLanguage":"fr-FR","potentialAction":[{"@type":"ReadAction","target":["https:\/\/districos.standingout.be\/fr\/product\/depileve-cire-pelliculable-karite-800-g-ref-1031\/"]}]},{"@type":"ImageObject","inLanguage":"fr-FR","@id":"https:\/\/districos.standingout.be\/fr\/product\/depileve-cire-pelliculable-karite-800-g-ref-1031\/#primaryimage","url":"https:\/\/districos.standingout.be\/wp-content\/uploads\/2025\/07\/1031@LowRes_1_0.png","contentUrl":"https:\/\/districos.standingout.be\/wp-content\/uploads\/2025\/07\/1031@LowRes_1_0.png","width":600,"height":600},{"@type":"BreadcrumbList","@id":"https:\/\/districos.standingout.be\/fr\/product\/depileve-cire-pelliculable-karite-800-g-ref-1031\/#breadcrumb","itemListElement":[{"@type":"ListItem","position":1,"name":"Home","item":"https:\/\/districos.standingout.be\/fr\/bienvenue-chez-districos\/"},{"@type":"ListItem","position":2,"name":"Boutique","item":"https:\/\/districos.standingout.be\/fr\/boutique\/"},{"@type":"ListItem","position":3,"name":"Depil\u00e8ve Cire Pelliculable Karit\u00e9 800 g"}]},{"@type":"WebSite","@id":"https:\/\/districos.standingout.be\/fr\/#website","url":"https:\/\/districos.standingout.be\/fr\/","name":"Districos Webshop","description":"","publisher":{"@id":"https:\/\/districos.standingout.be\/fr\/#organization"},"potentialAction":[{"@type":"SearchAction","target":{"@type":"EntryPoint","urlTemplate":"https:\/\/districos.standingout.be\/fr\/?s={search_term_string}"},"query-input":{"@type":"PropertyValueSpecification","valueRequired":true,"valueName":"search_term_string"}}],"inLanguage":"fr-FR"},{"@type":"Organization","@id":"https:\/\/districos.standingout.be\/fr\/#organization","name":"Districos Webshop","url":"https:\/\/districos.standingout.be\/fr\/","logo":{"@type":"ImageObject","inLanguage":"fr-FR","@id":"https:\/\/districos.standingout.be\/fr\/#\/schema\/logo\/image\/","url":"https:\/\/districos.standingout.be\/wp-content\/uploads\/2022\/09\/Districos_Logo_Webshop.svg","contentUrl":"https:\/\/districos.standingout.be\/wp-content\/uploads\/2022\/09\/Districos_Logo_Webshop.svg","caption":"Districos Webshop"},"image":{"@id":"https:\/\/districos.standingout.be\/fr\/#\/schema\/logo\/image\/"}}]}},"_links":{"self":[{"href":"https:\/\/districos.standingout.be\/fr\/wp-json\/wp\/v2\/product\/133686","targetHints":{"allow":["GET"]}}],"collection":[{"href":"https:\/\/districos.standingout.be\/fr\/wp-json\/wp\/v2\/product"}],"about":[{"href":"https:\/\/districos.standingout.be\/fr\/wp-json\/wp\/v2\/types\/product"}],"replies":[{"embeddable":true,"href":"https:\/\/districos.standingout.be\/fr\/wp-json\/wp\/v2\/comments?post=133686"}],"wp:featuredmedia":[{"embeddable":true,"href":"https:\/\/districos.standingout.be\/fr\/wp-json\/wp\/v2\/media\/69941"}],"wp:attachment":[{"href":"https:\/\/districos.standingout.be\/fr\/wp-json\/wp\/v2\/media?parent=133686"}],"wp:term":[{"taxonomy":"product_brand","embeddable":true,"href":"https:\/\/districos.standingout.be\/fr\/wp-json\/wp\/v2\/product_brand?post=133686"},{"taxonomy":"product_cat","embeddable":true,"href":"https:\/\/districos.standingout.be\/fr\/wp-json\/wp\/v2\/product_cat?post=133686"},{"taxonomy":"product_tag","embeddable":true,"href":"https:\/\/districos.standingout.be\/fr\/wp-json\/wp\/v2\/product_tag?post=133686"}],"curies":[{"name":"wp","href":"https:\/\/api.w.org\/{rel}","templated":true}]}}