{"id":133688,"date":"2026-04-28T01:48:10","date_gmt":"2026-04-27T23:48:10","guid":{"rendered":"https:\/\/webshopdistricoscom.webhosting.be\/product\/depileve-cire-pelliculable-karite-perles-500-g-ref-1031-03\/"},"modified":"2026-04-28T01:48:13","modified_gmt":"2026-04-27T23:48:13","slug":"depileve-cire-pelliculable-karite-perles-500-g-ref-1031-03","status":"publish","type":"product","link":"https:\/\/districos.standingout.be\/fr\/product\/depileve-cire-pelliculable-karite-perles-500-g-ref-1031-03\/","title":{"rendered":"Depil\u00e8ve Cire Pelliculable Karit\u00e9 Perles 500 g"},"content":{"rendered":"<p >\n<\/p>\n<p><font size=\"2\"><span lang=\"FR\">Cire pelliculable cr\u00e9meuse et riche avec du beurre de karit\u00e9 pour une \u00e9pilation douce et efficace du visage, des aisselles et du bikini. <o:p><\/o:p><\/span><\/font><\/p>\n<p><font size=\"2\"><\/font><\/p>\n<ul>\n<li><font size=\"2\"><span lang=\"FR\">Cette cire pelliculable est recommand\u00e9e pour les esth\u00e9ticien(ne)s qui pr\u00e9f\u00e8rent la texture des cires traditionnelles en combinaison avec les avantages hygi\u00e9niques de la cire jetable. <\/span><\/font><\/li>\n<li><font size=\"2\"><span lang=\"FR\">Position recommand\u00e9e du thermostat du Neo Chauffe-Cire Depil\u00e8ve : 3,5 \u00e0 4,5.<\/span><\/font><\/li>\n<li><font size=\"2\"><span lang=\"FR\">Sans parfum.<\/span><\/font><\/li>\n<li><font size=\"2\"><span lang=\"FR\">Emballage : <\/span><span>sac avec 500 g de perles pour un remplissage facile et un usage dans d\u2019autres chauffes-cires.<\/span><\/font><\/li>\n<\/ul>\n<p><font size=\"2\"><span lang=\"FR\"><b>Propri\u00e9t\u00e9s<\/b><o:p><\/o:p><\/span><\/font><\/p>\n<p><font size=\"2\"><\/font><\/p>\n<ul>\n<li><font size=\"2\"><span lang=\"FR\">\u00c9lasticit\u00e9&nbsp;: m\u00e9dium.<\/span><\/font><\/li>\n<li><font size=\"2\"><span lang=\"FR\">Temp\u00e9rature de solidification&nbsp;: m\u00e9dium.<\/span><\/font><\/li>\n<li><font size=\"2\"><span lang=\"FR\">Adh\u00e9rence&nbsp;: pour des poils normaux, moins appropri\u00e9e pour les poils fins et courts.<\/span><\/font><\/li>\n<li><font size=\"2\"><span lang=\"FR\">Texture&nbsp;: riche, cr\u00e9meuse.<\/span><\/font><\/li>\n<\/ul>\n<p><font size=\"2\"> <\/font><\/p>\n<p><font size=\"2\"><span lang=\"FR\"><b>CONSEIL <\/b>: R\u00e9glez votre chauffe-cire Depil\u00e8ve sur 7 afin de faire fondre plus vite votre cire pelliculable. R\u00e9glez-le ensuite sur la position 3,5 \u00e0 4,5 pour \u00e9piler.<\/span><\/font><\/p>\n","protected":false},"excerpt":{"rendered":"<p>Cire pelliculable cr\u00e9meuse et riche avec du beurre de karit\u00e9 pour une \u00e9pilation douce et efficace du visage, des aisselles et du bikini. Cette cire pelliculable est recommand\u00e9e pour les esth\u00e9ticien(ne)s qui pr\u00e9f\u00e8rent la texture des cires traditionnelles en combinaison avec les avantages hygi\u00e9niques de la cire jetable. Position recommand\u00e9e du thermostat du Neo Chauffe-Cire [&hellip;]<\/p>\n","protected":false},"featured_media":69944,"comment_status":"open","ping_status":"closed","template":"","meta":{"_acf_changed":false},"product_brand":[10376],"product_cat":[9914],"product_tag":[],"class_list":{"0":"post-133688","1":"product","2":"type-product","3":"status-publish","4":"has-post-thumbnail","6":"product_brand-depileve-fr","7":"product_cat-beaute-epilation-cire-pelliculable","9":"first","10":"instock","11":"taxable","12":"shipping-taxable","13":"product-type-simple"},"acf":[],"yoast_head":"<!-- This site is optimized with the Yoast SEO plugin v27.3 - https:\/\/yoast.com\/product\/yoast-seo-wordpress\/ -->\n<title>Depil\u00e8ve Cire Pelliculable Karit\u00e9 Perles 500 g - Districos Webshop<\/title>\n<meta name=\"robots\" content=\"noindex, follow, max-snippet:-1, max-image-preview:large, max-video-preview:-1\" \/>\n<meta property=\"og:locale\" content=\"fr_FR\" \/>\n<meta property=\"og:type\" content=\"article\" \/>\n<meta property=\"og:title\" content=\"Depil\u00e8ve Cire Pelliculable Karit\u00e9 Perles 500 g - Districos Webshop\" \/>\n<meta property=\"og:description\" content=\"Cire pelliculable cr\u00e9meuse et riche avec du beurre de karit\u00e9 pour une \u00e9pilation douce et efficace du visage, des aisselles et du bikini. Cette cire pelliculable est recommand\u00e9e pour les esth\u00e9ticien(ne)s qui pr\u00e9f\u00e8rent la texture des cires traditionnelles en combinaison avec les avantages hygi\u00e9niques de la cire jetable. Position recommand\u00e9e du thermostat du Neo Chauffe-Cire [&hellip;]\" \/>\n<meta property=\"og:url\" content=\"https:\/\/districos.standingout.be\/fr\/product\/depileve-cire-pelliculable-karite-perles-500-g-ref-1031-03\/\" \/>\n<meta property=\"og:site_name\" content=\"Districos Webshop\" \/>\n<meta property=\"article:modified_time\" content=\"2026-04-27T23:48:13+00:00\" \/>\n<meta property=\"og:image\" content=\"https:\/\/districos.standingout.be\/wp-content\/uploads\/2025\/07\/1031.03@LowRes_1.png\" \/>\n\t<meta property=\"og:image:width\" content=\"600\" \/>\n\t<meta property=\"og:image:height\" content=\"600\" \/>\n\t<meta property=\"og:image:type\" content=\"image\/png\" \/>\n<meta name=\"twitter:card\" content=\"summary_large_image\" \/>\n<meta name=\"twitter:label1\" content=\"Dur\u00e9e de lecture estim\u00e9e\" \/>\n\t<meta name=\"twitter:data1\" content=\"1 minute\" \/>\n<script type=\"application\/ld+json\" class=\"yoast-schema-graph\">{\"@context\":\"https:\\\/\\\/schema.org\",\"@graph\":[{\"@type\":\"WebPage\",\"@id\":\"https:\\\/\\\/districos.standingout.be\\\/fr\\\/product\\\/depileve-cire-pelliculable-karite-perles-500-g-ref-1031-03\\\/\",\"url\":\"https:\\\/\\\/districos.standingout.be\\\/fr\\\/product\\\/depileve-cire-pelliculable-karite-perles-500-g-ref-1031-03\\\/\",\"name\":\"Depil\u00e8ve Cire Pelliculable Karit\u00e9 Perles 500 g - Districos Webshop\",\"isPartOf\":{\"@id\":\"https:\\\/\\\/districos.standingout.be\\\/fr\\\/#website\"},\"primaryImageOfPage\":{\"@id\":\"https:\\\/\\\/districos.standingout.be\\\/fr\\\/product\\\/depileve-cire-pelliculable-karite-perles-500-g-ref-1031-03\\\/#primaryimage\"},\"image\":{\"@id\":\"https:\\\/\\\/districos.standingout.be\\\/fr\\\/product\\\/depileve-cire-pelliculable-karite-perles-500-g-ref-1031-03\\\/#primaryimage\"},\"thumbnailUrl\":\"https:\\\/\\\/districos.standingout.be\\\/wp-content\\\/uploads\\\/2025\\\/07\\\/1031.03@LowRes_1.png\",\"datePublished\":\"2026-04-27T23:48:10+00:00\",\"dateModified\":\"2026-04-27T23:48:13+00:00\",\"breadcrumb\":{\"@id\":\"https:\\\/\\\/districos.standingout.be\\\/fr\\\/product\\\/depileve-cire-pelliculable-karite-perles-500-g-ref-1031-03\\\/#breadcrumb\"},\"inLanguage\":\"fr-FR\",\"potentialAction\":[{\"@type\":\"ReadAction\",\"target\":[\"https:\\\/\\\/districos.standingout.be\\\/fr\\\/product\\\/depileve-cire-pelliculable-karite-perles-500-g-ref-1031-03\\\/\"]}]},{\"@type\":\"ImageObject\",\"inLanguage\":\"fr-FR\",\"@id\":\"https:\\\/\\\/districos.standingout.be\\\/fr\\\/product\\\/depileve-cire-pelliculable-karite-perles-500-g-ref-1031-03\\\/#primaryimage\",\"url\":\"https:\\\/\\\/districos.standingout.be\\\/wp-content\\\/uploads\\\/2025\\\/07\\\/1031.03@LowRes_1.png\",\"contentUrl\":\"https:\\\/\\\/districos.standingout.be\\\/wp-content\\\/uploads\\\/2025\\\/07\\\/1031.03@LowRes_1.png\",\"width\":600,\"height\":600},{\"@type\":\"BreadcrumbList\",\"@id\":\"https:\\\/\\\/districos.standingout.be\\\/fr\\\/product\\\/depileve-cire-pelliculable-karite-perles-500-g-ref-1031-03\\\/#breadcrumb\",\"itemListElement\":[{\"@type\":\"ListItem\",\"position\":1,\"name\":\"Home\",\"item\":\"https:\\\/\\\/districos.standingout.be\\\/fr\\\/bienvenue-chez-districos\\\/\"},{\"@type\":\"ListItem\",\"position\":2,\"name\":\"Boutique\",\"item\":\"https:\\\/\\\/districos.standingout.be\\\/fr\\\/boutique\\\/\"},{\"@type\":\"ListItem\",\"position\":3,\"name\":\"Depil\u00e8ve Cire Pelliculable Karit\u00e9 Perles 500 g\"}]},{\"@type\":\"WebSite\",\"@id\":\"https:\\\/\\\/districos.standingout.be\\\/fr\\\/#website\",\"url\":\"https:\\\/\\\/districos.standingout.be\\\/fr\\\/\",\"name\":\"Districos Webshop\",\"description\":\"\",\"publisher\":{\"@id\":\"https:\\\/\\\/districos.standingout.be\\\/fr\\\/#organization\"},\"potentialAction\":[{\"@type\":\"SearchAction\",\"target\":{\"@type\":\"EntryPoint\",\"urlTemplate\":\"https:\\\/\\\/districos.standingout.be\\\/fr\\\/?s={search_term_string}\"},\"query-input\":{\"@type\":\"PropertyValueSpecification\",\"valueRequired\":true,\"valueName\":\"search_term_string\"}}],\"inLanguage\":\"fr-FR\"},{\"@type\":\"Organization\",\"@id\":\"https:\\\/\\\/districos.standingout.be\\\/fr\\\/#organization\",\"name\":\"Districos Webshop\",\"url\":\"https:\\\/\\\/districos.standingout.be\\\/fr\\\/\",\"logo\":{\"@type\":\"ImageObject\",\"inLanguage\":\"fr-FR\",\"@id\":\"https:\\\/\\\/districos.standingout.be\\\/fr\\\/#\\\/schema\\\/logo\\\/image\\\/\",\"url\":\"https:\\\/\\\/districos.standingout.be\\\/wp-content\\\/uploads\\\/2022\\\/09\\\/Districos_Logo_Webshop.svg\",\"contentUrl\":\"https:\\\/\\\/districos.standingout.be\\\/wp-content\\\/uploads\\\/2022\\\/09\\\/Districos_Logo_Webshop.svg\",\"caption\":\"Districos Webshop\"},\"image\":{\"@id\":\"https:\\\/\\\/districos.standingout.be\\\/fr\\\/#\\\/schema\\\/logo\\\/image\\\/\"}}]}<\/script>\n<!-- \/ Yoast SEO plugin. -->","yoast_head_json":{"title":"Depil\u00e8ve Cire Pelliculable Karit\u00e9 Perles 500 g - Districos Webshop","robots":{"index":"noindex","follow":"follow","max-snippet":"max-snippet:-1","max-image-preview":"max-image-preview:large","max-video-preview":"max-video-preview:-1"},"og_locale":"fr_FR","og_type":"article","og_title":"Depil\u00e8ve Cire Pelliculable Karit\u00e9 Perles 500 g - Districos Webshop","og_description":"Cire pelliculable cr\u00e9meuse et riche avec du beurre de karit\u00e9 pour une \u00e9pilation douce et efficace du visage, des aisselles et du bikini. Cette cire pelliculable est recommand\u00e9e pour les esth\u00e9ticien(ne)s qui pr\u00e9f\u00e8rent la texture des cires traditionnelles en combinaison avec les avantages hygi\u00e9niques de la cire jetable. Position recommand\u00e9e du thermostat du Neo Chauffe-Cire [&hellip;]","og_url":"https:\/\/districos.standingout.be\/fr\/product\/depileve-cire-pelliculable-karite-perles-500-g-ref-1031-03\/","og_site_name":"Districos Webshop","article_modified_time":"2026-04-27T23:48:13+00:00","og_image":[{"width":600,"height":600,"url":"https:\/\/districos.standingout.be\/wp-content\/uploads\/2025\/07\/1031.03@LowRes_1.png","type":"image\/png"}],"twitter_card":"summary_large_image","twitter_misc":{"Dur\u00e9e de lecture estim\u00e9e":"1 minute"},"schema":{"@context":"https:\/\/schema.org","@graph":[{"@type":"WebPage","@id":"https:\/\/districos.standingout.be\/fr\/product\/depileve-cire-pelliculable-karite-perles-500-g-ref-1031-03\/","url":"https:\/\/districos.standingout.be\/fr\/product\/depileve-cire-pelliculable-karite-perles-500-g-ref-1031-03\/","name":"Depil\u00e8ve Cire Pelliculable Karit\u00e9 Perles 500 g - Districos Webshop","isPartOf":{"@id":"https:\/\/districos.standingout.be\/fr\/#website"},"primaryImageOfPage":{"@id":"https:\/\/districos.standingout.be\/fr\/product\/depileve-cire-pelliculable-karite-perles-500-g-ref-1031-03\/#primaryimage"},"image":{"@id":"https:\/\/districos.standingout.be\/fr\/product\/depileve-cire-pelliculable-karite-perles-500-g-ref-1031-03\/#primaryimage"},"thumbnailUrl":"https:\/\/districos.standingout.be\/wp-content\/uploads\/2025\/07\/1031.03@LowRes_1.png","datePublished":"2026-04-27T23:48:10+00:00","dateModified":"2026-04-27T23:48:13+00:00","breadcrumb":{"@id":"https:\/\/districos.standingout.be\/fr\/product\/depileve-cire-pelliculable-karite-perles-500-g-ref-1031-03\/#breadcrumb"},"inLanguage":"fr-FR","potentialAction":[{"@type":"ReadAction","target":["https:\/\/districos.standingout.be\/fr\/product\/depileve-cire-pelliculable-karite-perles-500-g-ref-1031-03\/"]}]},{"@type":"ImageObject","inLanguage":"fr-FR","@id":"https:\/\/districos.standingout.be\/fr\/product\/depileve-cire-pelliculable-karite-perles-500-g-ref-1031-03\/#primaryimage","url":"https:\/\/districos.standingout.be\/wp-content\/uploads\/2025\/07\/1031.03@LowRes_1.png","contentUrl":"https:\/\/districos.standingout.be\/wp-content\/uploads\/2025\/07\/1031.03@LowRes_1.png","width":600,"height":600},{"@type":"BreadcrumbList","@id":"https:\/\/districos.standingout.be\/fr\/product\/depileve-cire-pelliculable-karite-perles-500-g-ref-1031-03\/#breadcrumb","itemListElement":[{"@type":"ListItem","position":1,"name":"Home","item":"https:\/\/districos.standingout.be\/fr\/bienvenue-chez-districos\/"},{"@type":"ListItem","position":2,"name":"Boutique","item":"https:\/\/districos.standingout.be\/fr\/boutique\/"},{"@type":"ListItem","position":3,"name":"Depil\u00e8ve Cire Pelliculable Karit\u00e9 Perles 500 g"}]},{"@type":"WebSite","@id":"https:\/\/districos.standingout.be\/fr\/#website","url":"https:\/\/districos.standingout.be\/fr\/","name":"Districos Webshop","description":"","publisher":{"@id":"https:\/\/districos.standingout.be\/fr\/#organization"},"potentialAction":[{"@type":"SearchAction","target":{"@type":"EntryPoint","urlTemplate":"https:\/\/districos.standingout.be\/fr\/?s={search_term_string}"},"query-input":{"@type":"PropertyValueSpecification","valueRequired":true,"valueName":"search_term_string"}}],"inLanguage":"fr-FR"},{"@type":"Organization","@id":"https:\/\/districos.standingout.be\/fr\/#organization","name":"Districos Webshop","url":"https:\/\/districos.standingout.be\/fr\/","logo":{"@type":"ImageObject","inLanguage":"fr-FR","@id":"https:\/\/districos.standingout.be\/fr\/#\/schema\/logo\/image\/","url":"https:\/\/districos.standingout.be\/wp-content\/uploads\/2022\/09\/Districos_Logo_Webshop.svg","contentUrl":"https:\/\/districos.standingout.be\/wp-content\/uploads\/2022\/09\/Districos_Logo_Webshop.svg","caption":"Districos Webshop"},"image":{"@id":"https:\/\/districos.standingout.be\/fr\/#\/schema\/logo\/image\/"}}]}},"_links":{"self":[{"href":"https:\/\/districos.standingout.be\/fr\/wp-json\/wp\/v2\/product\/133688","targetHints":{"allow":["GET"]}}],"collection":[{"href":"https:\/\/districos.standingout.be\/fr\/wp-json\/wp\/v2\/product"}],"about":[{"href":"https:\/\/districos.standingout.be\/fr\/wp-json\/wp\/v2\/types\/product"}],"replies":[{"embeddable":true,"href":"https:\/\/districos.standingout.be\/fr\/wp-json\/wp\/v2\/comments?post=133688"}],"wp:featuredmedia":[{"embeddable":true,"href":"https:\/\/districos.standingout.be\/fr\/wp-json\/wp\/v2\/media\/69944"}],"wp:attachment":[{"href":"https:\/\/districos.standingout.be\/fr\/wp-json\/wp\/v2\/media?parent=133688"}],"wp:term":[{"taxonomy":"product_brand","embeddable":true,"href":"https:\/\/districos.standingout.be\/fr\/wp-json\/wp\/v2\/product_brand?post=133688"},{"taxonomy":"product_cat","embeddable":true,"href":"https:\/\/districos.standingout.be\/fr\/wp-json\/wp\/v2\/product_cat?post=133688"},{"taxonomy":"product_tag","embeddable":true,"href":"https:\/\/districos.standingout.be\/fr\/wp-json\/wp\/v2\/product_tag?post=133688"}],"curies":[{"name":"wp","href":"https:\/\/api.w.org\/{rel}","templated":true}]}}