{"id":133694,"date":"2026-04-28T01:48:21","date_gmt":"2026-04-27T23:48:21","guid":{"rendered":"https:\/\/webshopdistricoscom.webhosting.be\/product\/depileve-cire-pelliculable-intima-800-g-ref-1033\/"},"modified":"2026-04-28T01:48:24","modified_gmt":"2026-04-27T23:48:24","slug":"depileve-cire-pelliculable-intima-800-g-ref-1033","status":"publish","type":"product","link":"https:\/\/districos.standingout.be\/fr\/product\/depileve-cire-pelliculable-intima-800-g-ref-1033\/","title":{"rendered":"Depil\u00e8ve Cire Pelliculable Intima 800 g"},"content":{"rendered":"<p >\n<\/p>\n<\/p>\n<p><font size=\"2\"><span lang=\"FR\">Cire pelliculable rose saumon au parfum exotique et une adh\u00e9rence optimale. Sa texture fine et la possibilit\u00e9 de l\u2019utiliser \u00e0 basse temp\u00e9rature la rendent id\u00e9ale comme cire pelliculable pour l\u2019\u00e9pilation du bikini, l\u2019\u00e9pilation br\u00e9silienne et Hollywood chez des client(e)s sensibles \u00e0 la temp\u00e9rature. C\u2019est la cire pelliculable pr\u00e9f\u00e9r\u00e9e des professionnel(le)s plus exp\u00e9riment\u00e9(e)s. <o:p><\/o:p><\/span><\/font><\/p>\n<p><font size=\"2\"><\/font><\/p>\n<ul>\n<li><font size=\"2\"><span lang=\"FR\">Position recommand\u00e9e du thermostat du Neo Chauffe-Cire Depil\u00e8ve : 3 \u00e0 5, selon la pr\u00e9f\u00e9rence du\/de la client(e) ou de l\u2019esth\u00e9ticien(ne).<\/span><\/font><\/li>\n<li><font size=\"2\"><span lang=\"FR\">Emballage : pot de 800 g \u00e0 mettre directement dans le chauffe-cire Depil\u00e8ve.<\/span><\/font><\/li>\n<li><font size=\"2\"><span lang=\"FR\">Aussi disponible en pot de 400 g (<a href=\"https:\/\/districos.com\/ProductDetail\/1033.01\" target=\"_blank\" rel=\"noopener noreferrer nofollow\">r\u00e9f. 1033.01<\/a>).<\/span><\/font><\/li>\n<\/ul>\n<p><font size=\"2\"><span lang=\"FR\"><b>Propri\u00e9t\u00e9s<o:p><\/o:p><\/b><\/span><\/font><\/p>\n<p><font size=\"2\"><\/font><\/p>\n<ul>\n<li><font size=\"2\"><span lang=\"FR\">\u00c9lasticit\u00e9&nbsp;: \u00e9lev\u00e9e.<\/span><\/font><\/li>\n<li><font size=\"2\"><span lang=\"FR\">Temp\u00e9rature de solidification&nbsp;: \u00e9lev\u00e9e.<\/span><\/font><\/li>\n<li><font size=\"2\"><span lang=\"FR\">Adh\u00e9rence&nbsp;: \u00e9lev\u00e9e.<\/span><\/font><\/li>\n<li><font size=\"2\"><span lang=\"FR\">Texture&nbsp;: fine.<\/span><\/font><\/li>\n<\/ul>\n<p><font size=\"2\"> <\/font><\/p>\n<p><font size=\"2\"><span lang=\"FR\"><b>CONSEIL <\/b>: R\u00e9glez votre chauffe-cire Depil\u00e8ve sur 7 afin de faire fondre plus vite votre cire pelliculable. R\u00e9glez-le ensuite sur la position 3 \u00e0 5 pour \u00e9piler.<\/span><\/font><\/p>\n","protected":false},"excerpt":{"rendered":"<p>Cire pelliculable rose saumon au parfum exotique et une adh\u00e9rence optimale. Sa texture fine et la possibilit\u00e9 de l\u2019utiliser \u00e0 basse temp\u00e9rature la rendent id\u00e9ale comme cire pelliculable pour l\u2019\u00e9pilation du bikini, l\u2019\u00e9pilation br\u00e9silienne et Hollywood chez des client(e)s sensibles \u00e0 la temp\u00e9rature. C\u2019est la cire pelliculable pr\u00e9f\u00e9r\u00e9e des professionnel(le)s plus exp\u00e9riment\u00e9(e)s. Position recommand\u00e9e du [&hellip;]<\/p>\n","protected":false},"featured_media":69953,"comment_status":"open","ping_status":"closed","template":"","meta":{"_acf_changed":false},"product_brand":[10376],"product_cat":[9914],"product_tag":[],"class_list":{"0":"post-133694","1":"product","2":"type-product","3":"status-publish","4":"has-post-thumbnail","6":"product_brand-depileve-fr","7":"product_cat-beaute-epilation-cire-pelliculable","9":"first","10":"instock","11":"taxable","12":"shipping-taxable","13":"product-type-simple"},"acf":[],"yoast_head":"<!-- This site is optimized with the Yoast SEO plugin v27.3 - https:\/\/yoast.com\/product\/yoast-seo-wordpress\/ -->\n<title>Depil\u00e8ve Cire Pelliculable Intima 800 g - Districos Webshop<\/title>\n<meta name=\"robots\" content=\"noindex, follow, max-snippet:-1, max-image-preview:large, max-video-preview:-1\" \/>\n<meta property=\"og:locale\" content=\"fr_FR\" \/>\n<meta property=\"og:type\" content=\"article\" \/>\n<meta property=\"og:title\" content=\"Depil\u00e8ve Cire Pelliculable Intima 800 g - Districos Webshop\" \/>\n<meta property=\"og:description\" content=\"Cire pelliculable rose saumon au parfum exotique et une adh\u00e9rence optimale. Sa texture fine et la possibilit\u00e9 de l\u2019utiliser \u00e0 basse temp\u00e9rature la rendent id\u00e9ale comme cire pelliculable pour l\u2019\u00e9pilation du bikini, l\u2019\u00e9pilation br\u00e9silienne et Hollywood chez des client(e)s sensibles \u00e0 la temp\u00e9rature. C\u2019est la cire pelliculable pr\u00e9f\u00e9r\u00e9e des professionnel(le)s plus exp\u00e9riment\u00e9(e)s. Position recommand\u00e9e du [&hellip;]\" \/>\n<meta property=\"og:url\" content=\"https:\/\/districos.standingout.be\/fr\/product\/depileve-cire-pelliculable-intima-800-g-ref-1033\/\" \/>\n<meta property=\"og:site_name\" content=\"Districos Webshop\" \/>\n<meta property=\"article:modified_time\" content=\"2026-04-27T23:48:24+00:00\" \/>\n<meta property=\"og:image\" content=\"https:\/\/districos.standingout.be\/wp-content\/uploads\/2025\/07\/1033@LowRes_1_0.png\" \/>\n\t<meta property=\"og:image:width\" content=\"600\" \/>\n\t<meta property=\"og:image:height\" content=\"600\" \/>\n\t<meta property=\"og:image:type\" content=\"image\/png\" \/>\n<meta name=\"twitter:card\" content=\"summary_large_image\" \/>\n<meta name=\"twitter:label1\" content=\"Dur\u00e9e de lecture estim\u00e9e\" \/>\n\t<meta name=\"twitter:data1\" content=\"1 minute\" \/>\n<script type=\"application\/ld+json\" class=\"yoast-schema-graph\">{\"@context\":\"https:\\\/\\\/schema.org\",\"@graph\":[{\"@type\":\"WebPage\",\"@id\":\"https:\\\/\\\/districos.standingout.be\\\/fr\\\/product\\\/depileve-cire-pelliculable-intima-800-g-ref-1033\\\/\",\"url\":\"https:\\\/\\\/districos.standingout.be\\\/fr\\\/product\\\/depileve-cire-pelliculable-intima-800-g-ref-1033\\\/\",\"name\":\"Depil\u00e8ve Cire Pelliculable Intima 800 g - Districos Webshop\",\"isPartOf\":{\"@id\":\"https:\\\/\\\/districos.standingout.be\\\/fr\\\/#website\"},\"primaryImageOfPage\":{\"@id\":\"https:\\\/\\\/districos.standingout.be\\\/fr\\\/product\\\/depileve-cire-pelliculable-intima-800-g-ref-1033\\\/#primaryimage\"},\"image\":{\"@id\":\"https:\\\/\\\/districos.standingout.be\\\/fr\\\/product\\\/depileve-cire-pelliculable-intima-800-g-ref-1033\\\/#primaryimage\"},\"thumbnailUrl\":\"https:\\\/\\\/districos.standingout.be\\\/wp-content\\\/uploads\\\/2025\\\/07\\\/1033@LowRes_1_0.png\",\"datePublished\":\"2026-04-27T23:48:21+00:00\",\"dateModified\":\"2026-04-27T23:48:24+00:00\",\"breadcrumb\":{\"@id\":\"https:\\\/\\\/districos.standingout.be\\\/fr\\\/product\\\/depileve-cire-pelliculable-intima-800-g-ref-1033\\\/#breadcrumb\"},\"inLanguage\":\"fr-FR\",\"potentialAction\":[{\"@type\":\"ReadAction\",\"target\":[\"https:\\\/\\\/districos.standingout.be\\\/fr\\\/product\\\/depileve-cire-pelliculable-intima-800-g-ref-1033\\\/\"]}]},{\"@type\":\"ImageObject\",\"inLanguage\":\"fr-FR\",\"@id\":\"https:\\\/\\\/districos.standingout.be\\\/fr\\\/product\\\/depileve-cire-pelliculable-intima-800-g-ref-1033\\\/#primaryimage\",\"url\":\"https:\\\/\\\/districos.standingout.be\\\/wp-content\\\/uploads\\\/2025\\\/07\\\/1033@LowRes_1_0.png\",\"contentUrl\":\"https:\\\/\\\/districos.standingout.be\\\/wp-content\\\/uploads\\\/2025\\\/07\\\/1033@LowRes_1_0.png\",\"width\":600,\"height\":600},{\"@type\":\"BreadcrumbList\",\"@id\":\"https:\\\/\\\/districos.standingout.be\\\/fr\\\/product\\\/depileve-cire-pelliculable-intima-800-g-ref-1033\\\/#breadcrumb\",\"itemListElement\":[{\"@type\":\"ListItem\",\"position\":1,\"name\":\"Home\",\"item\":\"https:\\\/\\\/districos.standingout.be\\\/fr\\\/bienvenue-chez-districos\\\/\"},{\"@type\":\"ListItem\",\"position\":2,\"name\":\"Boutique\",\"item\":\"https:\\\/\\\/districos.standingout.be\\\/fr\\\/boutique\\\/\"},{\"@type\":\"ListItem\",\"position\":3,\"name\":\"Depil\u00e8ve Cire Pelliculable Intima 800 g\"}]},{\"@type\":\"WebSite\",\"@id\":\"https:\\\/\\\/districos.standingout.be\\\/fr\\\/#website\",\"url\":\"https:\\\/\\\/districos.standingout.be\\\/fr\\\/\",\"name\":\"Districos Webshop\",\"description\":\"\",\"publisher\":{\"@id\":\"https:\\\/\\\/districos.standingout.be\\\/fr\\\/#organization\"},\"potentialAction\":[{\"@type\":\"SearchAction\",\"target\":{\"@type\":\"EntryPoint\",\"urlTemplate\":\"https:\\\/\\\/districos.standingout.be\\\/fr\\\/?s={search_term_string}\"},\"query-input\":{\"@type\":\"PropertyValueSpecification\",\"valueRequired\":true,\"valueName\":\"search_term_string\"}}],\"inLanguage\":\"fr-FR\"},{\"@type\":\"Organization\",\"@id\":\"https:\\\/\\\/districos.standingout.be\\\/fr\\\/#organization\",\"name\":\"Districos Webshop\",\"url\":\"https:\\\/\\\/districos.standingout.be\\\/fr\\\/\",\"logo\":{\"@type\":\"ImageObject\",\"inLanguage\":\"fr-FR\",\"@id\":\"https:\\\/\\\/districos.standingout.be\\\/fr\\\/#\\\/schema\\\/logo\\\/image\\\/\",\"url\":\"https:\\\/\\\/districos.standingout.be\\\/wp-content\\\/uploads\\\/2022\\\/09\\\/Districos_Logo_Webshop.svg\",\"contentUrl\":\"https:\\\/\\\/districos.standingout.be\\\/wp-content\\\/uploads\\\/2022\\\/09\\\/Districos_Logo_Webshop.svg\",\"caption\":\"Districos Webshop\"},\"image\":{\"@id\":\"https:\\\/\\\/districos.standingout.be\\\/fr\\\/#\\\/schema\\\/logo\\\/image\\\/\"}}]}<\/script>\n<!-- \/ Yoast SEO plugin. -->","yoast_head_json":{"title":"Depil\u00e8ve Cire Pelliculable Intima 800 g - Districos Webshop","robots":{"index":"noindex","follow":"follow","max-snippet":"max-snippet:-1","max-image-preview":"max-image-preview:large","max-video-preview":"max-video-preview:-1"},"og_locale":"fr_FR","og_type":"article","og_title":"Depil\u00e8ve Cire Pelliculable Intima 800 g - Districos Webshop","og_description":"Cire pelliculable rose saumon au parfum exotique et une adh\u00e9rence optimale. Sa texture fine et la possibilit\u00e9 de l\u2019utiliser \u00e0 basse temp\u00e9rature la rendent id\u00e9ale comme cire pelliculable pour l\u2019\u00e9pilation du bikini, l\u2019\u00e9pilation br\u00e9silienne et Hollywood chez des client(e)s sensibles \u00e0 la temp\u00e9rature. C\u2019est la cire pelliculable pr\u00e9f\u00e9r\u00e9e des professionnel(le)s plus exp\u00e9riment\u00e9(e)s. Position recommand\u00e9e du [&hellip;]","og_url":"https:\/\/districos.standingout.be\/fr\/product\/depileve-cire-pelliculable-intima-800-g-ref-1033\/","og_site_name":"Districos Webshop","article_modified_time":"2026-04-27T23:48:24+00:00","og_image":[{"width":600,"height":600,"url":"https:\/\/districos.standingout.be\/wp-content\/uploads\/2025\/07\/1033@LowRes_1_0.png","type":"image\/png"}],"twitter_card":"summary_large_image","twitter_misc":{"Dur\u00e9e de lecture estim\u00e9e":"1 minute"},"schema":{"@context":"https:\/\/schema.org","@graph":[{"@type":"WebPage","@id":"https:\/\/districos.standingout.be\/fr\/product\/depileve-cire-pelliculable-intima-800-g-ref-1033\/","url":"https:\/\/districos.standingout.be\/fr\/product\/depileve-cire-pelliculable-intima-800-g-ref-1033\/","name":"Depil\u00e8ve Cire Pelliculable Intima 800 g - Districos Webshop","isPartOf":{"@id":"https:\/\/districos.standingout.be\/fr\/#website"},"primaryImageOfPage":{"@id":"https:\/\/districos.standingout.be\/fr\/product\/depileve-cire-pelliculable-intima-800-g-ref-1033\/#primaryimage"},"image":{"@id":"https:\/\/districos.standingout.be\/fr\/product\/depileve-cire-pelliculable-intima-800-g-ref-1033\/#primaryimage"},"thumbnailUrl":"https:\/\/districos.standingout.be\/wp-content\/uploads\/2025\/07\/1033@LowRes_1_0.png","datePublished":"2026-04-27T23:48:21+00:00","dateModified":"2026-04-27T23:48:24+00:00","breadcrumb":{"@id":"https:\/\/districos.standingout.be\/fr\/product\/depileve-cire-pelliculable-intima-800-g-ref-1033\/#breadcrumb"},"inLanguage":"fr-FR","potentialAction":[{"@type":"ReadAction","target":["https:\/\/districos.standingout.be\/fr\/product\/depileve-cire-pelliculable-intima-800-g-ref-1033\/"]}]},{"@type":"ImageObject","inLanguage":"fr-FR","@id":"https:\/\/districos.standingout.be\/fr\/product\/depileve-cire-pelliculable-intima-800-g-ref-1033\/#primaryimage","url":"https:\/\/districos.standingout.be\/wp-content\/uploads\/2025\/07\/1033@LowRes_1_0.png","contentUrl":"https:\/\/districos.standingout.be\/wp-content\/uploads\/2025\/07\/1033@LowRes_1_0.png","width":600,"height":600},{"@type":"BreadcrumbList","@id":"https:\/\/districos.standingout.be\/fr\/product\/depileve-cire-pelliculable-intima-800-g-ref-1033\/#breadcrumb","itemListElement":[{"@type":"ListItem","position":1,"name":"Home","item":"https:\/\/districos.standingout.be\/fr\/bienvenue-chez-districos\/"},{"@type":"ListItem","position":2,"name":"Boutique","item":"https:\/\/districos.standingout.be\/fr\/boutique\/"},{"@type":"ListItem","position":3,"name":"Depil\u00e8ve Cire Pelliculable Intima 800 g"}]},{"@type":"WebSite","@id":"https:\/\/districos.standingout.be\/fr\/#website","url":"https:\/\/districos.standingout.be\/fr\/","name":"Districos Webshop","description":"","publisher":{"@id":"https:\/\/districos.standingout.be\/fr\/#organization"},"potentialAction":[{"@type":"SearchAction","target":{"@type":"EntryPoint","urlTemplate":"https:\/\/districos.standingout.be\/fr\/?s={search_term_string}"},"query-input":{"@type":"PropertyValueSpecification","valueRequired":true,"valueName":"search_term_string"}}],"inLanguage":"fr-FR"},{"@type":"Organization","@id":"https:\/\/districos.standingout.be\/fr\/#organization","name":"Districos Webshop","url":"https:\/\/districos.standingout.be\/fr\/","logo":{"@type":"ImageObject","inLanguage":"fr-FR","@id":"https:\/\/districos.standingout.be\/fr\/#\/schema\/logo\/image\/","url":"https:\/\/districos.standingout.be\/wp-content\/uploads\/2022\/09\/Districos_Logo_Webshop.svg","contentUrl":"https:\/\/districos.standingout.be\/wp-content\/uploads\/2022\/09\/Districos_Logo_Webshop.svg","caption":"Districos Webshop"},"image":{"@id":"https:\/\/districos.standingout.be\/fr\/#\/schema\/logo\/image\/"}}]}},"_links":{"self":[{"href":"https:\/\/districos.standingout.be\/fr\/wp-json\/wp\/v2\/product\/133694","targetHints":{"allow":["GET"]}}],"collection":[{"href":"https:\/\/districos.standingout.be\/fr\/wp-json\/wp\/v2\/product"}],"about":[{"href":"https:\/\/districos.standingout.be\/fr\/wp-json\/wp\/v2\/types\/product"}],"replies":[{"embeddable":true,"href":"https:\/\/districos.standingout.be\/fr\/wp-json\/wp\/v2\/comments?post=133694"}],"wp:featuredmedia":[{"embeddable":true,"href":"https:\/\/districos.standingout.be\/fr\/wp-json\/wp\/v2\/media\/69953"}],"wp:attachment":[{"href":"https:\/\/districos.standingout.be\/fr\/wp-json\/wp\/v2\/media?parent=133694"}],"wp:term":[{"taxonomy":"product_brand","embeddable":true,"href":"https:\/\/districos.standingout.be\/fr\/wp-json\/wp\/v2\/product_brand?post=133694"},{"taxonomy":"product_cat","embeddable":true,"href":"https:\/\/districos.standingout.be\/fr\/wp-json\/wp\/v2\/product_cat?post=133694"},{"taxonomy":"product_tag","embeddable":true,"href":"https:\/\/districos.standingout.be\/fr\/wp-json\/wp\/v2\/product_tag?post=133694"}],"curies":[{"name":"wp","href":"https:\/\/api.w.org\/{rel}","templated":true}]}}