{"id":133698,"date":"2026-04-28T01:48:28","date_gmt":"2026-04-27T23:48:28","guid":{"rendered":"https:\/\/webshopdistricoscom.webhosting.be\/product\/depileve-gold-black-carbon-cire-pelliculable-perles-1-kg-ref-1035-01\/"},"modified":"2026-04-28T01:48:31","modified_gmt":"2026-04-27T23:48:31","slug":"depileve-gold-black-carbon-cire-pelliculable-perles-1-kg-ref-1035-01","status":"publish","type":"product","link":"https:\/\/districos.standingout.be\/fr\/product\/depileve-gold-black-carbon-cire-pelliculable-perles-1-kg-ref-1035-01\/","title":{"rendered":"Depil\u00e8ve Gold Black Carbon Cire Pelliculable Perles 1 kg"},"content":{"rendered":"<p >\n<\/p>\n<p dir=\"ltr\"><font size=\"2\">Cette cire au charbon actif absorbe les impuret\u00e9s et les toxines des pores pour un teint frais et clair. Sa texture tr\u00e8s cr\u00e9meuse et \u00e9lastique facilite l&rsquo;application d&rsquo;une fine couche. La cire adh\u00e8re tr\u00e8s bien aux poils et respecte la peau, ce qui la rend tr\u00e8s adapt\u00e9e \u00e0 l&rsquo;\u00e9pilation masculine.<\/font><\/p>\n<p dir=\"ltr\"><font size=\"2\"><\/font><\/p>\n<ul>\n<li><font size=\"2\">En forme de perles pour faciliter le travail et le contr\u00f4le de la temp\u00e9rature.<\/font><\/li>\n<\/ul>\n<div>\n<p><font size=\"2\"><span><b>Propri\u00e9t\u00e9s<\/b><o:p><\/o:p><\/span><\/font><\/p>\n<p><font size=\"2\"><\/font><\/p>\n<ul>\n<li><font size=\"2\"><span>\u00c9lasticit\u00e9 : \u00e9lev\u00e9e.<\/span><\/font><\/li>\n<li><font size=\"2\"><span>Temp\u00e9rature de solidification : \u00e9lev\u00e9e.<\/span><\/font><\/li>\n<li><font size=\"2\">Adh\u00e9rence : \u00e9lev\u00e9e, id\u00e9ale pour l&rsquo;\u00e9pilation masculine.<\/font><\/li>\n<li><font size=\"2\"><span>Texture : riche, cr\u00e9meuse.<\/span><\/font><\/li>\n<\/ul>\n<\/div><\/p>\n","protected":false},"excerpt":{"rendered":"<p>Cette cire au charbon actif absorbe les impuret\u00e9s et les toxines des pores pour un teint frais et clair. Sa texture tr\u00e8s cr\u00e9meuse et \u00e9lastique facilite l&rsquo;application d&rsquo;une fine couche. La cire adh\u00e8re tr\u00e8s bien aux poils et respecte la peau, ce qui la rend tr\u00e8s adapt\u00e9e \u00e0 l&rsquo;\u00e9pilation masculine. En forme de perles pour [&hellip;]<\/p>\n","protected":false},"featured_media":69959,"comment_status":"open","ping_status":"closed","template":"","meta":{"_acf_changed":false},"product_brand":[10376],"product_cat":[9914],"product_tag":[],"class_list":{"0":"post-133698","1":"product","2":"type-product","3":"status-publish","4":"has-post-thumbnail","6":"product_brand-depileve-fr","7":"product_cat-beaute-epilation-cire-pelliculable","9":"first","10":"instock","11":"taxable","12":"shipping-taxable","13":"product-type-simple"},"acf":[],"yoast_head":"<!-- This site is optimized with the Yoast SEO plugin v27.3 - https:\/\/yoast.com\/product\/yoast-seo-wordpress\/ -->\n<title>Depil\u00e8ve Gold Black Carbon Cire Pelliculable Perles 1 kg - Districos Webshop<\/title>\n<meta name=\"robots\" content=\"noindex, follow, max-snippet:-1, max-image-preview:large, max-video-preview:-1\" \/>\n<meta property=\"og:locale\" content=\"fr_FR\" \/>\n<meta property=\"og:type\" content=\"article\" \/>\n<meta property=\"og:title\" content=\"Depil\u00e8ve Gold Black Carbon Cire Pelliculable Perles 1 kg - Districos Webshop\" \/>\n<meta property=\"og:description\" content=\"Cette cire au charbon actif absorbe les impuret\u00e9s et les toxines des pores pour un teint frais et clair. Sa texture tr\u00e8s cr\u00e9meuse et \u00e9lastique facilite l&rsquo;application d&rsquo;une fine couche. La cire adh\u00e8re tr\u00e8s bien aux poils et respecte la peau, ce qui la rend tr\u00e8s adapt\u00e9e \u00e0 l&rsquo;\u00e9pilation masculine. En forme de perles pour [&hellip;]\" \/>\n<meta property=\"og:url\" content=\"https:\/\/districos.standingout.be\/fr\/product\/depileve-gold-black-carbon-cire-pelliculable-perles-1-kg-ref-1035-01\/\" \/>\n<meta property=\"og:site_name\" content=\"Districos Webshop\" \/>\n<meta property=\"article:modified_time\" content=\"2026-04-27T23:48:31+00:00\" \/>\n<meta property=\"og:image\" content=\"https:\/\/districos.standingout.be\/wp-content\/uploads\/2025\/07\/1035.01@LowRes_1_0.png\" \/>\n\t<meta property=\"og:image:width\" content=\"600\" \/>\n\t<meta property=\"og:image:height\" content=\"600\" \/>\n\t<meta property=\"og:image:type\" content=\"image\/png\" \/>\n<meta name=\"twitter:card\" content=\"summary_large_image\" \/>\n<script type=\"application\/ld+json\" class=\"yoast-schema-graph\">{\"@context\":\"https:\\\/\\\/schema.org\",\"@graph\":[{\"@type\":\"WebPage\",\"@id\":\"https:\\\/\\\/districos.standingout.be\\\/fr\\\/product\\\/depileve-gold-black-carbon-cire-pelliculable-perles-1-kg-ref-1035-01\\\/\",\"url\":\"https:\\\/\\\/districos.standingout.be\\\/fr\\\/product\\\/depileve-gold-black-carbon-cire-pelliculable-perles-1-kg-ref-1035-01\\\/\",\"name\":\"Depil\u00e8ve Gold Black Carbon Cire Pelliculable Perles 1 kg - Districos Webshop\",\"isPartOf\":{\"@id\":\"https:\\\/\\\/districos.standingout.be\\\/fr\\\/#website\"},\"primaryImageOfPage\":{\"@id\":\"https:\\\/\\\/districos.standingout.be\\\/fr\\\/product\\\/depileve-gold-black-carbon-cire-pelliculable-perles-1-kg-ref-1035-01\\\/#primaryimage\"},\"image\":{\"@id\":\"https:\\\/\\\/districos.standingout.be\\\/fr\\\/product\\\/depileve-gold-black-carbon-cire-pelliculable-perles-1-kg-ref-1035-01\\\/#primaryimage\"},\"thumbnailUrl\":\"https:\\\/\\\/districos.standingout.be\\\/wp-content\\\/uploads\\\/2025\\\/07\\\/1035.01@LowRes_1_0.png\",\"datePublished\":\"2026-04-27T23:48:28+00:00\",\"dateModified\":\"2026-04-27T23:48:31+00:00\",\"breadcrumb\":{\"@id\":\"https:\\\/\\\/districos.standingout.be\\\/fr\\\/product\\\/depileve-gold-black-carbon-cire-pelliculable-perles-1-kg-ref-1035-01\\\/#breadcrumb\"},\"inLanguage\":\"fr-FR\",\"potentialAction\":[{\"@type\":\"ReadAction\",\"target\":[\"https:\\\/\\\/districos.standingout.be\\\/fr\\\/product\\\/depileve-gold-black-carbon-cire-pelliculable-perles-1-kg-ref-1035-01\\\/\"]}]},{\"@type\":\"ImageObject\",\"inLanguage\":\"fr-FR\",\"@id\":\"https:\\\/\\\/districos.standingout.be\\\/fr\\\/product\\\/depileve-gold-black-carbon-cire-pelliculable-perles-1-kg-ref-1035-01\\\/#primaryimage\",\"url\":\"https:\\\/\\\/districos.standingout.be\\\/wp-content\\\/uploads\\\/2025\\\/07\\\/1035.01@LowRes_1_0.png\",\"contentUrl\":\"https:\\\/\\\/districos.standingout.be\\\/wp-content\\\/uploads\\\/2025\\\/07\\\/1035.01@LowRes_1_0.png\",\"width\":600,\"height\":600},{\"@type\":\"BreadcrumbList\",\"@id\":\"https:\\\/\\\/districos.standingout.be\\\/fr\\\/product\\\/depileve-gold-black-carbon-cire-pelliculable-perles-1-kg-ref-1035-01\\\/#breadcrumb\",\"itemListElement\":[{\"@type\":\"ListItem\",\"position\":1,\"name\":\"Home\",\"item\":\"https:\\\/\\\/districos.standingout.be\\\/fr\\\/bienvenue-chez-districos\\\/\"},{\"@type\":\"ListItem\",\"position\":2,\"name\":\"Boutique\",\"item\":\"https:\\\/\\\/districos.standingout.be\\\/fr\\\/boutique\\\/\"},{\"@type\":\"ListItem\",\"position\":3,\"name\":\"Depil\u00e8ve Gold Black Carbon Cire Pelliculable Perles 1 kg\"}]},{\"@type\":\"WebSite\",\"@id\":\"https:\\\/\\\/districos.standingout.be\\\/fr\\\/#website\",\"url\":\"https:\\\/\\\/districos.standingout.be\\\/fr\\\/\",\"name\":\"Districos Webshop\",\"description\":\"\",\"publisher\":{\"@id\":\"https:\\\/\\\/districos.standingout.be\\\/fr\\\/#organization\"},\"potentialAction\":[{\"@type\":\"SearchAction\",\"target\":{\"@type\":\"EntryPoint\",\"urlTemplate\":\"https:\\\/\\\/districos.standingout.be\\\/fr\\\/?s={search_term_string}\"},\"query-input\":{\"@type\":\"PropertyValueSpecification\",\"valueRequired\":true,\"valueName\":\"search_term_string\"}}],\"inLanguage\":\"fr-FR\"},{\"@type\":\"Organization\",\"@id\":\"https:\\\/\\\/districos.standingout.be\\\/fr\\\/#organization\",\"name\":\"Districos Webshop\",\"url\":\"https:\\\/\\\/districos.standingout.be\\\/fr\\\/\",\"logo\":{\"@type\":\"ImageObject\",\"inLanguage\":\"fr-FR\",\"@id\":\"https:\\\/\\\/districos.standingout.be\\\/fr\\\/#\\\/schema\\\/logo\\\/image\\\/\",\"url\":\"https:\\\/\\\/districos.standingout.be\\\/wp-content\\\/uploads\\\/2022\\\/09\\\/Districos_Logo_Webshop.svg\",\"contentUrl\":\"https:\\\/\\\/districos.standingout.be\\\/wp-content\\\/uploads\\\/2022\\\/09\\\/Districos_Logo_Webshop.svg\",\"caption\":\"Districos Webshop\"},\"image\":{\"@id\":\"https:\\\/\\\/districos.standingout.be\\\/fr\\\/#\\\/schema\\\/logo\\\/image\\\/\"}}]}<\/script>\n<!-- \/ Yoast SEO plugin. -->","yoast_head_json":{"title":"Depil\u00e8ve Gold Black Carbon Cire Pelliculable Perles 1 kg - Districos Webshop","robots":{"index":"noindex","follow":"follow","max-snippet":"max-snippet:-1","max-image-preview":"max-image-preview:large","max-video-preview":"max-video-preview:-1"},"og_locale":"fr_FR","og_type":"article","og_title":"Depil\u00e8ve Gold Black Carbon Cire Pelliculable Perles 1 kg - Districos Webshop","og_description":"Cette cire au charbon actif absorbe les impuret\u00e9s et les toxines des pores pour un teint frais et clair. Sa texture tr\u00e8s cr\u00e9meuse et \u00e9lastique facilite l&rsquo;application d&rsquo;une fine couche. La cire adh\u00e8re tr\u00e8s bien aux poils et respecte la peau, ce qui la rend tr\u00e8s adapt\u00e9e \u00e0 l&rsquo;\u00e9pilation masculine. En forme de perles pour [&hellip;]","og_url":"https:\/\/districos.standingout.be\/fr\/product\/depileve-gold-black-carbon-cire-pelliculable-perles-1-kg-ref-1035-01\/","og_site_name":"Districos Webshop","article_modified_time":"2026-04-27T23:48:31+00:00","og_image":[{"width":600,"height":600,"url":"https:\/\/districos.standingout.be\/wp-content\/uploads\/2025\/07\/1035.01@LowRes_1_0.png","type":"image\/png"}],"twitter_card":"summary_large_image","schema":{"@context":"https:\/\/schema.org","@graph":[{"@type":"WebPage","@id":"https:\/\/districos.standingout.be\/fr\/product\/depileve-gold-black-carbon-cire-pelliculable-perles-1-kg-ref-1035-01\/","url":"https:\/\/districos.standingout.be\/fr\/product\/depileve-gold-black-carbon-cire-pelliculable-perles-1-kg-ref-1035-01\/","name":"Depil\u00e8ve Gold Black Carbon Cire Pelliculable Perles 1 kg - Districos Webshop","isPartOf":{"@id":"https:\/\/districos.standingout.be\/fr\/#website"},"primaryImageOfPage":{"@id":"https:\/\/districos.standingout.be\/fr\/product\/depileve-gold-black-carbon-cire-pelliculable-perles-1-kg-ref-1035-01\/#primaryimage"},"image":{"@id":"https:\/\/districos.standingout.be\/fr\/product\/depileve-gold-black-carbon-cire-pelliculable-perles-1-kg-ref-1035-01\/#primaryimage"},"thumbnailUrl":"https:\/\/districos.standingout.be\/wp-content\/uploads\/2025\/07\/1035.01@LowRes_1_0.png","datePublished":"2026-04-27T23:48:28+00:00","dateModified":"2026-04-27T23:48:31+00:00","breadcrumb":{"@id":"https:\/\/districos.standingout.be\/fr\/product\/depileve-gold-black-carbon-cire-pelliculable-perles-1-kg-ref-1035-01\/#breadcrumb"},"inLanguage":"fr-FR","potentialAction":[{"@type":"ReadAction","target":["https:\/\/districos.standingout.be\/fr\/product\/depileve-gold-black-carbon-cire-pelliculable-perles-1-kg-ref-1035-01\/"]}]},{"@type":"ImageObject","inLanguage":"fr-FR","@id":"https:\/\/districos.standingout.be\/fr\/product\/depileve-gold-black-carbon-cire-pelliculable-perles-1-kg-ref-1035-01\/#primaryimage","url":"https:\/\/districos.standingout.be\/wp-content\/uploads\/2025\/07\/1035.01@LowRes_1_0.png","contentUrl":"https:\/\/districos.standingout.be\/wp-content\/uploads\/2025\/07\/1035.01@LowRes_1_0.png","width":600,"height":600},{"@type":"BreadcrumbList","@id":"https:\/\/districos.standingout.be\/fr\/product\/depileve-gold-black-carbon-cire-pelliculable-perles-1-kg-ref-1035-01\/#breadcrumb","itemListElement":[{"@type":"ListItem","position":1,"name":"Home","item":"https:\/\/districos.standingout.be\/fr\/bienvenue-chez-districos\/"},{"@type":"ListItem","position":2,"name":"Boutique","item":"https:\/\/districos.standingout.be\/fr\/boutique\/"},{"@type":"ListItem","position":3,"name":"Depil\u00e8ve Gold Black Carbon Cire Pelliculable Perles 1 kg"}]},{"@type":"WebSite","@id":"https:\/\/districos.standingout.be\/fr\/#website","url":"https:\/\/districos.standingout.be\/fr\/","name":"Districos Webshop","description":"","publisher":{"@id":"https:\/\/districos.standingout.be\/fr\/#organization"},"potentialAction":[{"@type":"SearchAction","target":{"@type":"EntryPoint","urlTemplate":"https:\/\/districos.standingout.be\/fr\/?s={search_term_string}"},"query-input":{"@type":"PropertyValueSpecification","valueRequired":true,"valueName":"search_term_string"}}],"inLanguage":"fr-FR"},{"@type":"Organization","@id":"https:\/\/districos.standingout.be\/fr\/#organization","name":"Districos Webshop","url":"https:\/\/districos.standingout.be\/fr\/","logo":{"@type":"ImageObject","inLanguage":"fr-FR","@id":"https:\/\/districos.standingout.be\/fr\/#\/schema\/logo\/image\/","url":"https:\/\/districos.standingout.be\/wp-content\/uploads\/2022\/09\/Districos_Logo_Webshop.svg","contentUrl":"https:\/\/districos.standingout.be\/wp-content\/uploads\/2022\/09\/Districos_Logo_Webshop.svg","caption":"Districos Webshop"},"image":{"@id":"https:\/\/districos.standingout.be\/fr\/#\/schema\/logo\/image\/"}}]}},"_links":{"self":[{"href":"https:\/\/districos.standingout.be\/fr\/wp-json\/wp\/v2\/product\/133698","targetHints":{"allow":["GET"]}}],"collection":[{"href":"https:\/\/districos.standingout.be\/fr\/wp-json\/wp\/v2\/product"}],"about":[{"href":"https:\/\/districos.standingout.be\/fr\/wp-json\/wp\/v2\/types\/product"}],"replies":[{"embeddable":true,"href":"https:\/\/districos.standingout.be\/fr\/wp-json\/wp\/v2\/comments?post=133698"}],"wp:featuredmedia":[{"embeddable":true,"href":"https:\/\/districos.standingout.be\/fr\/wp-json\/wp\/v2\/media\/69959"}],"wp:attachment":[{"href":"https:\/\/districos.standingout.be\/fr\/wp-json\/wp\/v2\/media?parent=133698"}],"wp:term":[{"taxonomy":"product_brand","embeddable":true,"href":"https:\/\/districos.standingout.be\/fr\/wp-json\/wp\/v2\/product_brand?post=133698"},{"taxonomy":"product_cat","embeddable":true,"href":"https:\/\/districos.standingout.be\/fr\/wp-json\/wp\/v2\/product_cat?post=133698"},{"taxonomy":"product_tag","embeddable":true,"href":"https:\/\/districos.standingout.be\/fr\/wp-json\/wp\/v2\/product_tag?post=133698"}],"curies":[{"name":"wp","href":"https:\/\/api.w.org\/{rel}","templated":true}]}}