{"id":133700,"date":"2026-04-28T01:48:32","date_gmt":"2026-04-27T23:48:32","guid":{"rendered":"https:\/\/webshopdistricoscom.webhosting.be\/product\/barbepil-cire-pelliculable-perles-500-g-ref-1036-03\/"},"modified":"2026-04-28T01:48:34","modified_gmt":"2026-04-27T23:48:34","slug":"barbepil-cire-pelliculable-perles-500-g-ref-1036-03","status":"publish","type":"product","link":"https:\/\/districos.standingout.be\/fr\/product\/barbepil-cire-pelliculable-perles-500-g-ref-1036-03\/","title":{"rendered":"Barbepil Cire Pelliculable Perles 500 g"},"content":{"rendered":"<p >\n<\/p>\n<p><span lang=\"FR\">La cire pelliculable Barbepil a \u00e9t\u00e9 sp\u00e9cialement con\u00e7ue pour \u00e9liminer les poils masculins plus \u00e9pais et contient du charbon actif pour un effet d\u00e9toxifiant et nettoyant en profondeur.<o:p><\/o:p><\/span><\/p>\n<\/p>\n<ul>\n<li><span lang=\"FR\">Au parfum masculin subtil.<\/span><\/li>\n<\/ul>\n<p><b>Substances actives<\/b><o:p><\/o:p><\/p>\n<\/p>\n<ul>\n<li><span lang=\"FR\">Cire d\u2019abeilles pure : \u00e9mollient naturel qui donne une texture \u00e9lastique et cr\u00e9meuse.<\/span><\/li>\n<li><span lang=\"FR\">R\u00e9sine de pin : assure une forte adh\u00e9rence aux poils afin de pouvoir les \u00e9liminer d\u00e8s la racine. La r\u00e9sine a \u00e9galement un effet analg\u00e9sique et anti-inflammatoire et favorise la cicatrisation rapide de la peau.<\/span><\/li>\n<li><span lang=\"FR\">Acide salicylique : a un effet k\u00e9ratolytique qui provoque le d\u00e9collement de la couche sup\u00e9rieure de la peau et qui acc\u00e9l\u00e8re ainsi le renouvellement cellulaire. Cela r\u00e9duit le risque de boutons et de poils incarn\u00e9s. En outre, il a un effet anti-inflammatoire et apaisant.<\/span><\/li>\n<li><span lang=\"FR\">Poudre de charbon actif : connue pour ses propri\u00e9t\u00e9s purifiantes. Elle contribue \u00e0 la d\u00e9toxification et la revitalisation de la peau et \u00e9quilibre la production de s\u00e9bum.<\/span><\/li>\n<li><span lang=\"FR\">Complexe d\u2019extraits botaniques : apaise la peau et ralentit la croissance de nouveaux poils.<\/span><\/li>\n<\/ul>\n<p><span lang=\"FR\"><b>Mode d\u2019emploi<\/b><o:p><\/o:p><\/span><\/p>\n<\/p>\n<ul>\n<li><span lang=\"FR\">Pour obtenir une texture optimale, chauffez les perles dans un chauffe-cire sur une position de temp\u00e9rature \u00e9lev\u00e9e.<\/span><\/li>\n<li><span lang=\"FR\">Laissez refroidir un petit peu et appliquez sur la peau.<\/span><\/li>\n<\/ul>\n<p><span lang=\"FR\">Aussi disponible en pot de cire (<u><a href=\"https:\/\/districos.com\/ProductDetail\/1036.01\" target=\"_blank\" rel=\"noopener noreferrer nofollow\">r\u00e9f. 1036.01<\/a><\/u>).<o:p><\/o:p><\/span><\/p>\n","protected":false},"excerpt":{"rendered":"<p>La cire pelliculable Barbepil a \u00e9t\u00e9 sp\u00e9cialement con\u00e7ue pour \u00e9liminer les poils masculins plus \u00e9pais et contient du charbon actif pour un effet d\u00e9toxifiant et nettoyant en profondeur. Au parfum masculin subtil. Substances actives Cire d\u2019abeilles pure : \u00e9mollient naturel qui donne une texture \u00e9lastique et cr\u00e9meuse. R\u00e9sine de pin : assure une forte adh\u00e9rence [&hellip;]<\/p>\n","protected":false},"featured_media":69965,"comment_status":"open","ping_status":"closed","template":"","meta":{"_acf_changed":false},"product_brand":[10388],"product_cat":[9914],"product_tag":[],"class_list":{"0":"post-133700","1":"product","2":"type-product","3":"status-publish","4":"has-post-thumbnail","6":"product_brand-depileve_barbepil-fr","7":"product_cat-beaute-epilation-cire-pelliculable","9":"first","10":"instock","11":"taxable","12":"shipping-taxable","13":"product-type-simple"},"acf":[],"yoast_head":"<!-- This site is optimized with the Yoast SEO plugin v27.3 - https:\/\/yoast.com\/product\/yoast-seo-wordpress\/ -->\n<title>Barbepil Cire Pelliculable Perles 500 g - Districos Webshop<\/title>\n<meta name=\"robots\" content=\"noindex, follow, max-snippet:-1, max-image-preview:large, max-video-preview:-1\" \/>\n<meta property=\"og:locale\" content=\"fr_FR\" \/>\n<meta property=\"og:type\" content=\"article\" \/>\n<meta property=\"og:title\" content=\"Barbepil Cire Pelliculable Perles 500 g - Districos Webshop\" \/>\n<meta property=\"og:description\" content=\"La cire pelliculable Barbepil a \u00e9t\u00e9 sp\u00e9cialement con\u00e7ue pour \u00e9liminer les poils masculins plus \u00e9pais et contient du charbon actif pour un effet d\u00e9toxifiant et nettoyant en profondeur. Au parfum masculin subtil. Substances actives Cire d\u2019abeilles pure : \u00e9mollient naturel qui donne une texture \u00e9lastique et cr\u00e9meuse. R\u00e9sine de pin : assure une forte adh\u00e9rence [&hellip;]\" \/>\n<meta property=\"og:url\" content=\"https:\/\/districos.standingout.be\/fr\/product\/barbepil-cire-pelliculable-perles-500-g-ref-1036-03\/\" \/>\n<meta property=\"og:site_name\" content=\"Districos Webshop\" \/>\n<meta property=\"article:modified_time\" content=\"2026-04-27T23:48:34+00:00\" \/>\n<meta property=\"og:image\" content=\"https:\/\/districos.standingout.be\/wp-content\/uploads\/2025\/07\/1036.03@LowRes_0.png\" \/>\n\t<meta property=\"og:image:width\" content=\"600\" \/>\n\t<meta property=\"og:image:height\" content=\"600\" \/>\n\t<meta property=\"og:image:type\" content=\"image\/png\" \/>\n<meta name=\"twitter:card\" content=\"summary_large_image\" \/>\n<meta name=\"twitter:label1\" content=\"Dur\u00e9e de lecture estim\u00e9e\" \/>\n\t<meta name=\"twitter:data1\" content=\"1 minute\" \/>\n<script type=\"application\/ld+json\" class=\"yoast-schema-graph\">{\"@context\":\"https:\\\/\\\/schema.org\",\"@graph\":[{\"@type\":\"WebPage\",\"@id\":\"https:\\\/\\\/districos.standingout.be\\\/fr\\\/product\\\/barbepil-cire-pelliculable-perles-500-g-ref-1036-03\\\/\",\"url\":\"https:\\\/\\\/districos.standingout.be\\\/fr\\\/product\\\/barbepil-cire-pelliculable-perles-500-g-ref-1036-03\\\/\",\"name\":\"Barbepil Cire Pelliculable Perles 500 g - Districos Webshop\",\"isPartOf\":{\"@id\":\"https:\\\/\\\/districos.standingout.be\\\/fr\\\/#website\"},\"primaryImageOfPage\":{\"@id\":\"https:\\\/\\\/districos.standingout.be\\\/fr\\\/product\\\/barbepil-cire-pelliculable-perles-500-g-ref-1036-03\\\/#primaryimage\"},\"image\":{\"@id\":\"https:\\\/\\\/districos.standingout.be\\\/fr\\\/product\\\/barbepil-cire-pelliculable-perles-500-g-ref-1036-03\\\/#primaryimage\"},\"thumbnailUrl\":\"https:\\\/\\\/districos.standingout.be\\\/wp-content\\\/uploads\\\/2025\\\/07\\\/1036.03@LowRes_0.png\",\"datePublished\":\"2026-04-27T23:48:32+00:00\",\"dateModified\":\"2026-04-27T23:48:34+00:00\",\"breadcrumb\":{\"@id\":\"https:\\\/\\\/districos.standingout.be\\\/fr\\\/product\\\/barbepil-cire-pelliculable-perles-500-g-ref-1036-03\\\/#breadcrumb\"},\"inLanguage\":\"fr-FR\",\"potentialAction\":[{\"@type\":\"ReadAction\",\"target\":[\"https:\\\/\\\/districos.standingout.be\\\/fr\\\/product\\\/barbepil-cire-pelliculable-perles-500-g-ref-1036-03\\\/\"]}]},{\"@type\":\"ImageObject\",\"inLanguage\":\"fr-FR\",\"@id\":\"https:\\\/\\\/districos.standingout.be\\\/fr\\\/product\\\/barbepil-cire-pelliculable-perles-500-g-ref-1036-03\\\/#primaryimage\",\"url\":\"https:\\\/\\\/districos.standingout.be\\\/wp-content\\\/uploads\\\/2025\\\/07\\\/1036.03@LowRes_0.png\",\"contentUrl\":\"https:\\\/\\\/districos.standingout.be\\\/wp-content\\\/uploads\\\/2025\\\/07\\\/1036.03@LowRes_0.png\",\"width\":600,\"height\":600},{\"@type\":\"BreadcrumbList\",\"@id\":\"https:\\\/\\\/districos.standingout.be\\\/fr\\\/product\\\/barbepil-cire-pelliculable-perles-500-g-ref-1036-03\\\/#breadcrumb\",\"itemListElement\":[{\"@type\":\"ListItem\",\"position\":1,\"name\":\"Home\",\"item\":\"https:\\\/\\\/districos.standingout.be\\\/fr\\\/bienvenue-chez-districos\\\/\"},{\"@type\":\"ListItem\",\"position\":2,\"name\":\"Boutique\",\"item\":\"https:\\\/\\\/districos.standingout.be\\\/fr\\\/boutique\\\/\"},{\"@type\":\"ListItem\",\"position\":3,\"name\":\"Barbepil Cire Pelliculable Perles 500 g\"}]},{\"@type\":\"WebSite\",\"@id\":\"https:\\\/\\\/districos.standingout.be\\\/fr\\\/#website\",\"url\":\"https:\\\/\\\/districos.standingout.be\\\/fr\\\/\",\"name\":\"Districos Webshop\",\"description\":\"\",\"publisher\":{\"@id\":\"https:\\\/\\\/districos.standingout.be\\\/fr\\\/#organization\"},\"potentialAction\":[{\"@type\":\"SearchAction\",\"target\":{\"@type\":\"EntryPoint\",\"urlTemplate\":\"https:\\\/\\\/districos.standingout.be\\\/fr\\\/?s={search_term_string}\"},\"query-input\":{\"@type\":\"PropertyValueSpecification\",\"valueRequired\":true,\"valueName\":\"search_term_string\"}}],\"inLanguage\":\"fr-FR\"},{\"@type\":\"Organization\",\"@id\":\"https:\\\/\\\/districos.standingout.be\\\/fr\\\/#organization\",\"name\":\"Districos Webshop\",\"url\":\"https:\\\/\\\/districos.standingout.be\\\/fr\\\/\",\"logo\":{\"@type\":\"ImageObject\",\"inLanguage\":\"fr-FR\",\"@id\":\"https:\\\/\\\/districos.standingout.be\\\/fr\\\/#\\\/schema\\\/logo\\\/image\\\/\",\"url\":\"https:\\\/\\\/districos.standingout.be\\\/wp-content\\\/uploads\\\/2022\\\/09\\\/Districos_Logo_Webshop.svg\",\"contentUrl\":\"https:\\\/\\\/districos.standingout.be\\\/wp-content\\\/uploads\\\/2022\\\/09\\\/Districos_Logo_Webshop.svg\",\"caption\":\"Districos Webshop\"},\"image\":{\"@id\":\"https:\\\/\\\/districos.standingout.be\\\/fr\\\/#\\\/schema\\\/logo\\\/image\\\/\"}}]}<\/script>\n<!-- \/ Yoast SEO plugin. -->","yoast_head_json":{"title":"Barbepil Cire Pelliculable Perles 500 g - Districos Webshop","robots":{"index":"noindex","follow":"follow","max-snippet":"max-snippet:-1","max-image-preview":"max-image-preview:large","max-video-preview":"max-video-preview:-1"},"og_locale":"fr_FR","og_type":"article","og_title":"Barbepil Cire Pelliculable Perles 500 g - Districos Webshop","og_description":"La cire pelliculable Barbepil a \u00e9t\u00e9 sp\u00e9cialement con\u00e7ue pour \u00e9liminer les poils masculins plus \u00e9pais et contient du charbon actif pour un effet d\u00e9toxifiant et nettoyant en profondeur. Au parfum masculin subtil. Substances actives Cire d\u2019abeilles pure : \u00e9mollient naturel qui donne une texture \u00e9lastique et cr\u00e9meuse. R\u00e9sine de pin : assure une forte adh\u00e9rence [&hellip;]","og_url":"https:\/\/districos.standingout.be\/fr\/product\/barbepil-cire-pelliculable-perles-500-g-ref-1036-03\/","og_site_name":"Districos Webshop","article_modified_time":"2026-04-27T23:48:34+00:00","og_image":[{"width":600,"height":600,"url":"https:\/\/districos.standingout.be\/wp-content\/uploads\/2025\/07\/1036.03@LowRes_0.png","type":"image\/png"}],"twitter_card":"summary_large_image","twitter_misc":{"Dur\u00e9e de lecture estim\u00e9e":"1 minute"},"schema":{"@context":"https:\/\/schema.org","@graph":[{"@type":"WebPage","@id":"https:\/\/districos.standingout.be\/fr\/product\/barbepil-cire-pelliculable-perles-500-g-ref-1036-03\/","url":"https:\/\/districos.standingout.be\/fr\/product\/barbepil-cire-pelliculable-perles-500-g-ref-1036-03\/","name":"Barbepil Cire Pelliculable Perles 500 g - Districos Webshop","isPartOf":{"@id":"https:\/\/districos.standingout.be\/fr\/#website"},"primaryImageOfPage":{"@id":"https:\/\/districos.standingout.be\/fr\/product\/barbepil-cire-pelliculable-perles-500-g-ref-1036-03\/#primaryimage"},"image":{"@id":"https:\/\/districos.standingout.be\/fr\/product\/barbepil-cire-pelliculable-perles-500-g-ref-1036-03\/#primaryimage"},"thumbnailUrl":"https:\/\/districos.standingout.be\/wp-content\/uploads\/2025\/07\/1036.03@LowRes_0.png","datePublished":"2026-04-27T23:48:32+00:00","dateModified":"2026-04-27T23:48:34+00:00","breadcrumb":{"@id":"https:\/\/districos.standingout.be\/fr\/product\/barbepil-cire-pelliculable-perles-500-g-ref-1036-03\/#breadcrumb"},"inLanguage":"fr-FR","potentialAction":[{"@type":"ReadAction","target":["https:\/\/districos.standingout.be\/fr\/product\/barbepil-cire-pelliculable-perles-500-g-ref-1036-03\/"]}]},{"@type":"ImageObject","inLanguage":"fr-FR","@id":"https:\/\/districos.standingout.be\/fr\/product\/barbepil-cire-pelliculable-perles-500-g-ref-1036-03\/#primaryimage","url":"https:\/\/districos.standingout.be\/wp-content\/uploads\/2025\/07\/1036.03@LowRes_0.png","contentUrl":"https:\/\/districos.standingout.be\/wp-content\/uploads\/2025\/07\/1036.03@LowRes_0.png","width":600,"height":600},{"@type":"BreadcrumbList","@id":"https:\/\/districos.standingout.be\/fr\/product\/barbepil-cire-pelliculable-perles-500-g-ref-1036-03\/#breadcrumb","itemListElement":[{"@type":"ListItem","position":1,"name":"Home","item":"https:\/\/districos.standingout.be\/fr\/bienvenue-chez-districos\/"},{"@type":"ListItem","position":2,"name":"Boutique","item":"https:\/\/districos.standingout.be\/fr\/boutique\/"},{"@type":"ListItem","position":3,"name":"Barbepil Cire Pelliculable Perles 500 g"}]},{"@type":"WebSite","@id":"https:\/\/districos.standingout.be\/fr\/#website","url":"https:\/\/districos.standingout.be\/fr\/","name":"Districos Webshop","description":"","publisher":{"@id":"https:\/\/districos.standingout.be\/fr\/#organization"},"potentialAction":[{"@type":"SearchAction","target":{"@type":"EntryPoint","urlTemplate":"https:\/\/districos.standingout.be\/fr\/?s={search_term_string}"},"query-input":{"@type":"PropertyValueSpecification","valueRequired":true,"valueName":"search_term_string"}}],"inLanguage":"fr-FR"},{"@type":"Organization","@id":"https:\/\/districos.standingout.be\/fr\/#organization","name":"Districos Webshop","url":"https:\/\/districos.standingout.be\/fr\/","logo":{"@type":"ImageObject","inLanguage":"fr-FR","@id":"https:\/\/districos.standingout.be\/fr\/#\/schema\/logo\/image\/","url":"https:\/\/districos.standingout.be\/wp-content\/uploads\/2022\/09\/Districos_Logo_Webshop.svg","contentUrl":"https:\/\/districos.standingout.be\/wp-content\/uploads\/2022\/09\/Districos_Logo_Webshop.svg","caption":"Districos Webshop"},"image":{"@id":"https:\/\/districos.standingout.be\/fr\/#\/schema\/logo\/image\/"}}]}},"_links":{"self":[{"href":"https:\/\/districos.standingout.be\/fr\/wp-json\/wp\/v2\/product\/133700","targetHints":{"allow":["GET"]}}],"collection":[{"href":"https:\/\/districos.standingout.be\/fr\/wp-json\/wp\/v2\/product"}],"about":[{"href":"https:\/\/districos.standingout.be\/fr\/wp-json\/wp\/v2\/types\/product"}],"replies":[{"embeddable":true,"href":"https:\/\/districos.standingout.be\/fr\/wp-json\/wp\/v2\/comments?post=133700"}],"wp:featuredmedia":[{"embeddable":true,"href":"https:\/\/districos.standingout.be\/fr\/wp-json\/wp\/v2\/media\/69965"}],"wp:attachment":[{"href":"https:\/\/districos.standingout.be\/fr\/wp-json\/wp\/v2\/media?parent=133700"}],"wp:term":[{"taxonomy":"product_brand","embeddable":true,"href":"https:\/\/districos.standingout.be\/fr\/wp-json\/wp\/v2\/product_brand?post=133700"},{"taxonomy":"product_cat","embeddable":true,"href":"https:\/\/districos.standingout.be\/fr\/wp-json\/wp\/v2\/product_cat?post=133700"},{"taxonomy":"product_tag","embeddable":true,"href":"https:\/\/districos.standingout.be\/fr\/wp-json\/wp\/v2\/product_tag?post=133700"}],"curies":[{"name":"wp","href":"https:\/\/api.w.org\/{rel}","templated":true}]}}