{"id":133702,"date":"2026-04-28T01:48:59","date_gmt":"2026-04-27T23:48:59","guid":{"rendered":"https:\/\/webshopdistricoscom.webhosting.be\/product\/depileve-cire-pelliculable-brasilia-perles-1-kg-ref-1037-01\/"},"modified":"2026-04-28T01:49:02","modified_gmt":"2026-04-27T23:49:02","slug":"depileve-cire-pelliculable-brasilia-perles-1-kg-ref-1037-01","status":"publish","type":"product","link":"https:\/\/districos.standingout.be\/fr\/product\/depileve-cire-pelliculable-brasilia-perles-1-kg-ref-1037-01\/","title":{"rendered":"Depil\u00e8ve Cire Pelliculable Brasilia Perles 1 kg"},"content":{"rendered":"<p >\n<\/p>\n<\/p>\n<\/p>\n<p><b><span lang=\"FR\">La&nbsp;VRAIE&nbsp;cire br\u00e9silienne !<o:p><\/o:p><\/span><\/b><\/p>\n<p><b><span lang=\"FR\">Une \u00e9pilation plus rapide avec des meilleurs r\u00e9sultats, m\u00eame pour les zones corporelles plus grandes.<o:p><\/o:p><\/span><\/b><\/p>\n<p><span lang=\"FR\">Depil\u00e8ve &#8211; n\u00b01 mondial de l&rsquo;\u00e9pilation &#8211; revient \u00e0 la source. Des ingr\u00e9dients naturels de la r\u00e9gion amazonienne du Br\u00e9sil sont incorpor\u00e9s dans une cire br\u00e9silienne ultraperformante. L&rsquo;ingr\u00e9dient secret ? L&rsquo;huile de Buriti, connue pour ses effets \u00e9tonnants dans la lutte contre le vieillissement, l&rsquo;am\u00e9lioration de l&rsquo;\u00e9lasticit\u00e9 de la peau et l&rsquo;apaisement de la peau.&nbsp;Cette cire pelliculable extr\u00eamement \u00e9lastique a \u00e9t\u00e9 sp\u00e9cialement con\u00e7ue pour \u00eatre appliqu\u00e9e en une seule fois sur des grandes surfaces et pour \u00eatre retir\u00e9e en une seule fois sans se casser. Gr\u00e2ce \u00e0 la cire \u00e0 s\u00e9chage rapide, il n&rsquo;y a pas de temps d&rsquo;attente et vous pouvez retirer la cire imm\u00e9diatement apr\u00e8s l&rsquo;application pour un gain de temps maximal. L&rsquo;\u00e9pilation \u00e0 la cire pelliculable Brasilia est aussi rapide que l&rsquo;\u00e9pilation \u00e0 la cire classique \u00e0 bandes, mais elle est beaucoup plus agr\u00e9able, moins douloureuse et les poils se cassent moins vite.<o:p><\/o:p><\/span><\/p>\n<p><b><span lang=\"FR\">Une \u00e9pilation confortable et rapide dans le respect de la peau et de l&rsquo;environnement !<\/span><\/b><span lang=\"FR\"><o:p><\/o:p><\/span><\/p>\n<p><span lang=\"FR\">L&rsquo;\u00e9pilation \u00e0 la cire pelliculable n&rsquo;a jamais \u00e9t\u00e9 aussi facile, rapide et \u00e9conomique. Avec la cire Brasilia et la technique de la cire amazonienne, l&rsquo;\u00e9pilation devient un jeu d&rsquo;enfant.<o:p><\/o:p><\/span><\/p>\n<ul type=\"disc\">\n<li><span lang=\"FR\">Id\u00e9ale pour les grandes surfaces : appliquer la cire en un seul geste sur toute la zone et l&rsquo;enlever en une seule fois sans qu&rsquo;elle se casse.<o:p><\/o:p><\/span><\/li>\n<li><span lang=\"FR\">Tr\u00e8s bonne adh\u00e9rence au poils, m\u00eame sans pression.<o:p><\/o:p><\/span><\/li>\n<li><span lang=\"FR\">Tous les types de pilosit\u00e9 peuvent \u00eatre trait\u00e9s.<o:p><\/o:p><\/span><\/li>\n<li><span lang=\"FR\">Se solidifie tr\u00e8s rapidement : apr\u00e8s une application (fine), vous pouvez l&rsquo;enlever imm\u00e9diatement.<o:p><\/o:p><\/span><\/li>\n<li><span lang=\"FR\">Multidirectionnel : vous pouvez appliquer la cire dans le sens ou contre le sens de la pousse du poil, les poils sont enlev\u00e9s sans se casser.&nbsp;Cela vous fera gagner beaucoup de temps, ce qui est bon pour votre chiffre d&rsquo;affaires !<o:p><\/o:p><\/span><\/li>\n<li><span lang=\"FR\">R\u00e9glage recommand\u00e9 du thermostat pour le Depil\u00e8ve Neo Chauffe-Cire : 4,5 \u00e0 5,5. R\u00e9gler la cire \u00e0 une temp\u00e9rature plus basse lors de l&rsquo;application sur des zones plus intimes et chaudes.<o:p><\/o:p><\/span><\/li>\n<li><span lang=\"FR\">Conditionnement : sachet de 1 kg de perles de cire pour faciliter la recharge et l&rsquo;utilisation dans d&rsquo;autres appareils \u00e0 cire.<o:p><\/o:p><\/span><\/li>\n<\/ul>\n<p><b><span lang=\"FR\">Propri\u00e9t\u00e9s<\/span><\/b><span lang=\"FR\"><br \/><\/span><span><o:p><\/o:p><\/span><\/p>\n<ul type=\"disc\">\n<li><span lang=\"FR\">Elasticit\u00e9 : tr\u00e8s \u00e9lev\u00e9e.<\/span><span><o:p><\/o:p><\/span><\/li>\n<li><span lang=\"FR\">Temp\u00e9rature de solidification : \u00e9lev\u00e9e &#8211; se solidifie tr\u00e8s rapidement.<o:p><\/o:p><\/span><\/li>\n<li><span lang=\"FR\">Prise : \u00e9limine tous les types de poils sans effort. Les poils \u00e9pais et raides disparaissent en une seule application.<o:p><\/o:p><\/span><\/li>\n<li><span lang=\"FR\">Texture : fine, comme du miel.<\/span><span><o:p><\/o:p><\/span><\/li>\n<\/ul>\n<p><b><span lang=\"FR\">CONSEIL EN OR&nbsp;:<\/span><\/b><span lang=\"FR\">&nbsp;R\u00e9glez d&rsquo;abord votre chauffe-cire Depil\u00e8ve sur 7 pour faire fondre votre cire pelliculable plus rapidement. R\u00e9glez-le sur 4,5 \u00e0 5,5 au moment de l&rsquo;\u00e9pilation.<o:p><\/o:p><\/span><\/p>\n<p><b><span lang=\"FR\">Vous voulez effectuer des \u00e9pilations de mani\u00e8re moderne, efficace et rentable ? Brasilia!<\/span><\/b><span lang=\"FR\"><o:p><\/o:p><\/span><\/p>\n<p><span>Souhaitez-vous d&rsquo;abord tester cette cire pelliculable ? Cela est possible avec notre set d&rsquo;essai Depil\u00e8ve Brasilia Start-up Set (<\/span><a href=\"https:\/\/webshop.districos.com\/ProductDetail\/1212.24\"style=\"font-family: Verdana, sans-serif; font-size: 10pt;\" target=\"_blank\" rel=\"noopener noreferrer nofollow\"><span>r\u00e9f. 1212.24<\/span><\/a><span>) !<\/span>&nbsp;<\/p>\n","protected":false},"excerpt":{"rendered":"<p>La&nbsp;VRAIE&nbsp;cire br\u00e9silienne ! Une \u00e9pilation plus rapide avec des meilleurs r\u00e9sultats, m\u00eame pour les zones corporelles plus grandes. Depil\u00e8ve &#8211; n\u00b01 mondial de l&rsquo;\u00e9pilation &#8211; revient \u00e0 la source. Des ingr\u00e9dients naturels de la r\u00e9gion amazonienne du Br\u00e9sil sont incorpor\u00e9s dans une cire br\u00e9silienne ultraperformante. L&rsquo;ingr\u00e9dient secret ? L&rsquo;huile de Buriti, connue pour ses effets [&hellip;]<\/p>\n","protected":false},"featured_media":69968,"comment_status":"open","ping_status":"closed","template":"","meta":{"_acf_changed":false},"product_brand":[10376],"product_cat":[9914],"product_tag":[],"class_list":{"0":"post-133702","1":"product","2":"type-product","3":"status-publish","4":"has-post-thumbnail","6":"product_brand-depileve-fr","7":"product_cat-beaute-epilation-cire-pelliculable","9":"first","10":"instock","11":"taxable","12":"shipping-taxable","13":"product-type-simple"},"acf":[],"yoast_head":"<!-- This site is optimized with the Yoast SEO plugin v27.3 - https:\/\/yoast.com\/product\/yoast-seo-wordpress\/ -->\n<title>Depil\u00e8ve Cire Pelliculable Brasilia Perles 1 kg - Districos Webshop<\/title>\n<meta name=\"robots\" content=\"noindex, follow, max-snippet:-1, max-image-preview:large, max-video-preview:-1\" \/>\n<meta property=\"og:locale\" content=\"fr_FR\" \/>\n<meta property=\"og:type\" content=\"article\" \/>\n<meta property=\"og:title\" content=\"Depil\u00e8ve Cire Pelliculable Brasilia Perles 1 kg - Districos Webshop\" \/>\n<meta property=\"og:description\" content=\"La&nbsp;VRAIE&nbsp;cire br\u00e9silienne ! Une \u00e9pilation plus rapide avec des meilleurs r\u00e9sultats, m\u00eame pour les zones corporelles plus grandes. Depil\u00e8ve &#8211; n\u00b01 mondial de l&rsquo;\u00e9pilation &#8211; revient \u00e0 la source. Des ingr\u00e9dients naturels de la r\u00e9gion amazonienne du Br\u00e9sil sont incorpor\u00e9s dans une cire br\u00e9silienne ultraperformante. L&rsquo;ingr\u00e9dient secret ? L&rsquo;huile de Buriti, connue pour ses effets [&hellip;]\" \/>\n<meta property=\"og:url\" content=\"https:\/\/districos.standingout.be\/fr\/product\/depileve-cire-pelliculable-brasilia-perles-1-kg-ref-1037-01\/\" \/>\n<meta property=\"og:site_name\" content=\"Districos Webshop\" \/>\n<meta property=\"article:modified_time\" content=\"2026-04-27T23:49:02+00:00\" \/>\n<meta property=\"og:image\" content=\"https:\/\/districos.standingout.be\/wp-content\/uploads\/2025\/07\/1037.01@LowRes_1.png\" \/>\n\t<meta property=\"og:image:width\" content=\"600\" \/>\n\t<meta property=\"og:image:height\" content=\"600\" \/>\n\t<meta property=\"og:image:type\" content=\"image\/png\" \/>\n<meta name=\"twitter:card\" content=\"summary_large_image\" \/>\n<meta name=\"twitter:label1\" content=\"Dur\u00e9e de lecture estim\u00e9e\" \/>\n\t<meta name=\"twitter:data1\" content=\"2 minutes\" \/>\n<script type=\"application\/ld+json\" class=\"yoast-schema-graph\">{\"@context\":\"https:\\\/\\\/schema.org\",\"@graph\":[{\"@type\":\"WebPage\",\"@id\":\"https:\\\/\\\/districos.standingout.be\\\/fr\\\/product\\\/depileve-cire-pelliculable-brasilia-perles-1-kg-ref-1037-01\\\/\",\"url\":\"https:\\\/\\\/districos.standingout.be\\\/fr\\\/product\\\/depileve-cire-pelliculable-brasilia-perles-1-kg-ref-1037-01\\\/\",\"name\":\"Depil\u00e8ve Cire Pelliculable Brasilia Perles 1 kg - Districos Webshop\",\"isPartOf\":{\"@id\":\"https:\\\/\\\/districos.standingout.be\\\/fr\\\/#website\"},\"primaryImageOfPage\":{\"@id\":\"https:\\\/\\\/districos.standingout.be\\\/fr\\\/product\\\/depileve-cire-pelliculable-brasilia-perles-1-kg-ref-1037-01\\\/#primaryimage\"},\"image\":{\"@id\":\"https:\\\/\\\/districos.standingout.be\\\/fr\\\/product\\\/depileve-cire-pelliculable-brasilia-perles-1-kg-ref-1037-01\\\/#primaryimage\"},\"thumbnailUrl\":\"https:\\\/\\\/districos.standingout.be\\\/wp-content\\\/uploads\\\/2025\\\/07\\\/1037.01@LowRes_1.png\",\"datePublished\":\"2026-04-27T23:48:59+00:00\",\"dateModified\":\"2026-04-27T23:49:02+00:00\",\"breadcrumb\":{\"@id\":\"https:\\\/\\\/districos.standingout.be\\\/fr\\\/product\\\/depileve-cire-pelliculable-brasilia-perles-1-kg-ref-1037-01\\\/#breadcrumb\"},\"inLanguage\":\"fr-FR\",\"potentialAction\":[{\"@type\":\"ReadAction\",\"target\":[\"https:\\\/\\\/districos.standingout.be\\\/fr\\\/product\\\/depileve-cire-pelliculable-brasilia-perles-1-kg-ref-1037-01\\\/\"]}]},{\"@type\":\"ImageObject\",\"inLanguage\":\"fr-FR\",\"@id\":\"https:\\\/\\\/districos.standingout.be\\\/fr\\\/product\\\/depileve-cire-pelliculable-brasilia-perles-1-kg-ref-1037-01\\\/#primaryimage\",\"url\":\"https:\\\/\\\/districos.standingout.be\\\/wp-content\\\/uploads\\\/2025\\\/07\\\/1037.01@LowRes_1.png\",\"contentUrl\":\"https:\\\/\\\/districos.standingout.be\\\/wp-content\\\/uploads\\\/2025\\\/07\\\/1037.01@LowRes_1.png\",\"width\":600,\"height\":600},{\"@type\":\"BreadcrumbList\",\"@id\":\"https:\\\/\\\/districos.standingout.be\\\/fr\\\/product\\\/depileve-cire-pelliculable-brasilia-perles-1-kg-ref-1037-01\\\/#breadcrumb\",\"itemListElement\":[{\"@type\":\"ListItem\",\"position\":1,\"name\":\"Home\",\"item\":\"https:\\\/\\\/districos.standingout.be\\\/fr\\\/bienvenue-chez-districos\\\/\"},{\"@type\":\"ListItem\",\"position\":2,\"name\":\"Boutique\",\"item\":\"https:\\\/\\\/districos.standingout.be\\\/fr\\\/boutique\\\/\"},{\"@type\":\"ListItem\",\"position\":3,\"name\":\"Depil\u00e8ve Cire Pelliculable Brasilia Perles 1 kg\"}]},{\"@type\":\"WebSite\",\"@id\":\"https:\\\/\\\/districos.standingout.be\\\/fr\\\/#website\",\"url\":\"https:\\\/\\\/districos.standingout.be\\\/fr\\\/\",\"name\":\"Districos Webshop\",\"description\":\"\",\"publisher\":{\"@id\":\"https:\\\/\\\/districos.standingout.be\\\/fr\\\/#organization\"},\"potentialAction\":[{\"@type\":\"SearchAction\",\"target\":{\"@type\":\"EntryPoint\",\"urlTemplate\":\"https:\\\/\\\/districos.standingout.be\\\/fr\\\/?s={search_term_string}\"},\"query-input\":{\"@type\":\"PropertyValueSpecification\",\"valueRequired\":true,\"valueName\":\"search_term_string\"}}],\"inLanguage\":\"fr-FR\"},{\"@type\":\"Organization\",\"@id\":\"https:\\\/\\\/districos.standingout.be\\\/fr\\\/#organization\",\"name\":\"Districos Webshop\",\"url\":\"https:\\\/\\\/districos.standingout.be\\\/fr\\\/\",\"logo\":{\"@type\":\"ImageObject\",\"inLanguage\":\"fr-FR\",\"@id\":\"https:\\\/\\\/districos.standingout.be\\\/fr\\\/#\\\/schema\\\/logo\\\/image\\\/\",\"url\":\"https:\\\/\\\/districos.standingout.be\\\/wp-content\\\/uploads\\\/2022\\\/09\\\/Districos_Logo_Webshop.svg\",\"contentUrl\":\"https:\\\/\\\/districos.standingout.be\\\/wp-content\\\/uploads\\\/2022\\\/09\\\/Districos_Logo_Webshop.svg\",\"caption\":\"Districos Webshop\"},\"image\":{\"@id\":\"https:\\\/\\\/districos.standingout.be\\\/fr\\\/#\\\/schema\\\/logo\\\/image\\\/\"}}]}<\/script>\n<!-- \/ Yoast SEO plugin. -->","yoast_head_json":{"title":"Depil\u00e8ve Cire Pelliculable Brasilia Perles 1 kg - Districos Webshop","robots":{"index":"noindex","follow":"follow","max-snippet":"max-snippet:-1","max-image-preview":"max-image-preview:large","max-video-preview":"max-video-preview:-1"},"og_locale":"fr_FR","og_type":"article","og_title":"Depil\u00e8ve Cire Pelliculable Brasilia Perles 1 kg - Districos Webshop","og_description":"La&nbsp;VRAIE&nbsp;cire br\u00e9silienne ! Une \u00e9pilation plus rapide avec des meilleurs r\u00e9sultats, m\u00eame pour les zones corporelles plus grandes. Depil\u00e8ve &#8211; n\u00b01 mondial de l&rsquo;\u00e9pilation &#8211; revient \u00e0 la source. Des ingr\u00e9dients naturels de la r\u00e9gion amazonienne du Br\u00e9sil sont incorpor\u00e9s dans une cire br\u00e9silienne ultraperformante. L&rsquo;ingr\u00e9dient secret ? L&rsquo;huile de Buriti, connue pour ses effets [&hellip;]","og_url":"https:\/\/districos.standingout.be\/fr\/product\/depileve-cire-pelliculable-brasilia-perles-1-kg-ref-1037-01\/","og_site_name":"Districos Webshop","article_modified_time":"2026-04-27T23:49:02+00:00","og_image":[{"width":600,"height":600,"url":"https:\/\/districos.standingout.be\/wp-content\/uploads\/2025\/07\/1037.01@LowRes_1.png","type":"image\/png"}],"twitter_card":"summary_large_image","twitter_misc":{"Dur\u00e9e de lecture estim\u00e9e":"2 minutes"},"schema":{"@context":"https:\/\/schema.org","@graph":[{"@type":"WebPage","@id":"https:\/\/districos.standingout.be\/fr\/product\/depileve-cire-pelliculable-brasilia-perles-1-kg-ref-1037-01\/","url":"https:\/\/districos.standingout.be\/fr\/product\/depileve-cire-pelliculable-brasilia-perles-1-kg-ref-1037-01\/","name":"Depil\u00e8ve Cire Pelliculable Brasilia Perles 1 kg - Districos Webshop","isPartOf":{"@id":"https:\/\/districos.standingout.be\/fr\/#website"},"primaryImageOfPage":{"@id":"https:\/\/districos.standingout.be\/fr\/product\/depileve-cire-pelliculable-brasilia-perles-1-kg-ref-1037-01\/#primaryimage"},"image":{"@id":"https:\/\/districos.standingout.be\/fr\/product\/depileve-cire-pelliculable-brasilia-perles-1-kg-ref-1037-01\/#primaryimage"},"thumbnailUrl":"https:\/\/districos.standingout.be\/wp-content\/uploads\/2025\/07\/1037.01@LowRes_1.png","datePublished":"2026-04-27T23:48:59+00:00","dateModified":"2026-04-27T23:49:02+00:00","breadcrumb":{"@id":"https:\/\/districos.standingout.be\/fr\/product\/depileve-cire-pelliculable-brasilia-perles-1-kg-ref-1037-01\/#breadcrumb"},"inLanguage":"fr-FR","potentialAction":[{"@type":"ReadAction","target":["https:\/\/districos.standingout.be\/fr\/product\/depileve-cire-pelliculable-brasilia-perles-1-kg-ref-1037-01\/"]}]},{"@type":"ImageObject","inLanguage":"fr-FR","@id":"https:\/\/districos.standingout.be\/fr\/product\/depileve-cire-pelliculable-brasilia-perles-1-kg-ref-1037-01\/#primaryimage","url":"https:\/\/districos.standingout.be\/wp-content\/uploads\/2025\/07\/1037.01@LowRes_1.png","contentUrl":"https:\/\/districos.standingout.be\/wp-content\/uploads\/2025\/07\/1037.01@LowRes_1.png","width":600,"height":600},{"@type":"BreadcrumbList","@id":"https:\/\/districos.standingout.be\/fr\/product\/depileve-cire-pelliculable-brasilia-perles-1-kg-ref-1037-01\/#breadcrumb","itemListElement":[{"@type":"ListItem","position":1,"name":"Home","item":"https:\/\/districos.standingout.be\/fr\/bienvenue-chez-districos\/"},{"@type":"ListItem","position":2,"name":"Boutique","item":"https:\/\/districos.standingout.be\/fr\/boutique\/"},{"@type":"ListItem","position":3,"name":"Depil\u00e8ve Cire Pelliculable Brasilia Perles 1 kg"}]},{"@type":"WebSite","@id":"https:\/\/districos.standingout.be\/fr\/#website","url":"https:\/\/districos.standingout.be\/fr\/","name":"Districos Webshop","description":"","publisher":{"@id":"https:\/\/districos.standingout.be\/fr\/#organization"},"potentialAction":[{"@type":"SearchAction","target":{"@type":"EntryPoint","urlTemplate":"https:\/\/districos.standingout.be\/fr\/?s={search_term_string}"},"query-input":{"@type":"PropertyValueSpecification","valueRequired":true,"valueName":"search_term_string"}}],"inLanguage":"fr-FR"},{"@type":"Organization","@id":"https:\/\/districos.standingout.be\/fr\/#organization","name":"Districos Webshop","url":"https:\/\/districos.standingout.be\/fr\/","logo":{"@type":"ImageObject","inLanguage":"fr-FR","@id":"https:\/\/districos.standingout.be\/fr\/#\/schema\/logo\/image\/","url":"https:\/\/districos.standingout.be\/wp-content\/uploads\/2022\/09\/Districos_Logo_Webshop.svg","contentUrl":"https:\/\/districos.standingout.be\/wp-content\/uploads\/2022\/09\/Districos_Logo_Webshop.svg","caption":"Districos Webshop"},"image":{"@id":"https:\/\/districos.standingout.be\/fr\/#\/schema\/logo\/image\/"}}]}},"_links":{"self":[{"href":"https:\/\/districos.standingout.be\/fr\/wp-json\/wp\/v2\/product\/133702","targetHints":{"allow":["GET"]}}],"collection":[{"href":"https:\/\/districos.standingout.be\/fr\/wp-json\/wp\/v2\/product"}],"about":[{"href":"https:\/\/districos.standingout.be\/fr\/wp-json\/wp\/v2\/types\/product"}],"replies":[{"embeddable":true,"href":"https:\/\/districos.standingout.be\/fr\/wp-json\/wp\/v2\/comments?post=133702"}],"wp:featuredmedia":[{"embeddable":true,"href":"https:\/\/districos.standingout.be\/fr\/wp-json\/wp\/v2\/media\/69968"}],"wp:attachment":[{"href":"https:\/\/districos.standingout.be\/fr\/wp-json\/wp\/v2\/media?parent=133702"}],"wp:term":[{"taxonomy":"product_brand","embeddable":true,"href":"https:\/\/districos.standingout.be\/fr\/wp-json\/wp\/v2\/product_brand?post=133702"},{"taxonomy":"product_cat","embeddable":true,"href":"https:\/\/districos.standingout.be\/fr\/wp-json\/wp\/v2\/product_cat?post=133702"},{"taxonomy":"product_tag","embeddable":true,"href":"https:\/\/districos.standingout.be\/fr\/wp-json\/wp\/v2\/product_tag?post=133702"}],"curies":[{"name":"wp","href":"https:\/\/api.w.org\/{rel}","templated":true}]}}