{"id":133704,"date":"2026-04-28T01:49:02","date_gmt":"2026-04-27T23:49:02","guid":{"rendered":"https:\/\/webshopdistricoscom.webhosting.be\/product\/depileve-cire-pelliculable-cliniwax-hypoallergenic-800-g-ref-1038\/"},"modified":"2026-04-28T01:49:05","modified_gmt":"2026-04-27T23:49:05","slug":"depileve-cire-pelliculable-cliniwax-hypoallergenic-800-g-ref-1038","status":"publish","type":"product","link":"https:\/\/districos.standingout.be\/fr\/product\/depileve-cire-pelliculable-cliniwax-hypoallergenic-800-g-ref-1038\/","title":{"rendered":"Depil\u00e8ve Cire Pelliculable Cliniwax Hypoallergenic 800 g"},"content":{"rendered":"<p >\n<\/p>\n<\/p>\n<\/p>\n<\/p>\n<\/p>\n<\/p>\n<div>\n<p>Cire pelliculable cr\u00e9meuse blanche hypoallerg\u00e9nique avec des ingr\u00e9dients apaisants pour une tol\u00e9rance cutan\u00e9e in\u00e9gal\u00e9e et une adh\u00e9rence sup\u00e9rieure. Gr\u00e2ce \u00e0 sa couleur blanche, les poils \u00e9pil\u00e9s sont tr\u00e8s visibles. Efficace sur les poils ind\u00e9sirables, doux pour les peaux sensibles ! <\/p>\n<ul>\n<li>Formule basse temp\u00e9rature et sans r\u00e9sine (de pin) ou colophane.<\/li>\n<li>Texture douce et cr\u00e9meuse avec un subtil parfum de rose.<\/li>\n<li>Convient aussi bien aux poils courts et drus qu&rsquo;aux poils longs et souples.<\/li>\n<li>Convient \u00e0 tous les types de peaux, m\u00eame les plus d\u00e9licates.<\/li>\n<li>R\u00e9glage recommand\u00e9 du thermostat du Chauffe-Cire N\u00e9o Depil\u00e8ve : 3,5 \u00e0 4,5.<\/li>\n<li>Conditionnement : pot de 800 g \u00e0 placer directement dans le chauffe-r\u00e9sine Depil\u00e8ve.\n<\/li>\n<\/ul>\n<p>Enrichi en : <\/p>\n<ul>\n<li>Bisabolol : Calme et apaise la peau pendant l&rsquo;\u00e9pilation, ce qui rend cette cire pelliculable parfaite pour l&rsquo;\u00e9pilation des peaux sensibles.<\/li>\n<li>Allanto\u00efne : Hydrate et adoucit la peau. Stimule la r\u00e9g\u00e9n\u00e9ration cellulaire.\n<p><\/li>\n<\/ul>\n<p><b>CONSEIL D&rsquo;OR<\/b>: R\u00e9glez d&rsquo;abord votre chauffe-cire Depil\u00e8ve sur 7 pour faire fondre plus rapidement votre cire pelliculable. R\u00e9glez-le ensuite sur 3,5 \u00e0 4,5 au moment de l&rsquo;\u00e9pilation.<\/p>\n<p><span lang=\"FR\"><b>ASTUCE<\/b><span>: Utilisez un coolpack (<\/span><a href=\"https:\/\/districos.com\/ProductDetail\/1219.12\"style=\"font-family: Verdana; font-size: 10pt;\" target=\"_blank\" rel=\"noopener noreferrer nofollow\"><u>r\u00e9f. 1219.12<\/u><\/a><span>) sur les zones chaudes telles que les aisselles et le maillot pour refroidir la bande de cire \u00e0 une vitesse acc\u00e9l\u00e9r\u00e9e et travailler rapidement avec votre cire pelliculable pr\u00e9f\u00e9r\u00e9e \u00e0 cet endroit \u00e9galement.<\/span><br \/><o:p><\/o:p><\/span><\/p>\n<\/p><\/div>\n<p> <timestamp:19288292:37\/> <timestamp:19288293:37\/> <\/p>\n","protected":false},"excerpt":{"rendered":"<p>Cire pelliculable cr\u00e9meuse blanche hypoallerg\u00e9nique avec des ingr\u00e9dients apaisants pour une tol\u00e9rance cutan\u00e9e in\u00e9gal\u00e9e et une adh\u00e9rence sup\u00e9rieure. Gr\u00e2ce \u00e0 sa couleur blanche, les poils \u00e9pil\u00e9s sont tr\u00e8s visibles. Efficace sur les poils ind\u00e9sirables, doux pour les peaux sensibles ! Formule basse temp\u00e9rature et sans r\u00e9sine (de pin) ou colophane. Texture douce et cr\u00e9meuse avec [&hellip;]<\/p>\n","protected":false},"featured_media":143304,"comment_status":"open","ping_status":"closed","template":"","meta":{"_acf_changed":false},"product_brand":[10376],"product_cat":[9914],"product_tag":[],"class_list":{"0":"post-133704","1":"product","2":"type-product","3":"status-publish","4":"has-post-thumbnail","6":"product_brand-depileve-fr","7":"product_cat-beaute-epilation-cire-pelliculable","9":"first","10":"instock","11":"taxable","12":"shipping-taxable","13":"product-type-simple"},"acf":[],"yoast_head":"<!-- This site is optimized with the Yoast SEO plugin v27.3 - https:\/\/yoast.com\/product\/yoast-seo-wordpress\/ -->\n<title>Depil\u00e8ve Cire Pelliculable Cliniwax Hypoallergenic 800 g - Districos Webshop<\/title>\n<meta name=\"robots\" content=\"noindex, follow, max-snippet:-1, max-image-preview:large, max-video-preview:-1\" \/>\n<meta property=\"og:locale\" content=\"fr_FR\" \/>\n<meta property=\"og:type\" content=\"article\" \/>\n<meta property=\"og:title\" content=\"Depil\u00e8ve Cire Pelliculable Cliniwax Hypoallergenic 800 g - Districos Webshop\" \/>\n<meta property=\"og:description\" content=\"Cire pelliculable cr\u00e9meuse blanche hypoallerg\u00e9nique avec des ingr\u00e9dients apaisants pour une tol\u00e9rance cutan\u00e9e in\u00e9gal\u00e9e et une adh\u00e9rence sup\u00e9rieure. Gr\u00e2ce \u00e0 sa couleur blanche, les poils \u00e9pil\u00e9s sont tr\u00e8s visibles. Efficace sur les poils ind\u00e9sirables, doux pour les peaux sensibles ! Formule basse temp\u00e9rature et sans r\u00e9sine (de pin) ou colophane. Texture douce et cr\u00e9meuse avec [&hellip;]\" \/>\n<meta property=\"og:url\" content=\"https:\/\/districos.standingout.be\/fr\/product\/depileve-cire-pelliculable-cliniwax-hypoallergenic-800-g-ref-1038\/\" \/>\n<meta property=\"og:site_name\" content=\"Districos Webshop\" \/>\n<meta property=\"article:modified_time\" content=\"2026-04-27T23:49:05+00:00\" \/>\n<meta property=\"og:image\" content=\"https:\/\/districos.standingout.be\/wp-content\/uploads\/2026\/04\/1038@Depileve-Cliniwax-Hypoallergeen-800-g_1-2.png\" \/>\n\t<meta property=\"og:image:width\" content=\"600\" \/>\n\t<meta property=\"og:image:height\" content=\"600\" \/>\n\t<meta property=\"og:image:type\" content=\"image\/png\" \/>\n<meta name=\"twitter:card\" content=\"summary_large_image\" \/>\n<meta name=\"twitter:label1\" content=\"Dur\u00e9e de lecture estim\u00e9e\" \/>\n\t<meta name=\"twitter:data1\" content=\"1 minute\" \/>\n<script type=\"application\/ld+json\" class=\"yoast-schema-graph\">{\"@context\":\"https:\\\/\\\/schema.org\",\"@graph\":[{\"@type\":\"WebPage\",\"@id\":\"https:\\\/\\\/districos.standingout.be\\\/fr\\\/product\\\/depileve-cire-pelliculable-cliniwax-hypoallergenic-800-g-ref-1038\\\/\",\"url\":\"https:\\\/\\\/districos.standingout.be\\\/fr\\\/product\\\/depileve-cire-pelliculable-cliniwax-hypoallergenic-800-g-ref-1038\\\/\",\"name\":\"Depil\u00e8ve Cire Pelliculable Cliniwax Hypoallergenic 800 g - Districos Webshop\",\"isPartOf\":{\"@id\":\"https:\\\/\\\/districos.standingout.be\\\/fr\\\/#website\"},\"primaryImageOfPage\":{\"@id\":\"https:\\\/\\\/districos.standingout.be\\\/fr\\\/product\\\/depileve-cire-pelliculable-cliniwax-hypoallergenic-800-g-ref-1038\\\/#primaryimage\"},\"image\":{\"@id\":\"https:\\\/\\\/districos.standingout.be\\\/fr\\\/product\\\/depileve-cire-pelliculable-cliniwax-hypoallergenic-800-g-ref-1038\\\/#primaryimage\"},\"thumbnailUrl\":\"https:\\\/\\\/districos.standingout.be\\\/wp-content\\\/uploads\\\/2026\\\/04\\\/1038@Depileve-Cliniwax-Hypoallergeen-800-g_1-3.png\",\"datePublished\":\"2026-04-27T23:49:02+00:00\",\"dateModified\":\"2026-04-27T23:49:05+00:00\",\"breadcrumb\":{\"@id\":\"https:\\\/\\\/districos.standingout.be\\\/fr\\\/product\\\/depileve-cire-pelliculable-cliniwax-hypoallergenic-800-g-ref-1038\\\/#breadcrumb\"},\"inLanguage\":\"fr-FR\",\"potentialAction\":[{\"@type\":\"ReadAction\",\"target\":[\"https:\\\/\\\/districos.standingout.be\\\/fr\\\/product\\\/depileve-cire-pelliculable-cliniwax-hypoallergenic-800-g-ref-1038\\\/\"]}]},{\"@type\":\"ImageObject\",\"inLanguage\":\"fr-FR\",\"@id\":\"https:\\\/\\\/districos.standingout.be\\\/fr\\\/product\\\/depileve-cire-pelliculable-cliniwax-hypoallergenic-800-g-ref-1038\\\/#primaryimage\",\"url\":\"https:\\\/\\\/districos.standingout.be\\\/wp-content\\\/uploads\\\/2026\\\/04\\\/1038@Depileve-Cliniwax-Hypoallergeen-800-g_1-3.png\",\"contentUrl\":\"https:\\\/\\\/districos.standingout.be\\\/wp-content\\\/uploads\\\/2026\\\/04\\\/1038@Depileve-Cliniwax-Hypoallergeen-800-g_1-3.png\",\"width\":600,\"height\":600},{\"@type\":\"BreadcrumbList\",\"@id\":\"https:\\\/\\\/districos.standingout.be\\\/fr\\\/product\\\/depileve-cire-pelliculable-cliniwax-hypoallergenic-800-g-ref-1038\\\/#breadcrumb\",\"itemListElement\":[{\"@type\":\"ListItem\",\"position\":1,\"name\":\"Home\",\"item\":\"https:\\\/\\\/districos.standingout.be\\\/fr\\\/bienvenue-chez-districos\\\/\"},{\"@type\":\"ListItem\",\"position\":2,\"name\":\"Boutique\",\"item\":\"https:\\\/\\\/districos.standingout.be\\\/fr\\\/boutique\\\/\"},{\"@type\":\"ListItem\",\"position\":3,\"name\":\"Depil\u00e8ve Cire Pelliculable Cliniwax Hypoallergenic 800 g\"}]},{\"@type\":\"WebSite\",\"@id\":\"https:\\\/\\\/districos.standingout.be\\\/fr\\\/#website\",\"url\":\"https:\\\/\\\/districos.standingout.be\\\/fr\\\/\",\"name\":\"Districos Webshop\",\"description\":\"\",\"publisher\":{\"@id\":\"https:\\\/\\\/districos.standingout.be\\\/fr\\\/#organization\"},\"potentialAction\":[{\"@type\":\"SearchAction\",\"target\":{\"@type\":\"EntryPoint\",\"urlTemplate\":\"https:\\\/\\\/districos.standingout.be\\\/fr\\\/?s={search_term_string}\"},\"query-input\":{\"@type\":\"PropertyValueSpecification\",\"valueRequired\":true,\"valueName\":\"search_term_string\"}}],\"inLanguage\":\"fr-FR\"},{\"@type\":\"Organization\",\"@id\":\"https:\\\/\\\/districos.standingout.be\\\/fr\\\/#organization\",\"name\":\"Districos Webshop\",\"url\":\"https:\\\/\\\/districos.standingout.be\\\/fr\\\/\",\"logo\":{\"@type\":\"ImageObject\",\"inLanguage\":\"fr-FR\",\"@id\":\"https:\\\/\\\/districos.standingout.be\\\/fr\\\/#\\\/schema\\\/logo\\\/image\\\/\",\"url\":\"https:\\\/\\\/districos.standingout.be\\\/wp-content\\\/uploads\\\/2022\\\/09\\\/Districos_Logo_Webshop.svg\",\"contentUrl\":\"https:\\\/\\\/districos.standingout.be\\\/wp-content\\\/uploads\\\/2022\\\/09\\\/Districos_Logo_Webshop.svg\",\"caption\":\"Districos Webshop\"},\"image\":{\"@id\":\"https:\\\/\\\/districos.standingout.be\\\/fr\\\/#\\\/schema\\\/logo\\\/image\\\/\"}}]}<\/script>\n<!-- \/ Yoast SEO plugin. -->","yoast_head_json":{"title":"Depil\u00e8ve Cire Pelliculable Cliniwax Hypoallergenic 800 g - Districos Webshop","robots":{"index":"noindex","follow":"follow","max-snippet":"max-snippet:-1","max-image-preview":"max-image-preview:large","max-video-preview":"max-video-preview:-1"},"og_locale":"fr_FR","og_type":"article","og_title":"Depil\u00e8ve Cire Pelliculable Cliniwax Hypoallergenic 800 g - Districos Webshop","og_description":"Cire pelliculable cr\u00e9meuse blanche hypoallerg\u00e9nique avec des ingr\u00e9dients apaisants pour une tol\u00e9rance cutan\u00e9e in\u00e9gal\u00e9e et une adh\u00e9rence sup\u00e9rieure. Gr\u00e2ce \u00e0 sa couleur blanche, les poils \u00e9pil\u00e9s sont tr\u00e8s visibles. Efficace sur les poils ind\u00e9sirables, doux pour les peaux sensibles ! Formule basse temp\u00e9rature et sans r\u00e9sine (de pin) ou colophane. Texture douce et cr\u00e9meuse avec [&hellip;]","og_url":"https:\/\/districos.standingout.be\/fr\/product\/depileve-cire-pelliculable-cliniwax-hypoallergenic-800-g-ref-1038\/","og_site_name":"Districos Webshop","article_modified_time":"2026-04-27T23:49:05+00:00","og_image":[{"width":600,"height":600,"url":"https:\/\/districos.standingout.be\/wp-content\/uploads\/2026\/04\/1038@Depileve-Cliniwax-Hypoallergeen-800-g_1-2.png","type":"image\/png"}],"twitter_card":"summary_large_image","twitter_misc":{"Dur\u00e9e de lecture estim\u00e9e":"1 minute"},"schema":{"@context":"https:\/\/schema.org","@graph":[{"@type":"WebPage","@id":"https:\/\/districos.standingout.be\/fr\/product\/depileve-cire-pelliculable-cliniwax-hypoallergenic-800-g-ref-1038\/","url":"https:\/\/districos.standingout.be\/fr\/product\/depileve-cire-pelliculable-cliniwax-hypoallergenic-800-g-ref-1038\/","name":"Depil\u00e8ve Cire Pelliculable Cliniwax Hypoallergenic 800 g - Districos Webshop","isPartOf":{"@id":"https:\/\/districos.standingout.be\/fr\/#website"},"primaryImageOfPage":{"@id":"https:\/\/districos.standingout.be\/fr\/product\/depileve-cire-pelliculable-cliniwax-hypoallergenic-800-g-ref-1038\/#primaryimage"},"image":{"@id":"https:\/\/districos.standingout.be\/fr\/product\/depileve-cire-pelliculable-cliniwax-hypoallergenic-800-g-ref-1038\/#primaryimage"},"thumbnailUrl":"https:\/\/districos.standingout.be\/wp-content\/uploads\/2026\/04\/1038@Depileve-Cliniwax-Hypoallergeen-800-g_1-3.png","datePublished":"2026-04-27T23:49:02+00:00","dateModified":"2026-04-27T23:49:05+00:00","breadcrumb":{"@id":"https:\/\/districos.standingout.be\/fr\/product\/depileve-cire-pelliculable-cliniwax-hypoallergenic-800-g-ref-1038\/#breadcrumb"},"inLanguage":"fr-FR","potentialAction":[{"@type":"ReadAction","target":["https:\/\/districos.standingout.be\/fr\/product\/depileve-cire-pelliculable-cliniwax-hypoallergenic-800-g-ref-1038\/"]}]},{"@type":"ImageObject","inLanguage":"fr-FR","@id":"https:\/\/districos.standingout.be\/fr\/product\/depileve-cire-pelliculable-cliniwax-hypoallergenic-800-g-ref-1038\/#primaryimage","url":"https:\/\/districos.standingout.be\/wp-content\/uploads\/2026\/04\/1038@Depileve-Cliniwax-Hypoallergeen-800-g_1-3.png","contentUrl":"https:\/\/districos.standingout.be\/wp-content\/uploads\/2026\/04\/1038@Depileve-Cliniwax-Hypoallergeen-800-g_1-3.png","width":600,"height":600},{"@type":"BreadcrumbList","@id":"https:\/\/districos.standingout.be\/fr\/product\/depileve-cire-pelliculable-cliniwax-hypoallergenic-800-g-ref-1038\/#breadcrumb","itemListElement":[{"@type":"ListItem","position":1,"name":"Home","item":"https:\/\/districos.standingout.be\/fr\/bienvenue-chez-districos\/"},{"@type":"ListItem","position":2,"name":"Boutique","item":"https:\/\/districos.standingout.be\/fr\/boutique\/"},{"@type":"ListItem","position":3,"name":"Depil\u00e8ve Cire Pelliculable Cliniwax Hypoallergenic 800 g"}]},{"@type":"WebSite","@id":"https:\/\/districos.standingout.be\/fr\/#website","url":"https:\/\/districos.standingout.be\/fr\/","name":"Districos Webshop","description":"","publisher":{"@id":"https:\/\/districos.standingout.be\/fr\/#organization"},"potentialAction":[{"@type":"SearchAction","target":{"@type":"EntryPoint","urlTemplate":"https:\/\/districos.standingout.be\/fr\/?s={search_term_string}"},"query-input":{"@type":"PropertyValueSpecification","valueRequired":true,"valueName":"search_term_string"}}],"inLanguage":"fr-FR"},{"@type":"Organization","@id":"https:\/\/districos.standingout.be\/fr\/#organization","name":"Districos Webshop","url":"https:\/\/districos.standingout.be\/fr\/","logo":{"@type":"ImageObject","inLanguage":"fr-FR","@id":"https:\/\/districos.standingout.be\/fr\/#\/schema\/logo\/image\/","url":"https:\/\/districos.standingout.be\/wp-content\/uploads\/2022\/09\/Districos_Logo_Webshop.svg","contentUrl":"https:\/\/districos.standingout.be\/wp-content\/uploads\/2022\/09\/Districos_Logo_Webshop.svg","caption":"Districos Webshop"},"image":{"@id":"https:\/\/districos.standingout.be\/fr\/#\/schema\/logo\/image\/"}}]}},"_links":{"self":[{"href":"https:\/\/districos.standingout.be\/fr\/wp-json\/wp\/v2\/product\/133704","targetHints":{"allow":["GET"]}}],"collection":[{"href":"https:\/\/districos.standingout.be\/fr\/wp-json\/wp\/v2\/product"}],"about":[{"href":"https:\/\/districos.standingout.be\/fr\/wp-json\/wp\/v2\/types\/product"}],"replies":[{"embeddable":true,"href":"https:\/\/districos.standingout.be\/fr\/wp-json\/wp\/v2\/comments?post=133704"}],"wp:featuredmedia":[{"embeddable":true,"href":"https:\/\/districos.standingout.be\/fr\/wp-json\/wp\/v2\/media\/143304"}],"wp:attachment":[{"href":"https:\/\/districos.standingout.be\/fr\/wp-json\/wp\/v2\/media?parent=133704"}],"wp:term":[{"taxonomy":"product_brand","embeddable":true,"href":"https:\/\/districos.standingout.be\/fr\/wp-json\/wp\/v2\/product_brand?post=133704"},{"taxonomy":"product_cat","embeddable":true,"href":"https:\/\/districos.standingout.be\/fr\/wp-json\/wp\/v2\/product_cat?post=133704"},{"taxonomy":"product_tag","embeddable":true,"href":"https:\/\/districos.standingout.be\/fr\/wp-json\/wp\/v2\/product_tag?post=133704"}],"curies":[{"name":"wp","href":"https:\/\/api.w.org\/{rel}","templated":true}]}}