{"id":133716,"date":"2026-04-28T01:49:20","date_gmt":"2026-04-27T23:49:20","guid":{"rendered":"https:\/\/webshopdistricoscom.webhosting.be\/product\/depileve-roll-go-cartouche-naturelle-100-g-ref-1040-33\/"},"modified":"2026-04-28T01:49:23","modified_gmt":"2026-04-27T23:49:23","slug":"depileve-roll-go-cartouche-naturelle-100-g-ref-1040-33","status":"publish","type":"product","link":"https:\/\/districos.standingout.be\/fr\/product\/depileve-roll-go-cartouche-naturelle-100-g-ref-1040-33\/","title":{"rendered":"Depil\u00e8ve Roll &#038; Go Cartouche Naturelle 100 g"},"content":{"rendered":"<p >\n<\/p>\n<\/p>\n<\/p>\n<\/p>\n<\/p>\n<\/p>\n<\/p>\n<\/p>\n<p><span lang=\"FR\">Cartouche naturelle et biologique \u00e0 base de Bio Based Plant Resin (BBR) qui est d&rsquo;une qualit\u00e9 ind\u00e9niable ! Gagnez du temps gr\u00e2ce \u00e0 sa formule \u00e0 fusion extr\u00eamement rapide et profitez d&rsquo;une application ultra fine qui n\u00e9cessite moins de bandes. Les cartouches Roll &amp; Go ont une adh\u00e9rence maximale de sorte que m\u00eame les poils les plus courts sont imm\u00e9diatement \u00e9limin\u00e9s. Bref, optez pour une \u00e9limination propre et efficace en un seul geste !<o:p><\/o:p><\/span><\/p>\n<p><b><span lang=\"FR\">Caract\u00e9ristiques<o:p><\/o:p><\/span><\/b><\/p>\n<ul type=\"disc\">\n<li><span lang=\"FR\">Naturelle&nbsp;: cire naturelle biologique avec une texture liquide. La formule est enrichie en huile min\u00e9rale m\u00e9dicinale adoucissante. Id\u00e9ale pour la plupart des types de peaux et recommand\u00e9e pour \u00e9liminer rapidement les poils, m\u00eame les plus courts, sur la plupart des zones du corps.<o:p><\/o:p><\/span><\/li>\n<li><span lang=\"FR\">Avec BBR, cire biologique de sources renouvelables.<o:p><\/o:p><\/span><\/li>\n<li><span lang=\"FR\">Formule r\u00e9volutionnaire.<o:p><\/o:p><\/span><\/li>\n<li><span lang=\"FR\">Point de fusion bas.<o:p><\/o:p><\/span><\/li>\n<li><span lang=\"FR\">Application ultra fine.<o:p><\/o:p><\/span><\/li>\n<li><span lang=\"FR\">Adh\u00e9rence maximale.<o:p><\/o:p><\/span><\/li>\n<\/ul>\n<p><b><span lang=\"FR\">Aussi disponible<o:p><\/o:p><\/span><\/b><\/p>\n<\/p>\n<ul type=\"disc\">\n<li><span lang=\"FR\">Depil\u00e8ve Roll &amp; Go Cartouche Rose 100 g (r\u00e9f.&nbsp;<a href=\"https:\/\/webshop.districos.com\/ProductDetail\/1040.34\" target=\"_blank\" rel=\"noopener noreferrer nofollow\"><span>1040.34<\/span><\/a>)<o:p><\/o:p><\/span><\/li>\n<\/ul>\n<p dir=\"ltr\"><\/p>\n","protected":false},"excerpt":{"rendered":"<p>Cartouche naturelle et biologique \u00e0 base de Bio Based Plant Resin (BBR) qui est d&rsquo;une qualit\u00e9 ind\u00e9niable ! Gagnez du temps gr\u00e2ce \u00e0 sa formule \u00e0 fusion extr\u00eamement rapide et profitez d&rsquo;une application ultra fine qui n\u00e9cessite moins de bandes. Les cartouches Roll &amp; Go ont une adh\u00e9rence maximale de sorte que m\u00eame les poils [&hellip;]<\/p>\n","protected":false},"featured_media":69992,"comment_status":"open","ping_status":"closed","template":"","meta":{"_acf_changed":false},"product_brand":[10376],"product_cat":[9912],"product_tag":[],"class_list":{"0":"post-133716","1":"product","2":"type-product","3":"status-publish","4":"has-post-thumbnail","6":"product_brand-depileve-fr","7":"product_cat-beaute-epilation-cire-jetable","9":"first","10":"instock","11":"taxable","12":"shipping-taxable","13":"product-type-simple"},"acf":[],"yoast_head":"<!-- This site is optimized with the Yoast SEO plugin v27.3 - https:\/\/yoast.com\/product\/yoast-seo-wordpress\/ -->\n<title>Depil\u00e8ve Roll &amp; Go Cartouche Naturelle 100 g - Districos Webshop<\/title>\n<meta name=\"robots\" content=\"noindex, follow, max-snippet:-1, max-image-preview:large, max-video-preview:-1\" \/>\n<meta property=\"og:locale\" content=\"fr_FR\" \/>\n<meta property=\"og:type\" content=\"article\" \/>\n<meta property=\"og:title\" content=\"Depil\u00e8ve Roll &amp; Go Cartouche Naturelle 100 g - Districos Webshop\" \/>\n<meta property=\"og:description\" content=\"Cartouche naturelle et biologique \u00e0 base de Bio Based Plant Resin (BBR) qui est d&rsquo;une qualit\u00e9 ind\u00e9niable ! Gagnez du temps gr\u00e2ce \u00e0 sa formule \u00e0 fusion extr\u00eamement rapide et profitez d&rsquo;une application ultra fine qui n\u00e9cessite moins de bandes. Les cartouches Roll &amp; Go ont une adh\u00e9rence maximale de sorte que m\u00eame les poils [&hellip;]\" \/>\n<meta property=\"og:url\" content=\"https:\/\/districos.standingout.be\/fr\/product\/depileve-roll-go-cartouche-naturelle-100-g-ref-1040-33\/\" \/>\n<meta property=\"og:site_name\" content=\"Districos Webshop\" \/>\n<meta property=\"article:modified_time\" content=\"2026-04-27T23:49:23+00:00\" \/>\n<meta property=\"og:image\" content=\"https:\/\/districos.standingout.be\/wp-content\/uploads\/2025\/07\/1040.33@LowRes_1_0.png\" \/>\n\t<meta property=\"og:image:width\" content=\"600\" \/>\n\t<meta property=\"og:image:height\" content=\"600\" \/>\n\t<meta property=\"og:image:type\" content=\"image\/png\" \/>\n<meta name=\"twitter:card\" content=\"summary_large_image\" \/>\n<meta name=\"twitter:label1\" content=\"Dur\u00e9e de lecture estim\u00e9e\" \/>\n\t<meta name=\"twitter:data1\" content=\"1 minute\" \/>\n<script type=\"application\/ld+json\" class=\"yoast-schema-graph\">{\"@context\":\"https:\\\/\\\/schema.org\",\"@graph\":[{\"@type\":\"WebPage\",\"@id\":\"https:\\\/\\\/districos.standingout.be\\\/fr\\\/product\\\/depileve-roll-go-cartouche-naturelle-100-g-ref-1040-33\\\/\",\"url\":\"https:\\\/\\\/districos.standingout.be\\\/fr\\\/product\\\/depileve-roll-go-cartouche-naturelle-100-g-ref-1040-33\\\/\",\"name\":\"Depil\u00e8ve Roll & Go Cartouche Naturelle 100 g - Districos Webshop\",\"isPartOf\":{\"@id\":\"https:\\\/\\\/districos.standingout.be\\\/fr\\\/#website\"},\"primaryImageOfPage\":{\"@id\":\"https:\\\/\\\/districos.standingout.be\\\/fr\\\/product\\\/depileve-roll-go-cartouche-naturelle-100-g-ref-1040-33\\\/#primaryimage\"},\"image\":{\"@id\":\"https:\\\/\\\/districos.standingout.be\\\/fr\\\/product\\\/depileve-roll-go-cartouche-naturelle-100-g-ref-1040-33\\\/#primaryimage\"},\"thumbnailUrl\":\"https:\\\/\\\/districos.standingout.be\\\/wp-content\\\/uploads\\\/2025\\\/07\\\/1040.33@LowRes_1_0.png\",\"datePublished\":\"2026-04-27T23:49:20+00:00\",\"dateModified\":\"2026-04-27T23:49:23+00:00\",\"breadcrumb\":{\"@id\":\"https:\\\/\\\/districos.standingout.be\\\/fr\\\/product\\\/depileve-roll-go-cartouche-naturelle-100-g-ref-1040-33\\\/#breadcrumb\"},\"inLanguage\":\"fr-FR\",\"potentialAction\":[{\"@type\":\"ReadAction\",\"target\":[\"https:\\\/\\\/districos.standingout.be\\\/fr\\\/product\\\/depileve-roll-go-cartouche-naturelle-100-g-ref-1040-33\\\/\"]}]},{\"@type\":\"ImageObject\",\"inLanguage\":\"fr-FR\",\"@id\":\"https:\\\/\\\/districos.standingout.be\\\/fr\\\/product\\\/depileve-roll-go-cartouche-naturelle-100-g-ref-1040-33\\\/#primaryimage\",\"url\":\"https:\\\/\\\/districos.standingout.be\\\/wp-content\\\/uploads\\\/2025\\\/07\\\/1040.33@LowRes_1_0.png\",\"contentUrl\":\"https:\\\/\\\/districos.standingout.be\\\/wp-content\\\/uploads\\\/2025\\\/07\\\/1040.33@LowRes_1_0.png\",\"width\":600,\"height\":600},{\"@type\":\"BreadcrumbList\",\"@id\":\"https:\\\/\\\/districos.standingout.be\\\/fr\\\/product\\\/depileve-roll-go-cartouche-naturelle-100-g-ref-1040-33\\\/#breadcrumb\",\"itemListElement\":[{\"@type\":\"ListItem\",\"position\":1,\"name\":\"Home\",\"item\":\"https:\\\/\\\/districos.standingout.be\\\/fr\\\/bienvenue-chez-districos\\\/\"},{\"@type\":\"ListItem\",\"position\":2,\"name\":\"Boutique\",\"item\":\"https:\\\/\\\/districos.standingout.be\\\/fr\\\/boutique\\\/\"},{\"@type\":\"ListItem\",\"position\":3,\"name\":\"Depil\u00e8ve Roll &#038; Go Cartouche Naturelle 100 g\"}]},{\"@type\":\"WebSite\",\"@id\":\"https:\\\/\\\/districos.standingout.be\\\/fr\\\/#website\",\"url\":\"https:\\\/\\\/districos.standingout.be\\\/fr\\\/\",\"name\":\"Districos Webshop\",\"description\":\"\",\"publisher\":{\"@id\":\"https:\\\/\\\/districos.standingout.be\\\/fr\\\/#organization\"},\"potentialAction\":[{\"@type\":\"SearchAction\",\"target\":{\"@type\":\"EntryPoint\",\"urlTemplate\":\"https:\\\/\\\/districos.standingout.be\\\/fr\\\/?s={search_term_string}\"},\"query-input\":{\"@type\":\"PropertyValueSpecification\",\"valueRequired\":true,\"valueName\":\"search_term_string\"}}],\"inLanguage\":\"fr-FR\"},{\"@type\":\"Organization\",\"@id\":\"https:\\\/\\\/districos.standingout.be\\\/fr\\\/#organization\",\"name\":\"Districos Webshop\",\"url\":\"https:\\\/\\\/districos.standingout.be\\\/fr\\\/\",\"logo\":{\"@type\":\"ImageObject\",\"inLanguage\":\"fr-FR\",\"@id\":\"https:\\\/\\\/districos.standingout.be\\\/fr\\\/#\\\/schema\\\/logo\\\/image\\\/\",\"url\":\"https:\\\/\\\/districos.standingout.be\\\/wp-content\\\/uploads\\\/2022\\\/09\\\/Districos_Logo_Webshop.svg\",\"contentUrl\":\"https:\\\/\\\/districos.standingout.be\\\/wp-content\\\/uploads\\\/2022\\\/09\\\/Districos_Logo_Webshop.svg\",\"caption\":\"Districos Webshop\"},\"image\":{\"@id\":\"https:\\\/\\\/districos.standingout.be\\\/fr\\\/#\\\/schema\\\/logo\\\/image\\\/\"}}]}<\/script>\n<!-- \/ Yoast SEO plugin. -->","yoast_head_json":{"title":"Depil\u00e8ve Roll & Go Cartouche Naturelle 100 g - Districos Webshop","robots":{"index":"noindex","follow":"follow","max-snippet":"max-snippet:-1","max-image-preview":"max-image-preview:large","max-video-preview":"max-video-preview:-1"},"og_locale":"fr_FR","og_type":"article","og_title":"Depil\u00e8ve Roll & Go Cartouche Naturelle 100 g - Districos Webshop","og_description":"Cartouche naturelle et biologique \u00e0 base de Bio Based Plant Resin (BBR) qui est d&rsquo;une qualit\u00e9 ind\u00e9niable ! Gagnez du temps gr\u00e2ce \u00e0 sa formule \u00e0 fusion extr\u00eamement rapide et profitez d&rsquo;une application ultra fine qui n\u00e9cessite moins de bandes. Les cartouches Roll &amp; Go ont une adh\u00e9rence maximale de sorte que m\u00eame les poils [&hellip;]","og_url":"https:\/\/districos.standingout.be\/fr\/product\/depileve-roll-go-cartouche-naturelle-100-g-ref-1040-33\/","og_site_name":"Districos Webshop","article_modified_time":"2026-04-27T23:49:23+00:00","og_image":[{"width":600,"height":600,"url":"https:\/\/districos.standingout.be\/wp-content\/uploads\/2025\/07\/1040.33@LowRes_1_0.png","type":"image\/png"}],"twitter_card":"summary_large_image","twitter_misc":{"Dur\u00e9e de lecture estim\u00e9e":"1 minute"},"schema":{"@context":"https:\/\/schema.org","@graph":[{"@type":"WebPage","@id":"https:\/\/districos.standingout.be\/fr\/product\/depileve-roll-go-cartouche-naturelle-100-g-ref-1040-33\/","url":"https:\/\/districos.standingout.be\/fr\/product\/depileve-roll-go-cartouche-naturelle-100-g-ref-1040-33\/","name":"Depil\u00e8ve Roll & Go Cartouche Naturelle 100 g - Districos Webshop","isPartOf":{"@id":"https:\/\/districos.standingout.be\/fr\/#website"},"primaryImageOfPage":{"@id":"https:\/\/districos.standingout.be\/fr\/product\/depileve-roll-go-cartouche-naturelle-100-g-ref-1040-33\/#primaryimage"},"image":{"@id":"https:\/\/districos.standingout.be\/fr\/product\/depileve-roll-go-cartouche-naturelle-100-g-ref-1040-33\/#primaryimage"},"thumbnailUrl":"https:\/\/districos.standingout.be\/wp-content\/uploads\/2025\/07\/1040.33@LowRes_1_0.png","datePublished":"2026-04-27T23:49:20+00:00","dateModified":"2026-04-27T23:49:23+00:00","breadcrumb":{"@id":"https:\/\/districos.standingout.be\/fr\/product\/depileve-roll-go-cartouche-naturelle-100-g-ref-1040-33\/#breadcrumb"},"inLanguage":"fr-FR","potentialAction":[{"@type":"ReadAction","target":["https:\/\/districos.standingout.be\/fr\/product\/depileve-roll-go-cartouche-naturelle-100-g-ref-1040-33\/"]}]},{"@type":"ImageObject","inLanguage":"fr-FR","@id":"https:\/\/districos.standingout.be\/fr\/product\/depileve-roll-go-cartouche-naturelle-100-g-ref-1040-33\/#primaryimage","url":"https:\/\/districos.standingout.be\/wp-content\/uploads\/2025\/07\/1040.33@LowRes_1_0.png","contentUrl":"https:\/\/districos.standingout.be\/wp-content\/uploads\/2025\/07\/1040.33@LowRes_1_0.png","width":600,"height":600},{"@type":"BreadcrumbList","@id":"https:\/\/districos.standingout.be\/fr\/product\/depileve-roll-go-cartouche-naturelle-100-g-ref-1040-33\/#breadcrumb","itemListElement":[{"@type":"ListItem","position":1,"name":"Home","item":"https:\/\/districos.standingout.be\/fr\/bienvenue-chez-districos\/"},{"@type":"ListItem","position":2,"name":"Boutique","item":"https:\/\/districos.standingout.be\/fr\/boutique\/"},{"@type":"ListItem","position":3,"name":"Depil\u00e8ve Roll &#038; Go Cartouche Naturelle 100 g"}]},{"@type":"WebSite","@id":"https:\/\/districos.standingout.be\/fr\/#website","url":"https:\/\/districos.standingout.be\/fr\/","name":"Districos Webshop","description":"","publisher":{"@id":"https:\/\/districos.standingout.be\/fr\/#organization"},"potentialAction":[{"@type":"SearchAction","target":{"@type":"EntryPoint","urlTemplate":"https:\/\/districos.standingout.be\/fr\/?s={search_term_string}"},"query-input":{"@type":"PropertyValueSpecification","valueRequired":true,"valueName":"search_term_string"}}],"inLanguage":"fr-FR"},{"@type":"Organization","@id":"https:\/\/districos.standingout.be\/fr\/#organization","name":"Districos Webshop","url":"https:\/\/districos.standingout.be\/fr\/","logo":{"@type":"ImageObject","inLanguage":"fr-FR","@id":"https:\/\/districos.standingout.be\/fr\/#\/schema\/logo\/image\/","url":"https:\/\/districos.standingout.be\/wp-content\/uploads\/2022\/09\/Districos_Logo_Webshop.svg","contentUrl":"https:\/\/districos.standingout.be\/wp-content\/uploads\/2022\/09\/Districos_Logo_Webshop.svg","caption":"Districos Webshop"},"image":{"@id":"https:\/\/districos.standingout.be\/fr\/#\/schema\/logo\/image\/"}}]}},"_links":{"self":[{"href":"https:\/\/districos.standingout.be\/fr\/wp-json\/wp\/v2\/product\/133716","targetHints":{"allow":["GET"]}}],"collection":[{"href":"https:\/\/districos.standingout.be\/fr\/wp-json\/wp\/v2\/product"}],"about":[{"href":"https:\/\/districos.standingout.be\/fr\/wp-json\/wp\/v2\/types\/product"}],"replies":[{"embeddable":true,"href":"https:\/\/districos.standingout.be\/fr\/wp-json\/wp\/v2\/comments?post=133716"}],"wp:featuredmedia":[{"embeddable":true,"href":"https:\/\/districos.standingout.be\/fr\/wp-json\/wp\/v2\/media\/69992"}],"wp:attachment":[{"href":"https:\/\/districos.standingout.be\/fr\/wp-json\/wp\/v2\/media?parent=133716"}],"wp:term":[{"taxonomy":"product_brand","embeddable":true,"href":"https:\/\/districos.standingout.be\/fr\/wp-json\/wp\/v2\/product_brand?post=133716"},{"taxonomy":"product_cat","embeddable":true,"href":"https:\/\/districos.standingout.be\/fr\/wp-json\/wp\/v2\/product_cat?post=133716"},{"taxonomy":"product_tag","embeddable":true,"href":"https:\/\/districos.standingout.be\/fr\/wp-json\/wp\/v2\/product_tag?post=133716"}],"curies":[{"name":"wp","href":"https:\/\/api.w.org\/{rel}","templated":true}]}}