{"id":133736,"date":"2026-04-28T01:49:45","date_gmt":"2026-04-27T23:49:45","guid":{"rendered":"https:\/\/webshopdistricoscom.webhosting.be\/product\/depileve-huile-nettoyante-200-ml-ref-1090-25\/"},"modified":"2026-04-28T01:49:46","modified_gmt":"2026-04-27T23:49:46","slug":"depileve-huile-nettoyante-200-ml-ref-1090-25","status":"publish","type":"product","link":"https:\/\/districos.standingout.be\/fr\/product\/depileve-huile-nettoyante-200-ml-ref-1090-25\/","title":{"rendered":"Depil\u00e8ve Huile Nettoyante 200 ml"},"content":{"rendered":"<p >\n<\/p>\n<p><font size=\"2\"><span lang=\"FR\">L\u2019Huile Nettoyante Azul\u00e8ne est une huile soignante qui permet d\u2019enlever en douceur les restants de cire et qui procure un traitement hydratant, calmant et anti-inflammatoire \u00e0 la peau.<o:p><\/o:p><\/span><\/font><\/p>\n<p><font size=\"2\"><\/font><\/p>\n<ul>\n<li><font size=\"2\"><span lang=\"FR\">Huile tr\u00e8s l\u00e9g\u00e8re et hydrosoluble.<\/span><\/font><\/li>\n<li><font size=\"2\"><span lang=\"FR\">Flacon spray.<\/span><\/font><\/li>\n<\/ul>\n<p><font size=\"2\"><span lang=\"FR\"><b>Substances actives<o:p><\/o:p><\/b><\/span><\/font><\/p>\n<p><font size=\"2\"><\/font><\/p>\n<ul>\n<li><font size=\"2\"><span lang=\"FR\">L&rsquo;huile min\u00e9rale hydrosoluble soigne la peau et am\u00e9liore son \u00e9lasticit\u00e9. <\/span><\/font><\/li>\n<li><font size=\"2\"><span lang=\"FR\">Le guaiazul\u00e8ne a une action antiseptique et adoucissante. <\/span><\/font><\/li>\n<li><font size=\"2\"><span lang=\"FR\">Le germe de bl\u00e9 est riche en vitamine E et poss\u00e8de des propri\u00e9t\u00e9s antioxydantes.<\/span><\/font><\/li>\n<\/ul>\n<p><font size=\"2\"><span lang=\"FR\"><b>Mode d\u2019emploi<o:p><\/o:p><\/b><\/span><\/font><\/p>\n<p><font size=\"2\"><\/font><\/p>\n<ul>\n<li><font size=\"2\"><span lang=\"FR\">Apr\u00e8s l\u2019\u00e9pilation, appliquez sur la peau et massez l\u00e9g\u00e8rement pour enlever les restants de cire et pour soigner la peau. <\/span><\/font><\/li>\n<li><font size=\"2\"><span lang=\"FR\">Peut \u00e9galement \u00eatre utilis\u00e9e par l\u2019esth\u00e9ticien(ne) pour se garder les mains libres de cire lors de son \u00e9pilation.<\/span><\/font><\/li>\n<\/ul>\n<p><font size=\"2\"><\/font><\/p>\n<p><font size=\"2\"><font size=\"2\"><span lang=\"FR\">Aussi disponible en 350 ml (<u><a href=\"https:\/\/districos.com\/ProductDetail\/1090.26\" target=\"_blank\" rel=\"noopener noreferrer nofollow\">r\u00e9f. 1090.26<\/a><\/u>) et en 500 ml (<u><a href=\"https:\/\/districos.com\/ProductDetail\/1090.261\" target=\"_blank\" rel=\"noopener noreferrer nofollow\">r\u00e9f. 1090.261<\/a><\/u>).<\/span><\/font><\/font><\/p>\n","protected":false},"excerpt":{"rendered":"<p>L\u2019Huile Nettoyante Azul\u00e8ne est une huile soignante qui permet d\u2019enlever en douceur les restants de cire et qui procure un traitement hydratant, calmant et anti-inflammatoire \u00e0 la peau. Huile tr\u00e8s l\u00e9g\u00e8re et hydrosoluble. Flacon spray. Substances actives L&rsquo;huile min\u00e9rale hydrosoluble soigne la peau et am\u00e9liore son \u00e9lasticit\u00e9. Le guaiazul\u00e8ne a une action antiseptique et adoucissante. [&hellip;]<\/p>\n","protected":false},"featured_media":143316,"comment_status":"open","ping_status":"closed","template":"","meta":{"_acf_changed":false},"product_brand":[10376],"product_cat":[9922],"product_tag":[],"class_list":{"0":"post-133736","1":"product","2":"type-product","3":"status-publish","4":"has-post-thumbnail","6":"product_brand-depileve-fr","7":"product_cat-beaute-epilation-soins-pre-post-epilation","9":"first","10":"instock","11":"taxable","12":"shipping-taxable","13":"product-type-simple"},"acf":[],"yoast_head":"<!-- This site is optimized with the Yoast SEO plugin v27.3 - https:\/\/yoast.com\/product\/yoast-seo-wordpress\/ -->\n<title>Depil\u00e8ve Huile Nettoyante 200 ml - Districos Webshop<\/title>\n<meta name=\"robots\" content=\"noindex, follow, max-snippet:-1, max-image-preview:large, max-video-preview:-1\" \/>\n<meta property=\"og:locale\" content=\"fr_FR\" \/>\n<meta property=\"og:type\" content=\"article\" \/>\n<meta property=\"og:title\" content=\"Depil\u00e8ve Huile Nettoyante 200 ml - Districos Webshop\" \/>\n<meta property=\"og:description\" content=\"L\u2019Huile Nettoyante Azul\u00e8ne est une huile soignante qui permet d\u2019enlever en douceur les restants de cire et qui procure un traitement hydratant, calmant et anti-inflammatoire \u00e0 la peau. Huile tr\u00e8s l\u00e9g\u00e8re et hydrosoluble. Flacon spray. Substances actives L&rsquo;huile min\u00e9rale hydrosoluble soigne la peau et am\u00e9liore son \u00e9lasticit\u00e9. Le guaiazul\u00e8ne a une action antiseptique et adoucissante. [&hellip;]\" \/>\n<meta property=\"og:url\" content=\"https:\/\/districos.standingout.be\/fr\/product\/depileve-huile-nettoyante-200-ml-ref-1090-25\/\" \/>\n<meta property=\"og:site_name\" content=\"Districos Webshop\" \/>\n<meta property=\"article:modified_time\" content=\"2026-04-27T23:49:46+00:00\" \/>\n<meta property=\"og:image\" content=\"https:\/\/districos.standingout.be\/wp-content\/uploads\/2026\/04\/1090.25@Oil-Cleanser-200-ml_1-2.png\" \/>\n\t<meta property=\"og:image:width\" content=\"600\" \/>\n\t<meta property=\"og:image:height\" content=\"600\" \/>\n\t<meta property=\"og:image:type\" content=\"image\/png\" \/>\n<meta name=\"twitter:card\" content=\"summary_large_image\" \/>\n<meta name=\"twitter:label1\" content=\"Dur\u00e9e de lecture estim\u00e9e\" \/>\n\t<meta name=\"twitter:data1\" content=\"1 minute\" \/>\n<script type=\"application\/ld+json\" class=\"yoast-schema-graph\">{\"@context\":\"https:\\\/\\\/schema.org\",\"@graph\":[{\"@type\":\"WebPage\",\"@id\":\"https:\\\/\\\/districos.standingout.be\\\/fr\\\/product\\\/depileve-huile-nettoyante-200-ml-ref-1090-25\\\/\",\"url\":\"https:\\\/\\\/districos.standingout.be\\\/fr\\\/product\\\/depileve-huile-nettoyante-200-ml-ref-1090-25\\\/\",\"name\":\"Depil\u00e8ve Huile Nettoyante 200 ml - Districos Webshop\",\"isPartOf\":{\"@id\":\"https:\\\/\\\/districos.standingout.be\\\/fr\\\/#website\"},\"primaryImageOfPage\":{\"@id\":\"https:\\\/\\\/districos.standingout.be\\\/fr\\\/product\\\/depileve-huile-nettoyante-200-ml-ref-1090-25\\\/#primaryimage\"},\"image\":{\"@id\":\"https:\\\/\\\/districos.standingout.be\\\/fr\\\/product\\\/depileve-huile-nettoyante-200-ml-ref-1090-25\\\/#primaryimage\"},\"thumbnailUrl\":\"https:\\\/\\\/districos.standingout.be\\\/wp-content\\\/uploads\\\/2026\\\/04\\\/1090.25@Oil-Cleanser-200-ml_1-3.png\",\"datePublished\":\"2026-04-27T23:49:45+00:00\",\"dateModified\":\"2026-04-27T23:49:46+00:00\",\"breadcrumb\":{\"@id\":\"https:\\\/\\\/districos.standingout.be\\\/fr\\\/product\\\/depileve-huile-nettoyante-200-ml-ref-1090-25\\\/#breadcrumb\"},\"inLanguage\":\"fr-FR\",\"potentialAction\":[{\"@type\":\"ReadAction\",\"target\":[\"https:\\\/\\\/districos.standingout.be\\\/fr\\\/product\\\/depileve-huile-nettoyante-200-ml-ref-1090-25\\\/\"]}]},{\"@type\":\"ImageObject\",\"inLanguage\":\"fr-FR\",\"@id\":\"https:\\\/\\\/districos.standingout.be\\\/fr\\\/product\\\/depileve-huile-nettoyante-200-ml-ref-1090-25\\\/#primaryimage\",\"url\":\"https:\\\/\\\/districos.standingout.be\\\/wp-content\\\/uploads\\\/2026\\\/04\\\/1090.25@Oil-Cleanser-200-ml_1-3.png\",\"contentUrl\":\"https:\\\/\\\/districos.standingout.be\\\/wp-content\\\/uploads\\\/2026\\\/04\\\/1090.25@Oil-Cleanser-200-ml_1-3.png\",\"width\":600,\"height\":600},{\"@type\":\"BreadcrumbList\",\"@id\":\"https:\\\/\\\/districos.standingout.be\\\/fr\\\/product\\\/depileve-huile-nettoyante-200-ml-ref-1090-25\\\/#breadcrumb\",\"itemListElement\":[{\"@type\":\"ListItem\",\"position\":1,\"name\":\"Home\",\"item\":\"https:\\\/\\\/districos.standingout.be\\\/fr\\\/bienvenue-chez-districos\\\/\"},{\"@type\":\"ListItem\",\"position\":2,\"name\":\"Boutique\",\"item\":\"https:\\\/\\\/districos.standingout.be\\\/fr\\\/boutique\\\/\"},{\"@type\":\"ListItem\",\"position\":3,\"name\":\"Depil\u00e8ve Huile Nettoyante 200 ml\"}]},{\"@type\":\"WebSite\",\"@id\":\"https:\\\/\\\/districos.standingout.be\\\/fr\\\/#website\",\"url\":\"https:\\\/\\\/districos.standingout.be\\\/fr\\\/\",\"name\":\"Districos Webshop\",\"description\":\"\",\"publisher\":{\"@id\":\"https:\\\/\\\/districos.standingout.be\\\/fr\\\/#organization\"},\"potentialAction\":[{\"@type\":\"SearchAction\",\"target\":{\"@type\":\"EntryPoint\",\"urlTemplate\":\"https:\\\/\\\/districos.standingout.be\\\/fr\\\/?s={search_term_string}\"},\"query-input\":{\"@type\":\"PropertyValueSpecification\",\"valueRequired\":true,\"valueName\":\"search_term_string\"}}],\"inLanguage\":\"fr-FR\"},{\"@type\":\"Organization\",\"@id\":\"https:\\\/\\\/districos.standingout.be\\\/fr\\\/#organization\",\"name\":\"Districos Webshop\",\"url\":\"https:\\\/\\\/districos.standingout.be\\\/fr\\\/\",\"logo\":{\"@type\":\"ImageObject\",\"inLanguage\":\"fr-FR\",\"@id\":\"https:\\\/\\\/districos.standingout.be\\\/fr\\\/#\\\/schema\\\/logo\\\/image\\\/\",\"url\":\"https:\\\/\\\/districos.standingout.be\\\/wp-content\\\/uploads\\\/2022\\\/09\\\/Districos_Logo_Webshop.svg\",\"contentUrl\":\"https:\\\/\\\/districos.standingout.be\\\/wp-content\\\/uploads\\\/2022\\\/09\\\/Districos_Logo_Webshop.svg\",\"caption\":\"Districos Webshop\"},\"image\":{\"@id\":\"https:\\\/\\\/districos.standingout.be\\\/fr\\\/#\\\/schema\\\/logo\\\/image\\\/\"}}]}<\/script>\n<!-- \/ Yoast SEO plugin. -->","yoast_head_json":{"title":"Depil\u00e8ve Huile Nettoyante 200 ml - Districos Webshop","robots":{"index":"noindex","follow":"follow","max-snippet":"max-snippet:-1","max-image-preview":"max-image-preview:large","max-video-preview":"max-video-preview:-1"},"og_locale":"fr_FR","og_type":"article","og_title":"Depil\u00e8ve Huile Nettoyante 200 ml - Districos Webshop","og_description":"L\u2019Huile Nettoyante Azul\u00e8ne est une huile soignante qui permet d\u2019enlever en douceur les restants de cire et qui procure un traitement hydratant, calmant et anti-inflammatoire \u00e0 la peau. Huile tr\u00e8s l\u00e9g\u00e8re et hydrosoluble. Flacon spray. Substances actives L&rsquo;huile min\u00e9rale hydrosoluble soigne la peau et am\u00e9liore son \u00e9lasticit\u00e9. Le guaiazul\u00e8ne a une action antiseptique et adoucissante. [&hellip;]","og_url":"https:\/\/districos.standingout.be\/fr\/product\/depileve-huile-nettoyante-200-ml-ref-1090-25\/","og_site_name":"Districos Webshop","article_modified_time":"2026-04-27T23:49:46+00:00","og_image":[{"width":600,"height":600,"url":"https:\/\/districos.standingout.be\/wp-content\/uploads\/2026\/04\/1090.25@Oil-Cleanser-200-ml_1-2.png","type":"image\/png"}],"twitter_card":"summary_large_image","twitter_misc":{"Dur\u00e9e de lecture estim\u00e9e":"1 minute"},"schema":{"@context":"https:\/\/schema.org","@graph":[{"@type":"WebPage","@id":"https:\/\/districos.standingout.be\/fr\/product\/depileve-huile-nettoyante-200-ml-ref-1090-25\/","url":"https:\/\/districos.standingout.be\/fr\/product\/depileve-huile-nettoyante-200-ml-ref-1090-25\/","name":"Depil\u00e8ve Huile Nettoyante 200 ml - Districos Webshop","isPartOf":{"@id":"https:\/\/districos.standingout.be\/fr\/#website"},"primaryImageOfPage":{"@id":"https:\/\/districos.standingout.be\/fr\/product\/depileve-huile-nettoyante-200-ml-ref-1090-25\/#primaryimage"},"image":{"@id":"https:\/\/districos.standingout.be\/fr\/product\/depileve-huile-nettoyante-200-ml-ref-1090-25\/#primaryimage"},"thumbnailUrl":"https:\/\/districos.standingout.be\/wp-content\/uploads\/2026\/04\/1090.25@Oil-Cleanser-200-ml_1-3.png","datePublished":"2026-04-27T23:49:45+00:00","dateModified":"2026-04-27T23:49:46+00:00","breadcrumb":{"@id":"https:\/\/districos.standingout.be\/fr\/product\/depileve-huile-nettoyante-200-ml-ref-1090-25\/#breadcrumb"},"inLanguage":"fr-FR","potentialAction":[{"@type":"ReadAction","target":["https:\/\/districos.standingout.be\/fr\/product\/depileve-huile-nettoyante-200-ml-ref-1090-25\/"]}]},{"@type":"ImageObject","inLanguage":"fr-FR","@id":"https:\/\/districos.standingout.be\/fr\/product\/depileve-huile-nettoyante-200-ml-ref-1090-25\/#primaryimage","url":"https:\/\/districos.standingout.be\/wp-content\/uploads\/2026\/04\/1090.25@Oil-Cleanser-200-ml_1-3.png","contentUrl":"https:\/\/districos.standingout.be\/wp-content\/uploads\/2026\/04\/1090.25@Oil-Cleanser-200-ml_1-3.png","width":600,"height":600},{"@type":"BreadcrumbList","@id":"https:\/\/districos.standingout.be\/fr\/product\/depileve-huile-nettoyante-200-ml-ref-1090-25\/#breadcrumb","itemListElement":[{"@type":"ListItem","position":1,"name":"Home","item":"https:\/\/districos.standingout.be\/fr\/bienvenue-chez-districos\/"},{"@type":"ListItem","position":2,"name":"Boutique","item":"https:\/\/districos.standingout.be\/fr\/boutique\/"},{"@type":"ListItem","position":3,"name":"Depil\u00e8ve Huile Nettoyante 200 ml"}]},{"@type":"WebSite","@id":"https:\/\/districos.standingout.be\/fr\/#website","url":"https:\/\/districos.standingout.be\/fr\/","name":"Districos Webshop","description":"","publisher":{"@id":"https:\/\/districos.standingout.be\/fr\/#organization"},"potentialAction":[{"@type":"SearchAction","target":{"@type":"EntryPoint","urlTemplate":"https:\/\/districos.standingout.be\/fr\/?s={search_term_string}"},"query-input":{"@type":"PropertyValueSpecification","valueRequired":true,"valueName":"search_term_string"}}],"inLanguage":"fr-FR"},{"@type":"Organization","@id":"https:\/\/districos.standingout.be\/fr\/#organization","name":"Districos Webshop","url":"https:\/\/districos.standingout.be\/fr\/","logo":{"@type":"ImageObject","inLanguage":"fr-FR","@id":"https:\/\/districos.standingout.be\/fr\/#\/schema\/logo\/image\/","url":"https:\/\/districos.standingout.be\/wp-content\/uploads\/2022\/09\/Districos_Logo_Webshop.svg","contentUrl":"https:\/\/districos.standingout.be\/wp-content\/uploads\/2022\/09\/Districos_Logo_Webshop.svg","caption":"Districos Webshop"},"image":{"@id":"https:\/\/districos.standingout.be\/fr\/#\/schema\/logo\/image\/"}}]}},"_links":{"self":[{"href":"https:\/\/districos.standingout.be\/fr\/wp-json\/wp\/v2\/product\/133736","targetHints":{"allow":["GET"]}}],"collection":[{"href":"https:\/\/districos.standingout.be\/fr\/wp-json\/wp\/v2\/product"}],"about":[{"href":"https:\/\/districos.standingout.be\/fr\/wp-json\/wp\/v2\/types\/product"}],"replies":[{"embeddable":true,"href":"https:\/\/districos.standingout.be\/fr\/wp-json\/wp\/v2\/comments?post=133736"}],"wp:featuredmedia":[{"embeddable":true,"href":"https:\/\/districos.standingout.be\/fr\/wp-json\/wp\/v2\/media\/143316"}],"wp:attachment":[{"href":"https:\/\/districos.standingout.be\/fr\/wp-json\/wp\/v2\/media?parent=133736"}],"wp:term":[{"taxonomy":"product_brand","embeddable":true,"href":"https:\/\/districos.standingout.be\/fr\/wp-json\/wp\/v2\/product_brand?post=133736"},{"taxonomy":"product_cat","embeddable":true,"href":"https:\/\/districos.standingout.be\/fr\/wp-json\/wp\/v2\/product_cat?post=133736"},{"taxonomy":"product_tag","embeddable":true,"href":"https:\/\/districos.standingout.be\/fr\/wp-json\/wp\/v2\/product_tag?post=133736"}],"curies":[{"name":"wp","href":"https:\/\/api.w.org\/{rel}","templated":true}]}}