{"id":133742,"date":"2026-04-28T01:50:18","date_gmt":"2026-04-27T23:50:18","guid":{"rendered":"https:\/\/webshopdistricoscom.webhosting.be\/product\/depileve-creme-apaisante-200-ml-ref-1090-27\/"},"modified":"2026-04-28T01:50:20","modified_gmt":"2026-04-27T23:50:20","slug":"depileve-creme-apaisante-200-ml-ref-1090-27","status":"publish","type":"product","link":"https:\/\/districos.standingout.be\/fr\/product\/depileve-creme-apaisante-200-ml-ref-1090-27\/","title":{"rendered":"Depil\u00e8ve Cr\u00e8me Apaisante 200 ml"},"content":{"rendered":"<p >\n<\/p>\n<p><font size=\"2\"><span lang=\"FR\">La Cr\u00e8me Apaisante r\u00e9duit les irritations cutan\u00e9es, comme les r\u00e9actions allergiques ou les rougeurs. Gr\u00e2ce \u00e0 l\u2019oxyde de zinc r\u00e9tablissant, la peau (m\u00eame les plus irrit\u00e9es) sera apais\u00e9e, soulag\u00e9e et adoucie.<o:p><\/o:p><\/span><\/font><\/p>\n<p><font size=\"2\"><\/font><\/p>\n<ul>\n<li><font size=\"2\"><span lang=\"FR\">Cr\u00e8me rose.<\/span><\/font><\/li>\n<li><font size=\"2\"><span lang=\"FR\">Avec bouchon doseur.<\/span><\/font><\/li>\n<li><font size=\"2\"><span lang=\"FR\">200 ml.<\/span><\/font><\/li>\n<\/ul>\n<p><font size=\"2\"><span lang=\"FR\"><b>Substances actives<o:p><\/o:p><\/b><\/span><\/font><\/p>\n<p><font size=\"2\"><\/font><\/p>\n<ul>\n<li><font size=\"2\"><span lang=\"FR\">L&rsquo;oxyde de zinc contribue \u00e0 la r\u00e9g\u00e9n\u00e9ration et la gu\u00e9rison de petites blessures.<\/span><\/font><\/li>\n<li><font size=\"2\"><span lang=\"FR\">Extrait naturel de camomille anti-inflammatoire.<\/span><\/font><\/li>\n<li><font size=\"2\"><span lang=\"FR\">L&rsquo;aloe vera apaise, adoucit et rafra\u00eechit la peau.<\/span><\/font><\/li>\n<li><font size=\"2\"><span lang=\"FR\">Le dioxyde de titane r\u00e9duit les irritations cutan\u00e9es et a des effets anti-inflammatoires.<\/span><\/font><\/li>\n<\/ul>\n<p><font size=\"2\"><span lang=\"FR\"><b>Mode d\u2019emploi<o:p><\/o:p><\/b><\/span><\/font><\/p>\n<p><font size=\"2\"><\/font><\/p>\n<p><font size=\"2\"><\/font><\/p>\n<ul>\n<li><font size=\"2\"><span lang=\"FR\">Apr\u00e8s l\u2019\u00e9pilation, appliquez comme un masque et laissez poser 5 minutes. <\/span><\/font><\/li>\n<li><font size=\"2\"><span lang=\"FR\">Ensuite, massez la cr\u00e8me restante dans la peau.<\/span><\/font><\/li>\n<\/ul>\n<p><font size=\"2\"> <\/font><\/p>\n","protected":false},"excerpt":{"rendered":"<p>La Cr\u00e8me Apaisante r\u00e9duit les irritations cutan\u00e9es, comme les r\u00e9actions allergiques ou les rougeurs. Gr\u00e2ce \u00e0 l\u2019oxyde de zinc r\u00e9tablissant, la peau (m\u00eame les plus irrit\u00e9es) sera apais\u00e9e, soulag\u00e9e et adoucie. Cr\u00e8me rose. Avec bouchon doseur. 200 ml. Substances actives L&rsquo;oxyde de zinc contribue \u00e0 la r\u00e9g\u00e9n\u00e9ration et la gu\u00e9rison de petites blessures. Extrait naturel [&hellip;]<\/p>\n","protected":false},"featured_media":70037,"comment_status":"open","ping_status":"closed","template":"","meta":{"_acf_changed":false},"product_brand":[10376],"product_cat":[9922],"product_tag":[],"class_list":{"0":"post-133742","1":"product","2":"type-product","3":"status-publish","4":"has-post-thumbnail","6":"product_brand-depileve-fr","7":"product_cat-beaute-epilation-soins-pre-post-epilation","9":"first","10":"instock","11":"taxable","12":"shipping-taxable","13":"product-type-simple"},"acf":[],"yoast_head":"<!-- This site is optimized with the Yoast SEO plugin v27.3 - https:\/\/yoast.com\/product\/yoast-seo-wordpress\/ -->\n<title>Depil\u00e8ve Cr\u00e8me Apaisante 200 ml - Districos Webshop<\/title>\n<meta name=\"robots\" content=\"noindex, follow, max-snippet:-1, max-image-preview:large, max-video-preview:-1\" \/>\n<meta property=\"og:locale\" content=\"fr_FR\" \/>\n<meta property=\"og:type\" content=\"article\" \/>\n<meta property=\"og:title\" content=\"Depil\u00e8ve Cr\u00e8me Apaisante 200 ml - Districos Webshop\" \/>\n<meta property=\"og:description\" content=\"La Cr\u00e8me Apaisante r\u00e9duit les irritations cutan\u00e9es, comme les r\u00e9actions allergiques ou les rougeurs. Gr\u00e2ce \u00e0 l\u2019oxyde de zinc r\u00e9tablissant, la peau (m\u00eame les plus irrit\u00e9es) sera apais\u00e9e, soulag\u00e9e et adoucie. Cr\u00e8me rose. Avec bouchon doseur. 200 ml. Substances actives L&rsquo;oxyde de zinc contribue \u00e0 la r\u00e9g\u00e9n\u00e9ration et la gu\u00e9rison de petites blessures. Extrait naturel [&hellip;]\" \/>\n<meta property=\"og:url\" content=\"https:\/\/districos.standingout.be\/fr\/product\/depileve-creme-apaisante-200-ml-ref-1090-27\/\" \/>\n<meta property=\"og:site_name\" content=\"Districos Webshop\" \/>\n<meta property=\"article:modified_time\" content=\"2026-04-27T23:50:20+00:00\" \/>\n<meta property=\"og:image\" content=\"https:\/\/districos.standingout.be\/wp-content\/uploads\/2025\/07\/1090.27@LowRes_0.png\" \/>\n\t<meta property=\"og:image:width\" content=\"600\" \/>\n\t<meta property=\"og:image:height\" content=\"600\" \/>\n\t<meta property=\"og:image:type\" content=\"image\/png\" \/>\n<meta name=\"twitter:card\" content=\"summary_large_image\" \/>\n<meta name=\"twitter:label1\" content=\"Dur\u00e9e de lecture estim\u00e9e\" \/>\n\t<meta name=\"twitter:data1\" content=\"1 minute\" \/>\n<script type=\"application\/ld+json\" class=\"yoast-schema-graph\">{\"@context\":\"https:\\\/\\\/schema.org\",\"@graph\":[{\"@type\":\"WebPage\",\"@id\":\"https:\\\/\\\/districos.standingout.be\\\/fr\\\/product\\\/depileve-creme-apaisante-200-ml-ref-1090-27\\\/\",\"url\":\"https:\\\/\\\/districos.standingout.be\\\/fr\\\/product\\\/depileve-creme-apaisante-200-ml-ref-1090-27\\\/\",\"name\":\"Depil\u00e8ve Cr\u00e8me Apaisante 200 ml - Districos Webshop\",\"isPartOf\":{\"@id\":\"https:\\\/\\\/districos.standingout.be\\\/fr\\\/#website\"},\"primaryImageOfPage\":{\"@id\":\"https:\\\/\\\/districos.standingout.be\\\/fr\\\/product\\\/depileve-creme-apaisante-200-ml-ref-1090-27\\\/#primaryimage\"},\"image\":{\"@id\":\"https:\\\/\\\/districos.standingout.be\\\/fr\\\/product\\\/depileve-creme-apaisante-200-ml-ref-1090-27\\\/#primaryimage\"},\"thumbnailUrl\":\"https:\\\/\\\/districos.standingout.be\\\/wp-content\\\/uploads\\\/2025\\\/07\\\/1090.27@LowRes_0.png\",\"datePublished\":\"2026-04-27T23:50:18+00:00\",\"dateModified\":\"2026-04-27T23:50:20+00:00\",\"breadcrumb\":{\"@id\":\"https:\\\/\\\/districos.standingout.be\\\/fr\\\/product\\\/depileve-creme-apaisante-200-ml-ref-1090-27\\\/#breadcrumb\"},\"inLanguage\":\"fr-FR\",\"potentialAction\":[{\"@type\":\"ReadAction\",\"target\":[\"https:\\\/\\\/districos.standingout.be\\\/fr\\\/product\\\/depileve-creme-apaisante-200-ml-ref-1090-27\\\/\"]}]},{\"@type\":\"ImageObject\",\"inLanguage\":\"fr-FR\",\"@id\":\"https:\\\/\\\/districos.standingout.be\\\/fr\\\/product\\\/depileve-creme-apaisante-200-ml-ref-1090-27\\\/#primaryimage\",\"url\":\"https:\\\/\\\/districos.standingout.be\\\/wp-content\\\/uploads\\\/2025\\\/07\\\/1090.27@LowRes_0.png\",\"contentUrl\":\"https:\\\/\\\/districos.standingout.be\\\/wp-content\\\/uploads\\\/2025\\\/07\\\/1090.27@LowRes_0.png\",\"width\":600,\"height\":600},{\"@type\":\"BreadcrumbList\",\"@id\":\"https:\\\/\\\/districos.standingout.be\\\/fr\\\/product\\\/depileve-creme-apaisante-200-ml-ref-1090-27\\\/#breadcrumb\",\"itemListElement\":[{\"@type\":\"ListItem\",\"position\":1,\"name\":\"Home\",\"item\":\"https:\\\/\\\/districos.standingout.be\\\/fr\\\/bienvenue-chez-districos\\\/\"},{\"@type\":\"ListItem\",\"position\":2,\"name\":\"Boutique\",\"item\":\"https:\\\/\\\/districos.standingout.be\\\/fr\\\/boutique\\\/\"},{\"@type\":\"ListItem\",\"position\":3,\"name\":\"Depil\u00e8ve Cr\u00e8me Apaisante 200 ml\"}]},{\"@type\":\"WebSite\",\"@id\":\"https:\\\/\\\/districos.standingout.be\\\/fr\\\/#website\",\"url\":\"https:\\\/\\\/districos.standingout.be\\\/fr\\\/\",\"name\":\"Districos Webshop\",\"description\":\"\",\"publisher\":{\"@id\":\"https:\\\/\\\/districos.standingout.be\\\/fr\\\/#organization\"},\"potentialAction\":[{\"@type\":\"SearchAction\",\"target\":{\"@type\":\"EntryPoint\",\"urlTemplate\":\"https:\\\/\\\/districos.standingout.be\\\/fr\\\/?s={search_term_string}\"},\"query-input\":{\"@type\":\"PropertyValueSpecification\",\"valueRequired\":true,\"valueName\":\"search_term_string\"}}],\"inLanguage\":\"fr-FR\"},{\"@type\":\"Organization\",\"@id\":\"https:\\\/\\\/districos.standingout.be\\\/fr\\\/#organization\",\"name\":\"Districos Webshop\",\"url\":\"https:\\\/\\\/districos.standingout.be\\\/fr\\\/\",\"logo\":{\"@type\":\"ImageObject\",\"inLanguage\":\"fr-FR\",\"@id\":\"https:\\\/\\\/districos.standingout.be\\\/fr\\\/#\\\/schema\\\/logo\\\/image\\\/\",\"url\":\"https:\\\/\\\/districos.standingout.be\\\/wp-content\\\/uploads\\\/2022\\\/09\\\/Districos_Logo_Webshop.svg\",\"contentUrl\":\"https:\\\/\\\/districos.standingout.be\\\/wp-content\\\/uploads\\\/2022\\\/09\\\/Districos_Logo_Webshop.svg\",\"caption\":\"Districos Webshop\"},\"image\":{\"@id\":\"https:\\\/\\\/districos.standingout.be\\\/fr\\\/#\\\/schema\\\/logo\\\/image\\\/\"}}]}<\/script>\n<!-- \/ Yoast SEO plugin. -->","yoast_head_json":{"title":"Depil\u00e8ve Cr\u00e8me Apaisante 200 ml - Districos Webshop","robots":{"index":"noindex","follow":"follow","max-snippet":"max-snippet:-1","max-image-preview":"max-image-preview:large","max-video-preview":"max-video-preview:-1"},"og_locale":"fr_FR","og_type":"article","og_title":"Depil\u00e8ve Cr\u00e8me Apaisante 200 ml - Districos Webshop","og_description":"La Cr\u00e8me Apaisante r\u00e9duit les irritations cutan\u00e9es, comme les r\u00e9actions allergiques ou les rougeurs. Gr\u00e2ce \u00e0 l\u2019oxyde de zinc r\u00e9tablissant, la peau (m\u00eame les plus irrit\u00e9es) sera apais\u00e9e, soulag\u00e9e et adoucie. Cr\u00e8me rose. Avec bouchon doseur. 200 ml. Substances actives L&rsquo;oxyde de zinc contribue \u00e0 la r\u00e9g\u00e9n\u00e9ration et la gu\u00e9rison de petites blessures. Extrait naturel [&hellip;]","og_url":"https:\/\/districos.standingout.be\/fr\/product\/depileve-creme-apaisante-200-ml-ref-1090-27\/","og_site_name":"Districos Webshop","article_modified_time":"2026-04-27T23:50:20+00:00","og_image":[{"width":600,"height":600,"url":"https:\/\/districos.standingout.be\/wp-content\/uploads\/2025\/07\/1090.27@LowRes_0.png","type":"image\/png"}],"twitter_card":"summary_large_image","twitter_misc":{"Dur\u00e9e de lecture estim\u00e9e":"1 minute"},"schema":{"@context":"https:\/\/schema.org","@graph":[{"@type":"WebPage","@id":"https:\/\/districos.standingout.be\/fr\/product\/depileve-creme-apaisante-200-ml-ref-1090-27\/","url":"https:\/\/districos.standingout.be\/fr\/product\/depileve-creme-apaisante-200-ml-ref-1090-27\/","name":"Depil\u00e8ve Cr\u00e8me Apaisante 200 ml - Districos Webshop","isPartOf":{"@id":"https:\/\/districos.standingout.be\/fr\/#website"},"primaryImageOfPage":{"@id":"https:\/\/districos.standingout.be\/fr\/product\/depileve-creme-apaisante-200-ml-ref-1090-27\/#primaryimage"},"image":{"@id":"https:\/\/districos.standingout.be\/fr\/product\/depileve-creme-apaisante-200-ml-ref-1090-27\/#primaryimage"},"thumbnailUrl":"https:\/\/districos.standingout.be\/wp-content\/uploads\/2025\/07\/1090.27@LowRes_0.png","datePublished":"2026-04-27T23:50:18+00:00","dateModified":"2026-04-27T23:50:20+00:00","breadcrumb":{"@id":"https:\/\/districos.standingout.be\/fr\/product\/depileve-creme-apaisante-200-ml-ref-1090-27\/#breadcrumb"},"inLanguage":"fr-FR","potentialAction":[{"@type":"ReadAction","target":["https:\/\/districos.standingout.be\/fr\/product\/depileve-creme-apaisante-200-ml-ref-1090-27\/"]}]},{"@type":"ImageObject","inLanguage":"fr-FR","@id":"https:\/\/districos.standingout.be\/fr\/product\/depileve-creme-apaisante-200-ml-ref-1090-27\/#primaryimage","url":"https:\/\/districos.standingout.be\/wp-content\/uploads\/2025\/07\/1090.27@LowRes_0.png","contentUrl":"https:\/\/districos.standingout.be\/wp-content\/uploads\/2025\/07\/1090.27@LowRes_0.png","width":600,"height":600},{"@type":"BreadcrumbList","@id":"https:\/\/districos.standingout.be\/fr\/product\/depileve-creme-apaisante-200-ml-ref-1090-27\/#breadcrumb","itemListElement":[{"@type":"ListItem","position":1,"name":"Home","item":"https:\/\/districos.standingout.be\/fr\/bienvenue-chez-districos\/"},{"@type":"ListItem","position":2,"name":"Boutique","item":"https:\/\/districos.standingout.be\/fr\/boutique\/"},{"@type":"ListItem","position":3,"name":"Depil\u00e8ve Cr\u00e8me Apaisante 200 ml"}]},{"@type":"WebSite","@id":"https:\/\/districos.standingout.be\/fr\/#website","url":"https:\/\/districos.standingout.be\/fr\/","name":"Districos Webshop","description":"","publisher":{"@id":"https:\/\/districos.standingout.be\/fr\/#organization"},"potentialAction":[{"@type":"SearchAction","target":{"@type":"EntryPoint","urlTemplate":"https:\/\/districos.standingout.be\/fr\/?s={search_term_string}"},"query-input":{"@type":"PropertyValueSpecification","valueRequired":true,"valueName":"search_term_string"}}],"inLanguage":"fr-FR"},{"@type":"Organization","@id":"https:\/\/districos.standingout.be\/fr\/#organization","name":"Districos Webshop","url":"https:\/\/districos.standingout.be\/fr\/","logo":{"@type":"ImageObject","inLanguage":"fr-FR","@id":"https:\/\/districos.standingout.be\/fr\/#\/schema\/logo\/image\/","url":"https:\/\/districos.standingout.be\/wp-content\/uploads\/2022\/09\/Districos_Logo_Webshop.svg","contentUrl":"https:\/\/districos.standingout.be\/wp-content\/uploads\/2022\/09\/Districos_Logo_Webshop.svg","caption":"Districos Webshop"},"image":{"@id":"https:\/\/districos.standingout.be\/fr\/#\/schema\/logo\/image\/"}}]}},"_links":{"self":[{"href":"https:\/\/districos.standingout.be\/fr\/wp-json\/wp\/v2\/product\/133742","targetHints":{"allow":["GET"]}}],"collection":[{"href":"https:\/\/districos.standingout.be\/fr\/wp-json\/wp\/v2\/product"}],"about":[{"href":"https:\/\/districos.standingout.be\/fr\/wp-json\/wp\/v2\/types\/product"}],"replies":[{"embeddable":true,"href":"https:\/\/districos.standingout.be\/fr\/wp-json\/wp\/v2\/comments?post=133742"}],"wp:featuredmedia":[{"embeddable":true,"href":"https:\/\/districos.standingout.be\/fr\/wp-json\/wp\/v2\/media\/70037"}],"wp:attachment":[{"href":"https:\/\/districos.standingout.be\/fr\/wp-json\/wp\/v2\/media?parent=133742"}],"wp:term":[{"taxonomy":"product_brand","embeddable":true,"href":"https:\/\/districos.standingout.be\/fr\/wp-json\/wp\/v2\/product_brand?post=133742"},{"taxonomy":"product_cat","embeddable":true,"href":"https:\/\/districos.standingout.be\/fr\/wp-json\/wp\/v2\/product_cat?post=133742"},{"taxonomy":"product_tag","embeddable":true,"href":"https:\/\/districos.standingout.be\/fr\/wp-json\/wp\/v2\/product_tag?post=133742"}],"curies":[{"name":"wp","href":"https:\/\/api.w.org\/{rel}","templated":true}]}}