{"id":133744,"date":"2026-04-28T01:50:21","date_gmt":"2026-04-27T23:50:21","guid":{"rendered":"https:\/\/webshopdistricoscom.webhosting.be\/product\/depileve-dermobalance-lotion-200-ml-ref-1090-32-2\/"},"modified":"2026-04-28T01:50:23","modified_gmt":"2026-04-27T23:50:23","slug":"depileve-dermobalance-lotion-200-ml-ref-1090-32","status":"publish","type":"product","link":"https:\/\/districos.standingout.be\/fr\/product\/depileve-dermobalance-lotion-200-ml-ref-1090-32\/","title":{"rendered":"Depil\u00e8ve DermoBalance Lotion 200 ml"},"content":{"rendered":"<p >\n<\/p>\n<p><font size=\"2\"><span lang=\"FR\">Lotion qui a \u00e9t\u00e9 sp\u00e9cifiquement d\u00e9velopp\u00e9e pour la cire pelliculable et qui s\u2019utilise juste avant l\u2019\u00e9pilation afin d\u2019enlever les restants de cr\u00e8me, de d\u00e9odorant et de maquillage. De ce fait, la cire pelliculable adh\u00e8re mieux aux poils.<o:p><\/o:p><\/span><\/font><\/p>\n<p><font size=\"2\"><\/font><\/p>\n<ul>\n<li><font size=\"2\"><span lang=\"FR\">Lotion fra\u00eeche et agr\u00e9able.<\/span><\/font><\/li>\n<li><font size=\"2\"><span lang=\"FR\">Flacon spray.<\/span><\/font><\/li>\n<li><font size=\"2\"><span lang=\"FR\">200 ml.<\/span><\/font><\/li>\n<\/ul>\n<p><font size=\"2\"><span lang=\"FR\"><b>Mode d\u2019emploi<\/b><o:p><\/o:p><\/span><\/font><\/p>\n<p><font size=\"2\"> <\/font><\/p>\n<p><font size=\"2\"><\/font><\/p>\n<p><font size=\"2\"><font size=\"2\"><span lang=\"FR\">Appliquez sur la peau avant l\u2019\u00e9pilation et s\u00e9chez ensuite avec un tissu ou un coton.<\/span><\/font><\/font><\/p>\n","protected":false},"excerpt":{"rendered":"<p>Lotion qui a \u00e9t\u00e9 sp\u00e9cifiquement d\u00e9velopp\u00e9e pour la cire pelliculable et qui s\u2019utilise juste avant l\u2019\u00e9pilation afin d\u2019enlever les restants de cr\u00e8me, de d\u00e9odorant et de maquillage. De ce fait, la cire pelliculable adh\u00e8re mieux aux poils. Lotion fra\u00eeche et agr\u00e9able. Flacon spray. 200 ml. Mode d\u2019emploi Appliquez sur la peau avant l\u2019\u00e9pilation et s\u00e9chez [&hellip;]<\/p>\n","protected":false},"featured_media":143319,"comment_status":"open","ping_status":"closed","template":"","meta":{"_acf_changed":false},"product_brand":[10376],"product_cat":[9922],"product_tag":[],"class_list":{"0":"post-133744","1":"product","2":"type-product","3":"status-publish","4":"has-post-thumbnail","6":"product_brand-depileve-fr","7":"product_cat-beaute-epilation-soins-pre-post-epilation","9":"first","10":"instock","11":"taxable","12":"shipping-taxable","13":"product-type-simple"},"acf":[],"yoast_head":"<!-- This site is optimized with the Yoast SEO plugin v27.3 - https:\/\/yoast.com\/product\/yoast-seo-wordpress\/ -->\n<title>Depil\u00e8ve DermoBalance Lotion 200 ml - Districos Webshop<\/title>\n<meta name=\"robots\" content=\"noindex, follow, max-snippet:-1, max-image-preview:large, max-video-preview:-1\" \/>\n<meta property=\"og:locale\" content=\"fr_FR\" \/>\n<meta property=\"og:type\" content=\"article\" \/>\n<meta property=\"og:title\" content=\"Depil\u00e8ve DermoBalance Lotion 200 ml - Districos Webshop\" \/>\n<meta property=\"og:description\" content=\"Lotion qui a \u00e9t\u00e9 sp\u00e9cifiquement d\u00e9velopp\u00e9e pour la cire pelliculable et qui s\u2019utilise juste avant l\u2019\u00e9pilation afin d\u2019enlever les restants de cr\u00e8me, de d\u00e9odorant et de maquillage. De ce fait, la cire pelliculable adh\u00e8re mieux aux poils. Lotion fra\u00eeche et agr\u00e9able. Flacon spray. 200 ml. Mode d\u2019emploi Appliquez sur la peau avant l\u2019\u00e9pilation et s\u00e9chez [&hellip;]\" \/>\n<meta property=\"og:url\" content=\"https:\/\/districos.standingout.be\/fr\/product\/depileve-dermobalance-lotion-200-ml-ref-1090-32\/\" \/>\n<meta property=\"og:site_name\" content=\"Districos Webshop\" \/>\n<meta property=\"article:modified_time\" content=\"2026-04-27T23:50:23+00:00\" \/>\n<meta property=\"og:image\" content=\"https:\/\/districos.standingout.be\/wp-content\/uploads\/2026\/04\/1090.32@DermoBalance-Lotion-200-ml_1-2.png\" \/>\n\t<meta property=\"og:image:width\" content=\"600\" \/>\n\t<meta property=\"og:image:height\" content=\"600\" \/>\n\t<meta property=\"og:image:type\" content=\"image\/png\" \/>\n<meta name=\"twitter:card\" content=\"summary_large_image\" \/>\n<script type=\"application\/ld+json\" class=\"yoast-schema-graph\">{\"@context\":\"https:\\\/\\\/schema.org\",\"@graph\":[{\"@type\":\"WebPage\",\"@id\":\"https:\\\/\\\/districos.standingout.be\\\/fr\\\/product\\\/depileve-dermobalance-lotion-200-ml-ref-1090-32\\\/\",\"url\":\"https:\\\/\\\/districos.standingout.be\\\/fr\\\/product\\\/depileve-dermobalance-lotion-200-ml-ref-1090-32\\\/\",\"name\":\"Depil\u00e8ve DermoBalance Lotion 200 ml - Districos Webshop\",\"isPartOf\":{\"@id\":\"https:\\\/\\\/districos.standingout.be\\\/fr\\\/#website\"},\"primaryImageOfPage\":{\"@id\":\"https:\\\/\\\/districos.standingout.be\\\/fr\\\/product\\\/depileve-dermobalance-lotion-200-ml-ref-1090-32\\\/#primaryimage\"},\"image\":{\"@id\":\"https:\\\/\\\/districos.standingout.be\\\/fr\\\/product\\\/depileve-dermobalance-lotion-200-ml-ref-1090-32\\\/#primaryimage\"},\"thumbnailUrl\":\"https:\\\/\\\/districos.standingout.be\\\/wp-content\\\/uploads\\\/2026\\\/04\\\/1090.32@DermoBalance-Lotion-200-ml_1-3.png\",\"datePublished\":\"2026-04-27T23:50:21+00:00\",\"dateModified\":\"2026-04-27T23:50:23+00:00\",\"breadcrumb\":{\"@id\":\"https:\\\/\\\/districos.standingout.be\\\/fr\\\/product\\\/depileve-dermobalance-lotion-200-ml-ref-1090-32\\\/#breadcrumb\"},\"inLanguage\":\"fr-FR\",\"potentialAction\":[{\"@type\":\"ReadAction\",\"target\":[\"https:\\\/\\\/districos.standingout.be\\\/fr\\\/product\\\/depileve-dermobalance-lotion-200-ml-ref-1090-32\\\/\"]}]},{\"@type\":\"ImageObject\",\"inLanguage\":\"fr-FR\",\"@id\":\"https:\\\/\\\/districos.standingout.be\\\/fr\\\/product\\\/depileve-dermobalance-lotion-200-ml-ref-1090-32\\\/#primaryimage\",\"url\":\"https:\\\/\\\/districos.standingout.be\\\/wp-content\\\/uploads\\\/2026\\\/04\\\/1090.32@DermoBalance-Lotion-200-ml_1-3.png\",\"contentUrl\":\"https:\\\/\\\/districos.standingout.be\\\/wp-content\\\/uploads\\\/2026\\\/04\\\/1090.32@DermoBalance-Lotion-200-ml_1-3.png\",\"width\":600,\"height\":600},{\"@type\":\"BreadcrumbList\",\"@id\":\"https:\\\/\\\/districos.standingout.be\\\/fr\\\/product\\\/depileve-dermobalance-lotion-200-ml-ref-1090-32\\\/#breadcrumb\",\"itemListElement\":[{\"@type\":\"ListItem\",\"position\":1,\"name\":\"Home\",\"item\":\"https:\\\/\\\/districos.standingout.be\\\/fr\\\/bienvenue-chez-districos\\\/\"},{\"@type\":\"ListItem\",\"position\":2,\"name\":\"Boutique\",\"item\":\"https:\\\/\\\/districos.standingout.be\\\/fr\\\/boutique\\\/\"},{\"@type\":\"ListItem\",\"position\":3,\"name\":\"Depil\u00e8ve DermoBalance Lotion 200 ml\"}]},{\"@type\":\"WebSite\",\"@id\":\"https:\\\/\\\/districos.standingout.be\\\/fr\\\/#website\",\"url\":\"https:\\\/\\\/districos.standingout.be\\\/fr\\\/\",\"name\":\"Districos Webshop\",\"description\":\"\",\"publisher\":{\"@id\":\"https:\\\/\\\/districos.standingout.be\\\/fr\\\/#organization\"},\"potentialAction\":[{\"@type\":\"SearchAction\",\"target\":{\"@type\":\"EntryPoint\",\"urlTemplate\":\"https:\\\/\\\/districos.standingout.be\\\/fr\\\/?s={search_term_string}\"},\"query-input\":{\"@type\":\"PropertyValueSpecification\",\"valueRequired\":true,\"valueName\":\"search_term_string\"}}],\"inLanguage\":\"fr-FR\"},{\"@type\":\"Organization\",\"@id\":\"https:\\\/\\\/districos.standingout.be\\\/fr\\\/#organization\",\"name\":\"Districos Webshop\",\"url\":\"https:\\\/\\\/districos.standingout.be\\\/fr\\\/\",\"logo\":{\"@type\":\"ImageObject\",\"inLanguage\":\"fr-FR\",\"@id\":\"https:\\\/\\\/districos.standingout.be\\\/fr\\\/#\\\/schema\\\/logo\\\/image\\\/\",\"url\":\"https:\\\/\\\/districos.standingout.be\\\/wp-content\\\/uploads\\\/2022\\\/09\\\/Districos_Logo_Webshop.svg\",\"contentUrl\":\"https:\\\/\\\/districos.standingout.be\\\/wp-content\\\/uploads\\\/2022\\\/09\\\/Districos_Logo_Webshop.svg\",\"caption\":\"Districos Webshop\"},\"image\":{\"@id\":\"https:\\\/\\\/districos.standingout.be\\\/fr\\\/#\\\/schema\\\/logo\\\/image\\\/\"}}]}<\/script>\n<!-- \/ Yoast SEO plugin. -->","yoast_head_json":{"title":"Depil\u00e8ve DermoBalance Lotion 200 ml - Districos Webshop","robots":{"index":"noindex","follow":"follow","max-snippet":"max-snippet:-1","max-image-preview":"max-image-preview:large","max-video-preview":"max-video-preview:-1"},"og_locale":"fr_FR","og_type":"article","og_title":"Depil\u00e8ve DermoBalance Lotion 200 ml - Districos Webshop","og_description":"Lotion qui a \u00e9t\u00e9 sp\u00e9cifiquement d\u00e9velopp\u00e9e pour la cire pelliculable et qui s\u2019utilise juste avant l\u2019\u00e9pilation afin d\u2019enlever les restants de cr\u00e8me, de d\u00e9odorant et de maquillage. De ce fait, la cire pelliculable adh\u00e8re mieux aux poils. Lotion fra\u00eeche et agr\u00e9able. Flacon spray. 200 ml. Mode d\u2019emploi Appliquez sur la peau avant l\u2019\u00e9pilation et s\u00e9chez [&hellip;]","og_url":"https:\/\/districos.standingout.be\/fr\/product\/depileve-dermobalance-lotion-200-ml-ref-1090-32\/","og_site_name":"Districos Webshop","article_modified_time":"2026-04-27T23:50:23+00:00","og_image":[{"width":600,"height":600,"url":"https:\/\/districos.standingout.be\/wp-content\/uploads\/2026\/04\/1090.32@DermoBalance-Lotion-200-ml_1-2.png","type":"image\/png"}],"twitter_card":"summary_large_image","schema":{"@context":"https:\/\/schema.org","@graph":[{"@type":"WebPage","@id":"https:\/\/districos.standingout.be\/fr\/product\/depileve-dermobalance-lotion-200-ml-ref-1090-32\/","url":"https:\/\/districos.standingout.be\/fr\/product\/depileve-dermobalance-lotion-200-ml-ref-1090-32\/","name":"Depil\u00e8ve DermoBalance Lotion 200 ml - Districos Webshop","isPartOf":{"@id":"https:\/\/districos.standingout.be\/fr\/#website"},"primaryImageOfPage":{"@id":"https:\/\/districos.standingout.be\/fr\/product\/depileve-dermobalance-lotion-200-ml-ref-1090-32\/#primaryimage"},"image":{"@id":"https:\/\/districos.standingout.be\/fr\/product\/depileve-dermobalance-lotion-200-ml-ref-1090-32\/#primaryimage"},"thumbnailUrl":"https:\/\/districos.standingout.be\/wp-content\/uploads\/2026\/04\/1090.32@DermoBalance-Lotion-200-ml_1-3.png","datePublished":"2026-04-27T23:50:21+00:00","dateModified":"2026-04-27T23:50:23+00:00","breadcrumb":{"@id":"https:\/\/districos.standingout.be\/fr\/product\/depileve-dermobalance-lotion-200-ml-ref-1090-32\/#breadcrumb"},"inLanguage":"fr-FR","potentialAction":[{"@type":"ReadAction","target":["https:\/\/districos.standingout.be\/fr\/product\/depileve-dermobalance-lotion-200-ml-ref-1090-32\/"]}]},{"@type":"ImageObject","inLanguage":"fr-FR","@id":"https:\/\/districos.standingout.be\/fr\/product\/depileve-dermobalance-lotion-200-ml-ref-1090-32\/#primaryimage","url":"https:\/\/districos.standingout.be\/wp-content\/uploads\/2026\/04\/1090.32@DermoBalance-Lotion-200-ml_1-3.png","contentUrl":"https:\/\/districos.standingout.be\/wp-content\/uploads\/2026\/04\/1090.32@DermoBalance-Lotion-200-ml_1-3.png","width":600,"height":600},{"@type":"BreadcrumbList","@id":"https:\/\/districos.standingout.be\/fr\/product\/depileve-dermobalance-lotion-200-ml-ref-1090-32\/#breadcrumb","itemListElement":[{"@type":"ListItem","position":1,"name":"Home","item":"https:\/\/districos.standingout.be\/fr\/bienvenue-chez-districos\/"},{"@type":"ListItem","position":2,"name":"Boutique","item":"https:\/\/districos.standingout.be\/fr\/boutique\/"},{"@type":"ListItem","position":3,"name":"Depil\u00e8ve DermoBalance Lotion 200 ml"}]},{"@type":"WebSite","@id":"https:\/\/districos.standingout.be\/fr\/#website","url":"https:\/\/districos.standingout.be\/fr\/","name":"Districos Webshop","description":"","publisher":{"@id":"https:\/\/districos.standingout.be\/fr\/#organization"},"potentialAction":[{"@type":"SearchAction","target":{"@type":"EntryPoint","urlTemplate":"https:\/\/districos.standingout.be\/fr\/?s={search_term_string}"},"query-input":{"@type":"PropertyValueSpecification","valueRequired":true,"valueName":"search_term_string"}}],"inLanguage":"fr-FR"},{"@type":"Organization","@id":"https:\/\/districos.standingout.be\/fr\/#organization","name":"Districos Webshop","url":"https:\/\/districos.standingout.be\/fr\/","logo":{"@type":"ImageObject","inLanguage":"fr-FR","@id":"https:\/\/districos.standingout.be\/fr\/#\/schema\/logo\/image\/","url":"https:\/\/districos.standingout.be\/wp-content\/uploads\/2022\/09\/Districos_Logo_Webshop.svg","contentUrl":"https:\/\/districos.standingout.be\/wp-content\/uploads\/2022\/09\/Districos_Logo_Webshop.svg","caption":"Districos Webshop"},"image":{"@id":"https:\/\/districos.standingout.be\/fr\/#\/schema\/logo\/image\/"}}]}},"_links":{"self":[{"href":"https:\/\/districos.standingout.be\/fr\/wp-json\/wp\/v2\/product\/133744","targetHints":{"allow":["GET"]}}],"collection":[{"href":"https:\/\/districos.standingout.be\/fr\/wp-json\/wp\/v2\/product"}],"about":[{"href":"https:\/\/districos.standingout.be\/fr\/wp-json\/wp\/v2\/types\/product"}],"replies":[{"embeddable":true,"href":"https:\/\/districos.standingout.be\/fr\/wp-json\/wp\/v2\/comments?post=133744"}],"wp:featuredmedia":[{"embeddable":true,"href":"https:\/\/districos.standingout.be\/fr\/wp-json\/wp\/v2\/media\/143319"}],"wp:attachment":[{"href":"https:\/\/districos.standingout.be\/fr\/wp-json\/wp\/v2\/media?parent=133744"}],"wp:term":[{"taxonomy":"product_brand","embeddable":true,"href":"https:\/\/districos.standingout.be\/fr\/wp-json\/wp\/v2\/product_brand?post=133744"},{"taxonomy":"product_cat","embeddable":true,"href":"https:\/\/districos.standingout.be\/fr\/wp-json\/wp\/v2\/product_cat?post=133744"},{"taxonomy":"product_tag","embeddable":true,"href":"https:\/\/districos.standingout.be\/fr\/wp-json\/wp\/v2\/product_tag?post=133744"}],"curies":[{"name":"wp","href":"https:\/\/api.w.org\/{rel}","templated":true}]}}