{"id":133748,"date":"2026-04-28T01:50:26","date_gmt":"2026-04-27T23:50:26","guid":{"rendered":"https:\/\/webshopdistricoscom.webhosting.be\/product\/depileve-pre-waxing-oil-220-ml-ref-1090-35-2\/"},"modified":"2026-04-28T01:50:28","modified_gmt":"2026-04-27T23:50:28","slug":"depileve-pre-waxing-oil-220-ml-ref-1090-35","status":"publish","type":"product","link":"https:\/\/districos.standingout.be\/fr\/product\/depileve-pre-waxing-oil-220-ml-ref-1090-35\/","title":{"rendered":"Depil\u00e8ve Pre-Waxing Oil 220 ml"},"content":{"rendered":"<p >\n<\/p>\n<\/p>\n<\/p>\n<p><font size=\"2\"><span lang=\"FR\">Huile sp\u00e9cifique \u00e0 appliquer avant l\u2019\u00e9pilation \u00e0 la cire traditionnelle ou pelliculable sur les zones sensibles afin de r\u00e9duire la sensation de chaleur et de douleur au minimum.<o:p><\/o:p><\/span><\/font><\/p>\n<p><font size=\"2\"><\/font><\/p>\n<ul>\n<li><font size=\"2\"><span lang=\"FR\">Huile bleue au parfum d\u2019abricot.<\/span><\/font><\/li>\n<li><font size=\"2\"><span lang=\"FR\">Flacon spray.<\/span><\/font><\/li>\n<li><font size=\"2\"><span lang=\"FR\">220 ml.<\/span><\/font><\/li>\n<\/ul>\n<p><font size=\"2\"><span lang=\"FR\"><b>Substances actives<\/b><o:p><\/o:p><\/span><\/font><\/p>\n<p><font size=\"2\"><\/font><\/p>\n<ul>\n<li><font size=\"2\"><span lang=\"FR\">L\u2019huile d\u2019abricot forme un film entre la peau et la cire afin que la cire s\u2019attache mieux aux poils et moins \u00e0 la peau. <\/span><\/font><\/li>\n<li><font size=\"2\"><span lang=\"FR\">Le bisabolol adoucit et hydrate la peau et emp\u00eache son exfoliation pendant l\u2019\u00e9pilation.<\/span><\/font><\/li>\n<\/ul>\n<p><font size=\"2\"><span lang=\"FR\"><b>Mode d\u2019emploi<\/b><o:p><\/o:p><\/span><\/font><\/p>\n<p><font size=\"2\"><\/font><\/p>\n<p><font size=\"2\"> <\/font><\/p>\n<ul>\n<li><font size=\"2\"><span lang=\"FR\">Appliquez une petite quantit\u00e9 d\u2019huile sur la zone \u00e0 \u00e9piler et massez jusqu&rsquo;\u00e0 l&rsquo;absorption compl\u00e8te. <\/span><\/font><\/li>\n<li><font size=\"2\"><span lang=\"FR\">Si n\u00e9cessaire, enlevez les r\u00e9sidus avec un tissu.<\/span><\/font><\/li>\n<li><font size=\"2\"><span lang=\"FR\">ATTENTION&nbsp;: peut tacher le textile !<\/span><\/font><\/li>\n<\/ul>\n","protected":false},"excerpt":{"rendered":"<p>Huile sp\u00e9cifique \u00e0 appliquer avant l\u2019\u00e9pilation \u00e0 la cire traditionnelle ou pelliculable sur les zones sensibles afin de r\u00e9duire la sensation de chaleur et de douleur au minimum. Huile bleue au parfum d\u2019abricot. Flacon spray. 220 ml. Substances actives L\u2019huile d\u2019abricot forme un film entre la peau et la cire afin que la cire s\u2019attache [&hellip;]<\/p>\n","protected":false},"featured_media":70046,"comment_status":"open","ping_status":"closed","template":"","meta":{"_acf_changed":false},"product_brand":[10376],"product_cat":[9922],"product_tag":[],"class_list":{"0":"post-133748","1":"product","2":"type-product","3":"status-publish","4":"has-post-thumbnail","6":"product_brand-depileve-fr","7":"product_cat-beaute-epilation-soins-pre-post-epilation","9":"first","10":"instock","11":"taxable","12":"shipping-taxable","13":"product-type-simple"},"acf":[],"yoast_head":"<!-- This site is optimized with the Yoast SEO plugin v27.3 - https:\/\/yoast.com\/product\/yoast-seo-wordpress\/ -->\n<title>Depil\u00e8ve Pre-Waxing Oil 220 ml - Districos Webshop<\/title>\n<meta name=\"robots\" content=\"noindex, follow, max-snippet:-1, max-image-preview:large, max-video-preview:-1\" \/>\n<meta property=\"og:locale\" content=\"fr_FR\" \/>\n<meta property=\"og:type\" content=\"article\" \/>\n<meta property=\"og:title\" content=\"Depil\u00e8ve Pre-Waxing Oil 220 ml - Districos Webshop\" \/>\n<meta property=\"og:description\" content=\"Huile sp\u00e9cifique \u00e0 appliquer avant l\u2019\u00e9pilation \u00e0 la cire traditionnelle ou pelliculable sur les zones sensibles afin de r\u00e9duire la sensation de chaleur et de douleur au minimum. Huile bleue au parfum d\u2019abricot. Flacon spray. 220 ml. Substances actives L\u2019huile d\u2019abricot forme un film entre la peau et la cire afin que la cire s\u2019attache [&hellip;]\" \/>\n<meta property=\"og:url\" content=\"https:\/\/districos.standingout.be\/fr\/product\/depileve-pre-waxing-oil-220-ml-ref-1090-35\/\" \/>\n<meta property=\"og:site_name\" content=\"Districos Webshop\" \/>\n<meta property=\"article:modified_time\" content=\"2026-04-27T23:50:28+00:00\" \/>\n<meta property=\"og:image\" content=\"https:\/\/districos.standingout.be\/wp-content\/uploads\/2025\/07\/1090.35@LowRes_0.png\" \/>\n\t<meta property=\"og:image:width\" content=\"600\" \/>\n\t<meta property=\"og:image:height\" content=\"600\" \/>\n\t<meta property=\"og:image:type\" content=\"image\/png\" \/>\n<meta name=\"twitter:card\" content=\"summary_large_image\" \/>\n<meta name=\"twitter:label1\" content=\"Dur\u00e9e de lecture estim\u00e9e\" \/>\n\t<meta name=\"twitter:data1\" content=\"1 minute\" \/>\n<script type=\"application\/ld+json\" class=\"yoast-schema-graph\">{\"@context\":\"https:\\\/\\\/schema.org\",\"@graph\":[{\"@type\":\"WebPage\",\"@id\":\"https:\\\/\\\/districos.standingout.be\\\/fr\\\/product\\\/depileve-pre-waxing-oil-220-ml-ref-1090-35\\\/\",\"url\":\"https:\\\/\\\/districos.standingout.be\\\/fr\\\/product\\\/depileve-pre-waxing-oil-220-ml-ref-1090-35\\\/\",\"name\":\"Depil\u00e8ve Pre-Waxing Oil 220 ml - Districos Webshop\",\"isPartOf\":{\"@id\":\"https:\\\/\\\/districos.standingout.be\\\/fr\\\/#website\"},\"primaryImageOfPage\":{\"@id\":\"https:\\\/\\\/districos.standingout.be\\\/fr\\\/product\\\/depileve-pre-waxing-oil-220-ml-ref-1090-35\\\/#primaryimage\"},\"image\":{\"@id\":\"https:\\\/\\\/districos.standingout.be\\\/fr\\\/product\\\/depileve-pre-waxing-oil-220-ml-ref-1090-35\\\/#primaryimage\"},\"thumbnailUrl\":\"https:\\\/\\\/districos.standingout.be\\\/wp-content\\\/uploads\\\/2025\\\/07\\\/1090.35@LowRes_0.png\",\"datePublished\":\"2026-04-27T23:50:26+00:00\",\"dateModified\":\"2026-04-27T23:50:28+00:00\",\"breadcrumb\":{\"@id\":\"https:\\\/\\\/districos.standingout.be\\\/fr\\\/product\\\/depileve-pre-waxing-oil-220-ml-ref-1090-35\\\/#breadcrumb\"},\"inLanguage\":\"fr-FR\",\"potentialAction\":[{\"@type\":\"ReadAction\",\"target\":[\"https:\\\/\\\/districos.standingout.be\\\/fr\\\/product\\\/depileve-pre-waxing-oil-220-ml-ref-1090-35\\\/\"]}]},{\"@type\":\"ImageObject\",\"inLanguage\":\"fr-FR\",\"@id\":\"https:\\\/\\\/districos.standingout.be\\\/fr\\\/product\\\/depileve-pre-waxing-oil-220-ml-ref-1090-35\\\/#primaryimage\",\"url\":\"https:\\\/\\\/districos.standingout.be\\\/wp-content\\\/uploads\\\/2025\\\/07\\\/1090.35@LowRes_0.png\",\"contentUrl\":\"https:\\\/\\\/districos.standingout.be\\\/wp-content\\\/uploads\\\/2025\\\/07\\\/1090.35@LowRes_0.png\",\"width\":600,\"height\":600},{\"@type\":\"BreadcrumbList\",\"@id\":\"https:\\\/\\\/districos.standingout.be\\\/fr\\\/product\\\/depileve-pre-waxing-oil-220-ml-ref-1090-35\\\/#breadcrumb\",\"itemListElement\":[{\"@type\":\"ListItem\",\"position\":1,\"name\":\"Home\",\"item\":\"https:\\\/\\\/districos.standingout.be\\\/fr\\\/bienvenue-chez-districos\\\/\"},{\"@type\":\"ListItem\",\"position\":2,\"name\":\"Boutique\",\"item\":\"https:\\\/\\\/districos.standingout.be\\\/fr\\\/boutique\\\/\"},{\"@type\":\"ListItem\",\"position\":3,\"name\":\"Depil\u00e8ve Pre-Waxing Oil 220 ml\"}]},{\"@type\":\"WebSite\",\"@id\":\"https:\\\/\\\/districos.standingout.be\\\/fr\\\/#website\",\"url\":\"https:\\\/\\\/districos.standingout.be\\\/fr\\\/\",\"name\":\"Districos Webshop\",\"description\":\"\",\"publisher\":{\"@id\":\"https:\\\/\\\/districos.standingout.be\\\/fr\\\/#organization\"},\"potentialAction\":[{\"@type\":\"SearchAction\",\"target\":{\"@type\":\"EntryPoint\",\"urlTemplate\":\"https:\\\/\\\/districos.standingout.be\\\/fr\\\/?s={search_term_string}\"},\"query-input\":{\"@type\":\"PropertyValueSpecification\",\"valueRequired\":true,\"valueName\":\"search_term_string\"}}],\"inLanguage\":\"fr-FR\"},{\"@type\":\"Organization\",\"@id\":\"https:\\\/\\\/districos.standingout.be\\\/fr\\\/#organization\",\"name\":\"Districos Webshop\",\"url\":\"https:\\\/\\\/districos.standingout.be\\\/fr\\\/\",\"logo\":{\"@type\":\"ImageObject\",\"inLanguage\":\"fr-FR\",\"@id\":\"https:\\\/\\\/districos.standingout.be\\\/fr\\\/#\\\/schema\\\/logo\\\/image\\\/\",\"url\":\"https:\\\/\\\/districos.standingout.be\\\/wp-content\\\/uploads\\\/2022\\\/09\\\/Districos_Logo_Webshop.svg\",\"contentUrl\":\"https:\\\/\\\/districos.standingout.be\\\/wp-content\\\/uploads\\\/2022\\\/09\\\/Districos_Logo_Webshop.svg\",\"caption\":\"Districos Webshop\"},\"image\":{\"@id\":\"https:\\\/\\\/districos.standingout.be\\\/fr\\\/#\\\/schema\\\/logo\\\/image\\\/\"}}]}<\/script>\n<!-- \/ Yoast SEO plugin. -->","yoast_head_json":{"title":"Depil\u00e8ve Pre-Waxing Oil 220 ml - Districos Webshop","robots":{"index":"noindex","follow":"follow","max-snippet":"max-snippet:-1","max-image-preview":"max-image-preview:large","max-video-preview":"max-video-preview:-1"},"og_locale":"fr_FR","og_type":"article","og_title":"Depil\u00e8ve Pre-Waxing Oil 220 ml - Districos Webshop","og_description":"Huile sp\u00e9cifique \u00e0 appliquer avant l\u2019\u00e9pilation \u00e0 la cire traditionnelle ou pelliculable sur les zones sensibles afin de r\u00e9duire la sensation de chaleur et de douleur au minimum. Huile bleue au parfum d\u2019abricot. Flacon spray. 220 ml. Substances actives L\u2019huile d\u2019abricot forme un film entre la peau et la cire afin que la cire s\u2019attache [&hellip;]","og_url":"https:\/\/districos.standingout.be\/fr\/product\/depileve-pre-waxing-oil-220-ml-ref-1090-35\/","og_site_name":"Districos Webshop","article_modified_time":"2026-04-27T23:50:28+00:00","og_image":[{"width":600,"height":600,"url":"https:\/\/districos.standingout.be\/wp-content\/uploads\/2025\/07\/1090.35@LowRes_0.png","type":"image\/png"}],"twitter_card":"summary_large_image","twitter_misc":{"Dur\u00e9e de lecture estim\u00e9e":"1 minute"},"schema":{"@context":"https:\/\/schema.org","@graph":[{"@type":"WebPage","@id":"https:\/\/districos.standingout.be\/fr\/product\/depileve-pre-waxing-oil-220-ml-ref-1090-35\/","url":"https:\/\/districos.standingout.be\/fr\/product\/depileve-pre-waxing-oil-220-ml-ref-1090-35\/","name":"Depil\u00e8ve Pre-Waxing Oil 220 ml - Districos Webshop","isPartOf":{"@id":"https:\/\/districos.standingout.be\/fr\/#website"},"primaryImageOfPage":{"@id":"https:\/\/districos.standingout.be\/fr\/product\/depileve-pre-waxing-oil-220-ml-ref-1090-35\/#primaryimage"},"image":{"@id":"https:\/\/districos.standingout.be\/fr\/product\/depileve-pre-waxing-oil-220-ml-ref-1090-35\/#primaryimage"},"thumbnailUrl":"https:\/\/districos.standingout.be\/wp-content\/uploads\/2025\/07\/1090.35@LowRes_0.png","datePublished":"2026-04-27T23:50:26+00:00","dateModified":"2026-04-27T23:50:28+00:00","breadcrumb":{"@id":"https:\/\/districos.standingout.be\/fr\/product\/depileve-pre-waxing-oil-220-ml-ref-1090-35\/#breadcrumb"},"inLanguage":"fr-FR","potentialAction":[{"@type":"ReadAction","target":["https:\/\/districos.standingout.be\/fr\/product\/depileve-pre-waxing-oil-220-ml-ref-1090-35\/"]}]},{"@type":"ImageObject","inLanguage":"fr-FR","@id":"https:\/\/districos.standingout.be\/fr\/product\/depileve-pre-waxing-oil-220-ml-ref-1090-35\/#primaryimage","url":"https:\/\/districos.standingout.be\/wp-content\/uploads\/2025\/07\/1090.35@LowRes_0.png","contentUrl":"https:\/\/districos.standingout.be\/wp-content\/uploads\/2025\/07\/1090.35@LowRes_0.png","width":600,"height":600},{"@type":"BreadcrumbList","@id":"https:\/\/districos.standingout.be\/fr\/product\/depileve-pre-waxing-oil-220-ml-ref-1090-35\/#breadcrumb","itemListElement":[{"@type":"ListItem","position":1,"name":"Home","item":"https:\/\/districos.standingout.be\/fr\/bienvenue-chez-districos\/"},{"@type":"ListItem","position":2,"name":"Boutique","item":"https:\/\/districos.standingout.be\/fr\/boutique\/"},{"@type":"ListItem","position":3,"name":"Depil\u00e8ve Pre-Waxing Oil 220 ml"}]},{"@type":"WebSite","@id":"https:\/\/districos.standingout.be\/fr\/#website","url":"https:\/\/districos.standingout.be\/fr\/","name":"Districos Webshop","description":"","publisher":{"@id":"https:\/\/districos.standingout.be\/fr\/#organization"},"potentialAction":[{"@type":"SearchAction","target":{"@type":"EntryPoint","urlTemplate":"https:\/\/districos.standingout.be\/fr\/?s={search_term_string}"},"query-input":{"@type":"PropertyValueSpecification","valueRequired":true,"valueName":"search_term_string"}}],"inLanguage":"fr-FR"},{"@type":"Organization","@id":"https:\/\/districos.standingout.be\/fr\/#organization","name":"Districos Webshop","url":"https:\/\/districos.standingout.be\/fr\/","logo":{"@type":"ImageObject","inLanguage":"fr-FR","@id":"https:\/\/districos.standingout.be\/fr\/#\/schema\/logo\/image\/","url":"https:\/\/districos.standingout.be\/wp-content\/uploads\/2022\/09\/Districos_Logo_Webshop.svg","contentUrl":"https:\/\/districos.standingout.be\/wp-content\/uploads\/2022\/09\/Districos_Logo_Webshop.svg","caption":"Districos Webshop"},"image":{"@id":"https:\/\/districos.standingout.be\/fr\/#\/schema\/logo\/image\/"}}]}},"_links":{"self":[{"href":"https:\/\/districos.standingout.be\/fr\/wp-json\/wp\/v2\/product\/133748","targetHints":{"allow":["GET"]}}],"collection":[{"href":"https:\/\/districos.standingout.be\/fr\/wp-json\/wp\/v2\/product"}],"about":[{"href":"https:\/\/districos.standingout.be\/fr\/wp-json\/wp\/v2\/types\/product"}],"replies":[{"embeddable":true,"href":"https:\/\/districos.standingout.be\/fr\/wp-json\/wp\/v2\/comments?post=133748"}],"wp:featuredmedia":[{"embeddable":true,"href":"https:\/\/districos.standingout.be\/fr\/wp-json\/wp\/v2\/media\/70046"}],"wp:attachment":[{"href":"https:\/\/districos.standingout.be\/fr\/wp-json\/wp\/v2\/media?parent=133748"}],"wp:term":[{"taxonomy":"product_brand","embeddable":true,"href":"https:\/\/districos.standingout.be\/fr\/wp-json\/wp\/v2\/product_brand?post=133748"},{"taxonomy":"product_cat","embeddable":true,"href":"https:\/\/districos.standingout.be\/fr\/wp-json\/wp\/v2\/product_cat?post=133748"},{"taxonomy":"product_tag","embeddable":true,"href":"https:\/\/districos.standingout.be\/fr\/wp-json\/wp\/v2\/product_tag?post=133748"}],"curies":[{"name":"wp","href":"https:\/\/api.w.org\/{rel}","templated":true}]}}