{"id":133750,"date":"2026-04-28T01:50:29","date_gmt":"2026-04-27T23:50:29","guid":{"rendered":"https:\/\/webshopdistricoscom.webhosting.be\/product\/barbepil-skin-prep-220-ml-ref-1091-01-2\/"},"modified":"2026-04-28T01:50:31","modified_gmt":"2026-04-27T23:50:31","slug":"barbepil-skin-prep-220-ml-ref-1091-01","status":"publish","type":"product","link":"https:\/\/districos.standingout.be\/fr\/product\/barbepil-skin-prep-220-ml-ref-1091-01\/","title":{"rendered":"Barbepil Skin Prep 220 ml"},"content":{"rendered":"<p >\n<\/p>\n<\/p>\n<p dir=\"ltr\">Lotion en forme de spray qui nettoie la peau en profondeur et la pr\u00e9pare pour une \u00e9pilation \u00e0 la Cire Pelliculable de Barbepil (<u><a href=\"https:\/\/districos.com\/ProductDetail\/1036.01\" target=\"_blank\" rel=\"noopener noreferrer nofollow\">r\u00e9f. 1036.01<\/a><\/u> ou <u><a href=\"https:\/\/districos.com\/ProductDetail\/1036.03\" target=\"_blank\" rel=\"noopener noreferrer nofollow\">1036.03<\/a><\/u>). La lotion hydrate la peau et les poils pour les rendre souples et assure ainsi une \u00e9pilation plus efficace et agr\u00e9able.<\/p>\n<p dir=\"ltr\"><b>Mode d&#8217;emploi<\/b><\/p>\n<p dir=\"ltr\">\n<ul>\n<li>Appliquez le produit \u00e0 l\u2019aide d\u2019un coton sur la zone \u00e0 \u00e9piler.<\/li>\n<li>Pour les zones plus petites, vous pouvez utiliser un coton-tige.<\/li>\n<\/ul>\n<p dir=\"ltr\"><b>Conseils d&rsquo;utilisation<\/b><\/p>\n<p dir=\"ltr\">\n<ul>\n<li>La lotion est rapidement absorb\u00e9e par la peau, mais des r\u00e9sidus \u00e9ventuels peuvent \u00eatre enlev\u00e9s \u00e0 l\u2019aide d\u2019un tissu sec.&nbsp;<\/li>\n<li>Le spray peut \u00e9galement \u00eatre utilis\u00e9 pour nettoyer les mains.<\/li>\n<\/ul><\/p>\n","protected":false},"excerpt":{"rendered":"<p>Lotion en forme de spray qui nettoie la peau en profondeur et la pr\u00e9pare pour une \u00e9pilation \u00e0 la Cire Pelliculable de Barbepil (r\u00e9f. 1036.01 ou 1036.03). La lotion hydrate la peau et les poils pour les rendre souples et assure ainsi une \u00e9pilation plus efficace et agr\u00e9able. Mode d&#8217;emploi Appliquez le produit \u00e0 l\u2019aide [&hellip;]<\/p>\n","protected":false},"featured_media":70049,"comment_status":"open","ping_status":"closed","template":"","meta":{"_acf_changed":false},"product_brand":[10388],"product_cat":[9922],"product_tag":[],"class_list":{"0":"post-133750","1":"product","2":"type-product","3":"status-publish","4":"has-post-thumbnail","6":"product_brand-depileve_barbepil-fr","7":"product_cat-beaute-epilation-soins-pre-post-epilation","9":"first","10":"instock","11":"taxable","12":"shipping-taxable","13":"product-type-simple"},"acf":[],"yoast_head":"<!-- This site is optimized with the Yoast SEO plugin v27.3 - https:\/\/yoast.com\/product\/yoast-seo-wordpress\/ -->\n<title>Barbepil Skin Prep 220 ml - Districos Webshop<\/title>\n<meta name=\"robots\" content=\"noindex, follow, max-snippet:-1, max-image-preview:large, max-video-preview:-1\" \/>\n<meta property=\"og:locale\" content=\"fr_FR\" \/>\n<meta property=\"og:type\" content=\"article\" \/>\n<meta property=\"og:title\" content=\"Barbepil Skin Prep 220 ml - Districos Webshop\" \/>\n<meta property=\"og:description\" content=\"Lotion en forme de spray qui nettoie la peau en profondeur et la pr\u00e9pare pour une \u00e9pilation \u00e0 la Cire Pelliculable de Barbepil (r\u00e9f. 1036.01 ou 1036.03). La lotion hydrate la peau et les poils pour les rendre souples et assure ainsi une \u00e9pilation plus efficace et agr\u00e9able. Mode d&#8217;emploi Appliquez le produit \u00e0 l\u2019aide [&hellip;]\" \/>\n<meta property=\"og:url\" content=\"https:\/\/districos.standingout.be\/fr\/product\/barbepil-skin-prep-220-ml-ref-1091-01\/\" \/>\n<meta property=\"og:site_name\" content=\"Districos Webshop\" \/>\n<meta property=\"article:modified_time\" content=\"2026-04-27T23:50:31+00:00\" \/>\n<meta property=\"og:image\" content=\"https:\/\/districos.standingout.be\/wp-content\/uploads\/2025\/07\/1091.01@LowRes_0.png\" \/>\n\t<meta property=\"og:image:width\" content=\"600\" \/>\n\t<meta property=\"og:image:height\" content=\"600\" \/>\n\t<meta property=\"og:image:type\" content=\"image\/png\" \/>\n<meta name=\"twitter:card\" content=\"summary_large_image\" \/>\n<meta name=\"twitter:label1\" content=\"Dur\u00e9e de lecture estim\u00e9e\" \/>\n\t<meta name=\"twitter:data1\" content=\"1 minute\" \/>\n<script type=\"application\/ld+json\" class=\"yoast-schema-graph\">{\"@context\":\"https:\\\/\\\/schema.org\",\"@graph\":[{\"@type\":\"WebPage\",\"@id\":\"https:\\\/\\\/districos.standingout.be\\\/fr\\\/product\\\/barbepil-skin-prep-220-ml-ref-1091-01\\\/\",\"url\":\"https:\\\/\\\/districos.standingout.be\\\/fr\\\/product\\\/barbepil-skin-prep-220-ml-ref-1091-01\\\/\",\"name\":\"Barbepil Skin Prep 220 ml - Districos Webshop\",\"isPartOf\":{\"@id\":\"https:\\\/\\\/districos.standingout.be\\\/fr\\\/#website\"},\"primaryImageOfPage\":{\"@id\":\"https:\\\/\\\/districos.standingout.be\\\/fr\\\/product\\\/barbepil-skin-prep-220-ml-ref-1091-01\\\/#primaryimage\"},\"image\":{\"@id\":\"https:\\\/\\\/districos.standingout.be\\\/fr\\\/product\\\/barbepil-skin-prep-220-ml-ref-1091-01\\\/#primaryimage\"},\"thumbnailUrl\":\"https:\\\/\\\/districos.standingout.be\\\/wp-content\\\/uploads\\\/2025\\\/07\\\/1091.01@LowRes_0.png\",\"datePublished\":\"2026-04-27T23:50:29+00:00\",\"dateModified\":\"2026-04-27T23:50:31+00:00\",\"breadcrumb\":{\"@id\":\"https:\\\/\\\/districos.standingout.be\\\/fr\\\/product\\\/barbepil-skin-prep-220-ml-ref-1091-01\\\/#breadcrumb\"},\"inLanguage\":\"fr-FR\",\"potentialAction\":[{\"@type\":\"ReadAction\",\"target\":[\"https:\\\/\\\/districos.standingout.be\\\/fr\\\/product\\\/barbepil-skin-prep-220-ml-ref-1091-01\\\/\"]}]},{\"@type\":\"ImageObject\",\"inLanguage\":\"fr-FR\",\"@id\":\"https:\\\/\\\/districos.standingout.be\\\/fr\\\/product\\\/barbepil-skin-prep-220-ml-ref-1091-01\\\/#primaryimage\",\"url\":\"https:\\\/\\\/districos.standingout.be\\\/wp-content\\\/uploads\\\/2025\\\/07\\\/1091.01@LowRes_0.png\",\"contentUrl\":\"https:\\\/\\\/districos.standingout.be\\\/wp-content\\\/uploads\\\/2025\\\/07\\\/1091.01@LowRes_0.png\",\"width\":600,\"height\":600},{\"@type\":\"BreadcrumbList\",\"@id\":\"https:\\\/\\\/districos.standingout.be\\\/fr\\\/product\\\/barbepil-skin-prep-220-ml-ref-1091-01\\\/#breadcrumb\",\"itemListElement\":[{\"@type\":\"ListItem\",\"position\":1,\"name\":\"Home\",\"item\":\"https:\\\/\\\/districos.standingout.be\\\/fr\\\/bienvenue-chez-districos\\\/\"},{\"@type\":\"ListItem\",\"position\":2,\"name\":\"Boutique\",\"item\":\"https:\\\/\\\/districos.standingout.be\\\/fr\\\/boutique\\\/\"},{\"@type\":\"ListItem\",\"position\":3,\"name\":\"Barbepil Skin Prep 220 ml\"}]},{\"@type\":\"WebSite\",\"@id\":\"https:\\\/\\\/districos.standingout.be\\\/fr\\\/#website\",\"url\":\"https:\\\/\\\/districos.standingout.be\\\/fr\\\/\",\"name\":\"Districos Webshop\",\"description\":\"\",\"publisher\":{\"@id\":\"https:\\\/\\\/districos.standingout.be\\\/fr\\\/#organization\"},\"potentialAction\":[{\"@type\":\"SearchAction\",\"target\":{\"@type\":\"EntryPoint\",\"urlTemplate\":\"https:\\\/\\\/districos.standingout.be\\\/fr\\\/?s={search_term_string}\"},\"query-input\":{\"@type\":\"PropertyValueSpecification\",\"valueRequired\":true,\"valueName\":\"search_term_string\"}}],\"inLanguage\":\"fr-FR\"},{\"@type\":\"Organization\",\"@id\":\"https:\\\/\\\/districos.standingout.be\\\/fr\\\/#organization\",\"name\":\"Districos Webshop\",\"url\":\"https:\\\/\\\/districos.standingout.be\\\/fr\\\/\",\"logo\":{\"@type\":\"ImageObject\",\"inLanguage\":\"fr-FR\",\"@id\":\"https:\\\/\\\/districos.standingout.be\\\/fr\\\/#\\\/schema\\\/logo\\\/image\\\/\",\"url\":\"https:\\\/\\\/districos.standingout.be\\\/wp-content\\\/uploads\\\/2022\\\/09\\\/Districos_Logo_Webshop.svg\",\"contentUrl\":\"https:\\\/\\\/districos.standingout.be\\\/wp-content\\\/uploads\\\/2022\\\/09\\\/Districos_Logo_Webshop.svg\",\"caption\":\"Districos Webshop\"},\"image\":{\"@id\":\"https:\\\/\\\/districos.standingout.be\\\/fr\\\/#\\\/schema\\\/logo\\\/image\\\/\"}}]}<\/script>\n<!-- \/ Yoast SEO plugin. -->","yoast_head_json":{"title":"Barbepil Skin Prep 220 ml - Districos Webshop","robots":{"index":"noindex","follow":"follow","max-snippet":"max-snippet:-1","max-image-preview":"max-image-preview:large","max-video-preview":"max-video-preview:-1"},"og_locale":"fr_FR","og_type":"article","og_title":"Barbepil Skin Prep 220 ml - Districos Webshop","og_description":"Lotion en forme de spray qui nettoie la peau en profondeur et la pr\u00e9pare pour une \u00e9pilation \u00e0 la Cire Pelliculable de Barbepil (r\u00e9f. 1036.01 ou 1036.03). La lotion hydrate la peau et les poils pour les rendre souples et assure ainsi une \u00e9pilation plus efficace et agr\u00e9able. Mode d&#8217;emploi Appliquez le produit \u00e0 l\u2019aide [&hellip;]","og_url":"https:\/\/districos.standingout.be\/fr\/product\/barbepil-skin-prep-220-ml-ref-1091-01\/","og_site_name":"Districos Webshop","article_modified_time":"2026-04-27T23:50:31+00:00","og_image":[{"width":600,"height":600,"url":"https:\/\/districos.standingout.be\/wp-content\/uploads\/2025\/07\/1091.01@LowRes_0.png","type":"image\/png"}],"twitter_card":"summary_large_image","twitter_misc":{"Dur\u00e9e de lecture estim\u00e9e":"1 minute"},"schema":{"@context":"https:\/\/schema.org","@graph":[{"@type":"WebPage","@id":"https:\/\/districos.standingout.be\/fr\/product\/barbepil-skin-prep-220-ml-ref-1091-01\/","url":"https:\/\/districos.standingout.be\/fr\/product\/barbepil-skin-prep-220-ml-ref-1091-01\/","name":"Barbepil Skin Prep 220 ml - Districos Webshop","isPartOf":{"@id":"https:\/\/districos.standingout.be\/fr\/#website"},"primaryImageOfPage":{"@id":"https:\/\/districos.standingout.be\/fr\/product\/barbepil-skin-prep-220-ml-ref-1091-01\/#primaryimage"},"image":{"@id":"https:\/\/districos.standingout.be\/fr\/product\/barbepil-skin-prep-220-ml-ref-1091-01\/#primaryimage"},"thumbnailUrl":"https:\/\/districos.standingout.be\/wp-content\/uploads\/2025\/07\/1091.01@LowRes_0.png","datePublished":"2026-04-27T23:50:29+00:00","dateModified":"2026-04-27T23:50:31+00:00","breadcrumb":{"@id":"https:\/\/districos.standingout.be\/fr\/product\/barbepil-skin-prep-220-ml-ref-1091-01\/#breadcrumb"},"inLanguage":"fr-FR","potentialAction":[{"@type":"ReadAction","target":["https:\/\/districos.standingout.be\/fr\/product\/barbepil-skin-prep-220-ml-ref-1091-01\/"]}]},{"@type":"ImageObject","inLanguage":"fr-FR","@id":"https:\/\/districos.standingout.be\/fr\/product\/barbepil-skin-prep-220-ml-ref-1091-01\/#primaryimage","url":"https:\/\/districos.standingout.be\/wp-content\/uploads\/2025\/07\/1091.01@LowRes_0.png","contentUrl":"https:\/\/districos.standingout.be\/wp-content\/uploads\/2025\/07\/1091.01@LowRes_0.png","width":600,"height":600},{"@type":"BreadcrumbList","@id":"https:\/\/districos.standingout.be\/fr\/product\/barbepil-skin-prep-220-ml-ref-1091-01\/#breadcrumb","itemListElement":[{"@type":"ListItem","position":1,"name":"Home","item":"https:\/\/districos.standingout.be\/fr\/bienvenue-chez-districos\/"},{"@type":"ListItem","position":2,"name":"Boutique","item":"https:\/\/districos.standingout.be\/fr\/boutique\/"},{"@type":"ListItem","position":3,"name":"Barbepil Skin Prep 220 ml"}]},{"@type":"WebSite","@id":"https:\/\/districos.standingout.be\/fr\/#website","url":"https:\/\/districos.standingout.be\/fr\/","name":"Districos Webshop","description":"","publisher":{"@id":"https:\/\/districos.standingout.be\/fr\/#organization"},"potentialAction":[{"@type":"SearchAction","target":{"@type":"EntryPoint","urlTemplate":"https:\/\/districos.standingout.be\/fr\/?s={search_term_string}"},"query-input":{"@type":"PropertyValueSpecification","valueRequired":true,"valueName":"search_term_string"}}],"inLanguage":"fr-FR"},{"@type":"Organization","@id":"https:\/\/districos.standingout.be\/fr\/#organization","name":"Districos Webshop","url":"https:\/\/districos.standingout.be\/fr\/","logo":{"@type":"ImageObject","inLanguage":"fr-FR","@id":"https:\/\/districos.standingout.be\/fr\/#\/schema\/logo\/image\/","url":"https:\/\/districos.standingout.be\/wp-content\/uploads\/2022\/09\/Districos_Logo_Webshop.svg","contentUrl":"https:\/\/districos.standingout.be\/wp-content\/uploads\/2022\/09\/Districos_Logo_Webshop.svg","caption":"Districos Webshop"},"image":{"@id":"https:\/\/districos.standingout.be\/fr\/#\/schema\/logo\/image\/"}}]}},"_links":{"self":[{"href":"https:\/\/districos.standingout.be\/fr\/wp-json\/wp\/v2\/product\/133750","targetHints":{"allow":["GET"]}}],"collection":[{"href":"https:\/\/districos.standingout.be\/fr\/wp-json\/wp\/v2\/product"}],"about":[{"href":"https:\/\/districos.standingout.be\/fr\/wp-json\/wp\/v2\/types\/product"}],"replies":[{"embeddable":true,"href":"https:\/\/districos.standingout.be\/fr\/wp-json\/wp\/v2\/comments?post=133750"}],"wp:featuredmedia":[{"embeddable":true,"href":"https:\/\/districos.standingout.be\/fr\/wp-json\/wp\/v2\/media\/70049"}],"wp:attachment":[{"href":"https:\/\/districos.standingout.be\/fr\/wp-json\/wp\/v2\/media?parent=133750"}],"wp:term":[{"taxonomy":"product_brand","embeddable":true,"href":"https:\/\/districos.standingout.be\/fr\/wp-json\/wp\/v2\/product_brand?post=133750"},{"taxonomy":"product_cat","embeddable":true,"href":"https:\/\/districos.standingout.be\/fr\/wp-json\/wp\/v2\/product_cat?post=133750"},{"taxonomy":"product_tag","embeddable":true,"href":"https:\/\/districos.standingout.be\/fr\/wp-json\/wp\/v2\/product_tag?post=133750"}],"curies":[{"name":"wp","href":"https:\/\/api.w.org\/{rel}","templated":true}]}}