{"id":133752,"date":"2026-04-28T01:50:32","date_gmt":"2026-04-27T23:50:32","guid":{"rendered":"https:\/\/webshopdistricoscom.webhosting.be\/product\/barbepil-foliclear-125-ml-ref-1091-02-2\/"},"modified":"2026-04-28T01:50:34","modified_gmt":"2026-04-27T23:50:34","slug":"barbepil-foliclear-125-ml-ref-1091-02","status":"publish","type":"product","link":"https:\/\/districos.standingout.be\/fr\/product\/barbepil-foliclear-125-ml-ref-1091-02\/","title":{"rendered":"Barbepil Foliclear 125 ml"},"content":{"rendered":"<p >\n<\/p>\n<\/p>\n<p dir=\"ltr\"><font size=\"2\">Foliclear est un s\u00e9rum multifonctionnel et rafra\u00eechissant aux ingr\u00e9dients actifs qui hydratent la peau et qui luttent contre les irritations. Le s\u00e9rum est rapidement absorb\u00e9 sans \u00eatre collant.<\/font><\/p>\n<ul>\n<li><font size=\"2\"><span>Texture l\u00e9g\u00e8re.<\/span><\/font><\/li>\n<li><font size=\"2\"><span>Parfum subtilement \u00e9pic\u00e9.<\/span><\/font><\/li>\n<li><font size=\"2\"><span>Peut \u00eatre utilis\u00e9 en salon pour apaiser la peau et pour \u00e9liminer les r\u00e9sidus de cire apr\u00e8s l&rsquo;\u00e9pilation.<\/span><\/font><\/li>\n<li><font size=\"2\"><span>Gr\u00e2ce \u00e0 la fonction l\u00e9g\u00e8rement exfoliante et \u00e0 l&rsquo;action anti-inflammatoire de l&rsquo;acide salicylique, le s\u00e9rum est \u00e9galement un produit id\u00e9al pour le traitement et la pr\u00e9vention des poils incarn\u00e9s, des boutons et des irritations du rasage \u00e0 domicile.<\/span><\/font><\/li>\n<\/ul>\n<div><font size=\"2\"><b>Substances actives<\/b><\/font><\/div>\n<ul>\n<li><font size=\"2\">Acide salicylique : a un effet k\u00e9ratolytique qui provoque le d\u00e9collement de la couche sup\u00e9rieure de la peau et qui acc\u00e9l\u00e8re ainsi le renouvellement cellulaire. Cela r\u00e9duit le risque de boutons et de poils incarn\u00e9s. En outre, il a \u00e9galement un effet anti-inflammatoire et apaisant qui lutte contre les inflammations apr\u00e8s l\u2019\u00e9pilation ou le rasage.<\/font><\/li>\n<li><font size=\"2\">Coenzyme Q10 et vitamine E :&nbsp;de puissants antioxydants aux caract\u00e9ristiques rajeunissantes. R\u00e9parent et prot\u00e8gent la peau lorsqu\u2019elle est la plus vuln\u00e9rable, apr\u00e8s le rasage ou l\u2019\u00e9pilation.<\/font><\/li>\n<li><font size=\"2\">C\u00e9ramides : des lipides naturellement pr\u00e9sents dans la peau qui soutiennent la barri\u00e8re cutan\u00e9e et hydratent la peau.<\/font><\/li>\n<li><font size=\"2\">ADN marin : un ingredient bioactif pur qui acc\u00e9l\u00e8re la r\u00e9cup\u00e9ration de la peau. Elle a \u00e9galement un effet rajeunissant et anti-inflammatoire.<\/font><\/li>\n<\/ul>\n<p dir=\"ltr\"><font size=\"2\"><font face=\"Verdana\"><b>Mode d&#8217;emploi<\/b><\/font><\/font><\/p>\n<p dir=\"ltr\"><font size=\"2\"><\/font><\/p>\n<p dir=\"ltr\"><font size=\"2\"><\/font><\/p>\n<p dir=\"ltr\"><font size=\"2\"><\/font><\/p>\n<ul>\n<li><font size=\"2\"><font size=\"2\"><font size=\"2\"><font face=\"Verdana\">Appliquez une petite quantit\u00e9 du produit \u00e0 l\u2019aide d\u2019un coton ou du bout des doigts sur les zones \u00e0 traiter.<\/font><\/font><\/font><\/font><\/li>\n<li><font size=\"2\"><font size=\"2\"><font size=\"2\"><font face=\"Verdana\">Massez jusqu\u2019\u00e0 ce que le s\u00e9rum soit compl\u00e8tement absorb\u00e9.&nbsp;<\/font><\/font><\/font><\/font><\/li>\n<li><font size=\"2\"><font size=\"2\"><font size=\"2\"><font face=\"Verdana\">Utilisation \u00e0 domicile : appliquez 2 fois par jour sur une peau nettoy\u00e9e.<\/font><\/font><\/font><\/font><\/li>\n<\/ul><\/p>\n","protected":false},"excerpt":{"rendered":"<p>Foliclear est un s\u00e9rum multifonctionnel et rafra\u00eechissant aux ingr\u00e9dients actifs qui hydratent la peau et qui luttent contre les irritations. Le s\u00e9rum est rapidement absorb\u00e9 sans \u00eatre collant. Texture l\u00e9g\u00e8re. Parfum subtilement \u00e9pic\u00e9. Peut \u00eatre utilis\u00e9 en salon pour apaiser la peau et pour \u00e9liminer les r\u00e9sidus de cire apr\u00e8s l&rsquo;\u00e9pilation. Gr\u00e2ce \u00e0 la fonction [&hellip;]<\/p>\n","protected":false},"featured_media":143322,"comment_status":"open","ping_status":"closed","template":"","meta":{"_acf_changed":false},"product_brand":[10388],"product_cat":[9922],"product_tag":[],"class_list":{"0":"post-133752","1":"product","2":"type-product","3":"status-publish","4":"has-post-thumbnail","6":"product_brand-depileve_barbepil-fr","7":"product_cat-beaute-epilation-soins-pre-post-epilation","9":"first","10":"instock","11":"taxable","12":"shipping-taxable","13":"product-type-simple"},"acf":[],"yoast_head":"<!-- This site is optimized with the Yoast SEO plugin v27.3 - https:\/\/yoast.com\/product\/yoast-seo-wordpress\/ -->\n<title>Barbepil Foliclear 125 ml - Districos Webshop<\/title>\n<meta name=\"robots\" content=\"noindex, follow, max-snippet:-1, max-image-preview:large, max-video-preview:-1\" \/>\n<meta property=\"og:locale\" content=\"fr_FR\" \/>\n<meta property=\"og:type\" content=\"article\" \/>\n<meta property=\"og:title\" content=\"Barbepil Foliclear 125 ml - Districos Webshop\" \/>\n<meta property=\"og:description\" content=\"Foliclear est un s\u00e9rum multifonctionnel et rafra\u00eechissant aux ingr\u00e9dients actifs qui hydratent la peau et qui luttent contre les irritations. Le s\u00e9rum est rapidement absorb\u00e9 sans \u00eatre collant. Texture l\u00e9g\u00e8re. Parfum subtilement \u00e9pic\u00e9. Peut \u00eatre utilis\u00e9 en salon pour apaiser la peau et pour \u00e9liminer les r\u00e9sidus de cire apr\u00e8s l&rsquo;\u00e9pilation. Gr\u00e2ce \u00e0 la fonction [&hellip;]\" \/>\n<meta property=\"og:url\" content=\"https:\/\/districos.standingout.be\/fr\/product\/barbepil-foliclear-125-ml-ref-1091-02\/\" \/>\n<meta property=\"og:site_name\" content=\"Districos Webshop\" \/>\n<meta property=\"article:modified_time\" content=\"2026-04-27T23:50:34+00:00\" \/>\n<meta property=\"og:image\" content=\"https:\/\/districos.standingout.be\/wp-content\/uploads\/2026\/04\/1091.02@Barbepil-Foliclear-125-ml_1-2.png\" \/>\n\t<meta property=\"og:image:width\" content=\"600\" \/>\n\t<meta property=\"og:image:height\" content=\"600\" \/>\n\t<meta property=\"og:image:type\" content=\"image\/png\" \/>\n<meta name=\"twitter:card\" content=\"summary_large_image\" \/>\n<meta name=\"twitter:label1\" content=\"Dur\u00e9e de lecture estim\u00e9e\" \/>\n\t<meta name=\"twitter:data1\" content=\"1 minute\" \/>\n<script type=\"application\/ld+json\" class=\"yoast-schema-graph\">{\"@context\":\"https:\\\/\\\/schema.org\",\"@graph\":[{\"@type\":\"WebPage\",\"@id\":\"https:\\\/\\\/districos.standingout.be\\\/fr\\\/product\\\/barbepil-foliclear-125-ml-ref-1091-02\\\/\",\"url\":\"https:\\\/\\\/districos.standingout.be\\\/fr\\\/product\\\/barbepil-foliclear-125-ml-ref-1091-02\\\/\",\"name\":\"Barbepil Foliclear 125 ml - Districos Webshop\",\"isPartOf\":{\"@id\":\"https:\\\/\\\/districos.standingout.be\\\/fr\\\/#website\"},\"primaryImageOfPage\":{\"@id\":\"https:\\\/\\\/districos.standingout.be\\\/fr\\\/product\\\/barbepil-foliclear-125-ml-ref-1091-02\\\/#primaryimage\"},\"image\":{\"@id\":\"https:\\\/\\\/districos.standingout.be\\\/fr\\\/product\\\/barbepil-foliclear-125-ml-ref-1091-02\\\/#primaryimage\"},\"thumbnailUrl\":\"https:\\\/\\\/districos.standingout.be\\\/wp-content\\\/uploads\\\/2026\\\/04\\\/1091.02@Barbepil-Foliclear-125-ml_1-3.png\",\"datePublished\":\"2026-04-27T23:50:32+00:00\",\"dateModified\":\"2026-04-27T23:50:34+00:00\",\"breadcrumb\":{\"@id\":\"https:\\\/\\\/districos.standingout.be\\\/fr\\\/product\\\/barbepil-foliclear-125-ml-ref-1091-02\\\/#breadcrumb\"},\"inLanguage\":\"fr-FR\",\"potentialAction\":[{\"@type\":\"ReadAction\",\"target\":[\"https:\\\/\\\/districos.standingout.be\\\/fr\\\/product\\\/barbepil-foliclear-125-ml-ref-1091-02\\\/\"]}]},{\"@type\":\"ImageObject\",\"inLanguage\":\"fr-FR\",\"@id\":\"https:\\\/\\\/districos.standingout.be\\\/fr\\\/product\\\/barbepil-foliclear-125-ml-ref-1091-02\\\/#primaryimage\",\"url\":\"https:\\\/\\\/districos.standingout.be\\\/wp-content\\\/uploads\\\/2026\\\/04\\\/1091.02@Barbepil-Foliclear-125-ml_1-3.png\",\"contentUrl\":\"https:\\\/\\\/districos.standingout.be\\\/wp-content\\\/uploads\\\/2026\\\/04\\\/1091.02@Barbepil-Foliclear-125-ml_1-3.png\",\"width\":600,\"height\":600},{\"@type\":\"BreadcrumbList\",\"@id\":\"https:\\\/\\\/districos.standingout.be\\\/fr\\\/product\\\/barbepil-foliclear-125-ml-ref-1091-02\\\/#breadcrumb\",\"itemListElement\":[{\"@type\":\"ListItem\",\"position\":1,\"name\":\"Home\",\"item\":\"https:\\\/\\\/districos.standingout.be\\\/fr\\\/bienvenue-chez-districos\\\/\"},{\"@type\":\"ListItem\",\"position\":2,\"name\":\"Boutique\",\"item\":\"https:\\\/\\\/districos.standingout.be\\\/fr\\\/boutique\\\/\"},{\"@type\":\"ListItem\",\"position\":3,\"name\":\"Barbepil Foliclear 125 ml\"}]},{\"@type\":\"WebSite\",\"@id\":\"https:\\\/\\\/districos.standingout.be\\\/fr\\\/#website\",\"url\":\"https:\\\/\\\/districos.standingout.be\\\/fr\\\/\",\"name\":\"Districos Webshop\",\"description\":\"\",\"publisher\":{\"@id\":\"https:\\\/\\\/districos.standingout.be\\\/fr\\\/#organization\"},\"potentialAction\":[{\"@type\":\"SearchAction\",\"target\":{\"@type\":\"EntryPoint\",\"urlTemplate\":\"https:\\\/\\\/districos.standingout.be\\\/fr\\\/?s={search_term_string}\"},\"query-input\":{\"@type\":\"PropertyValueSpecification\",\"valueRequired\":true,\"valueName\":\"search_term_string\"}}],\"inLanguage\":\"fr-FR\"},{\"@type\":\"Organization\",\"@id\":\"https:\\\/\\\/districos.standingout.be\\\/fr\\\/#organization\",\"name\":\"Districos Webshop\",\"url\":\"https:\\\/\\\/districos.standingout.be\\\/fr\\\/\",\"logo\":{\"@type\":\"ImageObject\",\"inLanguage\":\"fr-FR\",\"@id\":\"https:\\\/\\\/districos.standingout.be\\\/fr\\\/#\\\/schema\\\/logo\\\/image\\\/\",\"url\":\"https:\\\/\\\/districos.standingout.be\\\/wp-content\\\/uploads\\\/2022\\\/09\\\/Districos_Logo_Webshop.svg\",\"contentUrl\":\"https:\\\/\\\/districos.standingout.be\\\/wp-content\\\/uploads\\\/2022\\\/09\\\/Districos_Logo_Webshop.svg\",\"caption\":\"Districos Webshop\"},\"image\":{\"@id\":\"https:\\\/\\\/districos.standingout.be\\\/fr\\\/#\\\/schema\\\/logo\\\/image\\\/\"}}]}<\/script>\n<!-- \/ Yoast SEO plugin. -->","yoast_head_json":{"title":"Barbepil Foliclear 125 ml - Districos Webshop","robots":{"index":"noindex","follow":"follow","max-snippet":"max-snippet:-1","max-image-preview":"max-image-preview:large","max-video-preview":"max-video-preview:-1"},"og_locale":"fr_FR","og_type":"article","og_title":"Barbepil Foliclear 125 ml - Districos Webshop","og_description":"Foliclear est un s\u00e9rum multifonctionnel et rafra\u00eechissant aux ingr\u00e9dients actifs qui hydratent la peau et qui luttent contre les irritations. Le s\u00e9rum est rapidement absorb\u00e9 sans \u00eatre collant. Texture l\u00e9g\u00e8re. Parfum subtilement \u00e9pic\u00e9. Peut \u00eatre utilis\u00e9 en salon pour apaiser la peau et pour \u00e9liminer les r\u00e9sidus de cire apr\u00e8s l&rsquo;\u00e9pilation. Gr\u00e2ce \u00e0 la fonction [&hellip;]","og_url":"https:\/\/districos.standingout.be\/fr\/product\/barbepil-foliclear-125-ml-ref-1091-02\/","og_site_name":"Districos Webshop","article_modified_time":"2026-04-27T23:50:34+00:00","og_image":[{"width":600,"height":600,"url":"https:\/\/districos.standingout.be\/wp-content\/uploads\/2026\/04\/1091.02@Barbepil-Foliclear-125-ml_1-2.png","type":"image\/png"}],"twitter_card":"summary_large_image","twitter_misc":{"Dur\u00e9e de lecture estim\u00e9e":"1 minute"},"schema":{"@context":"https:\/\/schema.org","@graph":[{"@type":"WebPage","@id":"https:\/\/districos.standingout.be\/fr\/product\/barbepil-foliclear-125-ml-ref-1091-02\/","url":"https:\/\/districos.standingout.be\/fr\/product\/barbepil-foliclear-125-ml-ref-1091-02\/","name":"Barbepil Foliclear 125 ml - Districos Webshop","isPartOf":{"@id":"https:\/\/districos.standingout.be\/fr\/#website"},"primaryImageOfPage":{"@id":"https:\/\/districos.standingout.be\/fr\/product\/barbepil-foliclear-125-ml-ref-1091-02\/#primaryimage"},"image":{"@id":"https:\/\/districos.standingout.be\/fr\/product\/barbepil-foliclear-125-ml-ref-1091-02\/#primaryimage"},"thumbnailUrl":"https:\/\/districos.standingout.be\/wp-content\/uploads\/2026\/04\/1091.02@Barbepil-Foliclear-125-ml_1-3.png","datePublished":"2026-04-27T23:50:32+00:00","dateModified":"2026-04-27T23:50:34+00:00","breadcrumb":{"@id":"https:\/\/districos.standingout.be\/fr\/product\/barbepil-foliclear-125-ml-ref-1091-02\/#breadcrumb"},"inLanguage":"fr-FR","potentialAction":[{"@type":"ReadAction","target":["https:\/\/districos.standingout.be\/fr\/product\/barbepil-foliclear-125-ml-ref-1091-02\/"]}]},{"@type":"ImageObject","inLanguage":"fr-FR","@id":"https:\/\/districos.standingout.be\/fr\/product\/barbepil-foliclear-125-ml-ref-1091-02\/#primaryimage","url":"https:\/\/districos.standingout.be\/wp-content\/uploads\/2026\/04\/1091.02@Barbepil-Foliclear-125-ml_1-3.png","contentUrl":"https:\/\/districos.standingout.be\/wp-content\/uploads\/2026\/04\/1091.02@Barbepil-Foliclear-125-ml_1-3.png","width":600,"height":600},{"@type":"BreadcrumbList","@id":"https:\/\/districos.standingout.be\/fr\/product\/barbepil-foliclear-125-ml-ref-1091-02\/#breadcrumb","itemListElement":[{"@type":"ListItem","position":1,"name":"Home","item":"https:\/\/districos.standingout.be\/fr\/bienvenue-chez-districos\/"},{"@type":"ListItem","position":2,"name":"Boutique","item":"https:\/\/districos.standingout.be\/fr\/boutique\/"},{"@type":"ListItem","position":3,"name":"Barbepil Foliclear 125 ml"}]},{"@type":"WebSite","@id":"https:\/\/districos.standingout.be\/fr\/#website","url":"https:\/\/districos.standingout.be\/fr\/","name":"Districos Webshop","description":"","publisher":{"@id":"https:\/\/districos.standingout.be\/fr\/#organization"},"potentialAction":[{"@type":"SearchAction","target":{"@type":"EntryPoint","urlTemplate":"https:\/\/districos.standingout.be\/fr\/?s={search_term_string}"},"query-input":{"@type":"PropertyValueSpecification","valueRequired":true,"valueName":"search_term_string"}}],"inLanguage":"fr-FR"},{"@type":"Organization","@id":"https:\/\/districos.standingout.be\/fr\/#organization","name":"Districos Webshop","url":"https:\/\/districos.standingout.be\/fr\/","logo":{"@type":"ImageObject","inLanguage":"fr-FR","@id":"https:\/\/districos.standingout.be\/fr\/#\/schema\/logo\/image\/","url":"https:\/\/districos.standingout.be\/wp-content\/uploads\/2022\/09\/Districos_Logo_Webshop.svg","contentUrl":"https:\/\/districos.standingout.be\/wp-content\/uploads\/2022\/09\/Districos_Logo_Webshop.svg","caption":"Districos Webshop"},"image":{"@id":"https:\/\/districos.standingout.be\/fr\/#\/schema\/logo\/image\/"}}]}},"_links":{"self":[{"href":"https:\/\/districos.standingout.be\/fr\/wp-json\/wp\/v2\/product\/133752","targetHints":{"allow":["GET"]}}],"collection":[{"href":"https:\/\/districos.standingout.be\/fr\/wp-json\/wp\/v2\/product"}],"about":[{"href":"https:\/\/districos.standingout.be\/fr\/wp-json\/wp\/v2\/types\/product"}],"replies":[{"embeddable":true,"href":"https:\/\/districos.standingout.be\/fr\/wp-json\/wp\/v2\/comments?post=133752"}],"wp:featuredmedia":[{"embeddable":true,"href":"https:\/\/districos.standingout.be\/fr\/wp-json\/wp\/v2\/media\/143322"}],"wp:attachment":[{"href":"https:\/\/districos.standingout.be\/fr\/wp-json\/wp\/v2\/media?parent=133752"}],"wp:term":[{"taxonomy":"product_brand","embeddable":true,"href":"https:\/\/districos.standingout.be\/fr\/wp-json\/wp\/v2\/product_brand?post=133752"},{"taxonomy":"product_cat","embeddable":true,"href":"https:\/\/districos.standingout.be\/fr\/wp-json\/wp\/v2\/product_cat?post=133752"},{"taxonomy":"product_tag","embeddable":true,"href":"https:\/\/districos.standingout.be\/fr\/wp-json\/wp\/v2\/product_tag?post=133752"}],"curies":[{"name":"wp","href":"https:\/\/api.w.org\/{rel}","templated":true}]}}