{"id":133754,"date":"2026-04-28T01:50:35","date_gmt":"2026-04-27T23:50:35","guid":{"rendered":"https:\/\/webshopdistricoscom.webhosting.be\/product\/barbepil-skin-protect-spf-15-125-ml-ref-1091-03-2\/"},"modified":"2026-04-28T01:50:37","modified_gmt":"2026-04-27T23:50:37","slug":"barbepil-skin-protect-spf-15-125-ml-ref-1091-03","status":"publish","type":"product","link":"https:\/\/districos.standingout.be\/fr\/product\/barbepil-skin-protect-spf-15-125-ml-ref-1091-03\/","title":{"rendered":"Barbepil Skin Protect SPF 15 125 ml"},"content":{"rendered":"<p >\n<\/p>\n<\/p>\n<p dir=\"ltr\"><font size=\"2\">Apr\u00e8s le rasage ou l\u2019\u00e9pilation, la peau est plus sensible. Elle sera \u00e9galement plus facilement irrit\u00e9e par les rayons du soleil, l\u2019eau de mer, le chlore&#8230; Il est donc tr\u00e8s important de bien la prot\u00e9ger et de la soigner pour qu\u2019elle puisse se r\u00e9tablir. Le Skin Protect Barbepil avec SPF 15 offre non seulement une bonne protection contre les rayons UV et contre l\u2019hyperpigmentation, mais offre \u00e9galement une bonne hydratation. La cr\u00e8me \u00e0 la texture l\u00e9g\u00e8re et au parfum masculin subtil a un effet rajeunissant et lutte, gr\u00e2ce \u00e0 la protection solaire, contre les signes du vieillissement (dess\u00e8chement, irritations et les ridules).<\/font><\/p>\n<p dir=\"ltr\"><font size=\"2\"><b>Substances actives<\/b><\/font><\/p>\n<ul>\n<li><font size=\"2\">Extrait de bourgeon de h\u00eatre : pour une peau revitalis\u00e9e, plus lisse et plus ferme. Stimule l\u2019oxyg\u00e9nation des cellules et augmente l\u2019\u00e9quilibre hydrique.<\/font><\/li>\n<li><font size=\"2\">Extrait de racine de petit houx : resserre les veines, augmentant ainsi la pression sanguine. Cela stimule la microcirculation et neutralise la sensation de br\u00fblure apr\u00e8s l\u2019\u00e9pilation ou le rasage.<\/font><\/li>\n<li><font size=\"2\">Extrait de grain d\u2019avoine : l\u2019avoine est un excellent hydratant aux propri\u00e9t\u00e9s adoucissantes et apaisantes.<\/font><\/li>\n<li><font size=\"2\">Extrait de fucus v\u00e9siculeux : cet ingr\u00e9dient actif poss\u00e8de d\u2019excellentes caract\u00e9ristiques hydratantes, pr\u00e9vient les irritations et est \u00e9galement un bon antioxydant.<\/font><\/li>\n<li><font size=\"2\">Protection solaire (SPF 15).<\/font><\/li>\n<\/ul>\n<p dir=\"ltr\"><font size=\"2\"><font face=\"Verdana\"><b>Mode d&#8217;emploi<\/b><\/font><\/font><\/p>\n<p dir=\"ltr\"><font size=\"2\"><\/font><\/p>\n<p dir=\"ltr\"><font size=\"2\"><\/font><\/p>\n<p dir=\"ltr\"><font size=\"2\"><\/font><\/p>\n<ul>\n<li><font size=\"2\"><font size=\"2\"><font size=\"2\"><font face=\"Verdana\">Appliquez apr\u00e8s le rasage ou l\u2019\u00e9pilation du bout des doigts ou \u00e0 l\u2019aide d\u2019un coton.<\/font><\/font><\/font><\/font><\/li>\n<li><font size=\"2\"><font size=\"2\"><font size=\"2\"><font face=\"Verdana\">Massez jusqu\u2019\u00e0 ce que la cr\u00e8me soit compl\u00e8tement absorb\u00e9e en \u00e9vitant le contour des yeux.<\/font><\/font><\/font><\/font><\/li>\n<\/ul><\/p>\n","protected":false},"excerpt":{"rendered":"<p>Apr\u00e8s le rasage ou l\u2019\u00e9pilation, la peau est plus sensible. Elle sera \u00e9galement plus facilement irrit\u00e9e par les rayons du soleil, l\u2019eau de mer, le chlore&#8230; Il est donc tr\u00e8s important de bien la prot\u00e9ger et de la soigner pour qu\u2019elle puisse se r\u00e9tablir. Le Skin Protect Barbepil avec SPF 15 offre non seulement une [&hellip;]<\/p>\n","protected":false},"featured_media":143325,"comment_status":"open","ping_status":"closed","template":"","meta":{"_acf_changed":false},"product_brand":[10388],"product_cat":[9922],"product_tag":[],"class_list":{"0":"post-133754","1":"product","2":"type-product","3":"status-publish","4":"has-post-thumbnail","6":"product_brand-depileve_barbepil-fr","7":"product_cat-beaute-epilation-soins-pre-post-epilation","9":"first","10":"instock","11":"taxable","12":"shipping-taxable","13":"product-type-simple"},"acf":[],"yoast_head":"<!-- This site is optimized with the Yoast SEO plugin v27.3 - https:\/\/yoast.com\/product\/yoast-seo-wordpress\/ -->\n<title>Barbepil Skin Protect SPF 15 125 ml - Districos Webshop<\/title>\n<meta name=\"robots\" content=\"noindex, follow, max-snippet:-1, max-image-preview:large, max-video-preview:-1\" \/>\n<meta property=\"og:locale\" content=\"fr_FR\" \/>\n<meta property=\"og:type\" content=\"article\" \/>\n<meta property=\"og:title\" content=\"Barbepil Skin Protect SPF 15 125 ml - Districos Webshop\" \/>\n<meta property=\"og:description\" content=\"Apr\u00e8s le rasage ou l\u2019\u00e9pilation, la peau est plus sensible. Elle sera \u00e9galement plus facilement irrit\u00e9e par les rayons du soleil, l\u2019eau de mer, le chlore&#8230; Il est donc tr\u00e8s important de bien la prot\u00e9ger et de la soigner pour qu\u2019elle puisse se r\u00e9tablir. Le Skin Protect Barbepil avec SPF 15 offre non seulement une [&hellip;]\" \/>\n<meta property=\"og:url\" content=\"https:\/\/districos.standingout.be\/fr\/product\/barbepil-skin-protect-spf-15-125-ml-ref-1091-03\/\" \/>\n<meta property=\"og:site_name\" content=\"Districos Webshop\" \/>\n<meta property=\"article:modified_time\" content=\"2026-04-27T23:50:37+00:00\" \/>\n<meta property=\"og:image\" content=\"https:\/\/districos.standingout.be\/wp-content\/uploads\/2026\/04\/1091.03@Barbepil-Skin-Protect-SPF15-125-ml_1-2.png\" \/>\n\t<meta property=\"og:image:width\" content=\"600\" \/>\n\t<meta property=\"og:image:height\" content=\"600\" \/>\n\t<meta property=\"og:image:type\" content=\"image\/png\" \/>\n<meta name=\"twitter:card\" content=\"summary_large_image\" \/>\n<meta name=\"twitter:label1\" content=\"Dur\u00e9e de lecture estim\u00e9e\" \/>\n\t<meta name=\"twitter:data1\" content=\"1 minute\" \/>\n<script type=\"application\/ld+json\" class=\"yoast-schema-graph\">{\"@context\":\"https:\\\/\\\/schema.org\",\"@graph\":[{\"@type\":\"WebPage\",\"@id\":\"https:\\\/\\\/districos.standingout.be\\\/fr\\\/product\\\/barbepil-skin-protect-spf-15-125-ml-ref-1091-03\\\/\",\"url\":\"https:\\\/\\\/districos.standingout.be\\\/fr\\\/product\\\/barbepil-skin-protect-spf-15-125-ml-ref-1091-03\\\/\",\"name\":\"Barbepil Skin Protect SPF 15 125 ml - Districos Webshop\",\"isPartOf\":{\"@id\":\"https:\\\/\\\/districos.standingout.be\\\/fr\\\/#website\"},\"primaryImageOfPage\":{\"@id\":\"https:\\\/\\\/districos.standingout.be\\\/fr\\\/product\\\/barbepil-skin-protect-spf-15-125-ml-ref-1091-03\\\/#primaryimage\"},\"image\":{\"@id\":\"https:\\\/\\\/districos.standingout.be\\\/fr\\\/product\\\/barbepil-skin-protect-spf-15-125-ml-ref-1091-03\\\/#primaryimage\"},\"thumbnailUrl\":\"https:\\\/\\\/districos.standingout.be\\\/wp-content\\\/uploads\\\/2026\\\/04\\\/1091.03@Barbepil-Skin-Protect-SPF15-125-ml_1-3.png\",\"datePublished\":\"2026-04-27T23:50:35+00:00\",\"dateModified\":\"2026-04-27T23:50:37+00:00\",\"breadcrumb\":{\"@id\":\"https:\\\/\\\/districos.standingout.be\\\/fr\\\/product\\\/barbepil-skin-protect-spf-15-125-ml-ref-1091-03\\\/#breadcrumb\"},\"inLanguage\":\"fr-FR\",\"potentialAction\":[{\"@type\":\"ReadAction\",\"target\":[\"https:\\\/\\\/districos.standingout.be\\\/fr\\\/product\\\/barbepil-skin-protect-spf-15-125-ml-ref-1091-03\\\/\"]}]},{\"@type\":\"ImageObject\",\"inLanguage\":\"fr-FR\",\"@id\":\"https:\\\/\\\/districos.standingout.be\\\/fr\\\/product\\\/barbepil-skin-protect-spf-15-125-ml-ref-1091-03\\\/#primaryimage\",\"url\":\"https:\\\/\\\/districos.standingout.be\\\/wp-content\\\/uploads\\\/2026\\\/04\\\/1091.03@Barbepil-Skin-Protect-SPF15-125-ml_1-3.png\",\"contentUrl\":\"https:\\\/\\\/districos.standingout.be\\\/wp-content\\\/uploads\\\/2026\\\/04\\\/1091.03@Barbepil-Skin-Protect-SPF15-125-ml_1-3.png\",\"width\":600,\"height\":600},{\"@type\":\"BreadcrumbList\",\"@id\":\"https:\\\/\\\/districos.standingout.be\\\/fr\\\/product\\\/barbepil-skin-protect-spf-15-125-ml-ref-1091-03\\\/#breadcrumb\",\"itemListElement\":[{\"@type\":\"ListItem\",\"position\":1,\"name\":\"Home\",\"item\":\"https:\\\/\\\/districos.standingout.be\\\/fr\\\/bienvenue-chez-districos\\\/\"},{\"@type\":\"ListItem\",\"position\":2,\"name\":\"Boutique\",\"item\":\"https:\\\/\\\/districos.standingout.be\\\/fr\\\/boutique\\\/\"},{\"@type\":\"ListItem\",\"position\":3,\"name\":\"Barbepil Skin Protect SPF 15 125 ml\"}]},{\"@type\":\"WebSite\",\"@id\":\"https:\\\/\\\/districos.standingout.be\\\/fr\\\/#website\",\"url\":\"https:\\\/\\\/districos.standingout.be\\\/fr\\\/\",\"name\":\"Districos Webshop\",\"description\":\"\",\"publisher\":{\"@id\":\"https:\\\/\\\/districos.standingout.be\\\/fr\\\/#organization\"},\"potentialAction\":[{\"@type\":\"SearchAction\",\"target\":{\"@type\":\"EntryPoint\",\"urlTemplate\":\"https:\\\/\\\/districos.standingout.be\\\/fr\\\/?s={search_term_string}\"},\"query-input\":{\"@type\":\"PropertyValueSpecification\",\"valueRequired\":true,\"valueName\":\"search_term_string\"}}],\"inLanguage\":\"fr-FR\"},{\"@type\":\"Organization\",\"@id\":\"https:\\\/\\\/districos.standingout.be\\\/fr\\\/#organization\",\"name\":\"Districos Webshop\",\"url\":\"https:\\\/\\\/districos.standingout.be\\\/fr\\\/\",\"logo\":{\"@type\":\"ImageObject\",\"inLanguage\":\"fr-FR\",\"@id\":\"https:\\\/\\\/districos.standingout.be\\\/fr\\\/#\\\/schema\\\/logo\\\/image\\\/\",\"url\":\"https:\\\/\\\/districos.standingout.be\\\/wp-content\\\/uploads\\\/2022\\\/09\\\/Districos_Logo_Webshop.svg\",\"contentUrl\":\"https:\\\/\\\/districos.standingout.be\\\/wp-content\\\/uploads\\\/2022\\\/09\\\/Districos_Logo_Webshop.svg\",\"caption\":\"Districos Webshop\"},\"image\":{\"@id\":\"https:\\\/\\\/districos.standingout.be\\\/fr\\\/#\\\/schema\\\/logo\\\/image\\\/\"}}]}<\/script>\n<!-- \/ Yoast SEO plugin. -->","yoast_head_json":{"title":"Barbepil Skin Protect SPF 15 125 ml - Districos Webshop","robots":{"index":"noindex","follow":"follow","max-snippet":"max-snippet:-1","max-image-preview":"max-image-preview:large","max-video-preview":"max-video-preview:-1"},"og_locale":"fr_FR","og_type":"article","og_title":"Barbepil Skin Protect SPF 15 125 ml - Districos Webshop","og_description":"Apr\u00e8s le rasage ou l\u2019\u00e9pilation, la peau est plus sensible. Elle sera \u00e9galement plus facilement irrit\u00e9e par les rayons du soleil, l\u2019eau de mer, le chlore&#8230; Il est donc tr\u00e8s important de bien la prot\u00e9ger et de la soigner pour qu\u2019elle puisse se r\u00e9tablir. Le Skin Protect Barbepil avec SPF 15 offre non seulement une [&hellip;]","og_url":"https:\/\/districos.standingout.be\/fr\/product\/barbepil-skin-protect-spf-15-125-ml-ref-1091-03\/","og_site_name":"Districos Webshop","article_modified_time":"2026-04-27T23:50:37+00:00","og_image":[{"width":600,"height":600,"url":"https:\/\/districos.standingout.be\/wp-content\/uploads\/2026\/04\/1091.03@Barbepil-Skin-Protect-SPF15-125-ml_1-2.png","type":"image\/png"}],"twitter_card":"summary_large_image","twitter_misc":{"Dur\u00e9e de lecture estim\u00e9e":"1 minute"},"schema":{"@context":"https:\/\/schema.org","@graph":[{"@type":"WebPage","@id":"https:\/\/districos.standingout.be\/fr\/product\/barbepil-skin-protect-spf-15-125-ml-ref-1091-03\/","url":"https:\/\/districos.standingout.be\/fr\/product\/barbepil-skin-protect-spf-15-125-ml-ref-1091-03\/","name":"Barbepil Skin Protect SPF 15 125 ml - Districos Webshop","isPartOf":{"@id":"https:\/\/districos.standingout.be\/fr\/#website"},"primaryImageOfPage":{"@id":"https:\/\/districos.standingout.be\/fr\/product\/barbepil-skin-protect-spf-15-125-ml-ref-1091-03\/#primaryimage"},"image":{"@id":"https:\/\/districos.standingout.be\/fr\/product\/barbepil-skin-protect-spf-15-125-ml-ref-1091-03\/#primaryimage"},"thumbnailUrl":"https:\/\/districos.standingout.be\/wp-content\/uploads\/2026\/04\/1091.03@Barbepil-Skin-Protect-SPF15-125-ml_1-3.png","datePublished":"2026-04-27T23:50:35+00:00","dateModified":"2026-04-27T23:50:37+00:00","breadcrumb":{"@id":"https:\/\/districos.standingout.be\/fr\/product\/barbepil-skin-protect-spf-15-125-ml-ref-1091-03\/#breadcrumb"},"inLanguage":"fr-FR","potentialAction":[{"@type":"ReadAction","target":["https:\/\/districos.standingout.be\/fr\/product\/barbepil-skin-protect-spf-15-125-ml-ref-1091-03\/"]}]},{"@type":"ImageObject","inLanguage":"fr-FR","@id":"https:\/\/districos.standingout.be\/fr\/product\/barbepil-skin-protect-spf-15-125-ml-ref-1091-03\/#primaryimage","url":"https:\/\/districos.standingout.be\/wp-content\/uploads\/2026\/04\/1091.03@Barbepil-Skin-Protect-SPF15-125-ml_1-3.png","contentUrl":"https:\/\/districos.standingout.be\/wp-content\/uploads\/2026\/04\/1091.03@Barbepil-Skin-Protect-SPF15-125-ml_1-3.png","width":600,"height":600},{"@type":"BreadcrumbList","@id":"https:\/\/districos.standingout.be\/fr\/product\/barbepil-skin-protect-spf-15-125-ml-ref-1091-03\/#breadcrumb","itemListElement":[{"@type":"ListItem","position":1,"name":"Home","item":"https:\/\/districos.standingout.be\/fr\/bienvenue-chez-districos\/"},{"@type":"ListItem","position":2,"name":"Boutique","item":"https:\/\/districos.standingout.be\/fr\/boutique\/"},{"@type":"ListItem","position":3,"name":"Barbepil Skin Protect SPF 15 125 ml"}]},{"@type":"WebSite","@id":"https:\/\/districos.standingout.be\/fr\/#website","url":"https:\/\/districos.standingout.be\/fr\/","name":"Districos Webshop","description":"","publisher":{"@id":"https:\/\/districos.standingout.be\/fr\/#organization"},"potentialAction":[{"@type":"SearchAction","target":{"@type":"EntryPoint","urlTemplate":"https:\/\/districos.standingout.be\/fr\/?s={search_term_string}"},"query-input":{"@type":"PropertyValueSpecification","valueRequired":true,"valueName":"search_term_string"}}],"inLanguage":"fr-FR"},{"@type":"Organization","@id":"https:\/\/districos.standingout.be\/fr\/#organization","name":"Districos Webshop","url":"https:\/\/districos.standingout.be\/fr\/","logo":{"@type":"ImageObject","inLanguage":"fr-FR","@id":"https:\/\/districos.standingout.be\/fr\/#\/schema\/logo\/image\/","url":"https:\/\/districos.standingout.be\/wp-content\/uploads\/2022\/09\/Districos_Logo_Webshop.svg","contentUrl":"https:\/\/districos.standingout.be\/wp-content\/uploads\/2022\/09\/Districos_Logo_Webshop.svg","caption":"Districos Webshop"},"image":{"@id":"https:\/\/districos.standingout.be\/fr\/#\/schema\/logo\/image\/"}}]}},"_links":{"self":[{"href":"https:\/\/districos.standingout.be\/fr\/wp-json\/wp\/v2\/product\/133754","targetHints":{"allow":["GET"]}}],"collection":[{"href":"https:\/\/districos.standingout.be\/fr\/wp-json\/wp\/v2\/product"}],"about":[{"href":"https:\/\/districos.standingout.be\/fr\/wp-json\/wp\/v2\/types\/product"}],"replies":[{"embeddable":true,"href":"https:\/\/districos.standingout.be\/fr\/wp-json\/wp\/v2\/comments?post=133754"}],"wp:featuredmedia":[{"embeddable":true,"href":"https:\/\/districos.standingout.be\/fr\/wp-json\/wp\/v2\/media\/143325"}],"wp:attachment":[{"href":"https:\/\/districos.standingout.be\/fr\/wp-json\/wp\/v2\/media?parent=133754"}],"wp:term":[{"taxonomy":"product_brand","embeddable":true,"href":"https:\/\/districos.standingout.be\/fr\/wp-json\/wp\/v2\/product_brand?post=133754"},{"taxonomy":"product_cat","embeddable":true,"href":"https:\/\/districos.standingout.be\/fr\/wp-json\/wp\/v2\/product_cat?post=133754"},{"taxonomy":"product_tag","embeddable":true,"href":"https:\/\/districos.standingout.be\/fr\/wp-json\/wp\/v2\/product_tag?post=133754"}],"curies":[{"name":"wp","href":"https:\/\/api.w.org\/{rel}","templated":true}]}}