{"id":133766,"date":"2026-04-28T01:50:51","date_gmt":"2026-04-27T23:50:51","guid":{"rendered":"https:\/\/webshopdistricoscom.webhosting.be\/product\/depileve-duo-foliprime-folifree-2-x-200-ml-ref-1103-02-2\/"},"modified":"2026-04-28T01:50:53","modified_gmt":"2026-04-27T23:50:53","slug":"depileve-duo-foliprime-folifree-2-x-200-ml-ref-1103-02","status":"publish","type":"product","link":"https:\/\/districos.standingout.be\/fr\/product\/depileve-duo-foliprime-folifree-2-x-200-ml-ref-1103-02\/","title":{"rendered":"Depil\u00e8ve Duo Foliprime + Folifree 2 x 200 ml"},"content":{"rendered":"<p >\n<\/p>\n<p><span lang=\"FR\">Folifree est le tout dernier traitement inhibant la croissance des poils de Depil\u00e8ve. Ce puissant traitement en 2 \u00e9tapes s&rsquo;applique sous forme de cure pour r\u00e9duire de fa\u00e7on permanente la croissance des poils jusqu&rsquo;\u00e0 85% (r\u00e9sultat apr\u00e8s 8 \u00e0 12 traitements), quelle que soit la couleur des poils, le teint de la peau, la pr\u00e9sence \u00e9ventuelle de tatouages et sans risque de l\u00e9sions cutan\u00e9es, de br\u00fblures ou de pigmentation suppl\u00e9mentaire. Formul\u00e9 avec des extraits de plantes tr\u00e8s puissants qui interf\u00e8rent avec la formation du poil dans la phase anag\u00e8ne. Le traitement doit commencer lorsque le follicule pileux est vide, c&rsquo;est-\u00e0-dire imm\u00e9diatement apr\u00e8s l&rsquo;\u00e9pilation \u00e0 la cire. Folifree inhibe l&rsquo;alimentation en \u00e9nergie des mitochondries des cellules souches du follicule pileux, qui sont alors stimul\u00e9es pour commencer \u00e0 former une nouvelle racine de poil. De cette mani\u00e8re, le follicule pileux est inactiv\u00e9 et la formation de nouveaux cheveux est emp\u00each\u00e9e.<o:p><\/o:p><\/span><\/p>\n<\/p>\n<ul>\n<li><span lang=\"FR\">L&rsquo;\u00e9tape 1, Foliprime, dilate le follicule pileux, ce qui permet au s\u00e9rum inhibiteur Folifree (\u00e9tape 2) de mieux p\u00e9n\u00e9trer dans le follicule pileux.<\/span><\/li>\n<li><span lang=\"FR\">L&rsquo;\u00e9tape 2, Folifree, p\u00e9n\u00e8tre dans le follicule pileux et y perturbe la formation de nouveaux poils et la croissance des poils dans la phase anag\u00e8ne.<\/span><\/li>\n<\/ul>\n<p><span lang=\"FR\"><b>Utilisation&nbsp;:<\/b><br \/>Appliquer Foliprime, \u00e9tape 1, sur la zone \u00e0 traiter imm\u00e9diatement apr\u00e8s l&rsquo;\u00e9pilation \u00e0 la cire et pendant les 10 jours suivants apr\u00e8s la douche et faire p\u00e9n\u00e9trer en massant. Attendre ensuite au moins 5 minutes (maximum 20 minutes) pour appliquer l&rsquo;\u00e9tape 2 FoliFree. N&rsquo;appliquez ensuite que le lait corporel, la cr\u00e8me de jour, le d\u00e9odorant, &#8230; seulement apr\u00e8s. La peau et les follicules pileux doivent \u00eatre propres et accessibles aux produits.<o:p><\/o:p><\/span><\/p>\n<p><span lang=\"FR\"><b>Conditionnement :<\/b>&nbsp;2 x 200 ml.<br \/><b>ATTENTION&nbsp;:<\/b><br \/>Foliprime contient de l&rsquo;huile de gingembre qui ouvre le follicule pileux. Cela provoque une sensation de chaleur et de picotement sur la peau qui vient d&rsquo;\u00eatre \u00e9pil\u00e9e. Cette sensation est tout \u00e0 fait normale, mais peut \u00eatre ressentie comme moins agr\u00e9able. Cette sensation dispara\u00eet au bout de 15 \u00e0 30 minutes.<br \/>Folifree contient de puissants extraits naturels qui inhibent la croissance des poils. Il en r\u00e9sulte une lueur chaude sur la peau qui vient d&rsquo;\u00eatre \u00e9pil\u00e9e. Ce ph\u00e9nom\u00e8ne est tout \u00e0 fait normal mais peut \u00eatre ressenti comme moins agr\u00e9able lors des chaudes journ\u00e9es d&rsquo;\u00e9t\u00e9. Cette sensation dispara\u00eet apr\u00e8s environ 1 \u00e0 2 heures.<o:p><\/o:p><\/span><\/p>\n<p><span lang=\"FR\"><b>Egalement disponible :<\/b><o:p><\/o:p><\/span><\/p>\n<\/p>\n<ul>\n<li><span lang=\"FR\">en format plus petit de deux fois 50 ml (<a href=\"https:\/\/webshop.districos.com\/ProductDetail\/1103\" target=\"_blank\" rel=\"noopener noreferrer nofollow\">r\u00e9f. 1103<\/a>)<\/span><\/li>\n<\/ul>\n","protected":false},"excerpt":{"rendered":"<p>Folifree est le tout dernier traitement inhibant la croissance des poils de Depil\u00e8ve. Ce puissant traitement en 2 \u00e9tapes s&rsquo;applique sous forme de cure pour r\u00e9duire de fa\u00e7on permanente la croissance des poils jusqu&rsquo;\u00e0 85% (r\u00e9sultat apr\u00e8s 8 \u00e0 12 traitements), quelle que soit la couleur des poils, le teint de la peau, la pr\u00e9sence [&hellip;]<\/p>\n","protected":false},"featured_media":143334,"comment_status":"open","ping_status":"closed","template":"","meta":{"_acf_changed":false},"product_brand":[10376],"product_cat":[9922],"product_tag":[],"class_list":{"0":"post-133766","1":"product","2":"type-product","3":"status-publish","4":"has-post-thumbnail","6":"product_brand-depileve-fr","7":"product_cat-beaute-epilation-soins-pre-post-epilation","9":"first","10":"instock","11":"taxable","12":"shipping-taxable","13":"product-type-simple"},"acf":[],"yoast_head":"<!-- This site is optimized with the Yoast SEO plugin v27.3 - https:\/\/yoast.com\/product\/yoast-seo-wordpress\/ -->\n<title>Depil\u00e8ve Duo Foliprime + Folifree 2 x 200 ml - Districos Webshop<\/title>\n<meta name=\"robots\" content=\"noindex, follow, max-snippet:-1, max-image-preview:large, max-video-preview:-1\" \/>\n<meta property=\"og:locale\" content=\"fr_FR\" \/>\n<meta property=\"og:type\" content=\"article\" \/>\n<meta property=\"og:title\" content=\"Depil\u00e8ve Duo Foliprime + Folifree 2 x 200 ml - Districos Webshop\" \/>\n<meta property=\"og:description\" content=\"Folifree est le tout dernier traitement inhibant la croissance des poils de Depil\u00e8ve. Ce puissant traitement en 2 \u00e9tapes s&rsquo;applique sous forme de cure pour r\u00e9duire de fa\u00e7on permanente la croissance des poils jusqu&rsquo;\u00e0 85% (r\u00e9sultat apr\u00e8s 8 \u00e0 12 traitements), quelle que soit la couleur des poils, le teint de la peau, la pr\u00e9sence [&hellip;]\" \/>\n<meta property=\"og:url\" content=\"https:\/\/districos.standingout.be\/fr\/product\/depileve-duo-foliprime-folifree-2-x-200-ml-ref-1103-02\/\" \/>\n<meta property=\"og:site_name\" content=\"Districos Webshop\" \/>\n<meta property=\"article:modified_time\" content=\"2026-04-27T23:50:53+00:00\" \/>\n<meta property=\"og:image\" content=\"https:\/\/districos.standingout.be\/wp-content\/uploads\/2026\/04\/1103.02@Depileve-Duo-Foliprime-Folifree-2-x-200-ml_1-2.png\" \/>\n\t<meta property=\"og:image:width\" content=\"600\" \/>\n\t<meta property=\"og:image:height\" content=\"600\" \/>\n\t<meta property=\"og:image:type\" content=\"image\/png\" \/>\n<meta name=\"twitter:card\" content=\"summary_large_image\" \/>\n<meta name=\"twitter:label1\" content=\"Dur\u00e9e de lecture estim\u00e9e\" \/>\n\t<meta name=\"twitter:data1\" content=\"2 minutes\" \/>\n<script type=\"application\/ld+json\" class=\"yoast-schema-graph\">{\"@context\":\"https:\\\/\\\/schema.org\",\"@graph\":[{\"@type\":\"WebPage\",\"@id\":\"https:\\\/\\\/districos.standingout.be\\\/fr\\\/product\\\/depileve-duo-foliprime-folifree-2-x-200-ml-ref-1103-02\\\/\",\"url\":\"https:\\\/\\\/districos.standingout.be\\\/fr\\\/product\\\/depileve-duo-foliprime-folifree-2-x-200-ml-ref-1103-02\\\/\",\"name\":\"Depil\u00e8ve Duo Foliprime + Folifree 2 x 200 ml - Districos Webshop\",\"isPartOf\":{\"@id\":\"https:\\\/\\\/districos.standingout.be\\\/fr\\\/#website\"},\"primaryImageOfPage\":{\"@id\":\"https:\\\/\\\/districos.standingout.be\\\/fr\\\/product\\\/depileve-duo-foliprime-folifree-2-x-200-ml-ref-1103-02\\\/#primaryimage\"},\"image\":{\"@id\":\"https:\\\/\\\/districos.standingout.be\\\/fr\\\/product\\\/depileve-duo-foliprime-folifree-2-x-200-ml-ref-1103-02\\\/#primaryimage\"},\"thumbnailUrl\":\"https:\\\/\\\/districos.standingout.be\\\/wp-content\\\/uploads\\\/2026\\\/04\\\/1103.02@Depileve-Duo-Foliprime-Folifree-2-x-200-ml_1-3.png\",\"datePublished\":\"2026-04-27T23:50:51+00:00\",\"dateModified\":\"2026-04-27T23:50:53+00:00\",\"breadcrumb\":{\"@id\":\"https:\\\/\\\/districos.standingout.be\\\/fr\\\/product\\\/depileve-duo-foliprime-folifree-2-x-200-ml-ref-1103-02\\\/#breadcrumb\"},\"inLanguage\":\"fr-FR\",\"potentialAction\":[{\"@type\":\"ReadAction\",\"target\":[\"https:\\\/\\\/districos.standingout.be\\\/fr\\\/product\\\/depileve-duo-foliprime-folifree-2-x-200-ml-ref-1103-02\\\/\"]}]},{\"@type\":\"ImageObject\",\"inLanguage\":\"fr-FR\",\"@id\":\"https:\\\/\\\/districos.standingout.be\\\/fr\\\/product\\\/depileve-duo-foliprime-folifree-2-x-200-ml-ref-1103-02\\\/#primaryimage\",\"url\":\"https:\\\/\\\/districos.standingout.be\\\/wp-content\\\/uploads\\\/2026\\\/04\\\/1103.02@Depileve-Duo-Foliprime-Folifree-2-x-200-ml_1-3.png\",\"contentUrl\":\"https:\\\/\\\/districos.standingout.be\\\/wp-content\\\/uploads\\\/2026\\\/04\\\/1103.02@Depileve-Duo-Foliprime-Folifree-2-x-200-ml_1-3.png\",\"width\":600,\"height\":600},{\"@type\":\"BreadcrumbList\",\"@id\":\"https:\\\/\\\/districos.standingout.be\\\/fr\\\/product\\\/depileve-duo-foliprime-folifree-2-x-200-ml-ref-1103-02\\\/#breadcrumb\",\"itemListElement\":[{\"@type\":\"ListItem\",\"position\":1,\"name\":\"Home\",\"item\":\"https:\\\/\\\/districos.standingout.be\\\/fr\\\/bienvenue-chez-districos\\\/\"},{\"@type\":\"ListItem\",\"position\":2,\"name\":\"Boutique\",\"item\":\"https:\\\/\\\/districos.standingout.be\\\/fr\\\/boutique\\\/\"},{\"@type\":\"ListItem\",\"position\":3,\"name\":\"Depil\u00e8ve Duo Foliprime + Folifree 2 x 200 ml\"}]},{\"@type\":\"WebSite\",\"@id\":\"https:\\\/\\\/districos.standingout.be\\\/fr\\\/#website\",\"url\":\"https:\\\/\\\/districos.standingout.be\\\/fr\\\/\",\"name\":\"Districos Webshop\",\"description\":\"\",\"publisher\":{\"@id\":\"https:\\\/\\\/districos.standingout.be\\\/fr\\\/#organization\"},\"potentialAction\":[{\"@type\":\"SearchAction\",\"target\":{\"@type\":\"EntryPoint\",\"urlTemplate\":\"https:\\\/\\\/districos.standingout.be\\\/fr\\\/?s={search_term_string}\"},\"query-input\":{\"@type\":\"PropertyValueSpecification\",\"valueRequired\":true,\"valueName\":\"search_term_string\"}}],\"inLanguage\":\"fr-FR\"},{\"@type\":\"Organization\",\"@id\":\"https:\\\/\\\/districos.standingout.be\\\/fr\\\/#organization\",\"name\":\"Districos Webshop\",\"url\":\"https:\\\/\\\/districos.standingout.be\\\/fr\\\/\",\"logo\":{\"@type\":\"ImageObject\",\"inLanguage\":\"fr-FR\",\"@id\":\"https:\\\/\\\/districos.standingout.be\\\/fr\\\/#\\\/schema\\\/logo\\\/image\\\/\",\"url\":\"https:\\\/\\\/districos.standingout.be\\\/wp-content\\\/uploads\\\/2022\\\/09\\\/Districos_Logo_Webshop.svg\",\"contentUrl\":\"https:\\\/\\\/districos.standingout.be\\\/wp-content\\\/uploads\\\/2022\\\/09\\\/Districos_Logo_Webshop.svg\",\"caption\":\"Districos Webshop\"},\"image\":{\"@id\":\"https:\\\/\\\/districos.standingout.be\\\/fr\\\/#\\\/schema\\\/logo\\\/image\\\/\"}}]}<\/script>\n<!-- \/ Yoast SEO plugin. -->","yoast_head_json":{"title":"Depil\u00e8ve Duo Foliprime + Folifree 2 x 200 ml - Districos Webshop","robots":{"index":"noindex","follow":"follow","max-snippet":"max-snippet:-1","max-image-preview":"max-image-preview:large","max-video-preview":"max-video-preview:-1"},"og_locale":"fr_FR","og_type":"article","og_title":"Depil\u00e8ve Duo Foliprime + Folifree 2 x 200 ml - Districos Webshop","og_description":"Folifree est le tout dernier traitement inhibant la croissance des poils de Depil\u00e8ve. Ce puissant traitement en 2 \u00e9tapes s&rsquo;applique sous forme de cure pour r\u00e9duire de fa\u00e7on permanente la croissance des poils jusqu&rsquo;\u00e0 85% (r\u00e9sultat apr\u00e8s 8 \u00e0 12 traitements), quelle que soit la couleur des poils, le teint de la peau, la pr\u00e9sence [&hellip;]","og_url":"https:\/\/districos.standingout.be\/fr\/product\/depileve-duo-foliprime-folifree-2-x-200-ml-ref-1103-02\/","og_site_name":"Districos Webshop","article_modified_time":"2026-04-27T23:50:53+00:00","og_image":[{"width":600,"height":600,"url":"https:\/\/districos.standingout.be\/wp-content\/uploads\/2026\/04\/1103.02@Depileve-Duo-Foliprime-Folifree-2-x-200-ml_1-2.png","type":"image\/png"}],"twitter_card":"summary_large_image","twitter_misc":{"Dur\u00e9e de lecture estim\u00e9e":"2 minutes"},"schema":{"@context":"https:\/\/schema.org","@graph":[{"@type":"WebPage","@id":"https:\/\/districos.standingout.be\/fr\/product\/depileve-duo-foliprime-folifree-2-x-200-ml-ref-1103-02\/","url":"https:\/\/districos.standingout.be\/fr\/product\/depileve-duo-foliprime-folifree-2-x-200-ml-ref-1103-02\/","name":"Depil\u00e8ve Duo Foliprime + Folifree 2 x 200 ml - Districos Webshop","isPartOf":{"@id":"https:\/\/districos.standingout.be\/fr\/#website"},"primaryImageOfPage":{"@id":"https:\/\/districos.standingout.be\/fr\/product\/depileve-duo-foliprime-folifree-2-x-200-ml-ref-1103-02\/#primaryimage"},"image":{"@id":"https:\/\/districos.standingout.be\/fr\/product\/depileve-duo-foliprime-folifree-2-x-200-ml-ref-1103-02\/#primaryimage"},"thumbnailUrl":"https:\/\/districos.standingout.be\/wp-content\/uploads\/2026\/04\/1103.02@Depileve-Duo-Foliprime-Folifree-2-x-200-ml_1-3.png","datePublished":"2026-04-27T23:50:51+00:00","dateModified":"2026-04-27T23:50:53+00:00","breadcrumb":{"@id":"https:\/\/districos.standingout.be\/fr\/product\/depileve-duo-foliprime-folifree-2-x-200-ml-ref-1103-02\/#breadcrumb"},"inLanguage":"fr-FR","potentialAction":[{"@type":"ReadAction","target":["https:\/\/districos.standingout.be\/fr\/product\/depileve-duo-foliprime-folifree-2-x-200-ml-ref-1103-02\/"]}]},{"@type":"ImageObject","inLanguage":"fr-FR","@id":"https:\/\/districos.standingout.be\/fr\/product\/depileve-duo-foliprime-folifree-2-x-200-ml-ref-1103-02\/#primaryimage","url":"https:\/\/districos.standingout.be\/wp-content\/uploads\/2026\/04\/1103.02@Depileve-Duo-Foliprime-Folifree-2-x-200-ml_1-3.png","contentUrl":"https:\/\/districos.standingout.be\/wp-content\/uploads\/2026\/04\/1103.02@Depileve-Duo-Foliprime-Folifree-2-x-200-ml_1-3.png","width":600,"height":600},{"@type":"BreadcrumbList","@id":"https:\/\/districos.standingout.be\/fr\/product\/depileve-duo-foliprime-folifree-2-x-200-ml-ref-1103-02\/#breadcrumb","itemListElement":[{"@type":"ListItem","position":1,"name":"Home","item":"https:\/\/districos.standingout.be\/fr\/bienvenue-chez-districos\/"},{"@type":"ListItem","position":2,"name":"Boutique","item":"https:\/\/districos.standingout.be\/fr\/boutique\/"},{"@type":"ListItem","position":3,"name":"Depil\u00e8ve Duo Foliprime + Folifree 2 x 200 ml"}]},{"@type":"WebSite","@id":"https:\/\/districos.standingout.be\/fr\/#website","url":"https:\/\/districos.standingout.be\/fr\/","name":"Districos Webshop","description":"","publisher":{"@id":"https:\/\/districos.standingout.be\/fr\/#organization"},"potentialAction":[{"@type":"SearchAction","target":{"@type":"EntryPoint","urlTemplate":"https:\/\/districos.standingout.be\/fr\/?s={search_term_string}"},"query-input":{"@type":"PropertyValueSpecification","valueRequired":true,"valueName":"search_term_string"}}],"inLanguage":"fr-FR"},{"@type":"Organization","@id":"https:\/\/districos.standingout.be\/fr\/#organization","name":"Districos Webshop","url":"https:\/\/districos.standingout.be\/fr\/","logo":{"@type":"ImageObject","inLanguage":"fr-FR","@id":"https:\/\/districos.standingout.be\/fr\/#\/schema\/logo\/image\/","url":"https:\/\/districos.standingout.be\/wp-content\/uploads\/2022\/09\/Districos_Logo_Webshop.svg","contentUrl":"https:\/\/districos.standingout.be\/wp-content\/uploads\/2022\/09\/Districos_Logo_Webshop.svg","caption":"Districos Webshop"},"image":{"@id":"https:\/\/districos.standingout.be\/fr\/#\/schema\/logo\/image\/"}}]}},"_links":{"self":[{"href":"https:\/\/districos.standingout.be\/fr\/wp-json\/wp\/v2\/product\/133766","targetHints":{"allow":["GET"]}}],"collection":[{"href":"https:\/\/districos.standingout.be\/fr\/wp-json\/wp\/v2\/product"}],"about":[{"href":"https:\/\/districos.standingout.be\/fr\/wp-json\/wp\/v2\/types\/product"}],"replies":[{"embeddable":true,"href":"https:\/\/districos.standingout.be\/fr\/wp-json\/wp\/v2\/comments?post=133766"}],"wp:featuredmedia":[{"embeddable":true,"href":"https:\/\/districos.standingout.be\/fr\/wp-json\/wp\/v2\/media\/143334"}],"wp:attachment":[{"href":"https:\/\/districos.standingout.be\/fr\/wp-json\/wp\/v2\/media?parent=133766"}],"wp:term":[{"taxonomy":"product_brand","embeddable":true,"href":"https:\/\/districos.standingout.be\/fr\/wp-json\/wp\/v2\/product_brand?post=133766"},{"taxonomy":"product_cat","embeddable":true,"href":"https:\/\/districos.standingout.be\/fr\/wp-json\/wp\/v2\/product_cat?post=133766"},{"taxonomy":"product_tag","embeddable":true,"href":"https:\/\/districos.standingout.be\/fr\/wp-json\/wp\/v2\/product_tag?post=133766"}],"curies":[{"name":"wp","href":"https:\/\/api.w.org\/{rel}","templated":true}]}}