{"id":133776,"date":"2026-04-28T01:51:27","date_gmt":"2026-04-27T23:51:27","guid":{"rendered":"https:\/\/webshopdistricoscom.webhosting.be\/product\/zenna-bandes-visage-125x3-cm-100-pcs-ref-1153-01\/"},"modified":"2026-04-28T01:51:27","modified_gmt":"2026-04-27T23:51:27","slug":"zenna-bandes-visage-125x3-cm-100-pcs-ref-1153-01","status":"publish","type":"product","link":"https:\/\/districos.standingout.be\/fr\/product\/zenna-bandes-visage-125x3-cm-100-pcs-ref-1153-01\/","title":{"rendered":"Zenna Bandes Visage 12,5&#215;3 cm 100 pcs."},"content":{"rendered":"<p >\n<p dir=\"ltr\">100 bandes d&rsquo;\u00e9pilation pr\u00e9d\u00e9coup\u00e9es pour le visage.<\/p>\n<ul>\n<li>Avec une meileure traction pour une \u00e9pilation rapide et efficace.<\/li>\n<li>Pour ceux qui aiment une qualit\u00e9 solide \u00e0 un prix int\u00e9ressant.<\/li>\n<li>Qualit\u00e9 sup\u00e9rieure 70 g.<\/li>\n<li>Dimensions : 12,5 x 3 cm.<\/li>\n<\/ul>\n","protected":false},"excerpt":{"rendered":"<p>100 bandes d&rsquo;\u00e9pilation pr\u00e9d\u00e9coup\u00e9es pour le visage. Avec une meileure traction pour une \u00e9pilation rapide et efficace. Pour ceux qui aiment une qualit\u00e9 solide \u00e0 un prix int\u00e9ressant. Qualit\u00e9 sup\u00e9rieure 70 g. Dimensions : 12,5 x 3 cm.<\/p>\n","protected":false},"featured_media":70091,"comment_status":"open","ping_status":"closed","template":"","meta":{"_acf_changed":false},"product_brand":[10612],"product_cat":[9912],"product_tag":[],"class_list":{"0":"post-133776","1":"product","2":"type-product","3":"status-publish","4":"has-post-thumbnail","6":"product_brand-zenna-fr","7":"product_cat-beaute-epilation-cire-jetable","9":"first","10":"instock","11":"taxable","12":"shipping-taxable","13":"product-type-simple"},"acf":[],"yoast_head":"<!-- This site is optimized with the Yoast SEO plugin v27.3 - https:\/\/yoast.com\/product\/yoast-seo-wordpress\/ -->\n<title>Zenna Bandes Visage 12,5x3 cm 100 pcs. - Districos Webshop<\/title>\n<meta name=\"robots\" content=\"noindex, follow, max-snippet:-1, max-image-preview:large, max-video-preview:-1\" \/>\n<meta property=\"og:locale\" content=\"fr_FR\" \/>\n<meta property=\"og:type\" content=\"article\" \/>\n<meta property=\"og:title\" content=\"Zenna Bandes Visage 12,5x3 cm 100 pcs. - Districos Webshop\" \/>\n<meta property=\"og:description\" content=\"100 bandes d&rsquo;\u00e9pilation pr\u00e9d\u00e9coup\u00e9es pour le visage. Avec une meileure traction pour une \u00e9pilation rapide et efficace. Pour ceux qui aiment une qualit\u00e9 solide \u00e0 un prix int\u00e9ressant. Qualit\u00e9 sup\u00e9rieure 70 g. Dimensions : 12,5 x 3 cm.\" \/>\n<meta property=\"og:url\" content=\"https:\/\/districos.standingout.be\/fr\/product\/zenna-bandes-visage-125x3-cm-100-pcs-ref-1153-01\/\" \/>\n<meta property=\"og:site_name\" content=\"Districos Webshop\" \/>\n<meta property=\"og:image\" content=\"https:\/\/districos.standingout.be\/wp-content\/uploads\/2025\/07\/1153.01@LowRes_1_0.png\" \/>\n\t<meta property=\"og:image:width\" content=\"600\" \/>\n\t<meta property=\"og:image:height\" content=\"600\" \/>\n\t<meta property=\"og:image:type\" content=\"image\/png\" \/>\n<meta name=\"twitter:card\" content=\"summary_large_image\" \/>\n<script type=\"application\/ld+json\" class=\"yoast-schema-graph\">{\"@context\":\"https:\\\/\\\/schema.org\",\"@graph\":[{\"@type\":\"WebPage\",\"@id\":\"https:\\\/\\\/districos.standingout.be\\\/fr\\\/product\\\/zenna-bandes-visage-125x3-cm-100-pcs-ref-1153-01\\\/\",\"url\":\"https:\\\/\\\/districos.standingout.be\\\/fr\\\/product\\\/zenna-bandes-visage-125x3-cm-100-pcs-ref-1153-01\\\/\",\"name\":\"Zenna Bandes Visage 12,5x3 cm 100 pcs. - Districos Webshop\",\"isPartOf\":{\"@id\":\"https:\\\/\\\/districos.standingout.be\\\/fr\\\/#website\"},\"primaryImageOfPage\":{\"@id\":\"https:\\\/\\\/districos.standingout.be\\\/fr\\\/product\\\/zenna-bandes-visage-125x3-cm-100-pcs-ref-1153-01\\\/#primaryimage\"},\"image\":{\"@id\":\"https:\\\/\\\/districos.standingout.be\\\/fr\\\/product\\\/zenna-bandes-visage-125x3-cm-100-pcs-ref-1153-01\\\/#primaryimage\"},\"thumbnailUrl\":\"https:\\\/\\\/districos.standingout.be\\\/wp-content\\\/uploads\\\/2025\\\/07\\\/1153.01@LowRes_1_0.png\",\"datePublished\":\"2026-04-27T23:51:27+00:00\",\"breadcrumb\":{\"@id\":\"https:\\\/\\\/districos.standingout.be\\\/fr\\\/product\\\/zenna-bandes-visage-125x3-cm-100-pcs-ref-1153-01\\\/#breadcrumb\"},\"inLanguage\":\"fr-FR\",\"potentialAction\":[{\"@type\":\"ReadAction\",\"target\":[\"https:\\\/\\\/districos.standingout.be\\\/fr\\\/product\\\/zenna-bandes-visage-125x3-cm-100-pcs-ref-1153-01\\\/\"]}]},{\"@type\":\"ImageObject\",\"inLanguage\":\"fr-FR\",\"@id\":\"https:\\\/\\\/districos.standingout.be\\\/fr\\\/product\\\/zenna-bandes-visage-125x3-cm-100-pcs-ref-1153-01\\\/#primaryimage\",\"url\":\"https:\\\/\\\/districos.standingout.be\\\/wp-content\\\/uploads\\\/2025\\\/07\\\/1153.01@LowRes_1_0.png\",\"contentUrl\":\"https:\\\/\\\/districos.standingout.be\\\/wp-content\\\/uploads\\\/2025\\\/07\\\/1153.01@LowRes_1_0.png\",\"width\":600,\"height\":600},{\"@type\":\"BreadcrumbList\",\"@id\":\"https:\\\/\\\/districos.standingout.be\\\/fr\\\/product\\\/zenna-bandes-visage-125x3-cm-100-pcs-ref-1153-01\\\/#breadcrumb\",\"itemListElement\":[{\"@type\":\"ListItem\",\"position\":1,\"name\":\"Home\",\"item\":\"https:\\\/\\\/districos.standingout.be\\\/fr\\\/bienvenue-chez-districos\\\/\"},{\"@type\":\"ListItem\",\"position\":2,\"name\":\"Boutique\",\"item\":\"https:\\\/\\\/districos.standingout.be\\\/fr\\\/boutique\\\/\"},{\"@type\":\"ListItem\",\"position\":3,\"name\":\"Zenna Bandes Visage 12,5&#215;3 cm 100 pcs.\"}]},{\"@type\":\"WebSite\",\"@id\":\"https:\\\/\\\/districos.standingout.be\\\/fr\\\/#website\",\"url\":\"https:\\\/\\\/districos.standingout.be\\\/fr\\\/\",\"name\":\"Districos Webshop\",\"description\":\"\",\"publisher\":{\"@id\":\"https:\\\/\\\/districos.standingout.be\\\/fr\\\/#organization\"},\"potentialAction\":[{\"@type\":\"SearchAction\",\"target\":{\"@type\":\"EntryPoint\",\"urlTemplate\":\"https:\\\/\\\/districos.standingout.be\\\/fr\\\/?s={search_term_string}\"},\"query-input\":{\"@type\":\"PropertyValueSpecification\",\"valueRequired\":true,\"valueName\":\"search_term_string\"}}],\"inLanguage\":\"fr-FR\"},{\"@type\":\"Organization\",\"@id\":\"https:\\\/\\\/districos.standingout.be\\\/fr\\\/#organization\",\"name\":\"Districos Webshop\",\"url\":\"https:\\\/\\\/districos.standingout.be\\\/fr\\\/\",\"logo\":{\"@type\":\"ImageObject\",\"inLanguage\":\"fr-FR\",\"@id\":\"https:\\\/\\\/districos.standingout.be\\\/fr\\\/#\\\/schema\\\/logo\\\/image\\\/\",\"url\":\"https:\\\/\\\/districos.standingout.be\\\/wp-content\\\/uploads\\\/2022\\\/09\\\/Districos_Logo_Webshop.svg\",\"contentUrl\":\"https:\\\/\\\/districos.standingout.be\\\/wp-content\\\/uploads\\\/2022\\\/09\\\/Districos_Logo_Webshop.svg\",\"caption\":\"Districos Webshop\"},\"image\":{\"@id\":\"https:\\\/\\\/districos.standingout.be\\\/fr\\\/#\\\/schema\\\/logo\\\/image\\\/\"}}]}<\/script>\n<!-- \/ Yoast SEO plugin. -->","yoast_head_json":{"title":"Zenna Bandes Visage 12,5x3 cm 100 pcs. - Districos Webshop","robots":{"index":"noindex","follow":"follow","max-snippet":"max-snippet:-1","max-image-preview":"max-image-preview:large","max-video-preview":"max-video-preview:-1"},"og_locale":"fr_FR","og_type":"article","og_title":"Zenna Bandes Visage 12,5x3 cm 100 pcs. - Districos Webshop","og_description":"100 bandes d&rsquo;\u00e9pilation pr\u00e9d\u00e9coup\u00e9es pour le visage. Avec une meileure traction pour une \u00e9pilation rapide et efficace. Pour ceux qui aiment une qualit\u00e9 solide \u00e0 un prix int\u00e9ressant. Qualit\u00e9 sup\u00e9rieure 70 g. Dimensions : 12,5 x 3 cm.","og_url":"https:\/\/districos.standingout.be\/fr\/product\/zenna-bandes-visage-125x3-cm-100-pcs-ref-1153-01\/","og_site_name":"Districos Webshop","og_image":[{"width":600,"height":600,"url":"https:\/\/districos.standingout.be\/wp-content\/uploads\/2025\/07\/1153.01@LowRes_1_0.png","type":"image\/png"}],"twitter_card":"summary_large_image","schema":{"@context":"https:\/\/schema.org","@graph":[{"@type":"WebPage","@id":"https:\/\/districos.standingout.be\/fr\/product\/zenna-bandes-visage-125x3-cm-100-pcs-ref-1153-01\/","url":"https:\/\/districos.standingout.be\/fr\/product\/zenna-bandes-visage-125x3-cm-100-pcs-ref-1153-01\/","name":"Zenna Bandes Visage 12,5x3 cm 100 pcs. - Districos Webshop","isPartOf":{"@id":"https:\/\/districos.standingout.be\/fr\/#website"},"primaryImageOfPage":{"@id":"https:\/\/districos.standingout.be\/fr\/product\/zenna-bandes-visage-125x3-cm-100-pcs-ref-1153-01\/#primaryimage"},"image":{"@id":"https:\/\/districos.standingout.be\/fr\/product\/zenna-bandes-visage-125x3-cm-100-pcs-ref-1153-01\/#primaryimage"},"thumbnailUrl":"https:\/\/districos.standingout.be\/wp-content\/uploads\/2025\/07\/1153.01@LowRes_1_0.png","datePublished":"2026-04-27T23:51:27+00:00","breadcrumb":{"@id":"https:\/\/districos.standingout.be\/fr\/product\/zenna-bandes-visage-125x3-cm-100-pcs-ref-1153-01\/#breadcrumb"},"inLanguage":"fr-FR","potentialAction":[{"@type":"ReadAction","target":["https:\/\/districos.standingout.be\/fr\/product\/zenna-bandes-visage-125x3-cm-100-pcs-ref-1153-01\/"]}]},{"@type":"ImageObject","inLanguage":"fr-FR","@id":"https:\/\/districos.standingout.be\/fr\/product\/zenna-bandes-visage-125x3-cm-100-pcs-ref-1153-01\/#primaryimage","url":"https:\/\/districos.standingout.be\/wp-content\/uploads\/2025\/07\/1153.01@LowRes_1_0.png","contentUrl":"https:\/\/districos.standingout.be\/wp-content\/uploads\/2025\/07\/1153.01@LowRes_1_0.png","width":600,"height":600},{"@type":"BreadcrumbList","@id":"https:\/\/districos.standingout.be\/fr\/product\/zenna-bandes-visage-125x3-cm-100-pcs-ref-1153-01\/#breadcrumb","itemListElement":[{"@type":"ListItem","position":1,"name":"Home","item":"https:\/\/districos.standingout.be\/fr\/bienvenue-chez-districos\/"},{"@type":"ListItem","position":2,"name":"Boutique","item":"https:\/\/districos.standingout.be\/fr\/boutique\/"},{"@type":"ListItem","position":3,"name":"Zenna Bandes Visage 12,5&#215;3 cm 100 pcs."}]},{"@type":"WebSite","@id":"https:\/\/districos.standingout.be\/fr\/#website","url":"https:\/\/districos.standingout.be\/fr\/","name":"Districos Webshop","description":"","publisher":{"@id":"https:\/\/districos.standingout.be\/fr\/#organization"},"potentialAction":[{"@type":"SearchAction","target":{"@type":"EntryPoint","urlTemplate":"https:\/\/districos.standingout.be\/fr\/?s={search_term_string}"},"query-input":{"@type":"PropertyValueSpecification","valueRequired":true,"valueName":"search_term_string"}}],"inLanguage":"fr-FR"},{"@type":"Organization","@id":"https:\/\/districos.standingout.be\/fr\/#organization","name":"Districos Webshop","url":"https:\/\/districos.standingout.be\/fr\/","logo":{"@type":"ImageObject","inLanguage":"fr-FR","@id":"https:\/\/districos.standingout.be\/fr\/#\/schema\/logo\/image\/","url":"https:\/\/districos.standingout.be\/wp-content\/uploads\/2022\/09\/Districos_Logo_Webshop.svg","contentUrl":"https:\/\/districos.standingout.be\/wp-content\/uploads\/2022\/09\/Districos_Logo_Webshop.svg","caption":"Districos Webshop"},"image":{"@id":"https:\/\/districos.standingout.be\/fr\/#\/schema\/logo\/image\/"}}]}},"_links":{"self":[{"href":"https:\/\/districos.standingout.be\/fr\/wp-json\/wp\/v2\/product\/133776","targetHints":{"allow":["GET"]}}],"collection":[{"href":"https:\/\/districos.standingout.be\/fr\/wp-json\/wp\/v2\/product"}],"about":[{"href":"https:\/\/districos.standingout.be\/fr\/wp-json\/wp\/v2\/types\/product"}],"replies":[{"embeddable":true,"href":"https:\/\/districos.standingout.be\/fr\/wp-json\/wp\/v2\/comments?post=133776"}],"wp:featuredmedia":[{"embeddable":true,"href":"https:\/\/districos.standingout.be\/fr\/wp-json\/wp\/v2\/media\/70091"}],"wp:attachment":[{"href":"https:\/\/districos.standingout.be\/fr\/wp-json\/wp\/v2\/media?parent=133776"}],"wp:term":[{"taxonomy":"product_brand","embeddable":true,"href":"https:\/\/districos.standingout.be\/fr\/wp-json\/wp\/v2\/product_brand?post=133776"},{"taxonomy":"product_cat","embeddable":true,"href":"https:\/\/districos.standingout.be\/fr\/wp-json\/wp\/v2\/product_cat?post=133776"},{"taxonomy":"product_tag","embeddable":true,"href":"https:\/\/districos.standingout.be\/fr\/wp-json\/wp\/v2\/product_tag?post=133776"}],"curies":[{"name":"wp","href":"https:\/\/api.w.org\/{rel}","templated":true}]}}