{"id":133792,"date":"2026-04-28T01:51:35","date_gmt":"2026-04-27T23:51:35","guid":{"rendered":"https:\/\/webshopdistricoscom.webhosting.be\/product\/depileve-batonnets-visage-precision-100-pcs-ref-1162-01\/"},"modified":"2026-04-28T01:51:36","modified_gmt":"2026-04-27T23:51:36","slug":"depileve-batonnets-visage-precision-100-pcs-ref-1162-01","status":"publish","type":"product","link":"https:\/\/districos.standingout.be\/fr\/product\/depileve-batonnets-visage-precision-100-pcs-ref-1162-01\/","title":{"rendered":"Depil\u00e8ve B\u00e2tonnets Visage Pr\u00e9cision 100 pcs."},"content":{"rendered":"<p >\n<\/p>\n<p dir=\"ltr\"><font size=\"2\">B\u00e2tonnets jetables en bois pour une application pr\u00e9cise de la cire.<\/font><\/p>\n<p dir=\"ltr\"><font size=\"2\"><\/font><\/p>\n<p dir=\"ltr\"><font size=\"2\"><\/font><\/p>\n<\/p>\n<ul>\n<li><font size=\"2\"><font size=\"2\">Avec le c\u00f4t\u00e9 arrondi, vous pouvez travailler facilement autour du contour des l\u00e8vres, avec le c\u00f4t\u00e9 oblique autour des sourcils. <\/font><\/font><\/li>\n<li><font size=\"2\"><font size=\"2\">Dimensions : 10,6 x 1 x 0,2 cm.<\/font><\/font><\/li>\n<li><font size=\"2\"><font size=\"2\"><span>Emballage : 100 pi\u00e8ces.<\/span><\/font><\/font><\/li>\n<\/ul>\n","protected":false},"excerpt":{"rendered":"<p>B\u00e2tonnets jetables en bois pour une application pr\u00e9cise de la cire. Avec le c\u00f4t\u00e9 arrondi, vous pouvez travailler facilement autour du contour des l\u00e8vres, avec le c\u00f4t\u00e9 oblique autour des sourcils. Dimensions : 10,6 x 1 x 0,2 cm. Emballage : 100 pi\u00e8ces.<\/p>\n","protected":false},"featured_media":143340,"comment_status":"open","ping_status":"closed","template":"","meta":{"_acf_changed":false},"product_brand":[10376],"product_cat":[9926],"product_tag":[],"class_list":{"0":"post-133792","1":"product","2":"type-product","3":"status-publish","4":"has-post-thumbnail","6":"product_brand-depileve-fr","7":"product_cat-beaute-epilation-accessoires","9":"first","10":"instock","11":"taxable","12":"shipping-taxable","13":"product-type-simple"},"acf":[],"yoast_head":"<!-- This site is optimized with the Yoast SEO plugin v27.3 - https:\/\/yoast.com\/product\/yoast-seo-wordpress\/ -->\n<title>Depil\u00e8ve B\u00e2tonnets Visage Pr\u00e9cision 100 pcs. - Districos Webshop<\/title>\n<meta name=\"robots\" content=\"noindex, follow, max-snippet:-1, max-image-preview:large, max-video-preview:-1\" \/>\n<meta property=\"og:locale\" content=\"fr_FR\" \/>\n<meta property=\"og:type\" content=\"article\" \/>\n<meta property=\"og:title\" content=\"Depil\u00e8ve B\u00e2tonnets Visage Pr\u00e9cision 100 pcs. - Districos Webshop\" \/>\n<meta property=\"og:description\" content=\"B\u00e2tonnets jetables en bois pour une application pr\u00e9cise de la cire. Avec le c\u00f4t\u00e9 arrondi, vous pouvez travailler facilement autour du contour des l\u00e8vres, avec le c\u00f4t\u00e9 oblique autour des sourcils. Dimensions : 10,6 x 1 x 0,2 cm. Emballage : 100 pi\u00e8ces.\" \/>\n<meta property=\"og:url\" content=\"https:\/\/districos.standingout.be\/fr\/product\/depileve-batonnets-visage-precision-100-pcs-ref-1162-01\/\" \/>\n<meta property=\"og:site_name\" content=\"Districos Webshop\" \/>\n<meta property=\"article:modified_time\" content=\"2026-04-27T23:51:36+00:00\" \/>\n<meta property=\"og:image\" content=\"https:\/\/districos.standingout.be\/wp-content\/uploads\/2026\/04\/1162.01@Depileve-Gelaatsspatels-Precision-100-st._1-2.png\" \/>\n\t<meta property=\"og:image:width\" content=\"600\" \/>\n\t<meta property=\"og:image:height\" content=\"600\" \/>\n\t<meta property=\"og:image:type\" content=\"image\/png\" \/>\n<meta name=\"twitter:card\" content=\"summary_large_image\" \/>\n<script type=\"application\/ld+json\" class=\"yoast-schema-graph\">{\"@context\":\"https:\\\/\\\/schema.org\",\"@graph\":[{\"@type\":\"WebPage\",\"@id\":\"https:\\\/\\\/districos.standingout.be\\\/fr\\\/product\\\/depileve-batonnets-visage-precision-100-pcs-ref-1162-01\\\/\",\"url\":\"https:\\\/\\\/districos.standingout.be\\\/fr\\\/product\\\/depileve-batonnets-visage-precision-100-pcs-ref-1162-01\\\/\",\"name\":\"Depil\u00e8ve B\u00e2tonnets Visage Pr\u00e9cision 100 pcs. - Districos Webshop\",\"isPartOf\":{\"@id\":\"https:\\\/\\\/districos.standingout.be\\\/fr\\\/#website\"},\"primaryImageOfPage\":{\"@id\":\"https:\\\/\\\/districos.standingout.be\\\/fr\\\/product\\\/depileve-batonnets-visage-precision-100-pcs-ref-1162-01\\\/#primaryimage\"},\"image\":{\"@id\":\"https:\\\/\\\/districos.standingout.be\\\/fr\\\/product\\\/depileve-batonnets-visage-precision-100-pcs-ref-1162-01\\\/#primaryimage\"},\"thumbnailUrl\":\"https:\\\/\\\/districos.standingout.be\\\/wp-content\\\/uploads\\\/2026\\\/04\\\/1162.01@Depileve-Gelaatsspatels-Precision-100-st._1-3.png\",\"datePublished\":\"2026-04-27T23:51:35+00:00\",\"dateModified\":\"2026-04-27T23:51:36+00:00\",\"breadcrumb\":{\"@id\":\"https:\\\/\\\/districos.standingout.be\\\/fr\\\/product\\\/depileve-batonnets-visage-precision-100-pcs-ref-1162-01\\\/#breadcrumb\"},\"inLanguage\":\"fr-FR\",\"potentialAction\":[{\"@type\":\"ReadAction\",\"target\":[\"https:\\\/\\\/districos.standingout.be\\\/fr\\\/product\\\/depileve-batonnets-visage-precision-100-pcs-ref-1162-01\\\/\"]}]},{\"@type\":\"ImageObject\",\"inLanguage\":\"fr-FR\",\"@id\":\"https:\\\/\\\/districos.standingout.be\\\/fr\\\/product\\\/depileve-batonnets-visage-precision-100-pcs-ref-1162-01\\\/#primaryimage\",\"url\":\"https:\\\/\\\/districos.standingout.be\\\/wp-content\\\/uploads\\\/2026\\\/04\\\/1162.01@Depileve-Gelaatsspatels-Precision-100-st._1-3.png\",\"contentUrl\":\"https:\\\/\\\/districos.standingout.be\\\/wp-content\\\/uploads\\\/2026\\\/04\\\/1162.01@Depileve-Gelaatsspatels-Precision-100-st._1-3.png\",\"width\":600,\"height\":600},{\"@type\":\"BreadcrumbList\",\"@id\":\"https:\\\/\\\/districos.standingout.be\\\/fr\\\/product\\\/depileve-batonnets-visage-precision-100-pcs-ref-1162-01\\\/#breadcrumb\",\"itemListElement\":[{\"@type\":\"ListItem\",\"position\":1,\"name\":\"Home\",\"item\":\"https:\\\/\\\/districos.standingout.be\\\/fr\\\/bienvenue-chez-districos\\\/\"},{\"@type\":\"ListItem\",\"position\":2,\"name\":\"Boutique\",\"item\":\"https:\\\/\\\/districos.standingout.be\\\/fr\\\/boutique\\\/\"},{\"@type\":\"ListItem\",\"position\":3,\"name\":\"Depil\u00e8ve B\u00e2tonnets Visage Pr\u00e9cision 100 pcs.\"}]},{\"@type\":\"WebSite\",\"@id\":\"https:\\\/\\\/districos.standingout.be\\\/fr\\\/#website\",\"url\":\"https:\\\/\\\/districos.standingout.be\\\/fr\\\/\",\"name\":\"Districos Webshop\",\"description\":\"\",\"publisher\":{\"@id\":\"https:\\\/\\\/districos.standingout.be\\\/fr\\\/#organization\"},\"potentialAction\":[{\"@type\":\"SearchAction\",\"target\":{\"@type\":\"EntryPoint\",\"urlTemplate\":\"https:\\\/\\\/districos.standingout.be\\\/fr\\\/?s={search_term_string}\"},\"query-input\":{\"@type\":\"PropertyValueSpecification\",\"valueRequired\":true,\"valueName\":\"search_term_string\"}}],\"inLanguage\":\"fr-FR\"},{\"@type\":\"Organization\",\"@id\":\"https:\\\/\\\/districos.standingout.be\\\/fr\\\/#organization\",\"name\":\"Districos Webshop\",\"url\":\"https:\\\/\\\/districos.standingout.be\\\/fr\\\/\",\"logo\":{\"@type\":\"ImageObject\",\"inLanguage\":\"fr-FR\",\"@id\":\"https:\\\/\\\/districos.standingout.be\\\/fr\\\/#\\\/schema\\\/logo\\\/image\\\/\",\"url\":\"https:\\\/\\\/districos.standingout.be\\\/wp-content\\\/uploads\\\/2022\\\/09\\\/Districos_Logo_Webshop.svg\",\"contentUrl\":\"https:\\\/\\\/districos.standingout.be\\\/wp-content\\\/uploads\\\/2022\\\/09\\\/Districos_Logo_Webshop.svg\",\"caption\":\"Districos Webshop\"},\"image\":{\"@id\":\"https:\\\/\\\/districos.standingout.be\\\/fr\\\/#\\\/schema\\\/logo\\\/image\\\/\"}}]}<\/script>\n<!-- \/ Yoast SEO plugin. -->","yoast_head_json":{"title":"Depil\u00e8ve B\u00e2tonnets Visage Pr\u00e9cision 100 pcs. - Districos Webshop","robots":{"index":"noindex","follow":"follow","max-snippet":"max-snippet:-1","max-image-preview":"max-image-preview:large","max-video-preview":"max-video-preview:-1"},"og_locale":"fr_FR","og_type":"article","og_title":"Depil\u00e8ve B\u00e2tonnets Visage Pr\u00e9cision 100 pcs. - Districos Webshop","og_description":"B\u00e2tonnets jetables en bois pour une application pr\u00e9cise de la cire. Avec le c\u00f4t\u00e9 arrondi, vous pouvez travailler facilement autour du contour des l\u00e8vres, avec le c\u00f4t\u00e9 oblique autour des sourcils. Dimensions : 10,6 x 1 x 0,2 cm. Emballage : 100 pi\u00e8ces.","og_url":"https:\/\/districos.standingout.be\/fr\/product\/depileve-batonnets-visage-precision-100-pcs-ref-1162-01\/","og_site_name":"Districos Webshop","article_modified_time":"2026-04-27T23:51:36+00:00","og_image":[{"width":600,"height":600,"url":"https:\/\/districos.standingout.be\/wp-content\/uploads\/2026\/04\/1162.01@Depileve-Gelaatsspatels-Precision-100-st._1-2.png","type":"image\/png"}],"twitter_card":"summary_large_image","schema":{"@context":"https:\/\/schema.org","@graph":[{"@type":"WebPage","@id":"https:\/\/districos.standingout.be\/fr\/product\/depileve-batonnets-visage-precision-100-pcs-ref-1162-01\/","url":"https:\/\/districos.standingout.be\/fr\/product\/depileve-batonnets-visage-precision-100-pcs-ref-1162-01\/","name":"Depil\u00e8ve B\u00e2tonnets Visage Pr\u00e9cision 100 pcs. - Districos Webshop","isPartOf":{"@id":"https:\/\/districos.standingout.be\/fr\/#website"},"primaryImageOfPage":{"@id":"https:\/\/districos.standingout.be\/fr\/product\/depileve-batonnets-visage-precision-100-pcs-ref-1162-01\/#primaryimage"},"image":{"@id":"https:\/\/districos.standingout.be\/fr\/product\/depileve-batonnets-visage-precision-100-pcs-ref-1162-01\/#primaryimage"},"thumbnailUrl":"https:\/\/districos.standingout.be\/wp-content\/uploads\/2026\/04\/1162.01@Depileve-Gelaatsspatels-Precision-100-st._1-3.png","datePublished":"2026-04-27T23:51:35+00:00","dateModified":"2026-04-27T23:51:36+00:00","breadcrumb":{"@id":"https:\/\/districos.standingout.be\/fr\/product\/depileve-batonnets-visage-precision-100-pcs-ref-1162-01\/#breadcrumb"},"inLanguage":"fr-FR","potentialAction":[{"@type":"ReadAction","target":["https:\/\/districos.standingout.be\/fr\/product\/depileve-batonnets-visage-precision-100-pcs-ref-1162-01\/"]}]},{"@type":"ImageObject","inLanguage":"fr-FR","@id":"https:\/\/districos.standingout.be\/fr\/product\/depileve-batonnets-visage-precision-100-pcs-ref-1162-01\/#primaryimage","url":"https:\/\/districos.standingout.be\/wp-content\/uploads\/2026\/04\/1162.01@Depileve-Gelaatsspatels-Precision-100-st._1-3.png","contentUrl":"https:\/\/districos.standingout.be\/wp-content\/uploads\/2026\/04\/1162.01@Depileve-Gelaatsspatels-Precision-100-st._1-3.png","width":600,"height":600},{"@type":"BreadcrumbList","@id":"https:\/\/districos.standingout.be\/fr\/product\/depileve-batonnets-visage-precision-100-pcs-ref-1162-01\/#breadcrumb","itemListElement":[{"@type":"ListItem","position":1,"name":"Home","item":"https:\/\/districos.standingout.be\/fr\/bienvenue-chez-districos\/"},{"@type":"ListItem","position":2,"name":"Boutique","item":"https:\/\/districos.standingout.be\/fr\/boutique\/"},{"@type":"ListItem","position":3,"name":"Depil\u00e8ve B\u00e2tonnets Visage Pr\u00e9cision 100 pcs."}]},{"@type":"WebSite","@id":"https:\/\/districos.standingout.be\/fr\/#website","url":"https:\/\/districos.standingout.be\/fr\/","name":"Districos Webshop","description":"","publisher":{"@id":"https:\/\/districos.standingout.be\/fr\/#organization"},"potentialAction":[{"@type":"SearchAction","target":{"@type":"EntryPoint","urlTemplate":"https:\/\/districos.standingout.be\/fr\/?s={search_term_string}"},"query-input":{"@type":"PropertyValueSpecification","valueRequired":true,"valueName":"search_term_string"}}],"inLanguage":"fr-FR"},{"@type":"Organization","@id":"https:\/\/districos.standingout.be\/fr\/#organization","name":"Districos Webshop","url":"https:\/\/districos.standingout.be\/fr\/","logo":{"@type":"ImageObject","inLanguage":"fr-FR","@id":"https:\/\/districos.standingout.be\/fr\/#\/schema\/logo\/image\/","url":"https:\/\/districos.standingout.be\/wp-content\/uploads\/2022\/09\/Districos_Logo_Webshop.svg","contentUrl":"https:\/\/districos.standingout.be\/wp-content\/uploads\/2022\/09\/Districos_Logo_Webshop.svg","caption":"Districos Webshop"},"image":{"@id":"https:\/\/districos.standingout.be\/fr\/#\/schema\/logo\/image\/"}}]}},"_links":{"self":[{"href":"https:\/\/districos.standingout.be\/fr\/wp-json\/wp\/v2\/product\/133792","targetHints":{"allow":["GET"]}}],"collection":[{"href":"https:\/\/districos.standingout.be\/fr\/wp-json\/wp\/v2\/product"}],"about":[{"href":"https:\/\/districos.standingout.be\/fr\/wp-json\/wp\/v2\/types\/product"}],"replies":[{"embeddable":true,"href":"https:\/\/districos.standingout.be\/fr\/wp-json\/wp\/v2\/comments?post=133792"}],"wp:featuredmedia":[{"embeddable":true,"href":"https:\/\/districos.standingout.be\/fr\/wp-json\/wp\/v2\/media\/143340"}],"wp:attachment":[{"href":"https:\/\/districos.standingout.be\/fr\/wp-json\/wp\/v2\/media?parent=133792"}],"wp:term":[{"taxonomy":"product_brand","embeddable":true,"href":"https:\/\/districos.standingout.be\/fr\/wp-json\/wp\/v2\/product_brand?post=133792"},{"taxonomy":"product_cat","embeddable":true,"href":"https:\/\/districos.standingout.be\/fr\/wp-json\/wp\/v2\/product_cat?post=133792"},{"taxonomy":"product_tag","embeddable":true,"href":"https:\/\/districos.standingout.be\/fr\/wp-json\/wp\/v2\/product_tag?post=133792"}],"curies":[{"name":"wp","href":"https:\/\/api.w.org\/{rel}","templated":true}]}}