{"id":133804,"date":"2026-04-28T01:51:45","date_gmt":"2026-04-27T23:51:45","guid":{"rendered":"https:\/\/webshopdistricoscom.webhosting.be\/product\/bandeaux-jetables-extensibles-100-pcs-ref-1182-02\/"},"modified":"2026-04-28T01:51:47","modified_gmt":"2026-04-27T23:51:47","slug":"bandeaux-jetables-extensibles-100-pcs-ref-1182-02","status":"publish","type":"product","link":"https:\/\/districos.standingout.be\/fr\/product\/bandeaux-jetables-extensibles-100-pcs-ref-1182-02\/","title":{"rendered":"Bandeaux Jetables Extensibles 100 pcs."},"content":{"rendered":"<p >\n<p dir=\"ltr\">Bandeau jetable qui couvre et prot\u00e8ge les cheveux de votre client(e) pendant les soins du visage.<\/p>\n<p dir=\"ltr\">\n<ul>\n<li>Les taches de paraffine \u00e9tant difficiles \u00e0 enlever, ce bandeau jetable est l\u2019alternative id\u00e9ale au bandeau en textile.<\/li>\n<li>Avec des \u00e9lastiques \u00e0 l\u2019int\u00e9rieur pour une adaptation parfaite. <\/li>\n<li><span>Emballage : 100 pi\u00e8ces.<\/span><\/li>\n<\/ul><\/p>\n","protected":false},"excerpt":{"rendered":"<p>Bandeau jetable qui couvre et prot\u00e8ge les cheveux de votre client(e) pendant les soins du visage. Les taches de paraffine \u00e9tant difficiles \u00e0 enlever, ce bandeau jetable est l\u2019alternative id\u00e9ale au bandeau en textile. Avec des \u00e9lastiques \u00e0 l\u2019int\u00e9rieur pour une adaptation parfaite. Emballage : 100 pi\u00e8ces.<\/p>\n","protected":false},"featured_media":70134,"comment_status":"open","ping_status":"closed","template":"","meta":{"_acf_changed":false},"product_brand":[10610],"product_cat":[10136,10140],"product_tag":[],"class_list":{"0":"post-133804","1":"product","2":"type-product","3":"status-publish","4":"has-post-thumbnail","6":"product_brand-ylas-fr","7":"product_cat-hygiene-articles-jetables-hygiene-protection-equipements-de-protection-individuelle-epi","8":"product_cat-hygiene-articles-jetables-articles-jetables-textiles-jetables","10":"first","11":"instock","12":"taxable","13":"shipping-taxable","14":"product-type-simple"},"acf":[],"yoast_head":"<!-- This site is optimized with the Yoast SEO plugin v27.3 - https:\/\/yoast.com\/product\/yoast-seo-wordpress\/ -->\n<title>Bandeaux Jetables Extensibles 100 pcs. - Districos Webshop<\/title>\n<meta name=\"robots\" content=\"noindex, follow, max-snippet:-1, max-image-preview:large, max-video-preview:-1\" \/>\n<meta property=\"og:locale\" content=\"fr_FR\" \/>\n<meta property=\"og:type\" content=\"article\" \/>\n<meta property=\"og:title\" content=\"Bandeaux Jetables Extensibles 100 pcs. - Districos Webshop\" \/>\n<meta property=\"og:description\" content=\"Bandeau jetable qui couvre et prot\u00e8ge les cheveux de votre client(e) pendant les soins du visage. Les taches de paraffine \u00e9tant difficiles \u00e0 enlever, ce bandeau jetable est l\u2019alternative id\u00e9ale au bandeau en textile. Avec des \u00e9lastiques \u00e0 l\u2019int\u00e9rieur pour une adaptation parfaite. Emballage : 100 pi\u00e8ces.\" \/>\n<meta property=\"og:url\" content=\"https:\/\/districos.standingout.be\/fr\/product\/bandeaux-jetables-extensibles-100-pcs-ref-1182-02\/\" \/>\n<meta property=\"og:site_name\" content=\"Districos Webshop\" \/>\n<meta property=\"article:modified_time\" content=\"2026-04-27T23:51:47+00:00\" \/>\n<meta name=\"twitter:card\" content=\"summary_large_image\" \/>\n<script type=\"application\/ld+json\" class=\"yoast-schema-graph\">{\"@context\":\"https:\\\/\\\/schema.org\",\"@graph\":[{\"@type\":\"WebPage\",\"@id\":\"https:\\\/\\\/districos.standingout.be\\\/fr\\\/product\\\/bandeaux-jetables-extensibles-100-pcs-ref-1182-02\\\/\",\"url\":\"https:\\\/\\\/districos.standingout.be\\\/fr\\\/product\\\/bandeaux-jetables-extensibles-100-pcs-ref-1182-02\\\/\",\"name\":\"Bandeaux Jetables Extensibles 100 pcs. - Districos Webshop\",\"isPartOf\":{\"@id\":\"https:\\\/\\\/districos.standingout.be\\\/fr\\\/#website\"},\"primaryImageOfPage\":{\"@id\":\"https:\\\/\\\/districos.standingout.be\\\/fr\\\/product\\\/bandeaux-jetables-extensibles-100-pcs-ref-1182-02\\\/#primaryimage\"},\"image\":{\"@id\":\"https:\\\/\\\/districos.standingout.be\\\/fr\\\/product\\\/bandeaux-jetables-extensibles-100-pcs-ref-1182-02\\\/#primaryimage\"},\"thumbnailUrl\":\"https:\\\/\\\/districos.standingout.be\\\/wp-content\\\/uploads\\\/2025\\\/07\\\/1182.02@LowRes_0_99.png\",\"datePublished\":\"2026-04-27T23:51:45+00:00\",\"dateModified\":\"2026-04-27T23:51:47+00:00\",\"breadcrumb\":{\"@id\":\"https:\\\/\\\/districos.standingout.be\\\/fr\\\/product\\\/bandeaux-jetables-extensibles-100-pcs-ref-1182-02\\\/#breadcrumb\"},\"inLanguage\":\"fr-FR\",\"potentialAction\":[{\"@type\":\"ReadAction\",\"target\":[\"https:\\\/\\\/districos.standingout.be\\\/fr\\\/product\\\/bandeaux-jetables-extensibles-100-pcs-ref-1182-02\\\/\"]}]},{\"@type\":\"ImageObject\",\"inLanguage\":\"fr-FR\",\"@id\":\"https:\\\/\\\/districos.standingout.be\\\/fr\\\/product\\\/bandeaux-jetables-extensibles-100-pcs-ref-1182-02\\\/#primaryimage\",\"url\":\"https:\\\/\\\/districos.standingout.be\\\/wp-content\\\/uploads\\\/2025\\\/07\\\/1182.02@LowRes_0_99.png\",\"contentUrl\":\"https:\\\/\\\/districos.standingout.be\\\/wp-content\\\/uploads\\\/2025\\\/07\\\/1182.02@LowRes_0_99.png\",\"width\":600,\"height\":600},{\"@type\":\"BreadcrumbList\",\"@id\":\"https:\\\/\\\/districos.standingout.be\\\/fr\\\/product\\\/bandeaux-jetables-extensibles-100-pcs-ref-1182-02\\\/#breadcrumb\",\"itemListElement\":[{\"@type\":\"ListItem\",\"position\":1,\"name\":\"Home\",\"item\":\"https:\\\/\\\/districos.standingout.be\\\/fr\\\/bienvenue-chez-districos\\\/\"},{\"@type\":\"ListItem\",\"position\":2,\"name\":\"Boutique\",\"item\":\"https:\\\/\\\/districos.standingout.be\\\/fr\\\/boutique\\\/\"},{\"@type\":\"ListItem\",\"position\":3,\"name\":\"Bandeaux Jetables Extensibles 100 pcs.\"}]},{\"@type\":\"WebSite\",\"@id\":\"https:\\\/\\\/districos.standingout.be\\\/fr\\\/#website\",\"url\":\"https:\\\/\\\/districos.standingout.be\\\/fr\\\/\",\"name\":\"Districos Webshop\",\"description\":\"\",\"publisher\":{\"@id\":\"https:\\\/\\\/districos.standingout.be\\\/fr\\\/#organization\"},\"potentialAction\":[{\"@type\":\"SearchAction\",\"target\":{\"@type\":\"EntryPoint\",\"urlTemplate\":\"https:\\\/\\\/districos.standingout.be\\\/fr\\\/?s={search_term_string}\"},\"query-input\":{\"@type\":\"PropertyValueSpecification\",\"valueRequired\":true,\"valueName\":\"search_term_string\"}}],\"inLanguage\":\"fr-FR\"},{\"@type\":\"Organization\",\"@id\":\"https:\\\/\\\/districos.standingout.be\\\/fr\\\/#organization\",\"name\":\"Districos Webshop\",\"url\":\"https:\\\/\\\/districos.standingout.be\\\/fr\\\/\",\"logo\":{\"@type\":\"ImageObject\",\"inLanguage\":\"fr-FR\",\"@id\":\"https:\\\/\\\/districos.standingout.be\\\/fr\\\/#\\\/schema\\\/logo\\\/image\\\/\",\"url\":\"https:\\\/\\\/districos.standingout.be\\\/wp-content\\\/uploads\\\/2022\\\/09\\\/Districos_Logo_Webshop.svg\",\"contentUrl\":\"https:\\\/\\\/districos.standingout.be\\\/wp-content\\\/uploads\\\/2022\\\/09\\\/Districos_Logo_Webshop.svg\",\"caption\":\"Districos Webshop\"},\"image\":{\"@id\":\"https:\\\/\\\/districos.standingout.be\\\/fr\\\/#\\\/schema\\\/logo\\\/image\\\/\"}}]}<\/script>\n<!-- \/ Yoast SEO plugin. -->","yoast_head_json":{"title":"Bandeaux Jetables Extensibles 100 pcs. - Districos Webshop","robots":{"index":"noindex","follow":"follow","max-snippet":"max-snippet:-1","max-image-preview":"max-image-preview:large","max-video-preview":"max-video-preview:-1"},"og_locale":"fr_FR","og_type":"article","og_title":"Bandeaux Jetables Extensibles 100 pcs. - Districos Webshop","og_description":"Bandeau jetable qui couvre et prot\u00e8ge les cheveux de votre client(e) pendant les soins du visage. Les taches de paraffine \u00e9tant difficiles \u00e0 enlever, ce bandeau jetable est l\u2019alternative id\u00e9ale au bandeau en textile. Avec des \u00e9lastiques \u00e0 l\u2019int\u00e9rieur pour une adaptation parfaite. Emballage : 100 pi\u00e8ces.","og_url":"https:\/\/districos.standingout.be\/fr\/product\/bandeaux-jetables-extensibles-100-pcs-ref-1182-02\/","og_site_name":"Districos Webshop","article_modified_time":"2026-04-27T23:51:47+00:00","twitter_card":"summary_large_image","schema":{"@context":"https:\/\/schema.org","@graph":[{"@type":"WebPage","@id":"https:\/\/districos.standingout.be\/fr\/product\/bandeaux-jetables-extensibles-100-pcs-ref-1182-02\/","url":"https:\/\/districos.standingout.be\/fr\/product\/bandeaux-jetables-extensibles-100-pcs-ref-1182-02\/","name":"Bandeaux Jetables Extensibles 100 pcs. - Districos Webshop","isPartOf":{"@id":"https:\/\/districos.standingout.be\/fr\/#website"},"primaryImageOfPage":{"@id":"https:\/\/districos.standingout.be\/fr\/product\/bandeaux-jetables-extensibles-100-pcs-ref-1182-02\/#primaryimage"},"image":{"@id":"https:\/\/districos.standingout.be\/fr\/product\/bandeaux-jetables-extensibles-100-pcs-ref-1182-02\/#primaryimage"},"thumbnailUrl":"https:\/\/districos.standingout.be\/wp-content\/uploads\/2025\/07\/1182.02@LowRes_0_99.png","datePublished":"2026-04-27T23:51:45+00:00","dateModified":"2026-04-27T23:51:47+00:00","breadcrumb":{"@id":"https:\/\/districos.standingout.be\/fr\/product\/bandeaux-jetables-extensibles-100-pcs-ref-1182-02\/#breadcrumb"},"inLanguage":"fr-FR","potentialAction":[{"@type":"ReadAction","target":["https:\/\/districos.standingout.be\/fr\/product\/bandeaux-jetables-extensibles-100-pcs-ref-1182-02\/"]}]},{"@type":"ImageObject","inLanguage":"fr-FR","@id":"https:\/\/districos.standingout.be\/fr\/product\/bandeaux-jetables-extensibles-100-pcs-ref-1182-02\/#primaryimage","url":"https:\/\/districos.standingout.be\/wp-content\/uploads\/2025\/07\/1182.02@LowRes_0_99.png","contentUrl":"https:\/\/districos.standingout.be\/wp-content\/uploads\/2025\/07\/1182.02@LowRes_0_99.png","width":600,"height":600},{"@type":"BreadcrumbList","@id":"https:\/\/districos.standingout.be\/fr\/product\/bandeaux-jetables-extensibles-100-pcs-ref-1182-02\/#breadcrumb","itemListElement":[{"@type":"ListItem","position":1,"name":"Home","item":"https:\/\/districos.standingout.be\/fr\/bienvenue-chez-districos\/"},{"@type":"ListItem","position":2,"name":"Boutique","item":"https:\/\/districos.standingout.be\/fr\/boutique\/"},{"@type":"ListItem","position":3,"name":"Bandeaux Jetables Extensibles 100 pcs."}]},{"@type":"WebSite","@id":"https:\/\/districos.standingout.be\/fr\/#website","url":"https:\/\/districos.standingout.be\/fr\/","name":"Districos Webshop","description":"","publisher":{"@id":"https:\/\/districos.standingout.be\/fr\/#organization"},"potentialAction":[{"@type":"SearchAction","target":{"@type":"EntryPoint","urlTemplate":"https:\/\/districos.standingout.be\/fr\/?s={search_term_string}"},"query-input":{"@type":"PropertyValueSpecification","valueRequired":true,"valueName":"search_term_string"}}],"inLanguage":"fr-FR"},{"@type":"Organization","@id":"https:\/\/districos.standingout.be\/fr\/#organization","name":"Districos Webshop","url":"https:\/\/districos.standingout.be\/fr\/","logo":{"@type":"ImageObject","inLanguage":"fr-FR","@id":"https:\/\/districos.standingout.be\/fr\/#\/schema\/logo\/image\/","url":"https:\/\/districos.standingout.be\/wp-content\/uploads\/2022\/09\/Districos_Logo_Webshop.svg","contentUrl":"https:\/\/districos.standingout.be\/wp-content\/uploads\/2022\/09\/Districos_Logo_Webshop.svg","caption":"Districos Webshop"},"image":{"@id":"https:\/\/districos.standingout.be\/fr\/#\/schema\/logo\/image\/"}}]}},"_links":{"self":[{"href":"https:\/\/districos.standingout.be\/fr\/wp-json\/wp\/v2\/product\/133804","targetHints":{"allow":["GET"]}}],"collection":[{"href":"https:\/\/districos.standingout.be\/fr\/wp-json\/wp\/v2\/product"}],"about":[{"href":"https:\/\/districos.standingout.be\/fr\/wp-json\/wp\/v2\/types\/product"}],"replies":[{"embeddable":true,"href":"https:\/\/districos.standingout.be\/fr\/wp-json\/wp\/v2\/comments?post=133804"}],"wp:featuredmedia":[{"embeddable":true,"href":"https:\/\/districos.standingout.be\/fr\/wp-json\/wp\/v2\/media\/70134"}],"wp:attachment":[{"href":"https:\/\/districos.standingout.be\/fr\/wp-json\/wp\/v2\/media?parent=133804"}],"wp:term":[{"taxonomy":"product_brand","embeddable":true,"href":"https:\/\/districos.standingout.be\/fr\/wp-json\/wp\/v2\/product_brand?post=133804"},{"taxonomy":"product_cat","embeddable":true,"href":"https:\/\/districos.standingout.be\/fr\/wp-json\/wp\/v2\/product_cat?post=133804"},{"taxonomy":"product_tag","embeddable":true,"href":"https:\/\/districos.standingout.be\/fr\/wp-json\/wp\/v2\/product_tag?post=133804"}],"curies":[{"name":"wp","href":"https:\/\/api.w.org\/{rel}","templated":true}]}}