{"id":133806,"date":"2026-04-28T01:51:47","date_gmt":"2026-04-27T23:51:47","guid":{"rendered":"https:\/\/webshopdistricoscom.webhosting.be\/product\/bandeaux-jetables-extensibles-strong-100-pcs-ref-1182-03\/"},"modified":"2026-04-28T01:51:49","modified_gmt":"2026-04-27T23:51:49","slug":"bandeaux-jetables-extensibles-strong-100-pcs-ref-1182-03","status":"publish","type":"product","link":"https:\/\/districos.standingout.be\/fr\/product\/bandeaux-jetables-extensibles-strong-100-pcs-ref-1182-03\/","title":{"rendered":"Bandeaux Jetables Extensibles Strong 100 pcs."},"content":{"rendered":"<p >\n<\/p>\n<\/p>\n<p><b><span lang=\"FR-BE\">Bandeau jetable pour prot\u00e9ger les cheveux de votre client(e) pendant les soins du visage.<\/span><\/b><b><span lang=\"FR-BE\"><o:p><\/o:p><\/span><\/b><\/p>\n<ul type=\"disc\">\n<li><span lang=\"FR-BE\">Les taches de paraffine \u00e9tant difficiles \u00e0 enlever, ce bandeau jetable est l&rsquo;alternative id\u00e9ale aux bandeaux en textile.<\/span><span lang=\"FR-BE\"><o:p><\/o:p><\/span><\/li>\n<li><span lang=\"FR-BE\">Avec des \u00e9lastiques extra solides \u00e0 l&rsquo;int\u00e9rieur pour s&rsquo;adapter parfaitement.<\/span><span lang=\"FR-BE\"><o:p><\/o:p><\/span><\/li>\n<li><span lang=\"FR-BE\">Emball\u00e9 s\u00e9par\u00e9ment.<\/span><span lang=\"FR-BE\"><o:p><\/o:p><\/span><\/li>\n<li><span lang=\"FR-BE\">Emballage : 100 pi\u00e8ces.<\/span><span lang=\"FR-BE\"><o:p><\/o:p><\/span><\/li>\n<\/ul>\n<p><b><span lang=\"FR-BE\">\u00c9galement disponible<\/span><\/b><b><span lang=\"FR-BE\"><o:p><\/o:p><\/span><\/b><\/p>\n<\/p>\n<ul type=\"disc\">\n<li><span lang=\"FR-BE\">Bandeaux Jetables Extensibles 100 pcs. (r\u00e9f.&nbsp;<\/span><span lang=\"FR-BE\"><a href=\"https:\/\/webshop.districos.com\/ProductDetail\/1182.02\" target=\"_blank\" rel=\"noopener noreferrer nofollow\"><span>1182.02<\/span><\/a><\/span><span lang=\"FR-BE\">)<\/span><span lang=\"FR-BE\"><o:p><\/o:p><\/span><\/li>\n<li><span lang=\"FR-BE\">Soutien-Gorge Jetable Bleu 30 pcs. (r\u00e9f. <\/span><span lang=\"FR-BE\"><a href=\"https:\/\/webshop.districos.com\/ProductDetail\/8890.41\" target=\"_blank\" rel=\"noopener noreferrer nofollow\"><span>8890.41<\/span><\/a><\/span><span lang=\"FR-BE\">)&nbsp;<\/span><span lang=\"FR-BE\"><o:p><\/o:p><\/span><\/li>\n<\/ul>\n<ul type=\"disc\"> <\/ul><\/p>\n","protected":false},"excerpt":{"rendered":"<p>Bandeau jetable pour prot\u00e9ger les cheveux de votre client(e) pendant les soins du visage. Les taches de paraffine \u00e9tant difficiles \u00e0 enlever, ce bandeau jetable est l&rsquo;alternative id\u00e9ale aux bandeaux en textile. Avec des \u00e9lastiques extra solides \u00e0 l&rsquo;int\u00e9rieur pour s&rsquo;adapter parfaitement. Emball\u00e9 s\u00e9par\u00e9ment. Emballage : 100 pi\u00e8ces. \u00c9galement disponible Bandeaux Jetables Extensibles 100 pcs. [&hellip;]<\/p>\n","protected":false},"featured_media":143341,"comment_status":"open","ping_status":"closed","template":"","meta":{"_acf_changed":false},"product_brand":[],"product_cat":[10136,10140],"product_tag":[],"class_list":{"0":"post-133806","1":"product","2":"type-product","3":"status-publish","4":"has-post-thumbnail","6":"product_cat-hygiene-articles-jetables-hygiene-protection-equipements-de-protection-individuelle-epi","7":"product_cat-hygiene-articles-jetables-articles-jetables-textiles-jetables","9":"first","10":"instock","11":"taxable","12":"shipping-taxable","13":"product-type-simple"},"acf":[],"yoast_head":"<!-- This site is optimized with the Yoast SEO plugin v27.3 - https:\/\/yoast.com\/product\/yoast-seo-wordpress\/ -->\n<title>Bandeaux Jetables Extensibles Strong 100 pcs. - Districos Webshop<\/title>\n<meta name=\"robots\" content=\"noindex, follow, max-snippet:-1, max-image-preview:large, max-video-preview:-1\" \/>\n<meta property=\"og:locale\" content=\"fr_FR\" \/>\n<meta property=\"og:type\" content=\"article\" \/>\n<meta property=\"og:title\" content=\"Bandeaux Jetables Extensibles Strong 100 pcs. - Districos Webshop\" \/>\n<meta property=\"og:description\" content=\"Bandeau jetable pour prot\u00e9ger les cheveux de votre client(e) pendant les soins du visage. Les taches de paraffine \u00e9tant difficiles \u00e0 enlever, ce bandeau jetable est l&rsquo;alternative id\u00e9ale aux bandeaux en textile. Avec des \u00e9lastiques extra solides \u00e0 l&rsquo;int\u00e9rieur pour s&rsquo;adapter parfaitement. Emball\u00e9 s\u00e9par\u00e9ment. Emballage : 100 pi\u00e8ces. \u00c9galement disponible Bandeaux Jetables Extensibles 100 pcs. [&hellip;]\" \/>\n<meta property=\"og:url\" content=\"https:\/\/districos.standingout.be\/fr\/product\/bandeaux-jetables-extensibles-strong-100-pcs-ref-1182-03\/\" \/>\n<meta property=\"og:site_name\" content=\"Districos Webshop\" \/>\n<meta property=\"article:modified_time\" content=\"2026-04-27T23:51:49+00:00\" \/>\n<meta name=\"twitter:card\" content=\"summary_large_image\" \/>\n<script type=\"application\/ld+json\" class=\"yoast-schema-graph\">{\"@context\":\"https:\\\/\\\/schema.org\",\"@graph\":[{\"@type\":\"WebPage\",\"@id\":\"https:\\\/\\\/districos.standingout.be\\\/fr\\\/product\\\/bandeaux-jetables-extensibles-strong-100-pcs-ref-1182-03\\\/\",\"url\":\"https:\\\/\\\/districos.standingout.be\\\/fr\\\/product\\\/bandeaux-jetables-extensibles-strong-100-pcs-ref-1182-03\\\/\",\"name\":\"Bandeaux Jetables Extensibles Strong 100 pcs. - Districos Webshop\",\"isPartOf\":{\"@id\":\"https:\\\/\\\/districos.standingout.be\\\/fr\\\/#website\"},\"primaryImageOfPage\":{\"@id\":\"https:\\\/\\\/districos.standingout.be\\\/fr\\\/product\\\/bandeaux-jetables-extensibles-strong-100-pcs-ref-1182-03\\\/#primaryimage\"},\"image\":{\"@id\":\"https:\\\/\\\/districos.standingout.be\\\/fr\\\/product\\\/bandeaux-jetables-extensibles-strong-100-pcs-ref-1182-03\\\/#primaryimage\"},\"thumbnailUrl\":\"https:\\\/\\\/districos.standingout.be\\\/wp-content\\\/uploads\\\/2026\\\/04\\\/1182.03@Rekbare-Wegwerphaarbanden-Strong-100-st._1-2.png\",\"datePublished\":\"2026-04-27T23:51:47+00:00\",\"dateModified\":\"2026-04-27T23:51:49+00:00\",\"breadcrumb\":{\"@id\":\"https:\\\/\\\/districos.standingout.be\\\/fr\\\/product\\\/bandeaux-jetables-extensibles-strong-100-pcs-ref-1182-03\\\/#breadcrumb\"},\"inLanguage\":\"fr-FR\",\"potentialAction\":[{\"@type\":\"ReadAction\",\"target\":[\"https:\\\/\\\/districos.standingout.be\\\/fr\\\/product\\\/bandeaux-jetables-extensibles-strong-100-pcs-ref-1182-03\\\/\"]}]},{\"@type\":\"ImageObject\",\"inLanguage\":\"fr-FR\",\"@id\":\"https:\\\/\\\/districos.standingout.be\\\/fr\\\/product\\\/bandeaux-jetables-extensibles-strong-100-pcs-ref-1182-03\\\/#primaryimage\",\"url\":\"https:\\\/\\\/districos.standingout.be\\\/wp-content\\\/uploads\\\/2026\\\/04\\\/1182.03@Rekbare-Wegwerphaarbanden-Strong-100-st._1-2.png\",\"contentUrl\":\"https:\\\/\\\/districos.standingout.be\\\/wp-content\\\/uploads\\\/2026\\\/04\\\/1182.03@Rekbare-Wegwerphaarbanden-Strong-100-st._1-2.png\",\"width\":600,\"height\":600},{\"@type\":\"BreadcrumbList\",\"@id\":\"https:\\\/\\\/districos.standingout.be\\\/fr\\\/product\\\/bandeaux-jetables-extensibles-strong-100-pcs-ref-1182-03\\\/#breadcrumb\",\"itemListElement\":[{\"@type\":\"ListItem\",\"position\":1,\"name\":\"Home\",\"item\":\"https:\\\/\\\/districos.standingout.be\\\/fr\\\/bienvenue-chez-districos\\\/\"},{\"@type\":\"ListItem\",\"position\":2,\"name\":\"Boutique\",\"item\":\"https:\\\/\\\/districos.standingout.be\\\/fr\\\/boutique\\\/\"},{\"@type\":\"ListItem\",\"position\":3,\"name\":\"Bandeaux Jetables Extensibles Strong 100 pcs.\"}]},{\"@type\":\"WebSite\",\"@id\":\"https:\\\/\\\/districos.standingout.be\\\/fr\\\/#website\",\"url\":\"https:\\\/\\\/districos.standingout.be\\\/fr\\\/\",\"name\":\"Districos Webshop\",\"description\":\"\",\"publisher\":{\"@id\":\"https:\\\/\\\/districos.standingout.be\\\/fr\\\/#organization\"},\"potentialAction\":[{\"@type\":\"SearchAction\",\"target\":{\"@type\":\"EntryPoint\",\"urlTemplate\":\"https:\\\/\\\/districos.standingout.be\\\/fr\\\/?s={search_term_string}\"},\"query-input\":{\"@type\":\"PropertyValueSpecification\",\"valueRequired\":true,\"valueName\":\"search_term_string\"}}],\"inLanguage\":\"fr-FR\"},{\"@type\":\"Organization\",\"@id\":\"https:\\\/\\\/districos.standingout.be\\\/fr\\\/#organization\",\"name\":\"Districos Webshop\",\"url\":\"https:\\\/\\\/districos.standingout.be\\\/fr\\\/\",\"logo\":{\"@type\":\"ImageObject\",\"inLanguage\":\"fr-FR\",\"@id\":\"https:\\\/\\\/districos.standingout.be\\\/fr\\\/#\\\/schema\\\/logo\\\/image\\\/\",\"url\":\"https:\\\/\\\/districos.standingout.be\\\/wp-content\\\/uploads\\\/2022\\\/09\\\/Districos_Logo_Webshop.svg\",\"contentUrl\":\"https:\\\/\\\/districos.standingout.be\\\/wp-content\\\/uploads\\\/2022\\\/09\\\/Districos_Logo_Webshop.svg\",\"caption\":\"Districos Webshop\"},\"image\":{\"@id\":\"https:\\\/\\\/districos.standingout.be\\\/fr\\\/#\\\/schema\\\/logo\\\/image\\\/\"}}]}<\/script>\n<!-- \/ Yoast SEO plugin. -->","yoast_head_json":{"title":"Bandeaux Jetables Extensibles Strong 100 pcs. - Districos Webshop","robots":{"index":"noindex","follow":"follow","max-snippet":"max-snippet:-1","max-image-preview":"max-image-preview:large","max-video-preview":"max-video-preview:-1"},"og_locale":"fr_FR","og_type":"article","og_title":"Bandeaux Jetables Extensibles Strong 100 pcs. - Districos Webshop","og_description":"Bandeau jetable pour prot\u00e9ger les cheveux de votre client(e) pendant les soins du visage. Les taches de paraffine \u00e9tant difficiles \u00e0 enlever, ce bandeau jetable est l&rsquo;alternative id\u00e9ale aux bandeaux en textile. Avec des \u00e9lastiques extra solides \u00e0 l&rsquo;int\u00e9rieur pour s&rsquo;adapter parfaitement. Emball\u00e9 s\u00e9par\u00e9ment. Emballage : 100 pi\u00e8ces. \u00c9galement disponible Bandeaux Jetables Extensibles 100 pcs. [&hellip;]","og_url":"https:\/\/districos.standingout.be\/fr\/product\/bandeaux-jetables-extensibles-strong-100-pcs-ref-1182-03\/","og_site_name":"Districos Webshop","article_modified_time":"2026-04-27T23:51:49+00:00","twitter_card":"summary_large_image","schema":{"@context":"https:\/\/schema.org","@graph":[{"@type":"WebPage","@id":"https:\/\/districos.standingout.be\/fr\/product\/bandeaux-jetables-extensibles-strong-100-pcs-ref-1182-03\/","url":"https:\/\/districos.standingout.be\/fr\/product\/bandeaux-jetables-extensibles-strong-100-pcs-ref-1182-03\/","name":"Bandeaux Jetables Extensibles Strong 100 pcs. - Districos Webshop","isPartOf":{"@id":"https:\/\/districos.standingout.be\/fr\/#website"},"primaryImageOfPage":{"@id":"https:\/\/districos.standingout.be\/fr\/product\/bandeaux-jetables-extensibles-strong-100-pcs-ref-1182-03\/#primaryimage"},"image":{"@id":"https:\/\/districos.standingout.be\/fr\/product\/bandeaux-jetables-extensibles-strong-100-pcs-ref-1182-03\/#primaryimage"},"thumbnailUrl":"https:\/\/districos.standingout.be\/wp-content\/uploads\/2026\/04\/1182.03@Rekbare-Wegwerphaarbanden-Strong-100-st._1-2.png","datePublished":"2026-04-27T23:51:47+00:00","dateModified":"2026-04-27T23:51:49+00:00","breadcrumb":{"@id":"https:\/\/districos.standingout.be\/fr\/product\/bandeaux-jetables-extensibles-strong-100-pcs-ref-1182-03\/#breadcrumb"},"inLanguage":"fr-FR","potentialAction":[{"@type":"ReadAction","target":["https:\/\/districos.standingout.be\/fr\/product\/bandeaux-jetables-extensibles-strong-100-pcs-ref-1182-03\/"]}]},{"@type":"ImageObject","inLanguage":"fr-FR","@id":"https:\/\/districos.standingout.be\/fr\/product\/bandeaux-jetables-extensibles-strong-100-pcs-ref-1182-03\/#primaryimage","url":"https:\/\/districos.standingout.be\/wp-content\/uploads\/2026\/04\/1182.03@Rekbare-Wegwerphaarbanden-Strong-100-st._1-2.png","contentUrl":"https:\/\/districos.standingout.be\/wp-content\/uploads\/2026\/04\/1182.03@Rekbare-Wegwerphaarbanden-Strong-100-st._1-2.png","width":600,"height":600},{"@type":"BreadcrumbList","@id":"https:\/\/districos.standingout.be\/fr\/product\/bandeaux-jetables-extensibles-strong-100-pcs-ref-1182-03\/#breadcrumb","itemListElement":[{"@type":"ListItem","position":1,"name":"Home","item":"https:\/\/districos.standingout.be\/fr\/bienvenue-chez-districos\/"},{"@type":"ListItem","position":2,"name":"Boutique","item":"https:\/\/districos.standingout.be\/fr\/boutique\/"},{"@type":"ListItem","position":3,"name":"Bandeaux Jetables Extensibles Strong 100 pcs."}]},{"@type":"WebSite","@id":"https:\/\/districos.standingout.be\/fr\/#website","url":"https:\/\/districos.standingout.be\/fr\/","name":"Districos Webshop","description":"","publisher":{"@id":"https:\/\/districos.standingout.be\/fr\/#organization"},"potentialAction":[{"@type":"SearchAction","target":{"@type":"EntryPoint","urlTemplate":"https:\/\/districos.standingout.be\/fr\/?s={search_term_string}"},"query-input":{"@type":"PropertyValueSpecification","valueRequired":true,"valueName":"search_term_string"}}],"inLanguage":"fr-FR"},{"@type":"Organization","@id":"https:\/\/districos.standingout.be\/fr\/#organization","name":"Districos Webshop","url":"https:\/\/districos.standingout.be\/fr\/","logo":{"@type":"ImageObject","inLanguage":"fr-FR","@id":"https:\/\/districos.standingout.be\/fr\/#\/schema\/logo\/image\/","url":"https:\/\/districos.standingout.be\/wp-content\/uploads\/2022\/09\/Districos_Logo_Webshop.svg","contentUrl":"https:\/\/districos.standingout.be\/wp-content\/uploads\/2022\/09\/Districos_Logo_Webshop.svg","caption":"Districos Webshop"},"image":{"@id":"https:\/\/districos.standingout.be\/fr\/#\/schema\/logo\/image\/"}}]}},"_links":{"self":[{"href":"https:\/\/districos.standingout.be\/fr\/wp-json\/wp\/v2\/product\/133806","targetHints":{"allow":["GET"]}}],"collection":[{"href":"https:\/\/districos.standingout.be\/fr\/wp-json\/wp\/v2\/product"}],"about":[{"href":"https:\/\/districos.standingout.be\/fr\/wp-json\/wp\/v2\/types\/product"}],"replies":[{"embeddable":true,"href":"https:\/\/districos.standingout.be\/fr\/wp-json\/wp\/v2\/comments?post=133806"}],"wp:featuredmedia":[{"embeddable":true,"href":"https:\/\/districos.standingout.be\/fr\/wp-json\/wp\/v2\/media\/143341"}],"wp:attachment":[{"href":"https:\/\/districos.standingout.be\/fr\/wp-json\/wp\/v2\/media?parent=133806"}],"wp:term":[{"taxonomy":"product_brand","embeddable":true,"href":"https:\/\/districos.standingout.be\/fr\/wp-json\/wp\/v2\/product_brand?post=133806"},{"taxonomy":"product_cat","embeddable":true,"href":"https:\/\/districos.standingout.be\/fr\/wp-json\/wp\/v2\/product_cat?post=133806"},{"taxonomy":"product_tag","embeddable":true,"href":"https:\/\/districos.standingout.be\/fr\/wp-json\/wp\/v2\/product_tag?post=133806"}],"curies":[{"name":"wp","href":"https:\/\/api.w.org\/{rel}","templated":true}]}}