{"id":133808,"date":"2026-04-28T01:51:50","date_gmt":"2026-04-27T23:51:50","guid":{"rendered":"https:\/\/webshopdistricoscom.webhosting.be\/product\/strings-jetables-pour-hommes-noir-24-pcs-ref-1183-1\/"},"modified":"2026-04-28T01:51:51","modified_gmt":"2026-04-27T23:51:51","slug":"strings-jetables-pour-hommes-noir-24-pcs-ref-1183-1","status":"publish","type":"product","link":"https:\/\/districos.standingout.be\/fr\/product\/strings-jetables-pour-hommes-noir-24-pcs-ref-1183-1\/","title":{"rendered":"Strings Jetables pour Hommes Noir 24 pcs."},"content":{"rendered":"<p >\n<\/p>\n<\/p>\n<p dir=\"ltr\">Strings noirs \u00e0 \u00e9lastique pour usage unique. Appropri\u00e9s pour toutes les tailles. <br \/>Couleur : noir<br \/> Mati\u00e8re : papier l\u00e9ger (non-tiss\u00e9)<br \/> Emballage : sachet de 24 pi\u00e8ces<\/p>\n<p dir=\"ltr\"><b>\u00c9galement disponible :<\/b><\/p>\n<p dir=\"ltr\">\n<p dir=\"ltr\">\n<\/p>\n<ul>\n<li>Strings Jetables pour Hommes 96 pcs. (<a href=\"https:\/\/www.districos.com\/ProductDetail\/1183.2\" target=\"_blank\" rel=\"noopener noreferrer nofollow\">R\u00e9f. 1183.2<\/a>)<\/li>\n<li>Boxer-Short Jetable pour Hommes Bleu 20 pcs. (<a href=\"https:\/\/www.districos.com\/ProductDetail\/1183.3\" target=\"_blank\" rel=\"noopener noreferrer nofollow\">R\u00e9f. 1183.3<\/a>)<\/li>\n<\/ul>\n","protected":false},"excerpt":{"rendered":"<p>Strings noirs \u00e0 \u00e9lastique pour usage unique. Appropri\u00e9s pour toutes les tailles. Couleur : noir Mati\u00e8re : papier l\u00e9ger (non-tiss\u00e9) Emballage : sachet de 24 pi\u00e8ces \u00c9galement disponible : Strings Jetables pour Hommes 96 pcs. (R\u00e9f. 1183.2) Boxer-Short Jetable pour Hommes Bleu 20 pcs. (R\u00e9f. 1183.3)<\/p>\n","protected":false},"featured_media":70143,"comment_status":"open","ping_status":"closed","template":"","meta":{"_acf_changed":false},"product_brand":[10610],"product_cat":[10136,10140],"product_tag":[],"class_list":{"0":"post-133808","1":"product","2":"type-product","3":"status-publish","4":"has-post-thumbnail","6":"product_brand-ylas-fr","7":"product_cat-hygiene-articles-jetables-hygiene-protection-equipements-de-protection-individuelle-epi","8":"product_cat-hygiene-articles-jetables-articles-jetables-textiles-jetables","10":"first","11":"instock","12":"taxable","13":"shipping-taxable","14":"product-type-simple"},"acf":[],"yoast_head":"<!-- This site is optimized with the Yoast SEO plugin v27.3 - https:\/\/yoast.com\/product\/yoast-seo-wordpress\/ -->\n<title>Strings Jetables pour Hommes Noir 24 pcs. - Districos Webshop<\/title>\n<meta name=\"robots\" content=\"noindex, follow, max-snippet:-1, max-image-preview:large, max-video-preview:-1\" \/>\n<meta property=\"og:locale\" content=\"fr_FR\" \/>\n<meta property=\"og:type\" content=\"article\" \/>\n<meta property=\"og:title\" content=\"Strings Jetables pour Hommes Noir 24 pcs. - Districos Webshop\" \/>\n<meta property=\"og:description\" content=\"Strings noirs \u00e0 \u00e9lastique pour usage unique. Appropri\u00e9s pour toutes les tailles. Couleur : noir Mati\u00e8re : papier l\u00e9ger (non-tiss\u00e9) Emballage : sachet de 24 pi\u00e8ces \u00c9galement disponible : Strings Jetables pour Hommes 96 pcs. (R\u00e9f. 1183.2) Boxer-Short Jetable pour Hommes Bleu 20 pcs. (R\u00e9f. 1183.3)\" \/>\n<meta property=\"og:url\" content=\"https:\/\/districos.standingout.be\/fr\/product\/strings-jetables-pour-hommes-noir-24-pcs-ref-1183-1\/\" \/>\n<meta property=\"og:site_name\" content=\"Districos Webshop\" \/>\n<meta property=\"article:modified_time\" content=\"2026-04-27T23:51:51+00:00\" \/>\n<meta name=\"twitter:card\" content=\"summary_large_image\" \/>\n<script type=\"application\/ld+json\" class=\"yoast-schema-graph\">{\"@context\":\"https:\\\/\\\/schema.org\",\"@graph\":[{\"@type\":\"WebPage\",\"@id\":\"https:\\\/\\\/districos.standingout.be\\\/fr\\\/product\\\/strings-jetables-pour-hommes-noir-24-pcs-ref-1183-1\\\/\",\"url\":\"https:\\\/\\\/districos.standingout.be\\\/fr\\\/product\\\/strings-jetables-pour-hommes-noir-24-pcs-ref-1183-1\\\/\",\"name\":\"Strings Jetables pour Hommes Noir 24 pcs. - Districos Webshop\",\"isPartOf\":{\"@id\":\"https:\\\/\\\/districos.standingout.be\\\/fr\\\/#website\"},\"primaryImageOfPage\":{\"@id\":\"https:\\\/\\\/districos.standingout.be\\\/fr\\\/product\\\/strings-jetables-pour-hommes-noir-24-pcs-ref-1183-1\\\/#primaryimage\"},\"image\":{\"@id\":\"https:\\\/\\\/districos.standingout.be\\\/fr\\\/product\\\/strings-jetables-pour-hommes-noir-24-pcs-ref-1183-1\\\/#primaryimage\"},\"thumbnailUrl\":\"https:\\\/\\\/districos.standingout.be\\\/wp-content\\\/uploads\\\/2025\\\/07\\\/1183.1@HighRes_0_99.png\",\"datePublished\":\"2026-04-27T23:51:50+00:00\",\"dateModified\":\"2026-04-27T23:51:51+00:00\",\"breadcrumb\":{\"@id\":\"https:\\\/\\\/districos.standingout.be\\\/fr\\\/product\\\/strings-jetables-pour-hommes-noir-24-pcs-ref-1183-1\\\/#breadcrumb\"},\"inLanguage\":\"fr-FR\",\"potentialAction\":[{\"@type\":\"ReadAction\",\"target\":[\"https:\\\/\\\/districos.standingout.be\\\/fr\\\/product\\\/strings-jetables-pour-hommes-noir-24-pcs-ref-1183-1\\\/\"]}]},{\"@type\":\"ImageObject\",\"inLanguage\":\"fr-FR\",\"@id\":\"https:\\\/\\\/districos.standingout.be\\\/fr\\\/product\\\/strings-jetables-pour-hommes-noir-24-pcs-ref-1183-1\\\/#primaryimage\",\"url\":\"https:\\\/\\\/districos.standingout.be\\\/wp-content\\\/uploads\\\/2025\\\/07\\\/1183.1@HighRes_0_99.png\",\"contentUrl\":\"https:\\\/\\\/districos.standingout.be\\\/wp-content\\\/uploads\\\/2025\\\/07\\\/1183.1@HighRes_0_99.png\",\"width\":600,\"height\":600},{\"@type\":\"BreadcrumbList\",\"@id\":\"https:\\\/\\\/districos.standingout.be\\\/fr\\\/product\\\/strings-jetables-pour-hommes-noir-24-pcs-ref-1183-1\\\/#breadcrumb\",\"itemListElement\":[{\"@type\":\"ListItem\",\"position\":1,\"name\":\"Home\",\"item\":\"https:\\\/\\\/districos.standingout.be\\\/fr\\\/bienvenue-chez-districos\\\/\"},{\"@type\":\"ListItem\",\"position\":2,\"name\":\"Boutique\",\"item\":\"https:\\\/\\\/districos.standingout.be\\\/fr\\\/boutique\\\/\"},{\"@type\":\"ListItem\",\"position\":3,\"name\":\"Strings Jetables pour Hommes Noir 24 pcs.\"}]},{\"@type\":\"WebSite\",\"@id\":\"https:\\\/\\\/districos.standingout.be\\\/fr\\\/#website\",\"url\":\"https:\\\/\\\/districos.standingout.be\\\/fr\\\/\",\"name\":\"Districos Webshop\",\"description\":\"\",\"publisher\":{\"@id\":\"https:\\\/\\\/districos.standingout.be\\\/fr\\\/#organization\"},\"potentialAction\":[{\"@type\":\"SearchAction\",\"target\":{\"@type\":\"EntryPoint\",\"urlTemplate\":\"https:\\\/\\\/districos.standingout.be\\\/fr\\\/?s={search_term_string}\"},\"query-input\":{\"@type\":\"PropertyValueSpecification\",\"valueRequired\":true,\"valueName\":\"search_term_string\"}}],\"inLanguage\":\"fr-FR\"},{\"@type\":\"Organization\",\"@id\":\"https:\\\/\\\/districos.standingout.be\\\/fr\\\/#organization\",\"name\":\"Districos Webshop\",\"url\":\"https:\\\/\\\/districos.standingout.be\\\/fr\\\/\",\"logo\":{\"@type\":\"ImageObject\",\"inLanguage\":\"fr-FR\",\"@id\":\"https:\\\/\\\/districos.standingout.be\\\/fr\\\/#\\\/schema\\\/logo\\\/image\\\/\",\"url\":\"https:\\\/\\\/districos.standingout.be\\\/wp-content\\\/uploads\\\/2022\\\/09\\\/Districos_Logo_Webshop.svg\",\"contentUrl\":\"https:\\\/\\\/districos.standingout.be\\\/wp-content\\\/uploads\\\/2022\\\/09\\\/Districos_Logo_Webshop.svg\",\"caption\":\"Districos Webshop\"},\"image\":{\"@id\":\"https:\\\/\\\/districos.standingout.be\\\/fr\\\/#\\\/schema\\\/logo\\\/image\\\/\"}}]}<\/script>\n<!-- \/ Yoast SEO plugin. -->","yoast_head_json":{"title":"Strings Jetables pour Hommes Noir 24 pcs. - Districos Webshop","robots":{"index":"noindex","follow":"follow","max-snippet":"max-snippet:-1","max-image-preview":"max-image-preview:large","max-video-preview":"max-video-preview:-1"},"og_locale":"fr_FR","og_type":"article","og_title":"Strings Jetables pour Hommes Noir 24 pcs. - Districos Webshop","og_description":"Strings noirs \u00e0 \u00e9lastique pour usage unique. Appropri\u00e9s pour toutes les tailles. Couleur : noir Mati\u00e8re : papier l\u00e9ger (non-tiss\u00e9) Emballage : sachet de 24 pi\u00e8ces \u00c9galement disponible : Strings Jetables pour Hommes 96 pcs. (R\u00e9f. 1183.2) Boxer-Short Jetable pour Hommes Bleu 20 pcs. (R\u00e9f. 1183.3)","og_url":"https:\/\/districos.standingout.be\/fr\/product\/strings-jetables-pour-hommes-noir-24-pcs-ref-1183-1\/","og_site_name":"Districos Webshop","article_modified_time":"2026-04-27T23:51:51+00:00","twitter_card":"summary_large_image","schema":{"@context":"https:\/\/schema.org","@graph":[{"@type":"WebPage","@id":"https:\/\/districos.standingout.be\/fr\/product\/strings-jetables-pour-hommes-noir-24-pcs-ref-1183-1\/","url":"https:\/\/districos.standingout.be\/fr\/product\/strings-jetables-pour-hommes-noir-24-pcs-ref-1183-1\/","name":"Strings Jetables pour Hommes Noir 24 pcs. - Districos Webshop","isPartOf":{"@id":"https:\/\/districos.standingout.be\/fr\/#website"},"primaryImageOfPage":{"@id":"https:\/\/districos.standingout.be\/fr\/product\/strings-jetables-pour-hommes-noir-24-pcs-ref-1183-1\/#primaryimage"},"image":{"@id":"https:\/\/districos.standingout.be\/fr\/product\/strings-jetables-pour-hommes-noir-24-pcs-ref-1183-1\/#primaryimage"},"thumbnailUrl":"https:\/\/districos.standingout.be\/wp-content\/uploads\/2025\/07\/1183.1@HighRes_0_99.png","datePublished":"2026-04-27T23:51:50+00:00","dateModified":"2026-04-27T23:51:51+00:00","breadcrumb":{"@id":"https:\/\/districos.standingout.be\/fr\/product\/strings-jetables-pour-hommes-noir-24-pcs-ref-1183-1\/#breadcrumb"},"inLanguage":"fr-FR","potentialAction":[{"@type":"ReadAction","target":["https:\/\/districos.standingout.be\/fr\/product\/strings-jetables-pour-hommes-noir-24-pcs-ref-1183-1\/"]}]},{"@type":"ImageObject","inLanguage":"fr-FR","@id":"https:\/\/districos.standingout.be\/fr\/product\/strings-jetables-pour-hommes-noir-24-pcs-ref-1183-1\/#primaryimage","url":"https:\/\/districos.standingout.be\/wp-content\/uploads\/2025\/07\/1183.1@HighRes_0_99.png","contentUrl":"https:\/\/districos.standingout.be\/wp-content\/uploads\/2025\/07\/1183.1@HighRes_0_99.png","width":600,"height":600},{"@type":"BreadcrumbList","@id":"https:\/\/districos.standingout.be\/fr\/product\/strings-jetables-pour-hommes-noir-24-pcs-ref-1183-1\/#breadcrumb","itemListElement":[{"@type":"ListItem","position":1,"name":"Home","item":"https:\/\/districos.standingout.be\/fr\/bienvenue-chez-districos\/"},{"@type":"ListItem","position":2,"name":"Boutique","item":"https:\/\/districos.standingout.be\/fr\/boutique\/"},{"@type":"ListItem","position":3,"name":"Strings Jetables pour Hommes Noir 24 pcs."}]},{"@type":"WebSite","@id":"https:\/\/districos.standingout.be\/fr\/#website","url":"https:\/\/districos.standingout.be\/fr\/","name":"Districos Webshop","description":"","publisher":{"@id":"https:\/\/districos.standingout.be\/fr\/#organization"},"potentialAction":[{"@type":"SearchAction","target":{"@type":"EntryPoint","urlTemplate":"https:\/\/districos.standingout.be\/fr\/?s={search_term_string}"},"query-input":{"@type":"PropertyValueSpecification","valueRequired":true,"valueName":"search_term_string"}}],"inLanguage":"fr-FR"},{"@type":"Organization","@id":"https:\/\/districos.standingout.be\/fr\/#organization","name":"Districos Webshop","url":"https:\/\/districos.standingout.be\/fr\/","logo":{"@type":"ImageObject","inLanguage":"fr-FR","@id":"https:\/\/districos.standingout.be\/fr\/#\/schema\/logo\/image\/","url":"https:\/\/districos.standingout.be\/wp-content\/uploads\/2022\/09\/Districos_Logo_Webshop.svg","contentUrl":"https:\/\/districos.standingout.be\/wp-content\/uploads\/2022\/09\/Districos_Logo_Webshop.svg","caption":"Districos Webshop"},"image":{"@id":"https:\/\/districos.standingout.be\/fr\/#\/schema\/logo\/image\/"}}]}},"_links":{"self":[{"href":"https:\/\/districos.standingout.be\/fr\/wp-json\/wp\/v2\/product\/133808","targetHints":{"allow":["GET"]}}],"collection":[{"href":"https:\/\/districos.standingout.be\/fr\/wp-json\/wp\/v2\/product"}],"about":[{"href":"https:\/\/districos.standingout.be\/fr\/wp-json\/wp\/v2\/types\/product"}],"replies":[{"embeddable":true,"href":"https:\/\/districos.standingout.be\/fr\/wp-json\/wp\/v2\/comments?post=133808"}],"wp:featuredmedia":[{"embeddable":true,"href":"https:\/\/districos.standingout.be\/fr\/wp-json\/wp\/v2\/media\/70143"}],"wp:attachment":[{"href":"https:\/\/districos.standingout.be\/fr\/wp-json\/wp\/v2\/media?parent=133808"}],"wp:term":[{"taxonomy":"product_brand","embeddable":true,"href":"https:\/\/districos.standingout.be\/fr\/wp-json\/wp\/v2\/product_brand?post=133808"},{"taxonomy":"product_cat","embeddable":true,"href":"https:\/\/districos.standingout.be\/fr\/wp-json\/wp\/v2\/product_cat?post=133808"},{"taxonomy":"product_tag","embeddable":true,"href":"https:\/\/districos.standingout.be\/fr\/wp-json\/wp\/v2\/product_tag?post=133808"}],"curies":[{"name":"wp","href":"https:\/\/api.w.org\/{rel}","templated":true}]}}