{"id":133824,"date":"2026-04-28T01:52:20","date_gmt":"2026-04-27T23:52:20","guid":{"rendered":"https:\/\/webshopdistricoscom.webhosting.be\/product\/depileve-neo-chauffe-cire-noir-800-g-ref-1203\/"},"modified":"2026-04-28T01:52:21","modified_gmt":"2026-04-27T23:52:21","slug":"depileve-neo-chauffe-cire-noir-800-g-ref-1203","status":"publish","type":"product","link":"https:\/\/districos.standingout.be\/fr\/product\/depileve-neo-chauffe-cire-noir-800-g-ref-1203\/","title":{"rendered":"Depil\u00e8ve Neo Chauffe-Cire Noir 800 g"},"content":{"rendered":"<p >\n<\/p>\n<\/p>\n<p><span lang=\"FR\">\u00c0 l\u2019aide de ce chauffe-cire Depil\u00e8ve avec couvercle, vous ne travaillez non seulement hygi\u00e9nique, vous \u00e9conomisez aussi de l\u2019\u00e9nergie. Gr\u00e2ce \u00e0 l\u2019\u00e9l\u00e9ment chauffant puissant, la cire fond rapidement et uniform\u00e9ment. Le chauffe-cartouches est fabriqu\u00e9 en plastique ABS r\u00e9sistant \u00e0 la chaleur qui ne se d\u00e9colore pas et les bases antid\u00e9rapantes fournissent l\u2019appareil de la stabilit\u00e9 et \u00e9vitent les chutes ou accidents.<\/span><\/p>\n<\/p>\n<ul>\n<li><span lang=\"FR\">Le thermostat est progressivement r\u00e9glable.<\/span><\/li>\n<li><span lang=\"FR\">Facile \u00e0 nettoyer gr\u00e2ce \u00e0 la forme pratique et le plastique ABS qui est facile \u00e0 entretenir.<\/span><\/li>\n<li><span lang=\"FR\">CE approuv\u00e9.<\/span><\/li>\n<li><span lang=\"FR\">Contenu : 800 g.<\/span><\/li>\n<li><span lang=\"FR\">Puissance : 300 W.<\/span><\/li>\n<li><span lang=\"FR\">Thermostat et temp\u00e9rature : 40-120 \u00b0C.<\/span><\/li>\n<li><span lang=\"FR\">Bouton marche\/arr\u00eat : 1.<\/span><\/li>\n<li><span lang=\"DE\">Dimensions : 19 x 21 x 15,5 cm.<\/span><\/li>\n<li><span lang=\"DE\">Poids : 840 g.<\/span><\/li>\n<\/ul>\n<div><b>Aussi disponible<\/b><\/div>\n<div>Depil\u00e8ve Neo Chauffe-Cire Noir 400 g (<a href=\"https:\/\/districos.com\/ProductDetail\/1204\" target=\"_blank\" rel=\"noopener noreferrer nofollow\">r\u00e9f. 1204<\/a>)<\/div><\/p>\n","protected":false},"excerpt":{"rendered":"<p>\u00c0 l\u2019aide de ce chauffe-cire Depil\u00e8ve avec couvercle, vous ne travaillez non seulement hygi\u00e9nique, vous \u00e9conomisez aussi de l\u2019\u00e9nergie. Gr\u00e2ce \u00e0 l\u2019\u00e9l\u00e9ment chauffant puissant, la cire fond rapidement et uniform\u00e9ment. Le chauffe-cartouches est fabriqu\u00e9 en plastique ABS r\u00e9sistant \u00e0 la chaleur qui ne se d\u00e9colore pas et les bases antid\u00e9rapantes fournissent l\u2019appareil de la stabilit\u00e9 [&hellip;]<\/p>\n","protected":false},"featured_media":108316,"comment_status":"open","ping_status":"closed","template":"","meta":{"_acf_changed":false},"product_brand":[10388],"product_cat":[9924],"product_tag":[],"class_list":{"0":"post-133824","1":"product","2":"type-product","3":"status-publish","4":"has-post-thumbnail","6":"product_brand-depileve_barbepil-fr","7":"product_cat-beaute-epilation-equipement","9":"first","10":"instock","11":"taxable","12":"shipping-taxable","13":"product-type-simple"},"acf":[],"yoast_head":"<!-- This site is optimized with the Yoast SEO plugin v27.3 - https:\/\/yoast.com\/product\/yoast-seo-wordpress\/ -->\n<title>Depil\u00e8ve Neo Chauffe-Cire Noir 800 g - Districos Webshop<\/title>\n<meta name=\"robots\" content=\"noindex, follow, max-snippet:-1, max-image-preview:large, max-video-preview:-1\" \/>\n<meta property=\"og:locale\" content=\"fr_FR\" \/>\n<meta property=\"og:type\" content=\"article\" \/>\n<meta property=\"og:title\" content=\"Depil\u00e8ve Neo Chauffe-Cire Noir 800 g - Districos Webshop\" \/>\n<meta property=\"og:description\" content=\"\u00c0 l\u2019aide de ce chauffe-cire Depil\u00e8ve avec couvercle, vous ne travaillez non seulement hygi\u00e9nique, vous \u00e9conomisez aussi de l\u2019\u00e9nergie. Gr\u00e2ce \u00e0 l\u2019\u00e9l\u00e9ment chauffant puissant, la cire fond rapidement et uniform\u00e9ment. Le chauffe-cartouches est fabriqu\u00e9 en plastique ABS r\u00e9sistant \u00e0 la chaleur qui ne se d\u00e9colore pas et les bases antid\u00e9rapantes fournissent l\u2019appareil de la stabilit\u00e9 [&hellip;]\" \/>\n<meta property=\"og:url\" content=\"https:\/\/districos.standingout.be\/fr\/product\/depileve-neo-chauffe-cire-noir-800-g-ref-1203\/\" \/>\n<meta property=\"og:site_name\" content=\"Districos Webshop\" \/>\n<meta property=\"article:modified_time\" content=\"2026-04-27T23:52:21+00:00\" \/>\n<meta property=\"og:image\" content=\"https:\/\/districos.standingout.be\/wp-content\/uploads\/2026\/03\/1203@LowRes_1_0.png\" \/>\n\t<meta property=\"og:image:width\" content=\"600\" \/>\n\t<meta property=\"og:image:height\" content=\"600\" \/>\n\t<meta property=\"og:image:type\" content=\"image\/png\" \/>\n<meta name=\"twitter:card\" content=\"summary_large_image\" \/>\n<meta name=\"twitter:label1\" content=\"Dur\u00e9e de lecture estim\u00e9e\" \/>\n\t<meta name=\"twitter:data1\" content=\"1 minute\" \/>\n<script type=\"application\/ld+json\" class=\"yoast-schema-graph\">{\"@context\":\"https:\\\/\\\/schema.org\",\"@graph\":[{\"@type\":\"WebPage\",\"@id\":\"https:\\\/\\\/districos.standingout.be\\\/fr\\\/product\\\/depileve-neo-chauffe-cire-noir-800-g-ref-1203\\\/\",\"url\":\"https:\\\/\\\/districos.standingout.be\\\/fr\\\/product\\\/depileve-neo-chauffe-cire-noir-800-g-ref-1203\\\/\",\"name\":\"Depil\u00e8ve Neo Chauffe-Cire Noir 800 g - Districos Webshop\",\"isPartOf\":{\"@id\":\"https:\\\/\\\/districos.standingout.be\\\/fr\\\/#website\"},\"primaryImageOfPage\":{\"@id\":\"https:\\\/\\\/districos.standingout.be\\\/fr\\\/product\\\/depileve-neo-chauffe-cire-noir-800-g-ref-1203\\\/#primaryimage\"},\"image\":{\"@id\":\"https:\\\/\\\/districos.standingout.be\\\/fr\\\/product\\\/depileve-neo-chauffe-cire-noir-800-g-ref-1203\\\/#primaryimage\"},\"thumbnailUrl\":\"https:\\\/\\\/districos.standingout.be\\\/wp-content\\\/uploads\\\/2026\\\/03\\\/1203@LowRes_1_0.png\",\"datePublished\":\"2026-04-27T23:52:20+00:00\",\"dateModified\":\"2026-04-27T23:52:21+00:00\",\"breadcrumb\":{\"@id\":\"https:\\\/\\\/districos.standingout.be\\\/fr\\\/product\\\/depileve-neo-chauffe-cire-noir-800-g-ref-1203\\\/#breadcrumb\"},\"inLanguage\":\"fr-FR\",\"potentialAction\":[{\"@type\":\"ReadAction\",\"target\":[\"https:\\\/\\\/districos.standingout.be\\\/fr\\\/product\\\/depileve-neo-chauffe-cire-noir-800-g-ref-1203\\\/\"]}]},{\"@type\":\"ImageObject\",\"inLanguage\":\"fr-FR\",\"@id\":\"https:\\\/\\\/districos.standingout.be\\\/fr\\\/product\\\/depileve-neo-chauffe-cire-noir-800-g-ref-1203\\\/#primaryimage\",\"url\":\"https:\\\/\\\/districos.standingout.be\\\/wp-content\\\/uploads\\\/2026\\\/03\\\/1203@LowRes_1_0.png\",\"contentUrl\":\"https:\\\/\\\/districos.standingout.be\\\/wp-content\\\/uploads\\\/2026\\\/03\\\/1203@LowRes_1_0.png\",\"width\":600,\"height\":600},{\"@type\":\"BreadcrumbList\",\"@id\":\"https:\\\/\\\/districos.standingout.be\\\/fr\\\/product\\\/depileve-neo-chauffe-cire-noir-800-g-ref-1203\\\/#breadcrumb\",\"itemListElement\":[{\"@type\":\"ListItem\",\"position\":1,\"name\":\"Home\",\"item\":\"https:\\\/\\\/districos.standingout.be\\\/fr\\\/bienvenue-chez-districos\\\/\"},{\"@type\":\"ListItem\",\"position\":2,\"name\":\"Boutique\",\"item\":\"https:\\\/\\\/districos.standingout.be\\\/fr\\\/boutique\\\/\"},{\"@type\":\"ListItem\",\"position\":3,\"name\":\"Depil\u00e8ve Neo Chauffe-Cire Noir 800 g\"}]},{\"@type\":\"WebSite\",\"@id\":\"https:\\\/\\\/districos.standingout.be\\\/fr\\\/#website\",\"url\":\"https:\\\/\\\/districos.standingout.be\\\/fr\\\/\",\"name\":\"Districos Webshop\",\"description\":\"\",\"publisher\":{\"@id\":\"https:\\\/\\\/districos.standingout.be\\\/fr\\\/#organization\"},\"potentialAction\":[{\"@type\":\"SearchAction\",\"target\":{\"@type\":\"EntryPoint\",\"urlTemplate\":\"https:\\\/\\\/districos.standingout.be\\\/fr\\\/?s={search_term_string}\"},\"query-input\":{\"@type\":\"PropertyValueSpecification\",\"valueRequired\":true,\"valueName\":\"search_term_string\"}}],\"inLanguage\":\"fr-FR\"},{\"@type\":\"Organization\",\"@id\":\"https:\\\/\\\/districos.standingout.be\\\/fr\\\/#organization\",\"name\":\"Districos Webshop\",\"url\":\"https:\\\/\\\/districos.standingout.be\\\/fr\\\/\",\"logo\":{\"@type\":\"ImageObject\",\"inLanguage\":\"fr-FR\",\"@id\":\"https:\\\/\\\/districos.standingout.be\\\/fr\\\/#\\\/schema\\\/logo\\\/image\\\/\",\"url\":\"https:\\\/\\\/districos.standingout.be\\\/wp-content\\\/uploads\\\/2022\\\/09\\\/Districos_Logo_Webshop.svg\",\"contentUrl\":\"https:\\\/\\\/districos.standingout.be\\\/wp-content\\\/uploads\\\/2022\\\/09\\\/Districos_Logo_Webshop.svg\",\"caption\":\"Districos Webshop\"},\"image\":{\"@id\":\"https:\\\/\\\/districos.standingout.be\\\/fr\\\/#\\\/schema\\\/logo\\\/image\\\/\"}}]}<\/script>\n<!-- \/ Yoast SEO plugin. -->","yoast_head_json":{"title":"Depil\u00e8ve Neo Chauffe-Cire Noir 800 g - Districos Webshop","robots":{"index":"noindex","follow":"follow","max-snippet":"max-snippet:-1","max-image-preview":"max-image-preview:large","max-video-preview":"max-video-preview:-1"},"og_locale":"fr_FR","og_type":"article","og_title":"Depil\u00e8ve Neo Chauffe-Cire Noir 800 g - Districos Webshop","og_description":"\u00c0 l\u2019aide de ce chauffe-cire Depil\u00e8ve avec couvercle, vous ne travaillez non seulement hygi\u00e9nique, vous \u00e9conomisez aussi de l\u2019\u00e9nergie. Gr\u00e2ce \u00e0 l\u2019\u00e9l\u00e9ment chauffant puissant, la cire fond rapidement et uniform\u00e9ment. Le chauffe-cartouches est fabriqu\u00e9 en plastique ABS r\u00e9sistant \u00e0 la chaleur qui ne se d\u00e9colore pas et les bases antid\u00e9rapantes fournissent l\u2019appareil de la stabilit\u00e9 [&hellip;]","og_url":"https:\/\/districos.standingout.be\/fr\/product\/depileve-neo-chauffe-cire-noir-800-g-ref-1203\/","og_site_name":"Districos Webshop","article_modified_time":"2026-04-27T23:52:21+00:00","og_image":[{"width":600,"height":600,"url":"https:\/\/districos.standingout.be\/wp-content\/uploads\/2026\/03\/1203@LowRes_1_0.png","type":"image\/png"}],"twitter_card":"summary_large_image","twitter_misc":{"Dur\u00e9e de lecture estim\u00e9e":"1 minute"},"schema":{"@context":"https:\/\/schema.org","@graph":[{"@type":"WebPage","@id":"https:\/\/districos.standingout.be\/fr\/product\/depileve-neo-chauffe-cire-noir-800-g-ref-1203\/","url":"https:\/\/districos.standingout.be\/fr\/product\/depileve-neo-chauffe-cire-noir-800-g-ref-1203\/","name":"Depil\u00e8ve Neo Chauffe-Cire Noir 800 g - Districos Webshop","isPartOf":{"@id":"https:\/\/districos.standingout.be\/fr\/#website"},"primaryImageOfPage":{"@id":"https:\/\/districos.standingout.be\/fr\/product\/depileve-neo-chauffe-cire-noir-800-g-ref-1203\/#primaryimage"},"image":{"@id":"https:\/\/districos.standingout.be\/fr\/product\/depileve-neo-chauffe-cire-noir-800-g-ref-1203\/#primaryimage"},"thumbnailUrl":"https:\/\/districos.standingout.be\/wp-content\/uploads\/2026\/03\/1203@LowRes_1_0.png","datePublished":"2026-04-27T23:52:20+00:00","dateModified":"2026-04-27T23:52:21+00:00","breadcrumb":{"@id":"https:\/\/districos.standingout.be\/fr\/product\/depileve-neo-chauffe-cire-noir-800-g-ref-1203\/#breadcrumb"},"inLanguage":"fr-FR","potentialAction":[{"@type":"ReadAction","target":["https:\/\/districos.standingout.be\/fr\/product\/depileve-neo-chauffe-cire-noir-800-g-ref-1203\/"]}]},{"@type":"ImageObject","inLanguage":"fr-FR","@id":"https:\/\/districos.standingout.be\/fr\/product\/depileve-neo-chauffe-cire-noir-800-g-ref-1203\/#primaryimage","url":"https:\/\/districos.standingout.be\/wp-content\/uploads\/2026\/03\/1203@LowRes_1_0.png","contentUrl":"https:\/\/districos.standingout.be\/wp-content\/uploads\/2026\/03\/1203@LowRes_1_0.png","width":600,"height":600},{"@type":"BreadcrumbList","@id":"https:\/\/districos.standingout.be\/fr\/product\/depileve-neo-chauffe-cire-noir-800-g-ref-1203\/#breadcrumb","itemListElement":[{"@type":"ListItem","position":1,"name":"Home","item":"https:\/\/districos.standingout.be\/fr\/bienvenue-chez-districos\/"},{"@type":"ListItem","position":2,"name":"Boutique","item":"https:\/\/districos.standingout.be\/fr\/boutique\/"},{"@type":"ListItem","position":3,"name":"Depil\u00e8ve Neo Chauffe-Cire Noir 800 g"}]},{"@type":"WebSite","@id":"https:\/\/districos.standingout.be\/fr\/#website","url":"https:\/\/districos.standingout.be\/fr\/","name":"Districos Webshop","description":"","publisher":{"@id":"https:\/\/districos.standingout.be\/fr\/#organization"},"potentialAction":[{"@type":"SearchAction","target":{"@type":"EntryPoint","urlTemplate":"https:\/\/districos.standingout.be\/fr\/?s={search_term_string}"},"query-input":{"@type":"PropertyValueSpecification","valueRequired":true,"valueName":"search_term_string"}}],"inLanguage":"fr-FR"},{"@type":"Organization","@id":"https:\/\/districos.standingout.be\/fr\/#organization","name":"Districos Webshop","url":"https:\/\/districos.standingout.be\/fr\/","logo":{"@type":"ImageObject","inLanguage":"fr-FR","@id":"https:\/\/districos.standingout.be\/fr\/#\/schema\/logo\/image\/","url":"https:\/\/districos.standingout.be\/wp-content\/uploads\/2022\/09\/Districos_Logo_Webshop.svg","contentUrl":"https:\/\/districos.standingout.be\/wp-content\/uploads\/2022\/09\/Districos_Logo_Webshop.svg","caption":"Districos Webshop"},"image":{"@id":"https:\/\/districos.standingout.be\/fr\/#\/schema\/logo\/image\/"}}]}},"_links":{"self":[{"href":"https:\/\/districos.standingout.be\/fr\/wp-json\/wp\/v2\/product\/133824","targetHints":{"allow":["GET"]}}],"collection":[{"href":"https:\/\/districos.standingout.be\/fr\/wp-json\/wp\/v2\/product"}],"about":[{"href":"https:\/\/districos.standingout.be\/fr\/wp-json\/wp\/v2\/types\/product"}],"replies":[{"embeddable":true,"href":"https:\/\/districos.standingout.be\/fr\/wp-json\/wp\/v2\/comments?post=133824"}],"wp:featuredmedia":[{"embeddable":true,"href":"https:\/\/districos.standingout.be\/fr\/wp-json\/wp\/v2\/media\/108316"}],"wp:attachment":[{"href":"https:\/\/districos.standingout.be\/fr\/wp-json\/wp\/v2\/media?parent=133824"}],"wp:term":[{"taxonomy":"product_brand","embeddable":true,"href":"https:\/\/districos.standingout.be\/fr\/wp-json\/wp\/v2\/product_brand?post=133824"},{"taxonomy":"product_cat","embeddable":true,"href":"https:\/\/districos.standingout.be\/fr\/wp-json\/wp\/v2\/product_cat?post=133824"},{"taxonomy":"product_tag","embeddable":true,"href":"https:\/\/districos.standingout.be\/fr\/wp-json\/wp\/v2\/product_tag?post=133824"}],"curies":[{"name":"wp","href":"https:\/\/api.w.org\/{rel}","templated":true}]}}