{"id":133828,"date":"2026-04-28T01:52:23","date_gmt":"2026-04-27T23:52:23","guid":{"rendered":"https:\/\/webshopdistricoscom.webhosting.be\/product\/depileve-gueridon-de-travail-mobile-ref-1207-11\/"},"modified":"2026-04-28T01:52:28","modified_gmt":"2026-04-27T23:52:28","slug":"depileve-gueridon-de-travail-mobile-ref-1207-11","status":"publish","type":"product","link":"https:\/\/districos.standingout.be\/fr\/product\/depileve-gueridon-de-travail-mobile-ref-1207-11\/","title":{"rendered":"Depil\u00e8ve Gu\u00e9ridon de Travail Mobile"},"content":{"rendered":"<p >\n<\/p>\n<\/p>\n<p><font size=\"2\"><span lang=\"FR\">Gr\u00e2ce \u00e0 ce chariot de travail pratique et mobile, tout le mat\u00e9riel dont vous avez besoin pour l\u2019\u00e9pilation \u00e0 la cire est toujours \u00e0 port\u00e9e de main! La stabilit\u00e9 du chariot garantit un grand confort et une facilit\u00e9 d\u2019emploi consid\u00e9rable.<o:p><\/o:p><\/span><\/font><\/p>\n<p><font size=\"2\"><\/font><\/p>\n<ul>\n<li><font size=\"2\"><span>\u00c9quip\u00e9 de compartiments de rangement ajust\u00e9s et d\u2019une poubelle utile.<\/span><\/font><\/li>\n<li><font size=\"2\"><span lang=\"FR\">Forme pratique.<\/span><\/font><\/li>\n<li><font size=\"2\"><span lang=\"FR\">Ranger votre mat\u00e9riel n\u2019est plus n\u00e9cessaire.<\/span><\/font><\/li>\n<li><font size=\"2\"><span lang=\"FR\">Dimensions&nbsp;: 47 x 41 x 92,5 cm (L x l x h).<\/span><\/font><\/li>\n<li><font size=\"2\"><span lang=\"FR\">Couleur&nbsp;: blanc.<\/span><\/font><\/li>\n<li><font size=\"2\"><span lang=\"FR\">Mati\u00e8re&nbsp;: plastique.<\/span><\/font><\/li>\n<\/ul>\n<div><b>OPTIONNEL<\/b>&nbsp;: Plateau plat pour 2 Neo Chauffes-Cires 800 g reli\u00e9s ou 1 chauffe-paraffine\/parafango (<a href=\"https:\/\/districos.com\/ProductDetail\/1207.12\" target=\"_blank\" rel=\"noopener noreferrer nofollow\">r\u00e9f. 1207.12<\/a>).<\/div>\n<p><font size=\"2\"><\/font><\/p>\n<div><span><b>ATTENTION&nbsp;<\/b>:&nbsp;<\/span><span>Les chauffes-cires, -paraffine et\/ou \u2013parafango ne sont pas inclus.<\/span><\/div><\/p>\n","protected":false},"excerpt":{"rendered":"<p>Gr\u00e2ce \u00e0 ce chariot de travail pratique et mobile, tout le mat\u00e9riel dont vous avez besoin pour l\u2019\u00e9pilation \u00e0 la cire est toujours \u00e0 port\u00e9e de main! La stabilit\u00e9 du chariot garantit un grand confort et une facilit\u00e9 d\u2019emploi consid\u00e9rable. \u00c9quip\u00e9 de compartiments de rangement ajust\u00e9s et d\u2019une poubelle utile. Forme pratique. Ranger votre mat\u00e9riel [&hellip;]<\/p>\n","protected":false},"featured_media":70181,"comment_status":"open","ping_status":"closed","template":"","meta":{"_acf_changed":false},"product_brand":[10376],"product_cat":[10110,10233],"product_tag":[],"class_list":{"0":"post-133828","1":"product","2":"type-product","3":"status-publish","4":"has-post-thumbnail","6":"product_brand-depileve-fr","7":"product_cat-amenagement-amenagement-gueridons","8":"product_cat-amenagement-fauteuils-de-traitement-pedicure","10":"first","11":"instock","12":"taxable","13":"shipping-taxable","14":"product-type-simple"},"acf":[],"yoast_head":"<!-- This site is optimized with the Yoast SEO plugin v27.3 - https:\/\/yoast.com\/product\/yoast-seo-wordpress\/ -->\n<title>Depil\u00e8ve Gu\u00e9ridon de Travail Mobile - Districos Webshop<\/title>\n<meta name=\"robots\" content=\"noindex, follow, max-snippet:-1, max-image-preview:large, max-video-preview:-1\" \/>\n<meta property=\"og:locale\" content=\"fr_FR\" \/>\n<meta property=\"og:type\" content=\"article\" \/>\n<meta property=\"og:title\" content=\"Depil\u00e8ve Gu\u00e9ridon de Travail Mobile - Districos Webshop\" \/>\n<meta property=\"og:description\" content=\"Gr\u00e2ce \u00e0 ce chariot de travail pratique et mobile, tout le mat\u00e9riel dont vous avez besoin pour l\u2019\u00e9pilation \u00e0 la cire est toujours \u00e0 port\u00e9e de main! La stabilit\u00e9 du chariot garantit un grand confort et une facilit\u00e9 d\u2019emploi consid\u00e9rable. \u00c9quip\u00e9 de compartiments de rangement ajust\u00e9s et d\u2019une poubelle utile. Forme pratique. Ranger votre mat\u00e9riel [&hellip;]\" \/>\n<meta property=\"og:url\" content=\"https:\/\/districos.standingout.be\/fr\/product\/depileve-gueridon-de-travail-mobile-ref-1207-11\/\" \/>\n<meta property=\"og:site_name\" content=\"Districos Webshop\" \/>\n<meta property=\"article:modified_time\" content=\"2026-04-27T23:52:28+00:00\" \/>\n<meta property=\"og:image\" content=\"https:\/\/districos.standingout.be\/wp-content\/uploads\/2025\/07\/1207.11@LowRes_1.png\" \/>\n\t<meta property=\"og:image:width\" content=\"600\" \/>\n\t<meta property=\"og:image:height\" content=\"600\" \/>\n\t<meta property=\"og:image:type\" content=\"image\/png\" \/>\n<meta name=\"twitter:card\" content=\"summary_large_image\" \/>\n<meta name=\"twitter:label1\" content=\"Dur\u00e9e de lecture estim\u00e9e\" \/>\n\t<meta name=\"twitter:data1\" content=\"1 minute\" \/>\n<script type=\"application\/ld+json\" class=\"yoast-schema-graph\">{\"@context\":\"https:\\\/\\\/schema.org\",\"@graph\":[{\"@type\":\"WebPage\",\"@id\":\"https:\\\/\\\/districos.standingout.be\\\/fr\\\/product\\\/depileve-gueridon-de-travail-mobile-ref-1207-11\\\/\",\"url\":\"https:\\\/\\\/districos.standingout.be\\\/fr\\\/product\\\/depileve-gueridon-de-travail-mobile-ref-1207-11\\\/\",\"name\":\"Depil\u00e8ve Gu\u00e9ridon de Travail Mobile - Districos Webshop\",\"isPartOf\":{\"@id\":\"https:\\\/\\\/districos.standingout.be\\\/fr\\\/#website\"},\"primaryImageOfPage\":{\"@id\":\"https:\\\/\\\/districos.standingout.be\\\/fr\\\/product\\\/depileve-gueridon-de-travail-mobile-ref-1207-11\\\/#primaryimage\"},\"image\":{\"@id\":\"https:\\\/\\\/districos.standingout.be\\\/fr\\\/product\\\/depileve-gueridon-de-travail-mobile-ref-1207-11\\\/#primaryimage\"},\"thumbnailUrl\":\"https:\\\/\\\/districos.standingout.be\\\/wp-content\\\/uploads\\\/2025\\\/07\\\/1207.11@LowRes_1.png\",\"datePublished\":\"2026-04-27T23:52:23+00:00\",\"dateModified\":\"2026-04-27T23:52:28+00:00\",\"breadcrumb\":{\"@id\":\"https:\\\/\\\/districos.standingout.be\\\/fr\\\/product\\\/depileve-gueridon-de-travail-mobile-ref-1207-11\\\/#breadcrumb\"},\"inLanguage\":\"fr-FR\",\"potentialAction\":[{\"@type\":\"ReadAction\",\"target\":[\"https:\\\/\\\/districos.standingout.be\\\/fr\\\/product\\\/depileve-gueridon-de-travail-mobile-ref-1207-11\\\/\"]}]},{\"@type\":\"ImageObject\",\"inLanguage\":\"fr-FR\",\"@id\":\"https:\\\/\\\/districos.standingout.be\\\/fr\\\/product\\\/depileve-gueridon-de-travail-mobile-ref-1207-11\\\/#primaryimage\",\"url\":\"https:\\\/\\\/districos.standingout.be\\\/wp-content\\\/uploads\\\/2025\\\/07\\\/1207.11@LowRes_1.png\",\"contentUrl\":\"https:\\\/\\\/districos.standingout.be\\\/wp-content\\\/uploads\\\/2025\\\/07\\\/1207.11@LowRes_1.png\",\"width\":600,\"height\":600},{\"@type\":\"BreadcrumbList\",\"@id\":\"https:\\\/\\\/districos.standingout.be\\\/fr\\\/product\\\/depileve-gueridon-de-travail-mobile-ref-1207-11\\\/#breadcrumb\",\"itemListElement\":[{\"@type\":\"ListItem\",\"position\":1,\"name\":\"Home\",\"item\":\"https:\\\/\\\/districos.standingout.be\\\/fr\\\/bienvenue-chez-districos\\\/\"},{\"@type\":\"ListItem\",\"position\":2,\"name\":\"Boutique\",\"item\":\"https:\\\/\\\/districos.standingout.be\\\/fr\\\/boutique\\\/\"},{\"@type\":\"ListItem\",\"position\":3,\"name\":\"Depil\u00e8ve Gu\u00e9ridon de Travail Mobile\"}]},{\"@type\":\"WebSite\",\"@id\":\"https:\\\/\\\/districos.standingout.be\\\/fr\\\/#website\",\"url\":\"https:\\\/\\\/districos.standingout.be\\\/fr\\\/\",\"name\":\"Districos Webshop\",\"description\":\"\",\"publisher\":{\"@id\":\"https:\\\/\\\/districos.standingout.be\\\/fr\\\/#organization\"},\"potentialAction\":[{\"@type\":\"SearchAction\",\"target\":{\"@type\":\"EntryPoint\",\"urlTemplate\":\"https:\\\/\\\/districos.standingout.be\\\/fr\\\/?s={search_term_string}\"},\"query-input\":{\"@type\":\"PropertyValueSpecification\",\"valueRequired\":true,\"valueName\":\"search_term_string\"}}],\"inLanguage\":\"fr-FR\"},{\"@type\":\"Organization\",\"@id\":\"https:\\\/\\\/districos.standingout.be\\\/fr\\\/#organization\",\"name\":\"Districos Webshop\",\"url\":\"https:\\\/\\\/districos.standingout.be\\\/fr\\\/\",\"logo\":{\"@type\":\"ImageObject\",\"inLanguage\":\"fr-FR\",\"@id\":\"https:\\\/\\\/districos.standingout.be\\\/fr\\\/#\\\/schema\\\/logo\\\/image\\\/\",\"url\":\"https:\\\/\\\/districos.standingout.be\\\/wp-content\\\/uploads\\\/2022\\\/09\\\/Districos_Logo_Webshop.svg\",\"contentUrl\":\"https:\\\/\\\/districos.standingout.be\\\/wp-content\\\/uploads\\\/2022\\\/09\\\/Districos_Logo_Webshop.svg\",\"caption\":\"Districos Webshop\"},\"image\":{\"@id\":\"https:\\\/\\\/districos.standingout.be\\\/fr\\\/#\\\/schema\\\/logo\\\/image\\\/\"}}]}<\/script>\n<!-- \/ Yoast SEO plugin. -->","yoast_head_json":{"title":"Depil\u00e8ve Gu\u00e9ridon de Travail Mobile - Districos Webshop","robots":{"index":"noindex","follow":"follow","max-snippet":"max-snippet:-1","max-image-preview":"max-image-preview:large","max-video-preview":"max-video-preview:-1"},"og_locale":"fr_FR","og_type":"article","og_title":"Depil\u00e8ve Gu\u00e9ridon de Travail Mobile - Districos Webshop","og_description":"Gr\u00e2ce \u00e0 ce chariot de travail pratique et mobile, tout le mat\u00e9riel dont vous avez besoin pour l\u2019\u00e9pilation \u00e0 la cire est toujours \u00e0 port\u00e9e de main! La stabilit\u00e9 du chariot garantit un grand confort et une facilit\u00e9 d\u2019emploi consid\u00e9rable. \u00c9quip\u00e9 de compartiments de rangement ajust\u00e9s et d\u2019une poubelle utile. Forme pratique. Ranger votre mat\u00e9riel [&hellip;]","og_url":"https:\/\/districos.standingout.be\/fr\/product\/depileve-gueridon-de-travail-mobile-ref-1207-11\/","og_site_name":"Districos Webshop","article_modified_time":"2026-04-27T23:52:28+00:00","og_image":[{"width":600,"height":600,"url":"https:\/\/districos.standingout.be\/wp-content\/uploads\/2025\/07\/1207.11@LowRes_1.png","type":"image\/png"}],"twitter_card":"summary_large_image","twitter_misc":{"Dur\u00e9e de lecture estim\u00e9e":"1 minute"},"schema":{"@context":"https:\/\/schema.org","@graph":[{"@type":"WebPage","@id":"https:\/\/districos.standingout.be\/fr\/product\/depileve-gueridon-de-travail-mobile-ref-1207-11\/","url":"https:\/\/districos.standingout.be\/fr\/product\/depileve-gueridon-de-travail-mobile-ref-1207-11\/","name":"Depil\u00e8ve Gu\u00e9ridon de Travail Mobile - Districos Webshop","isPartOf":{"@id":"https:\/\/districos.standingout.be\/fr\/#website"},"primaryImageOfPage":{"@id":"https:\/\/districos.standingout.be\/fr\/product\/depileve-gueridon-de-travail-mobile-ref-1207-11\/#primaryimage"},"image":{"@id":"https:\/\/districos.standingout.be\/fr\/product\/depileve-gueridon-de-travail-mobile-ref-1207-11\/#primaryimage"},"thumbnailUrl":"https:\/\/districos.standingout.be\/wp-content\/uploads\/2025\/07\/1207.11@LowRes_1.png","datePublished":"2026-04-27T23:52:23+00:00","dateModified":"2026-04-27T23:52:28+00:00","breadcrumb":{"@id":"https:\/\/districos.standingout.be\/fr\/product\/depileve-gueridon-de-travail-mobile-ref-1207-11\/#breadcrumb"},"inLanguage":"fr-FR","potentialAction":[{"@type":"ReadAction","target":["https:\/\/districos.standingout.be\/fr\/product\/depileve-gueridon-de-travail-mobile-ref-1207-11\/"]}]},{"@type":"ImageObject","inLanguage":"fr-FR","@id":"https:\/\/districos.standingout.be\/fr\/product\/depileve-gueridon-de-travail-mobile-ref-1207-11\/#primaryimage","url":"https:\/\/districos.standingout.be\/wp-content\/uploads\/2025\/07\/1207.11@LowRes_1.png","contentUrl":"https:\/\/districos.standingout.be\/wp-content\/uploads\/2025\/07\/1207.11@LowRes_1.png","width":600,"height":600},{"@type":"BreadcrumbList","@id":"https:\/\/districos.standingout.be\/fr\/product\/depileve-gueridon-de-travail-mobile-ref-1207-11\/#breadcrumb","itemListElement":[{"@type":"ListItem","position":1,"name":"Home","item":"https:\/\/districos.standingout.be\/fr\/bienvenue-chez-districos\/"},{"@type":"ListItem","position":2,"name":"Boutique","item":"https:\/\/districos.standingout.be\/fr\/boutique\/"},{"@type":"ListItem","position":3,"name":"Depil\u00e8ve Gu\u00e9ridon de Travail Mobile"}]},{"@type":"WebSite","@id":"https:\/\/districos.standingout.be\/fr\/#website","url":"https:\/\/districos.standingout.be\/fr\/","name":"Districos Webshop","description":"","publisher":{"@id":"https:\/\/districos.standingout.be\/fr\/#organization"},"potentialAction":[{"@type":"SearchAction","target":{"@type":"EntryPoint","urlTemplate":"https:\/\/districos.standingout.be\/fr\/?s={search_term_string}"},"query-input":{"@type":"PropertyValueSpecification","valueRequired":true,"valueName":"search_term_string"}}],"inLanguage":"fr-FR"},{"@type":"Organization","@id":"https:\/\/districos.standingout.be\/fr\/#organization","name":"Districos Webshop","url":"https:\/\/districos.standingout.be\/fr\/","logo":{"@type":"ImageObject","inLanguage":"fr-FR","@id":"https:\/\/districos.standingout.be\/fr\/#\/schema\/logo\/image\/","url":"https:\/\/districos.standingout.be\/wp-content\/uploads\/2022\/09\/Districos_Logo_Webshop.svg","contentUrl":"https:\/\/districos.standingout.be\/wp-content\/uploads\/2022\/09\/Districos_Logo_Webshop.svg","caption":"Districos Webshop"},"image":{"@id":"https:\/\/districos.standingout.be\/fr\/#\/schema\/logo\/image\/"}}]}},"_links":{"self":[{"href":"https:\/\/districos.standingout.be\/fr\/wp-json\/wp\/v2\/product\/133828","targetHints":{"allow":["GET"]}}],"collection":[{"href":"https:\/\/districos.standingout.be\/fr\/wp-json\/wp\/v2\/product"}],"about":[{"href":"https:\/\/districos.standingout.be\/fr\/wp-json\/wp\/v2\/types\/product"}],"replies":[{"embeddable":true,"href":"https:\/\/districos.standingout.be\/fr\/wp-json\/wp\/v2\/comments?post=133828"}],"wp:featuredmedia":[{"embeddable":true,"href":"https:\/\/districos.standingout.be\/fr\/wp-json\/wp\/v2\/media\/70181"}],"wp:attachment":[{"href":"https:\/\/districos.standingout.be\/fr\/wp-json\/wp\/v2\/media?parent=133828"}],"wp:term":[{"taxonomy":"product_brand","embeddable":true,"href":"https:\/\/districos.standingout.be\/fr\/wp-json\/wp\/v2\/product_brand?post=133828"},{"taxonomy":"product_cat","embeddable":true,"href":"https:\/\/districos.standingout.be\/fr\/wp-json\/wp\/v2\/product_cat?post=133828"},{"taxonomy":"product_tag","embeddable":true,"href":"https:\/\/districos.standingout.be\/fr\/wp-json\/wp\/v2\/product_tag?post=133828"}],"curies":[{"name":"wp","href":"https:\/\/api.w.org\/{rel}","templated":true}]}}