{"id":133848,"date":"2026-04-28T01:53:26","date_gmt":"2026-04-27T23:53:26","guid":{"rendered":"https:\/\/webshopdistricoscom.webhosting.be\/product\/depileve-duo-roll-on-chauffe-cartouches-ref-1214-3\/"},"modified":"2026-04-28T01:53:27","modified_gmt":"2026-04-27T23:53:27","slug":"depileve-duo-roll-on-chauffe-cartouches-ref-1214-3","status":"publish","type":"product","link":"https:\/\/districos.standingout.be\/fr\/product\/depileve-duo-roll-on-chauffe-cartouches-ref-1214-3\/","title":{"rendered":"Depil\u00e8ve Duo Roll-On Chauffe-Cartouches"},"content":{"rendered":"<p >\n<\/p>\n<p><span lang=\"FR\">Avec ce chauffe-cartouche Depil\u00e8ve, vous travaillez \u00e0 la fois hygi\u00e9niquement et \u00e9conomisez aussi de l\u2019\u00e9nergie. Gr\u00e2ce \u00e0 un puissant \u00e9l\u00e9ment chauffant, la cire fond rapidement et uniform\u00e9ment. Il est fabriqu\u00e9 en plastique ABS r\u00e9sistant \u00e0 la chaleur qui ne se d\u00e9colore pas et ses bases antid\u00e9rapantes lui assurent une bonne stabilit\u00e9 pour&nbsp;<\/span><span>\u00e9viter les chutes ou les accidents.<\/span><\/p>\n<\/p>\n<ul>\n<li><span lang=\"FR\">Facile \u00e0 nettoyer gr\u00e2ce \u00e0 sa forme pratique et au plastique ABS, facile \u00e0 entretenir.<\/span><\/li>\n<li><span lang=\"FR\">CE approuv\u00e9.<\/span><\/li>\n<li><span lang=\"FR\">Contenu : 100 g par pi\u00e8ce.<\/span><\/li>\n<li><span lang=\"FR\">Puissance : 2 x 30 W.<\/span><\/li>\n<li><span lang=\"FR\">Thermostat et temp\u00e9rature : 80 \u00b0C.<\/span><\/li>\n<li><span lang=\"FR\">Bouton marche\/arr\u00eat : 1.<\/span><\/li>\n<li><span lang=\"FR\">Dimensions : 11 x 21 x 23,5 cm.<\/span><\/li>\n<li><span lang=\"FR\">Poids : 700 g.<\/span><\/li>\n<li><span lang=\"FR\">Syst\u00e8me complet : base et fil inclus.<\/span><\/li>\n<\/ul>\n","protected":false},"excerpt":{"rendered":"<p>Avec ce chauffe-cartouche Depil\u00e8ve, vous travaillez \u00e0 la fois hygi\u00e9niquement et \u00e9conomisez aussi de l\u2019\u00e9nergie. Gr\u00e2ce \u00e0 un puissant \u00e9l\u00e9ment chauffant, la cire fond rapidement et uniform\u00e9ment. Il est fabriqu\u00e9 en plastique ABS r\u00e9sistant \u00e0 la chaleur qui ne se d\u00e9colore pas et ses bases antid\u00e9rapantes lui assurent une bonne stabilit\u00e9 pour&nbsp;\u00e9viter les chutes ou [&hellip;]<\/p>\n","protected":false},"featured_media":70217,"comment_status":"open","ping_status":"closed","template":"","meta":{"_acf_changed":false},"product_brand":[10376],"product_cat":[9924],"product_tag":[],"class_list":{"0":"post-133848","1":"product","2":"type-product","3":"status-publish","4":"has-post-thumbnail","6":"product_brand-depileve-fr","7":"product_cat-beaute-epilation-equipement","9":"first","10":"instock","11":"taxable","12":"shipping-taxable","13":"product-type-simple"},"acf":[],"yoast_head":"<!-- This site is optimized with the Yoast SEO plugin v27.3 - https:\/\/yoast.com\/product\/yoast-seo-wordpress\/ -->\n<title>Depil\u00e8ve Duo Roll-On Chauffe-Cartouches - Districos Webshop<\/title>\n<meta name=\"robots\" content=\"noindex, follow, max-snippet:-1, max-image-preview:large, max-video-preview:-1\" \/>\n<meta property=\"og:locale\" content=\"fr_FR\" \/>\n<meta property=\"og:type\" content=\"article\" \/>\n<meta property=\"og:title\" content=\"Depil\u00e8ve Duo Roll-On Chauffe-Cartouches - Districos Webshop\" \/>\n<meta property=\"og:description\" content=\"Avec ce chauffe-cartouche Depil\u00e8ve, vous travaillez \u00e0 la fois hygi\u00e9niquement et \u00e9conomisez aussi de l\u2019\u00e9nergie. Gr\u00e2ce \u00e0 un puissant \u00e9l\u00e9ment chauffant, la cire fond rapidement et uniform\u00e9ment. Il est fabriqu\u00e9 en plastique ABS r\u00e9sistant \u00e0 la chaleur qui ne se d\u00e9colore pas et ses bases antid\u00e9rapantes lui assurent une bonne stabilit\u00e9 pour&nbsp;\u00e9viter les chutes ou [&hellip;]\" \/>\n<meta property=\"og:url\" content=\"https:\/\/districos.standingout.be\/fr\/product\/depileve-duo-roll-on-chauffe-cartouches-ref-1214-3\/\" \/>\n<meta property=\"og:site_name\" content=\"Districos Webshop\" \/>\n<meta property=\"article:modified_time\" content=\"2026-04-27T23:53:27+00:00\" \/>\n<meta property=\"og:image\" content=\"https:\/\/districos.standingout.be\/wp-content\/uploads\/2025\/07\/1214.3@LowRes_0.png\" \/>\n\t<meta property=\"og:image:width\" content=\"600\" \/>\n\t<meta property=\"og:image:height\" content=\"600\" \/>\n\t<meta property=\"og:image:type\" content=\"image\/png\" \/>\n<meta name=\"twitter:card\" content=\"summary_large_image\" \/>\n<meta name=\"twitter:label1\" content=\"Dur\u00e9e de lecture estim\u00e9e\" \/>\n\t<meta name=\"twitter:data1\" content=\"1 minute\" \/>\n<script type=\"application\/ld+json\" class=\"yoast-schema-graph\">{\"@context\":\"https:\\\/\\\/schema.org\",\"@graph\":[{\"@type\":\"WebPage\",\"@id\":\"https:\\\/\\\/districos.standingout.be\\\/fr\\\/product\\\/depileve-duo-roll-on-chauffe-cartouches-ref-1214-3\\\/\",\"url\":\"https:\\\/\\\/districos.standingout.be\\\/fr\\\/product\\\/depileve-duo-roll-on-chauffe-cartouches-ref-1214-3\\\/\",\"name\":\"Depil\u00e8ve Duo Roll-On Chauffe-Cartouches - Districos Webshop\",\"isPartOf\":{\"@id\":\"https:\\\/\\\/districos.standingout.be\\\/fr\\\/#website\"},\"primaryImageOfPage\":{\"@id\":\"https:\\\/\\\/districos.standingout.be\\\/fr\\\/product\\\/depileve-duo-roll-on-chauffe-cartouches-ref-1214-3\\\/#primaryimage\"},\"image\":{\"@id\":\"https:\\\/\\\/districos.standingout.be\\\/fr\\\/product\\\/depileve-duo-roll-on-chauffe-cartouches-ref-1214-3\\\/#primaryimage\"},\"thumbnailUrl\":\"https:\\\/\\\/districos.standingout.be\\\/wp-content\\\/uploads\\\/2025\\\/07\\\/1214.3@LowRes_0.png\",\"datePublished\":\"2026-04-27T23:53:26+00:00\",\"dateModified\":\"2026-04-27T23:53:27+00:00\",\"breadcrumb\":{\"@id\":\"https:\\\/\\\/districos.standingout.be\\\/fr\\\/product\\\/depileve-duo-roll-on-chauffe-cartouches-ref-1214-3\\\/#breadcrumb\"},\"inLanguage\":\"fr-FR\",\"potentialAction\":[{\"@type\":\"ReadAction\",\"target\":[\"https:\\\/\\\/districos.standingout.be\\\/fr\\\/product\\\/depileve-duo-roll-on-chauffe-cartouches-ref-1214-3\\\/\"]}]},{\"@type\":\"ImageObject\",\"inLanguage\":\"fr-FR\",\"@id\":\"https:\\\/\\\/districos.standingout.be\\\/fr\\\/product\\\/depileve-duo-roll-on-chauffe-cartouches-ref-1214-3\\\/#primaryimage\",\"url\":\"https:\\\/\\\/districos.standingout.be\\\/wp-content\\\/uploads\\\/2025\\\/07\\\/1214.3@LowRes_0.png\",\"contentUrl\":\"https:\\\/\\\/districos.standingout.be\\\/wp-content\\\/uploads\\\/2025\\\/07\\\/1214.3@LowRes_0.png\",\"width\":600,\"height\":600},{\"@type\":\"BreadcrumbList\",\"@id\":\"https:\\\/\\\/districos.standingout.be\\\/fr\\\/product\\\/depileve-duo-roll-on-chauffe-cartouches-ref-1214-3\\\/#breadcrumb\",\"itemListElement\":[{\"@type\":\"ListItem\",\"position\":1,\"name\":\"Home\",\"item\":\"https:\\\/\\\/districos.standingout.be\\\/fr\\\/bienvenue-chez-districos\\\/\"},{\"@type\":\"ListItem\",\"position\":2,\"name\":\"Boutique\",\"item\":\"https:\\\/\\\/districos.standingout.be\\\/fr\\\/boutique\\\/\"},{\"@type\":\"ListItem\",\"position\":3,\"name\":\"Depil\u00e8ve Duo Roll-On Chauffe-Cartouches\"}]},{\"@type\":\"WebSite\",\"@id\":\"https:\\\/\\\/districos.standingout.be\\\/fr\\\/#website\",\"url\":\"https:\\\/\\\/districos.standingout.be\\\/fr\\\/\",\"name\":\"Districos Webshop\",\"description\":\"\",\"publisher\":{\"@id\":\"https:\\\/\\\/districos.standingout.be\\\/fr\\\/#organization\"},\"potentialAction\":[{\"@type\":\"SearchAction\",\"target\":{\"@type\":\"EntryPoint\",\"urlTemplate\":\"https:\\\/\\\/districos.standingout.be\\\/fr\\\/?s={search_term_string}\"},\"query-input\":{\"@type\":\"PropertyValueSpecification\",\"valueRequired\":true,\"valueName\":\"search_term_string\"}}],\"inLanguage\":\"fr-FR\"},{\"@type\":\"Organization\",\"@id\":\"https:\\\/\\\/districos.standingout.be\\\/fr\\\/#organization\",\"name\":\"Districos Webshop\",\"url\":\"https:\\\/\\\/districos.standingout.be\\\/fr\\\/\",\"logo\":{\"@type\":\"ImageObject\",\"inLanguage\":\"fr-FR\",\"@id\":\"https:\\\/\\\/districos.standingout.be\\\/fr\\\/#\\\/schema\\\/logo\\\/image\\\/\",\"url\":\"https:\\\/\\\/districos.standingout.be\\\/wp-content\\\/uploads\\\/2022\\\/09\\\/Districos_Logo_Webshop.svg\",\"contentUrl\":\"https:\\\/\\\/districos.standingout.be\\\/wp-content\\\/uploads\\\/2022\\\/09\\\/Districos_Logo_Webshop.svg\",\"caption\":\"Districos Webshop\"},\"image\":{\"@id\":\"https:\\\/\\\/districos.standingout.be\\\/fr\\\/#\\\/schema\\\/logo\\\/image\\\/\"}}]}<\/script>\n<!-- \/ Yoast SEO plugin. -->","yoast_head_json":{"title":"Depil\u00e8ve Duo Roll-On Chauffe-Cartouches - Districos Webshop","robots":{"index":"noindex","follow":"follow","max-snippet":"max-snippet:-1","max-image-preview":"max-image-preview:large","max-video-preview":"max-video-preview:-1"},"og_locale":"fr_FR","og_type":"article","og_title":"Depil\u00e8ve Duo Roll-On Chauffe-Cartouches - Districos Webshop","og_description":"Avec ce chauffe-cartouche Depil\u00e8ve, vous travaillez \u00e0 la fois hygi\u00e9niquement et \u00e9conomisez aussi de l\u2019\u00e9nergie. Gr\u00e2ce \u00e0 un puissant \u00e9l\u00e9ment chauffant, la cire fond rapidement et uniform\u00e9ment. Il est fabriqu\u00e9 en plastique ABS r\u00e9sistant \u00e0 la chaleur qui ne se d\u00e9colore pas et ses bases antid\u00e9rapantes lui assurent une bonne stabilit\u00e9 pour&nbsp;\u00e9viter les chutes ou [&hellip;]","og_url":"https:\/\/districos.standingout.be\/fr\/product\/depileve-duo-roll-on-chauffe-cartouches-ref-1214-3\/","og_site_name":"Districos Webshop","article_modified_time":"2026-04-27T23:53:27+00:00","og_image":[{"width":600,"height":600,"url":"https:\/\/districos.standingout.be\/wp-content\/uploads\/2025\/07\/1214.3@LowRes_0.png","type":"image\/png"}],"twitter_card":"summary_large_image","twitter_misc":{"Dur\u00e9e de lecture estim\u00e9e":"1 minute"},"schema":{"@context":"https:\/\/schema.org","@graph":[{"@type":"WebPage","@id":"https:\/\/districos.standingout.be\/fr\/product\/depileve-duo-roll-on-chauffe-cartouches-ref-1214-3\/","url":"https:\/\/districos.standingout.be\/fr\/product\/depileve-duo-roll-on-chauffe-cartouches-ref-1214-3\/","name":"Depil\u00e8ve Duo Roll-On Chauffe-Cartouches - Districos Webshop","isPartOf":{"@id":"https:\/\/districos.standingout.be\/fr\/#website"},"primaryImageOfPage":{"@id":"https:\/\/districos.standingout.be\/fr\/product\/depileve-duo-roll-on-chauffe-cartouches-ref-1214-3\/#primaryimage"},"image":{"@id":"https:\/\/districos.standingout.be\/fr\/product\/depileve-duo-roll-on-chauffe-cartouches-ref-1214-3\/#primaryimage"},"thumbnailUrl":"https:\/\/districos.standingout.be\/wp-content\/uploads\/2025\/07\/1214.3@LowRes_0.png","datePublished":"2026-04-27T23:53:26+00:00","dateModified":"2026-04-27T23:53:27+00:00","breadcrumb":{"@id":"https:\/\/districos.standingout.be\/fr\/product\/depileve-duo-roll-on-chauffe-cartouches-ref-1214-3\/#breadcrumb"},"inLanguage":"fr-FR","potentialAction":[{"@type":"ReadAction","target":["https:\/\/districos.standingout.be\/fr\/product\/depileve-duo-roll-on-chauffe-cartouches-ref-1214-3\/"]}]},{"@type":"ImageObject","inLanguage":"fr-FR","@id":"https:\/\/districos.standingout.be\/fr\/product\/depileve-duo-roll-on-chauffe-cartouches-ref-1214-3\/#primaryimage","url":"https:\/\/districos.standingout.be\/wp-content\/uploads\/2025\/07\/1214.3@LowRes_0.png","contentUrl":"https:\/\/districos.standingout.be\/wp-content\/uploads\/2025\/07\/1214.3@LowRes_0.png","width":600,"height":600},{"@type":"BreadcrumbList","@id":"https:\/\/districos.standingout.be\/fr\/product\/depileve-duo-roll-on-chauffe-cartouches-ref-1214-3\/#breadcrumb","itemListElement":[{"@type":"ListItem","position":1,"name":"Home","item":"https:\/\/districos.standingout.be\/fr\/bienvenue-chez-districos\/"},{"@type":"ListItem","position":2,"name":"Boutique","item":"https:\/\/districos.standingout.be\/fr\/boutique\/"},{"@type":"ListItem","position":3,"name":"Depil\u00e8ve Duo Roll-On Chauffe-Cartouches"}]},{"@type":"WebSite","@id":"https:\/\/districos.standingout.be\/fr\/#website","url":"https:\/\/districos.standingout.be\/fr\/","name":"Districos Webshop","description":"","publisher":{"@id":"https:\/\/districos.standingout.be\/fr\/#organization"},"potentialAction":[{"@type":"SearchAction","target":{"@type":"EntryPoint","urlTemplate":"https:\/\/districos.standingout.be\/fr\/?s={search_term_string}"},"query-input":{"@type":"PropertyValueSpecification","valueRequired":true,"valueName":"search_term_string"}}],"inLanguage":"fr-FR"},{"@type":"Organization","@id":"https:\/\/districos.standingout.be\/fr\/#organization","name":"Districos Webshop","url":"https:\/\/districos.standingout.be\/fr\/","logo":{"@type":"ImageObject","inLanguage":"fr-FR","@id":"https:\/\/districos.standingout.be\/fr\/#\/schema\/logo\/image\/","url":"https:\/\/districos.standingout.be\/wp-content\/uploads\/2022\/09\/Districos_Logo_Webshop.svg","contentUrl":"https:\/\/districos.standingout.be\/wp-content\/uploads\/2022\/09\/Districos_Logo_Webshop.svg","caption":"Districos Webshop"},"image":{"@id":"https:\/\/districos.standingout.be\/fr\/#\/schema\/logo\/image\/"}}]}},"_links":{"self":[{"href":"https:\/\/districos.standingout.be\/fr\/wp-json\/wp\/v2\/product\/133848","targetHints":{"allow":["GET"]}}],"collection":[{"href":"https:\/\/districos.standingout.be\/fr\/wp-json\/wp\/v2\/product"}],"about":[{"href":"https:\/\/districos.standingout.be\/fr\/wp-json\/wp\/v2\/types\/product"}],"replies":[{"embeddable":true,"href":"https:\/\/districos.standingout.be\/fr\/wp-json\/wp\/v2\/comments?post=133848"}],"wp:featuredmedia":[{"embeddable":true,"href":"https:\/\/districos.standingout.be\/fr\/wp-json\/wp\/v2\/media\/70217"}],"wp:attachment":[{"href":"https:\/\/districos.standingout.be\/fr\/wp-json\/wp\/v2\/media?parent=133848"}],"wp:term":[{"taxonomy":"product_brand","embeddable":true,"href":"https:\/\/districos.standingout.be\/fr\/wp-json\/wp\/v2\/product_brand?post=133848"},{"taxonomy":"product_cat","embeddable":true,"href":"https:\/\/districos.standingout.be\/fr\/wp-json\/wp\/v2\/product_cat?post=133848"},{"taxonomy":"product_tag","embeddable":true,"href":"https:\/\/districos.standingout.be\/fr\/wp-json\/wp\/v2\/product_tag?post=133848"}],"curies":[{"name":"wp","href":"https:\/\/api.w.org\/{rel}","templated":true}]}}