{"id":133884,"date":"2026-04-28T01:54:09","date_gmt":"2026-04-27T23:54:09","guid":{"rendered":"https:\/\/webshopdistricoscom.webhosting.be\/product\/poche-de-glace-285x115-cm-ref-1219-12\/"},"modified":"2026-04-28T01:54:10","modified_gmt":"2026-04-27T23:54:10","slug":"poche-de-glace-285x115-cm-ref-1219-12","status":"publish","type":"product","link":"https:\/\/districos.standingout.be\/fr\/product\/poche-de-glace-285x115-cm-ref-1219-12\/","title":{"rendered":"Poche de Glace 28,5&#215;11,5 cm"},"content":{"rendered":"<p >\n<\/p>\n<p dir=\"ltr\"><font size=\"2\">Poche de glace indispensable qui a une triple action :<br \/><\/font><\/p>\n<ul>\n<li><font size=\"2\">Avant l&rsquo;\u00e9pilation : r\u00e9duire la transpiration.<\/font><\/li>\n<li><font size=\"2\">Pendant l&rsquo;\u00e9pilation : travailler plus vite sur les zones chaudes.<\/font><\/li>\n<li><font size=\"2\">Apr\u00e8s l&rsquo;\u00e9pilation : apaiser la peau.<\/font><\/li>\n<li><font size=\"2\">Dimensions : 28,5 x 11,5 cm.<\/font><\/li>\n<\/ul>\n<p dir=\"ltr\"><font size=\"2\"><\/font><\/p>\n<p dir=\"ltr\"><font size=\"2\"><font size=\"2\"><font size=\"2\"><font face=\"Verdana\"><b>Pr\u00e9cautions hygi\u00e9niques&nbsp;<\/b>: enveloppez la poche de glace d&rsquo;une Serviette Non Tiss\u00e9e jetable (25 x 30 cm) et fixez-la avec 2 \u00e9lastiques. Vous n&rsquo;avez pas besoin d&rsquo;eau, la poche de glace reste froide durant 20 minutes.<\/font><\/font><\/font><\/font><\/p><\/p>\n","protected":false},"excerpt":{"rendered":"<p>Poche de glace indispensable qui a une triple action : Avant l&rsquo;\u00e9pilation : r\u00e9duire la transpiration. Pendant l&rsquo;\u00e9pilation : travailler plus vite sur les zones chaudes. Apr\u00e8s l&rsquo;\u00e9pilation : apaiser la peau. Dimensions : 28,5 x 11,5 cm. Pr\u00e9cautions hygi\u00e9niques&nbsp;: enveloppez la poche de glace d&rsquo;une Serviette Non Tiss\u00e9e jetable (25 x 30 cm) et [&hellip;]<\/p>\n","protected":false},"featured_media":70271,"comment_status":"open","ping_status":"closed","template":"","meta":{"_acf_changed":false},"product_brand":[10380],"product_cat":[9926],"product_tag":[],"class_list":{"0":"post-133884","1":"product","2":"type-product","3":"status-publish","4":"has-post-thumbnail","6":"product_brand-districos-fr","7":"product_cat-beaute-epilation-accessoires","9":"first","10":"instock","11":"taxable","12":"shipping-taxable","13":"product-type-simple"},"acf":[],"yoast_head":"<!-- This site is optimized with the Yoast SEO plugin v27.3 - https:\/\/yoast.com\/product\/yoast-seo-wordpress\/ -->\n<title>Poche de Glace 28,5x11,5 cm - Districos Webshop<\/title>\n<meta name=\"robots\" content=\"noindex, follow, max-snippet:-1, max-image-preview:large, max-video-preview:-1\" \/>\n<meta property=\"og:locale\" content=\"fr_FR\" \/>\n<meta property=\"og:type\" content=\"article\" \/>\n<meta property=\"og:title\" content=\"Poche de Glace 28,5x11,5 cm - Districos Webshop\" \/>\n<meta property=\"og:description\" content=\"Poche de glace indispensable qui a une triple action : Avant l&rsquo;\u00e9pilation : r\u00e9duire la transpiration. Pendant l&rsquo;\u00e9pilation : travailler plus vite sur les zones chaudes. Apr\u00e8s l&rsquo;\u00e9pilation : apaiser la peau. Dimensions : 28,5 x 11,5 cm. Pr\u00e9cautions hygi\u00e9niques&nbsp;: enveloppez la poche de glace d&rsquo;une Serviette Non Tiss\u00e9e jetable (25 x 30 cm) et [&hellip;]\" \/>\n<meta property=\"og:url\" content=\"https:\/\/districos.standingout.be\/fr\/product\/poche-de-glace-285x115-cm-ref-1219-12\/\" \/>\n<meta property=\"og:site_name\" content=\"Districos Webshop\" \/>\n<meta property=\"article:modified_time\" content=\"2026-04-27T23:54:10+00:00\" \/>\n<meta property=\"og:image\" content=\"https:\/\/districos.standingout.be\/wp-content\/uploads\/2025\/07\/1219.12@LowRes_1_0.png\" \/>\n\t<meta property=\"og:image:width\" content=\"600\" \/>\n\t<meta property=\"og:image:height\" content=\"600\" \/>\n\t<meta property=\"og:image:type\" content=\"image\/png\" \/>\n<meta name=\"twitter:card\" content=\"summary_large_image\" \/>\n<script type=\"application\/ld+json\" class=\"yoast-schema-graph\">{\"@context\":\"https:\\\/\\\/schema.org\",\"@graph\":[{\"@type\":\"WebPage\",\"@id\":\"https:\\\/\\\/districos.standingout.be\\\/fr\\\/product\\\/poche-de-glace-285x115-cm-ref-1219-12\\\/\",\"url\":\"https:\\\/\\\/districos.standingout.be\\\/fr\\\/product\\\/poche-de-glace-285x115-cm-ref-1219-12\\\/\",\"name\":\"Poche de Glace 28,5x11,5 cm - Districos Webshop\",\"isPartOf\":{\"@id\":\"https:\\\/\\\/districos.standingout.be\\\/fr\\\/#website\"},\"primaryImageOfPage\":{\"@id\":\"https:\\\/\\\/districos.standingout.be\\\/fr\\\/product\\\/poche-de-glace-285x115-cm-ref-1219-12\\\/#primaryimage\"},\"image\":{\"@id\":\"https:\\\/\\\/districos.standingout.be\\\/fr\\\/product\\\/poche-de-glace-285x115-cm-ref-1219-12\\\/#primaryimage\"},\"thumbnailUrl\":\"https:\\\/\\\/districos.standingout.be\\\/wp-content\\\/uploads\\\/2025\\\/07\\\/1219.12@LowRes_1_0.png\",\"datePublished\":\"2026-04-27T23:54:09+00:00\",\"dateModified\":\"2026-04-27T23:54:10+00:00\",\"breadcrumb\":{\"@id\":\"https:\\\/\\\/districos.standingout.be\\\/fr\\\/product\\\/poche-de-glace-285x115-cm-ref-1219-12\\\/#breadcrumb\"},\"inLanguage\":\"fr-FR\",\"potentialAction\":[{\"@type\":\"ReadAction\",\"target\":[\"https:\\\/\\\/districos.standingout.be\\\/fr\\\/product\\\/poche-de-glace-285x115-cm-ref-1219-12\\\/\"]}]},{\"@type\":\"ImageObject\",\"inLanguage\":\"fr-FR\",\"@id\":\"https:\\\/\\\/districos.standingout.be\\\/fr\\\/product\\\/poche-de-glace-285x115-cm-ref-1219-12\\\/#primaryimage\",\"url\":\"https:\\\/\\\/districos.standingout.be\\\/wp-content\\\/uploads\\\/2025\\\/07\\\/1219.12@LowRes_1_0.png\",\"contentUrl\":\"https:\\\/\\\/districos.standingout.be\\\/wp-content\\\/uploads\\\/2025\\\/07\\\/1219.12@LowRes_1_0.png\",\"width\":600,\"height\":600},{\"@type\":\"BreadcrumbList\",\"@id\":\"https:\\\/\\\/districos.standingout.be\\\/fr\\\/product\\\/poche-de-glace-285x115-cm-ref-1219-12\\\/#breadcrumb\",\"itemListElement\":[{\"@type\":\"ListItem\",\"position\":1,\"name\":\"Home\",\"item\":\"https:\\\/\\\/districos.standingout.be\\\/fr\\\/bienvenue-chez-districos\\\/\"},{\"@type\":\"ListItem\",\"position\":2,\"name\":\"Boutique\",\"item\":\"https:\\\/\\\/districos.standingout.be\\\/fr\\\/boutique\\\/\"},{\"@type\":\"ListItem\",\"position\":3,\"name\":\"Poche de Glace 28,5&#215;11,5 cm\"}]},{\"@type\":\"WebSite\",\"@id\":\"https:\\\/\\\/districos.standingout.be\\\/fr\\\/#website\",\"url\":\"https:\\\/\\\/districos.standingout.be\\\/fr\\\/\",\"name\":\"Districos Webshop\",\"description\":\"\",\"publisher\":{\"@id\":\"https:\\\/\\\/districos.standingout.be\\\/fr\\\/#organization\"},\"potentialAction\":[{\"@type\":\"SearchAction\",\"target\":{\"@type\":\"EntryPoint\",\"urlTemplate\":\"https:\\\/\\\/districos.standingout.be\\\/fr\\\/?s={search_term_string}\"},\"query-input\":{\"@type\":\"PropertyValueSpecification\",\"valueRequired\":true,\"valueName\":\"search_term_string\"}}],\"inLanguage\":\"fr-FR\"},{\"@type\":\"Organization\",\"@id\":\"https:\\\/\\\/districos.standingout.be\\\/fr\\\/#organization\",\"name\":\"Districos Webshop\",\"url\":\"https:\\\/\\\/districos.standingout.be\\\/fr\\\/\",\"logo\":{\"@type\":\"ImageObject\",\"inLanguage\":\"fr-FR\",\"@id\":\"https:\\\/\\\/districos.standingout.be\\\/fr\\\/#\\\/schema\\\/logo\\\/image\\\/\",\"url\":\"https:\\\/\\\/districos.standingout.be\\\/wp-content\\\/uploads\\\/2022\\\/09\\\/Districos_Logo_Webshop.svg\",\"contentUrl\":\"https:\\\/\\\/districos.standingout.be\\\/wp-content\\\/uploads\\\/2022\\\/09\\\/Districos_Logo_Webshop.svg\",\"caption\":\"Districos Webshop\"},\"image\":{\"@id\":\"https:\\\/\\\/districos.standingout.be\\\/fr\\\/#\\\/schema\\\/logo\\\/image\\\/\"}}]}<\/script>\n<!-- \/ Yoast SEO plugin. -->","yoast_head_json":{"title":"Poche de Glace 28,5x11,5 cm - Districos Webshop","robots":{"index":"noindex","follow":"follow","max-snippet":"max-snippet:-1","max-image-preview":"max-image-preview:large","max-video-preview":"max-video-preview:-1"},"og_locale":"fr_FR","og_type":"article","og_title":"Poche de Glace 28,5x11,5 cm - Districos Webshop","og_description":"Poche de glace indispensable qui a une triple action : Avant l&rsquo;\u00e9pilation : r\u00e9duire la transpiration. Pendant l&rsquo;\u00e9pilation : travailler plus vite sur les zones chaudes. Apr\u00e8s l&rsquo;\u00e9pilation : apaiser la peau. Dimensions : 28,5 x 11,5 cm. Pr\u00e9cautions hygi\u00e9niques&nbsp;: enveloppez la poche de glace d&rsquo;une Serviette Non Tiss\u00e9e jetable (25 x 30 cm) et [&hellip;]","og_url":"https:\/\/districos.standingout.be\/fr\/product\/poche-de-glace-285x115-cm-ref-1219-12\/","og_site_name":"Districos Webshop","article_modified_time":"2026-04-27T23:54:10+00:00","og_image":[{"width":600,"height":600,"url":"https:\/\/districos.standingout.be\/wp-content\/uploads\/2025\/07\/1219.12@LowRes_1_0.png","type":"image\/png"}],"twitter_card":"summary_large_image","schema":{"@context":"https:\/\/schema.org","@graph":[{"@type":"WebPage","@id":"https:\/\/districos.standingout.be\/fr\/product\/poche-de-glace-285x115-cm-ref-1219-12\/","url":"https:\/\/districos.standingout.be\/fr\/product\/poche-de-glace-285x115-cm-ref-1219-12\/","name":"Poche de Glace 28,5x11,5 cm - Districos Webshop","isPartOf":{"@id":"https:\/\/districos.standingout.be\/fr\/#website"},"primaryImageOfPage":{"@id":"https:\/\/districos.standingout.be\/fr\/product\/poche-de-glace-285x115-cm-ref-1219-12\/#primaryimage"},"image":{"@id":"https:\/\/districos.standingout.be\/fr\/product\/poche-de-glace-285x115-cm-ref-1219-12\/#primaryimage"},"thumbnailUrl":"https:\/\/districos.standingout.be\/wp-content\/uploads\/2025\/07\/1219.12@LowRes_1_0.png","datePublished":"2026-04-27T23:54:09+00:00","dateModified":"2026-04-27T23:54:10+00:00","breadcrumb":{"@id":"https:\/\/districos.standingout.be\/fr\/product\/poche-de-glace-285x115-cm-ref-1219-12\/#breadcrumb"},"inLanguage":"fr-FR","potentialAction":[{"@type":"ReadAction","target":["https:\/\/districos.standingout.be\/fr\/product\/poche-de-glace-285x115-cm-ref-1219-12\/"]}]},{"@type":"ImageObject","inLanguage":"fr-FR","@id":"https:\/\/districos.standingout.be\/fr\/product\/poche-de-glace-285x115-cm-ref-1219-12\/#primaryimage","url":"https:\/\/districos.standingout.be\/wp-content\/uploads\/2025\/07\/1219.12@LowRes_1_0.png","contentUrl":"https:\/\/districos.standingout.be\/wp-content\/uploads\/2025\/07\/1219.12@LowRes_1_0.png","width":600,"height":600},{"@type":"BreadcrumbList","@id":"https:\/\/districos.standingout.be\/fr\/product\/poche-de-glace-285x115-cm-ref-1219-12\/#breadcrumb","itemListElement":[{"@type":"ListItem","position":1,"name":"Home","item":"https:\/\/districos.standingout.be\/fr\/bienvenue-chez-districos\/"},{"@type":"ListItem","position":2,"name":"Boutique","item":"https:\/\/districos.standingout.be\/fr\/boutique\/"},{"@type":"ListItem","position":3,"name":"Poche de Glace 28,5&#215;11,5 cm"}]},{"@type":"WebSite","@id":"https:\/\/districos.standingout.be\/fr\/#website","url":"https:\/\/districos.standingout.be\/fr\/","name":"Districos Webshop","description":"","publisher":{"@id":"https:\/\/districos.standingout.be\/fr\/#organization"},"potentialAction":[{"@type":"SearchAction","target":{"@type":"EntryPoint","urlTemplate":"https:\/\/districos.standingout.be\/fr\/?s={search_term_string}"},"query-input":{"@type":"PropertyValueSpecification","valueRequired":true,"valueName":"search_term_string"}}],"inLanguage":"fr-FR"},{"@type":"Organization","@id":"https:\/\/districos.standingout.be\/fr\/#organization","name":"Districos Webshop","url":"https:\/\/districos.standingout.be\/fr\/","logo":{"@type":"ImageObject","inLanguage":"fr-FR","@id":"https:\/\/districos.standingout.be\/fr\/#\/schema\/logo\/image\/","url":"https:\/\/districos.standingout.be\/wp-content\/uploads\/2022\/09\/Districos_Logo_Webshop.svg","contentUrl":"https:\/\/districos.standingout.be\/wp-content\/uploads\/2022\/09\/Districos_Logo_Webshop.svg","caption":"Districos Webshop"},"image":{"@id":"https:\/\/districos.standingout.be\/fr\/#\/schema\/logo\/image\/"}}]}},"_links":{"self":[{"href":"https:\/\/districos.standingout.be\/fr\/wp-json\/wp\/v2\/product\/133884","targetHints":{"allow":["GET"]}}],"collection":[{"href":"https:\/\/districos.standingout.be\/fr\/wp-json\/wp\/v2\/product"}],"about":[{"href":"https:\/\/districos.standingout.be\/fr\/wp-json\/wp\/v2\/types\/product"}],"replies":[{"embeddable":true,"href":"https:\/\/districos.standingout.be\/fr\/wp-json\/wp\/v2\/comments?post=133884"}],"wp:featuredmedia":[{"embeddable":true,"href":"https:\/\/districos.standingout.be\/fr\/wp-json\/wp\/v2\/media\/70271"}],"wp:attachment":[{"href":"https:\/\/districos.standingout.be\/fr\/wp-json\/wp\/v2\/media?parent=133884"}],"wp:term":[{"taxonomy":"product_brand","embeddable":true,"href":"https:\/\/districos.standingout.be\/fr\/wp-json\/wp\/v2\/product_brand?post=133884"},{"taxonomy":"product_cat","embeddable":true,"href":"https:\/\/districos.standingout.be\/fr\/wp-json\/wp\/v2\/product_cat?post=133884"},{"taxonomy":"product_tag","embeddable":true,"href":"https:\/\/districos.standingout.be\/fr\/wp-json\/wp\/v2\/product_tag?post=133884"}],"curies":[{"name":"wp","href":"https:\/\/api.w.org\/{rel}","templated":true}]}}