{"id":133894,"date":"2026-04-28T01:54:15","date_gmt":"2026-04-27T23:54:15","guid":{"rendered":"https:\/\/webshopdistricoscom.webhosting.be\/product\/depileve-collerettes-de-protection-noir-800-g-50-pcs-ref-1222-01\/"},"modified":"2026-04-28T01:54:16","modified_gmt":"2026-04-27T23:54:16","slug":"depileve-collerettes-de-protection-noir-800-g-50-pcs-ref-1222-01","status":"publish","type":"product","link":"https:\/\/districos.standingout.be\/fr\/product\/depileve-collerettes-de-protection-noir-800-g-50-pcs-ref-1222-01\/","title":{"rendered":"Depil\u00e8ve Collerettes de Protection Noir 800 g 50 pcs."},"content":{"rendered":"<p >\n<\/p>\n<\/p>\n<\/p>\n<\/p>\n<p><font size=\"2\"><span lang=\"FR\">Collerettes de protection qui emp\u00eachent la cire de couler \u00e0 c\u00f4t\u00e9 du chauffe-cire. Ainsi, le chauffe-cire reste propre.<o:p><\/o:p><\/span><\/font><\/p>\n<p><font size=\"2\"><\/font><\/p>\n<ul>\n<li><font size=\"2\"><span lang=\"FR\">Conviennent pour les pots de cire de 800 g.<\/span><\/font><\/li>\n<li><font size=\"2\"><span lang=\"FR\">Emballage : 50 pi\u00e8ces.<\/span><\/font><\/li>\n<li><font size=\"2\"><span lang=\"FR\">Couleur: Noir<\/span><\/font><\/li>\n<\/ul>\n<div><font size=\"2\"><b>\u00c9galement disponible :<\/b><\/font><\/div>\n<div>\n<ul>\n<li><font size=\"2\">Depil\u00e8ve Collerettes de Protection Rose 800 g 50 pcs.&nbsp;<\/font>(<a href=\"https:\/\/webshop.districos.com\/ProductDetail\/1222\"style=\"font-size: 10pt;\" target=\"_blank\" rel=\"noopener noreferrer nofollow\">r\u00e9f. 1222<\/a><span>)&nbsp;<\/span><\/li>\n<li><span>Depil\u00e8ve Collerettes de Protection Rose 400 g 50 pcs.&nbsp;<\/span>(<u><a href=\"https:\/\/districos.com\/ProductDetail\/1224\" target=\"_blank\" rel=\"noopener noreferrer nofollow\">r\u00e9f. 1224<\/a><\/u><span>)<\/span><\/li>\n<li><span>Depil\u00e8ve Collerettes de Protection Noir 400 g 50 pcs.<\/span>&nbsp;(<u><a href=\"https:\/\/districos.com\/ProductDetail\/1224.01\" target=\"_blank\" rel=\"noopener noreferrer nofollow\">r\u00e9f. 1224.01<\/a><\/u><span>)<\/span><\/li>\n<\/ul>\n<\/div>\n","protected":false},"excerpt":{"rendered":"<p>Collerettes de protection qui emp\u00eachent la cire de couler \u00e0 c\u00f4t\u00e9 du chauffe-cire. Ainsi, le chauffe-cire reste propre. Conviennent pour les pots de cire de 800 g. Emballage : 50 pi\u00e8ces. Couleur: Noir \u00c9galement disponible : Depil\u00e8ve Collerettes de Protection Rose 800 g 50 pcs.&nbsp;(r\u00e9f. 1222)&nbsp; Depil\u00e8ve Collerettes de Protection Rose 400 g 50 pcs.&nbsp;(r\u00e9f. [&hellip;]<\/p>\n","protected":false},"featured_media":143394,"comment_status":"open","ping_status":"closed","template":"","meta":{"_acf_changed":false},"product_brand":[10376],"product_cat":[9926],"product_tag":[],"class_list":{"0":"post-133894","1":"product","2":"type-product","3":"status-publish","4":"has-post-thumbnail","6":"product_brand-depileve-fr","7":"product_cat-beaute-epilation-accessoires","9":"first","10":"instock","11":"taxable","12":"shipping-taxable","13":"product-type-simple"},"acf":[],"yoast_head":"<!-- This site is optimized with the Yoast SEO plugin v27.3 - https:\/\/yoast.com\/product\/yoast-seo-wordpress\/ -->\n<title>Depil\u00e8ve Collerettes de Protection Noir 800 g 50 pcs. - Districos Webshop<\/title>\n<meta name=\"robots\" content=\"noindex, follow, max-snippet:-1, max-image-preview:large, max-video-preview:-1\" \/>\n<meta property=\"og:locale\" content=\"fr_FR\" \/>\n<meta property=\"og:type\" content=\"article\" \/>\n<meta property=\"og:title\" content=\"Depil\u00e8ve Collerettes de Protection Noir 800 g 50 pcs. - Districos Webshop\" \/>\n<meta property=\"og:description\" content=\"Collerettes de protection qui emp\u00eachent la cire de couler \u00e0 c\u00f4t\u00e9 du chauffe-cire. Ainsi, le chauffe-cire reste propre. Conviennent pour les pots de cire de 800 g. Emballage : 50 pi\u00e8ces. Couleur: Noir \u00c9galement disponible : Depil\u00e8ve Collerettes de Protection Rose 800 g 50 pcs.&nbsp;(r\u00e9f. 1222)&nbsp; Depil\u00e8ve Collerettes de Protection Rose 400 g 50 pcs.&nbsp;(r\u00e9f. [&hellip;]\" \/>\n<meta property=\"og:url\" content=\"https:\/\/districos.standingout.be\/fr\/product\/depileve-collerettes-de-protection-noir-800-g-50-pcs-ref-1222-01\/\" \/>\n<meta property=\"og:site_name\" content=\"Districos Webshop\" \/>\n<meta property=\"article:modified_time\" content=\"2026-04-27T23:54:16+00:00\" \/>\n<meta property=\"og:image\" content=\"https:\/\/districos.standingout.be\/wp-content\/uploads\/2026\/04\/1222.01@Depileve-Beschermringen-Zwart-800-g-50-st._1-2.png\" \/>\n\t<meta property=\"og:image:width\" content=\"600\" \/>\n\t<meta property=\"og:image:height\" content=\"600\" \/>\n\t<meta property=\"og:image:type\" content=\"image\/png\" \/>\n<meta name=\"twitter:card\" content=\"summary_large_image\" \/>\n<script type=\"application\/ld+json\" class=\"yoast-schema-graph\">{\"@context\":\"https:\\\/\\\/schema.org\",\"@graph\":[{\"@type\":\"WebPage\",\"@id\":\"https:\\\/\\\/districos.standingout.be\\\/fr\\\/product\\\/depileve-collerettes-de-protection-noir-800-g-50-pcs-ref-1222-01\\\/\",\"url\":\"https:\\\/\\\/districos.standingout.be\\\/fr\\\/product\\\/depileve-collerettes-de-protection-noir-800-g-50-pcs-ref-1222-01\\\/\",\"name\":\"Depil\u00e8ve Collerettes de Protection Noir 800 g 50 pcs. - Districos Webshop\",\"isPartOf\":{\"@id\":\"https:\\\/\\\/districos.standingout.be\\\/fr\\\/#website\"},\"primaryImageOfPage\":{\"@id\":\"https:\\\/\\\/districos.standingout.be\\\/fr\\\/product\\\/depileve-collerettes-de-protection-noir-800-g-50-pcs-ref-1222-01\\\/#primaryimage\"},\"image\":{\"@id\":\"https:\\\/\\\/districos.standingout.be\\\/fr\\\/product\\\/depileve-collerettes-de-protection-noir-800-g-50-pcs-ref-1222-01\\\/#primaryimage\"},\"thumbnailUrl\":\"https:\\\/\\\/districos.standingout.be\\\/wp-content\\\/uploads\\\/2026\\\/04\\\/1222.01@Depileve-Beschermringen-Zwart-800-g-50-st._1-3.png\",\"datePublished\":\"2026-04-27T23:54:15+00:00\",\"dateModified\":\"2026-04-27T23:54:16+00:00\",\"breadcrumb\":{\"@id\":\"https:\\\/\\\/districos.standingout.be\\\/fr\\\/product\\\/depileve-collerettes-de-protection-noir-800-g-50-pcs-ref-1222-01\\\/#breadcrumb\"},\"inLanguage\":\"fr-FR\",\"potentialAction\":[{\"@type\":\"ReadAction\",\"target\":[\"https:\\\/\\\/districos.standingout.be\\\/fr\\\/product\\\/depileve-collerettes-de-protection-noir-800-g-50-pcs-ref-1222-01\\\/\"]}]},{\"@type\":\"ImageObject\",\"inLanguage\":\"fr-FR\",\"@id\":\"https:\\\/\\\/districos.standingout.be\\\/fr\\\/product\\\/depileve-collerettes-de-protection-noir-800-g-50-pcs-ref-1222-01\\\/#primaryimage\",\"url\":\"https:\\\/\\\/districos.standingout.be\\\/wp-content\\\/uploads\\\/2026\\\/04\\\/1222.01@Depileve-Beschermringen-Zwart-800-g-50-st._1-3.png\",\"contentUrl\":\"https:\\\/\\\/districos.standingout.be\\\/wp-content\\\/uploads\\\/2026\\\/04\\\/1222.01@Depileve-Beschermringen-Zwart-800-g-50-st._1-3.png\",\"width\":600,\"height\":600},{\"@type\":\"BreadcrumbList\",\"@id\":\"https:\\\/\\\/districos.standingout.be\\\/fr\\\/product\\\/depileve-collerettes-de-protection-noir-800-g-50-pcs-ref-1222-01\\\/#breadcrumb\",\"itemListElement\":[{\"@type\":\"ListItem\",\"position\":1,\"name\":\"Home\",\"item\":\"https:\\\/\\\/districos.standingout.be\\\/fr\\\/bienvenue-chez-districos\\\/\"},{\"@type\":\"ListItem\",\"position\":2,\"name\":\"Boutique\",\"item\":\"https:\\\/\\\/districos.standingout.be\\\/fr\\\/boutique\\\/\"},{\"@type\":\"ListItem\",\"position\":3,\"name\":\"Depil\u00e8ve Collerettes de Protection Noir 800 g 50 pcs.\"}]},{\"@type\":\"WebSite\",\"@id\":\"https:\\\/\\\/districos.standingout.be\\\/fr\\\/#website\",\"url\":\"https:\\\/\\\/districos.standingout.be\\\/fr\\\/\",\"name\":\"Districos Webshop\",\"description\":\"\",\"publisher\":{\"@id\":\"https:\\\/\\\/districos.standingout.be\\\/fr\\\/#organization\"},\"potentialAction\":[{\"@type\":\"SearchAction\",\"target\":{\"@type\":\"EntryPoint\",\"urlTemplate\":\"https:\\\/\\\/districos.standingout.be\\\/fr\\\/?s={search_term_string}\"},\"query-input\":{\"@type\":\"PropertyValueSpecification\",\"valueRequired\":true,\"valueName\":\"search_term_string\"}}],\"inLanguage\":\"fr-FR\"},{\"@type\":\"Organization\",\"@id\":\"https:\\\/\\\/districos.standingout.be\\\/fr\\\/#organization\",\"name\":\"Districos Webshop\",\"url\":\"https:\\\/\\\/districos.standingout.be\\\/fr\\\/\",\"logo\":{\"@type\":\"ImageObject\",\"inLanguage\":\"fr-FR\",\"@id\":\"https:\\\/\\\/districos.standingout.be\\\/fr\\\/#\\\/schema\\\/logo\\\/image\\\/\",\"url\":\"https:\\\/\\\/districos.standingout.be\\\/wp-content\\\/uploads\\\/2022\\\/09\\\/Districos_Logo_Webshop.svg\",\"contentUrl\":\"https:\\\/\\\/districos.standingout.be\\\/wp-content\\\/uploads\\\/2022\\\/09\\\/Districos_Logo_Webshop.svg\",\"caption\":\"Districos Webshop\"},\"image\":{\"@id\":\"https:\\\/\\\/districos.standingout.be\\\/fr\\\/#\\\/schema\\\/logo\\\/image\\\/\"}}]}<\/script>\n<!-- \/ Yoast SEO plugin. -->","yoast_head_json":{"title":"Depil\u00e8ve Collerettes de Protection Noir 800 g 50 pcs. - Districos Webshop","robots":{"index":"noindex","follow":"follow","max-snippet":"max-snippet:-1","max-image-preview":"max-image-preview:large","max-video-preview":"max-video-preview:-1"},"og_locale":"fr_FR","og_type":"article","og_title":"Depil\u00e8ve Collerettes de Protection Noir 800 g 50 pcs. - Districos Webshop","og_description":"Collerettes de protection qui emp\u00eachent la cire de couler \u00e0 c\u00f4t\u00e9 du chauffe-cire. Ainsi, le chauffe-cire reste propre. Conviennent pour les pots de cire de 800 g. Emballage : 50 pi\u00e8ces. Couleur: Noir \u00c9galement disponible : Depil\u00e8ve Collerettes de Protection Rose 800 g 50 pcs.&nbsp;(r\u00e9f. 1222)&nbsp; Depil\u00e8ve Collerettes de Protection Rose 400 g 50 pcs.&nbsp;(r\u00e9f. [&hellip;]","og_url":"https:\/\/districos.standingout.be\/fr\/product\/depileve-collerettes-de-protection-noir-800-g-50-pcs-ref-1222-01\/","og_site_name":"Districos Webshop","article_modified_time":"2026-04-27T23:54:16+00:00","og_image":[{"width":600,"height":600,"url":"https:\/\/districos.standingout.be\/wp-content\/uploads\/2026\/04\/1222.01@Depileve-Beschermringen-Zwart-800-g-50-st._1-2.png","type":"image\/png"}],"twitter_card":"summary_large_image","schema":{"@context":"https:\/\/schema.org","@graph":[{"@type":"WebPage","@id":"https:\/\/districos.standingout.be\/fr\/product\/depileve-collerettes-de-protection-noir-800-g-50-pcs-ref-1222-01\/","url":"https:\/\/districos.standingout.be\/fr\/product\/depileve-collerettes-de-protection-noir-800-g-50-pcs-ref-1222-01\/","name":"Depil\u00e8ve Collerettes de Protection Noir 800 g 50 pcs. - Districos Webshop","isPartOf":{"@id":"https:\/\/districos.standingout.be\/fr\/#website"},"primaryImageOfPage":{"@id":"https:\/\/districos.standingout.be\/fr\/product\/depileve-collerettes-de-protection-noir-800-g-50-pcs-ref-1222-01\/#primaryimage"},"image":{"@id":"https:\/\/districos.standingout.be\/fr\/product\/depileve-collerettes-de-protection-noir-800-g-50-pcs-ref-1222-01\/#primaryimage"},"thumbnailUrl":"https:\/\/districos.standingout.be\/wp-content\/uploads\/2026\/04\/1222.01@Depileve-Beschermringen-Zwart-800-g-50-st._1-3.png","datePublished":"2026-04-27T23:54:15+00:00","dateModified":"2026-04-27T23:54:16+00:00","breadcrumb":{"@id":"https:\/\/districos.standingout.be\/fr\/product\/depileve-collerettes-de-protection-noir-800-g-50-pcs-ref-1222-01\/#breadcrumb"},"inLanguage":"fr-FR","potentialAction":[{"@type":"ReadAction","target":["https:\/\/districos.standingout.be\/fr\/product\/depileve-collerettes-de-protection-noir-800-g-50-pcs-ref-1222-01\/"]}]},{"@type":"ImageObject","inLanguage":"fr-FR","@id":"https:\/\/districos.standingout.be\/fr\/product\/depileve-collerettes-de-protection-noir-800-g-50-pcs-ref-1222-01\/#primaryimage","url":"https:\/\/districos.standingout.be\/wp-content\/uploads\/2026\/04\/1222.01@Depileve-Beschermringen-Zwart-800-g-50-st._1-3.png","contentUrl":"https:\/\/districos.standingout.be\/wp-content\/uploads\/2026\/04\/1222.01@Depileve-Beschermringen-Zwart-800-g-50-st._1-3.png","width":600,"height":600},{"@type":"BreadcrumbList","@id":"https:\/\/districos.standingout.be\/fr\/product\/depileve-collerettes-de-protection-noir-800-g-50-pcs-ref-1222-01\/#breadcrumb","itemListElement":[{"@type":"ListItem","position":1,"name":"Home","item":"https:\/\/districos.standingout.be\/fr\/bienvenue-chez-districos\/"},{"@type":"ListItem","position":2,"name":"Boutique","item":"https:\/\/districos.standingout.be\/fr\/boutique\/"},{"@type":"ListItem","position":3,"name":"Depil\u00e8ve Collerettes de Protection Noir 800 g 50 pcs."}]},{"@type":"WebSite","@id":"https:\/\/districos.standingout.be\/fr\/#website","url":"https:\/\/districos.standingout.be\/fr\/","name":"Districos Webshop","description":"","publisher":{"@id":"https:\/\/districos.standingout.be\/fr\/#organization"},"potentialAction":[{"@type":"SearchAction","target":{"@type":"EntryPoint","urlTemplate":"https:\/\/districos.standingout.be\/fr\/?s={search_term_string}"},"query-input":{"@type":"PropertyValueSpecification","valueRequired":true,"valueName":"search_term_string"}}],"inLanguage":"fr-FR"},{"@type":"Organization","@id":"https:\/\/districos.standingout.be\/fr\/#organization","name":"Districos Webshop","url":"https:\/\/districos.standingout.be\/fr\/","logo":{"@type":"ImageObject","inLanguage":"fr-FR","@id":"https:\/\/districos.standingout.be\/fr\/#\/schema\/logo\/image\/","url":"https:\/\/districos.standingout.be\/wp-content\/uploads\/2022\/09\/Districos_Logo_Webshop.svg","contentUrl":"https:\/\/districos.standingout.be\/wp-content\/uploads\/2022\/09\/Districos_Logo_Webshop.svg","caption":"Districos Webshop"},"image":{"@id":"https:\/\/districos.standingout.be\/fr\/#\/schema\/logo\/image\/"}}]}},"_links":{"self":[{"href":"https:\/\/districos.standingout.be\/fr\/wp-json\/wp\/v2\/product\/133894","targetHints":{"allow":["GET"]}}],"collection":[{"href":"https:\/\/districos.standingout.be\/fr\/wp-json\/wp\/v2\/product"}],"about":[{"href":"https:\/\/districos.standingout.be\/fr\/wp-json\/wp\/v2\/types\/product"}],"replies":[{"embeddable":true,"href":"https:\/\/districos.standingout.be\/fr\/wp-json\/wp\/v2\/comments?post=133894"}],"wp:featuredmedia":[{"embeddable":true,"href":"https:\/\/districos.standingout.be\/fr\/wp-json\/wp\/v2\/media\/143394"}],"wp:attachment":[{"href":"https:\/\/districos.standingout.be\/fr\/wp-json\/wp\/v2\/media?parent=133894"}],"wp:term":[{"taxonomy":"product_brand","embeddable":true,"href":"https:\/\/districos.standingout.be\/fr\/wp-json\/wp\/v2\/product_brand?post=133894"},{"taxonomy":"product_cat","embeddable":true,"href":"https:\/\/districos.standingout.be\/fr\/wp-json\/wp\/v2\/product_cat?post=133894"},{"taxonomy":"product_tag","embeddable":true,"href":"https:\/\/districos.standingout.be\/fr\/wp-json\/wp\/v2\/product_tag?post=133894"}],"curies":[{"name":"wp","href":"https:\/\/api.w.org\/{rel}","templated":true}]}}