{"id":133900,"date":"2026-04-28T01:54:18","date_gmt":"2026-04-27T23:54:18","guid":{"rendered":"https:\/\/webshopdistricoscom.webhosting.be\/product\/sthauer-t-custom-tondeuse-professionelle-ref-1223-03\/"},"modified":"2026-04-28T01:54:19","modified_gmt":"2026-04-27T23:54:19","slug":"sthauer-t-custom-tondeuse-professionelle-ref-1223-03","status":"publish","type":"product","link":"https:\/\/districos.standingout.be\/fr\/product\/sthauer-t-custom-tondeuse-professionelle-ref-1223-03\/","title":{"rendered":"Sthauer T-Custom Tondeuse Professionelle"},"content":{"rendered":"<p >\n<\/p>\n<\/p>\n<\/p>\n<p dir=\"ltr\">\n<h3 data-start=\"640\" data-end=\"668\"><\/h3>\n<\/p>\n<p data-start=\"68\" data-end=\"638\">Cette <span data-start=\"74\" data-end=\"111\">tondeuse professionnelle T-Custom<\/span>, compacte et pratique, est \u00e9quip\u00e9e de <span data-start=\"150\" data-end=\"196\">lames en acier inoxydable de haute qualit\u00e9<\/span> en forme de T. Sa <span data-start=\"215\" data-end=\"242\">t\u00eate de coupe sur\u00e9lev\u00e9e<\/span> par rapport au manche permet une grande pr\u00e9cision pour le <span data-start=\"301\" data-end=\"363\">contouring, la coupe artistique ou la finition des d\u00e9tails<\/span>. Elle est \u00e9galement id\u00e9ale pour le <span data-start=\"399\" data-end=\"471\">rasage des poils corporels en pr\u00e9paration \u00e0 une \u00e9pilation d\u00e9finitive<\/span> (par exemple, l\u2019\u00e9pilation au laser). Gr\u00e2ce \u00e0 sa <span data-start=\"520\" data-end=\"545\">t\u00eate de coupe ouverte<\/span>, m\u00eame les poils situ\u00e9s dans des zones difficiles d\u2019acc\u00e8s peuvent \u00eatre facilement atteints.<\/p>\n<p dir=\"ltr\"><font size=\"2\"><\/font><\/p>\n<p dir=\"ltr\"><font size=\"2\"><\/font><\/p>\n<p><font size=\"2\"><\/font><\/p>\n<p><font size=\"2\"><\/font><\/p>\n<p dir=\"ltr\"><font size=\"2\"><\/font><\/p>\n<ul>\n<li>Lames T-Blade en acier inoxydable de haute qualit\u00e9<\/li>\n<li><span data-start=\"730\" data-end=\"750\">Batterie lithium<\/span> avec chargeur inclus<\/li>\n<li><span data-start=\"776\" data-end=\"791\">Autonomie :<\/span>&nbsp;90 min<\/li>\n<li><span data-start=\"836\" data-end=\"857\">Temps de charge :<\/span> max. 8 heures<\/li>\n<li><span data-start=\"911\" data-end=\"932\">3 sabots inclus :<\/span> 1 mm, 2 mm et 3 mm<\/li>\n<li><span data-start=\"956\" data-end=\"972\">Dimensions :<\/span> Longueur 15 cm \u2013 Diam\u00e8tre du manche 2,7 cm<\/li>\n<li><span data-start=\"1020\" data-end=\"1053\">Largeur de la t\u00eate de coupe :<\/span> 4 cm \u2013 Largeur de coupe : 3,7 cm<\/li>\n<li>Huile de lubrification et brosse de nettoyage incluses<\/li>\n<li>Recommand\u00e9e pour le rasage des poils corporels en pr\u00e9paration \u00e0 une \u00e9pilation d\u00e9finitive (ex. laser)<\/li>\n<\/ul>\n","protected":false},"excerpt":{"rendered":"<p>Cette tondeuse professionnelle T-Custom, compacte et pratique, est \u00e9quip\u00e9e de lames en acier inoxydable de haute qualit\u00e9 en forme de T. Sa t\u00eate de coupe sur\u00e9lev\u00e9e par rapport au manche permet une grande pr\u00e9cision pour le contouring, la coupe artistique ou la finition des d\u00e9tails. Elle est \u00e9galement id\u00e9ale pour le rasage des poils corporels [&hellip;]<\/p>\n","protected":false},"featured_media":143397,"comment_status":"open","ping_status":"closed","template":"","meta":{"_acf_changed":false},"product_brand":[10562],"product_cat":[9926],"product_tag":[],"class_list":{"0":"post-133900","1":"product","2":"type-product","3":"status-publish","4":"has-post-thumbnail","6":"product_brand-sthauer-fr","7":"product_cat-beaute-epilation-accessoires","9":"first","10":"instock","11":"taxable","12":"shipping-taxable","13":"product-type-simple"},"acf":[],"yoast_head":"<!-- This site is optimized with the Yoast SEO plugin v27.3 - https:\/\/yoast.com\/product\/yoast-seo-wordpress\/ -->\n<title>Sthauer T-Custom Tondeuse Professionelle - Districos Webshop<\/title>\n<meta name=\"robots\" content=\"noindex, follow, max-snippet:-1, max-image-preview:large, max-video-preview:-1\" \/>\n<meta property=\"og:locale\" content=\"fr_FR\" \/>\n<meta property=\"og:type\" content=\"article\" \/>\n<meta property=\"og:title\" content=\"Sthauer T-Custom Tondeuse Professionelle - Districos Webshop\" \/>\n<meta property=\"og:description\" content=\"Cette tondeuse professionnelle T-Custom, compacte et pratique, est \u00e9quip\u00e9e de lames en acier inoxydable de haute qualit\u00e9 en forme de T. Sa t\u00eate de coupe sur\u00e9lev\u00e9e par rapport au manche permet une grande pr\u00e9cision pour le contouring, la coupe artistique ou la finition des d\u00e9tails. Elle est \u00e9galement id\u00e9ale pour le rasage des poils corporels [&hellip;]\" \/>\n<meta property=\"og:url\" content=\"https:\/\/districos.standingout.be\/fr\/product\/sthauer-t-custom-tondeuse-professionelle-ref-1223-03\/\" \/>\n<meta property=\"og:site_name\" content=\"Districos Webshop\" \/>\n<meta property=\"article:modified_time\" content=\"2026-04-27T23:54:19+00:00\" \/>\n<meta property=\"og:image\" content=\"https:\/\/districos.standingout.be\/wp-content\/uploads\/2026\/04\/1223.03@Sthauer-T-Custom-Professionele-Trimmer_1-2.png\" \/>\n\t<meta property=\"og:image:width\" content=\"600\" \/>\n\t<meta property=\"og:image:height\" content=\"600\" \/>\n\t<meta property=\"og:image:type\" content=\"image\/png\" \/>\n<meta name=\"twitter:card\" content=\"summary_large_image\" \/>\n<meta name=\"twitter:label1\" content=\"Dur\u00e9e de lecture estim\u00e9e\" \/>\n\t<meta name=\"twitter:data1\" content=\"1 minute\" \/>\n<script type=\"application\/ld+json\" class=\"yoast-schema-graph\">{\"@context\":\"https:\\\/\\\/schema.org\",\"@graph\":[{\"@type\":\"WebPage\",\"@id\":\"https:\\\/\\\/districos.standingout.be\\\/fr\\\/product\\\/sthauer-t-custom-tondeuse-professionelle-ref-1223-03\\\/\",\"url\":\"https:\\\/\\\/districos.standingout.be\\\/fr\\\/product\\\/sthauer-t-custom-tondeuse-professionelle-ref-1223-03\\\/\",\"name\":\"Sthauer T-Custom Tondeuse Professionelle - Districos Webshop\",\"isPartOf\":{\"@id\":\"https:\\\/\\\/districos.standingout.be\\\/fr\\\/#website\"},\"primaryImageOfPage\":{\"@id\":\"https:\\\/\\\/districos.standingout.be\\\/fr\\\/product\\\/sthauer-t-custom-tondeuse-professionelle-ref-1223-03\\\/#primaryimage\"},\"image\":{\"@id\":\"https:\\\/\\\/districos.standingout.be\\\/fr\\\/product\\\/sthauer-t-custom-tondeuse-professionelle-ref-1223-03\\\/#primaryimage\"},\"thumbnailUrl\":\"https:\\\/\\\/districos.standingout.be\\\/wp-content\\\/uploads\\\/2026\\\/04\\\/1223.03@Sthauer-T-Custom-Professionele-Trimmer_1-3.png\",\"datePublished\":\"2026-04-27T23:54:18+00:00\",\"dateModified\":\"2026-04-27T23:54:19+00:00\",\"breadcrumb\":{\"@id\":\"https:\\\/\\\/districos.standingout.be\\\/fr\\\/product\\\/sthauer-t-custom-tondeuse-professionelle-ref-1223-03\\\/#breadcrumb\"},\"inLanguage\":\"fr-FR\",\"potentialAction\":[{\"@type\":\"ReadAction\",\"target\":[\"https:\\\/\\\/districos.standingout.be\\\/fr\\\/product\\\/sthauer-t-custom-tondeuse-professionelle-ref-1223-03\\\/\"]}]},{\"@type\":\"ImageObject\",\"inLanguage\":\"fr-FR\",\"@id\":\"https:\\\/\\\/districos.standingout.be\\\/fr\\\/product\\\/sthauer-t-custom-tondeuse-professionelle-ref-1223-03\\\/#primaryimage\",\"url\":\"https:\\\/\\\/districos.standingout.be\\\/wp-content\\\/uploads\\\/2026\\\/04\\\/1223.03@Sthauer-T-Custom-Professionele-Trimmer_1-3.png\",\"contentUrl\":\"https:\\\/\\\/districos.standingout.be\\\/wp-content\\\/uploads\\\/2026\\\/04\\\/1223.03@Sthauer-T-Custom-Professionele-Trimmer_1-3.png\",\"width\":600,\"height\":600},{\"@type\":\"BreadcrumbList\",\"@id\":\"https:\\\/\\\/districos.standingout.be\\\/fr\\\/product\\\/sthauer-t-custom-tondeuse-professionelle-ref-1223-03\\\/#breadcrumb\",\"itemListElement\":[{\"@type\":\"ListItem\",\"position\":1,\"name\":\"Home\",\"item\":\"https:\\\/\\\/districos.standingout.be\\\/fr\\\/bienvenue-chez-districos\\\/\"},{\"@type\":\"ListItem\",\"position\":2,\"name\":\"Boutique\",\"item\":\"https:\\\/\\\/districos.standingout.be\\\/fr\\\/boutique\\\/\"},{\"@type\":\"ListItem\",\"position\":3,\"name\":\"Sthauer T-Custom Tondeuse Professionelle\"}]},{\"@type\":\"WebSite\",\"@id\":\"https:\\\/\\\/districos.standingout.be\\\/fr\\\/#website\",\"url\":\"https:\\\/\\\/districos.standingout.be\\\/fr\\\/\",\"name\":\"Districos Webshop\",\"description\":\"\",\"publisher\":{\"@id\":\"https:\\\/\\\/districos.standingout.be\\\/fr\\\/#organization\"},\"potentialAction\":[{\"@type\":\"SearchAction\",\"target\":{\"@type\":\"EntryPoint\",\"urlTemplate\":\"https:\\\/\\\/districos.standingout.be\\\/fr\\\/?s={search_term_string}\"},\"query-input\":{\"@type\":\"PropertyValueSpecification\",\"valueRequired\":true,\"valueName\":\"search_term_string\"}}],\"inLanguage\":\"fr-FR\"},{\"@type\":\"Organization\",\"@id\":\"https:\\\/\\\/districos.standingout.be\\\/fr\\\/#organization\",\"name\":\"Districos Webshop\",\"url\":\"https:\\\/\\\/districos.standingout.be\\\/fr\\\/\",\"logo\":{\"@type\":\"ImageObject\",\"inLanguage\":\"fr-FR\",\"@id\":\"https:\\\/\\\/districos.standingout.be\\\/fr\\\/#\\\/schema\\\/logo\\\/image\\\/\",\"url\":\"https:\\\/\\\/districos.standingout.be\\\/wp-content\\\/uploads\\\/2022\\\/09\\\/Districos_Logo_Webshop.svg\",\"contentUrl\":\"https:\\\/\\\/districos.standingout.be\\\/wp-content\\\/uploads\\\/2022\\\/09\\\/Districos_Logo_Webshop.svg\",\"caption\":\"Districos Webshop\"},\"image\":{\"@id\":\"https:\\\/\\\/districos.standingout.be\\\/fr\\\/#\\\/schema\\\/logo\\\/image\\\/\"}}]}<\/script>\n<!-- \/ Yoast SEO plugin. -->","yoast_head_json":{"title":"Sthauer T-Custom Tondeuse Professionelle - Districos Webshop","robots":{"index":"noindex","follow":"follow","max-snippet":"max-snippet:-1","max-image-preview":"max-image-preview:large","max-video-preview":"max-video-preview:-1"},"og_locale":"fr_FR","og_type":"article","og_title":"Sthauer T-Custom Tondeuse Professionelle - Districos Webshop","og_description":"Cette tondeuse professionnelle T-Custom, compacte et pratique, est \u00e9quip\u00e9e de lames en acier inoxydable de haute qualit\u00e9 en forme de T. Sa t\u00eate de coupe sur\u00e9lev\u00e9e par rapport au manche permet une grande pr\u00e9cision pour le contouring, la coupe artistique ou la finition des d\u00e9tails. Elle est \u00e9galement id\u00e9ale pour le rasage des poils corporels [&hellip;]","og_url":"https:\/\/districos.standingout.be\/fr\/product\/sthauer-t-custom-tondeuse-professionelle-ref-1223-03\/","og_site_name":"Districos Webshop","article_modified_time":"2026-04-27T23:54:19+00:00","og_image":[{"width":600,"height":600,"url":"https:\/\/districos.standingout.be\/wp-content\/uploads\/2026\/04\/1223.03@Sthauer-T-Custom-Professionele-Trimmer_1-2.png","type":"image\/png"}],"twitter_card":"summary_large_image","twitter_misc":{"Dur\u00e9e de lecture estim\u00e9e":"1 minute"},"schema":{"@context":"https:\/\/schema.org","@graph":[{"@type":"WebPage","@id":"https:\/\/districos.standingout.be\/fr\/product\/sthauer-t-custom-tondeuse-professionelle-ref-1223-03\/","url":"https:\/\/districos.standingout.be\/fr\/product\/sthauer-t-custom-tondeuse-professionelle-ref-1223-03\/","name":"Sthauer T-Custom Tondeuse Professionelle - Districos Webshop","isPartOf":{"@id":"https:\/\/districos.standingout.be\/fr\/#website"},"primaryImageOfPage":{"@id":"https:\/\/districos.standingout.be\/fr\/product\/sthauer-t-custom-tondeuse-professionelle-ref-1223-03\/#primaryimage"},"image":{"@id":"https:\/\/districos.standingout.be\/fr\/product\/sthauer-t-custom-tondeuse-professionelle-ref-1223-03\/#primaryimage"},"thumbnailUrl":"https:\/\/districos.standingout.be\/wp-content\/uploads\/2026\/04\/1223.03@Sthauer-T-Custom-Professionele-Trimmer_1-3.png","datePublished":"2026-04-27T23:54:18+00:00","dateModified":"2026-04-27T23:54:19+00:00","breadcrumb":{"@id":"https:\/\/districos.standingout.be\/fr\/product\/sthauer-t-custom-tondeuse-professionelle-ref-1223-03\/#breadcrumb"},"inLanguage":"fr-FR","potentialAction":[{"@type":"ReadAction","target":["https:\/\/districos.standingout.be\/fr\/product\/sthauer-t-custom-tondeuse-professionelle-ref-1223-03\/"]}]},{"@type":"ImageObject","inLanguage":"fr-FR","@id":"https:\/\/districos.standingout.be\/fr\/product\/sthauer-t-custom-tondeuse-professionelle-ref-1223-03\/#primaryimage","url":"https:\/\/districos.standingout.be\/wp-content\/uploads\/2026\/04\/1223.03@Sthauer-T-Custom-Professionele-Trimmer_1-3.png","contentUrl":"https:\/\/districos.standingout.be\/wp-content\/uploads\/2026\/04\/1223.03@Sthauer-T-Custom-Professionele-Trimmer_1-3.png","width":600,"height":600},{"@type":"BreadcrumbList","@id":"https:\/\/districos.standingout.be\/fr\/product\/sthauer-t-custom-tondeuse-professionelle-ref-1223-03\/#breadcrumb","itemListElement":[{"@type":"ListItem","position":1,"name":"Home","item":"https:\/\/districos.standingout.be\/fr\/bienvenue-chez-districos\/"},{"@type":"ListItem","position":2,"name":"Boutique","item":"https:\/\/districos.standingout.be\/fr\/boutique\/"},{"@type":"ListItem","position":3,"name":"Sthauer T-Custom Tondeuse Professionelle"}]},{"@type":"WebSite","@id":"https:\/\/districos.standingout.be\/fr\/#website","url":"https:\/\/districos.standingout.be\/fr\/","name":"Districos Webshop","description":"","publisher":{"@id":"https:\/\/districos.standingout.be\/fr\/#organization"},"potentialAction":[{"@type":"SearchAction","target":{"@type":"EntryPoint","urlTemplate":"https:\/\/districos.standingout.be\/fr\/?s={search_term_string}"},"query-input":{"@type":"PropertyValueSpecification","valueRequired":true,"valueName":"search_term_string"}}],"inLanguage":"fr-FR"},{"@type":"Organization","@id":"https:\/\/districos.standingout.be\/fr\/#organization","name":"Districos Webshop","url":"https:\/\/districos.standingout.be\/fr\/","logo":{"@type":"ImageObject","inLanguage":"fr-FR","@id":"https:\/\/districos.standingout.be\/fr\/#\/schema\/logo\/image\/","url":"https:\/\/districos.standingout.be\/wp-content\/uploads\/2022\/09\/Districos_Logo_Webshop.svg","contentUrl":"https:\/\/districos.standingout.be\/wp-content\/uploads\/2022\/09\/Districos_Logo_Webshop.svg","caption":"Districos Webshop"},"image":{"@id":"https:\/\/districos.standingout.be\/fr\/#\/schema\/logo\/image\/"}}]}},"_links":{"self":[{"href":"https:\/\/districos.standingout.be\/fr\/wp-json\/wp\/v2\/product\/133900","targetHints":{"allow":["GET"]}}],"collection":[{"href":"https:\/\/districos.standingout.be\/fr\/wp-json\/wp\/v2\/product"}],"about":[{"href":"https:\/\/districos.standingout.be\/fr\/wp-json\/wp\/v2\/types\/product"}],"replies":[{"embeddable":true,"href":"https:\/\/districos.standingout.be\/fr\/wp-json\/wp\/v2\/comments?post=133900"}],"wp:featuredmedia":[{"embeddable":true,"href":"https:\/\/districos.standingout.be\/fr\/wp-json\/wp\/v2\/media\/143397"}],"wp:attachment":[{"href":"https:\/\/districos.standingout.be\/fr\/wp-json\/wp\/v2\/media?parent=133900"}],"wp:term":[{"taxonomy":"product_brand","embeddable":true,"href":"https:\/\/districos.standingout.be\/fr\/wp-json\/wp\/v2\/product_brand?post=133900"},{"taxonomy":"product_cat","embeddable":true,"href":"https:\/\/districos.standingout.be\/fr\/wp-json\/wp\/v2\/product_cat?post=133900"},{"taxonomy":"product_tag","embeddable":true,"href":"https:\/\/districos.standingout.be\/fr\/wp-json\/wp\/v2\/product_tag?post=133900"}],"curies":[{"name":"wp","href":"https:\/\/api.w.org\/{rel}","templated":true}]}}