{"id":133902,"date":"2026-04-28T01:54:19","date_gmt":"2026-04-27T23:54:19","guid":{"rendered":"https:\/\/webshopdistricoscom.webhosting.be\/product\/sthauer-face-trim-tondeuse-de-precision-ref-1223-04\/"},"modified":"2026-04-28T01:54:20","modified_gmt":"2026-04-27T23:54:20","slug":"sthauer-face-trim-tondeuse-de-precision-ref-1223-04","status":"publish","type":"product","link":"https:\/\/districos.standingout.be\/fr\/product\/sthauer-face-trim-tondeuse-de-precision-ref-1223-04\/","title":{"rendered":"Sthauer Face Trim Tondeuse de Pr\u00e9cision"},"content":{"rendered":"<p >\n<\/p>\n<\/p>\n<\/p>\n<p dir=\"ltr\">\n<h3 data-start=\"640\" data-end=\"668\"><\/h3>\n<\/p>\n<p data-start=\"78\" data-end=\"371\">La <strong data-start=\"81\" data-end=\"102\">Sthauer Face Trim<\/strong> est la tondeuse id\u00e9ale pour <strong data-start=\"131\" data-end=\"175\">\u00e9liminer rapidement et en toute s\u00e9curit\u00e9<\/strong> les poils ind\u00e9sirables sur les zones difficiles d&rsquo;acc\u00e8s du visage (<strong data-start=\"243\" data-end=\"272\">nez, oreilles et sourcils<\/strong>) ou sur des zones d\u00e9licates. Son <strong data-start=\"306\" data-end=\"336\">design compact et sans fil<\/strong> la rend ultra simple \u00e0 utiliser.<\/p>\n<p data-start=\"68\" data-end=\"638\">\n<p data-start=\"373\" data-end=\"653\">Cette tondeuse est livr\u00e9e avec <strong data-start=\"404\" data-end=\"434\">2 sabots pour les sourcils<\/strong> (2 longueurs) et un <strong data-start=\"455\" data-end=\"478\">embout de pr\u00e9cision<\/strong> pour affiner les contours de la barbe, raser le pavillon de l\u2019oreille ou d&rsquo;autres zones sensibles. Tous les accessoires sont <strong data-start=\"604\" data-end=\"650\">facilement nettoyables sous l\u2019eau courante<\/strong>.<\/p>\n<p dir=\"ltr\"><font size=\"2\"><\/font><\/p>\n<p dir=\"ltr\"><font size=\"2\"><\/font><\/p>\n<p><font size=\"2\"><\/font><\/p>\n<p><font size=\"2\"><\/font><\/p>\n<p dir=\"ltr\"><font size=\"2\"><\/font><\/p>\n<ul>\n<li>Design ultra-compact.<\/li>\n<li><span data-start=\"715\" data-end=\"736\">Batterie int\u00e9gr\u00e9e<\/span>, rechargeable avec le c\u00e2ble USB inclus.<\/li>\n<li><span data-start=\"776\" data-end=\"791\">Autonomie :<\/span>&nbsp;90 min.<\/li>\n<li><span data-start=\"836\" data-end=\"857\">Temps de charge :<\/span> max. 1,5 heures.<\/li>\n<li><span data-start=\"848\" data-end=\"880\">2 sabots pour les sourcils :<\/span> 4 mm et 7 mm.<\/li>\n<li><span data-start=\"898\" data-end=\"923\">1 embout de pr\u00e9cision<\/span> pour raser le pavillon de l\u2019oreille et les zones d\u00e9licates.<\/li>\n<li><span data-start=\"1018\" data-end=\"1058\">Dimensions du manche (sans embout) :<\/span> 12 cm de long \u2013 Diam\u00e8tre : 3 cm.<\/li>\n<li>Pochette de rangement en tissu incluse.<\/li>\n<li>Recommand\u00e9e pour le rasage des poils fins en pr\u00e9paration \u00e0 une \u00e9pilation d\u00e9finitive (ex. laser).<\/li>\n<\/ul>\n","protected":false},"excerpt":{"rendered":"<p>La Sthauer Face Trim est la tondeuse id\u00e9ale pour \u00e9liminer rapidement et en toute s\u00e9curit\u00e9 les poils ind\u00e9sirables sur les zones difficiles d&rsquo;acc\u00e8s du visage (nez, oreilles et sourcils) ou sur des zones d\u00e9licates. Son design compact et sans fil la rend ultra simple \u00e0 utiliser. Cette tondeuse est livr\u00e9e avec 2 sabots pour les [&hellip;]<\/p>\n","protected":false},"featured_media":143412,"comment_status":"open","ping_status":"closed","template":"","meta":{"_acf_changed":false},"product_brand":[10562],"product_cat":[9926],"product_tag":[],"class_list":{"0":"post-133902","1":"product","2":"type-product","3":"status-publish","4":"has-post-thumbnail","6":"product_brand-sthauer-fr","7":"product_cat-beaute-epilation-accessoires","9":"first","10":"instock","11":"taxable","12":"shipping-taxable","13":"product-type-simple"},"acf":[],"yoast_head":"<!-- This site is optimized with the Yoast SEO plugin v27.3 - https:\/\/yoast.com\/product\/yoast-seo-wordpress\/ -->\n<title>Sthauer Face Trim Tondeuse de Pr\u00e9cision - Districos Webshop<\/title>\n<meta name=\"robots\" content=\"noindex, follow, max-snippet:-1, max-image-preview:large, max-video-preview:-1\" \/>\n<meta property=\"og:locale\" content=\"fr_FR\" \/>\n<meta property=\"og:type\" content=\"article\" \/>\n<meta property=\"og:title\" content=\"Sthauer Face Trim Tondeuse de Pr\u00e9cision - Districos Webshop\" \/>\n<meta property=\"og:description\" content=\"La Sthauer Face Trim est la tondeuse id\u00e9ale pour \u00e9liminer rapidement et en toute s\u00e9curit\u00e9 les poils ind\u00e9sirables sur les zones difficiles d&rsquo;acc\u00e8s du visage (nez, oreilles et sourcils) ou sur des zones d\u00e9licates. Son design compact et sans fil la rend ultra simple \u00e0 utiliser. Cette tondeuse est livr\u00e9e avec 2 sabots pour les [&hellip;]\" \/>\n<meta property=\"og:url\" content=\"https:\/\/districos.standingout.be\/fr\/product\/sthauer-face-trim-tondeuse-de-precision-ref-1223-04\/\" \/>\n<meta property=\"og:site_name\" content=\"Districos Webshop\" \/>\n<meta property=\"article:modified_time\" content=\"2026-04-27T23:54:20+00:00\" \/>\n<meta property=\"og:image\" content=\"https:\/\/districos.standingout.be\/wp-content\/uploads\/2026\/04\/1223.04@Sthauer-Face-Trim-Precisie-Trimmer_1-2.png\" \/>\n\t<meta property=\"og:image:width\" content=\"600\" \/>\n\t<meta property=\"og:image:height\" content=\"600\" \/>\n\t<meta property=\"og:image:type\" content=\"image\/png\" \/>\n<meta name=\"twitter:card\" content=\"summary_large_image\" \/>\n<meta name=\"twitter:label1\" content=\"Dur\u00e9e de lecture estim\u00e9e\" \/>\n\t<meta name=\"twitter:data1\" content=\"1 minute\" \/>\n<script type=\"application\/ld+json\" class=\"yoast-schema-graph\">{\"@context\":\"https:\\\/\\\/schema.org\",\"@graph\":[{\"@type\":\"WebPage\",\"@id\":\"https:\\\/\\\/districos.standingout.be\\\/fr\\\/product\\\/sthauer-face-trim-tondeuse-de-precision-ref-1223-04\\\/\",\"url\":\"https:\\\/\\\/districos.standingout.be\\\/fr\\\/product\\\/sthauer-face-trim-tondeuse-de-precision-ref-1223-04\\\/\",\"name\":\"Sthauer Face Trim Tondeuse de Pr\u00e9cision - Districos Webshop\",\"isPartOf\":{\"@id\":\"https:\\\/\\\/districos.standingout.be\\\/fr\\\/#website\"},\"primaryImageOfPage\":{\"@id\":\"https:\\\/\\\/districos.standingout.be\\\/fr\\\/product\\\/sthauer-face-trim-tondeuse-de-precision-ref-1223-04\\\/#primaryimage\"},\"image\":{\"@id\":\"https:\\\/\\\/districos.standingout.be\\\/fr\\\/product\\\/sthauer-face-trim-tondeuse-de-precision-ref-1223-04\\\/#primaryimage\"},\"thumbnailUrl\":\"https:\\\/\\\/districos.standingout.be\\\/wp-content\\\/uploads\\\/2026\\\/04\\\/1223.04@Sthauer-Face-Trim-Precisie-Trimmer_1-3.png\",\"datePublished\":\"2026-04-27T23:54:19+00:00\",\"dateModified\":\"2026-04-27T23:54:20+00:00\",\"breadcrumb\":{\"@id\":\"https:\\\/\\\/districos.standingout.be\\\/fr\\\/product\\\/sthauer-face-trim-tondeuse-de-precision-ref-1223-04\\\/#breadcrumb\"},\"inLanguage\":\"fr-FR\",\"potentialAction\":[{\"@type\":\"ReadAction\",\"target\":[\"https:\\\/\\\/districos.standingout.be\\\/fr\\\/product\\\/sthauer-face-trim-tondeuse-de-precision-ref-1223-04\\\/\"]}]},{\"@type\":\"ImageObject\",\"inLanguage\":\"fr-FR\",\"@id\":\"https:\\\/\\\/districos.standingout.be\\\/fr\\\/product\\\/sthauer-face-trim-tondeuse-de-precision-ref-1223-04\\\/#primaryimage\",\"url\":\"https:\\\/\\\/districos.standingout.be\\\/wp-content\\\/uploads\\\/2026\\\/04\\\/1223.04@Sthauer-Face-Trim-Precisie-Trimmer_1-3.png\",\"contentUrl\":\"https:\\\/\\\/districos.standingout.be\\\/wp-content\\\/uploads\\\/2026\\\/04\\\/1223.04@Sthauer-Face-Trim-Precisie-Trimmer_1-3.png\",\"width\":600,\"height\":600},{\"@type\":\"BreadcrumbList\",\"@id\":\"https:\\\/\\\/districos.standingout.be\\\/fr\\\/product\\\/sthauer-face-trim-tondeuse-de-precision-ref-1223-04\\\/#breadcrumb\",\"itemListElement\":[{\"@type\":\"ListItem\",\"position\":1,\"name\":\"Home\",\"item\":\"https:\\\/\\\/districos.standingout.be\\\/fr\\\/bienvenue-chez-districos\\\/\"},{\"@type\":\"ListItem\",\"position\":2,\"name\":\"Boutique\",\"item\":\"https:\\\/\\\/districos.standingout.be\\\/fr\\\/boutique\\\/\"},{\"@type\":\"ListItem\",\"position\":3,\"name\":\"Sthauer Face Trim Tondeuse de Pr\u00e9cision\"}]},{\"@type\":\"WebSite\",\"@id\":\"https:\\\/\\\/districos.standingout.be\\\/fr\\\/#website\",\"url\":\"https:\\\/\\\/districos.standingout.be\\\/fr\\\/\",\"name\":\"Districos Webshop\",\"description\":\"\",\"publisher\":{\"@id\":\"https:\\\/\\\/districos.standingout.be\\\/fr\\\/#organization\"},\"potentialAction\":[{\"@type\":\"SearchAction\",\"target\":{\"@type\":\"EntryPoint\",\"urlTemplate\":\"https:\\\/\\\/districos.standingout.be\\\/fr\\\/?s={search_term_string}\"},\"query-input\":{\"@type\":\"PropertyValueSpecification\",\"valueRequired\":true,\"valueName\":\"search_term_string\"}}],\"inLanguage\":\"fr-FR\"},{\"@type\":\"Organization\",\"@id\":\"https:\\\/\\\/districos.standingout.be\\\/fr\\\/#organization\",\"name\":\"Districos Webshop\",\"url\":\"https:\\\/\\\/districos.standingout.be\\\/fr\\\/\",\"logo\":{\"@type\":\"ImageObject\",\"inLanguage\":\"fr-FR\",\"@id\":\"https:\\\/\\\/districos.standingout.be\\\/fr\\\/#\\\/schema\\\/logo\\\/image\\\/\",\"url\":\"https:\\\/\\\/districos.standingout.be\\\/wp-content\\\/uploads\\\/2022\\\/09\\\/Districos_Logo_Webshop.svg\",\"contentUrl\":\"https:\\\/\\\/districos.standingout.be\\\/wp-content\\\/uploads\\\/2022\\\/09\\\/Districos_Logo_Webshop.svg\",\"caption\":\"Districos Webshop\"},\"image\":{\"@id\":\"https:\\\/\\\/districos.standingout.be\\\/fr\\\/#\\\/schema\\\/logo\\\/image\\\/\"}}]}<\/script>\n<!-- \/ Yoast SEO plugin. -->","yoast_head_json":{"title":"Sthauer Face Trim Tondeuse de Pr\u00e9cision - Districos Webshop","robots":{"index":"noindex","follow":"follow","max-snippet":"max-snippet:-1","max-image-preview":"max-image-preview:large","max-video-preview":"max-video-preview:-1"},"og_locale":"fr_FR","og_type":"article","og_title":"Sthauer Face Trim Tondeuse de Pr\u00e9cision - Districos Webshop","og_description":"La Sthauer Face Trim est la tondeuse id\u00e9ale pour \u00e9liminer rapidement et en toute s\u00e9curit\u00e9 les poils ind\u00e9sirables sur les zones difficiles d&rsquo;acc\u00e8s du visage (nez, oreilles et sourcils) ou sur des zones d\u00e9licates. Son design compact et sans fil la rend ultra simple \u00e0 utiliser. Cette tondeuse est livr\u00e9e avec 2 sabots pour les [&hellip;]","og_url":"https:\/\/districos.standingout.be\/fr\/product\/sthauer-face-trim-tondeuse-de-precision-ref-1223-04\/","og_site_name":"Districos Webshop","article_modified_time":"2026-04-27T23:54:20+00:00","og_image":[{"width":600,"height":600,"url":"https:\/\/districos.standingout.be\/wp-content\/uploads\/2026\/04\/1223.04@Sthauer-Face-Trim-Precisie-Trimmer_1-2.png","type":"image\/png"}],"twitter_card":"summary_large_image","twitter_misc":{"Dur\u00e9e de lecture estim\u00e9e":"1 minute"},"schema":{"@context":"https:\/\/schema.org","@graph":[{"@type":"WebPage","@id":"https:\/\/districos.standingout.be\/fr\/product\/sthauer-face-trim-tondeuse-de-precision-ref-1223-04\/","url":"https:\/\/districos.standingout.be\/fr\/product\/sthauer-face-trim-tondeuse-de-precision-ref-1223-04\/","name":"Sthauer Face Trim Tondeuse de Pr\u00e9cision - Districos Webshop","isPartOf":{"@id":"https:\/\/districos.standingout.be\/fr\/#website"},"primaryImageOfPage":{"@id":"https:\/\/districos.standingout.be\/fr\/product\/sthauer-face-trim-tondeuse-de-precision-ref-1223-04\/#primaryimage"},"image":{"@id":"https:\/\/districos.standingout.be\/fr\/product\/sthauer-face-trim-tondeuse-de-precision-ref-1223-04\/#primaryimage"},"thumbnailUrl":"https:\/\/districos.standingout.be\/wp-content\/uploads\/2026\/04\/1223.04@Sthauer-Face-Trim-Precisie-Trimmer_1-3.png","datePublished":"2026-04-27T23:54:19+00:00","dateModified":"2026-04-27T23:54:20+00:00","breadcrumb":{"@id":"https:\/\/districos.standingout.be\/fr\/product\/sthauer-face-trim-tondeuse-de-precision-ref-1223-04\/#breadcrumb"},"inLanguage":"fr-FR","potentialAction":[{"@type":"ReadAction","target":["https:\/\/districos.standingout.be\/fr\/product\/sthauer-face-trim-tondeuse-de-precision-ref-1223-04\/"]}]},{"@type":"ImageObject","inLanguage":"fr-FR","@id":"https:\/\/districos.standingout.be\/fr\/product\/sthauer-face-trim-tondeuse-de-precision-ref-1223-04\/#primaryimage","url":"https:\/\/districos.standingout.be\/wp-content\/uploads\/2026\/04\/1223.04@Sthauer-Face-Trim-Precisie-Trimmer_1-3.png","contentUrl":"https:\/\/districos.standingout.be\/wp-content\/uploads\/2026\/04\/1223.04@Sthauer-Face-Trim-Precisie-Trimmer_1-3.png","width":600,"height":600},{"@type":"BreadcrumbList","@id":"https:\/\/districos.standingout.be\/fr\/product\/sthauer-face-trim-tondeuse-de-precision-ref-1223-04\/#breadcrumb","itemListElement":[{"@type":"ListItem","position":1,"name":"Home","item":"https:\/\/districos.standingout.be\/fr\/bienvenue-chez-districos\/"},{"@type":"ListItem","position":2,"name":"Boutique","item":"https:\/\/districos.standingout.be\/fr\/boutique\/"},{"@type":"ListItem","position":3,"name":"Sthauer Face Trim Tondeuse de Pr\u00e9cision"}]},{"@type":"WebSite","@id":"https:\/\/districos.standingout.be\/fr\/#website","url":"https:\/\/districos.standingout.be\/fr\/","name":"Districos Webshop","description":"","publisher":{"@id":"https:\/\/districos.standingout.be\/fr\/#organization"},"potentialAction":[{"@type":"SearchAction","target":{"@type":"EntryPoint","urlTemplate":"https:\/\/districos.standingout.be\/fr\/?s={search_term_string}"},"query-input":{"@type":"PropertyValueSpecification","valueRequired":true,"valueName":"search_term_string"}}],"inLanguage":"fr-FR"},{"@type":"Organization","@id":"https:\/\/districos.standingout.be\/fr\/#organization","name":"Districos Webshop","url":"https:\/\/districos.standingout.be\/fr\/","logo":{"@type":"ImageObject","inLanguage":"fr-FR","@id":"https:\/\/districos.standingout.be\/fr\/#\/schema\/logo\/image\/","url":"https:\/\/districos.standingout.be\/wp-content\/uploads\/2022\/09\/Districos_Logo_Webshop.svg","contentUrl":"https:\/\/districos.standingout.be\/wp-content\/uploads\/2022\/09\/Districos_Logo_Webshop.svg","caption":"Districos Webshop"},"image":{"@id":"https:\/\/districos.standingout.be\/fr\/#\/schema\/logo\/image\/"}}]}},"_links":{"self":[{"href":"https:\/\/districos.standingout.be\/fr\/wp-json\/wp\/v2\/product\/133902","targetHints":{"allow":["GET"]}}],"collection":[{"href":"https:\/\/districos.standingout.be\/fr\/wp-json\/wp\/v2\/product"}],"about":[{"href":"https:\/\/districos.standingout.be\/fr\/wp-json\/wp\/v2\/types\/product"}],"replies":[{"embeddable":true,"href":"https:\/\/districos.standingout.be\/fr\/wp-json\/wp\/v2\/comments?post=133902"}],"wp:featuredmedia":[{"embeddable":true,"href":"https:\/\/districos.standingout.be\/fr\/wp-json\/wp\/v2\/media\/143412"}],"wp:attachment":[{"href":"https:\/\/districos.standingout.be\/fr\/wp-json\/wp\/v2\/media?parent=133902"}],"wp:term":[{"taxonomy":"product_brand","embeddable":true,"href":"https:\/\/districos.standingout.be\/fr\/wp-json\/wp\/v2\/product_brand?post=133902"},{"taxonomy":"product_cat","embeddable":true,"href":"https:\/\/districos.standingout.be\/fr\/wp-json\/wp\/v2\/product_cat?post=133902"},{"taxonomy":"product_tag","embeddable":true,"href":"https:\/\/districos.standingout.be\/fr\/wp-json\/wp\/v2\/product_tag?post=133902"}],"curies":[{"name":"wp","href":"https:\/\/api.w.org\/{rel}","templated":true}]}}