{"id":133926,"date":"2026-04-28T01:55:10","date_gmt":"2026-04-27T23:55:10","guid":{"rendered":"https:\/\/webshopdistricoscom.webhosting.be\/product\/protection-non-pelucheuse-table-manucure-33x45-cm-125-pcs-ref-1229-06\/"},"modified":"2026-04-28T01:55:12","modified_gmt":"2026-04-27T23:55:12","slug":"protection-non-pelucheuse-table-manucure-33x45-cm-125-pcs-ref-1229-06","status":"publish","type":"product","link":"https:\/\/districos.standingout.be\/fr\/product\/protection-non-pelucheuse-table-manucure-33x45-cm-125-pcs-ref-1229-06\/","title":{"rendered":"Protection Non Pelucheuse Table Manucure 33&#215;45 cm 125 pcs."},"content":{"rendered":"<p >\n<\/p>\n<p dir=\"ltr\"><font size=\"2\">Prot\u00e9gez vos tables de manucure avec ces feuilles pr\u00e9d\u00e9coup\u00e9es de 33 x 45 cm.<\/font><\/p>\n<p dir=\"ltr\"><font size=\"2\"><\/font><\/p>\n<ul>\n<li><font size=\"2\">Plastifi\u00e9es d&rsquo;un c\u00f4t\u00e9, afin que les produits ne transpercent pas et que votre table de manucure soit prot\u00e9g\u00e9e contre les taches.<\/font><\/li>\n<li><font size=\"2\">Ne peluchent et ne se d\u00e9chirent pas.<\/font><\/li>\n<li><font size=\"2\">Utilisez une nouvelle feuille par client(e) pour une hygi\u00e8ne optimale. <\/font><\/li>\n<li><font size=\"2\">Emballage : 125 pi\u00e8ces.<\/font><\/li>\n<\/ul>\n<p dir=\"ltr\"><font size=\"2\"><\/font><\/p>\n<div><b>Aussi disponible par 500 pi\u00e8ces (<u><a href=\"https:\/\/districos.com\/ProductDetail\/1229.07\" target=\"_blank\" rel=\"noopener noreferrer nofollow\">r\u00e9f. 1229.07<\/a><\/u>)<\/b><\/div><\/p>\n","protected":false},"excerpt":{"rendered":"<p>Prot\u00e9gez vos tables de manucure avec ces feuilles pr\u00e9d\u00e9coup\u00e9es de 33 x 45 cm. Plastifi\u00e9es d&rsquo;un c\u00f4t\u00e9, afin que les produits ne transpercent pas et que votre table de manucure soit prot\u00e9g\u00e9e contre les taches. Ne peluchent et ne se d\u00e9chirent pas. Utilisez une nouvelle feuille par client(e) pour une hygi\u00e8ne optimale. Emballage : 125 [&hellip;]<\/p>\n","protected":false},"featured_media":70343,"comment_status":"open","ping_status":"closed","template":"","meta":{"_acf_changed":false},"product_brand":[10380],"product_cat":[9992,10134,10152],"product_tag":[],"class_list":{"0":"post-133926","1":"product","2":"type-product","3":"status-publish","4":"has-post-thumbnail","6":"product_brand-districos-fr","7":"product_cat-soins-des-pieds-podologie-desinfection-nettoyage-articles-jetables","8":"product_cat-hygiene-articles-jetables-hygiene-protection-protection-de-table","9":"product_cat-hygiene-articles-jetables-articles-jetables-protection-de-table","11":"first","12":"instock","13":"taxable","14":"shipping-taxable","15":"product-type-simple"},"acf":[],"yoast_head":"<!-- This site is optimized with the Yoast SEO plugin v27.3 - https:\/\/yoast.com\/product\/yoast-seo-wordpress\/ -->\n<title>Protection Non Pelucheuse Table Manucure 33x45 cm 125 pcs. - Districos Webshop<\/title>\n<meta name=\"robots\" content=\"noindex, follow, max-snippet:-1, max-image-preview:large, max-video-preview:-1\" \/>\n<meta property=\"og:locale\" content=\"fr_FR\" \/>\n<meta property=\"og:type\" content=\"article\" \/>\n<meta property=\"og:title\" content=\"Protection Non Pelucheuse Table Manucure 33x45 cm 125 pcs. - Districos Webshop\" \/>\n<meta property=\"og:description\" content=\"Prot\u00e9gez vos tables de manucure avec ces feuilles pr\u00e9d\u00e9coup\u00e9es de 33 x 45 cm. Plastifi\u00e9es d&rsquo;un c\u00f4t\u00e9, afin que les produits ne transpercent pas et que votre table de manucure soit prot\u00e9g\u00e9e contre les taches. Ne peluchent et ne se d\u00e9chirent pas. Utilisez une nouvelle feuille par client(e) pour une hygi\u00e8ne optimale. Emballage : 125 [&hellip;]\" \/>\n<meta property=\"og:url\" content=\"https:\/\/districos.standingout.be\/fr\/product\/protection-non-pelucheuse-table-manucure-33x45-cm-125-pcs-ref-1229-06\/\" \/>\n<meta property=\"og:site_name\" content=\"Districos Webshop\" \/>\n<meta property=\"article:modified_time\" content=\"2026-04-27T23:55:12+00:00\" \/>\n<meta property=\"og:image\" content=\"https:\/\/districos.standingout.be\/wp-content\/uploads\/2025\/07\/1229.06@LowRes_1.png\" \/>\n\t<meta property=\"og:image:width\" content=\"600\" \/>\n\t<meta property=\"og:image:height\" content=\"600\" \/>\n\t<meta property=\"og:image:type\" content=\"image\/png\" \/>\n<meta name=\"twitter:card\" content=\"summary_large_image\" \/>\n<script type=\"application\/ld+json\" class=\"yoast-schema-graph\">{\"@context\":\"https:\\\/\\\/schema.org\",\"@graph\":[{\"@type\":\"WebPage\",\"@id\":\"https:\\\/\\\/districos.standingout.be\\\/fr\\\/product\\\/protection-non-pelucheuse-table-manucure-33x45-cm-125-pcs-ref-1229-06\\\/\",\"url\":\"https:\\\/\\\/districos.standingout.be\\\/fr\\\/product\\\/protection-non-pelucheuse-table-manucure-33x45-cm-125-pcs-ref-1229-06\\\/\",\"name\":\"Protection Non Pelucheuse Table Manucure 33x45 cm 125 pcs. - Districos Webshop\",\"isPartOf\":{\"@id\":\"https:\\\/\\\/districos.standingout.be\\\/fr\\\/#website\"},\"primaryImageOfPage\":{\"@id\":\"https:\\\/\\\/districos.standingout.be\\\/fr\\\/product\\\/protection-non-pelucheuse-table-manucure-33x45-cm-125-pcs-ref-1229-06\\\/#primaryimage\"},\"image\":{\"@id\":\"https:\\\/\\\/districos.standingout.be\\\/fr\\\/product\\\/protection-non-pelucheuse-table-manucure-33x45-cm-125-pcs-ref-1229-06\\\/#primaryimage\"},\"thumbnailUrl\":\"https:\\\/\\\/districos.standingout.be\\\/wp-content\\\/uploads\\\/2025\\\/07\\\/1229.06@LowRes_1.png\",\"datePublished\":\"2026-04-27T23:55:10+00:00\",\"dateModified\":\"2026-04-27T23:55:12+00:00\",\"breadcrumb\":{\"@id\":\"https:\\\/\\\/districos.standingout.be\\\/fr\\\/product\\\/protection-non-pelucheuse-table-manucure-33x45-cm-125-pcs-ref-1229-06\\\/#breadcrumb\"},\"inLanguage\":\"fr-FR\",\"potentialAction\":[{\"@type\":\"ReadAction\",\"target\":[\"https:\\\/\\\/districos.standingout.be\\\/fr\\\/product\\\/protection-non-pelucheuse-table-manucure-33x45-cm-125-pcs-ref-1229-06\\\/\"]}]},{\"@type\":\"ImageObject\",\"inLanguage\":\"fr-FR\",\"@id\":\"https:\\\/\\\/districos.standingout.be\\\/fr\\\/product\\\/protection-non-pelucheuse-table-manucure-33x45-cm-125-pcs-ref-1229-06\\\/#primaryimage\",\"url\":\"https:\\\/\\\/districos.standingout.be\\\/wp-content\\\/uploads\\\/2025\\\/07\\\/1229.06@LowRes_1.png\",\"contentUrl\":\"https:\\\/\\\/districos.standingout.be\\\/wp-content\\\/uploads\\\/2025\\\/07\\\/1229.06@LowRes_1.png\",\"width\":600,\"height\":600},{\"@type\":\"BreadcrumbList\",\"@id\":\"https:\\\/\\\/districos.standingout.be\\\/fr\\\/product\\\/protection-non-pelucheuse-table-manucure-33x45-cm-125-pcs-ref-1229-06\\\/#breadcrumb\",\"itemListElement\":[{\"@type\":\"ListItem\",\"position\":1,\"name\":\"Home\",\"item\":\"https:\\\/\\\/districos.standingout.be\\\/fr\\\/bienvenue-chez-districos\\\/\"},{\"@type\":\"ListItem\",\"position\":2,\"name\":\"Boutique\",\"item\":\"https:\\\/\\\/districos.standingout.be\\\/fr\\\/boutique\\\/\"},{\"@type\":\"ListItem\",\"position\":3,\"name\":\"Protection Non Pelucheuse Table Manucure 33&#215;45 cm 125 pcs.\"}]},{\"@type\":\"WebSite\",\"@id\":\"https:\\\/\\\/districos.standingout.be\\\/fr\\\/#website\",\"url\":\"https:\\\/\\\/districos.standingout.be\\\/fr\\\/\",\"name\":\"Districos Webshop\",\"description\":\"\",\"publisher\":{\"@id\":\"https:\\\/\\\/districos.standingout.be\\\/fr\\\/#organization\"},\"potentialAction\":[{\"@type\":\"SearchAction\",\"target\":{\"@type\":\"EntryPoint\",\"urlTemplate\":\"https:\\\/\\\/districos.standingout.be\\\/fr\\\/?s={search_term_string}\"},\"query-input\":{\"@type\":\"PropertyValueSpecification\",\"valueRequired\":true,\"valueName\":\"search_term_string\"}}],\"inLanguage\":\"fr-FR\"},{\"@type\":\"Organization\",\"@id\":\"https:\\\/\\\/districos.standingout.be\\\/fr\\\/#organization\",\"name\":\"Districos Webshop\",\"url\":\"https:\\\/\\\/districos.standingout.be\\\/fr\\\/\",\"logo\":{\"@type\":\"ImageObject\",\"inLanguage\":\"fr-FR\",\"@id\":\"https:\\\/\\\/districos.standingout.be\\\/fr\\\/#\\\/schema\\\/logo\\\/image\\\/\",\"url\":\"https:\\\/\\\/districos.standingout.be\\\/wp-content\\\/uploads\\\/2022\\\/09\\\/Districos_Logo_Webshop.svg\",\"contentUrl\":\"https:\\\/\\\/districos.standingout.be\\\/wp-content\\\/uploads\\\/2022\\\/09\\\/Districos_Logo_Webshop.svg\",\"caption\":\"Districos Webshop\"},\"image\":{\"@id\":\"https:\\\/\\\/districos.standingout.be\\\/fr\\\/#\\\/schema\\\/logo\\\/image\\\/\"}}]}<\/script>\n<!-- \/ Yoast SEO plugin. -->","yoast_head_json":{"title":"Protection Non Pelucheuse Table Manucure 33x45 cm 125 pcs. - Districos Webshop","robots":{"index":"noindex","follow":"follow","max-snippet":"max-snippet:-1","max-image-preview":"max-image-preview:large","max-video-preview":"max-video-preview:-1"},"og_locale":"fr_FR","og_type":"article","og_title":"Protection Non Pelucheuse Table Manucure 33x45 cm 125 pcs. - Districos Webshop","og_description":"Prot\u00e9gez vos tables de manucure avec ces feuilles pr\u00e9d\u00e9coup\u00e9es de 33 x 45 cm. Plastifi\u00e9es d&rsquo;un c\u00f4t\u00e9, afin que les produits ne transpercent pas et que votre table de manucure soit prot\u00e9g\u00e9e contre les taches. Ne peluchent et ne se d\u00e9chirent pas. Utilisez une nouvelle feuille par client(e) pour une hygi\u00e8ne optimale. Emballage : 125 [&hellip;]","og_url":"https:\/\/districos.standingout.be\/fr\/product\/protection-non-pelucheuse-table-manucure-33x45-cm-125-pcs-ref-1229-06\/","og_site_name":"Districos Webshop","article_modified_time":"2026-04-27T23:55:12+00:00","og_image":[{"width":600,"height":600,"url":"https:\/\/districos.standingout.be\/wp-content\/uploads\/2025\/07\/1229.06@LowRes_1.png","type":"image\/png"}],"twitter_card":"summary_large_image","schema":{"@context":"https:\/\/schema.org","@graph":[{"@type":"WebPage","@id":"https:\/\/districos.standingout.be\/fr\/product\/protection-non-pelucheuse-table-manucure-33x45-cm-125-pcs-ref-1229-06\/","url":"https:\/\/districos.standingout.be\/fr\/product\/protection-non-pelucheuse-table-manucure-33x45-cm-125-pcs-ref-1229-06\/","name":"Protection Non Pelucheuse Table Manucure 33x45 cm 125 pcs. - Districos Webshop","isPartOf":{"@id":"https:\/\/districos.standingout.be\/fr\/#website"},"primaryImageOfPage":{"@id":"https:\/\/districos.standingout.be\/fr\/product\/protection-non-pelucheuse-table-manucure-33x45-cm-125-pcs-ref-1229-06\/#primaryimage"},"image":{"@id":"https:\/\/districos.standingout.be\/fr\/product\/protection-non-pelucheuse-table-manucure-33x45-cm-125-pcs-ref-1229-06\/#primaryimage"},"thumbnailUrl":"https:\/\/districos.standingout.be\/wp-content\/uploads\/2025\/07\/1229.06@LowRes_1.png","datePublished":"2026-04-27T23:55:10+00:00","dateModified":"2026-04-27T23:55:12+00:00","breadcrumb":{"@id":"https:\/\/districos.standingout.be\/fr\/product\/protection-non-pelucheuse-table-manucure-33x45-cm-125-pcs-ref-1229-06\/#breadcrumb"},"inLanguage":"fr-FR","potentialAction":[{"@type":"ReadAction","target":["https:\/\/districos.standingout.be\/fr\/product\/protection-non-pelucheuse-table-manucure-33x45-cm-125-pcs-ref-1229-06\/"]}]},{"@type":"ImageObject","inLanguage":"fr-FR","@id":"https:\/\/districos.standingout.be\/fr\/product\/protection-non-pelucheuse-table-manucure-33x45-cm-125-pcs-ref-1229-06\/#primaryimage","url":"https:\/\/districos.standingout.be\/wp-content\/uploads\/2025\/07\/1229.06@LowRes_1.png","contentUrl":"https:\/\/districos.standingout.be\/wp-content\/uploads\/2025\/07\/1229.06@LowRes_1.png","width":600,"height":600},{"@type":"BreadcrumbList","@id":"https:\/\/districos.standingout.be\/fr\/product\/protection-non-pelucheuse-table-manucure-33x45-cm-125-pcs-ref-1229-06\/#breadcrumb","itemListElement":[{"@type":"ListItem","position":1,"name":"Home","item":"https:\/\/districos.standingout.be\/fr\/bienvenue-chez-districos\/"},{"@type":"ListItem","position":2,"name":"Boutique","item":"https:\/\/districos.standingout.be\/fr\/boutique\/"},{"@type":"ListItem","position":3,"name":"Protection Non Pelucheuse Table Manucure 33&#215;45 cm 125 pcs."}]},{"@type":"WebSite","@id":"https:\/\/districos.standingout.be\/fr\/#website","url":"https:\/\/districos.standingout.be\/fr\/","name":"Districos Webshop","description":"","publisher":{"@id":"https:\/\/districos.standingout.be\/fr\/#organization"},"potentialAction":[{"@type":"SearchAction","target":{"@type":"EntryPoint","urlTemplate":"https:\/\/districos.standingout.be\/fr\/?s={search_term_string}"},"query-input":{"@type":"PropertyValueSpecification","valueRequired":true,"valueName":"search_term_string"}}],"inLanguage":"fr-FR"},{"@type":"Organization","@id":"https:\/\/districos.standingout.be\/fr\/#organization","name":"Districos Webshop","url":"https:\/\/districos.standingout.be\/fr\/","logo":{"@type":"ImageObject","inLanguage":"fr-FR","@id":"https:\/\/districos.standingout.be\/fr\/#\/schema\/logo\/image\/","url":"https:\/\/districos.standingout.be\/wp-content\/uploads\/2022\/09\/Districos_Logo_Webshop.svg","contentUrl":"https:\/\/districos.standingout.be\/wp-content\/uploads\/2022\/09\/Districos_Logo_Webshop.svg","caption":"Districos Webshop"},"image":{"@id":"https:\/\/districos.standingout.be\/fr\/#\/schema\/logo\/image\/"}}]}},"_links":{"self":[{"href":"https:\/\/districos.standingout.be\/fr\/wp-json\/wp\/v2\/product\/133926","targetHints":{"allow":["GET"]}}],"collection":[{"href":"https:\/\/districos.standingout.be\/fr\/wp-json\/wp\/v2\/product"}],"about":[{"href":"https:\/\/districos.standingout.be\/fr\/wp-json\/wp\/v2\/types\/product"}],"replies":[{"embeddable":true,"href":"https:\/\/districos.standingout.be\/fr\/wp-json\/wp\/v2\/comments?post=133926"}],"wp:featuredmedia":[{"embeddable":true,"href":"https:\/\/districos.standingout.be\/fr\/wp-json\/wp\/v2\/media\/70343"}],"wp:attachment":[{"href":"https:\/\/districos.standingout.be\/fr\/wp-json\/wp\/v2\/media?parent=133926"}],"wp:term":[{"taxonomy":"product_brand","embeddable":true,"href":"https:\/\/districos.standingout.be\/fr\/wp-json\/wp\/v2\/product_brand?post=133926"},{"taxonomy":"product_cat","embeddable":true,"href":"https:\/\/districos.standingout.be\/fr\/wp-json\/wp\/v2\/product_cat?post=133926"},{"taxonomy":"product_tag","embeddable":true,"href":"https:\/\/districos.standingout.be\/fr\/wp-json\/wp\/v2\/product_tag?post=133926"}],"curies":[{"name":"wp","href":"https:\/\/api.w.org\/{rel}","templated":true}]}}