{"id":133940,"date":"2026-04-28T01:55:22","date_gmt":"2026-04-27T23:55:22","guid":{"rendered":"https:\/\/webshopdistricoscom.webhosting.be\/product\/serviettes-jetables-70-x-50-cm-50-pcs-ref-1229-54\/"},"modified":"2026-04-28T01:55:24","modified_gmt":"2026-04-27T23:55:24","slug":"serviettes-jetables-70-x-50-cm-50-pcs-ref-1229-54","status":"publish","type":"product","link":"https:\/\/districos.standingout.be\/fr\/product\/serviettes-jetables-70-x-50-cm-50-pcs-ref-1229-54\/","title":{"rendered":"Serviettes Jetables 70 x 50 cm 50 pcs."},"content":{"rendered":"<p >\n<p dir=ltr>Essuies jetables non-tiss\u00e9s doux et durable avec une grande force d\u2019absorbtion. <\/p>\n<ul> <\/p>\n<li>100% hygi\u00e9nique<\/li>\n<p> <\/p>\n<li>Gain de temps et d\u2019argent<\/li>\n<p> <\/p>\n<li>Tr\u00e8s confortable au touch\u00e9<\/li>\n<p> <\/p>\n<li>Id\u00e9al comme lingettes de nettoyage pour apr\u00e8s votre soin<\/li>\n<p> <\/p>\n<li>Peuvent \u00eatre utilis\u00e9es dans un chauffe compresse<\/li>\n<p> <\/ul><\/p>\n","protected":false},"excerpt":{"rendered":"<p>Essuies jetables non-tiss\u00e9s doux et durable avec une grande force d\u2019absorbtion. 100% hygi\u00e9nique Gain de temps et d\u2019argent Tr\u00e8s confortable au touch\u00e9 Id\u00e9al comme lingettes de nettoyage pour apr\u00e8s votre soin Peuvent \u00eatre utilis\u00e9es dans un chauffe compresse<\/p>\n","protected":false},"featured_media":70388,"comment_status":"open","ping_status":"closed","template":"","meta":{"_acf_changed":false},"product_brand":[10612],"product_cat":[9992,10136,10140],"product_tag":[],"class_list":{"0":"post-133940","1":"product","2":"type-product","3":"status-publish","4":"has-post-thumbnail","6":"product_brand-zenna-fr","7":"product_cat-soins-des-pieds-podologie-desinfection-nettoyage-articles-jetables","8":"product_cat-hygiene-articles-jetables-hygiene-protection-equipements-de-protection-individuelle-epi","9":"product_cat-hygiene-articles-jetables-articles-jetables-textiles-jetables","11":"first","12":"instock","13":"taxable","14":"shipping-taxable","15":"product-type-simple"},"acf":[],"yoast_head":"<!-- This site is optimized with the Yoast SEO plugin v27.3 - https:\/\/yoast.com\/product\/yoast-seo-wordpress\/ -->\n<title>Serviettes Jetables 70 x 50 cm 50 pcs. - Districos Webshop<\/title>\n<meta name=\"robots\" content=\"noindex, follow, max-snippet:-1, max-image-preview:large, max-video-preview:-1\" \/>\n<meta property=\"og:locale\" content=\"fr_FR\" \/>\n<meta property=\"og:type\" content=\"article\" \/>\n<meta property=\"og:title\" content=\"Serviettes Jetables 70 x 50 cm 50 pcs. - Districos Webshop\" \/>\n<meta property=\"og:description\" content=\"Essuies jetables non-tiss\u00e9s doux et durable avec une grande force d\u2019absorbtion. 100% hygi\u00e9nique Gain de temps et d\u2019argent Tr\u00e8s confortable au touch\u00e9 Id\u00e9al comme lingettes de nettoyage pour apr\u00e8s votre soin Peuvent \u00eatre utilis\u00e9es dans un chauffe compresse\" \/>\n<meta property=\"og:url\" content=\"https:\/\/districos.standingout.be\/fr\/product\/serviettes-jetables-70-x-50-cm-50-pcs-ref-1229-54\/\" \/>\n<meta property=\"og:site_name\" content=\"Districos Webshop\" \/>\n<meta property=\"article:modified_time\" content=\"2026-04-27T23:55:24+00:00\" \/>\n<meta property=\"og:image\" content=\"https:\/\/districos.standingout.be\/wp-content\/uploads\/2025\/07\/1229.54@LowRes_1_0.png\" \/>\n\t<meta property=\"og:image:width\" content=\"600\" \/>\n\t<meta property=\"og:image:height\" content=\"600\" \/>\n\t<meta property=\"og:image:type\" content=\"image\/png\" \/>\n<meta name=\"twitter:card\" content=\"summary_large_image\" \/>\n<script type=\"application\/ld+json\" class=\"yoast-schema-graph\">{\"@context\":\"https:\\\/\\\/schema.org\",\"@graph\":[{\"@type\":\"WebPage\",\"@id\":\"https:\\\/\\\/districos.standingout.be\\\/fr\\\/product\\\/serviettes-jetables-70-x-50-cm-50-pcs-ref-1229-54\\\/\",\"url\":\"https:\\\/\\\/districos.standingout.be\\\/fr\\\/product\\\/serviettes-jetables-70-x-50-cm-50-pcs-ref-1229-54\\\/\",\"name\":\"Serviettes Jetables 70 x 50 cm 50 pcs. - Districos Webshop\",\"isPartOf\":{\"@id\":\"https:\\\/\\\/districos.standingout.be\\\/fr\\\/#website\"},\"primaryImageOfPage\":{\"@id\":\"https:\\\/\\\/districos.standingout.be\\\/fr\\\/product\\\/serviettes-jetables-70-x-50-cm-50-pcs-ref-1229-54\\\/#primaryimage\"},\"image\":{\"@id\":\"https:\\\/\\\/districos.standingout.be\\\/fr\\\/product\\\/serviettes-jetables-70-x-50-cm-50-pcs-ref-1229-54\\\/#primaryimage\"},\"thumbnailUrl\":\"https:\\\/\\\/districos.standingout.be\\\/wp-content\\\/uploads\\\/2025\\\/07\\\/1229.54@LowRes_1_0.png\",\"datePublished\":\"2026-04-27T23:55:22+00:00\",\"dateModified\":\"2026-04-27T23:55:24+00:00\",\"breadcrumb\":{\"@id\":\"https:\\\/\\\/districos.standingout.be\\\/fr\\\/product\\\/serviettes-jetables-70-x-50-cm-50-pcs-ref-1229-54\\\/#breadcrumb\"},\"inLanguage\":\"fr-FR\",\"potentialAction\":[{\"@type\":\"ReadAction\",\"target\":[\"https:\\\/\\\/districos.standingout.be\\\/fr\\\/product\\\/serviettes-jetables-70-x-50-cm-50-pcs-ref-1229-54\\\/\"]}]},{\"@type\":\"ImageObject\",\"inLanguage\":\"fr-FR\",\"@id\":\"https:\\\/\\\/districos.standingout.be\\\/fr\\\/product\\\/serviettes-jetables-70-x-50-cm-50-pcs-ref-1229-54\\\/#primaryimage\",\"url\":\"https:\\\/\\\/districos.standingout.be\\\/wp-content\\\/uploads\\\/2025\\\/07\\\/1229.54@LowRes_1_0.png\",\"contentUrl\":\"https:\\\/\\\/districos.standingout.be\\\/wp-content\\\/uploads\\\/2025\\\/07\\\/1229.54@LowRes_1_0.png\",\"width\":600,\"height\":600},{\"@type\":\"BreadcrumbList\",\"@id\":\"https:\\\/\\\/districos.standingout.be\\\/fr\\\/product\\\/serviettes-jetables-70-x-50-cm-50-pcs-ref-1229-54\\\/#breadcrumb\",\"itemListElement\":[{\"@type\":\"ListItem\",\"position\":1,\"name\":\"Home\",\"item\":\"https:\\\/\\\/districos.standingout.be\\\/fr\\\/bienvenue-chez-districos\\\/\"},{\"@type\":\"ListItem\",\"position\":2,\"name\":\"Boutique\",\"item\":\"https:\\\/\\\/districos.standingout.be\\\/fr\\\/boutique\\\/\"},{\"@type\":\"ListItem\",\"position\":3,\"name\":\"Serviettes Jetables 70 x 50 cm 50 pcs.\"}]},{\"@type\":\"WebSite\",\"@id\":\"https:\\\/\\\/districos.standingout.be\\\/fr\\\/#website\",\"url\":\"https:\\\/\\\/districos.standingout.be\\\/fr\\\/\",\"name\":\"Districos Webshop\",\"description\":\"\",\"publisher\":{\"@id\":\"https:\\\/\\\/districos.standingout.be\\\/fr\\\/#organization\"},\"potentialAction\":[{\"@type\":\"SearchAction\",\"target\":{\"@type\":\"EntryPoint\",\"urlTemplate\":\"https:\\\/\\\/districos.standingout.be\\\/fr\\\/?s={search_term_string}\"},\"query-input\":{\"@type\":\"PropertyValueSpecification\",\"valueRequired\":true,\"valueName\":\"search_term_string\"}}],\"inLanguage\":\"fr-FR\"},{\"@type\":\"Organization\",\"@id\":\"https:\\\/\\\/districos.standingout.be\\\/fr\\\/#organization\",\"name\":\"Districos Webshop\",\"url\":\"https:\\\/\\\/districos.standingout.be\\\/fr\\\/\",\"logo\":{\"@type\":\"ImageObject\",\"inLanguage\":\"fr-FR\",\"@id\":\"https:\\\/\\\/districos.standingout.be\\\/fr\\\/#\\\/schema\\\/logo\\\/image\\\/\",\"url\":\"https:\\\/\\\/districos.standingout.be\\\/wp-content\\\/uploads\\\/2022\\\/09\\\/Districos_Logo_Webshop.svg\",\"contentUrl\":\"https:\\\/\\\/districos.standingout.be\\\/wp-content\\\/uploads\\\/2022\\\/09\\\/Districos_Logo_Webshop.svg\",\"caption\":\"Districos Webshop\"},\"image\":{\"@id\":\"https:\\\/\\\/districos.standingout.be\\\/fr\\\/#\\\/schema\\\/logo\\\/image\\\/\"}}]}<\/script>\n<!-- \/ Yoast SEO plugin. -->","yoast_head_json":{"title":"Serviettes Jetables 70 x 50 cm 50 pcs. - Districos Webshop","robots":{"index":"noindex","follow":"follow","max-snippet":"max-snippet:-1","max-image-preview":"max-image-preview:large","max-video-preview":"max-video-preview:-1"},"og_locale":"fr_FR","og_type":"article","og_title":"Serviettes Jetables 70 x 50 cm 50 pcs. - Districos Webshop","og_description":"Essuies jetables non-tiss\u00e9s doux et durable avec une grande force d\u2019absorbtion. 100% hygi\u00e9nique Gain de temps et d\u2019argent Tr\u00e8s confortable au touch\u00e9 Id\u00e9al comme lingettes de nettoyage pour apr\u00e8s votre soin Peuvent \u00eatre utilis\u00e9es dans un chauffe compresse","og_url":"https:\/\/districos.standingout.be\/fr\/product\/serviettes-jetables-70-x-50-cm-50-pcs-ref-1229-54\/","og_site_name":"Districos Webshop","article_modified_time":"2026-04-27T23:55:24+00:00","og_image":[{"width":600,"height":600,"url":"https:\/\/districos.standingout.be\/wp-content\/uploads\/2025\/07\/1229.54@LowRes_1_0.png","type":"image\/png"}],"twitter_card":"summary_large_image","schema":{"@context":"https:\/\/schema.org","@graph":[{"@type":"WebPage","@id":"https:\/\/districos.standingout.be\/fr\/product\/serviettes-jetables-70-x-50-cm-50-pcs-ref-1229-54\/","url":"https:\/\/districos.standingout.be\/fr\/product\/serviettes-jetables-70-x-50-cm-50-pcs-ref-1229-54\/","name":"Serviettes Jetables 70 x 50 cm 50 pcs. - Districos Webshop","isPartOf":{"@id":"https:\/\/districos.standingout.be\/fr\/#website"},"primaryImageOfPage":{"@id":"https:\/\/districos.standingout.be\/fr\/product\/serviettes-jetables-70-x-50-cm-50-pcs-ref-1229-54\/#primaryimage"},"image":{"@id":"https:\/\/districos.standingout.be\/fr\/product\/serviettes-jetables-70-x-50-cm-50-pcs-ref-1229-54\/#primaryimage"},"thumbnailUrl":"https:\/\/districos.standingout.be\/wp-content\/uploads\/2025\/07\/1229.54@LowRes_1_0.png","datePublished":"2026-04-27T23:55:22+00:00","dateModified":"2026-04-27T23:55:24+00:00","breadcrumb":{"@id":"https:\/\/districos.standingout.be\/fr\/product\/serviettes-jetables-70-x-50-cm-50-pcs-ref-1229-54\/#breadcrumb"},"inLanguage":"fr-FR","potentialAction":[{"@type":"ReadAction","target":["https:\/\/districos.standingout.be\/fr\/product\/serviettes-jetables-70-x-50-cm-50-pcs-ref-1229-54\/"]}]},{"@type":"ImageObject","inLanguage":"fr-FR","@id":"https:\/\/districos.standingout.be\/fr\/product\/serviettes-jetables-70-x-50-cm-50-pcs-ref-1229-54\/#primaryimage","url":"https:\/\/districos.standingout.be\/wp-content\/uploads\/2025\/07\/1229.54@LowRes_1_0.png","contentUrl":"https:\/\/districos.standingout.be\/wp-content\/uploads\/2025\/07\/1229.54@LowRes_1_0.png","width":600,"height":600},{"@type":"BreadcrumbList","@id":"https:\/\/districos.standingout.be\/fr\/product\/serviettes-jetables-70-x-50-cm-50-pcs-ref-1229-54\/#breadcrumb","itemListElement":[{"@type":"ListItem","position":1,"name":"Home","item":"https:\/\/districos.standingout.be\/fr\/bienvenue-chez-districos\/"},{"@type":"ListItem","position":2,"name":"Boutique","item":"https:\/\/districos.standingout.be\/fr\/boutique\/"},{"@type":"ListItem","position":3,"name":"Serviettes Jetables 70 x 50 cm 50 pcs."}]},{"@type":"WebSite","@id":"https:\/\/districos.standingout.be\/fr\/#website","url":"https:\/\/districos.standingout.be\/fr\/","name":"Districos Webshop","description":"","publisher":{"@id":"https:\/\/districos.standingout.be\/fr\/#organization"},"potentialAction":[{"@type":"SearchAction","target":{"@type":"EntryPoint","urlTemplate":"https:\/\/districos.standingout.be\/fr\/?s={search_term_string}"},"query-input":{"@type":"PropertyValueSpecification","valueRequired":true,"valueName":"search_term_string"}}],"inLanguage":"fr-FR"},{"@type":"Organization","@id":"https:\/\/districos.standingout.be\/fr\/#organization","name":"Districos Webshop","url":"https:\/\/districos.standingout.be\/fr\/","logo":{"@type":"ImageObject","inLanguage":"fr-FR","@id":"https:\/\/districos.standingout.be\/fr\/#\/schema\/logo\/image\/","url":"https:\/\/districos.standingout.be\/wp-content\/uploads\/2022\/09\/Districos_Logo_Webshop.svg","contentUrl":"https:\/\/districos.standingout.be\/wp-content\/uploads\/2022\/09\/Districos_Logo_Webshop.svg","caption":"Districos Webshop"},"image":{"@id":"https:\/\/districos.standingout.be\/fr\/#\/schema\/logo\/image\/"}}]}},"_links":{"self":[{"href":"https:\/\/districos.standingout.be\/fr\/wp-json\/wp\/v2\/product\/133940","targetHints":{"allow":["GET"]}}],"collection":[{"href":"https:\/\/districos.standingout.be\/fr\/wp-json\/wp\/v2\/product"}],"about":[{"href":"https:\/\/districos.standingout.be\/fr\/wp-json\/wp\/v2\/types\/product"}],"replies":[{"embeddable":true,"href":"https:\/\/districos.standingout.be\/fr\/wp-json\/wp\/v2\/comments?post=133940"}],"wp:featuredmedia":[{"embeddable":true,"href":"https:\/\/districos.standingout.be\/fr\/wp-json\/wp\/v2\/media\/70388"}],"wp:attachment":[{"href":"https:\/\/districos.standingout.be\/fr\/wp-json\/wp\/v2\/media?parent=133940"}],"wp:term":[{"taxonomy":"product_brand","embeddable":true,"href":"https:\/\/districos.standingout.be\/fr\/wp-json\/wp\/v2\/product_brand?post=133940"},{"taxonomy":"product_cat","embeddable":true,"href":"https:\/\/districos.standingout.be\/fr\/wp-json\/wp\/v2\/product_cat?post=133940"},{"taxonomy":"product_tag","embeddable":true,"href":"https:\/\/districos.standingout.be\/fr\/wp-json\/wp\/v2\/product_tag?post=133940"}],"curies":[{"name":"wp","href":"https:\/\/api.w.org\/{rel}","templated":true}]}}