{"id":133986,"date":"2026-04-28T01:57:05","date_gmt":"2026-04-27T23:57:05","guid":{"rendered":"https:\/\/webshopdistricoscom.webhosting.be\/product\/radeq-lab-set-dessai-de-produits-pre-et-post-epilation-ref-1450-02\/"},"modified":"2026-04-28T01:57:08","modified_gmt":"2026-04-27T23:57:08","slug":"radeq-lab-set-dessai-de-produits-pre-et-post-epilation-ref-1450-02","status":"publish","type":"product","link":"https:\/\/districos.standingout.be\/fr\/product\/radeq-lab-set-dessai-de-produits-pre-et-post-epilation-ref-1450-02\/","title":{"rendered":"Radeq Lab Set d\u2019Essai de Produits Pr\u00e9- et Post-\u00c9pilation"},"content":{"rendered":"<p >\n<\/p>\n<\/p>\n<p>Ce set d&rsquo;essaie contient les produits essentiels de Pr\u00e9- et Post-soins de la gamme Radeq Lab Sugaring. Ces indispensables, enrichis en pr\u00e9- et\/ou postbiotiques, respectent et soutiennent le microbiome cutan\u00e9 pour une exp\u00e9rience de sugaring in\u00e9gal\u00e9e. Essayez ces produits miracles d\u00e8s maintenant et d\u00e9couvrez pourquoi vous ne pourrez plus vous en passer!<\/p>\n<p><b>Contenu du kit d&rsquo;essai:<\/b><\/p>\n<\/p>\n<ul>\n<li>Prebiotic Cleanser 50 ml<\/li>\n<li>Premium Prebiotic Powder 5 g<\/li>\n<li>Pre &amp; PostBiotic Rose Water 50 ml<\/li>\n<li>Prebiotic Soothing Milk 50 mpl<\/li>\n<li>Premium Prebiotic Serum 50 ml<\/li>\n<li>Hexagonal Restore Balm 50 ml<\/li>\n<\/ul>\n<div>\n<div><b>\u00c9galement disponible :<\/b><\/div>\n<div>\n<ul>\n<li>Set d&rsquo;essai P\u00e2tes de Sucre 230 g (<a href=\"https:\/\/webshop.districos.com\/ProductDetail\/1450.01\" target=\"_blank\" rel=\"noopener noreferrer nofollow\">r\u00e9f. 1450.01<\/a>)<\/li>\n<\/ul>\n<\/div>\n<\/div>\n<p><\/p>\n","protected":false},"excerpt":{"rendered":"<p>Ce set d&rsquo;essaie contient les produits essentiels de Pr\u00e9- et Post-soins de la gamme Radeq Lab Sugaring. Ces indispensables, enrichis en pr\u00e9- et\/ou postbiotiques, respectent et soutiennent le microbiome cutan\u00e9 pour une exp\u00e9rience de sugaring in\u00e9gal\u00e9e. Essayez ces produits miracles d\u00e8s maintenant et d\u00e9couvrez pourquoi vous ne pourrez plus vous en passer! Contenu du kit [&hellip;]<\/p>\n","protected":false},"featured_media":143505,"comment_status":"open","ping_status":"closed","template":"","meta":{"_acf_changed":false},"product_brand":[10526],"product_cat":[9922],"product_tag":[],"class_list":{"0":"post-133986","1":"product","2":"type-product","3":"status-publish","4":"has-post-thumbnail","6":"product_brand-radeq-fr","7":"product_cat-beaute-epilation-soins-pre-post-epilation","9":"first","10":"instock","11":"taxable","12":"shipping-taxable","13":"product-type-simple"},"acf":[],"yoast_head":"<!-- This site is optimized with the Yoast SEO plugin v27.3 - https:\/\/yoast.com\/product\/yoast-seo-wordpress\/ -->\n<title>Radeq Lab Set d\u2019Essai de Produits Pr\u00e9- et Post-\u00c9pilation - Districos Webshop<\/title>\n<meta name=\"robots\" content=\"noindex, follow, max-snippet:-1, max-image-preview:large, max-video-preview:-1\" \/>\n<meta property=\"og:locale\" content=\"fr_FR\" \/>\n<meta property=\"og:type\" content=\"article\" \/>\n<meta property=\"og:title\" content=\"Radeq Lab Set d\u2019Essai de Produits Pr\u00e9- et Post-\u00c9pilation - Districos Webshop\" \/>\n<meta property=\"og:description\" content=\"Ce set d&rsquo;essaie contient les produits essentiels de Pr\u00e9- et Post-soins de la gamme Radeq Lab Sugaring. Ces indispensables, enrichis en pr\u00e9- et\/ou postbiotiques, respectent et soutiennent le microbiome cutan\u00e9 pour une exp\u00e9rience de sugaring in\u00e9gal\u00e9e. Essayez ces produits miracles d\u00e8s maintenant et d\u00e9couvrez pourquoi vous ne pourrez plus vous en passer! Contenu du kit [&hellip;]\" \/>\n<meta property=\"og:url\" content=\"https:\/\/districos.standingout.be\/fr\/product\/radeq-lab-set-dessai-de-produits-pre-et-post-epilation-ref-1450-02\/\" \/>\n<meta property=\"og:site_name\" content=\"Districos Webshop\" \/>\n<meta property=\"article:modified_time\" content=\"2026-04-27T23:57:08+00:00\" \/>\n<meta property=\"og:image\" content=\"https:\/\/districos.standingout.be\/wp-content\/uploads\/2026\/04\/1450.02@Radeq-Lab-Testset-Pre-Postcare_1-2.png\" \/>\n\t<meta property=\"og:image:width\" content=\"600\" \/>\n\t<meta property=\"og:image:height\" content=\"600\" \/>\n\t<meta property=\"og:image:type\" content=\"image\/png\" \/>\n<meta name=\"twitter:card\" content=\"summary_large_image\" \/>\n<script type=\"application\/ld+json\" class=\"yoast-schema-graph\">{\"@context\":\"https:\\\/\\\/schema.org\",\"@graph\":[{\"@type\":\"WebPage\",\"@id\":\"https:\\\/\\\/districos.standingout.be\\\/fr\\\/product\\\/radeq-lab-set-dessai-de-produits-pre-et-post-epilation-ref-1450-02\\\/\",\"url\":\"https:\\\/\\\/districos.standingout.be\\\/fr\\\/product\\\/radeq-lab-set-dessai-de-produits-pre-et-post-epilation-ref-1450-02\\\/\",\"name\":\"Radeq Lab Set d\u2019Essai de Produits Pr\u00e9- et Post-\u00c9pilation - Districos Webshop\",\"isPartOf\":{\"@id\":\"https:\\\/\\\/districos.standingout.be\\\/fr\\\/#website\"},\"primaryImageOfPage\":{\"@id\":\"https:\\\/\\\/districos.standingout.be\\\/fr\\\/product\\\/radeq-lab-set-dessai-de-produits-pre-et-post-epilation-ref-1450-02\\\/#primaryimage\"},\"image\":{\"@id\":\"https:\\\/\\\/districos.standingout.be\\\/fr\\\/product\\\/radeq-lab-set-dessai-de-produits-pre-et-post-epilation-ref-1450-02\\\/#primaryimage\"},\"thumbnailUrl\":\"https:\\\/\\\/districos.standingout.be\\\/wp-content\\\/uploads\\\/2026\\\/04\\\/1450.02@Radeq-Lab-Testset-Pre-Postcare_1-3.png\",\"datePublished\":\"2026-04-27T23:57:05+00:00\",\"dateModified\":\"2026-04-27T23:57:08+00:00\",\"breadcrumb\":{\"@id\":\"https:\\\/\\\/districos.standingout.be\\\/fr\\\/product\\\/radeq-lab-set-dessai-de-produits-pre-et-post-epilation-ref-1450-02\\\/#breadcrumb\"},\"inLanguage\":\"fr-FR\",\"potentialAction\":[{\"@type\":\"ReadAction\",\"target\":[\"https:\\\/\\\/districos.standingout.be\\\/fr\\\/product\\\/radeq-lab-set-dessai-de-produits-pre-et-post-epilation-ref-1450-02\\\/\"]}]},{\"@type\":\"ImageObject\",\"inLanguage\":\"fr-FR\",\"@id\":\"https:\\\/\\\/districos.standingout.be\\\/fr\\\/product\\\/radeq-lab-set-dessai-de-produits-pre-et-post-epilation-ref-1450-02\\\/#primaryimage\",\"url\":\"https:\\\/\\\/districos.standingout.be\\\/wp-content\\\/uploads\\\/2026\\\/04\\\/1450.02@Radeq-Lab-Testset-Pre-Postcare_1-3.png\",\"contentUrl\":\"https:\\\/\\\/districos.standingout.be\\\/wp-content\\\/uploads\\\/2026\\\/04\\\/1450.02@Radeq-Lab-Testset-Pre-Postcare_1-3.png\",\"width\":600,\"height\":600},{\"@type\":\"BreadcrumbList\",\"@id\":\"https:\\\/\\\/districos.standingout.be\\\/fr\\\/product\\\/radeq-lab-set-dessai-de-produits-pre-et-post-epilation-ref-1450-02\\\/#breadcrumb\",\"itemListElement\":[{\"@type\":\"ListItem\",\"position\":1,\"name\":\"Home\",\"item\":\"https:\\\/\\\/districos.standingout.be\\\/fr\\\/bienvenue-chez-districos\\\/\"},{\"@type\":\"ListItem\",\"position\":2,\"name\":\"Boutique\",\"item\":\"https:\\\/\\\/districos.standingout.be\\\/fr\\\/boutique\\\/\"},{\"@type\":\"ListItem\",\"position\":3,\"name\":\"Radeq Lab Set d\u2019Essai de Produits Pr\u00e9- et Post-\u00c9pilation\"}]},{\"@type\":\"WebSite\",\"@id\":\"https:\\\/\\\/districos.standingout.be\\\/fr\\\/#website\",\"url\":\"https:\\\/\\\/districos.standingout.be\\\/fr\\\/\",\"name\":\"Districos Webshop\",\"description\":\"\",\"publisher\":{\"@id\":\"https:\\\/\\\/districos.standingout.be\\\/fr\\\/#organization\"},\"potentialAction\":[{\"@type\":\"SearchAction\",\"target\":{\"@type\":\"EntryPoint\",\"urlTemplate\":\"https:\\\/\\\/districos.standingout.be\\\/fr\\\/?s={search_term_string}\"},\"query-input\":{\"@type\":\"PropertyValueSpecification\",\"valueRequired\":true,\"valueName\":\"search_term_string\"}}],\"inLanguage\":\"fr-FR\"},{\"@type\":\"Organization\",\"@id\":\"https:\\\/\\\/districos.standingout.be\\\/fr\\\/#organization\",\"name\":\"Districos Webshop\",\"url\":\"https:\\\/\\\/districos.standingout.be\\\/fr\\\/\",\"logo\":{\"@type\":\"ImageObject\",\"inLanguage\":\"fr-FR\",\"@id\":\"https:\\\/\\\/districos.standingout.be\\\/fr\\\/#\\\/schema\\\/logo\\\/image\\\/\",\"url\":\"https:\\\/\\\/districos.standingout.be\\\/wp-content\\\/uploads\\\/2022\\\/09\\\/Districos_Logo_Webshop.svg\",\"contentUrl\":\"https:\\\/\\\/districos.standingout.be\\\/wp-content\\\/uploads\\\/2022\\\/09\\\/Districos_Logo_Webshop.svg\",\"caption\":\"Districos Webshop\"},\"image\":{\"@id\":\"https:\\\/\\\/districos.standingout.be\\\/fr\\\/#\\\/schema\\\/logo\\\/image\\\/\"}}]}<\/script>\n<!-- \/ Yoast SEO plugin. -->","yoast_head_json":{"title":"Radeq Lab Set d\u2019Essai de Produits Pr\u00e9- et Post-\u00c9pilation - Districos Webshop","robots":{"index":"noindex","follow":"follow","max-snippet":"max-snippet:-1","max-image-preview":"max-image-preview:large","max-video-preview":"max-video-preview:-1"},"og_locale":"fr_FR","og_type":"article","og_title":"Radeq Lab Set d\u2019Essai de Produits Pr\u00e9- et Post-\u00c9pilation - Districos Webshop","og_description":"Ce set d&rsquo;essaie contient les produits essentiels de Pr\u00e9- et Post-soins de la gamme Radeq Lab Sugaring. Ces indispensables, enrichis en pr\u00e9- et\/ou postbiotiques, respectent et soutiennent le microbiome cutan\u00e9 pour une exp\u00e9rience de sugaring in\u00e9gal\u00e9e. Essayez ces produits miracles d\u00e8s maintenant et d\u00e9couvrez pourquoi vous ne pourrez plus vous en passer! Contenu du kit [&hellip;]","og_url":"https:\/\/districos.standingout.be\/fr\/product\/radeq-lab-set-dessai-de-produits-pre-et-post-epilation-ref-1450-02\/","og_site_name":"Districos Webshop","article_modified_time":"2026-04-27T23:57:08+00:00","og_image":[{"width":600,"height":600,"url":"https:\/\/districos.standingout.be\/wp-content\/uploads\/2026\/04\/1450.02@Radeq-Lab-Testset-Pre-Postcare_1-2.png","type":"image\/png"}],"twitter_card":"summary_large_image","schema":{"@context":"https:\/\/schema.org","@graph":[{"@type":"WebPage","@id":"https:\/\/districos.standingout.be\/fr\/product\/radeq-lab-set-dessai-de-produits-pre-et-post-epilation-ref-1450-02\/","url":"https:\/\/districos.standingout.be\/fr\/product\/radeq-lab-set-dessai-de-produits-pre-et-post-epilation-ref-1450-02\/","name":"Radeq Lab Set d\u2019Essai de Produits Pr\u00e9- et Post-\u00c9pilation - Districos Webshop","isPartOf":{"@id":"https:\/\/districos.standingout.be\/fr\/#website"},"primaryImageOfPage":{"@id":"https:\/\/districos.standingout.be\/fr\/product\/radeq-lab-set-dessai-de-produits-pre-et-post-epilation-ref-1450-02\/#primaryimage"},"image":{"@id":"https:\/\/districos.standingout.be\/fr\/product\/radeq-lab-set-dessai-de-produits-pre-et-post-epilation-ref-1450-02\/#primaryimage"},"thumbnailUrl":"https:\/\/districos.standingout.be\/wp-content\/uploads\/2026\/04\/1450.02@Radeq-Lab-Testset-Pre-Postcare_1-3.png","datePublished":"2026-04-27T23:57:05+00:00","dateModified":"2026-04-27T23:57:08+00:00","breadcrumb":{"@id":"https:\/\/districos.standingout.be\/fr\/product\/radeq-lab-set-dessai-de-produits-pre-et-post-epilation-ref-1450-02\/#breadcrumb"},"inLanguage":"fr-FR","potentialAction":[{"@type":"ReadAction","target":["https:\/\/districos.standingout.be\/fr\/product\/radeq-lab-set-dessai-de-produits-pre-et-post-epilation-ref-1450-02\/"]}]},{"@type":"ImageObject","inLanguage":"fr-FR","@id":"https:\/\/districos.standingout.be\/fr\/product\/radeq-lab-set-dessai-de-produits-pre-et-post-epilation-ref-1450-02\/#primaryimage","url":"https:\/\/districos.standingout.be\/wp-content\/uploads\/2026\/04\/1450.02@Radeq-Lab-Testset-Pre-Postcare_1-3.png","contentUrl":"https:\/\/districos.standingout.be\/wp-content\/uploads\/2026\/04\/1450.02@Radeq-Lab-Testset-Pre-Postcare_1-3.png","width":600,"height":600},{"@type":"BreadcrumbList","@id":"https:\/\/districos.standingout.be\/fr\/product\/radeq-lab-set-dessai-de-produits-pre-et-post-epilation-ref-1450-02\/#breadcrumb","itemListElement":[{"@type":"ListItem","position":1,"name":"Home","item":"https:\/\/districos.standingout.be\/fr\/bienvenue-chez-districos\/"},{"@type":"ListItem","position":2,"name":"Boutique","item":"https:\/\/districos.standingout.be\/fr\/boutique\/"},{"@type":"ListItem","position":3,"name":"Radeq Lab Set d\u2019Essai de Produits Pr\u00e9- et Post-\u00c9pilation"}]},{"@type":"WebSite","@id":"https:\/\/districos.standingout.be\/fr\/#website","url":"https:\/\/districos.standingout.be\/fr\/","name":"Districos Webshop","description":"","publisher":{"@id":"https:\/\/districos.standingout.be\/fr\/#organization"},"potentialAction":[{"@type":"SearchAction","target":{"@type":"EntryPoint","urlTemplate":"https:\/\/districos.standingout.be\/fr\/?s={search_term_string}"},"query-input":{"@type":"PropertyValueSpecification","valueRequired":true,"valueName":"search_term_string"}}],"inLanguage":"fr-FR"},{"@type":"Organization","@id":"https:\/\/districos.standingout.be\/fr\/#organization","name":"Districos Webshop","url":"https:\/\/districos.standingout.be\/fr\/","logo":{"@type":"ImageObject","inLanguage":"fr-FR","@id":"https:\/\/districos.standingout.be\/fr\/#\/schema\/logo\/image\/","url":"https:\/\/districos.standingout.be\/wp-content\/uploads\/2022\/09\/Districos_Logo_Webshop.svg","contentUrl":"https:\/\/districos.standingout.be\/wp-content\/uploads\/2022\/09\/Districos_Logo_Webshop.svg","caption":"Districos Webshop"},"image":{"@id":"https:\/\/districos.standingout.be\/fr\/#\/schema\/logo\/image\/"}}]}},"_links":{"self":[{"href":"https:\/\/districos.standingout.be\/fr\/wp-json\/wp\/v2\/product\/133986","targetHints":{"allow":["GET"]}}],"collection":[{"href":"https:\/\/districos.standingout.be\/fr\/wp-json\/wp\/v2\/product"}],"about":[{"href":"https:\/\/districos.standingout.be\/fr\/wp-json\/wp\/v2\/types\/product"}],"replies":[{"embeddable":true,"href":"https:\/\/districos.standingout.be\/fr\/wp-json\/wp\/v2\/comments?post=133986"}],"wp:featuredmedia":[{"embeddable":true,"href":"https:\/\/districos.standingout.be\/fr\/wp-json\/wp\/v2\/media\/143505"}],"wp:attachment":[{"href":"https:\/\/districos.standingout.be\/fr\/wp-json\/wp\/v2\/media?parent=133986"}],"wp:term":[{"taxonomy":"product_brand","embeddable":true,"href":"https:\/\/districos.standingout.be\/fr\/wp-json\/wp\/v2\/product_brand?post=133986"},{"taxonomy":"product_cat","embeddable":true,"href":"https:\/\/districos.standingout.be\/fr\/wp-json\/wp\/v2\/product_cat?post=133986"},{"taxonomy":"product_tag","embeddable":true,"href":"https:\/\/districos.standingout.be\/fr\/wp-json\/wp\/v2\/product_tag?post=133986"}],"curies":[{"name":"wp","href":"https:\/\/api.w.org\/{rel}","templated":true}]}}