{"id":133994,"date":"2026-04-28T01:57:14","date_gmt":"2026-04-27T23:57:14","guid":{"rendered":"https:\/\/webshopdistricoscom.webhosting.be\/product\/radeq-lab-premium-prebiotic-powder-100-g-ref-1490-01-2\/"},"modified":"2026-04-28T01:57:15","modified_gmt":"2026-04-27T23:57:15","slug":"radeq-lab-premium-prebiotic-powder-100-g-ref-1490-01","status":"publish","type":"product","link":"https:\/\/districos.standingout.be\/fr\/product\/radeq-lab-premium-prebiotic-powder-100-g-ref-1490-01\/","title":{"rendered":"Radeq Lab Premium Prebiotic Powder 100 g"},"content":{"rendered":"<p >\n<p>Poudre innovante qui soutient l&rsquo;\u00e9pilation au sucre avec des pr\u00e9biotiques et de l&rsquo;aloe vera. Les pr\u00e9biotiques issus de la chicor\u00e9e nourrissent la flore microbienne b\u00e9n\u00e9fique de la peau, tandis que l&rsquo;aloe vera apaise la peau. La base en poudre est compos\u00e9e d&rsquo;argile naturelle de bentonite et d&rsquo;amidon de tapioca, offrant une texture velout\u00e9e.<b><br \/><\/b><\/p>\n<p><b>Mode d&rsquo;application :<\/b> Poudrez la zone \u00e9pil\u00e9e avant d&rsquo;appliquer la p\u00e2te de sucre. Si n\u00e9cessaire, de la poudre suppl\u00e9mentaire peut \u00eatre utilis\u00e9e pendant l&rsquo;\u00e9pilation. <\/p>\n","protected":false},"excerpt":{"rendered":"<p>Poudre innovante qui soutient l&rsquo;\u00e9pilation au sucre avec des pr\u00e9biotiques et de l&rsquo;aloe vera. Les pr\u00e9biotiques issus de la chicor\u00e9e nourrissent la flore microbienne b\u00e9n\u00e9fique de la peau, tandis que l&rsquo;aloe vera apaise la peau. La base en poudre est compos\u00e9e d&rsquo;argile naturelle de bentonite et d&rsquo;amidon de tapioca, offrant une texture velout\u00e9e. Mode d&rsquo;application [&hellip;]<\/p>\n","protected":false},"featured_media":143517,"comment_status":"open","ping_status":"closed","template":"","meta":{"_acf_changed":false},"product_brand":[10526],"product_cat":[9922],"product_tag":[],"class_list":{"0":"post-133994","1":"product","2":"type-product","3":"status-publish","4":"has-post-thumbnail","6":"product_brand-radeq-fr","7":"product_cat-beaute-epilation-soins-pre-post-epilation","9":"first","10":"instock","11":"taxable","12":"shipping-taxable","13":"product-type-simple"},"acf":[],"yoast_head":"<!-- This site is optimized with the Yoast SEO plugin v27.3 - https:\/\/yoast.com\/product\/yoast-seo-wordpress\/ -->\n<title>Radeq Lab Premium Prebiotic Powder 100 g - Districos Webshop<\/title>\n<meta name=\"robots\" content=\"noindex, follow, max-snippet:-1, max-image-preview:large, max-video-preview:-1\" \/>\n<meta property=\"og:locale\" content=\"fr_FR\" \/>\n<meta property=\"og:type\" content=\"article\" \/>\n<meta property=\"og:title\" content=\"Radeq Lab Premium Prebiotic Powder 100 g - Districos Webshop\" \/>\n<meta property=\"og:description\" content=\"Poudre innovante qui soutient l&rsquo;\u00e9pilation au sucre avec des pr\u00e9biotiques et de l&rsquo;aloe vera. Les pr\u00e9biotiques issus de la chicor\u00e9e nourrissent la flore microbienne b\u00e9n\u00e9fique de la peau, tandis que l&rsquo;aloe vera apaise la peau. La base en poudre est compos\u00e9e d&rsquo;argile naturelle de bentonite et d&rsquo;amidon de tapioca, offrant une texture velout\u00e9e. Mode d&rsquo;application [&hellip;]\" \/>\n<meta property=\"og:url\" content=\"https:\/\/districos.standingout.be\/fr\/product\/radeq-lab-premium-prebiotic-powder-100-g-ref-1490-01\/\" \/>\n<meta property=\"og:site_name\" content=\"Districos Webshop\" \/>\n<meta property=\"article:modified_time\" content=\"2026-04-27T23:57:15+00:00\" \/>\n<meta property=\"og:image\" content=\"https:\/\/districos.standingout.be\/wp-content\/uploads\/2026\/04\/1490.01@Premium-Prebiotic-Powder-100-g_1-2.png\" \/>\n\t<meta property=\"og:image:width\" content=\"600\" \/>\n\t<meta property=\"og:image:height\" content=\"600\" \/>\n\t<meta property=\"og:image:type\" content=\"image\/png\" \/>\n<meta name=\"twitter:card\" content=\"summary_large_image\" \/>\n<script type=\"application\/ld+json\" class=\"yoast-schema-graph\">{\"@context\":\"https:\\\/\\\/schema.org\",\"@graph\":[{\"@type\":\"WebPage\",\"@id\":\"https:\\\/\\\/districos.standingout.be\\\/fr\\\/product\\\/radeq-lab-premium-prebiotic-powder-100-g-ref-1490-01\\\/\",\"url\":\"https:\\\/\\\/districos.standingout.be\\\/fr\\\/product\\\/radeq-lab-premium-prebiotic-powder-100-g-ref-1490-01\\\/\",\"name\":\"Radeq Lab Premium Prebiotic Powder 100 g - Districos Webshop\",\"isPartOf\":{\"@id\":\"https:\\\/\\\/districos.standingout.be\\\/fr\\\/#website\"},\"primaryImageOfPage\":{\"@id\":\"https:\\\/\\\/districos.standingout.be\\\/fr\\\/product\\\/radeq-lab-premium-prebiotic-powder-100-g-ref-1490-01\\\/#primaryimage\"},\"image\":{\"@id\":\"https:\\\/\\\/districos.standingout.be\\\/fr\\\/product\\\/radeq-lab-premium-prebiotic-powder-100-g-ref-1490-01\\\/#primaryimage\"},\"thumbnailUrl\":\"https:\\\/\\\/districos.standingout.be\\\/wp-content\\\/uploads\\\/2026\\\/04\\\/1490.01@Premium-Prebiotic-Powder-100-g_1-3.png\",\"datePublished\":\"2026-04-27T23:57:14+00:00\",\"dateModified\":\"2026-04-27T23:57:15+00:00\",\"breadcrumb\":{\"@id\":\"https:\\\/\\\/districos.standingout.be\\\/fr\\\/product\\\/radeq-lab-premium-prebiotic-powder-100-g-ref-1490-01\\\/#breadcrumb\"},\"inLanguage\":\"fr-FR\",\"potentialAction\":[{\"@type\":\"ReadAction\",\"target\":[\"https:\\\/\\\/districos.standingout.be\\\/fr\\\/product\\\/radeq-lab-premium-prebiotic-powder-100-g-ref-1490-01\\\/\"]}]},{\"@type\":\"ImageObject\",\"inLanguage\":\"fr-FR\",\"@id\":\"https:\\\/\\\/districos.standingout.be\\\/fr\\\/product\\\/radeq-lab-premium-prebiotic-powder-100-g-ref-1490-01\\\/#primaryimage\",\"url\":\"https:\\\/\\\/districos.standingout.be\\\/wp-content\\\/uploads\\\/2026\\\/04\\\/1490.01@Premium-Prebiotic-Powder-100-g_1-3.png\",\"contentUrl\":\"https:\\\/\\\/districos.standingout.be\\\/wp-content\\\/uploads\\\/2026\\\/04\\\/1490.01@Premium-Prebiotic-Powder-100-g_1-3.png\",\"width\":600,\"height\":600},{\"@type\":\"BreadcrumbList\",\"@id\":\"https:\\\/\\\/districos.standingout.be\\\/fr\\\/product\\\/radeq-lab-premium-prebiotic-powder-100-g-ref-1490-01\\\/#breadcrumb\",\"itemListElement\":[{\"@type\":\"ListItem\",\"position\":1,\"name\":\"Home\",\"item\":\"https:\\\/\\\/districos.standingout.be\\\/fr\\\/bienvenue-chez-districos\\\/\"},{\"@type\":\"ListItem\",\"position\":2,\"name\":\"Boutique\",\"item\":\"https:\\\/\\\/districos.standingout.be\\\/fr\\\/boutique\\\/\"},{\"@type\":\"ListItem\",\"position\":3,\"name\":\"Radeq Lab Premium Prebiotic Powder 100 g\"}]},{\"@type\":\"WebSite\",\"@id\":\"https:\\\/\\\/districos.standingout.be\\\/fr\\\/#website\",\"url\":\"https:\\\/\\\/districos.standingout.be\\\/fr\\\/\",\"name\":\"Districos Webshop\",\"description\":\"\",\"publisher\":{\"@id\":\"https:\\\/\\\/districos.standingout.be\\\/fr\\\/#organization\"},\"potentialAction\":[{\"@type\":\"SearchAction\",\"target\":{\"@type\":\"EntryPoint\",\"urlTemplate\":\"https:\\\/\\\/districos.standingout.be\\\/fr\\\/?s={search_term_string}\"},\"query-input\":{\"@type\":\"PropertyValueSpecification\",\"valueRequired\":true,\"valueName\":\"search_term_string\"}}],\"inLanguage\":\"fr-FR\"},{\"@type\":\"Organization\",\"@id\":\"https:\\\/\\\/districos.standingout.be\\\/fr\\\/#organization\",\"name\":\"Districos Webshop\",\"url\":\"https:\\\/\\\/districos.standingout.be\\\/fr\\\/\",\"logo\":{\"@type\":\"ImageObject\",\"inLanguage\":\"fr-FR\",\"@id\":\"https:\\\/\\\/districos.standingout.be\\\/fr\\\/#\\\/schema\\\/logo\\\/image\\\/\",\"url\":\"https:\\\/\\\/districos.standingout.be\\\/wp-content\\\/uploads\\\/2022\\\/09\\\/Districos_Logo_Webshop.svg\",\"contentUrl\":\"https:\\\/\\\/districos.standingout.be\\\/wp-content\\\/uploads\\\/2022\\\/09\\\/Districos_Logo_Webshop.svg\",\"caption\":\"Districos Webshop\"},\"image\":{\"@id\":\"https:\\\/\\\/districos.standingout.be\\\/fr\\\/#\\\/schema\\\/logo\\\/image\\\/\"}}]}<\/script>\n<!-- \/ Yoast SEO plugin. -->","yoast_head_json":{"title":"Radeq Lab Premium Prebiotic Powder 100 g - Districos Webshop","robots":{"index":"noindex","follow":"follow","max-snippet":"max-snippet:-1","max-image-preview":"max-image-preview:large","max-video-preview":"max-video-preview:-1"},"og_locale":"fr_FR","og_type":"article","og_title":"Radeq Lab Premium Prebiotic Powder 100 g - Districos Webshop","og_description":"Poudre innovante qui soutient l&rsquo;\u00e9pilation au sucre avec des pr\u00e9biotiques et de l&rsquo;aloe vera. Les pr\u00e9biotiques issus de la chicor\u00e9e nourrissent la flore microbienne b\u00e9n\u00e9fique de la peau, tandis que l&rsquo;aloe vera apaise la peau. La base en poudre est compos\u00e9e d&rsquo;argile naturelle de bentonite et d&rsquo;amidon de tapioca, offrant une texture velout\u00e9e. Mode d&rsquo;application [&hellip;]","og_url":"https:\/\/districos.standingout.be\/fr\/product\/radeq-lab-premium-prebiotic-powder-100-g-ref-1490-01\/","og_site_name":"Districos Webshop","article_modified_time":"2026-04-27T23:57:15+00:00","og_image":[{"width":600,"height":600,"url":"https:\/\/districos.standingout.be\/wp-content\/uploads\/2026\/04\/1490.01@Premium-Prebiotic-Powder-100-g_1-2.png","type":"image\/png"}],"twitter_card":"summary_large_image","schema":{"@context":"https:\/\/schema.org","@graph":[{"@type":"WebPage","@id":"https:\/\/districos.standingout.be\/fr\/product\/radeq-lab-premium-prebiotic-powder-100-g-ref-1490-01\/","url":"https:\/\/districos.standingout.be\/fr\/product\/radeq-lab-premium-prebiotic-powder-100-g-ref-1490-01\/","name":"Radeq Lab Premium Prebiotic Powder 100 g - Districos Webshop","isPartOf":{"@id":"https:\/\/districos.standingout.be\/fr\/#website"},"primaryImageOfPage":{"@id":"https:\/\/districos.standingout.be\/fr\/product\/radeq-lab-premium-prebiotic-powder-100-g-ref-1490-01\/#primaryimage"},"image":{"@id":"https:\/\/districos.standingout.be\/fr\/product\/radeq-lab-premium-prebiotic-powder-100-g-ref-1490-01\/#primaryimage"},"thumbnailUrl":"https:\/\/districos.standingout.be\/wp-content\/uploads\/2026\/04\/1490.01@Premium-Prebiotic-Powder-100-g_1-3.png","datePublished":"2026-04-27T23:57:14+00:00","dateModified":"2026-04-27T23:57:15+00:00","breadcrumb":{"@id":"https:\/\/districos.standingout.be\/fr\/product\/radeq-lab-premium-prebiotic-powder-100-g-ref-1490-01\/#breadcrumb"},"inLanguage":"fr-FR","potentialAction":[{"@type":"ReadAction","target":["https:\/\/districos.standingout.be\/fr\/product\/radeq-lab-premium-prebiotic-powder-100-g-ref-1490-01\/"]}]},{"@type":"ImageObject","inLanguage":"fr-FR","@id":"https:\/\/districos.standingout.be\/fr\/product\/radeq-lab-premium-prebiotic-powder-100-g-ref-1490-01\/#primaryimage","url":"https:\/\/districos.standingout.be\/wp-content\/uploads\/2026\/04\/1490.01@Premium-Prebiotic-Powder-100-g_1-3.png","contentUrl":"https:\/\/districos.standingout.be\/wp-content\/uploads\/2026\/04\/1490.01@Premium-Prebiotic-Powder-100-g_1-3.png","width":600,"height":600},{"@type":"BreadcrumbList","@id":"https:\/\/districos.standingout.be\/fr\/product\/radeq-lab-premium-prebiotic-powder-100-g-ref-1490-01\/#breadcrumb","itemListElement":[{"@type":"ListItem","position":1,"name":"Home","item":"https:\/\/districos.standingout.be\/fr\/bienvenue-chez-districos\/"},{"@type":"ListItem","position":2,"name":"Boutique","item":"https:\/\/districos.standingout.be\/fr\/boutique\/"},{"@type":"ListItem","position":3,"name":"Radeq Lab Premium Prebiotic Powder 100 g"}]},{"@type":"WebSite","@id":"https:\/\/districos.standingout.be\/fr\/#website","url":"https:\/\/districos.standingout.be\/fr\/","name":"Districos Webshop","description":"","publisher":{"@id":"https:\/\/districos.standingout.be\/fr\/#organization"},"potentialAction":[{"@type":"SearchAction","target":{"@type":"EntryPoint","urlTemplate":"https:\/\/districos.standingout.be\/fr\/?s={search_term_string}"},"query-input":{"@type":"PropertyValueSpecification","valueRequired":true,"valueName":"search_term_string"}}],"inLanguage":"fr-FR"},{"@type":"Organization","@id":"https:\/\/districos.standingout.be\/fr\/#organization","name":"Districos Webshop","url":"https:\/\/districos.standingout.be\/fr\/","logo":{"@type":"ImageObject","inLanguage":"fr-FR","@id":"https:\/\/districos.standingout.be\/fr\/#\/schema\/logo\/image\/","url":"https:\/\/districos.standingout.be\/wp-content\/uploads\/2022\/09\/Districos_Logo_Webshop.svg","contentUrl":"https:\/\/districos.standingout.be\/wp-content\/uploads\/2022\/09\/Districos_Logo_Webshop.svg","caption":"Districos Webshop"},"image":{"@id":"https:\/\/districos.standingout.be\/fr\/#\/schema\/logo\/image\/"}}]}},"_links":{"self":[{"href":"https:\/\/districos.standingout.be\/fr\/wp-json\/wp\/v2\/product\/133994","targetHints":{"allow":["GET"]}}],"collection":[{"href":"https:\/\/districos.standingout.be\/fr\/wp-json\/wp\/v2\/product"}],"about":[{"href":"https:\/\/districos.standingout.be\/fr\/wp-json\/wp\/v2\/types\/product"}],"replies":[{"embeddable":true,"href":"https:\/\/districos.standingout.be\/fr\/wp-json\/wp\/v2\/comments?post=133994"}],"wp:featuredmedia":[{"embeddable":true,"href":"https:\/\/districos.standingout.be\/fr\/wp-json\/wp\/v2\/media\/143517"}],"wp:attachment":[{"href":"https:\/\/districos.standingout.be\/fr\/wp-json\/wp\/v2\/media?parent=133994"}],"wp:term":[{"taxonomy":"product_brand","embeddable":true,"href":"https:\/\/districos.standingout.be\/fr\/wp-json\/wp\/v2\/product_brand?post=133994"},{"taxonomy":"product_cat","embeddable":true,"href":"https:\/\/districos.standingout.be\/fr\/wp-json\/wp\/v2\/product_cat?post=133994"},{"taxonomy":"product_tag","embeddable":true,"href":"https:\/\/districos.standingout.be\/fr\/wp-json\/wp\/v2\/product_tag?post=133994"}],"curies":[{"name":"wp","href":"https:\/\/api.w.org\/{rel}","templated":true}]}}