{"id":134007,"date":"2026-04-28T01:57:29","date_gmt":"2026-04-27T23:57:29","guid":{"rendered":"https:\/\/webshopdistricoscom.webhosting.be\/product\/radeq-lab-presentoir-pre-postbiotic-rose-water-12-x-100ml-ref-1490-035\/"},"modified":"2026-04-28T01:57:31","modified_gmt":"2026-04-27T23:57:31","slug":"radeq-lab-presentoir-pre-postbiotic-rose-water-12-x-100ml-ref-1490-035","status":"publish","type":"product","link":"https:\/\/districos.standingout.be\/fr\/product\/radeq-lab-presentoir-pre-postbiotic-rose-water-12-x-100ml-ref-1490-035\/","title":{"rendered":"Radeq Lab Pr\u00e9sentoir Pre &#038; Postbiotic Rose Water 12 x 100ml"},"content":{"rendered":"<p >\n<\/p>\n<\/p>\n<\/p>\n<h3 data-start=\"50\" data-end=\"91\"><\/h3>\n<p data-start=\"92\" data-end=\"328\"><span>Hydrolat essentiel de rose de Dama enrichi en pr\u00e9biotiques (extrait de chicor\u00e9e) et postbiotiques (Lactobacillus). Apaise la peau et soutient le renouvellement d&rsquo;un microbiome cutan\u00e9 harmonieux. Id\u00e9al pour rincer la peau apr\u00e8s l&rsquo;\u00e9pilation et comme tonique visage.<\/span><\/p>\n<div>\n<div><\/div>\n<div><b>Principaux avantages :<\/b><\/p>\n<ul>\n<li>Apaise les rougeurs et irritations cutan\u00e9es<\/li>\n<li>Soutient et renforce le microbiome de la peau<\/li>\n<li>Maintient la peau douce, fra\u00eeche et \u00e9quilibr\u00e9e<\/li>\n<li>Riche en antioxydants et en actifs nourrissants<\/li>\n<li>Convient au visage, au corps et aux zones sensibles<\/li>\n<\/ul>\n<p><b>Ingr\u00e9dients actifs :<\/b><\/p>\n<ul>\n<li><b>Pr\u00e9biotiques de chicor\u00e9e &amp; postbiotiques de Lactobacillus<\/b>&nbsp;\u2013 renforcent la barri\u00e8re protectrice, soutiennent la r\u00e9g\u00e9n\u00e9ration et favorisent l\u2019\u00e9quilibre cutan\u00e9<\/li>\n<li><b>Hydrolat de p\u00e9tales frais de rose de Damas<\/b>&nbsp;\u2013 riche en huiles naturelles et en antioxydants, apaise les rougeurs, calme et r\u00e9g\u00e9n\u00e8re<\/li>\n<\/ul>\n<p><b>Mode d&#8217;emploi :<\/b><\/p>\n<ul>\n<li>Comme&nbsp;<b>tonique&nbsp;<\/b>: appliquer matin et soir apr\u00e8s le nettoyage<\/li>\n<li>Comme&nbsp;<b>brume rafra\u00eechissante<\/b>&nbsp;: vaporiser plusieurs fois par jour ou en d\u00e9placement, \u00e9galement par-dessus le maquillage<\/li>\n<li>Apr\u00e8s&nbsp;<b>exposition au soleil ou \u00e9pilation<\/b>&nbsp;: pour apaiser et rafra\u00eechir la peau<\/li>\n<\/ul>\n<p><b>Remarque :<\/b>&nbsp;Les pr\u00e9biotiques et postbiotiques forment un d\u00e9p\u00f4t naturel au fond du flacon. Bien agiter avant utilisation.<br \/><b>Conditionnement :<\/b>&nbsp;Pr\u00e9sentoir de comptoir rempli de 12 x 100 ml emballages de vente<\/p>\n<p><b>Egalement disponible :<\/b><br \/>Pour la cabine :<\/p>\n<ul>\n<li>Pre&amp;Post Biotic Rose Water 430 ml spray (<a href=\"https:\/\/webshop.districos.com\/ProductDetail\/1490.03\" target=\"_blank\" rel=\"noopener noreferrer nofollow\">r\u00e9f. 1490.03<\/a>)<\/li>\n<li>Refill EcoPouch 1500 ml (<a href=\"https:\/\/webshop.districos.com\/ProductDetail\/1490.032\" target=\"_blank\" rel=\"noopener noreferrer nofollow\">r\u00e9f. 1490.032<\/a>)<\/li>\n<\/ul>\n<p>Pour la vente :<\/p>\n<ul>\n<li>Pre&amp;Post Biotic Rose Water 100 ml (<a href=\"https:\/\/webshop.districos.com\/ProductDetail\/1490.034\" target=\"_blank\" rel=\"noopener noreferrer nofollow\">r\u00e9f. 1490.034<\/a>)<\/li>\n<\/ul>\n<\/div>\n<\/div>\n","protected":false},"excerpt":{"rendered":"<p>Hydrolat essentiel de rose de Dama enrichi en pr\u00e9biotiques (extrait de chicor\u00e9e) et postbiotiques (Lactobacillus). Apaise la peau et soutient le renouvellement d&rsquo;un microbiome cutan\u00e9 harmonieux. Id\u00e9al pour rincer la peau apr\u00e8s l&rsquo;\u00e9pilation et comme tonique visage. Principaux avantages : Apaise les rougeurs et irritations cutan\u00e9es Soutient et renforce le microbiome de la peau Maintient [&hellip;]<\/p>\n","protected":false},"featured_media":143547,"comment_status":"open","ping_status":"closed","template":"","meta":{"_acf_changed":false},"product_brand":[10526],"product_cat":[9922],"product_tag":[],"class_list":{"0":"post-134007","1":"product","2":"type-product","3":"status-publish","4":"has-post-thumbnail","6":"product_brand-radeq-fr","7":"product_cat-beaute-epilation-soins-pre-post-epilation","9":"first","10":"instock","11":"taxable","12":"shipping-taxable","13":"product-type-simple"},"acf":[],"yoast_head":"<!-- This site is optimized with the Yoast SEO plugin v27.3 - https:\/\/yoast.com\/product\/yoast-seo-wordpress\/ -->\n<title>Radeq Lab Pr\u00e9sentoir Pre &amp; Postbiotic Rose Water 12 x 100ml - Districos Webshop<\/title>\n<meta name=\"robots\" content=\"noindex, follow, max-snippet:-1, max-image-preview:large, max-video-preview:-1\" \/>\n<meta property=\"og:locale\" content=\"fr_FR\" \/>\n<meta property=\"og:type\" content=\"article\" \/>\n<meta property=\"og:title\" content=\"Radeq Lab Pr\u00e9sentoir Pre &amp; Postbiotic Rose Water 12 x 100ml - Districos Webshop\" \/>\n<meta property=\"og:description\" content=\"Hydrolat essentiel de rose de Dama enrichi en pr\u00e9biotiques (extrait de chicor\u00e9e) et postbiotiques (Lactobacillus). Apaise la peau et soutient le renouvellement d&rsquo;un microbiome cutan\u00e9 harmonieux. Id\u00e9al pour rincer la peau apr\u00e8s l&rsquo;\u00e9pilation et comme tonique visage. Principaux avantages : Apaise les rougeurs et irritations cutan\u00e9es Soutient et renforce le microbiome de la peau Maintient [&hellip;]\" \/>\n<meta property=\"og:url\" content=\"https:\/\/districos.standingout.be\/fr\/product\/radeq-lab-presentoir-pre-postbiotic-rose-water-12-x-100ml-ref-1490-035\/\" \/>\n<meta property=\"og:site_name\" content=\"Districos Webshop\" \/>\n<meta property=\"article:modified_time\" content=\"2026-04-27T23:57:31+00:00\" \/>\n<meta property=\"og:image\" content=\"https:\/\/districos.standingout.be\/wp-content\/uploads\/2026\/04\/1490.035@Radeq-Lab-Display-Pre-Postbiotic-Rose-Water-12-x-100-ml_1-2.png\" \/>\n\t<meta property=\"og:image:width\" content=\"600\" \/>\n\t<meta property=\"og:image:height\" content=\"600\" \/>\n\t<meta property=\"og:image:type\" content=\"image\/png\" \/>\n<meta name=\"twitter:card\" content=\"summary_large_image\" \/>\n<meta name=\"twitter:label1\" content=\"Dur\u00e9e de lecture estim\u00e9e\" \/>\n\t<meta name=\"twitter:data1\" content=\"1 minute\" \/>\n<script type=\"application\/ld+json\" class=\"yoast-schema-graph\">{\"@context\":\"https:\\\/\\\/schema.org\",\"@graph\":[{\"@type\":\"WebPage\",\"@id\":\"https:\\\/\\\/districos.standingout.be\\\/fr\\\/product\\\/radeq-lab-presentoir-pre-postbiotic-rose-water-12-x-100ml-ref-1490-035\\\/\",\"url\":\"https:\\\/\\\/districos.standingout.be\\\/fr\\\/product\\\/radeq-lab-presentoir-pre-postbiotic-rose-water-12-x-100ml-ref-1490-035\\\/\",\"name\":\"Radeq Lab Pr\u00e9sentoir Pre & Postbiotic Rose Water 12 x 100ml - Districos Webshop\",\"isPartOf\":{\"@id\":\"https:\\\/\\\/districos.standingout.be\\\/fr\\\/#website\"},\"primaryImageOfPage\":{\"@id\":\"https:\\\/\\\/districos.standingout.be\\\/fr\\\/product\\\/radeq-lab-presentoir-pre-postbiotic-rose-water-12-x-100ml-ref-1490-035\\\/#primaryimage\"},\"image\":{\"@id\":\"https:\\\/\\\/districos.standingout.be\\\/fr\\\/product\\\/radeq-lab-presentoir-pre-postbiotic-rose-water-12-x-100ml-ref-1490-035\\\/#primaryimage\"},\"thumbnailUrl\":\"https:\\\/\\\/districos.standingout.be\\\/wp-content\\\/uploads\\\/2026\\\/04\\\/1490.035@Radeq-Lab-Display-Pre-Postbiotic-Rose-Water-12-x-100-ml_1-3.png\",\"datePublished\":\"2026-04-27T23:57:29+00:00\",\"dateModified\":\"2026-04-27T23:57:31+00:00\",\"breadcrumb\":{\"@id\":\"https:\\\/\\\/districos.standingout.be\\\/fr\\\/product\\\/radeq-lab-presentoir-pre-postbiotic-rose-water-12-x-100ml-ref-1490-035\\\/#breadcrumb\"},\"inLanguage\":\"fr-FR\",\"potentialAction\":[{\"@type\":\"ReadAction\",\"target\":[\"https:\\\/\\\/districos.standingout.be\\\/fr\\\/product\\\/radeq-lab-presentoir-pre-postbiotic-rose-water-12-x-100ml-ref-1490-035\\\/\"]}]},{\"@type\":\"ImageObject\",\"inLanguage\":\"fr-FR\",\"@id\":\"https:\\\/\\\/districos.standingout.be\\\/fr\\\/product\\\/radeq-lab-presentoir-pre-postbiotic-rose-water-12-x-100ml-ref-1490-035\\\/#primaryimage\",\"url\":\"https:\\\/\\\/districos.standingout.be\\\/wp-content\\\/uploads\\\/2026\\\/04\\\/1490.035@Radeq-Lab-Display-Pre-Postbiotic-Rose-Water-12-x-100-ml_1-3.png\",\"contentUrl\":\"https:\\\/\\\/districos.standingout.be\\\/wp-content\\\/uploads\\\/2026\\\/04\\\/1490.035@Radeq-Lab-Display-Pre-Postbiotic-Rose-Water-12-x-100-ml_1-3.png\",\"width\":600,\"height\":600},{\"@type\":\"BreadcrumbList\",\"@id\":\"https:\\\/\\\/districos.standingout.be\\\/fr\\\/product\\\/radeq-lab-presentoir-pre-postbiotic-rose-water-12-x-100ml-ref-1490-035\\\/#breadcrumb\",\"itemListElement\":[{\"@type\":\"ListItem\",\"position\":1,\"name\":\"Home\",\"item\":\"https:\\\/\\\/districos.standingout.be\\\/fr\\\/bienvenue-chez-districos\\\/\"},{\"@type\":\"ListItem\",\"position\":2,\"name\":\"Boutique\",\"item\":\"https:\\\/\\\/districos.standingout.be\\\/fr\\\/boutique\\\/\"},{\"@type\":\"ListItem\",\"position\":3,\"name\":\"Radeq Lab Pr\u00e9sentoir Pre &#038; Postbiotic Rose Water 12 x 100ml\"}]},{\"@type\":\"WebSite\",\"@id\":\"https:\\\/\\\/districos.standingout.be\\\/fr\\\/#website\",\"url\":\"https:\\\/\\\/districos.standingout.be\\\/fr\\\/\",\"name\":\"Districos Webshop\",\"description\":\"\",\"publisher\":{\"@id\":\"https:\\\/\\\/districos.standingout.be\\\/fr\\\/#organization\"},\"potentialAction\":[{\"@type\":\"SearchAction\",\"target\":{\"@type\":\"EntryPoint\",\"urlTemplate\":\"https:\\\/\\\/districos.standingout.be\\\/fr\\\/?s={search_term_string}\"},\"query-input\":{\"@type\":\"PropertyValueSpecification\",\"valueRequired\":true,\"valueName\":\"search_term_string\"}}],\"inLanguage\":\"fr-FR\"},{\"@type\":\"Organization\",\"@id\":\"https:\\\/\\\/districos.standingout.be\\\/fr\\\/#organization\",\"name\":\"Districos Webshop\",\"url\":\"https:\\\/\\\/districos.standingout.be\\\/fr\\\/\",\"logo\":{\"@type\":\"ImageObject\",\"inLanguage\":\"fr-FR\",\"@id\":\"https:\\\/\\\/districos.standingout.be\\\/fr\\\/#\\\/schema\\\/logo\\\/image\\\/\",\"url\":\"https:\\\/\\\/districos.standingout.be\\\/wp-content\\\/uploads\\\/2022\\\/09\\\/Districos_Logo_Webshop.svg\",\"contentUrl\":\"https:\\\/\\\/districos.standingout.be\\\/wp-content\\\/uploads\\\/2022\\\/09\\\/Districos_Logo_Webshop.svg\",\"caption\":\"Districos Webshop\"},\"image\":{\"@id\":\"https:\\\/\\\/districos.standingout.be\\\/fr\\\/#\\\/schema\\\/logo\\\/image\\\/\"}}]}<\/script>\n<!-- \/ Yoast SEO plugin. -->","yoast_head_json":{"title":"Radeq Lab Pr\u00e9sentoir Pre & Postbiotic Rose Water 12 x 100ml - Districos Webshop","robots":{"index":"noindex","follow":"follow","max-snippet":"max-snippet:-1","max-image-preview":"max-image-preview:large","max-video-preview":"max-video-preview:-1"},"og_locale":"fr_FR","og_type":"article","og_title":"Radeq Lab Pr\u00e9sentoir Pre & Postbiotic Rose Water 12 x 100ml - Districos Webshop","og_description":"Hydrolat essentiel de rose de Dama enrichi en pr\u00e9biotiques (extrait de chicor\u00e9e) et postbiotiques (Lactobacillus). Apaise la peau et soutient le renouvellement d&rsquo;un microbiome cutan\u00e9 harmonieux. Id\u00e9al pour rincer la peau apr\u00e8s l&rsquo;\u00e9pilation et comme tonique visage. Principaux avantages : Apaise les rougeurs et irritations cutan\u00e9es Soutient et renforce le microbiome de la peau Maintient [&hellip;]","og_url":"https:\/\/districos.standingout.be\/fr\/product\/radeq-lab-presentoir-pre-postbiotic-rose-water-12-x-100ml-ref-1490-035\/","og_site_name":"Districos Webshop","article_modified_time":"2026-04-27T23:57:31+00:00","og_image":[{"width":600,"height":600,"url":"https:\/\/districos.standingout.be\/wp-content\/uploads\/2026\/04\/1490.035@Radeq-Lab-Display-Pre-Postbiotic-Rose-Water-12-x-100-ml_1-2.png","type":"image\/png"}],"twitter_card":"summary_large_image","twitter_misc":{"Dur\u00e9e de lecture estim\u00e9e":"1 minute"},"schema":{"@context":"https:\/\/schema.org","@graph":[{"@type":"WebPage","@id":"https:\/\/districos.standingout.be\/fr\/product\/radeq-lab-presentoir-pre-postbiotic-rose-water-12-x-100ml-ref-1490-035\/","url":"https:\/\/districos.standingout.be\/fr\/product\/radeq-lab-presentoir-pre-postbiotic-rose-water-12-x-100ml-ref-1490-035\/","name":"Radeq Lab Pr\u00e9sentoir Pre & Postbiotic Rose Water 12 x 100ml - Districos Webshop","isPartOf":{"@id":"https:\/\/districos.standingout.be\/fr\/#website"},"primaryImageOfPage":{"@id":"https:\/\/districos.standingout.be\/fr\/product\/radeq-lab-presentoir-pre-postbiotic-rose-water-12-x-100ml-ref-1490-035\/#primaryimage"},"image":{"@id":"https:\/\/districos.standingout.be\/fr\/product\/radeq-lab-presentoir-pre-postbiotic-rose-water-12-x-100ml-ref-1490-035\/#primaryimage"},"thumbnailUrl":"https:\/\/districos.standingout.be\/wp-content\/uploads\/2026\/04\/1490.035@Radeq-Lab-Display-Pre-Postbiotic-Rose-Water-12-x-100-ml_1-3.png","datePublished":"2026-04-27T23:57:29+00:00","dateModified":"2026-04-27T23:57:31+00:00","breadcrumb":{"@id":"https:\/\/districos.standingout.be\/fr\/product\/radeq-lab-presentoir-pre-postbiotic-rose-water-12-x-100ml-ref-1490-035\/#breadcrumb"},"inLanguage":"fr-FR","potentialAction":[{"@type":"ReadAction","target":["https:\/\/districos.standingout.be\/fr\/product\/radeq-lab-presentoir-pre-postbiotic-rose-water-12-x-100ml-ref-1490-035\/"]}]},{"@type":"ImageObject","inLanguage":"fr-FR","@id":"https:\/\/districos.standingout.be\/fr\/product\/radeq-lab-presentoir-pre-postbiotic-rose-water-12-x-100ml-ref-1490-035\/#primaryimage","url":"https:\/\/districos.standingout.be\/wp-content\/uploads\/2026\/04\/1490.035@Radeq-Lab-Display-Pre-Postbiotic-Rose-Water-12-x-100-ml_1-3.png","contentUrl":"https:\/\/districos.standingout.be\/wp-content\/uploads\/2026\/04\/1490.035@Radeq-Lab-Display-Pre-Postbiotic-Rose-Water-12-x-100-ml_1-3.png","width":600,"height":600},{"@type":"BreadcrumbList","@id":"https:\/\/districos.standingout.be\/fr\/product\/radeq-lab-presentoir-pre-postbiotic-rose-water-12-x-100ml-ref-1490-035\/#breadcrumb","itemListElement":[{"@type":"ListItem","position":1,"name":"Home","item":"https:\/\/districos.standingout.be\/fr\/bienvenue-chez-districos\/"},{"@type":"ListItem","position":2,"name":"Boutique","item":"https:\/\/districos.standingout.be\/fr\/boutique\/"},{"@type":"ListItem","position":3,"name":"Radeq Lab Pr\u00e9sentoir Pre &#038; Postbiotic Rose Water 12 x 100ml"}]},{"@type":"WebSite","@id":"https:\/\/districos.standingout.be\/fr\/#website","url":"https:\/\/districos.standingout.be\/fr\/","name":"Districos Webshop","description":"","publisher":{"@id":"https:\/\/districos.standingout.be\/fr\/#organization"},"potentialAction":[{"@type":"SearchAction","target":{"@type":"EntryPoint","urlTemplate":"https:\/\/districos.standingout.be\/fr\/?s={search_term_string}"},"query-input":{"@type":"PropertyValueSpecification","valueRequired":true,"valueName":"search_term_string"}}],"inLanguage":"fr-FR"},{"@type":"Organization","@id":"https:\/\/districos.standingout.be\/fr\/#organization","name":"Districos Webshop","url":"https:\/\/districos.standingout.be\/fr\/","logo":{"@type":"ImageObject","inLanguage":"fr-FR","@id":"https:\/\/districos.standingout.be\/fr\/#\/schema\/logo\/image\/","url":"https:\/\/districos.standingout.be\/wp-content\/uploads\/2022\/09\/Districos_Logo_Webshop.svg","contentUrl":"https:\/\/districos.standingout.be\/wp-content\/uploads\/2022\/09\/Districos_Logo_Webshop.svg","caption":"Districos Webshop"},"image":{"@id":"https:\/\/districos.standingout.be\/fr\/#\/schema\/logo\/image\/"}}]}},"_links":{"self":[{"href":"https:\/\/districos.standingout.be\/fr\/wp-json\/wp\/v2\/product\/134007","targetHints":{"allow":["GET"]}}],"collection":[{"href":"https:\/\/districos.standingout.be\/fr\/wp-json\/wp\/v2\/product"}],"about":[{"href":"https:\/\/districos.standingout.be\/fr\/wp-json\/wp\/v2\/types\/product"}],"replies":[{"embeddable":true,"href":"https:\/\/districos.standingout.be\/fr\/wp-json\/wp\/v2\/comments?post=134007"}],"wp:featuredmedia":[{"embeddable":true,"href":"https:\/\/districos.standingout.be\/fr\/wp-json\/wp\/v2\/media\/143547"}],"wp:attachment":[{"href":"https:\/\/districos.standingout.be\/fr\/wp-json\/wp\/v2\/media?parent=134007"}],"wp:term":[{"taxonomy":"product_brand","embeddable":true,"href":"https:\/\/districos.standingout.be\/fr\/wp-json\/wp\/v2\/product_brand?post=134007"},{"taxonomy":"product_cat","embeddable":true,"href":"https:\/\/districos.standingout.be\/fr\/wp-json\/wp\/v2\/product_cat?post=134007"},{"taxonomy":"product_tag","embeddable":true,"href":"https:\/\/districos.standingout.be\/fr\/wp-json\/wp\/v2\/product_tag?post=134007"}],"curies":[{"name":"wp","href":"https:\/\/api.w.org\/{rel}","templated":true}]}}