{"id":134011,"date":"2026-04-28T01:57:35","date_gmt":"2026-04-27T23:57:35","guid":{"rendered":"https:\/\/webshopdistricoscom.webhosting.be\/product\/radeq-lab-prebiotic-soothing-milk-recharge-ecopouch-1500ml-ref-1490-042\/"},"modified":"2026-04-28T01:57:37","modified_gmt":"2026-04-27T23:57:37","slug":"radeq-lab-prebiotic-soothing-milk-recharge-ecopouch-1500ml-ref-1490-042","status":"publish","type":"product","link":"https:\/\/districos.standingout.be\/fr\/product\/radeq-lab-prebiotic-soothing-milk-recharge-ecopouch-1500ml-ref-1490-042\/","title":{"rendered":"Radeq Lab Prebiotic Soothing Milk Recharge \u00c9coPouch 1500ml"},"content":{"rendered":"<p >\n<\/p>\n<\/p>\n<\/p>\n<\/p>\n<p>Une \u00e9mulsion l\u00e9g\u00e8re et rapidement absorb\u00e9e procurant une sensation de soulagement et une hydratation profonde de la peau. Id\u00e9ale pour finaliser les traitements sur de larges zones du corps telles que les jambes ou le dos. Le Prebiotic Soothing Milk a \u00e9t\u00e9 sp\u00e9cialement con\u00e7ue pour apaiser et restaurer la peau apr\u00e8s l&rsquo;\u00e9pilation \u00e0 la cire. Formul\u00e9e avec de la dextrine, de l&rsquo;Aloe Vera et de l&rsquo;extrait d&rsquo;avoine, elle soulage rapidement les inconforts et les irritations. Enrichie en huiles nourrissantes d&rsquo;avocat, de jojoba et en squalane v\u00e9g\u00e9tal, elle hydrate en profondeur et laisse la peau souple et revitalis\u00e9e. Notre formule unique contient \u00e9galement de l&rsquo;inuline, de l&rsquo;extrait de chicor\u00e9e et des bact\u00e9ries lactobacillus, qui travaillent ensemble pour maintenir un microbiome cutan\u00e9 \u00e9quilibr\u00e9.<\/p>\n<ul>\n<li><b>Emballage&nbsp;<\/b>: Recharge \u00c9coPouch<\/li>\n<li><b>Contenu&nbsp;<\/b><span>: 1500 ml<\/span><\/li>\n<\/ul>\n<div><b>\u00c9galement disponible&nbsp;<\/b>:<\/div>\n<div><span>Radeq Lab Prebiotic Soothing Milk 430 ml (<a href=\"https:\/\/webshop.districos.com\/ProductDetail\/1490.04\" target=\"_blank\" rel=\"noopener noreferrer nofollow\">r\u00e9f. 1490.04<\/a>)<\/span><\/div>\n<p><\/p>\n","protected":false},"excerpt":{"rendered":"<p>Une \u00e9mulsion l\u00e9g\u00e8re et rapidement absorb\u00e9e procurant une sensation de soulagement et une hydratation profonde de la peau. Id\u00e9ale pour finaliser les traitements sur de larges zones du corps telles que les jambes ou le dos. Le Prebiotic Soothing Milk a \u00e9t\u00e9 sp\u00e9cialement con\u00e7ue pour apaiser et restaurer la peau apr\u00e8s l&rsquo;\u00e9pilation \u00e0 la cire. [&hellip;]<\/p>\n","protected":false},"featured_media":143556,"comment_status":"open","ping_status":"closed","template":"","meta":{"_acf_changed":false},"product_brand":[10526],"product_cat":[9922],"product_tag":[],"class_list":{"0":"post-134011","1":"product","2":"type-product","3":"status-publish","4":"has-post-thumbnail","6":"product_brand-radeq-fr","7":"product_cat-beaute-epilation-soins-pre-post-epilation","9":"first","10":"instock","11":"taxable","12":"shipping-taxable","13":"product-type-simple"},"acf":[],"yoast_head":"<!-- This site is optimized with the Yoast SEO plugin v27.3 - https:\/\/yoast.com\/product\/yoast-seo-wordpress\/ -->\n<title>Radeq Lab Prebiotic Soothing Milk Recharge \u00c9coPouch 1500ml - Districos Webshop<\/title>\n<meta name=\"robots\" content=\"noindex, follow, max-snippet:-1, max-image-preview:large, max-video-preview:-1\" \/>\n<meta property=\"og:locale\" content=\"fr_FR\" \/>\n<meta property=\"og:type\" content=\"article\" \/>\n<meta property=\"og:title\" content=\"Radeq Lab Prebiotic Soothing Milk Recharge \u00c9coPouch 1500ml - Districos Webshop\" \/>\n<meta property=\"og:description\" content=\"Une \u00e9mulsion l\u00e9g\u00e8re et rapidement absorb\u00e9e procurant une sensation de soulagement et une hydratation profonde de la peau. Id\u00e9ale pour finaliser les traitements sur de larges zones du corps telles que les jambes ou le dos. Le Prebiotic Soothing Milk a \u00e9t\u00e9 sp\u00e9cialement con\u00e7ue pour apaiser et restaurer la peau apr\u00e8s l&rsquo;\u00e9pilation \u00e0 la cire. [&hellip;]\" \/>\n<meta property=\"og:url\" content=\"https:\/\/districos.standingout.be\/fr\/product\/radeq-lab-prebiotic-soothing-milk-recharge-ecopouch-1500ml-ref-1490-042\/\" \/>\n<meta property=\"og:site_name\" content=\"Districos Webshop\" \/>\n<meta property=\"article:modified_time\" content=\"2026-04-27T23:57:37+00:00\" \/>\n<meta property=\"og:image\" content=\"https:\/\/districos.standingout.be\/wp-content\/uploads\/2026\/04\/1490.042@Radeq-Lab-Prebiotic-Soothing-Milk-Refil-Eco-Pouch-1500-ml_1-2.png\" \/>\n\t<meta property=\"og:image:width\" content=\"600\" \/>\n\t<meta property=\"og:image:height\" content=\"600\" \/>\n\t<meta property=\"og:image:type\" content=\"image\/png\" \/>\n<meta name=\"twitter:card\" content=\"summary_large_image\" \/>\n<meta name=\"twitter:label1\" content=\"Dur\u00e9e de lecture estim\u00e9e\" \/>\n\t<meta name=\"twitter:data1\" content=\"1 minute\" \/>\n<script type=\"application\/ld+json\" class=\"yoast-schema-graph\">{\"@context\":\"https:\\\/\\\/schema.org\",\"@graph\":[{\"@type\":\"WebPage\",\"@id\":\"https:\\\/\\\/districos.standingout.be\\\/fr\\\/product\\\/radeq-lab-prebiotic-soothing-milk-recharge-ecopouch-1500ml-ref-1490-042\\\/\",\"url\":\"https:\\\/\\\/districos.standingout.be\\\/fr\\\/product\\\/radeq-lab-prebiotic-soothing-milk-recharge-ecopouch-1500ml-ref-1490-042\\\/\",\"name\":\"Radeq Lab Prebiotic Soothing Milk Recharge \u00c9coPouch 1500ml - Districos Webshop\",\"isPartOf\":{\"@id\":\"https:\\\/\\\/districos.standingout.be\\\/fr\\\/#website\"},\"primaryImageOfPage\":{\"@id\":\"https:\\\/\\\/districos.standingout.be\\\/fr\\\/product\\\/radeq-lab-prebiotic-soothing-milk-recharge-ecopouch-1500ml-ref-1490-042\\\/#primaryimage\"},\"image\":{\"@id\":\"https:\\\/\\\/districos.standingout.be\\\/fr\\\/product\\\/radeq-lab-prebiotic-soothing-milk-recharge-ecopouch-1500ml-ref-1490-042\\\/#primaryimage\"},\"thumbnailUrl\":\"https:\\\/\\\/districos.standingout.be\\\/wp-content\\\/uploads\\\/2026\\\/04\\\/1490.042@Radeq-Lab-Prebiotic-Soothing-Milk-Refil-Eco-Pouch-1500-ml_1-3.png\",\"datePublished\":\"2026-04-27T23:57:35+00:00\",\"dateModified\":\"2026-04-27T23:57:37+00:00\",\"breadcrumb\":{\"@id\":\"https:\\\/\\\/districos.standingout.be\\\/fr\\\/product\\\/radeq-lab-prebiotic-soothing-milk-recharge-ecopouch-1500ml-ref-1490-042\\\/#breadcrumb\"},\"inLanguage\":\"fr-FR\",\"potentialAction\":[{\"@type\":\"ReadAction\",\"target\":[\"https:\\\/\\\/districos.standingout.be\\\/fr\\\/product\\\/radeq-lab-prebiotic-soothing-milk-recharge-ecopouch-1500ml-ref-1490-042\\\/\"]}]},{\"@type\":\"ImageObject\",\"inLanguage\":\"fr-FR\",\"@id\":\"https:\\\/\\\/districos.standingout.be\\\/fr\\\/product\\\/radeq-lab-prebiotic-soothing-milk-recharge-ecopouch-1500ml-ref-1490-042\\\/#primaryimage\",\"url\":\"https:\\\/\\\/districos.standingout.be\\\/wp-content\\\/uploads\\\/2026\\\/04\\\/1490.042@Radeq-Lab-Prebiotic-Soothing-Milk-Refil-Eco-Pouch-1500-ml_1-3.png\",\"contentUrl\":\"https:\\\/\\\/districos.standingout.be\\\/wp-content\\\/uploads\\\/2026\\\/04\\\/1490.042@Radeq-Lab-Prebiotic-Soothing-Milk-Refil-Eco-Pouch-1500-ml_1-3.png\",\"width\":600,\"height\":600},{\"@type\":\"BreadcrumbList\",\"@id\":\"https:\\\/\\\/districos.standingout.be\\\/fr\\\/product\\\/radeq-lab-prebiotic-soothing-milk-recharge-ecopouch-1500ml-ref-1490-042\\\/#breadcrumb\",\"itemListElement\":[{\"@type\":\"ListItem\",\"position\":1,\"name\":\"Home\",\"item\":\"https:\\\/\\\/districos.standingout.be\\\/fr\\\/bienvenue-chez-districos\\\/\"},{\"@type\":\"ListItem\",\"position\":2,\"name\":\"Boutique\",\"item\":\"https:\\\/\\\/districos.standingout.be\\\/fr\\\/boutique\\\/\"},{\"@type\":\"ListItem\",\"position\":3,\"name\":\"Radeq Lab Prebiotic Soothing Milk Recharge \u00c9coPouch 1500ml\"}]},{\"@type\":\"WebSite\",\"@id\":\"https:\\\/\\\/districos.standingout.be\\\/fr\\\/#website\",\"url\":\"https:\\\/\\\/districos.standingout.be\\\/fr\\\/\",\"name\":\"Districos Webshop\",\"description\":\"\",\"publisher\":{\"@id\":\"https:\\\/\\\/districos.standingout.be\\\/fr\\\/#organization\"},\"potentialAction\":[{\"@type\":\"SearchAction\",\"target\":{\"@type\":\"EntryPoint\",\"urlTemplate\":\"https:\\\/\\\/districos.standingout.be\\\/fr\\\/?s={search_term_string}\"},\"query-input\":{\"@type\":\"PropertyValueSpecification\",\"valueRequired\":true,\"valueName\":\"search_term_string\"}}],\"inLanguage\":\"fr-FR\"},{\"@type\":\"Organization\",\"@id\":\"https:\\\/\\\/districos.standingout.be\\\/fr\\\/#organization\",\"name\":\"Districos Webshop\",\"url\":\"https:\\\/\\\/districos.standingout.be\\\/fr\\\/\",\"logo\":{\"@type\":\"ImageObject\",\"inLanguage\":\"fr-FR\",\"@id\":\"https:\\\/\\\/districos.standingout.be\\\/fr\\\/#\\\/schema\\\/logo\\\/image\\\/\",\"url\":\"https:\\\/\\\/districos.standingout.be\\\/wp-content\\\/uploads\\\/2022\\\/09\\\/Districos_Logo_Webshop.svg\",\"contentUrl\":\"https:\\\/\\\/districos.standingout.be\\\/wp-content\\\/uploads\\\/2022\\\/09\\\/Districos_Logo_Webshop.svg\",\"caption\":\"Districos Webshop\"},\"image\":{\"@id\":\"https:\\\/\\\/districos.standingout.be\\\/fr\\\/#\\\/schema\\\/logo\\\/image\\\/\"}}]}<\/script>\n<!-- \/ Yoast SEO plugin. -->","yoast_head_json":{"title":"Radeq Lab Prebiotic Soothing Milk Recharge \u00c9coPouch 1500ml - Districos Webshop","robots":{"index":"noindex","follow":"follow","max-snippet":"max-snippet:-1","max-image-preview":"max-image-preview:large","max-video-preview":"max-video-preview:-1"},"og_locale":"fr_FR","og_type":"article","og_title":"Radeq Lab Prebiotic Soothing Milk Recharge \u00c9coPouch 1500ml - Districos Webshop","og_description":"Une \u00e9mulsion l\u00e9g\u00e8re et rapidement absorb\u00e9e procurant une sensation de soulagement et une hydratation profonde de la peau. Id\u00e9ale pour finaliser les traitements sur de larges zones du corps telles que les jambes ou le dos. Le Prebiotic Soothing Milk a \u00e9t\u00e9 sp\u00e9cialement con\u00e7ue pour apaiser et restaurer la peau apr\u00e8s l&rsquo;\u00e9pilation \u00e0 la cire. [&hellip;]","og_url":"https:\/\/districos.standingout.be\/fr\/product\/radeq-lab-prebiotic-soothing-milk-recharge-ecopouch-1500ml-ref-1490-042\/","og_site_name":"Districos Webshop","article_modified_time":"2026-04-27T23:57:37+00:00","og_image":[{"width":600,"height":600,"url":"https:\/\/districos.standingout.be\/wp-content\/uploads\/2026\/04\/1490.042@Radeq-Lab-Prebiotic-Soothing-Milk-Refil-Eco-Pouch-1500-ml_1-2.png","type":"image\/png"}],"twitter_card":"summary_large_image","twitter_misc":{"Dur\u00e9e de lecture estim\u00e9e":"1 minute"},"schema":{"@context":"https:\/\/schema.org","@graph":[{"@type":"WebPage","@id":"https:\/\/districos.standingout.be\/fr\/product\/radeq-lab-prebiotic-soothing-milk-recharge-ecopouch-1500ml-ref-1490-042\/","url":"https:\/\/districos.standingout.be\/fr\/product\/radeq-lab-prebiotic-soothing-milk-recharge-ecopouch-1500ml-ref-1490-042\/","name":"Radeq Lab Prebiotic Soothing Milk Recharge \u00c9coPouch 1500ml - Districos Webshop","isPartOf":{"@id":"https:\/\/districos.standingout.be\/fr\/#website"},"primaryImageOfPage":{"@id":"https:\/\/districos.standingout.be\/fr\/product\/radeq-lab-prebiotic-soothing-milk-recharge-ecopouch-1500ml-ref-1490-042\/#primaryimage"},"image":{"@id":"https:\/\/districos.standingout.be\/fr\/product\/radeq-lab-prebiotic-soothing-milk-recharge-ecopouch-1500ml-ref-1490-042\/#primaryimage"},"thumbnailUrl":"https:\/\/districos.standingout.be\/wp-content\/uploads\/2026\/04\/1490.042@Radeq-Lab-Prebiotic-Soothing-Milk-Refil-Eco-Pouch-1500-ml_1-3.png","datePublished":"2026-04-27T23:57:35+00:00","dateModified":"2026-04-27T23:57:37+00:00","breadcrumb":{"@id":"https:\/\/districos.standingout.be\/fr\/product\/radeq-lab-prebiotic-soothing-milk-recharge-ecopouch-1500ml-ref-1490-042\/#breadcrumb"},"inLanguage":"fr-FR","potentialAction":[{"@type":"ReadAction","target":["https:\/\/districos.standingout.be\/fr\/product\/radeq-lab-prebiotic-soothing-milk-recharge-ecopouch-1500ml-ref-1490-042\/"]}]},{"@type":"ImageObject","inLanguage":"fr-FR","@id":"https:\/\/districos.standingout.be\/fr\/product\/radeq-lab-prebiotic-soothing-milk-recharge-ecopouch-1500ml-ref-1490-042\/#primaryimage","url":"https:\/\/districos.standingout.be\/wp-content\/uploads\/2026\/04\/1490.042@Radeq-Lab-Prebiotic-Soothing-Milk-Refil-Eco-Pouch-1500-ml_1-3.png","contentUrl":"https:\/\/districos.standingout.be\/wp-content\/uploads\/2026\/04\/1490.042@Radeq-Lab-Prebiotic-Soothing-Milk-Refil-Eco-Pouch-1500-ml_1-3.png","width":600,"height":600},{"@type":"BreadcrumbList","@id":"https:\/\/districos.standingout.be\/fr\/product\/radeq-lab-prebiotic-soothing-milk-recharge-ecopouch-1500ml-ref-1490-042\/#breadcrumb","itemListElement":[{"@type":"ListItem","position":1,"name":"Home","item":"https:\/\/districos.standingout.be\/fr\/bienvenue-chez-districos\/"},{"@type":"ListItem","position":2,"name":"Boutique","item":"https:\/\/districos.standingout.be\/fr\/boutique\/"},{"@type":"ListItem","position":3,"name":"Radeq Lab Prebiotic Soothing Milk Recharge \u00c9coPouch 1500ml"}]},{"@type":"WebSite","@id":"https:\/\/districos.standingout.be\/fr\/#website","url":"https:\/\/districos.standingout.be\/fr\/","name":"Districos Webshop","description":"","publisher":{"@id":"https:\/\/districos.standingout.be\/fr\/#organization"},"potentialAction":[{"@type":"SearchAction","target":{"@type":"EntryPoint","urlTemplate":"https:\/\/districos.standingout.be\/fr\/?s={search_term_string}"},"query-input":{"@type":"PropertyValueSpecification","valueRequired":true,"valueName":"search_term_string"}}],"inLanguage":"fr-FR"},{"@type":"Organization","@id":"https:\/\/districos.standingout.be\/fr\/#organization","name":"Districos Webshop","url":"https:\/\/districos.standingout.be\/fr\/","logo":{"@type":"ImageObject","inLanguage":"fr-FR","@id":"https:\/\/districos.standingout.be\/fr\/#\/schema\/logo\/image\/","url":"https:\/\/districos.standingout.be\/wp-content\/uploads\/2022\/09\/Districos_Logo_Webshop.svg","contentUrl":"https:\/\/districos.standingout.be\/wp-content\/uploads\/2022\/09\/Districos_Logo_Webshop.svg","caption":"Districos Webshop"},"image":{"@id":"https:\/\/districos.standingout.be\/fr\/#\/schema\/logo\/image\/"}}]}},"_links":{"self":[{"href":"https:\/\/districos.standingout.be\/fr\/wp-json\/wp\/v2\/product\/134011","targetHints":{"allow":["GET"]}}],"collection":[{"href":"https:\/\/districos.standingout.be\/fr\/wp-json\/wp\/v2\/product"}],"about":[{"href":"https:\/\/districos.standingout.be\/fr\/wp-json\/wp\/v2\/types\/product"}],"replies":[{"embeddable":true,"href":"https:\/\/districos.standingout.be\/fr\/wp-json\/wp\/v2\/comments?post=134011"}],"wp:featuredmedia":[{"embeddable":true,"href":"https:\/\/districos.standingout.be\/fr\/wp-json\/wp\/v2\/media\/143556"}],"wp:attachment":[{"href":"https:\/\/districos.standingout.be\/fr\/wp-json\/wp\/v2\/media?parent=134011"}],"wp:term":[{"taxonomy":"product_brand","embeddable":true,"href":"https:\/\/districos.standingout.be\/fr\/wp-json\/wp\/v2\/product_brand?post=134011"},{"taxonomy":"product_cat","embeddable":true,"href":"https:\/\/districos.standingout.be\/fr\/wp-json\/wp\/v2\/product_cat?post=134011"},{"taxonomy":"product_tag","embeddable":true,"href":"https:\/\/districos.standingout.be\/fr\/wp-json\/wp\/v2\/product_tag?post=134011"}],"curies":[{"name":"wp","href":"https:\/\/api.w.org\/{rel}","templated":true}]}}