{"id":134015,"date":"2026-04-28T01:57:40","date_gmt":"2026-04-27T23:57:40","guid":{"rendered":"https:\/\/webshopdistricoscom.webhosting.be\/product\/radeq-lab-hexagonal-restore-balm-150-ml-ref-1490-06-2\/"},"modified":"2026-04-28T01:57:42","modified_gmt":"2026-04-27T23:57:42","slug":"radeq-lab-hexagonal-restore-balm-150-ml-ref-1490-06","status":"publish","type":"product","link":"https:\/\/districos.standingout.be\/fr\/product\/radeq-lab-hexagonal-restore-balm-150-ml-ref-1490-06\/","title":{"rendered":"Radeq Lab Hexagonal Restore Balm 150 ml"},"content":{"rendered":"<p >\n<p>Une baume unique qui adoucit la peau et cr\u00e9e un film protecteur respirant sur celle-ci. Elle poss\u00e8de des propri\u00e9t\u00e9s uniques gr\u00e2ce \u00e0 l&rsquo;\u00e9mulsion de cristaux liquides innovante avec une structure hexagonale. Particuli\u00e8rement recommand\u00e9e \u00e0 la fin des traitements au sucre sur de petites parties du corps. Elle peut \u00eatre utilis\u00e9e sur tout le corps et le visage. Pour de meilleurs r\u00e9sultats, appliquez directement apr\u00e8s le S\u00e9rum Apaisant Pr\u00e9biotique&nbsp;<span>(<\/span><a href=\"https:\/\/webshop.districos.com\/ProductDetail\/1490.05\"style=\"font-size: 13.3333px;\" target=\"_blank\" rel=\"noopener noreferrer nofollow\">r\u00e9f. 1490.05<\/a><span>)<\/span><span>.<\/span><\/p>\n<p><\/p>\n<div>Les probiotiques et postbiotiques pr\u00e9sents dans la lotion soutiennent la r\u00e9g\u00e9n\u00e9ration d&rsquo;un microbiome cutan\u00e9 sain. La dextrine, l&rsquo;Aloe Vera et l&rsquo;extrait d&rsquo;avoine sont responsables des propri\u00e9t\u00e9s anti-inflammatoires. L&rsquo;huile de jojoba et d&rsquo;avocat ainsi que l&rsquo;acide hyaluronique hydratent et adoucissent la peau. Utilisez-la en combinaison avec le s\u00e9rum apaisant pour de meilleurs r\u00e9sultats.<\/div>\n","protected":false},"excerpt":{"rendered":"<p>Une baume unique qui adoucit la peau et cr\u00e9e un film protecteur respirant sur celle-ci. Elle poss\u00e8de des propri\u00e9t\u00e9s uniques gr\u00e2ce \u00e0 l&rsquo;\u00e9mulsion de cristaux liquides innovante avec une structure hexagonale. Particuli\u00e8rement recommand\u00e9e \u00e0 la fin des traitements au sucre sur de petites parties du corps. Elle peut \u00eatre utilis\u00e9e sur tout le corps et [&hellip;]<\/p>\n","protected":false},"featured_media":143565,"comment_status":"open","ping_status":"closed","template":"","meta":{"_acf_changed":false},"product_brand":[10526],"product_cat":[9922],"product_tag":[],"class_list":{"0":"post-134015","1":"product","2":"type-product","3":"status-publish","4":"has-post-thumbnail","6":"product_brand-radeq-fr","7":"product_cat-beaute-epilation-soins-pre-post-epilation","9":"first","10":"instock","11":"taxable","12":"shipping-taxable","13":"product-type-simple"},"acf":[],"yoast_head":"<!-- This site is optimized with the Yoast SEO plugin v27.3 - https:\/\/yoast.com\/product\/yoast-seo-wordpress\/ -->\n<title>Radeq Lab Hexagonal Restore Balm 150 ml - Districos Webshop<\/title>\n<meta name=\"robots\" content=\"noindex, follow, max-snippet:-1, max-image-preview:large, max-video-preview:-1\" \/>\n<meta property=\"og:locale\" content=\"fr_FR\" \/>\n<meta property=\"og:type\" content=\"article\" \/>\n<meta property=\"og:title\" content=\"Radeq Lab Hexagonal Restore Balm 150 ml - Districos Webshop\" \/>\n<meta property=\"og:description\" content=\"Une baume unique qui adoucit la peau et cr\u00e9e un film protecteur respirant sur celle-ci. Elle poss\u00e8de des propri\u00e9t\u00e9s uniques gr\u00e2ce \u00e0 l&rsquo;\u00e9mulsion de cristaux liquides innovante avec une structure hexagonale. Particuli\u00e8rement recommand\u00e9e \u00e0 la fin des traitements au sucre sur de petites parties du corps. Elle peut \u00eatre utilis\u00e9e sur tout le corps et [&hellip;]\" \/>\n<meta property=\"og:url\" content=\"https:\/\/districos.standingout.be\/fr\/product\/radeq-lab-hexagonal-restore-balm-150-ml-ref-1490-06\/\" \/>\n<meta property=\"og:site_name\" content=\"Districos Webshop\" \/>\n<meta property=\"article:modified_time\" content=\"2026-04-27T23:57:42+00:00\" \/>\n<meta property=\"og:image\" content=\"https:\/\/districos.standingout.be\/wp-content\/uploads\/2026\/04\/1490.06@Hexagonal-Restore-Balm-150-ml_1-2.png\" \/>\n\t<meta property=\"og:image:width\" content=\"600\" \/>\n\t<meta property=\"og:image:height\" content=\"600\" \/>\n\t<meta property=\"og:image:type\" content=\"image\/png\" \/>\n<meta name=\"twitter:card\" content=\"summary_large_image\" \/>\n<meta name=\"twitter:label1\" content=\"Dur\u00e9e de lecture estim\u00e9e\" \/>\n\t<meta name=\"twitter:data1\" content=\"1 minute\" \/>\n<script type=\"application\/ld+json\" class=\"yoast-schema-graph\">{\"@context\":\"https:\\\/\\\/schema.org\",\"@graph\":[{\"@type\":\"WebPage\",\"@id\":\"https:\\\/\\\/districos.standingout.be\\\/fr\\\/product\\\/radeq-lab-hexagonal-restore-balm-150-ml-ref-1490-06\\\/\",\"url\":\"https:\\\/\\\/districos.standingout.be\\\/fr\\\/product\\\/radeq-lab-hexagonal-restore-balm-150-ml-ref-1490-06\\\/\",\"name\":\"Radeq Lab Hexagonal Restore Balm 150 ml - Districos Webshop\",\"isPartOf\":{\"@id\":\"https:\\\/\\\/districos.standingout.be\\\/fr\\\/#website\"},\"primaryImageOfPage\":{\"@id\":\"https:\\\/\\\/districos.standingout.be\\\/fr\\\/product\\\/radeq-lab-hexagonal-restore-balm-150-ml-ref-1490-06\\\/#primaryimage\"},\"image\":{\"@id\":\"https:\\\/\\\/districos.standingout.be\\\/fr\\\/product\\\/radeq-lab-hexagonal-restore-balm-150-ml-ref-1490-06\\\/#primaryimage\"},\"thumbnailUrl\":\"https:\\\/\\\/districos.standingout.be\\\/wp-content\\\/uploads\\\/2026\\\/04\\\/1490.06@Hexagonal-Restore-Balm-150-ml_1-3.png\",\"datePublished\":\"2026-04-27T23:57:40+00:00\",\"dateModified\":\"2026-04-27T23:57:42+00:00\",\"breadcrumb\":{\"@id\":\"https:\\\/\\\/districos.standingout.be\\\/fr\\\/product\\\/radeq-lab-hexagonal-restore-balm-150-ml-ref-1490-06\\\/#breadcrumb\"},\"inLanguage\":\"fr-FR\",\"potentialAction\":[{\"@type\":\"ReadAction\",\"target\":[\"https:\\\/\\\/districos.standingout.be\\\/fr\\\/product\\\/radeq-lab-hexagonal-restore-balm-150-ml-ref-1490-06\\\/\"]}]},{\"@type\":\"ImageObject\",\"inLanguage\":\"fr-FR\",\"@id\":\"https:\\\/\\\/districos.standingout.be\\\/fr\\\/product\\\/radeq-lab-hexagonal-restore-balm-150-ml-ref-1490-06\\\/#primaryimage\",\"url\":\"https:\\\/\\\/districos.standingout.be\\\/wp-content\\\/uploads\\\/2026\\\/04\\\/1490.06@Hexagonal-Restore-Balm-150-ml_1-3.png\",\"contentUrl\":\"https:\\\/\\\/districos.standingout.be\\\/wp-content\\\/uploads\\\/2026\\\/04\\\/1490.06@Hexagonal-Restore-Balm-150-ml_1-3.png\",\"width\":600,\"height\":600},{\"@type\":\"BreadcrumbList\",\"@id\":\"https:\\\/\\\/districos.standingout.be\\\/fr\\\/product\\\/radeq-lab-hexagonal-restore-balm-150-ml-ref-1490-06\\\/#breadcrumb\",\"itemListElement\":[{\"@type\":\"ListItem\",\"position\":1,\"name\":\"Home\",\"item\":\"https:\\\/\\\/districos.standingout.be\\\/fr\\\/bienvenue-chez-districos\\\/\"},{\"@type\":\"ListItem\",\"position\":2,\"name\":\"Boutique\",\"item\":\"https:\\\/\\\/districos.standingout.be\\\/fr\\\/boutique\\\/\"},{\"@type\":\"ListItem\",\"position\":3,\"name\":\"Radeq Lab Hexagonal Restore Balm 150 ml\"}]},{\"@type\":\"WebSite\",\"@id\":\"https:\\\/\\\/districos.standingout.be\\\/fr\\\/#website\",\"url\":\"https:\\\/\\\/districos.standingout.be\\\/fr\\\/\",\"name\":\"Districos Webshop\",\"description\":\"\",\"publisher\":{\"@id\":\"https:\\\/\\\/districos.standingout.be\\\/fr\\\/#organization\"},\"potentialAction\":[{\"@type\":\"SearchAction\",\"target\":{\"@type\":\"EntryPoint\",\"urlTemplate\":\"https:\\\/\\\/districos.standingout.be\\\/fr\\\/?s={search_term_string}\"},\"query-input\":{\"@type\":\"PropertyValueSpecification\",\"valueRequired\":true,\"valueName\":\"search_term_string\"}}],\"inLanguage\":\"fr-FR\"},{\"@type\":\"Organization\",\"@id\":\"https:\\\/\\\/districos.standingout.be\\\/fr\\\/#organization\",\"name\":\"Districos Webshop\",\"url\":\"https:\\\/\\\/districos.standingout.be\\\/fr\\\/\",\"logo\":{\"@type\":\"ImageObject\",\"inLanguage\":\"fr-FR\",\"@id\":\"https:\\\/\\\/districos.standingout.be\\\/fr\\\/#\\\/schema\\\/logo\\\/image\\\/\",\"url\":\"https:\\\/\\\/districos.standingout.be\\\/wp-content\\\/uploads\\\/2022\\\/09\\\/Districos_Logo_Webshop.svg\",\"contentUrl\":\"https:\\\/\\\/districos.standingout.be\\\/wp-content\\\/uploads\\\/2022\\\/09\\\/Districos_Logo_Webshop.svg\",\"caption\":\"Districos Webshop\"},\"image\":{\"@id\":\"https:\\\/\\\/districos.standingout.be\\\/fr\\\/#\\\/schema\\\/logo\\\/image\\\/\"}}]}<\/script>\n<!-- \/ Yoast SEO plugin. -->","yoast_head_json":{"title":"Radeq Lab Hexagonal Restore Balm 150 ml - Districos Webshop","robots":{"index":"noindex","follow":"follow","max-snippet":"max-snippet:-1","max-image-preview":"max-image-preview:large","max-video-preview":"max-video-preview:-1"},"og_locale":"fr_FR","og_type":"article","og_title":"Radeq Lab Hexagonal Restore Balm 150 ml - Districos Webshop","og_description":"Une baume unique qui adoucit la peau et cr\u00e9e un film protecteur respirant sur celle-ci. Elle poss\u00e8de des propri\u00e9t\u00e9s uniques gr\u00e2ce \u00e0 l&rsquo;\u00e9mulsion de cristaux liquides innovante avec une structure hexagonale. Particuli\u00e8rement recommand\u00e9e \u00e0 la fin des traitements au sucre sur de petites parties du corps. Elle peut \u00eatre utilis\u00e9e sur tout le corps et [&hellip;]","og_url":"https:\/\/districos.standingout.be\/fr\/product\/radeq-lab-hexagonal-restore-balm-150-ml-ref-1490-06\/","og_site_name":"Districos Webshop","article_modified_time":"2026-04-27T23:57:42+00:00","og_image":[{"width":600,"height":600,"url":"https:\/\/districos.standingout.be\/wp-content\/uploads\/2026\/04\/1490.06@Hexagonal-Restore-Balm-150-ml_1-2.png","type":"image\/png"}],"twitter_card":"summary_large_image","twitter_misc":{"Dur\u00e9e de lecture estim\u00e9e":"1 minute"},"schema":{"@context":"https:\/\/schema.org","@graph":[{"@type":"WebPage","@id":"https:\/\/districos.standingout.be\/fr\/product\/radeq-lab-hexagonal-restore-balm-150-ml-ref-1490-06\/","url":"https:\/\/districos.standingout.be\/fr\/product\/radeq-lab-hexagonal-restore-balm-150-ml-ref-1490-06\/","name":"Radeq Lab Hexagonal Restore Balm 150 ml - Districos Webshop","isPartOf":{"@id":"https:\/\/districos.standingout.be\/fr\/#website"},"primaryImageOfPage":{"@id":"https:\/\/districos.standingout.be\/fr\/product\/radeq-lab-hexagonal-restore-balm-150-ml-ref-1490-06\/#primaryimage"},"image":{"@id":"https:\/\/districos.standingout.be\/fr\/product\/radeq-lab-hexagonal-restore-balm-150-ml-ref-1490-06\/#primaryimage"},"thumbnailUrl":"https:\/\/districos.standingout.be\/wp-content\/uploads\/2026\/04\/1490.06@Hexagonal-Restore-Balm-150-ml_1-3.png","datePublished":"2026-04-27T23:57:40+00:00","dateModified":"2026-04-27T23:57:42+00:00","breadcrumb":{"@id":"https:\/\/districos.standingout.be\/fr\/product\/radeq-lab-hexagonal-restore-balm-150-ml-ref-1490-06\/#breadcrumb"},"inLanguage":"fr-FR","potentialAction":[{"@type":"ReadAction","target":["https:\/\/districos.standingout.be\/fr\/product\/radeq-lab-hexagonal-restore-balm-150-ml-ref-1490-06\/"]}]},{"@type":"ImageObject","inLanguage":"fr-FR","@id":"https:\/\/districos.standingout.be\/fr\/product\/radeq-lab-hexagonal-restore-balm-150-ml-ref-1490-06\/#primaryimage","url":"https:\/\/districos.standingout.be\/wp-content\/uploads\/2026\/04\/1490.06@Hexagonal-Restore-Balm-150-ml_1-3.png","contentUrl":"https:\/\/districos.standingout.be\/wp-content\/uploads\/2026\/04\/1490.06@Hexagonal-Restore-Balm-150-ml_1-3.png","width":600,"height":600},{"@type":"BreadcrumbList","@id":"https:\/\/districos.standingout.be\/fr\/product\/radeq-lab-hexagonal-restore-balm-150-ml-ref-1490-06\/#breadcrumb","itemListElement":[{"@type":"ListItem","position":1,"name":"Home","item":"https:\/\/districos.standingout.be\/fr\/bienvenue-chez-districos\/"},{"@type":"ListItem","position":2,"name":"Boutique","item":"https:\/\/districos.standingout.be\/fr\/boutique\/"},{"@type":"ListItem","position":3,"name":"Radeq Lab Hexagonal Restore Balm 150 ml"}]},{"@type":"WebSite","@id":"https:\/\/districos.standingout.be\/fr\/#website","url":"https:\/\/districos.standingout.be\/fr\/","name":"Districos Webshop","description":"","publisher":{"@id":"https:\/\/districos.standingout.be\/fr\/#organization"},"potentialAction":[{"@type":"SearchAction","target":{"@type":"EntryPoint","urlTemplate":"https:\/\/districos.standingout.be\/fr\/?s={search_term_string}"},"query-input":{"@type":"PropertyValueSpecification","valueRequired":true,"valueName":"search_term_string"}}],"inLanguage":"fr-FR"},{"@type":"Organization","@id":"https:\/\/districos.standingout.be\/fr\/#organization","name":"Districos Webshop","url":"https:\/\/districos.standingout.be\/fr\/","logo":{"@type":"ImageObject","inLanguage":"fr-FR","@id":"https:\/\/districos.standingout.be\/fr\/#\/schema\/logo\/image\/","url":"https:\/\/districos.standingout.be\/wp-content\/uploads\/2022\/09\/Districos_Logo_Webshop.svg","contentUrl":"https:\/\/districos.standingout.be\/wp-content\/uploads\/2022\/09\/Districos_Logo_Webshop.svg","caption":"Districos Webshop"},"image":{"@id":"https:\/\/districos.standingout.be\/fr\/#\/schema\/logo\/image\/"}}]}},"_links":{"self":[{"href":"https:\/\/districos.standingout.be\/fr\/wp-json\/wp\/v2\/product\/134015","targetHints":{"allow":["GET"]}}],"collection":[{"href":"https:\/\/districos.standingout.be\/fr\/wp-json\/wp\/v2\/product"}],"about":[{"href":"https:\/\/districos.standingout.be\/fr\/wp-json\/wp\/v2\/types\/product"}],"replies":[{"embeddable":true,"href":"https:\/\/districos.standingout.be\/fr\/wp-json\/wp\/v2\/comments?post=134015"}],"wp:featuredmedia":[{"embeddable":true,"href":"https:\/\/districos.standingout.be\/fr\/wp-json\/wp\/v2\/media\/143565"}],"wp:attachment":[{"href":"https:\/\/districos.standingout.be\/fr\/wp-json\/wp\/v2\/media?parent=134015"}],"wp:term":[{"taxonomy":"product_brand","embeddable":true,"href":"https:\/\/districos.standingout.be\/fr\/wp-json\/wp\/v2\/product_brand?post=134015"},{"taxonomy":"product_cat","embeddable":true,"href":"https:\/\/districos.standingout.be\/fr\/wp-json\/wp\/v2\/product_cat?post=134015"},{"taxonomy":"product_tag","embeddable":true,"href":"https:\/\/districos.standingout.be\/fr\/wp-json\/wp\/v2\/product_tag?post=134015"}],"curies":[{"name":"wp","href":"https:\/\/api.w.org\/{rel}","templated":true}]}}