{"id":134019,"date":"2026-04-28T01:57:45","date_gmt":"2026-04-27T23:57:45","guid":{"rendered":"https:\/\/webshopdistricoscom.webhosting.be\/product\/radeq-lab-huile-ozone-o3-50-ml-ref-1490-114\/"},"modified":"2026-04-28T01:57:47","modified_gmt":"2026-04-27T23:57:47","slug":"radeq-lab-huile-ozone-o3-50-ml-ref-1490-114","status":"publish","type":"product","link":"https:\/\/districos.standingout.be\/fr\/product\/radeq-lab-huile-ozone-o3-50-ml-ref-1490-114\/","title":{"rendered":"Radeq Lab Huile Ozone O3 50 ml"},"content":{"rendered":"<p >\n<\/p>\n<\/p>\n<\/p>\n<\/p>\n<\/p>\n<\/p>\n<\/p>\n<\/p>\n<p><b>Radeq Ozone O3 Oil &#8211; Huile r\u00e9paratrice post-sugaring &amp; post-\u00e9pilation<\/b><\/p>\n<p data-start=\"200\" data-end=\"581\"><b>Soin optimal de la peau apr\u00e8s l&rsquo;\u00e9pilation et les traitements<\/b><\/p>\n<p data-start=\"200\" data-end=\"581\">Radeq Ozone O3 Oil est une huile innovante, sp\u00e9cialement d\u00e9velopp\u00e9e pour la r\u00e9cup\u00e9ration et la protection de la peau apr\u00e8s le sugaring ou d\u2019autres m\u00e9thodes d\u2019\u00e9pilation. Gr\u00e2ce \u00e0 sa composition unique \u00e0 base d\u2019huile de s\u00e9same ozonis\u00e9e, ce produit combine des propri\u00e9t\u00e9s antibact\u00e9riennes, apaisantes et nourrissantes dans une huile \u00e0 la texture l\u00e9g\u00e8re et agr\u00e9able.<\/p>\n<p data-start=\"583\" data-end=\"917\"><strong data-start=\"583\" data-end=\"604\">Qu&rsquo;est-ce que l&rsquo;huile ozon\u00e9e ?<\/strong><br data-start=\"604\" data-end=\"607\">L&rsquo;ozone (O\u2083) est une forme active de l\u2019oxyg\u00e8ne, reconnue pour son action purifiante et rafra\u00eechissante. Dans Radeq Ozone O\u00b3 Oil, l\u2019ozone est incorpor\u00e9 dans une huile v\u00e9g\u00e9tale (huile de s\u00e9same) dans des conditions de laboratoire contr\u00f4l\u00e9es. Le r\u00e9sultat : une huile puissante, 100 % naturelle, aux bienfaits cutan\u00e9s prouv\u00e9s.<\/p>\n<p data-start=\"919\" data-end=\"949\"><strong data-start=\"919\" data-end=\"947\">Caract\u00e9ristiques principales :<\/strong><\/p>\n<ul>\n<li><span>Enrichie en huile de s\u00e9same ozonis\u00e9e et en h\u00e9misqualane pour une meilleure stabilit\u00e9 et une texture l\u00e9g\u00e8re. S\u2019absorbe rapidement et laisse la peau douce et confortable.<\/span><\/li>\n<li><span>Action <\/span><strong data-start=\"1192\" data-end=\"1225\">antibact\u00e9rienne et purifiante<\/strong><span> \u2013 aide \u00e0 prot\u00e9ger la peau apr\u00e8s les traitements.<\/span><\/li>\n<li><strong data-start=\"1279\" data-end=\"1318\">Favorise le processus de r\u00e9paration<\/strong><span> et r\u00e9duit le risque d\u2019irritations ou de pouss\u00e9es cutan\u00e9es.<\/span><\/li>\n<li><strong data-start=\"1382\" data-end=\"1403\">Apaise et adoucit<\/strong><span> \u2013 pr\u00e9vient les rougeurs et soulage la sensation d\u2019irritation apr\u00e8s l\u2019\u00e9pilation.<\/span><\/li>\n<li><strong data-start=\"1488\" data-end=\"1507\">100 % naturelle<\/strong><span> : sans conservateurs ni additifs artificiels.<\/span><\/li>\n<li><span>Convient aussi bien \u00e0 un <\/span><strong data-start=\"1583\" data-end=\"1606\">usage professionnel<\/strong><span> qu\u2019aux soins \u00e0 domicile pour les clientes.<\/span><\/li>\n<\/ul>\n<p data-start=\"1410\" data-end=\"1427\"><strong data-start=\"1410\" data-end=\"1425\">Mode d&rsquo;utilisation :<\/strong><\/p>\n<\/p>\n<ul>\n<li><span>Id\u00e9ale apr\u00e8s le sugaring, la cire ou d\u2019autres techniques d\u2019\u00e9pilation.<\/span><\/li>\n<li><span>Peut \u00eatre utilis\u00e9e en salon comme soin post-traitement et conseill\u00e9e en <\/span><strong data-start=\"1828\" data-end=\"1841\">home care<\/strong><span> pour \u00e9viter et att\u00e9nuer irritations et inflammations.<\/span><\/li>\n<li><span>Appliquer une petite quantit\u00e9 d\u2019huile sur une peau propre et masser d\u00e9licatement.<\/span><\/li>\n<\/ul>\n<div>\n<div><b>Contenu :<\/b><\/div>\n<div>Flacon de vente avec pipette 50 ml Radeq Lab Ozone O3 &#8211; parfait pour la revente en salon.<\/div>\n<div><b><br \/><\/b><\/div>\n<div><b>\u00c9galement disponible&nbsp;<\/b><span>:<\/span><\/div>\n<div><span>V<\/span><span data-start=\"107\" data-end=\"126\">ente :<\/span><span>&nbsp;<\/span><\/div>\n<div>\n<ul>\n<li><span>Radeq Lab Ozone O3 Oil 50 ml (avec pipette) (<\/span><a href=\"https:\/\/webshop.districos.com\/ProductDetail\/1490.114\"style=\"font-size: 10pt;\" target=\"_blank\" rel=\"noopener noreferrer nofollow\">r\u00e9f. 1490.114<\/a><span>) et Radeq Lab Pr\u00e9sentoir Ozone O3 Oil 12 x 50 ml (<\/span><a href=\"https:\/\/webshop.districos.com\/ProductDetail\/1490.115\"style=\"font-size: 10pt;\" target=\"_blank\" rel=\"noopener noreferrer nofollow\">r\u00e9f. 1490.115<\/a><span>)<\/span><\/li>\n<li><span>Radeq Lab Ozon O3 Oil 10 ml roll-on (<\/span><a href=\"https:\/\/webshop.districos.com\/ProductDetail\/1490.116\"style=\"font-size: 10pt;\" target=\"_blank\" rel=\"noopener noreferrer nofollow\">r\u00e9f. 1490.116<\/a><span>) en Radeq Lab Pr\u00e9sentoir Ozon O3 Oil 12 x 10 ml (<\/span><a href=\"https:\/\/webshop.districos.com\/ProductDetail\/1490.117\"style=\"font-size: 10pt;\" target=\"_blank\" rel=\"noopener noreferrer nofollow\">ref. 1490.117<\/a><span>)<\/span><\/li>\n<\/ul>\n<\/div>\n<div><span data-start=\"237\" data-end=\"257\">Pour la cabine :<\/span><span>&nbsp;<\/span><\/div>\n<div>\n<ul>\n<li><span>Radeq Lab Ozone O3 Oil 200 ml (<\/span><a href=\"https:\/\/webshop.districos.com\/ProductDetail\/1490.11\"style=\"font-size: 10pt;\" target=\"_blank\" rel=\"noopener noreferrer nofollow\">r\u00e9f. 1490.11<\/a><span>)<\/span><\/li>\n<\/ul>\n<\/div>\n<\/div>\n","protected":false},"excerpt":{"rendered":"<p>Radeq Ozone O3 Oil &#8211; Huile r\u00e9paratrice post-sugaring &amp; post-\u00e9pilation Soin optimal de la peau apr\u00e8s l&rsquo;\u00e9pilation et les traitements Radeq Ozone O3 Oil est une huile innovante, sp\u00e9cialement d\u00e9velopp\u00e9e pour la r\u00e9cup\u00e9ration et la protection de la peau apr\u00e8s le sugaring ou d\u2019autres m\u00e9thodes d\u2019\u00e9pilation. Gr\u00e2ce \u00e0 sa composition unique \u00e0 base d\u2019huile de [&hellip;]<\/p>\n","protected":false},"featured_media":143574,"comment_status":"open","ping_status":"closed","template":"","meta":{"_acf_changed":false},"product_brand":[10526],"product_cat":[9922],"product_tag":[],"class_list":{"0":"post-134019","1":"product","2":"type-product","3":"status-publish","4":"has-post-thumbnail","6":"product_brand-radeq-fr","7":"product_cat-beaute-epilation-soins-pre-post-epilation","9":"first","10":"instock","11":"taxable","12":"shipping-taxable","13":"product-type-simple"},"acf":[],"yoast_head":"<!-- This site is optimized with the Yoast SEO plugin v27.3 - https:\/\/yoast.com\/product\/yoast-seo-wordpress\/ -->\n<title>Radeq Lab Huile Ozone O3 50 ml - Districos Webshop<\/title>\n<meta name=\"robots\" content=\"noindex, follow, max-snippet:-1, max-image-preview:large, max-video-preview:-1\" \/>\n<meta property=\"og:locale\" content=\"fr_FR\" \/>\n<meta property=\"og:type\" content=\"article\" \/>\n<meta property=\"og:title\" content=\"Radeq Lab Huile Ozone O3 50 ml - Districos Webshop\" \/>\n<meta property=\"og:description\" content=\"Radeq Ozone O3 Oil &#8211; Huile r\u00e9paratrice post-sugaring &amp; post-\u00e9pilation Soin optimal de la peau apr\u00e8s l&rsquo;\u00e9pilation et les traitements Radeq Ozone O3 Oil est une huile innovante, sp\u00e9cialement d\u00e9velopp\u00e9e pour la r\u00e9cup\u00e9ration et la protection de la peau apr\u00e8s le sugaring ou d\u2019autres m\u00e9thodes d\u2019\u00e9pilation. Gr\u00e2ce \u00e0 sa composition unique \u00e0 base d\u2019huile de [&hellip;]\" \/>\n<meta property=\"og:url\" content=\"https:\/\/districos.standingout.be\/fr\/product\/radeq-lab-huile-ozone-o3-50-ml-ref-1490-114\/\" \/>\n<meta property=\"og:site_name\" content=\"Districos Webshop\" \/>\n<meta property=\"article:modified_time\" content=\"2026-04-27T23:57:47+00:00\" \/>\n<meta property=\"og:image\" content=\"https:\/\/districos.standingout.be\/wp-content\/uploads\/2026\/04\/1490.114@Radeq-Lab-Ozon-O3-Oil-50-ml_1-2.png\" \/>\n\t<meta property=\"og:image:width\" content=\"600\" \/>\n\t<meta property=\"og:image:height\" content=\"600\" \/>\n\t<meta property=\"og:image:type\" content=\"image\/png\" \/>\n<meta name=\"twitter:card\" content=\"summary_large_image\" \/>\n<meta name=\"twitter:label1\" content=\"Dur\u00e9e de lecture estim\u00e9e\" \/>\n\t<meta name=\"twitter:data1\" content=\"2 minutes\" \/>\n<script type=\"application\/ld+json\" class=\"yoast-schema-graph\">{\"@context\":\"https:\\\/\\\/schema.org\",\"@graph\":[{\"@type\":\"WebPage\",\"@id\":\"https:\\\/\\\/districos.standingout.be\\\/fr\\\/product\\\/radeq-lab-huile-ozone-o3-50-ml-ref-1490-114\\\/\",\"url\":\"https:\\\/\\\/districos.standingout.be\\\/fr\\\/product\\\/radeq-lab-huile-ozone-o3-50-ml-ref-1490-114\\\/\",\"name\":\"Radeq Lab Huile Ozone O3 50 ml - Districos Webshop\",\"isPartOf\":{\"@id\":\"https:\\\/\\\/districos.standingout.be\\\/fr\\\/#website\"},\"primaryImageOfPage\":{\"@id\":\"https:\\\/\\\/districos.standingout.be\\\/fr\\\/product\\\/radeq-lab-huile-ozone-o3-50-ml-ref-1490-114\\\/#primaryimage\"},\"image\":{\"@id\":\"https:\\\/\\\/districos.standingout.be\\\/fr\\\/product\\\/radeq-lab-huile-ozone-o3-50-ml-ref-1490-114\\\/#primaryimage\"},\"thumbnailUrl\":\"https:\\\/\\\/districos.standingout.be\\\/wp-content\\\/uploads\\\/2026\\\/04\\\/1490.114@Radeq-Lab-Ozon-O3-Oil-50-ml_1-3.png\",\"datePublished\":\"2026-04-27T23:57:45+00:00\",\"dateModified\":\"2026-04-27T23:57:47+00:00\",\"breadcrumb\":{\"@id\":\"https:\\\/\\\/districos.standingout.be\\\/fr\\\/product\\\/radeq-lab-huile-ozone-o3-50-ml-ref-1490-114\\\/#breadcrumb\"},\"inLanguage\":\"fr-FR\",\"potentialAction\":[{\"@type\":\"ReadAction\",\"target\":[\"https:\\\/\\\/districos.standingout.be\\\/fr\\\/product\\\/radeq-lab-huile-ozone-o3-50-ml-ref-1490-114\\\/\"]}]},{\"@type\":\"ImageObject\",\"inLanguage\":\"fr-FR\",\"@id\":\"https:\\\/\\\/districos.standingout.be\\\/fr\\\/product\\\/radeq-lab-huile-ozone-o3-50-ml-ref-1490-114\\\/#primaryimage\",\"url\":\"https:\\\/\\\/districos.standingout.be\\\/wp-content\\\/uploads\\\/2026\\\/04\\\/1490.114@Radeq-Lab-Ozon-O3-Oil-50-ml_1-3.png\",\"contentUrl\":\"https:\\\/\\\/districos.standingout.be\\\/wp-content\\\/uploads\\\/2026\\\/04\\\/1490.114@Radeq-Lab-Ozon-O3-Oil-50-ml_1-3.png\",\"width\":600,\"height\":600},{\"@type\":\"BreadcrumbList\",\"@id\":\"https:\\\/\\\/districos.standingout.be\\\/fr\\\/product\\\/radeq-lab-huile-ozone-o3-50-ml-ref-1490-114\\\/#breadcrumb\",\"itemListElement\":[{\"@type\":\"ListItem\",\"position\":1,\"name\":\"Home\",\"item\":\"https:\\\/\\\/districos.standingout.be\\\/fr\\\/bienvenue-chez-districos\\\/\"},{\"@type\":\"ListItem\",\"position\":2,\"name\":\"Boutique\",\"item\":\"https:\\\/\\\/districos.standingout.be\\\/fr\\\/boutique\\\/\"},{\"@type\":\"ListItem\",\"position\":3,\"name\":\"Radeq Lab Huile Ozone O3 50 ml\"}]},{\"@type\":\"WebSite\",\"@id\":\"https:\\\/\\\/districos.standingout.be\\\/fr\\\/#website\",\"url\":\"https:\\\/\\\/districos.standingout.be\\\/fr\\\/\",\"name\":\"Districos Webshop\",\"description\":\"\",\"publisher\":{\"@id\":\"https:\\\/\\\/districos.standingout.be\\\/fr\\\/#organization\"},\"potentialAction\":[{\"@type\":\"SearchAction\",\"target\":{\"@type\":\"EntryPoint\",\"urlTemplate\":\"https:\\\/\\\/districos.standingout.be\\\/fr\\\/?s={search_term_string}\"},\"query-input\":{\"@type\":\"PropertyValueSpecification\",\"valueRequired\":true,\"valueName\":\"search_term_string\"}}],\"inLanguage\":\"fr-FR\"},{\"@type\":\"Organization\",\"@id\":\"https:\\\/\\\/districos.standingout.be\\\/fr\\\/#organization\",\"name\":\"Districos Webshop\",\"url\":\"https:\\\/\\\/districos.standingout.be\\\/fr\\\/\",\"logo\":{\"@type\":\"ImageObject\",\"inLanguage\":\"fr-FR\",\"@id\":\"https:\\\/\\\/districos.standingout.be\\\/fr\\\/#\\\/schema\\\/logo\\\/image\\\/\",\"url\":\"https:\\\/\\\/districos.standingout.be\\\/wp-content\\\/uploads\\\/2022\\\/09\\\/Districos_Logo_Webshop.svg\",\"contentUrl\":\"https:\\\/\\\/districos.standingout.be\\\/wp-content\\\/uploads\\\/2022\\\/09\\\/Districos_Logo_Webshop.svg\",\"caption\":\"Districos Webshop\"},\"image\":{\"@id\":\"https:\\\/\\\/districos.standingout.be\\\/fr\\\/#\\\/schema\\\/logo\\\/image\\\/\"}}]}<\/script>\n<!-- \/ Yoast SEO plugin. -->","yoast_head_json":{"title":"Radeq Lab Huile Ozone O3 50 ml - Districos Webshop","robots":{"index":"noindex","follow":"follow","max-snippet":"max-snippet:-1","max-image-preview":"max-image-preview:large","max-video-preview":"max-video-preview:-1"},"og_locale":"fr_FR","og_type":"article","og_title":"Radeq Lab Huile Ozone O3 50 ml - Districos Webshop","og_description":"Radeq Ozone O3 Oil &#8211; Huile r\u00e9paratrice post-sugaring &amp; post-\u00e9pilation Soin optimal de la peau apr\u00e8s l&rsquo;\u00e9pilation et les traitements Radeq Ozone O3 Oil est une huile innovante, sp\u00e9cialement d\u00e9velopp\u00e9e pour la r\u00e9cup\u00e9ration et la protection de la peau apr\u00e8s le sugaring ou d\u2019autres m\u00e9thodes d\u2019\u00e9pilation. Gr\u00e2ce \u00e0 sa composition unique \u00e0 base d\u2019huile de [&hellip;]","og_url":"https:\/\/districos.standingout.be\/fr\/product\/radeq-lab-huile-ozone-o3-50-ml-ref-1490-114\/","og_site_name":"Districos Webshop","article_modified_time":"2026-04-27T23:57:47+00:00","og_image":[{"width":600,"height":600,"url":"https:\/\/districos.standingout.be\/wp-content\/uploads\/2026\/04\/1490.114@Radeq-Lab-Ozon-O3-Oil-50-ml_1-2.png","type":"image\/png"}],"twitter_card":"summary_large_image","twitter_misc":{"Dur\u00e9e de lecture estim\u00e9e":"2 minutes"},"schema":{"@context":"https:\/\/schema.org","@graph":[{"@type":"WebPage","@id":"https:\/\/districos.standingout.be\/fr\/product\/radeq-lab-huile-ozone-o3-50-ml-ref-1490-114\/","url":"https:\/\/districos.standingout.be\/fr\/product\/radeq-lab-huile-ozone-o3-50-ml-ref-1490-114\/","name":"Radeq Lab Huile Ozone O3 50 ml - Districos Webshop","isPartOf":{"@id":"https:\/\/districos.standingout.be\/fr\/#website"},"primaryImageOfPage":{"@id":"https:\/\/districos.standingout.be\/fr\/product\/radeq-lab-huile-ozone-o3-50-ml-ref-1490-114\/#primaryimage"},"image":{"@id":"https:\/\/districos.standingout.be\/fr\/product\/radeq-lab-huile-ozone-o3-50-ml-ref-1490-114\/#primaryimage"},"thumbnailUrl":"https:\/\/districos.standingout.be\/wp-content\/uploads\/2026\/04\/1490.114@Radeq-Lab-Ozon-O3-Oil-50-ml_1-3.png","datePublished":"2026-04-27T23:57:45+00:00","dateModified":"2026-04-27T23:57:47+00:00","breadcrumb":{"@id":"https:\/\/districos.standingout.be\/fr\/product\/radeq-lab-huile-ozone-o3-50-ml-ref-1490-114\/#breadcrumb"},"inLanguage":"fr-FR","potentialAction":[{"@type":"ReadAction","target":["https:\/\/districos.standingout.be\/fr\/product\/radeq-lab-huile-ozone-o3-50-ml-ref-1490-114\/"]}]},{"@type":"ImageObject","inLanguage":"fr-FR","@id":"https:\/\/districos.standingout.be\/fr\/product\/radeq-lab-huile-ozone-o3-50-ml-ref-1490-114\/#primaryimage","url":"https:\/\/districos.standingout.be\/wp-content\/uploads\/2026\/04\/1490.114@Radeq-Lab-Ozon-O3-Oil-50-ml_1-3.png","contentUrl":"https:\/\/districos.standingout.be\/wp-content\/uploads\/2026\/04\/1490.114@Radeq-Lab-Ozon-O3-Oil-50-ml_1-3.png","width":600,"height":600},{"@type":"BreadcrumbList","@id":"https:\/\/districos.standingout.be\/fr\/product\/radeq-lab-huile-ozone-o3-50-ml-ref-1490-114\/#breadcrumb","itemListElement":[{"@type":"ListItem","position":1,"name":"Home","item":"https:\/\/districos.standingout.be\/fr\/bienvenue-chez-districos\/"},{"@type":"ListItem","position":2,"name":"Boutique","item":"https:\/\/districos.standingout.be\/fr\/boutique\/"},{"@type":"ListItem","position":3,"name":"Radeq Lab Huile Ozone O3 50 ml"}]},{"@type":"WebSite","@id":"https:\/\/districos.standingout.be\/fr\/#website","url":"https:\/\/districos.standingout.be\/fr\/","name":"Districos Webshop","description":"","publisher":{"@id":"https:\/\/districos.standingout.be\/fr\/#organization"},"potentialAction":[{"@type":"SearchAction","target":{"@type":"EntryPoint","urlTemplate":"https:\/\/districos.standingout.be\/fr\/?s={search_term_string}"},"query-input":{"@type":"PropertyValueSpecification","valueRequired":true,"valueName":"search_term_string"}}],"inLanguage":"fr-FR"},{"@type":"Organization","@id":"https:\/\/districos.standingout.be\/fr\/#organization","name":"Districos Webshop","url":"https:\/\/districos.standingout.be\/fr\/","logo":{"@type":"ImageObject","inLanguage":"fr-FR","@id":"https:\/\/districos.standingout.be\/fr\/#\/schema\/logo\/image\/","url":"https:\/\/districos.standingout.be\/wp-content\/uploads\/2022\/09\/Districos_Logo_Webshop.svg","contentUrl":"https:\/\/districos.standingout.be\/wp-content\/uploads\/2022\/09\/Districos_Logo_Webshop.svg","caption":"Districos Webshop"},"image":{"@id":"https:\/\/districos.standingout.be\/fr\/#\/schema\/logo\/image\/"}}]}},"_links":{"self":[{"href":"https:\/\/districos.standingout.be\/fr\/wp-json\/wp\/v2\/product\/134019","targetHints":{"allow":["GET"]}}],"collection":[{"href":"https:\/\/districos.standingout.be\/fr\/wp-json\/wp\/v2\/product"}],"about":[{"href":"https:\/\/districos.standingout.be\/fr\/wp-json\/wp\/v2\/types\/product"}],"replies":[{"embeddable":true,"href":"https:\/\/districos.standingout.be\/fr\/wp-json\/wp\/v2\/comments?post=134019"}],"wp:featuredmedia":[{"embeddable":true,"href":"https:\/\/districos.standingout.be\/fr\/wp-json\/wp\/v2\/media\/143574"}],"wp:attachment":[{"href":"https:\/\/districos.standingout.be\/fr\/wp-json\/wp\/v2\/media?parent=134019"}],"wp:term":[{"taxonomy":"product_brand","embeddable":true,"href":"https:\/\/districos.standingout.be\/fr\/wp-json\/wp\/v2\/product_brand?post=134019"},{"taxonomy":"product_cat","embeddable":true,"href":"https:\/\/districos.standingout.be\/fr\/wp-json\/wp\/v2\/product_cat?post=134019"},{"taxonomy":"product_tag","embeddable":true,"href":"https:\/\/districos.standingout.be\/fr\/wp-json\/wp\/v2\/product_tag?post=134019"}],"curies":[{"name":"wp","href":"https:\/\/api.w.org\/{rel}","templated":true}]}}