{"id":134033,"date":"2026-04-28T01:58:28","date_gmt":"2026-04-27T23:58:28","guid":{"rendered":"https:\/\/webshopdistricoscom.webhosting.be\/product\/radeq-lab-serum-ingrown-s3-roll-on-10-ml-ref-1490-126\/"},"modified":"2026-04-28T01:58:30","modified_gmt":"2026-04-27T23:58:30","slug":"radeq-lab-serum-ingrown-s3-roll-on-10-ml-ref-1490-126","status":"publish","type":"product","link":"https:\/\/districos.standingout.be\/fr\/product\/radeq-lab-serum-ingrown-s3-roll-on-10-ml-ref-1490-126\/","title":{"rendered":"Radeq Lab S\u00e9rum Ingrown S3 Roll-on 10 ml"},"content":{"rendered":"<p >\n<\/p>\n<\/p>\n<\/p>\n<\/p>\n<\/p>\n<p><b>Ingrown S3 S\u00e9rum &#8211; La solution professionnelle contre les poils incarn\u00e9s<\/b><\/p>\n<p>Le&nbsp;<strong data-start=\"155\" data-end=\"175\">S\u00e9rum Ingrown S3<\/strong>&nbsp;est un s\u00e9rum multi-actif \u00e0 appliquer directement apr\u00e8s l\u2019\u00e9pilation (sucrage, cire) ou le rasage. Sa formule avanc\u00e9e agit de mani\u00e8re cibl\u00e9e pour pr\u00e9venir les poils incarn\u00e9s, apaiser la peau et restaurer l\u2019\u00e9quilibre hydrique.<\/p>\n<p data-start=\"919\" data-end=\"949\"><strong data-start=\"919\" data-end=\"947\">Principaux avantages :<\/strong><\/p>\n<ul>\n<li><span>Pr\u00e9vient efficacement les poils incarn\u00e9s<\/span><\/li>\n<li><span>Exfoliation douce et progressive<\/span><\/li>\n<li><span>R\u00e9duit les taches post-inflammatoires<\/span><\/li>\n<li><span>Hydrate et apaise imm\u00e9diatement<\/span><\/li>\n<li><span>Soutient le microbiome naturel de la peau<\/span><\/li>\n<\/ul>\n<div dir=\"ltr\">\n<p data-start=\"1410\" data-end=\"1427\"><strong data-start=\"1410\" data-end=\"1425\">Ingr\u00e9dients actifs :&nbsp;<\/strong><\/p>\n<p><span data-start=\"670\" data-end=\"694\"><\/p>\n<ul>\n<li><strong data-start=\"670\" data-end=\"694\">Acide lactique (AHA)<\/strong><span>&nbsp;\u2013 exfolie en douceur, d\u00e9sobstrue les pores et stimule la production de collag\u00e8ne<\/span><\/li>\n<li><strong data-start=\"780\" data-end=\"815\">Acide salicylique naturel (BHA)<\/strong><span>&nbsp;\u2013 purifie les pores, dissout l\u2019exc\u00e8s de k\u00e9ratine et r\u00e9duit l\u2019inflammation<\/span><\/li>\n<li><strong data-start=\"894\" data-end=\"918\">Gluconolactone (PHA)<\/strong><span>&nbsp;\u2013 id\u00e9ale pour les peaux sensibles, exfolie sans irriter et hydrate en profondeur<\/span><\/li>\n<li><strong data-start=\"1004\" data-end=\"1012\">Ur\u00e9e<\/strong><span>&nbsp;\u2013 exfoliante et hydratante, r\u00e9pare les micro-l\u00e9sions et adoucit la peau<\/span><\/li>\n<li><strong data-start=\"1103\" data-end=\"1122\">Huile de manuka<\/strong><span>&nbsp;\u2013 antibact\u00e9rienne, apaisante et anti-inflammatoire, plus douce que l\u2019huile tea tree<\/span><\/li>\n<li><strong data-start=\"1216\" data-end=\"1252\">Extrait d\u2019\u00e9corce de saule violet<\/strong><span>&nbsp;\u2013 source naturelle de salicylates aux propri\u00e9t\u00e9s purifiantes<\/span><\/li>\n<\/ul>\n<p><strong data-start=\"1320\" data-end=\"1334\">R\u00e9sultat :<\/strong><span>&nbsp;une peau plus lisse, plus douce et plus saine \u2013 sans les d\u00e9sagr\u00e9ments des poils incarn\u00e9s.<\/span><br \/><\/span><\/p>\n<p data-start=\"1410\" data-end=\"1427\"><strong data-start=\"1410\" data-end=\"1425\">Conditionnement :&nbsp;<\/strong><span>Roll-on de 10 ml (emballage de vente).<\/span><\/p>\n<p data-start=\"1490\" data-end=\"1514\"><strong data-start=\"1493\" data-end=\"1512\">Mode d\u2019emploi :<\/strong><\/p>\n<ol dir=\"ltr\">\n<li><span>Nettoyez soigneusement la peau avant utilisation.<\/span><\/li>\n<li><span>Appliquez une petite quantit\u00e9 de s\u00e9rum sur la zone d\u00e9sir\u00e9e, imm\u00e9diatement apr\u00e8s l\u2019\u00e9pilation.<\/span><\/li>\n<li><span>Massez d\u00e9licatement jusqu\u2019\u00e0 absorption compl\u00e8te du produit.<\/span><\/li>\n<li><span>Laissez la peau respirer et \u00e9vitez le contact direct avec des v\u00eatements serr\u00e9s sur la zone trait\u00e9e.<\/span><\/li>\n<\/ol>\n<p><strong data-start=\"1842\" data-end=\"1870\">Conseils d\u2019utilisation :<\/strong><\/p>\n<p data-start=\"1410\" data-end=\"1427\">\n<ul>\n<li><span>Utiliser&nbsp;<\/span><strong data-start=\"1884\" data-end=\"1907\">1 \u00e0 2 fois par jour<\/strong><span>&nbsp;sur les zones \u00e0 probl\u00e8me ou en pr\u00e9vention apr\u00e8s chaque \u00e9pilation.<\/span><\/li>\n<li><span>Id\u00e9al pour les aisselles, le maillot, les jambes, le dos et toutes les zones sujettes aux poils incarn\u00e9s.<\/span><\/li>\n<li><span>Convient \u00e0 tous les types de peau, y compris les peaux sensibles.<\/span><\/li>\n<li><span>\u00c9viter l\u2019application sur les plaies ouvertes ou la peau fortement irrit\u00e9e.<\/span><\/li>\n<li><span>Pour un r\u00e9sultat optimal, combiner avec une routine de gommage doux (2 \u00e0 3 fois par semaine).<\/span><\/li>\n<\/ul>\n<div><b>\u00c9galement disponible&nbsp;<\/b>:<\/div>\n<div><span data-start=\"2367\" data-end=\"2378\">Vente :<\/span><\/div>\n<div>\n<ul>\n<li><span>Radeq Lab Ingrown S3 Serum 50 ml (avec pipette) (<\/span><a href=\"https:\/\/webshop.districos.com\/ProductDetail\/1490.124\"style=\"font-size: 10pt;\" target=\"_blank\" rel=\"noopener noreferrer nofollow\">r\u00e9f. 1490.124<\/a><span>) et&nbsp;<\/span>Pr\u00e9sentoir&nbsp;Ingrown S3 Serum 12 x 50 ml (<a href=\"https:\/\/webshop.districos.com\/ProductDetail\/1490.125\"style=\"font-size: 10pt;\" target=\"_blank\" rel=\"noopener noreferrer nofollow\">r\u00e9f. 1490.125<\/a><span>)<\/span><\/li>\n<li><span>Radeq Lab Ingrown S3 Serum 10 ml roller (<\/span><a href=\"https:\/\/webshop.districos.com\/ProductDetail\/1490.126\"style=\"font-size: 10pt;\" target=\"_blank\" rel=\"noopener noreferrer nofollow\">r\u00e9f. 1490.126<\/a><span>) et&nbsp;<\/span>Pr\u00e9sentoir Ingrown S3 Serum 12 x 10 ml (<a href=\"https:\/\/webshop.districos.com\/ProductDetail\/1490.127\"style=\"font-size: 10pt;\" target=\"_blank\" rel=\"noopener noreferrer nofollow\">r\u00e9f. 1490.127<\/a><span>)<\/span><\/li>\n<\/ul>\n<\/div>\n<div><span data-start=\"2642\" data-end=\"2654\">Cabine :<\/span><\/div>\n<div>\n<ul>\n<li><span>Radeq Lab Ingrown S3 Serum 200 ml (<\/span><a href=\"https:\/\/webshop.districos.com\/ProductDetail\/1490.12\"style=\"font-size: 10pt;\" target=\"_blank\" rel=\"noopener noreferrer nofollow\">r\u00e9f. 1490.12<\/a><span>)<\/span><\/li>\n<\/ul>\n<\/div>\n<\/div>\n<div dir=\"ltr\">\n<p data-start=\"1490\" data-end=\"1514\"><\/p>\n<\/div>\n","protected":false},"excerpt":{"rendered":"<p>Ingrown S3 S\u00e9rum &#8211; La solution professionnelle contre les poils incarn\u00e9s Le&nbsp;S\u00e9rum Ingrown S3&nbsp;est un s\u00e9rum multi-actif \u00e0 appliquer directement apr\u00e8s l\u2019\u00e9pilation (sucrage, cire) ou le rasage. Sa formule avanc\u00e9e agit de mani\u00e8re cibl\u00e9e pour pr\u00e9venir les poils incarn\u00e9s, apaiser la peau et restaurer l\u2019\u00e9quilibre hydrique. Principaux avantages : Pr\u00e9vient efficacement les poils incarn\u00e9s Exfoliation [&hellip;]<\/p>\n","protected":false},"featured_media":143607,"comment_status":"open","ping_status":"closed","template":"","meta":{"_acf_changed":false},"product_brand":[10526],"product_cat":[9922],"product_tag":[],"class_list":{"0":"post-134033","1":"product","2":"type-product","3":"status-publish","4":"has-post-thumbnail","6":"product_brand-radeq-fr","7":"product_cat-beaute-epilation-soins-pre-post-epilation","9":"first","10":"instock","11":"taxable","12":"shipping-taxable","13":"product-type-simple"},"acf":[],"yoast_head":"<!-- This site is optimized with the Yoast SEO plugin v27.3 - https:\/\/yoast.com\/product\/yoast-seo-wordpress\/ -->\n<title>Radeq Lab S\u00e9rum Ingrown S3 Roll-on 10 ml - Districos Webshop<\/title>\n<meta name=\"robots\" content=\"noindex, follow, max-snippet:-1, max-image-preview:large, max-video-preview:-1\" \/>\n<meta property=\"og:locale\" content=\"fr_FR\" \/>\n<meta property=\"og:type\" content=\"article\" \/>\n<meta property=\"og:title\" content=\"Radeq Lab S\u00e9rum Ingrown S3 Roll-on 10 ml - Districos Webshop\" \/>\n<meta property=\"og:description\" content=\"Ingrown S3 S\u00e9rum &#8211; La solution professionnelle contre les poils incarn\u00e9s Le&nbsp;S\u00e9rum Ingrown S3&nbsp;est un s\u00e9rum multi-actif \u00e0 appliquer directement apr\u00e8s l\u2019\u00e9pilation (sucrage, cire) ou le rasage. Sa formule avanc\u00e9e agit de mani\u00e8re cibl\u00e9e pour pr\u00e9venir les poils incarn\u00e9s, apaiser la peau et restaurer l\u2019\u00e9quilibre hydrique. Principaux avantages : Pr\u00e9vient efficacement les poils incarn\u00e9s Exfoliation [&hellip;]\" \/>\n<meta property=\"og:url\" content=\"https:\/\/districos.standingout.be\/fr\/product\/radeq-lab-serum-ingrown-s3-roll-on-10-ml-ref-1490-126\/\" \/>\n<meta property=\"og:site_name\" content=\"Districos Webshop\" \/>\n<meta property=\"article:modified_time\" content=\"2026-04-27T23:58:30+00:00\" \/>\n<meta property=\"og:image\" content=\"https:\/\/districos.standingout.be\/wp-content\/uploads\/2026\/04\/1490.126@Radeq-Lab-Ingrown-S3-Serum-Roll-on-10-ml_1-2.png\" \/>\n\t<meta property=\"og:image:width\" content=\"600\" \/>\n\t<meta property=\"og:image:height\" content=\"600\" \/>\n\t<meta property=\"og:image:type\" content=\"image\/png\" \/>\n<meta name=\"twitter:card\" content=\"summary_large_image\" \/>\n<meta name=\"twitter:label1\" content=\"Dur\u00e9e de lecture estim\u00e9e\" \/>\n\t<meta name=\"twitter:data1\" content=\"2 minutes\" \/>\n<script type=\"application\/ld+json\" class=\"yoast-schema-graph\">{\"@context\":\"https:\\\/\\\/schema.org\",\"@graph\":[{\"@type\":\"WebPage\",\"@id\":\"https:\\\/\\\/districos.standingout.be\\\/fr\\\/product\\\/radeq-lab-serum-ingrown-s3-roll-on-10-ml-ref-1490-126\\\/\",\"url\":\"https:\\\/\\\/districos.standingout.be\\\/fr\\\/product\\\/radeq-lab-serum-ingrown-s3-roll-on-10-ml-ref-1490-126\\\/\",\"name\":\"Radeq Lab S\u00e9rum Ingrown S3 Roll-on 10 ml - Districos Webshop\",\"isPartOf\":{\"@id\":\"https:\\\/\\\/districos.standingout.be\\\/fr\\\/#website\"},\"primaryImageOfPage\":{\"@id\":\"https:\\\/\\\/districos.standingout.be\\\/fr\\\/product\\\/radeq-lab-serum-ingrown-s3-roll-on-10-ml-ref-1490-126\\\/#primaryimage\"},\"image\":{\"@id\":\"https:\\\/\\\/districos.standingout.be\\\/fr\\\/product\\\/radeq-lab-serum-ingrown-s3-roll-on-10-ml-ref-1490-126\\\/#primaryimage\"},\"thumbnailUrl\":\"https:\\\/\\\/districos.standingout.be\\\/wp-content\\\/uploads\\\/2026\\\/04\\\/1490.126@Radeq-Lab-Ingrown-S3-Serum-Roll-on-10-ml_1-3.png\",\"datePublished\":\"2026-04-27T23:58:28+00:00\",\"dateModified\":\"2026-04-27T23:58:30+00:00\",\"breadcrumb\":{\"@id\":\"https:\\\/\\\/districos.standingout.be\\\/fr\\\/product\\\/radeq-lab-serum-ingrown-s3-roll-on-10-ml-ref-1490-126\\\/#breadcrumb\"},\"inLanguage\":\"fr-FR\",\"potentialAction\":[{\"@type\":\"ReadAction\",\"target\":[\"https:\\\/\\\/districos.standingout.be\\\/fr\\\/product\\\/radeq-lab-serum-ingrown-s3-roll-on-10-ml-ref-1490-126\\\/\"]}]},{\"@type\":\"ImageObject\",\"inLanguage\":\"fr-FR\",\"@id\":\"https:\\\/\\\/districos.standingout.be\\\/fr\\\/product\\\/radeq-lab-serum-ingrown-s3-roll-on-10-ml-ref-1490-126\\\/#primaryimage\",\"url\":\"https:\\\/\\\/districos.standingout.be\\\/wp-content\\\/uploads\\\/2026\\\/04\\\/1490.126@Radeq-Lab-Ingrown-S3-Serum-Roll-on-10-ml_1-3.png\",\"contentUrl\":\"https:\\\/\\\/districos.standingout.be\\\/wp-content\\\/uploads\\\/2026\\\/04\\\/1490.126@Radeq-Lab-Ingrown-S3-Serum-Roll-on-10-ml_1-3.png\",\"width\":600,\"height\":600},{\"@type\":\"BreadcrumbList\",\"@id\":\"https:\\\/\\\/districos.standingout.be\\\/fr\\\/product\\\/radeq-lab-serum-ingrown-s3-roll-on-10-ml-ref-1490-126\\\/#breadcrumb\",\"itemListElement\":[{\"@type\":\"ListItem\",\"position\":1,\"name\":\"Home\",\"item\":\"https:\\\/\\\/districos.standingout.be\\\/fr\\\/bienvenue-chez-districos\\\/\"},{\"@type\":\"ListItem\",\"position\":2,\"name\":\"Boutique\",\"item\":\"https:\\\/\\\/districos.standingout.be\\\/fr\\\/boutique\\\/\"},{\"@type\":\"ListItem\",\"position\":3,\"name\":\"Radeq Lab S\u00e9rum Ingrown S3 Roll-on 10 ml\"}]},{\"@type\":\"WebSite\",\"@id\":\"https:\\\/\\\/districos.standingout.be\\\/fr\\\/#website\",\"url\":\"https:\\\/\\\/districos.standingout.be\\\/fr\\\/\",\"name\":\"Districos Webshop\",\"description\":\"\",\"publisher\":{\"@id\":\"https:\\\/\\\/districos.standingout.be\\\/fr\\\/#organization\"},\"potentialAction\":[{\"@type\":\"SearchAction\",\"target\":{\"@type\":\"EntryPoint\",\"urlTemplate\":\"https:\\\/\\\/districos.standingout.be\\\/fr\\\/?s={search_term_string}\"},\"query-input\":{\"@type\":\"PropertyValueSpecification\",\"valueRequired\":true,\"valueName\":\"search_term_string\"}}],\"inLanguage\":\"fr-FR\"},{\"@type\":\"Organization\",\"@id\":\"https:\\\/\\\/districos.standingout.be\\\/fr\\\/#organization\",\"name\":\"Districos Webshop\",\"url\":\"https:\\\/\\\/districos.standingout.be\\\/fr\\\/\",\"logo\":{\"@type\":\"ImageObject\",\"inLanguage\":\"fr-FR\",\"@id\":\"https:\\\/\\\/districos.standingout.be\\\/fr\\\/#\\\/schema\\\/logo\\\/image\\\/\",\"url\":\"https:\\\/\\\/districos.standingout.be\\\/wp-content\\\/uploads\\\/2022\\\/09\\\/Districos_Logo_Webshop.svg\",\"contentUrl\":\"https:\\\/\\\/districos.standingout.be\\\/wp-content\\\/uploads\\\/2022\\\/09\\\/Districos_Logo_Webshop.svg\",\"caption\":\"Districos Webshop\"},\"image\":{\"@id\":\"https:\\\/\\\/districos.standingout.be\\\/fr\\\/#\\\/schema\\\/logo\\\/image\\\/\"}}]}<\/script>\n<!-- \/ Yoast SEO plugin. -->","yoast_head_json":{"title":"Radeq Lab S\u00e9rum Ingrown S3 Roll-on 10 ml - Districos Webshop","robots":{"index":"noindex","follow":"follow","max-snippet":"max-snippet:-1","max-image-preview":"max-image-preview:large","max-video-preview":"max-video-preview:-1"},"og_locale":"fr_FR","og_type":"article","og_title":"Radeq Lab S\u00e9rum Ingrown S3 Roll-on 10 ml - Districos Webshop","og_description":"Ingrown S3 S\u00e9rum &#8211; La solution professionnelle contre les poils incarn\u00e9s Le&nbsp;S\u00e9rum Ingrown S3&nbsp;est un s\u00e9rum multi-actif \u00e0 appliquer directement apr\u00e8s l\u2019\u00e9pilation (sucrage, cire) ou le rasage. Sa formule avanc\u00e9e agit de mani\u00e8re cibl\u00e9e pour pr\u00e9venir les poils incarn\u00e9s, apaiser la peau et restaurer l\u2019\u00e9quilibre hydrique. Principaux avantages : Pr\u00e9vient efficacement les poils incarn\u00e9s Exfoliation [&hellip;]","og_url":"https:\/\/districos.standingout.be\/fr\/product\/radeq-lab-serum-ingrown-s3-roll-on-10-ml-ref-1490-126\/","og_site_name":"Districos Webshop","article_modified_time":"2026-04-27T23:58:30+00:00","og_image":[{"width":600,"height":600,"url":"https:\/\/districos.standingout.be\/wp-content\/uploads\/2026\/04\/1490.126@Radeq-Lab-Ingrown-S3-Serum-Roll-on-10-ml_1-2.png","type":"image\/png"}],"twitter_card":"summary_large_image","twitter_misc":{"Dur\u00e9e de lecture estim\u00e9e":"2 minutes"},"schema":{"@context":"https:\/\/schema.org","@graph":[{"@type":"WebPage","@id":"https:\/\/districos.standingout.be\/fr\/product\/radeq-lab-serum-ingrown-s3-roll-on-10-ml-ref-1490-126\/","url":"https:\/\/districos.standingout.be\/fr\/product\/radeq-lab-serum-ingrown-s3-roll-on-10-ml-ref-1490-126\/","name":"Radeq Lab S\u00e9rum Ingrown S3 Roll-on 10 ml - Districos Webshop","isPartOf":{"@id":"https:\/\/districos.standingout.be\/fr\/#website"},"primaryImageOfPage":{"@id":"https:\/\/districos.standingout.be\/fr\/product\/radeq-lab-serum-ingrown-s3-roll-on-10-ml-ref-1490-126\/#primaryimage"},"image":{"@id":"https:\/\/districos.standingout.be\/fr\/product\/radeq-lab-serum-ingrown-s3-roll-on-10-ml-ref-1490-126\/#primaryimage"},"thumbnailUrl":"https:\/\/districos.standingout.be\/wp-content\/uploads\/2026\/04\/1490.126@Radeq-Lab-Ingrown-S3-Serum-Roll-on-10-ml_1-3.png","datePublished":"2026-04-27T23:58:28+00:00","dateModified":"2026-04-27T23:58:30+00:00","breadcrumb":{"@id":"https:\/\/districos.standingout.be\/fr\/product\/radeq-lab-serum-ingrown-s3-roll-on-10-ml-ref-1490-126\/#breadcrumb"},"inLanguage":"fr-FR","potentialAction":[{"@type":"ReadAction","target":["https:\/\/districos.standingout.be\/fr\/product\/radeq-lab-serum-ingrown-s3-roll-on-10-ml-ref-1490-126\/"]}]},{"@type":"ImageObject","inLanguage":"fr-FR","@id":"https:\/\/districos.standingout.be\/fr\/product\/radeq-lab-serum-ingrown-s3-roll-on-10-ml-ref-1490-126\/#primaryimage","url":"https:\/\/districos.standingout.be\/wp-content\/uploads\/2026\/04\/1490.126@Radeq-Lab-Ingrown-S3-Serum-Roll-on-10-ml_1-3.png","contentUrl":"https:\/\/districos.standingout.be\/wp-content\/uploads\/2026\/04\/1490.126@Radeq-Lab-Ingrown-S3-Serum-Roll-on-10-ml_1-3.png","width":600,"height":600},{"@type":"BreadcrumbList","@id":"https:\/\/districos.standingout.be\/fr\/product\/radeq-lab-serum-ingrown-s3-roll-on-10-ml-ref-1490-126\/#breadcrumb","itemListElement":[{"@type":"ListItem","position":1,"name":"Home","item":"https:\/\/districos.standingout.be\/fr\/bienvenue-chez-districos\/"},{"@type":"ListItem","position":2,"name":"Boutique","item":"https:\/\/districos.standingout.be\/fr\/boutique\/"},{"@type":"ListItem","position":3,"name":"Radeq Lab S\u00e9rum Ingrown S3 Roll-on 10 ml"}]},{"@type":"WebSite","@id":"https:\/\/districos.standingout.be\/fr\/#website","url":"https:\/\/districos.standingout.be\/fr\/","name":"Districos Webshop","description":"","publisher":{"@id":"https:\/\/districos.standingout.be\/fr\/#organization"},"potentialAction":[{"@type":"SearchAction","target":{"@type":"EntryPoint","urlTemplate":"https:\/\/districos.standingout.be\/fr\/?s={search_term_string}"},"query-input":{"@type":"PropertyValueSpecification","valueRequired":true,"valueName":"search_term_string"}}],"inLanguage":"fr-FR"},{"@type":"Organization","@id":"https:\/\/districos.standingout.be\/fr\/#organization","name":"Districos Webshop","url":"https:\/\/districos.standingout.be\/fr\/","logo":{"@type":"ImageObject","inLanguage":"fr-FR","@id":"https:\/\/districos.standingout.be\/fr\/#\/schema\/logo\/image\/","url":"https:\/\/districos.standingout.be\/wp-content\/uploads\/2022\/09\/Districos_Logo_Webshop.svg","contentUrl":"https:\/\/districos.standingout.be\/wp-content\/uploads\/2022\/09\/Districos_Logo_Webshop.svg","caption":"Districos Webshop"},"image":{"@id":"https:\/\/districos.standingout.be\/fr\/#\/schema\/logo\/image\/"}}]}},"_links":{"self":[{"href":"https:\/\/districos.standingout.be\/fr\/wp-json\/wp\/v2\/product\/134033","targetHints":{"allow":["GET"]}}],"collection":[{"href":"https:\/\/districos.standingout.be\/fr\/wp-json\/wp\/v2\/product"}],"about":[{"href":"https:\/\/districos.standingout.be\/fr\/wp-json\/wp\/v2\/types\/product"}],"replies":[{"embeddable":true,"href":"https:\/\/districos.standingout.be\/fr\/wp-json\/wp\/v2\/comments?post=134033"}],"wp:featuredmedia":[{"embeddable":true,"href":"https:\/\/districos.standingout.be\/fr\/wp-json\/wp\/v2\/media\/143607"}],"wp:attachment":[{"href":"https:\/\/districos.standingout.be\/fr\/wp-json\/wp\/v2\/media?parent=134033"}],"wp:term":[{"taxonomy":"product_brand","embeddable":true,"href":"https:\/\/districos.standingout.be\/fr\/wp-json\/wp\/v2\/product_brand?post=134033"},{"taxonomy":"product_cat","embeddable":true,"href":"https:\/\/districos.standingout.be\/fr\/wp-json\/wp\/v2\/product_cat?post=134033"},{"taxonomy":"product_tag","embeddable":true,"href":"https:\/\/districos.standingout.be\/fr\/wp-json\/wp\/v2\/product_tag?post=134033"}],"curies":[{"name":"wp","href":"https:\/\/api.w.org\/{rel}","templated":true}]}}