{"id":134037,"date":"2026-04-28T01:58:34","date_gmt":"2026-04-27T23:58:34","guid":{"rendered":"https:\/\/webshopdistricoscom.webhosting.be\/product\/radeq-lab-soothing-r3-oil-200-ml-ref-1490-13-2\/"},"modified":"2026-04-28T01:58:36","modified_gmt":"2026-04-27T23:58:36","slug":"radeq-lab-soothing-r3-oil-200-ml-ref-1490-13","status":"publish","type":"product","link":"https:\/\/districos.standingout.be\/fr\/product\/radeq-lab-soothing-r3-oil-200-ml-ref-1490-13\/","title":{"rendered":"Radeq Lab Soothing R3 Oil 200 ml"},"content":{"rendered":"<p >\n<\/p>\n<\/p>\n<\/p>\n<\/p>\n<\/p>\n<\/p>\n<\/p>\n<\/p>\n<p><b>Soothing R3 Oil &#8211; Huile post-\u00e9pilation apaisante<\/b><\/p>\n<p data-start=\"187\" data-end=\"553\">D\u00e9couvrez un soulagement imm\u00e9diat avec la <strong data-start=\"229\" data-end=\"258\">Radeq Lab Soothing R3 Oil<\/strong>, une huile r\u00e9paratrice et apaisante sp\u00e9cialement con\u00e7ue pour les peaux sensibles apr\u00e8s l\u2019\u00e9pilation ou d\u2019autres traitements irritants.<br data-start=\"392\" data-end=\"395\"> Sa formule unique <strong data-start=\"413\" data-end=\"446\">R3 : Relieve. Repair. Reduce.<\/strong> r\u00e9duit les irritations, soutient le processus naturel de r\u00e9g\u00e9n\u00e9ration et diminue visiblement les rougeurs.<\/p>\n<\/p>\n<p data-start=\"555\" data-end=\"807\">Cette huile l\u00e9g\u00e8re et rapidement absorb\u00e9e combine un puissant m\u00e9lange d\u2019huiles botaniques de haute qualit\u00e9, d\u2019extraits apaisants et d\u2019antioxydants. Le r\u00e9sultat ? Une peau plus douce, plus calme et plus r\u00e9sistante, avec une sensation durable de confort.<\/p>\n<p data-start=\"919\" data-end=\"949\"><strong data-start=\"919\" data-end=\"947\">Principaux avantages :<\/strong><\/p>\n<ul>\n<li>Soulagement imm\u00e9diat en cas de sensation de br\u00fblure, de tiraillement ou de d\u00e9mangeaisons<\/li>\n<li>R\u00e9pare et renforce la barri\u00e8re cutan\u00e9e apr\u00e8s la cire, l\u2019\u00e9pilation, le laser, les peelings ou apr\u00e8s une exposition au soleil, au vent ou au froid<\/li>\n<li><span>R\u00e9duit&nbsp;<\/span>les rougeurs et soutient le processus de gu\u00e9rison<\/li>\n<li>Nourrit intens\u00e9ment <strong data-start=\"1170\" data-end=\"1188\">sans film gras<\/strong> et <strong data-start=\"1192\" data-end=\"1219\">sans obstruer les pores<\/strong><\/li>\n<li>Id\u00e9al pour les peaux sensibles et r\u00e9actives<\/li>\n<li>Convient au <strong data-start=\"1284\" data-end=\"1306\">visage et au corps<\/strong><\/li>\n<\/ul>\n<div dir=\"ltr\">\n<p data-start=\"1410\" data-end=\"1427\"><strong data-start=\"1410\" data-end=\"1425\">Ingr\u00e9dients actifs :&nbsp;<\/strong><\/p>\n<p><span data-start=\"670\" data-end=\"694\"><\/p>\n<ul>\n<li><strong data-start=\"670\" data-end=\"694\">Extrait de poivre du Sichuan<\/strong><span>&nbsp;\u2013&nbsp;<\/span>Soulagement imm\u00e9diat des sensations de br\u00fblure, de tiraillement et des d\u00e9mangeaisons.<\/li>\n<li><span><b>Bisabolol&nbsp;<\/b>\u2013&nbsp;<\/span>Riche en antioxydants ; acc\u00e9l\u00e8re la r\u00e9g\u00e9n\u00e9ration et att\u00e9nue les irritations.<\/li>\n<li><strong data-start=\"894\" data-end=\"918\">Squalane<\/strong><span> \u2013&nbsp;<\/span>Huile biomim\u00e9tique qui soutient la r\u00e9paration de la barri\u00e8re cutan\u00e9e et l\u2019hydratation.<\/li>\n<li><span><b>Huile d\u2019avocat<\/b> \u2013&nbsp;<\/span>Nourrit intens\u00e9ment et prot\u00e8ge contre le dess\u00e8chement.<\/li>\n<li><strong data-start=\"1103\" data-end=\"1122\">Huile de jojoba&nbsp;<\/strong><span>\u2013&nbsp;<\/span>R\u00e9gule, assouplit et aide \u00e0 maintenir l\u2019\u00e9quilibre cutan\u00e9.<\/li>\n<li><b>Huile de kukui &#8211;&nbsp;<\/b>R\u00e9pare la peau et p\u00e9n\u00e8tre rapidement sans alourdir.<\/li>\n<li><strong data-start=\"1216\" data-end=\"1252\">Vitamine E<\/strong><span> \u2013&nbsp;<\/span>Protection antioxydante et maintien suppl\u00e9mentaire de l\u2019hydratation.<\/li>\n<\/ul>\n<p><strong data-start=\"1320\" data-end=\"1334\">R\u00e9sultat :<\/strong><span>&nbsp;<\/span>Une peau visiblement et sensiblement plus apais\u00e9e, moins rouge et mieux r\u00e9g\u00e9n\u00e9r\u00e9e.<br \/><\/span><\/p>\n<p data-start=\"1410\" data-end=\"1427\"><strong data-start=\"1410\" data-end=\"1425\">Conditionnement :&nbsp;<\/strong><span>Flacon cabine avec pompe 200 ml<\/span><\/p>\n<p data-start=\"1490\" data-end=\"1514\"> <strong data-start=\"1493\" data-end=\"1512\">Mode d\u2019emploi :<\/strong><\/p>\n<p data-start=\"1490\" data-end=\"1514\"><span data-start=\"1493\" data-end=\"1512\">Appliquer une petite quantit\u00e9 sur une peau propre et s\u00e8che, puis masser d\u00e9licatement jusqu\u2019\u00e0 absorption compl\u00e8te.<br data-start=\"2405\" data-end=\"2408\"> Convient au visage et au corps. Id\u00e9al juste apr\u00e8s un traitement, mais aussi en utilisation quotidienne pour un confort optimal.<\/span><\/p>\n<div><b>\u00c9galement disponible&nbsp;<\/b>:<\/div>\n<div><span data-start=\"2367\" data-end=\"2378\">Vente :<\/span><\/div>\n<div>\n<ul>\n<li><span>Radeq Lab Soothing R3 Oil 50 ml (avec pipette) (<a href=\"https:\/\/webshop.districos.com\/ProductDetail\/1490.134\" target=\"_blank\" rel=\"noopener noreferrer nofollow\">r\u00e9f. 1490.134<\/a>) et&nbsp;<\/span>Pr\u00e9sentoir&nbsp;Soothing R3 Oil 12 x 50 ml (<span><a href=\"https:\/\/webshop.districos.com\/ProductDetail\/1490.135\" target=\"_blank\" rel=\"noopener noreferrer nofollow\">r\u00e9f. 1490.135<\/a>)<\/span><\/li>\n<\/ul>\n<\/div>\n<div><span data-start=\"2642\" data-end=\"2654\">Cabine :<\/span><\/div>\n<div>\n<ul>\n<li><span>Radeq Lab Soothing R3 Oil 200 ml (<a href=\"https:\/\/webshop.districos.com\/ProductDetail\/1490.13\" target=\"_blank\" rel=\"noopener noreferrer nofollow\">r\u00e9f. 1490.13<\/a>)<\/span><\/li>\n<\/ul>\n<\/div><\/div>\n","protected":false},"excerpt":{"rendered":"<p>Soothing R3 Oil &#8211; Huile post-\u00e9pilation apaisante D\u00e9couvrez un soulagement imm\u00e9diat avec la Radeq Lab Soothing R3 Oil, une huile r\u00e9paratrice et apaisante sp\u00e9cialement con\u00e7ue pour les peaux sensibles apr\u00e8s l\u2019\u00e9pilation ou d\u2019autres traitements irritants. Sa formule unique R3 : Relieve. Repair. Reduce. r\u00e9duit les irritations, soutient le processus naturel de r\u00e9g\u00e9n\u00e9ration et diminue visiblement [&hellip;]<\/p>\n","protected":false},"featured_media":143622,"comment_status":"open","ping_status":"closed","template":"","meta":{"_acf_changed":false},"product_brand":[10526],"product_cat":[9922],"product_tag":[],"class_list":{"0":"post-134037","1":"product","2":"type-product","3":"status-publish","4":"has-post-thumbnail","6":"product_brand-radeq-fr","7":"product_cat-beaute-epilation-soins-pre-post-epilation","9":"first","10":"instock","11":"taxable","12":"shipping-taxable","13":"product-type-simple"},"acf":[],"yoast_head":"<!-- This site is optimized with the Yoast SEO plugin v27.3 - https:\/\/yoast.com\/product\/yoast-seo-wordpress\/ -->\n<title>Radeq Lab Soothing R3 Oil 200 ml - Districos Webshop<\/title>\n<meta name=\"robots\" content=\"noindex, follow, max-snippet:-1, max-image-preview:large, max-video-preview:-1\" \/>\n<meta property=\"og:locale\" content=\"fr_FR\" \/>\n<meta property=\"og:type\" content=\"article\" \/>\n<meta property=\"og:title\" content=\"Radeq Lab Soothing R3 Oil 200 ml - Districos Webshop\" \/>\n<meta property=\"og:description\" content=\"Soothing R3 Oil &#8211; Huile post-\u00e9pilation apaisante D\u00e9couvrez un soulagement imm\u00e9diat avec la Radeq Lab Soothing R3 Oil, une huile r\u00e9paratrice et apaisante sp\u00e9cialement con\u00e7ue pour les peaux sensibles apr\u00e8s l\u2019\u00e9pilation ou d\u2019autres traitements irritants. Sa formule unique R3 : Relieve. Repair. Reduce. r\u00e9duit les irritations, soutient le processus naturel de r\u00e9g\u00e9n\u00e9ration et diminue visiblement [&hellip;]\" \/>\n<meta property=\"og:url\" content=\"https:\/\/districos.standingout.be\/fr\/product\/radeq-lab-soothing-r3-oil-200-ml-ref-1490-13\/\" \/>\n<meta property=\"og:site_name\" content=\"Districos Webshop\" \/>\n<meta property=\"article:modified_time\" content=\"2026-04-27T23:58:36+00:00\" \/>\n<meta property=\"og:image\" content=\"https:\/\/districos.standingout.be\/wp-content\/uploads\/2026\/04\/1490.13@Radeq-Lab-Soothing-R3-Oil-200-ml_1.png\" \/>\n\t<meta property=\"og:image:width\" content=\"600\" \/>\n\t<meta property=\"og:image:height\" content=\"600\" \/>\n\t<meta property=\"og:image:type\" content=\"image\/png\" \/>\n<meta name=\"twitter:card\" content=\"summary_large_image\" \/>\n<meta name=\"twitter:label1\" content=\"Dur\u00e9e de lecture estim\u00e9e\" \/>\n\t<meta name=\"twitter:data1\" content=\"2 minutes\" \/>\n<script type=\"application\/ld+json\" class=\"yoast-schema-graph\">{\"@context\":\"https:\\\/\\\/schema.org\",\"@graph\":[{\"@type\":\"WebPage\",\"@id\":\"https:\\\/\\\/districos.standingout.be\\\/fr\\\/product\\\/radeq-lab-soothing-r3-oil-200-ml-ref-1490-13\\\/\",\"url\":\"https:\\\/\\\/districos.standingout.be\\\/fr\\\/product\\\/radeq-lab-soothing-r3-oil-200-ml-ref-1490-13\\\/\",\"name\":\"Radeq Lab Soothing R3 Oil 200 ml - Districos Webshop\",\"isPartOf\":{\"@id\":\"https:\\\/\\\/districos.standingout.be\\\/fr\\\/#website\"},\"primaryImageOfPage\":{\"@id\":\"https:\\\/\\\/districos.standingout.be\\\/fr\\\/product\\\/radeq-lab-soothing-r3-oil-200-ml-ref-1490-13\\\/#primaryimage\"},\"image\":{\"@id\":\"https:\\\/\\\/districos.standingout.be\\\/fr\\\/product\\\/radeq-lab-soothing-r3-oil-200-ml-ref-1490-13\\\/#primaryimage\"},\"thumbnailUrl\":\"https:\\\/\\\/districos.standingout.be\\\/wp-content\\\/uploads\\\/2026\\\/04\\\/1490.13@Radeq-Lab-Soothing-R3-Oil-200-ml_1-1.png\",\"datePublished\":\"2026-04-27T23:58:34+00:00\",\"dateModified\":\"2026-04-27T23:58:36+00:00\",\"breadcrumb\":{\"@id\":\"https:\\\/\\\/districos.standingout.be\\\/fr\\\/product\\\/radeq-lab-soothing-r3-oil-200-ml-ref-1490-13\\\/#breadcrumb\"},\"inLanguage\":\"fr-FR\",\"potentialAction\":[{\"@type\":\"ReadAction\",\"target\":[\"https:\\\/\\\/districos.standingout.be\\\/fr\\\/product\\\/radeq-lab-soothing-r3-oil-200-ml-ref-1490-13\\\/\"]}]},{\"@type\":\"ImageObject\",\"inLanguage\":\"fr-FR\",\"@id\":\"https:\\\/\\\/districos.standingout.be\\\/fr\\\/product\\\/radeq-lab-soothing-r3-oil-200-ml-ref-1490-13\\\/#primaryimage\",\"url\":\"https:\\\/\\\/districos.standingout.be\\\/wp-content\\\/uploads\\\/2026\\\/04\\\/1490.13@Radeq-Lab-Soothing-R3-Oil-200-ml_1-1.png\",\"contentUrl\":\"https:\\\/\\\/districos.standingout.be\\\/wp-content\\\/uploads\\\/2026\\\/04\\\/1490.13@Radeq-Lab-Soothing-R3-Oil-200-ml_1-1.png\",\"width\":600,\"height\":600},{\"@type\":\"BreadcrumbList\",\"@id\":\"https:\\\/\\\/districos.standingout.be\\\/fr\\\/product\\\/radeq-lab-soothing-r3-oil-200-ml-ref-1490-13\\\/#breadcrumb\",\"itemListElement\":[{\"@type\":\"ListItem\",\"position\":1,\"name\":\"Home\",\"item\":\"https:\\\/\\\/districos.standingout.be\\\/fr\\\/bienvenue-chez-districos\\\/\"},{\"@type\":\"ListItem\",\"position\":2,\"name\":\"Boutique\",\"item\":\"https:\\\/\\\/districos.standingout.be\\\/fr\\\/boutique\\\/\"},{\"@type\":\"ListItem\",\"position\":3,\"name\":\"Radeq Lab Soothing R3 Oil 200 ml\"}]},{\"@type\":\"WebSite\",\"@id\":\"https:\\\/\\\/districos.standingout.be\\\/fr\\\/#website\",\"url\":\"https:\\\/\\\/districos.standingout.be\\\/fr\\\/\",\"name\":\"Districos Webshop\",\"description\":\"\",\"publisher\":{\"@id\":\"https:\\\/\\\/districos.standingout.be\\\/fr\\\/#organization\"},\"potentialAction\":[{\"@type\":\"SearchAction\",\"target\":{\"@type\":\"EntryPoint\",\"urlTemplate\":\"https:\\\/\\\/districos.standingout.be\\\/fr\\\/?s={search_term_string}\"},\"query-input\":{\"@type\":\"PropertyValueSpecification\",\"valueRequired\":true,\"valueName\":\"search_term_string\"}}],\"inLanguage\":\"fr-FR\"},{\"@type\":\"Organization\",\"@id\":\"https:\\\/\\\/districos.standingout.be\\\/fr\\\/#organization\",\"name\":\"Districos Webshop\",\"url\":\"https:\\\/\\\/districos.standingout.be\\\/fr\\\/\",\"logo\":{\"@type\":\"ImageObject\",\"inLanguage\":\"fr-FR\",\"@id\":\"https:\\\/\\\/districos.standingout.be\\\/fr\\\/#\\\/schema\\\/logo\\\/image\\\/\",\"url\":\"https:\\\/\\\/districos.standingout.be\\\/wp-content\\\/uploads\\\/2022\\\/09\\\/Districos_Logo_Webshop.svg\",\"contentUrl\":\"https:\\\/\\\/districos.standingout.be\\\/wp-content\\\/uploads\\\/2022\\\/09\\\/Districos_Logo_Webshop.svg\",\"caption\":\"Districos Webshop\"},\"image\":{\"@id\":\"https:\\\/\\\/districos.standingout.be\\\/fr\\\/#\\\/schema\\\/logo\\\/image\\\/\"}}]}<\/script>\n<!-- \/ Yoast SEO plugin. -->","yoast_head_json":{"title":"Radeq Lab Soothing R3 Oil 200 ml - Districos Webshop","robots":{"index":"noindex","follow":"follow","max-snippet":"max-snippet:-1","max-image-preview":"max-image-preview:large","max-video-preview":"max-video-preview:-1"},"og_locale":"fr_FR","og_type":"article","og_title":"Radeq Lab Soothing R3 Oil 200 ml - Districos Webshop","og_description":"Soothing R3 Oil &#8211; Huile post-\u00e9pilation apaisante D\u00e9couvrez un soulagement imm\u00e9diat avec la Radeq Lab Soothing R3 Oil, une huile r\u00e9paratrice et apaisante sp\u00e9cialement con\u00e7ue pour les peaux sensibles apr\u00e8s l\u2019\u00e9pilation ou d\u2019autres traitements irritants. Sa formule unique R3 : Relieve. Repair. Reduce. r\u00e9duit les irritations, soutient le processus naturel de r\u00e9g\u00e9n\u00e9ration et diminue visiblement [&hellip;]","og_url":"https:\/\/districos.standingout.be\/fr\/product\/radeq-lab-soothing-r3-oil-200-ml-ref-1490-13\/","og_site_name":"Districos Webshop","article_modified_time":"2026-04-27T23:58:36+00:00","og_image":[{"width":600,"height":600,"url":"https:\/\/districos.standingout.be\/wp-content\/uploads\/2026\/04\/1490.13@Radeq-Lab-Soothing-R3-Oil-200-ml_1.png","type":"image\/png"}],"twitter_card":"summary_large_image","twitter_misc":{"Dur\u00e9e de lecture estim\u00e9e":"2 minutes"},"schema":{"@context":"https:\/\/schema.org","@graph":[{"@type":"WebPage","@id":"https:\/\/districos.standingout.be\/fr\/product\/radeq-lab-soothing-r3-oil-200-ml-ref-1490-13\/","url":"https:\/\/districos.standingout.be\/fr\/product\/radeq-lab-soothing-r3-oil-200-ml-ref-1490-13\/","name":"Radeq Lab Soothing R3 Oil 200 ml - Districos Webshop","isPartOf":{"@id":"https:\/\/districos.standingout.be\/fr\/#website"},"primaryImageOfPage":{"@id":"https:\/\/districos.standingout.be\/fr\/product\/radeq-lab-soothing-r3-oil-200-ml-ref-1490-13\/#primaryimage"},"image":{"@id":"https:\/\/districos.standingout.be\/fr\/product\/radeq-lab-soothing-r3-oil-200-ml-ref-1490-13\/#primaryimage"},"thumbnailUrl":"https:\/\/districos.standingout.be\/wp-content\/uploads\/2026\/04\/1490.13@Radeq-Lab-Soothing-R3-Oil-200-ml_1-1.png","datePublished":"2026-04-27T23:58:34+00:00","dateModified":"2026-04-27T23:58:36+00:00","breadcrumb":{"@id":"https:\/\/districos.standingout.be\/fr\/product\/radeq-lab-soothing-r3-oil-200-ml-ref-1490-13\/#breadcrumb"},"inLanguage":"fr-FR","potentialAction":[{"@type":"ReadAction","target":["https:\/\/districos.standingout.be\/fr\/product\/radeq-lab-soothing-r3-oil-200-ml-ref-1490-13\/"]}]},{"@type":"ImageObject","inLanguage":"fr-FR","@id":"https:\/\/districos.standingout.be\/fr\/product\/radeq-lab-soothing-r3-oil-200-ml-ref-1490-13\/#primaryimage","url":"https:\/\/districos.standingout.be\/wp-content\/uploads\/2026\/04\/1490.13@Radeq-Lab-Soothing-R3-Oil-200-ml_1-1.png","contentUrl":"https:\/\/districos.standingout.be\/wp-content\/uploads\/2026\/04\/1490.13@Radeq-Lab-Soothing-R3-Oil-200-ml_1-1.png","width":600,"height":600},{"@type":"BreadcrumbList","@id":"https:\/\/districos.standingout.be\/fr\/product\/radeq-lab-soothing-r3-oil-200-ml-ref-1490-13\/#breadcrumb","itemListElement":[{"@type":"ListItem","position":1,"name":"Home","item":"https:\/\/districos.standingout.be\/fr\/bienvenue-chez-districos\/"},{"@type":"ListItem","position":2,"name":"Boutique","item":"https:\/\/districos.standingout.be\/fr\/boutique\/"},{"@type":"ListItem","position":3,"name":"Radeq Lab Soothing R3 Oil 200 ml"}]},{"@type":"WebSite","@id":"https:\/\/districos.standingout.be\/fr\/#website","url":"https:\/\/districos.standingout.be\/fr\/","name":"Districos Webshop","description":"","publisher":{"@id":"https:\/\/districos.standingout.be\/fr\/#organization"},"potentialAction":[{"@type":"SearchAction","target":{"@type":"EntryPoint","urlTemplate":"https:\/\/districos.standingout.be\/fr\/?s={search_term_string}"},"query-input":{"@type":"PropertyValueSpecification","valueRequired":true,"valueName":"search_term_string"}}],"inLanguage":"fr-FR"},{"@type":"Organization","@id":"https:\/\/districos.standingout.be\/fr\/#organization","name":"Districos Webshop","url":"https:\/\/districos.standingout.be\/fr\/","logo":{"@type":"ImageObject","inLanguage":"fr-FR","@id":"https:\/\/districos.standingout.be\/fr\/#\/schema\/logo\/image\/","url":"https:\/\/districos.standingout.be\/wp-content\/uploads\/2022\/09\/Districos_Logo_Webshop.svg","contentUrl":"https:\/\/districos.standingout.be\/wp-content\/uploads\/2022\/09\/Districos_Logo_Webshop.svg","caption":"Districos Webshop"},"image":{"@id":"https:\/\/districos.standingout.be\/fr\/#\/schema\/logo\/image\/"}}]}},"_links":{"self":[{"href":"https:\/\/districos.standingout.be\/fr\/wp-json\/wp\/v2\/product\/134037","targetHints":{"allow":["GET"]}}],"collection":[{"href":"https:\/\/districos.standingout.be\/fr\/wp-json\/wp\/v2\/product"}],"about":[{"href":"https:\/\/districos.standingout.be\/fr\/wp-json\/wp\/v2\/types\/product"}],"replies":[{"embeddable":true,"href":"https:\/\/districos.standingout.be\/fr\/wp-json\/wp\/v2\/comments?post=134037"}],"wp:featuredmedia":[{"embeddable":true,"href":"https:\/\/districos.standingout.be\/fr\/wp-json\/wp\/v2\/media\/143622"}],"wp:attachment":[{"href":"https:\/\/districos.standingout.be\/fr\/wp-json\/wp\/v2\/media?parent=134037"}],"wp:term":[{"taxonomy":"product_brand","embeddable":true,"href":"https:\/\/districos.standingout.be\/fr\/wp-json\/wp\/v2\/product_brand?post=134037"},{"taxonomy":"product_cat","embeddable":true,"href":"https:\/\/districos.standingout.be\/fr\/wp-json\/wp\/v2\/product_cat?post=134037"},{"taxonomy":"product_tag","embeddable":true,"href":"https:\/\/districos.standingout.be\/fr\/wp-json\/wp\/v2\/product_tag?post=134037"}],"curies":[{"name":"wp","href":"https:\/\/api.w.org\/{rel}","templated":true}]}}