{"id":134045,"date":"2026-04-28T01:58:45","date_gmt":"2026-04-27T23:58:45","guid":{"rendered":"https:\/\/webshopdistricoscom.webhosting.be\/product\/radeq-lab-tablier-de-travail-rose-1-piece-ref-1498-02\/"},"modified":"2026-04-28T01:58:47","modified_gmt":"2026-04-27T23:58:47","slug":"radeq-lab-tablier-de-travail-rose-1-piece-ref-1498-02","status":"publish","type":"product","link":"https:\/\/districos.standingout.be\/fr\/product\/radeq-lab-tablier-de-travail-rose-1-piece-ref-1498-02\/","title":{"rendered":"Radeq Lab Tablier de Travail Rose 1 pi\u00e8ce"},"content":{"rendered":"<p >\n<\/p>\n<\/p>\n<\/p>\n<\/p>\n<\/p>\n<\/p>\n<\/p>\n<p dir=\"ltr\"><span>Le Tablier de travail Radeq Lab combine la fonctionnalit\u00e9 avec le style, con\u00e7u pour \u00eatre port\u00e9 par-dessus vos propres v\u00eatements et offrir une protection sans compromettre le confort. Avec son design moderne et pratique, et le logo subtil de Radeq \u00e0 l&rsquo;avant, ce Tablier de travail d\u00e9gage un air de professionnalisme tout en prot\u00e9geant vos v\u00eatements contre la salet\u00e9 et l&rsquo;usure. Que ce soit pour l&rsquo;\u00e9pilation au sucre ou d&rsquo;autres soins, ce Tablier de travail \u00e9l\u00e9gant offre une grande libert\u00e9 de mouvement, des poches pratiques et un look raffin\u00e9.<\/span><\/p>\n<ul>\n<li>Taille :&nbsp;taille universelle<\/li>\n<li>Couleur : rose<\/li>\n<li>Mati\u00e8re : 100% polyester<\/li>\n<li>\u00c9quip\u00e9 de deux poches pratiques : tous vos objets essentiels \u00e0 port\u00e9e de main<\/li>\n<li>D\u00e9perlante<span>&nbsp;<\/span>: les liquides glissent facilement dessus. Attention, la Tablier de travail n&rsquo;est pas imperm\u00e9able !<\/li>\n<\/ul>\n<p dir=\"ltr\"><b>Couleurs disponibles :<\/b><\/p>\n<div>\n<ul>\n<li>Vert menthe (logo brod\u00e9 gris)&nbsp;<a href=\"https:\/\/webshop.districos.com\/ProductDetail\/1498.03\" target=\"_blank\" rel=\"noopener noreferrer nofollow\">r\u00e9f. 1498.03<\/a><\/li>\n<li>Noir (logo brod\u00e9 jaune)&nbsp;<a href=\"https:\/\/webshop.districos.com\/ProductDetail\/1498.01\" target=\"_blank\" rel=\"noopener noreferrer nofollow\">r\u00e9f. 1498.01<\/a><\/li>\n<li>Rose (logo brod\u00e9 or)&nbsp;<a href=\"https:\/\/webshop.districos.com\/ProductDetail\/1498.02\" target=\"_blank\" rel=\"noopener noreferrer nofollow\">r\u00e9f. 1498.02<\/a><\/li>\n<\/ul>\n<p dir=\"ltr\"><\/p>\n<\/div>\n<p dir=\"ltr\"><\/p>\n","protected":false},"excerpt":{"rendered":"<p>Le Tablier de travail Radeq Lab combine la fonctionnalit\u00e9 avec le style, con\u00e7u pour \u00eatre port\u00e9 par-dessus vos propres v\u00eatements et offrir une protection sans compromettre le confort. Avec son design moderne et pratique, et le logo subtil de Radeq \u00e0 l&rsquo;avant, ce Tablier de travail d\u00e9gage un air de professionnalisme tout en prot\u00e9geant vos [&hellip;]<\/p>\n","protected":false},"featured_media":143640,"comment_status":"open","ping_status":"closed","template":"","meta":{"_acf_changed":false},"product_brand":[10526],"product_cat":[10136,9964,10142,10212],"product_tag":[],"class_list":{"0":"post-134045","1":"product","2":"type-product","3":"status-publish","4":"has-post-thumbnail","6":"product_brand-radeq-fr","7":"product_cat-hygiene-articles-jetables-hygiene-protection-equipements-de-protection-individuelle-epi","8":"product_cat-beaute-materiel-pratique-textile","9":"product_cat-hygiene-articles-jetables-articles-jetables-vetements-de-travail","10":"product_cat-fournitures-pour-cabinet-textile-vetements-de-travail","12":"first","13":"instock","14":"taxable","15":"shipping-taxable","16":"product-type-simple"},"acf":[],"yoast_head":"<!-- This site is optimized with the Yoast SEO plugin v27.3 - https:\/\/yoast.com\/product\/yoast-seo-wordpress\/ -->\n<title>Radeq Lab Tablier de Travail Rose 1 pi\u00e8ce - Districos Webshop<\/title>\n<meta name=\"robots\" content=\"noindex, follow, max-snippet:-1, max-image-preview:large, max-video-preview:-1\" \/>\n<meta property=\"og:locale\" content=\"fr_FR\" \/>\n<meta property=\"og:type\" content=\"article\" \/>\n<meta property=\"og:title\" content=\"Radeq Lab Tablier de Travail Rose 1 pi\u00e8ce - Districos Webshop\" \/>\n<meta property=\"og:description\" content=\"Le Tablier de travail Radeq Lab combine la fonctionnalit\u00e9 avec le style, con\u00e7u pour \u00eatre port\u00e9 par-dessus vos propres v\u00eatements et offrir une protection sans compromettre le confort. Avec son design moderne et pratique, et le logo subtil de Radeq \u00e0 l&rsquo;avant, ce Tablier de travail d\u00e9gage un air de professionnalisme tout en prot\u00e9geant vos [&hellip;]\" \/>\n<meta property=\"og:url\" content=\"https:\/\/districos.standingout.be\/fr\/product\/radeq-lab-tablier-de-travail-rose-1-piece-ref-1498-02\/\" \/>\n<meta property=\"og:site_name\" content=\"Districos Webshop\" \/>\n<meta property=\"article:modified_time\" content=\"2026-04-27T23:58:47+00:00\" \/>\n<meta property=\"og:image\" content=\"https:\/\/districos.standingout.be\/wp-content\/uploads\/2026\/04\/1498.02@Radeq-Lab-Schort-Roze-1-stuk_1-2.png\" \/>\n\t<meta property=\"og:image:width\" content=\"600\" \/>\n\t<meta property=\"og:image:height\" content=\"600\" \/>\n\t<meta property=\"og:image:type\" content=\"image\/png\" \/>\n<meta name=\"twitter:card\" content=\"summary_large_image\" \/>\n<meta name=\"twitter:label1\" content=\"Dur\u00e9e de lecture estim\u00e9e\" \/>\n\t<meta name=\"twitter:data1\" content=\"1 minute\" \/>\n<script type=\"application\/ld+json\" class=\"yoast-schema-graph\">{\"@context\":\"https:\\\/\\\/schema.org\",\"@graph\":[{\"@type\":\"WebPage\",\"@id\":\"https:\\\/\\\/districos.standingout.be\\\/fr\\\/product\\\/radeq-lab-tablier-de-travail-rose-1-piece-ref-1498-02\\\/\",\"url\":\"https:\\\/\\\/districos.standingout.be\\\/fr\\\/product\\\/radeq-lab-tablier-de-travail-rose-1-piece-ref-1498-02\\\/\",\"name\":\"Radeq Lab Tablier de Travail Rose 1 pi\u00e8ce - Districos Webshop\",\"isPartOf\":{\"@id\":\"https:\\\/\\\/districos.standingout.be\\\/fr\\\/#website\"},\"primaryImageOfPage\":{\"@id\":\"https:\\\/\\\/districos.standingout.be\\\/fr\\\/product\\\/radeq-lab-tablier-de-travail-rose-1-piece-ref-1498-02\\\/#primaryimage\"},\"image\":{\"@id\":\"https:\\\/\\\/districos.standingout.be\\\/fr\\\/product\\\/radeq-lab-tablier-de-travail-rose-1-piece-ref-1498-02\\\/#primaryimage\"},\"thumbnailUrl\":\"https:\\\/\\\/districos.standingout.be\\\/wp-content\\\/uploads\\\/2026\\\/04\\\/1498.02@Radeq-Lab-Schort-Roze-1-stuk_1-3.png\",\"datePublished\":\"2026-04-27T23:58:45+00:00\",\"dateModified\":\"2026-04-27T23:58:47+00:00\",\"breadcrumb\":{\"@id\":\"https:\\\/\\\/districos.standingout.be\\\/fr\\\/product\\\/radeq-lab-tablier-de-travail-rose-1-piece-ref-1498-02\\\/#breadcrumb\"},\"inLanguage\":\"fr-FR\",\"potentialAction\":[{\"@type\":\"ReadAction\",\"target\":[\"https:\\\/\\\/districos.standingout.be\\\/fr\\\/product\\\/radeq-lab-tablier-de-travail-rose-1-piece-ref-1498-02\\\/\"]}]},{\"@type\":\"ImageObject\",\"inLanguage\":\"fr-FR\",\"@id\":\"https:\\\/\\\/districos.standingout.be\\\/fr\\\/product\\\/radeq-lab-tablier-de-travail-rose-1-piece-ref-1498-02\\\/#primaryimage\",\"url\":\"https:\\\/\\\/districos.standingout.be\\\/wp-content\\\/uploads\\\/2026\\\/04\\\/1498.02@Radeq-Lab-Schort-Roze-1-stuk_1-3.png\",\"contentUrl\":\"https:\\\/\\\/districos.standingout.be\\\/wp-content\\\/uploads\\\/2026\\\/04\\\/1498.02@Radeq-Lab-Schort-Roze-1-stuk_1-3.png\",\"width\":600,\"height\":600},{\"@type\":\"BreadcrumbList\",\"@id\":\"https:\\\/\\\/districos.standingout.be\\\/fr\\\/product\\\/radeq-lab-tablier-de-travail-rose-1-piece-ref-1498-02\\\/#breadcrumb\",\"itemListElement\":[{\"@type\":\"ListItem\",\"position\":1,\"name\":\"Home\",\"item\":\"https:\\\/\\\/districos.standingout.be\\\/fr\\\/bienvenue-chez-districos\\\/\"},{\"@type\":\"ListItem\",\"position\":2,\"name\":\"Boutique\",\"item\":\"https:\\\/\\\/districos.standingout.be\\\/fr\\\/boutique\\\/\"},{\"@type\":\"ListItem\",\"position\":3,\"name\":\"Radeq Lab Tablier de Travail Rose 1 pi\u00e8ce\"}]},{\"@type\":\"WebSite\",\"@id\":\"https:\\\/\\\/districos.standingout.be\\\/fr\\\/#website\",\"url\":\"https:\\\/\\\/districos.standingout.be\\\/fr\\\/\",\"name\":\"Districos Webshop\",\"description\":\"\",\"publisher\":{\"@id\":\"https:\\\/\\\/districos.standingout.be\\\/fr\\\/#organization\"},\"potentialAction\":[{\"@type\":\"SearchAction\",\"target\":{\"@type\":\"EntryPoint\",\"urlTemplate\":\"https:\\\/\\\/districos.standingout.be\\\/fr\\\/?s={search_term_string}\"},\"query-input\":{\"@type\":\"PropertyValueSpecification\",\"valueRequired\":true,\"valueName\":\"search_term_string\"}}],\"inLanguage\":\"fr-FR\"},{\"@type\":\"Organization\",\"@id\":\"https:\\\/\\\/districos.standingout.be\\\/fr\\\/#organization\",\"name\":\"Districos Webshop\",\"url\":\"https:\\\/\\\/districos.standingout.be\\\/fr\\\/\",\"logo\":{\"@type\":\"ImageObject\",\"inLanguage\":\"fr-FR\",\"@id\":\"https:\\\/\\\/districos.standingout.be\\\/fr\\\/#\\\/schema\\\/logo\\\/image\\\/\",\"url\":\"https:\\\/\\\/districos.standingout.be\\\/wp-content\\\/uploads\\\/2022\\\/09\\\/Districos_Logo_Webshop.svg\",\"contentUrl\":\"https:\\\/\\\/districos.standingout.be\\\/wp-content\\\/uploads\\\/2022\\\/09\\\/Districos_Logo_Webshop.svg\",\"caption\":\"Districos Webshop\"},\"image\":{\"@id\":\"https:\\\/\\\/districos.standingout.be\\\/fr\\\/#\\\/schema\\\/logo\\\/image\\\/\"}}]}<\/script>\n<!-- \/ Yoast SEO plugin. -->","yoast_head_json":{"title":"Radeq Lab Tablier de Travail Rose 1 pi\u00e8ce - Districos Webshop","robots":{"index":"noindex","follow":"follow","max-snippet":"max-snippet:-1","max-image-preview":"max-image-preview:large","max-video-preview":"max-video-preview:-1"},"og_locale":"fr_FR","og_type":"article","og_title":"Radeq Lab Tablier de Travail Rose 1 pi\u00e8ce - Districos Webshop","og_description":"Le Tablier de travail Radeq Lab combine la fonctionnalit\u00e9 avec le style, con\u00e7u pour \u00eatre port\u00e9 par-dessus vos propres v\u00eatements et offrir une protection sans compromettre le confort. Avec son design moderne et pratique, et le logo subtil de Radeq \u00e0 l&rsquo;avant, ce Tablier de travail d\u00e9gage un air de professionnalisme tout en prot\u00e9geant vos [&hellip;]","og_url":"https:\/\/districos.standingout.be\/fr\/product\/radeq-lab-tablier-de-travail-rose-1-piece-ref-1498-02\/","og_site_name":"Districos Webshop","article_modified_time":"2026-04-27T23:58:47+00:00","og_image":[{"width":600,"height":600,"url":"https:\/\/districos.standingout.be\/wp-content\/uploads\/2026\/04\/1498.02@Radeq-Lab-Schort-Roze-1-stuk_1-2.png","type":"image\/png"}],"twitter_card":"summary_large_image","twitter_misc":{"Dur\u00e9e de lecture estim\u00e9e":"1 minute"},"schema":{"@context":"https:\/\/schema.org","@graph":[{"@type":"WebPage","@id":"https:\/\/districos.standingout.be\/fr\/product\/radeq-lab-tablier-de-travail-rose-1-piece-ref-1498-02\/","url":"https:\/\/districos.standingout.be\/fr\/product\/radeq-lab-tablier-de-travail-rose-1-piece-ref-1498-02\/","name":"Radeq Lab Tablier de Travail Rose 1 pi\u00e8ce - Districos Webshop","isPartOf":{"@id":"https:\/\/districos.standingout.be\/fr\/#website"},"primaryImageOfPage":{"@id":"https:\/\/districos.standingout.be\/fr\/product\/radeq-lab-tablier-de-travail-rose-1-piece-ref-1498-02\/#primaryimage"},"image":{"@id":"https:\/\/districos.standingout.be\/fr\/product\/radeq-lab-tablier-de-travail-rose-1-piece-ref-1498-02\/#primaryimage"},"thumbnailUrl":"https:\/\/districos.standingout.be\/wp-content\/uploads\/2026\/04\/1498.02@Radeq-Lab-Schort-Roze-1-stuk_1-3.png","datePublished":"2026-04-27T23:58:45+00:00","dateModified":"2026-04-27T23:58:47+00:00","breadcrumb":{"@id":"https:\/\/districos.standingout.be\/fr\/product\/radeq-lab-tablier-de-travail-rose-1-piece-ref-1498-02\/#breadcrumb"},"inLanguage":"fr-FR","potentialAction":[{"@type":"ReadAction","target":["https:\/\/districos.standingout.be\/fr\/product\/radeq-lab-tablier-de-travail-rose-1-piece-ref-1498-02\/"]}]},{"@type":"ImageObject","inLanguage":"fr-FR","@id":"https:\/\/districos.standingout.be\/fr\/product\/radeq-lab-tablier-de-travail-rose-1-piece-ref-1498-02\/#primaryimage","url":"https:\/\/districos.standingout.be\/wp-content\/uploads\/2026\/04\/1498.02@Radeq-Lab-Schort-Roze-1-stuk_1-3.png","contentUrl":"https:\/\/districos.standingout.be\/wp-content\/uploads\/2026\/04\/1498.02@Radeq-Lab-Schort-Roze-1-stuk_1-3.png","width":600,"height":600},{"@type":"BreadcrumbList","@id":"https:\/\/districos.standingout.be\/fr\/product\/radeq-lab-tablier-de-travail-rose-1-piece-ref-1498-02\/#breadcrumb","itemListElement":[{"@type":"ListItem","position":1,"name":"Home","item":"https:\/\/districos.standingout.be\/fr\/bienvenue-chez-districos\/"},{"@type":"ListItem","position":2,"name":"Boutique","item":"https:\/\/districos.standingout.be\/fr\/boutique\/"},{"@type":"ListItem","position":3,"name":"Radeq Lab Tablier de Travail Rose 1 pi\u00e8ce"}]},{"@type":"WebSite","@id":"https:\/\/districos.standingout.be\/fr\/#website","url":"https:\/\/districos.standingout.be\/fr\/","name":"Districos Webshop","description":"","publisher":{"@id":"https:\/\/districos.standingout.be\/fr\/#organization"},"potentialAction":[{"@type":"SearchAction","target":{"@type":"EntryPoint","urlTemplate":"https:\/\/districos.standingout.be\/fr\/?s={search_term_string}"},"query-input":{"@type":"PropertyValueSpecification","valueRequired":true,"valueName":"search_term_string"}}],"inLanguage":"fr-FR"},{"@type":"Organization","@id":"https:\/\/districos.standingout.be\/fr\/#organization","name":"Districos Webshop","url":"https:\/\/districos.standingout.be\/fr\/","logo":{"@type":"ImageObject","inLanguage":"fr-FR","@id":"https:\/\/districos.standingout.be\/fr\/#\/schema\/logo\/image\/","url":"https:\/\/districos.standingout.be\/wp-content\/uploads\/2022\/09\/Districos_Logo_Webshop.svg","contentUrl":"https:\/\/districos.standingout.be\/wp-content\/uploads\/2022\/09\/Districos_Logo_Webshop.svg","caption":"Districos Webshop"},"image":{"@id":"https:\/\/districos.standingout.be\/fr\/#\/schema\/logo\/image\/"}}]}},"_links":{"self":[{"href":"https:\/\/districos.standingout.be\/fr\/wp-json\/wp\/v2\/product\/134045","targetHints":{"allow":["GET"]}}],"collection":[{"href":"https:\/\/districos.standingout.be\/fr\/wp-json\/wp\/v2\/product"}],"about":[{"href":"https:\/\/districos.standingout.be\/fr\/wp-json\/wp\/v2\/types\/product"}],"replies":[{"embeddable":true,"href":"https:\/\/districos.standingout.be\/fr\/wp-json\/wp\/v2\/comments?post=134045"}],"wp:featuredmedia":[{"embeddable":true,"href":"https:\/\/districos.standingout.be\/fr\/wp-json\/wp\/v2\/media\/143640"}],"wp:attachment":[{"href":"https:\/\/districos.standingout.be\/fr\/wp-json\/wp\/v2\/media?parent=134045"}],"wp:term":[{"taxonomy":"product_brand","embeddable":true,"href":"https:\/\/districos.standingout.be\/fr\/wp-json\/wp\/v2\/product_brand?post=134045"},{"taxonomy":"product_cat","embeddable":true,"href":"https:\/\/districos.standingout.be\/fr\/wp-json\/wp\/v2\/product_cat?post=134045"},{"taxonomy":"product_tag","embeddable":true,"href":"https:\/\/districos.standingout.be\/fr\/wp-json\/wp\/v2\/product_tag?post=134045"}],"curies":[{"name":"wp","href":"https:\/\/api.w.org\/{rel}","templated":true}]}}