{"id":134061,"date":"2026-04-28T01:59:14","date_gmt":"2026-04-27T23:59:14","guid":{"rendered":"https:\/\/webshopdistricoscom.webhosting.be\/product\/rubis-pince-a-epiler-oblique-classique-rose-ref-1801-0080\/"},"modified":"2026-04-28T01:59:18","modified_gmt":"2026-04-27T23:59:18","slug":"rubis-pince-a-epiler-oblique-classique-rose-ref-1801-0080","status":"publish","type":"product","link":"https:\/\/districos.standingout.be\/fr\/product\/rubis-pince-a-epiler-oblique-classique-rose-ref-1801-0080\/","title":{"rendered":"Rubis Pince \u00e0 Epiler Oblique Classique Rose"},"content":{"rendered":"<p >\n<p>Rubis est la r\u00e9f\u00e9rence en mati\u00e8re de pinces \u00e0 \u00e9piler. Cette marque suisse est connue dans le monde entier pour sa qualit\u00e9, sa fonctionnalit\u00e9 et sa durabilit\u00e9 in\u00e9gal\u00e9es. Chaque pince, fabriqu\u00e9e en acier inoxydable r\u00e9sistant \u00e0 la corrosion, est aiguis\u00e9e individuellement et contr\u00f4l\u00e9e avec le plus grand soin. Gr\u00e2ce \u00e0 ce savoir-faire, les pinces Rubis offrent une fiabilit\u00e9 et une pr\u00e9cision exceptionnelles. Elles peuvent \u00eatre nettoy\u00e9es et st\u00e9rilis\u00e9es sans effort, sans perte de qualit\u00e9. Choisissez Rubis et faites l&rsquo;exp\u00e9rience de la perfection suisse.<\/p>\n<p><b>Mod\u00e8le Oblique Classique&nbsp;<\/b>: Pince \u00e0 \u00e9piler de pr\u00e9cision \u00e0 m\u00e2choires inclin\u00e9es, con\u00e7ue pour \u00e9piler les sourcils. Les m\u00e2choires inclin\u00e9es suivent parfaitement la courbe naturelle du sourcil et saisissent sans effort chaque poil ind\u00e9sirable. La m\u00e2choire angulaire saisit le poil sur toute sa surface, ce qui permet de l&rsquo;enlever facilement sans le casser. Cela ralentit la repousse des poils. Le mod\u00e8le pr\u00e9f\u00e9r\u00e9 de Bobbi Brown, qui appelle cette pince \u00e0 \u00e9piler la \u00ab Ferrari des pinces \u00e0 \u00e9piler \u00bb.<\/p>\n<ul>\n<li>Fabriqu\u00e9e en acier chirurgical de la plus haute qualit\u00e9.<\/li>\n<li>La fermeture de la pointe et de la m\u00e2choire est parfaite et pr\u00e9cise.<\/li>\n<li>Fabriqu\u00e9 en Suisse.<\/li>\n<li>Coleur : Rose.<\/li>\n<\/ul>\n<p><b>Conseils d&rsquo;entretien&nbsp;<\/b>: Il est recommand\u00e9 d&rsquo;utiliser le capuchon de protection fourni pour ranger la pince \u00e0 \u00e9piler Rubis apr\u00e8s utilisation. Chaque pince \u00e0 \u00e9piler Rubis est finie \u00e0 la main et bien que la pointe soit durable, sa fonctionnalit\u00e9 peut \u00eatre affect\u00e9e si la pince \u00e0 \u00e9piler tombe accidentellement sur le sol ou sur une surface dure.<\/p>\n<p data-start=\"0\" data-end=\"247\"><b>Attention&nbsp;<\/b>: Cette pince est une version color\u00e9e, id\u00e9ale comme produit de vente. Si cette pince est r\u00e9guli\u00e8rement nettoy\u00e9e par ultrasons et\/ou d\u00e9sinfect\u00e9e avec des produits d\u00e9sinfectants professionnels, cela peut endommager son rev\u00eatement color\u00e9.<\/p>\n<p><span>Pour un usage professionnel, nous recommandons la version en acier chirurgical sans rev\u00eatement color\u00e9, disponible en finition ProGrip ou \u00c9l\u00e9gance. Ces versions sont r\u00e9sistantes \u00e0 la d\u00e9sinfection chimique, au nettoyage par ultrasons et \u00e0 la st\u00e9rilisation en autoclave.<\/span><span>&nbsp;<\/span>&nbsp;<br \/><span><b>Tous les mod\u00e8les disponibles :<\/b><\/span><\/p>\n<div>\n<ul>\n<li><span>Oblique Classique (<\/span><a href=\"https:\/\/webshop.districos.com\/search?SearchText=1801\"style=\"font-size: 10pt;\" target=\"_blank\" rel=\"noopener noreferrer nofollow\">r\u00e9f. 1801<\/a><span>)<\/span><\/li>\n<li>Pointer (<a href=\"https:\/\/webshop.districos.com\/search?SearchText=1802\" target=\"_blank\" rel=\"noopener noreferrer nofollow\">r\u00e9f. 1802<\/a>)<\/li>\n<li>Evolution (<a href=\"https:\/\/webshop.districos.com\/search?SearchText=1803\" target=\"_blank\" rel=\"noopener noreferrer nofollow\">r\u00e9f. 1803<\/a>)<\/li>\n<li>Crabe (<a href=\"https:\/\/webshop.districos.com\/search?SearchText=1805\" target=\"_blank\" rel=\"noopener noreferrer nofollow\">r\u00e9f. 1805<\/a>)<\/li>\n<\/ul>\n<\/div>\n","protected":false},"excerpt":{"rendered":"<p>Rubis est la r\u00e9f\u00e9rence en mati\u00e8re de pinces \u00e0 \u00e9piler. Cette marque suisse est connue dans le monde entier pour sa qualit\u00e9, sa fonctionnalit\u00e9 et sa durabilit\u00e9 in\u00e9gal\u00e9es. Chaque pince, fabriqu\u00e9e en acier inoxydable r\u00e9sistant \u00e0 la corrosion, est aiguis\u00e9e individuellement et contr\u00f4l\u00e9e avec le plus grand soin. Gr\u00e2ce \u00e0 ce savoir-faire, les pinces Rubis [&hellip;]<\/p>\n","protected":false},"featured_media":143718,"comment_status":"open","ping_status":"closed","template":"","meta":{"_acf_changed":false},"product_brand":[10534],"product_cat":[9972,9864,10168,9970,9920,10614,10166,10616],"product_tag":[],"class_list":{"0":"post-134061","1":"product","2":"type-product","3":"status-publish","4":"has-post-thumbnail","6":"product_brand-rubis-fr","7":"product_cat-beaute-materiel-pratique-accessoires","8":"product_cat-beaute-visage-accessoires","9":"product_cat-fournitures-pour-cabinet-accessoires-accessoires-visage","10":"product_cat-beaute-materiel-pratique-instruments","11":"product_cat-beaute-epilation-pinces-a-epiler","12":"product_cat-fournitures-pour-cabinet-instruments-pinces-a-epiler","13":"product_cat-fournitures-pour-cabinet-accessoires-pinces-a-epiler","14":"product_cat-fournitures-pour-cabinet-instruments-visage","16":"first","17":"instock","18":"taxable","19":"shipping-taxable","20":"product-type-simple"},"acf":[],"yoast_head":"<!-- This site is optimized with the Yoast SEO plugin v27.3 - https:\/\/yoast.com\/product\/yoast-seo-wordpress\/ -->\n<title>Rubis Pince \u00e0 Epiler Oblique Classique Rose - Districos Webshop<\/title>\n<meta name=\"robots\" content=\"noindex, follow, max-snippet:-1, max-image-preview:large, max-video-preview:-1\" \/>\n<meta property=\"og:locale\" content=\"fr_FR\" \/>\n<meta property=\"og:type\" content=\"article\" \/>\n<meta property=\"og:title\" content=\"Rubis Pince \u00e0 Epiler Oblique Classique Rose - Districos Webshop\" \/>\n<meta property=\"og:description\" content=\"Rubis est la r\u00e9f\u00e9rence en mati\u00e8re de pinces \u00e0 \u00e9piler. Cette marque suisse est connue dans le monde entier pour sa qualit\u00e9, sa fonctionnalit\u00e9 et sa durabilit\u00e9 in\u00e9gal\u00e9es. Chaque pince, fabriqu\u00e9e en acier inoxydable r\u00e9sistant \u00e0 la corrosion, est aiguis\u00e9e individuellement et contr\u00f4l\u00e9e avec le plus grand soin. Gr\u00e2ce \u00e0 ce savoir-faire, les pinces Rubis [&hellip;]\" \/>\n<meta property=\"og:url\" content=\"https:\/\/districos.standingout.be\/fr\/product\/rubis-pince-a-epiler-oblique-classique-rose-ref-1801-0080\/\" \/>\n<meta property=\"og:site_name\" content=\"Districos Webshop\" \/>\n<meta property=\"article:modified_time\" content=\"2026-04-27T23:59:18+00:00\" \/>\n<meta property=\"og:image\" content=\"https:\/\/districos.standingout.be\/wp-content\/uploads\/2026\/04\/1801.0080@Rubis-Pincet-Classic-Slant-Roze_1-2.png\" \/>\n\t<meta property=\"og:image:width\" content=\"600\" \/>\n\t<meta property=\"og:image:height\" content=\"600\" \/>\n\t<meta property=\"og:image:type\" content=\"image\/png\" \/>\n<meta name=\"twitter:card\" content=\"summary_large_image\" \/>\n<meta name=\"twitter:label1\" content=\"Dur\u00e9e de lecture estim\u00e9e\" \/>\n\t<meta name=\"twitter:data1\" content=\"2 minutes\" \/>\n<script type=\"application\/ld+json\" class=\"yoast-schema-graph\">{\"@context\":\"https:\\\/\\\/schema.org\",\"@graph\":[{\"@type\":\"WebPage\",\"@id\":\"https:\\\/\\\/districos.standingout.be\\\/fr\\\/product\\\/rubis-pince-a-epiler-oblique-classique-rose-ref-1801-0080\\\/\",\"url\":\"https:\\\/\\\/districos.standingout.be\\\/fr\\\/product\\\/rubis-pince-a-epiler-oblique-classique-rose-ref-1801-0080\\\/\",\"name\":\"Rubis Pince \u00e0 Epiler Oblique Classique Rose - Districos Webshop\",\"isPartOf\":{\"@id\":\"https:\\\/\\\/districos.standingout.be\\\/fr\\\/#website\"},\"primaryImageOfPage\":{\"@id\":\"https:\\\/\\\/districos.standingout.be\\\/fr\\\/product\\\/rubis-pince-a-epiler-oblique-classique-rose-ref-1801-0080\\\/#primaryimage\"},\"image\":{\"@id\":\"https:\\\/\\\/districos.standingout.be\\\/fr\\\/product\\\/rubis-pince-a-epiler-oblique-classique-rose-ref-1801-0080\\\/#primaryimage\"},\"thumbnailUrl\":\"https:\\\/\\\/districos.standingout.be\\\/wp-content\\\/uploads\\\/2026\\\/04\\\/1801.0080@Rubis-Pincet-Classic-Slant-Roze_1-3.png\",\"datePublished\":\"2026-04-27T23:59:14+00:00\",\"dateModified\":\"2026-04-27T23:59:18+00:00\",\"breadcrumb\":{\"@id\":\"https:\\\/\\\/districos.standingout.be\\\/fr\\\/product\\\/rubis-pince-a-epiler-oblique-classique-rose-ref-1801-0080\\\/#breadcrumb\"},\"inLanguage\":\"fr-FR\",\"potentialAction\":[{\"@type\":\"ReadAction\",\"target\":[\"https:\\\/\\\/districos.standingout.be\\\/fr\\\/product\\\/rubis-pince-a-epiler-oblique-classique-rose-ref-1801-0080\\\/\"]}]},{\"@type\":\"ImageObject\",\"inLanguage\":\"fr-FR\",\"@id\":\"https:\\\/\\\/districos.standingout.be\\\/fr\\\/product\\\/rubis-pince-a-epiler-oblique-classique-rose-ref-1801-0080\\\/#primaryimage\",\"url\":\"https:\\\/\\\/districos.standingout.be\\\/wp-content\\\/uploads\\\/2026\\\/04\\\/1801.0080@Rubis-Pincet-Classic-Slant-Roze_1-3.png\",\"contentUrl\":\"https:\\\/\\\/districos.standingout.be\\\/wp-content\\\/uploads\\\/2026\\\/04\\\/1801.0080@Rubis-Pincet-Classic-Slant-Roze_1-3.png\",\"width\":600,\"height\":600},{\"@type\":\"BreadcrumbList\",\"@id\":\"https:\\\/\\\/districos.standingout.be\\\/fr\\\/product\\\/rubis-pince-a-epiler-oblique-classique-rose-ref-1801-0080\\\/#breadcrumb\",\"itemListElement\":[{\"@type\":\"ListItem\",\"position\":1,\"name\":\"Home\",\"item\":\"https:\\\/\\\/districos.standingout.be\\\/fr\\\/bienvenue-chez-districos\\\/\"},{\"@type\":\"ListItem\",\"position\":2,\"name\":\"Boutique\",\"item\":\"https:\\\/\\\/districos.standingout.be\\\/fr\\\/boutique\\\/\"},{\"@type\":\"ListItem\",\"position\":3,\"name\":\"Rubis Pince \u00e0 Epiler Oblique Classique Rose\"}]},{\"@type\":\"WebSite\",\"@id\":\"https:\\\/\\\/districos.standingout.be\\\/fr\\\/#website\",\"url\":\"https:\\\/\\\/districos.standingout.be\\\/fr\\\/\",\"name\":\"Districos Webshop\",\"description\":\"\",\"publisher\":{\"@id\":\"https:\\\/\\\/districos.standingout.be\\\/fr\\\/#organization\"},\"potentialAction\":[{\"@type\":\"SearchAction\",\"target\":{\"@type\":\"EntryPoint\",\"urlTemplate\":\"https:\\\/\\\/districos.standingout.be\\\/fr\\\/?s={search_term_string}\"},\"query-input\":{\"@type\":\"PropertyValueSpecification\",\"valueRequired\":true,\"valueName\":\"search_term_string\"}}],\"inLanguage\":\"fr-FR\"},{\"@type\":\"Organization\",\"@id\":\"https:\\\/\\\/districos.standingout.be\\\/fr\\\/#organization\",\"name\":\"Districos Webshop\",\"url\":\"https:\\\/\\\/districos.standingout.be\\\/fr\\\/\",\"logo\":{\"@type\":\"ImageObject\",\"inLanguage\":\"fr-FR\",\"@id\":\"https:\\\/\\\/districos.standingout.be\\\/fr\\\/#\\\/schema\\\/logo\\\/image\\\/\",\"url\":\"https:\\\/\\\/districos.standingout.be\\\/wp-content\\\/uploads\\\/2022\\\/09\\\/Districos_Logo_Webshop.svg\",\"contentUrl\":\"https:\\\/\\\/districos.standingout.be\\\/wp-content\\\/uploads\\\/2022\\\/09\\\/Districos_Logo_Webshop.svg\",\"caption\":\"Districos Webshop\"},\"image\":{\"@id\":\"https:\\\/\\\/districos.standingout.be\\\/fr\\\/#\\\/schema\\\/logo\\\/image\\\/\"}}]}<\/script>\n<!-- \/ Yoast SEO plugin. -->","yoast_head_json":{"title":"Rubis Pince \u00e0 Epiler Oblique Classique Rose - Districos Webshop","robots":{"index":"noindex","follow":"follow","max-snippet":"max-snippet:-1","max-image-preview":"max-image-preview:large","max-video-preview":"max-video-preview:-1"},"og_locale":"fr_FR","og_type":"article","og_title":"Rubis Pince \u00e0 Epiler Oblique Classique Rose - Districos Webshop","og_description":"Rubis est la r\u00e9f\u00e9rence en mati\u00e8re de pinces \u00e0 \u00e9piler. Cette marque suisse est connue dans le monde entier pour sa qualit\u00e9, sa fonctionnalit\u00e9 et sa durabilit\u00e9 in\u00e9gal\u00e9es. Chaque pince, fabriqu\u00e9e en acier inoxydable r\u00e9sistant \u00e0 la corrosion, est aiguis\u00e9e individuellement et contr\u00f4l\u00e9e avec le plus grand soin. Gr\u00e2ce \u00e0 ce savoir-faire, les pinces Rubis [&hellip;]","og_url":"https:\/\/districos.standingout.be\/fr\/product\/rubis-pince-a-epiler-oblique-classique-rose-ref-1801-0080\/","og_site_name":"Districos Webshop","article_modified_time":"2026-04-27T23:59:18+00:00","og_image":[{"width":600,"height":600,"url":"https:\/\/districos.standingout.be\/wp-content\/uploads\/2026\/04\/1801.0080@Rubis-Pincet-Classic-Slant-Roze_1-2.png","type":"image\/png"}],"twitter_card":"summary_large_image","twitter_misc":{"Dur\u00e9e de lecture estim\u00e9e":"2 minutes"},"schema":{"@context":"https:\/\/schema.org","@graph":[{"@type":"WebPage","@id":"https:\/\/districos.standingout.be\/fr\/product\/rubis-pince-a-epiler-oblique-classique-rose-ref-1801-0080\/","url":"https:\/\/districos.standingout.be\/fr\/product\/rubis-pince-a-epiler-oblique-classique-rose-ref-1801-0080\/","name":"Rubis Pince \u00e0 Epiler Oblique Classique Rose - Districos Webshop","isPartOf":{"@id":"https:\/\/districos.standingout.be\/fr\/#website"},"primaryImageOfPage":{"@id":"https:\/\/districos.standingout.be\/fr\/product\/rubis-pince-a-epiler-oblique-classique-rose-ref-1801-0080\/#primaryimage"},"image":{"@id":"https:\/\/districos.standingout.be\/fr\/product\/rubis-pince-a-epiler-oblique-classique-rose-ref-1801-0080\/#primaryimage"},"thumbnailUrl":"https:\/\/districos.standingout.be\/wp-content\/uploads\/2026\/04\/1801.0080@Rubis-Pincet-Classic-Slant-Roze_1-3.png","datePublished":"2026-04-27T23:59:14+00:00","dateModified":"2026-04-27T23:59:18+00:00","breadcrumb":{"@id":"https:\/\/districos.standingout.be\/fr\/product\/rubis-pince-a-epiler-oblique-classique-rose-ref-1801-0080\/#breadcrumb"},"inLanguage":"fr-FR","potentialAction":[{"@type":"ReadAction","target":["https:\/\/districos.standingout.be\/fr\/product\/rubis-pince-a-epiler-oblique-classique-rose-ref-1801-0080\/"]}]},{"@type":"ImageObject","inLanguage":"fr-FR","@id":"https:\/\/districos.standingout.be\/fr\/product\/rubis-pince-a-epiler-oblique-classique-rose-ref-1801-0080\/#primaryimage","url":"https:\/\/districos.standingout.be\/wp-content\/uploads\/2026\/04\/1801.0080@Rubis-Pincet-Classic-Slant-Roze_1-3.png","contentUrl":"https:\/\/districos.standingout.be\/wp-content\/uploads\/2026\/04\/1801.0080@Rubis-Pincet-Classic-Slant-Roze_1-3.png","width":600,"height":600},{"@type":"BreadcrumbList","@id":"https:\/\/districos.standingout.be\/fr\/product\/rubis-pince-a-epiler-oblique-classique-rose-ref-1801-0080\/#breadcrumb","itemListElement":[{"@type":"ListItem","position":1,"name":"Home","item":"https:\/\/districos.standingout.be\/fr\/bienvenue-chez-districos\/"},{"@type":"ListItem","position":2,"name":"Boutique","item":"https:\/\/districos.standingout.be\/fr\/boutique\/"},{"@type":"ListItem","position":3,"name":"Rubis Pince \u00e0 Epiler Oblique Classique Rose"}]},{"@type":"WebSite","@id":"https:\/\/districos.standingout.be\/fr\/#website","url":"https:\/\/districos.standingout.be\/fr\/","name":"Districos Webshop","description":"","publisher":{"@id":"https:\/\/districos.standingout.be\/fr\/#organization"},"potentialAction":[{"@type":"SearchAction","target":{"@type":"EntryPoint","urlTemplate":"https:\/\/districos.standingout.be\/fr\/?s={search_term_string}"},"query-input":{"@type":"PropertyValueSpecification","valueRequired":true,"valueName":"search_term_string"}}],"inLanguage":"fr-FR"},{"@type":"Organization","@id":"https:\/\/districos.standingout.be\/fr\/#organization","name":"Districos Webshop","url":"https:\/\/districos.standingout.be\/fr\/","logo":{"@type":"ImageObject","inLanguage":"fr-FR","@id":"https:\/\/districos.standingout.be\/fr\/#\/schema\/logo\/image\/","url":"https:\/\/districos.standingout.be\/wp-content\/uploads\/2022\/09\/Districos_Logo_Webshop.svg","contentUrl":"https:\/\/districos.standingout.be\/wp-content\/uploads\/2022\/09\/Districos_Logo_Webshop.svg","caption":"Districos Webshop"},"image":{"@id":"https:\/\/districos.standingout.be\/fr\/#\/schema\/logo\/image\/"}}]}},"_links":{"self":[{"href":"https:\/\/districos.standingout.be\/fr\/wp-json\/wp\/v2\/product\/134061","targetHints":{"allow":["GET"]}}],"collection":[{"href":"https:\/\/districos.standingout.be\/fr\/wp-json\/wp\/v2\/product"}],"about":[{"href":"https:\/\/districos.standingout.be\/fr\/wp-json\/wp\/v2\/types\/product"}],"replies":[{"embeddable":true,"href":"https:\/\/districos.standingout.be\/fr\/wp-json\/wp\/v2\/comments?post=134061"}],"wp:featuredmedia":[{"embeddable":true,"href":"https:\/\/districos.standingout.be\/fr\/wp-json\/wp\/v2\/media\/143718"}],"wp:attachment":[{"href":"https:\/\/districos.standingout.be\/fr\/wp-json\/wp\/v2\/media?parent=134061"}],"wp:term":[{"taxonomy":"product_brand","embeddable":true,"href":"https:\/\/districos.standingout.be\/fr\/wp-json\/wp\/v2\/product_brand?post=134061"},{"taxonomy":"product_cat","embeddable":true,"href":"https:\/\/districos.standingout.be\/fr\/wp-json\/wp\/v2\/product_cat?post=134061"},{"taxonomy":"product_tag","embeddable":true,"href":"https:\/\/districos.standingout.be\/fr\/wp-json\/wp\/v2\/product_tag?post=134061"}],"curies":[{"name":"wp","href":"https:\/\/api.w.org\/{rel}","templated":true}]}}