{"id":134095,"date":"2026-04-28T02:02:12","date_gmt":"2026-04-28T00:02:12","guid":{"rendered":"https:\/\/webshopdistricoscom.webhosting.be\/product\/rubis-repousse-cutticlec-push-and-clean-95-cm-ref-1809-01\/"},"modified":"2026-04-28T02:02:17","modified_gmt":"2026-04-28T00:02:17","slug":"rubis-repousse-cutticlec-push-and-clean-95-cm-ref-1809-01","status":"publish","type":"product","link":"https:\/\/districos.standingout.be\/fr\/product\/rubis-repousse-cutticlec-push-and-clean-95-cm-ref-1809-01\/","title":{"rendered":"Rubis Repousse Cutticlec Push and Clean 9,5 cm"},"content":{"rendered":"<p >\n<\/p>\n<\/p>\n<\/p>\n<\/p>\n<\/p>\n<\/p>\n<\/p>\n<p>Rubis, la r\u00e9f\u00e9rence en mati\u00e8re de pinces \u00e0 \u00e9piler, propose d\u00e9sormais \u00e9galement ce repousse-cuticules<b> Push and Clean<\/b>, un outil haut de gamme pour la manucure. Cette marque suisse est mondialement connue pour sa qualit\u00e9, sa fonctionnalit\u00e9 et sa durabilit\u00e9 in\u00e9gal\u00e9es. Le Push and Clean est fabriqu\u00e9 en acier inoxydable et est aff\u00fbt\u00e9 et contr\u00f4l\u00e9 individuellement avec le plus grand soin. Gr\u00e2ce \u00e0 ce savoir-faire, ce repousse-cuticules offre \u00e9galement une fiabilit\u00e9 et une pr\u00e9cision exceptionnelles. Le Push and Clean peut \u00eatre nettoy\u00e9 et st\u00e9rilis\u00e9 sans effort, sans perte de qualit\u00e9. Choisissez Rubis et d\u00e9couvrez la perfection suisse.<\/p>\n<p><b><u>Caract\u00e9ristiques :<\/u><\/b><\/p>\n<p>Ce repousse-cuticules dispose d&rsquo;un design 3 en 1 extr\u00eamement intelligent : utilisez le c\u00f4t\u00e9 arrondi pour repousser doucement les cuticules, l&rsquo;extr\u00e9mit\u00e9 en forme de fl\u00e8che pour nettoyer les bords de l&rsquo;ongle et l&rsquo;extr\u00e9mit\u00e9 pointue pour nettoyer les coins.<\/p>\n<ul>\n<li>Fabriqu\u00e9 en acier chirurgical de la plus haute qualit\u00e9.<\/li>\n<li>Conception 3 en 1<\/li>\n<li>Convient \u00e0 la d\u00e9sinfection et \u00e0 la st\u00e9rilisation (chimique et en autoclave).<\/li>\n<li>Fabriqu\u00e9 en Suisse<\/li>\n<\/ul>\n<div><\/div><\/p>\n","protected":false},"excerpt":{"rendered":"<p>Rubis, la r\u00e9f\u00e9rence en mati\u00e8re de pinces \u00e0 \u00e9piler, propose d\u00e9sormais \u00e9galement ce repousse-cuticules Push and Clean, un outil haut de gamme pour la manucure. Cette marque suisse est mondialement connue pour sa qualit\u00e9, sa fonctionnalit\u00e9 et sa durabilit\u00e9 in\u00e9gal\u00e9es. Le Push and Clean est fabriqu\u00e9 en acier inoxydable et est aff\u00fbt\u00e9 et contr\u00f4l\u00e9 individuellement [&hellip;]<\/p>\n","protected":false},"featured_media":143895,"comment_status":"open","ping_status":"closed","template":"","meta":{"_acf_changed":false},"product_brand":[10534],"product_cat":[10172,9896,9900,10614,9898],"product_tag":[],"class_list":{"0":"post-134095","1":"product","2":"type-product","3":"status-publish","4":"has-post-thumbnail","6":"product_brand-rubis-fr","7":"product_cat-fournitures-pour-cabinet-accessoires-accessoires-manucure","8":"product_cat-beaute-manucure-ongles-gel-gel-polish","9":"product_cat-beaute-manucure-ongles-instruments","10":"product_cat-fournitures-pour-cabinet-instruments-pinces-a-epiler","11":"product_cat-beaute-manucure-ongles-vernis-a-ongles","13":"first","14":"instock","15":"taxable","16":"shipping-taxable","17":"product-type-simple"},"acf":[],"yoast_head":"<!-- This site is optimized with the Yoast SEO plugin v27.3 - https:\/\/yoast.com\/product\/yoast-seo-wordpress\/ -->\n<title>Rubis Repousse Cutticlec Push and Clean 9,5 cm - Districos Webshop<\/title>\n<meta name=\"robots\" content=\"noindex, follow, max-snippet:-1, max-image-preview:large, max-video-preview:-1\" \/>\n<meta property=\"og:locale\" content=\"fr_FR\" \/>\n<meta property=\"og:type\" content=\"article\" \/>\n<meta property=\"og:title\" content=\"Rubis Repousse Cutticlec Push and Clean 9,5 cm - Districos Webshop\" \/>\n<meta property=\"og:description\" content=\"Rubis, la r\u00e9f\u00e9rence en mati\u00e8re de pinces \u00e0 \u00e9piler, propose d\u00e9sormais \u00e9galement ce repousse-cuticules Push and Clean, un outil haut de gamme pour la manucure. Cette marque suisse est mondialement connue pour sa qualit\u00e9, sa fonctionnalit\u00e9 et sa durabilit\u00e9 in\u00e9gal\u00e9es. Le Push and Clean est fabriqu\u00e9 en acier inoxydable et est aff\u00fbt\u00e9 et contr\u00f4l\u00e9 individuellement [&hellip;]\" \/>\n<meta property=\"og:url\" content=\"https:\/\/districos.standingout.be\/fr\/product\/rubis-repousse-cutticlec-push-and-clean-95-cm-ref-1809-01\/\" \/>\n<meta property=\"og:site_name\" content=\"Districos Webshop\" \/>\n<meta property=\"article:modified_time\" content=\"2026-04-28T00:02:17+00:00\" \/>\n<meta property=\"og:image\" content=\"https:\/\/districos.standingout.be\/wp-content\/uploads\/2026\/04\/1809.01@Rubis-Nagelriemduwer-Push-and-Clean-95-cm_1-2.png\" \/>\n\t<meta property=\"og:image:width\" content=\"600\" \/>\n\t<meta property=\"og:image:height\" content=\"600\" \/>\n\t<meta property=\"og:image:type\" content=\"image\/png\" \/>\n<meta name=\"twitter:card\" content=\"summary_large_image\" \/>\n<meta name=\"twitter:label1\" content=\"Dur\u00e9e de lecture estim\u00e9e\" \/>\n\t<meta name=\"twitter:data1\" content=\"1 minute\" \/>\n<script type=\"application\/ld+json\" class=\"yoast-schema-graph\">{\"@context\":\"https:\\\/\\\/schema.org\",\"@graph\":[{\"@type\":\"WebPage\",\"@id\":\"https:\\\/\\\/districos.standingout.be\\\/fr\\\/product\\\/rubis-repousse-cutticlec-push-and-clean-95-cm-ref-1809-01\\\/\",\"url\":\"https:\\\/\\\/districos.standingout.be\\\/fr\\\/product\\\/rubis-repousse-cutticlec-push-and-clean-95-cm-ref-1809-01\\\/\",\"name\":\"Rubis Repousse Cutticlec Push and Clean 9,5 cm - Districos Webshop\",\"isPartOf\":{\"@id\":\"https:\\\/\\\/districos.standingout.be\\\/fr\\\/#website\"},\"primaryImageOfPage\":{\"@id\":\"https:\\\/\\\/districos.standingout.be\\\/fr\\\/product\\\/rubis-repousse-cutticlec-push-and-clean-95-cm-ref-1809-01\\\/#primaryimage\"},\"image\":{\"@id\":\"https:\\\/\\\/districos.standingout.be\\\/fr\\\/product\\\/rubis-repousse-cutticlec-push-and-clean-95-cm-ref-1809-01\\\/#primaryimage\"},\"thumbnailUrl\":\"https:\\\/\\\/districos.standingout.be\\\/wp-content\\\/uploads\\\/2026\\\/04\\\/1809.01@Rubis-Nagelriemduwer-Push-and-Clean-95-cm_1-3.png\",\"datePublished\":\"2026-04-28T00:02:12+00:00\",\"dateModified\":\"2026-04-28T00:02:17+00:00\",\"breadcrumb\":{\"@id\":\"https:\\\/\\\/districos.standingout.be\\\/fr\\\/product\\\/rubis-repousse-cutticlec-push-and-clean-95-cm-ref-1809-01\\\/#breadcrumb\"},\"inLanguage\":\"fr-FR\",\"potentialAction\":[{\"@type\":\"ReadAction\",\"target\":[\"https:\\\/\\\/districos.standingout.be\\\/fr\\\/product\\\/rubis-repousse-cutticlec-push-and-clean-95-cm-ref-1809-01\\\/\"]}]},{\"@type\":\"ImageObject\",\"inLanguage\":\"fr-FR\",\"@id\":\"https:\\\/\\\/districos.standingout.be\\\/fr\\\/product\\\/rubis-repousse-cutticlec-push-and-clean-95-cm-ref-1809-01\\\/#primaryimage\",\"url\":\"https:\\\/\\\/districos.standingout.be\\\/wp-content\\\/uploads\\\/2026\\\/04\\\/1809.01@Rubis-Nagelriemduwer-Push-and-Clean-95-cm_1-3.png\",\"contentUrl\":\"https:\\\/\\\/districos.standingout.be\\\/wp-content\\\/uploads\\\/2026\\\/04\\\/1809.01@Rubis-Nagelriemduwer-Push-and-Clean-95-cm_1-3.png\",\"width\":600,\"height\":600},{\"@type\":\"BreadcrumbList\",\"@id\":\"https:\\\/\\\/districos.standingout.be\\\/fr\\\/product\\\/rubis-repousse-cutticlec-push-and-clean-95-cm-ref-1809-01\\\/#breadcrumb\",\"itemListElement\":[{\"@type\":\"ListItem\",\"position\":1,\"name\":\"Home\",\"item\":\"https:\\\/\\\/districos.standingout.be\\\/fr\\\/bienvenue-chez-districos\\\/\"},{\"@type\":\"ListItem\",\"position\":2,\"name\":\"Boutique\",\"item\":\"https:\\\/\\\/districos.standingout.be\\\/fr\\\/boutique\\\/\"},{\"@type\":\"ListItem\",\"position\":3,\"name\":\"Rubis Repousse Cutticlec Push and Clean 9,5 cm\"}]},{\"@type\":\"WebSite\",\"@id\":\"https:\\\/\\\/districos.standingout.be\\\/fr\\\/#website\",\"url\":\"https:\\\/\\\/districos.standingout.be\\\/fr\\\/\",\"name\":\"Districos Webshop\",\"description\":\"\",\"publisher\":{\"@id\":\"https:\\\/\\\/districos.standingout.be\\\/fr\\\/#organization\"},\"potentialAction\":[{\"@type\":\"SearchAction\",\"target\":{\"@type\":\"EntryPoint\",\"urlTemplate\":\"https:\\\/\\\/districos.standingout.be\\\/fr\\\/?s={search_term_string}\"},\"query-input\":{\"@type\":\"PropertyValueSpecification\",\"valueRequired\":true,\"valueName\":\"search_term_string\"}}],\"inLanguage\":\"fr-FR\"},{\"@type\":\"Organization\",\"@id\":\"https:\\\/\\\/districos.standingout.be\\\/fr\\\/#organization\",\"name\":\"Districos Webshop\",\"url\":\"https:\\\/\\\/districos.standingout.be\\\/fr\\\/\",\"logo\":{\"@type\":\"ImageObject\",\"inLanguage\":\"fr-FR\",\"@id\":\"https:\\\/\\\/districos.standingout.be\\\/fr\\\/#\\\/schema\\\/logo\\\/image\\\/\",\"url\":\"https:\\\/\\\/districos.standingout.be\\\/wp-content\\\/uploads\\\/2022\\\/09\\\/Districos_Logo_Webshop.svg\",\"contentUrl\":\"https:\\\/\\\/districos.standingout.be\\\/wp-content\\\/uploads\\\/2022\\\/09\\\/Districos_Logo_Webshop.svg\",\"caption\":\"Districos Webshop\"},\"image\":{\"@id\":\"https:\\\/\\\/districos.standingout.be\\\/fr\\\/#\\\/schema\\\/logo\\\/image\\\/\"}}]}<\/script>\n<!-- \/ Yoast SEO plugin. -->","yoast_head_json":{"title":"Rubis Repousse Cutticlec Push and Clean 9,5 cm - Districos Webshop","robots":{"index":"noindex","follow":"follow","max-snippet":"max-snippet:-1","max-image-preview":"max-image-preview:large","max-video-preview":"max-video-preview:-1"},"og_locale":"fr_FR","og_type":"article","og_title":"Rubis Repousse Cutticlec Push and Clean 9,5 cm - Districos Webshop","og_description":"Rubis, la r\u00e9f\u00e9rence en mati\u00e8re de pinces \u00e0 \u00e9piler, propose d\u00e9sormais \u00e9galement ce repousse-cuticules Push and Clean, un outil haut de gamme pour la manucure. Cette marque suisse est mondialement connue pour sa qualit\u00e9, sa fonctionnalit\u00e9 et sa durabilit\u00e9 in\u00e9gal\u00e9es. Le Push and Clean est fabriqu\u00e9 en acier inoxydable et est aff\u00fbt\u00e9 et contr\u00f4l\u00e9 individuellement [&hellip;]","og_url":"https:\/\/districos.standingout.be\/fr\/product\/rubis-repousse-cutticlec-push-and-clean-95-cm-ref-1809-01\/","og_site_name":"Districos Webshop","article_modified_time":"2026-04-28T00:02:17+00:00","og_image":[{"width":600,"height":600,"url":"https:\/\/districos.standingout.be\/wp-content\/uploads\/2026\/04\/1809.01@Rubis-Nagelriemduwer-Push-and-Clean-95-cm_1-2.png","type":"image\/png"}],"twitter_card":"summary_large_image","twitter_misc":{"Dur\u00e9e de lecture estim\u00e9e":"1 minute"},"schema":{"@context":"https:\/\/schema.org","@graph":[{"@type":"WebPage","@id":"https:\/\/districos.standingout.be\/fr\/product\/rubis-repousse-cutticlec-push-and-clean-95-cm-ref-1809-01\/","url":"https:\/\/districos.standingout.be\/fr\/product\/rubis-repousse-cutticlec-push-and-clean-95-cm-ref-1809-01\/","name":"Rubis Repousse Cutticlec Push and Clean 9,5 cm - Districos Webshop","isPartOf":{"@id":"https:\/\/districos.standingout.be\/fr\/#website"},"primaryImageOfPage":{"@id":"https:\/\/districos.standingout.be\/fr\/product\/rubis-repousse-cutticlec-push-and-clean-95-cm-ref-1809-01\/#primaryimage"},"image":{"@id":"https:\/\/districos.standingout.be\/fr\/product\/rubis-repousse-cutticlec-push-and-clean-95-cm-ref-1809-01\/#primaryimage"},"thumbnailUrl":"https:\/\/districos.standingout.be\/wp-content\/uploads\/2026\/04\/1809.01@Rubis-Nagelriemduwer-Push-and-Clean-95-cm_1-3.png","datePublished":"2026-04-28T00:02:12+00:00","dateModified":"2026-04-28T00:02:17+00:00","breadcrumb":{"@id":"https:\/\/districos.standingout.be\/fr\/product\/rubis-repousse-cutticlec-push-and-clean-95-cm-ref-1809-01\/#breadcrumb"},"inLanguage":"fr-FR","potentialAction":[{"@type":"ReadAction","target":["https:\/\/districos.standingout.be\/fr\/product\/rubis-repousse-cutticlec-push-and-clean-95-cm-ref-1809-01\/"]}]},{"@type":"ImageObject","inLanguage":"fr-FR","@id":"https:\/\/districos.standingout.be\/fr\/product\/rubis-repousse-cutticlec-push-and-clean-95-cm-ref-1809-01\/#primaryimage","url":"https:\/\/districos.standingout.be\/wp-content\/uploads\/2026\/04\/1809.01@Rubis-Nagelriemduwer-Push-and-Clean-95-cm_1-3.png","contentUrl":"https:\/\/districos.standingout.be\/wp-content\/uploads\/2026\/04\/1809.01@Rubis-Nagelriemduwer-Push-and-Clean-95-cm_1-3.png","width":600,"height":600},{"@type":"BreadcrumbList","@id":"https:\/\/districos.standingout.be\/fr\/product\/rubis-repousse-cutticlec-push-and-clean-95-cm-ref-1809-01\/#breadcrumb","itemListElement":[{"@type":"ListItem","position":1,"name":"Home","item":"https:\/\/districos.standingout.be\/fr\/bienvenue-chez-districos\/"},{"@type":"ListItem","position":2,"name":"Boutique","item":"https:\/\/districos.standingout.be\/fr\/boutique\/"},{"@type":"ListItem","position":3,"name":"Rubis Repousse Cutticlec Push and Clean 9,5 cm"}]},{"@type":"WebSite","@id":"https:\/\/districos.standingout.be\/fr\/#website","url":"https:\/\/districos.standingout.be\/fr\/","name":"Districos Webshop","description":"","publisher":{"@id":"https:\/\/districos.standingout.be\/fr\/#organization"},"potentialAction":[{"@type":"SearchAction","target":{"@type":"EntryPoint","urlTemplate":"https:\/\/districos.standingout.be\/fr\/?s={search_term_string}"},"query-input":{"@type":"PropertyValueSpecification","valueRequired":true,"valueName":"search_term_string"}}],"inLanguage":"fr-FR"},{"@type":"Organization","@id":"https:\/\/districos.standingout.be\/fr\/#organization","name":"Districos Webshop","url":"https:\/\/districos.standingout.be\/fr\/","logo":{"@type":"ImageObject","inLanguage":"fr-FR","@id":"https:\/\/districos.standingout.be\/fr\/#\/schema\/logo\/image\/","url":"https:\/\/districos.standingout.be\/wp-content\/uploads\/2022\/09\/Districos_Logo_Webshop.svg","contentUrl":"https:\/\/districos.standingout.be\/wp-content\/uploads\/2022\/09\/Districos_Logo_Webshop.svg","caption":"Districos Webshop"},"image":{"@id":"https:\/\/districos.standingout.be\/fr\/#\/schema\/logo\/image\/"}}]}},"_links":{"self":[{"href":"https:\/\/districos.standingout.be\/fr\/wp-json\/wp\/v2\/product\/134095","targetHints":{"allow":["GET"]}}],"collection":[{"href":"https:\/\/districos.standingout.be\/fr\/wp-json\/wp\/v2\/product"}],"about":[{"href":"https:\/\/districos.standingout.be\/fr\/wp-json\/wp\/v2\/types\/product"}],"replies":[{"embeddable":true,"href":"https:\/\/districos.standingout.be\/fr\/wp-json\/wp\/v2\/comments?post=134095"}],"wp:featuredmedia":[{"embeddable":true,"href":"https:\/\/districos.standingout.be\/fr\/wp-json\/wp\/v2\/media\/143895"}],"wp:attachment":[{"href":"https:\/\/districos.standingout.be\/fr\/wp-json\/wp\/v2\/media?parent=134095"}],"wp:term":[{"taxonomy":"product_brand","embeddable":true,"href":"https:\/\/districos.standingout.be\/fr\/wp-json\/wp\/v2\/product_brand?post=134095"},{"taxonomy":"product_cat","embeddable":true,"href":"https:\/\/districos.standingout.be\/fr\/wp-json\/wp\/v2\/product_cat?post=134095"},{"taxonomy":"product_tag","embeddable":true,"href":"https:\/\/districos.standingout.be\/fr\/wp-json\/wp\/v2\/product_tag?post=134095"}],"curies":[{"name":"wp","href":"https:\/\/api.w.org\/{rel}","templated":true}]}}