{"id":134099,"date":"2026-04-28T02:02:28","date_gmt":"2026-04-28T00:02:28","guid":{"rendered":"https:\/\/webshopdistricoscom.webhosting.be\/product\/presentoir-rubis-rempli-red-passion-12-pc-ref-1810-002\/"},"modified":"2026-04-28T02:02:30","modified_gmt":"2026-04-28T00:02:30","slug":"presentoir-rubis-rempli-red-passion-12-pc-ref-1810-002","status":"publish","type":"product","link":"https:\/\/districos.standingout.be\/fr\/product\/presentoir-rubis-rempli-red-passion-12-pc-ref-1810-002\/","title":{"rendered":"Pr\u00e9sentoir Rubis Rempli Red Passion 12 pc."},"content":{"rendered":"<p >\n<\/p>\n<\/p>\n<\/p>\n<\/p>\n<\/p>\n<\/p>\n<\/p>\n<\/p>\n<\/p>\n<\/p>\n<\/p>\n<\/p>\n<p>Pr\u00e9sentoir avec 12 pincettes Rubis RED PASSION Limited Edition.<\/p>\n<p>La pr\u00e9cision Rubis, envelopp\u00e9e de pure s\u00e9duction. Cette pincette exclusive allie la perfection suisse \u00e0 une touche ludique : un int\u00e9rieur rouge s\u00e9duisant qui fait un clin d&rsquo;\u0153il \u00e0 la passion et \u00e0 la f\u00e9minit\u00e9.<\/p>\n<p>Pour celles qui osent flirter avec la perfection \u2013 et avec leurs sourcils.<\/p>\n<p><b>Contenu :<\/b><\/p>\n<ul>\n<li>6 x pincettes Rubis Classic Slant Elegance Red Passion (<a href=\"https:\/\/webshop.districos.com\/ProductDetail\/1801.3500\" target=\"_blank\" rel=\"noopener noreferrer nofollow\">r\u00e9f. 1801.3500<\/a>)<\/li>\n<li>6 x pincettes Rubis Classic Slant Red Passion (<a href=\"https:\/\/webshop.districos.com\/ProductDetail\/1801.4500\" target=\"_blank\" rel=\"noopener noreferrer nofollow\">r\u00e9f. 1801.4500<\/a>)<\/li>\n<li>1 x pr\u00e9sentoir Rubis vide en carton<\/li>\n<\/ul>\n<p>Valeur totale de vente : 474 \u20ac (39,50 \u20ac \/ pince \u00e0 \u00e9piler)<\/p>\n<p>Rubis est la r\u00e9f\u00e9rence en mati\u00e8re de pinces \u00e0 \u00e9piler. Cette marque suisse est mondialement connue pour sa qualit\u00e9, sa fonctionnalit\u00e9 et sa durabilit\u00e9 in\u00e9gal\u00e9es. Chaque pince \u00e0 \u00e9piler, fabriqu\u00e9e en acier inoxydable r\u00e9sistant \u00e0 la corrosion, est aff\u00fbt\u00e9e et contr\u00f4l\u00e9e individuellement avec le plus grand soin. Gr\u00e2ce \u00e0 ce savoir-faire, les pinces \u00e0 \u00e9piler Rubis offrent une fiabilit\u00e9 et une pr\u00e9cision exceptionnelles. Elles peuvent \u00eatre nettoy\u00e9es et st\u00e9rilis\u00e9es sans effort, sans perte de qualit\u00e9. Choisissez Rubis et d\u00e9couvrez la perfection suisse.<\/p>\n<p><b>Mod\u00e8le Classic<\/b> : pince \u00e0 \u00e9piler de pr\u00e9cision \u00e0 bec oblique con\u00e7ue pour l&rsquo;\u00e9pilation des sourcils. La pointe biseaut\u00e9e \u00e9pouse parfaitement la courbe naturelle du sourcil et saisit sans effort chaque poil ind\u00e9sirable. La pointe biseaut\u00e9e saisit le poil sur toute sa surface, ce qui permet de l&rsquo;\u00e9liminer facilement sans le casser. Cela ralentit la repousse du poil. C&rsquo;est le mod\u00e8le pr\u00e9f\u00e9r\u00e9 de Bobbi Brown, qui qualifie cette pince \u00e0 \u00e9piler de \u00ab Ferrari des pinces \u00e0 \u00e9piler \u00bb.<\/p>\n<ul>\n<li>Fabriqu\u00e9 en acier chirurgical de la plus haute qualit\u00e9 avec rev\u00eatement color\u00e9.<\/li>\n<li>La pointe\/l&#8217;embout se ferme parfaitement et avec pr\u00e9cision.<\/li>\n<li>Fabriqu\u00e9 en Suisse.<\/li>\n<li>Pr\u00e9sentoir avec m\u00e9lange de couleurs.<\/li>\n<\/ul>\n<p><b>Instructions d&rsquo;entretien<\/b> : il est recommand\u00e9 d&rsquo;utiliser le capuchon de protection fourni pour ranger votre pince Rubis apr\u00e8s utilisation. Chaque pince Rubis est finie \u00e0 la main et, bien que la pointe soit durable, sa fonctionnalit\u00e9 peut \u00eatre compromise si la pince tombe accidentellement sur le sol ou sur une surface dure.<\/p>\n<\/p>\n<p><b>Attention<\/b> : cette pince \u00e0 \u00e9piler est une version color\u00e9e, id\u00e9ale comme produit de vente. Si cette pince \u00e0 \u00e9piler est r\u00e9guli\u00e8rement nettoy\u00e9e par ultrasons et\/ou d\u00e9sinfect\u00e9e avec des produits d\u00e9sinfectants professionnels, cela peut endommager le rev\u00eatement color\u00e9 de la pince. Pour un usage professionnel, nous recommandons la version en acier chirurgical sans rev\u00eatement color\u00e9, disponible en version ProGrip ou Elegance. Ces pinces r\u00e9sistent \u00e0 la d\u00e9sinfection chimique, au nettoyage par ultrasons et \u00e0 l&rsquo;autoclavage.<\/p>\n<p><\/p>\n<p><\/p><\/p>\n","protected":false},"excerpt":{"rendered":"<p>Pr\u00e9sentoir avec 12 pincettes Rubis RED PASSION Limited Edition. La pr\u00e9cision Rubis, envelopp\u00e9e de pure s\u00e9duction. Cette pincette exclusive allie la perfection suisse \u00e0 une touche ludique : un int\u00e9rieur rouge s\u00e9duisant qui fait un clin d&rsquo;\u0153il \u00e0 la passion et \u00e0 la f\u00e9minit\u00e9. Pour celles qui osent flirter avec la perfection \u2013 et avec [&hellip;]<\/p>\n","protected":false},"featured_media":143925,"comment_status":"open","ping_status":"closed","template":"","meta":{"_acf_changed":false},"product_brand":[10534],"product_cat":[9972,9864,10168,9970,10614,10166,10616],"product_tag":[],"class_list":{"0":"post-134099","1":"product","2":"type-product","3":"status-publish","4":"has-post-thumbnail","6":"product_brand-rubis-fr","7":"product_cat-beaute-materiel-pratique-accessoires","8":"product_cat-beaute-visage-accessoires","9":"product_cat-fournitures-pour-cabinet-accessoires-accessoires-visage","10":"product_cat-beaute-materiel-pratique-instruments","11":"product_cat-fournitures-pour-cabinet-instruments-pinces-a-epiler","12":"product_cat-fournitures-pour-cabinet-accessoires-pinces-a-epiler","13":"product_cat-fournitures-pour-cabinet-instruments-visage","15":"first","16":"instock","17":"taxable","18":"shipping-taxable","19":"product-type-simple"},"acf":[],"yoast_head":"<!-- This site is optimized with the Yoast SEO plugin v27.3 - https:\/\/yoast.com\/product\/yoast-seo-wordpress\/ -->\n<title>Pr\u00e9sentoir Rubis Rempli Red Passion 12 pc. - Districos Webshop<\/title>\n<meta name=\"robots\" content=\"noindex, follow, max-snippet:-1, max-image-preview:large, max-video-preview:-1\" \/>\n<meta property=\"og:locale\" content=\"fr_FR\" \/>\n<meta property=\"og:type\" content=\"article\" \/>\n<meta property=\"og:title\" content=\"Pr\u00e9sentoir Rubis Rempli Red Passion 12 pc. - Districos Webshop\" \/>\n<meta property=\"og:description\" content=\"Pr\u00e9sentoir avec 12 pincettes Rubis RED PASSION Limited Edition. La pr\u00e9cision Rubis, envelopp\u00e9e de pure s\u00e9duction. Cette pincette exclusive allie la perfection suisse \u00e0 une touche ludique : un int\u00e9rieur rouge s\u00e9duisant qui fait un clin d&rsquo;\u0153il \u00e0 la passion et \u00e0 la f\u00e9minit\u00e9. Pour celles qui osent flirter avec la perfection \u2013 et avec [&hellip;]\" \/>\n<meta property=\"og:url\" content=\"https:\/\/districos.standingout.be\/fr\/product\/presentoir-rubis-rempli-red-passion-12-pc-ref-1810-002\/\" \/>\n<meta property=\"og:site_name\" content=\"Districos Webshop\" \/>\n<meta property=\"article:modified_time\" content=\"2026-04-28T00:02:30+00:00\" \/>\n<meta property=\"og:image\" content=\"https:\/\/districos.standingout.be\/wp-content\/uploads\/2026\/04\/1810.002@Display-Rubis-Gevuld-Red-Passion-12-st._1-2.png\" \/>\n\t<meta property=\"og:image:width\" content=\"600\" \/>\n\t<meta property=\"og:image:height\" content=\"600\" \/>\n\t<meta property=\"og:image:type\" content=\"image\/png\" \/>\n<meta name=\"twitter:card\" content=\"summary_large_image\" \/>\n<meta name=\"twitter:label1\" content=\"Dur\u00e9e de lecture estim\u00e9e\" \/>\n\t<meta name=\"twitter:data1\" content=\"2 minutes\" \/>\n<script type=\"application\/ld+json\" class=\"yoast-schema-graph\">{\"@context\":\"https:\\\/\\\/schema.org\",\"@graph\":[{\"@type\":\"WebPage\",\"@id\":\"https:\\\/\\\/districos.standingout.be\\\/fr\\\/product\\\/presentoir-rubis-rempli-red-passion-12-pc-ref-1810-002\\\/\",\"url\":\"https:\\\/\\\/districos.standingout.be\\\/fr\\\/product\\\/presentoir-rubis-rempli-red-passion-12-pc-ref-1810-002\\\/\",\"name\":\"Pr\u00e9sentoir Rubis Rempli Red Passion 12 pc. - Districos Webshop\",\"isPartOf\":{\"@id\":\"https:\\\/\\\/districos.standingout.be\\\/fr\\\/#website\"},\"primaryImageOfPage\":{\"@id\":\"https:\\\/\\\/districos.standingout.be\\\/fr\\\/product\\\/presentoir-rubis-rempli-red-passion-12-pc-ref-1810-002\\\/#primaryimage\"},\"image\":{\"@id\":\"https:\\\/\\\/districos.standingout.be\\\/fr\\\/product\\\/presentoir-rubis-rempli-red-passion-12-pc-ref-1810-002\\\/#primaryimage\"},\"thumbnailUrl\":\"https:\\\/\\\/districos.standingout.be\\\/wp-content\\\/uploads\\\/2026\\\/04\\\/1810.002@Display-Rubis-Gevuld-Red-Passion-12-st._1-3.png\",\"datePublished\":\"2026-04-28T00:02:28+00:00\",\"dateModified\":\"2026-04-28T00:02:30+00:00\",\"breadcrumb\":{\"@id\":\"https:\\\/\\\/districos.standingout.be\\\/fr\\\/product\\\/presentoir-rubis-rempli-red-passion-12-pc-ref-1810-002\\\/#breadcrumb\"},\"inLanguage\":\"fr-FR\",\"potentialAction\":[{\"@type\":\"ReadAction\",\"target\":[\"https:\\\/\\\/districos.standingout.be\\\/fr\\\/product\\\/presentoir-rubis-rempli-red-passion-12-pc-ref-1810-002\\\/\"]}]},{\"@type\":\"ImageObject\",\"inLanguage\":\"fr-FR\",\"@id\":\"https:\\\/\\\/districos.standingout.be\\\/fr\\\/product\\\/presentoir-rubis-rempli-red-passion-12-pc-ref-1810-002\\\/#primaryimage\",\"url\":\"https:\\\/\\\/districos.standingout.be\\\/wp-content\\\/uploads\\\/2026\\\/04\\\/1810.002@Display-Rubis-Gevuld-Red-Passion-12-st._1-3.png\",\"contentUrl\":\"https:\\\/\\\/districos.standingout.be\\\/wp-content\\\/uploads\\\/2026\\\/04\\\/1810.002@Display-Rubis-Gevuld-Red-Passion-12-st._1-3.png\",\"width\":600,\"height\":600},{\"@type\":\"BreadcrumbList\",\"@id\":\"https:\\\/\\\/districos.standingout.be\\\/fr\\\/product\\\/presentoir-rubis-rempli-red-passion-12-pc-ref-1810-002\\\/#breadcrumb\",\"itemListElement\":[{\"@type\":\"ListItem\",\"position\":1,\"name\":\"Home\",\"item\":\"https:\\\/\\\/districos.standingout.be\\\/fr\\\/bienvenue-chez-districos\\\/\"},{\"@type\":\"ListItem\",\"position\":2,\"name\":\"Boutique\",\"item\":\"https:\\\/\\\/districos.standingout.be\\\/fr\\\/boutique\\\/\"},{\"@type\":\"ListItem\",\"position\":3,\"name\":\"Pr\u00e9sentoir Rubis Rempli Red Passion 12 pc.\"}]},{\"@type\":\"WebSite\",\"@id\":\"https:\\\/\\\/districos.standingout.be\\\/fr\\\/#website\",\"url\":\"https:\\\/\\\/districos.standingout.be\\\/fr\\\/\",\"name\":\"Districos Webshop\",\"description\":\"\",\"publisher\":{\"@id\":\"https:\\\/\\\/districos.standingout.be\\\/fr\\\/#organization\"},\"potentialAction\":[{\"@type\":\"SearchAction\",\"target\":{\"@type\":\"EntryPoint\",\"urlTemplate\":\"https:\\\/\\\/districos.standingout.be\\\/fr\\\/?s={search_term_string}\"},\"query-input\":{\"@type\":\"PropertyValueSpecification\",\"valueRequired\":true,\"valueName\":\"search_term_string\"}}],\"inLanguage\":\"fr-FR\"},{\"@type\":\"Organization\",\"@id\":\"https:\\\/\\\/districos.standingout.be\\\/fr\\\/#organization\",\"name\":\"Districos Webshop\",\"url\":\"https:\\\/\\\/districos.standingout.be\\\/fr\\\/\",\"logo\":{\"@type\":\"ImageObject\",\"inLanguage\":\"fr-FR\",\"@id\":\"https:\\\/\\\/districos.standingout.be\\\/fr\\\/#\\\/schema\\\/logo\\\/image\\\/\",\"url\":\"https:\\\/\\\/districos.standingout.be\\\/wp-content\\\/uploads\\\/2022\\\/09\\\/Districos_Logo_Webshop.svg\",\"contentUrl\":\"https:\\\/\\\/districos.standingout.be\\\/wp-content\\\/uploads\\\/2022\\\/09\\\/Districos_Logo_Webshop.svg\",\"caption\":\"Districos Webshop\"},\"image\":{\"@id\":\"https:\\\/\\\/districos.standingout.be\\\/fr\\\/#\\\/schema\\\/logo\\\/image\\\/\"}}]}<\/script>\n<!-- \/ Yoast SEO plugin. -->","yoast_head_json":{"title":"Pr\u00e9sentoir Rubis Rempli Red Passion 12 pc. - Districos Webshop","robots":{"index":"noindex","follow":"follow","max-snippet":"max-snippet:-1","max-image-preview":"max-image-preview:large","max-video-preview":"max-video-preview:-1"},"og_locale":"fr_FR","og_type":"article","og_title":"Pr\u00e9sentoir Rubis Rempli Red Passion 12 pc. - Districos Webshop","og_description":"Pr\u00e9sentoir avec 12 pincettes Rubis RED PASSION Limited Edition. La pr\u00e9cision Rubis, envelopp\u00e9e de pure s\u00e9duction. Cette pincette exclusive allie la perfection suisse \u00e0 une touche ludique : un int\u00e9rieur rouge s\u00e9duisant qui fait un clin d&rsquo;\u0153il \u00e0 la passion et \u00e0 la f\u00e9minit\u00e9. Pour celles qui osent flirter avec la perfection \u2013 et avec [&hellip;]","og_url":"https:\/\/districos.standingout.be\/fr\/product\/presentoir-rubis-rempli-red-passion-12-pc-ref-1810-002\/","og_site_name":"Districos Webshop","article_modified_time":"2026-04-28T00:02:30+00:00","og_image":[{"width":600,"height":600,"url":"https:\/\/districos.standingout.be\/wp-content\/uploads\/2026\/04\/1810.002@Display-Rubis-Gevuld-Red-Passion-12-st._1-2.png","type":"image\/png"}],"twitter_card":"summary_large_image","twitter_misc":{"Dur\u00e9e de lecture estim\u00e9e":"2 minutes"},"schema":{"@context":"https:\/\/schema.org","@graph":[{"@type":"WebPage","@id":"https:\/\/districos.standingout.be\/fr\/product\/presentoir-rubis-rempli-red-passion-12-pc-ref-1810-002\/","url":"https:\/\/districos.standingout.be\/fr\/product\/presentoir-rubis-rempli-red-passion-12-pc-ref-1810-002\/","name":"Pr\u00e9sentoir Rubis Rempli Red Passion 12 pc. - Districos Webshop","isPartOf":{"@id":"https:\/\/districos.standingout.be\/fr\/#website"},"primaryImageOfPage":{"@id":"https:\/\/districos.standingout.be\/fr\/product\/presentoir-rubis-rempli-red-passion-12-pc-ref-1810-002\/#primaryimage"},"image":{"@id":"https:\/\/districos.standingout.be\/fr\/product\/presentoir-rubis-rempli-red-passion-12-pc-ref-1810-002\/#primaryimage"},"thumbnailUrl":"https:\/\/districos.standingout.be\/wp-content\/uploads\/2026\/04\/1810.002@Display-Rubis-Gevuld-Red-Passion-12-st._1-3.png","datePublished":"2026-04-28T00:02:28+00:00","dateModified":"2026-04-28T00:02:30+00:00","breadcrumb":{"@id":"https:\/\/districos.standingout.be\/fr\/product\/presentoir-rubis-rempli-red-passion-12-pc-ref-1810-002\/#breadcrumb"},"inLanguage":"fr-FR","potentialAction":[{"@type":"ReadAction","target":["https:\/\/districos.standingout.be\/fr\/product\/presentoir-rubis-rempli-red-passion-12-pc-ref-1810-002\/"]}]},{"@type":"ImageObject","inLanguage":"fr-FR","@id":"https:\/\/districos.standingout.be\/fr\/product\/presentoir-rubis-rempli-red-passion-12-pc-ref-1810-002\/#primaryimage","url":"https:\/\/districos.standingout.be\/wp-content\/uploads\/2026\/04\/1810.002@Display-Rubis-Gevuld-Red-Passion-12-st._1-3.png","contentUrl":"https:\/\/districos.standingout.be\/wp-content\/uploads\/2026\/04\/1810.002@Display-Rubis-Gevuld-Red-Passion-12-st._1-3.png","width":600,"height":600},{"@type":"BreadcrumbList","@id":"https:\/\/districos.standingout.be\/fr\/product\/presentoir-rubis-rempli-red-passion-12-pc-ref-1810-002\/#breadcrumb","itemListElement":[{"@type":"ListItem","position":1,"name":"Home","item":"https:\/\/districos.standingout.be\/fr\/bienvenue-chez-districos\/"},{"@type":"ListItem","position":2,"name":"Boutique","item":"https:\/\/districos.standingout.be\/fr\/boutique\/"},{"@type":"ListItem","position":3,"name":"Pr\u00e9sentoir Rubis Rempli Red Passion 12 pc."}]},{"@type":"WebSite","@id":"https:\/\/districos.standingout.be\/fr\/#website","url":"https:\/\/districos.standingout.be\/fr\/","name":"Districos Webshop","description":"","publisher":{"@id":"https:\/\/districos.standingout.be\/fr\/#organization"},"potentialAction":[{"@type":"SearchAction","target":{"@type":"EntryPoint","urlTemplate":"https:\/\/districos.standingout.be\/fr\/?s={search_term_string}"},"query-input":{"@type":"PropertyValueSpecification","valueRequired":true,"valueName":"search_term_string"}}],"inLanguage":"fr-FR"},{"@type":"Organization","@id":"https:\/\/districos.standingout.be\/fr\/#organization","name":"Districos Webshop","url":"https:\/\/districos.standingout.be\/fr\/","logo":{"@type":"ImageObject","inLanguage":"fr-FR","@id":"https:\/\/districos.standingout.be\/fr\/#\/schema\/logo\/image\/","url":"https:\/\/districos.standingout.be\/wp-content\/uploads\/2022\/09\/Districos_Logo_Webshop.svg","contentUrl":"https:\/\/districos.standingout.be\/wp-content\/uploads\/2022\/09\/Districos_Logo_Webshop.svg","caption":"Districos Webshop"},"image":{"@id":"https:\/\/districos.standingout.be\/fr\/#\/schema\/logo\/image\/"}}]}},"_links":{"self":[{"href":"https:\/\/districos.standingout.be\/fr\/wp-json\/wp\/v2\/product\/134099","targetHints":{"allow":["GET"]}}],"collection":[{"href":"https:\/\/districos.standingout.be\/fr\/wp-json\/wp\/v2\/product"}],"about":[{"href":"https:\/\/districos.standingout.be\/fr\/wp-json\/wp\/v2\/types\/product"}],"replies":[{"embeddable":true,"href":"https:\/\/districos.standingout.be\/fr\/wp-json\/wp\/v2\/comments?post=134099"}],"wp:featuredmedia":[{"embeddable":true,"href":"https:\/\/districos.standingout.be\/fr\/wp-json\/wp\/v2\/media\/143925"}],"wp:attachment":[{"href":"https:\/\/districos.standingout.be\/fr\/wp-json\/wp\/v2\/media?parent=134099"}],"wp:term":[{"taxonomy":"product_brand","embeddable":true,"href":"https:\/\/districos.standingout.be\/fr\/wp-json\/wp\/v2\/product_brand?post=134099"},{"taxonomy":"product_cat","embeddable":true,"href":"https:\/\/districos.standingout.be\/fr\/wp-json\/wp\/v2\/product_cat?post=134099"},{"taxonomy":"product_tag","embeddable":true,"href":"https:\/\/districos.standingout.be\/fr\/wp-json\/wp\/v2\/product_tag?post=134099"}],"curies":[{"name":"wp","href":"https:\/\/api.w.org\/{rel}","templated":true}]}}