{"id":134111,"date":"2026-04-28T02:03:24","date_gmt":"2026-04-28T00:03:24","guid":{"rendered":"https:\/\/webshopdistricoscom.webhosting.be\/product\/depileve-kit-dna-thermo-mask-visage-400-g-ref-2011\/"},"modified":"2026-04-28T02:03:26","modified_gmt":"2026-04-28T00:03:26","slug":"depileve-kit-dna-thermo-mask-visage-400-g-ref-2011","status":"publish","type":"product","link":"https:\/\/districos.standingout.be\/fr\/product\/depileve-kit-dna-thermo-mask-visage-400-g-ref-2011\/","title":{"rendered":"Depil\u00e8ve Kit DNA Thermo Mask Visage 400 g"},"content":{"rendered":"<p >\n<\/p>\n<\/p>\n<\/p>\n<\/p>\n<p dir=\"ltr\">classique pour le visage. L&rsquo;action occlusive de la paraffine est combin\u00e9e \u00e0 l&rsquo;action hydratante et soignante de la ligne DNA Waxceutical. R\u00e9sultat : une hydratation durable pour une peau visiblement soign\u00e9e.&nbsp;<\/p>\n<p dir=\"ltr\">Ce soin :&nbsp;<\/p>\n<p dir=\"ltr\">\n<ul>\n<li>Pr\u00e9vient les rides et am\u00e9liore l&rsquo;\u00e9lasticit\u00e9 de la peau&nbsp;<\/li>\n<li>Raffermit la peau&nbsp;<\/li>\n<li>Affine les pores&nbsp;<\/li>\n<li>Contient du NMF (natural moisturising factor) et prot\u00e8ge la peau de la d\u00e9shydratation.&nbsp;<\/li>\n<\/ul>\n<div><span>De plus, les soins sont tr\u00e8s simples : le masque est facile \u00e0 appliquer sans avoir besoin d&rsquo;un masque de gaze, il ne coule pas et peut \u00eatre retir\u00e9 en une seule fois sans aucun probl\u00e8me !<\/span><\/div>\n<div>Ce kit contient tous les produits n\u00e9cessaires pour appliquer le DNA Thermo Mask sur le visage.<font face=\"Arial\"><br \/><\/font><\/p>\n<p dir=\"ltr\"><b> Contenu<\/b><\/p>\n<p dir=\"ltr\">\n<ul>\n<li>1 x Depil\u00e8ve Waxceutical DNA Rejuvenating Serum 100 ml&nbsp;<\/li>\n<li>1 x Depil\u00e8ve Waxceutical DNA Thermo Mask 400 g&nbsp;<\/li>\n<li>1 x Depil\u00e8ve B\u00e2tonnets Corps 100 pcs.&nbsp;<\/li>\n<li>3 x Bandeau Jetable Extensible&nbsp;<\/li>\n<li>1 x Depil\u00e8ve Poign\u00e9e Racloir 1 pc.&nbsp;<\/li>\n<li>1 x Depil\u00e8ve Collerettes de Protection 400 g 50 pcs.&nbsp;<\/li>\n<li>1 x Depil\u00e8ve Chauffe-Paraffine 400 g&nbsp;<\/li>\n<li>1 x Depil\u00e8ve Collagen Elastin Plus 500 ml<\/li>\n<\/ul>\n<ul><\/ul>\n<\/p>\n<\/p><\/div>\n","protected":false},"excerpt":{"rendered":"<p>classique pour le visage. L&rsquo;action occlusive de la paraffine est combin\u00e9e \u00e0 l&rsquo;action hydratante et soignante de la ligne DNA Waxceutical. R\u00e9sultat : une hydratation durable pour une peau visiblement soign\u00e9e.&nbsp; Ce soin :&nbsp; Pr\u00e9vient les rides et am\u00e9liore l&rsquo;\u00e9lasticit\u00e9 de la peau&nbsp; Raffermit la peau&nbsp; Affine les pores&nbsp; Contient du NMF (natural moisturising factor) [&hellip;]<\/p>\n","protected":false},"featured_media":143949,"comment_status":"open","ping_status":"closed","template":"","meta":{"_acf_changed":false},"product_brand":[10376],"product_cat":[9860,9930],"product_tag":[],"class_list":{"0":"post-134111","1":"product","2":"type-product","3":"status-publish","4":"has-post-thumbnail","6":"product_brand-depileve-fr","7":"product_cat-beaute-visage-paraffine","8":"product_cat-beaute-paraffine-visage","10":"first","11":"instock","12":"taxable","13":"shipping-taxable","14":"product-type-simple"},"acf":[],"yoast_head":"<!-- This site is optimized with the Yoast SEO plugin v27.3 - https:\/\/yoast.com\/product\/yoast-seo-wordpress\/ -->\n<title>Depil\u00e8ve Kit DNA Thermo Mask Visage 400 g - Districos Webshop<\/title>\n<meta name=\"robots\" content=\"noindex, follow, max-snippet:-1, max-image-preview:large, max-video-preview:-1\" \/>\n<meta property=\"og:locale\" content=\"fr_FR\" \/>\n<meta property=\"og:type\" content=\"article\" \/>\n<meta property=\"og:title\" content=\"Depil\u00e8ve Kit DNA Thermo Mask Visage 400 g - Districos Webshop\" \/>\n<meta property=\"og:description\" content=\"classique pour le visage. L&rsquo;action occlusive de la paraffine est combin\u00e9e \u00e0 l&rsquo;action hydratante et soignante de la ligne DNA Waxceutical. R\u00e9sultat : une hydratation durable pour une peau visiblement soign\u00e9e.&nbsp; Ce soin :&nbsp; Pr\u00e9vient les rides et am\u00e9liore l&rsquo;\u00e9lasticit\u00e9 de la peau&nbsp; Raffermit la peau&nbsp; Affine les pores&nbsp; Contient du NMF (natural moisturising factor) [&hellip;]\" \/>\n<meta property=\"og:url\" content=\"https:\/\/districos.standingout.be\/fr\/product\/depileve-kit-dna-thermo-mask-visage-400-g-ref-2011\/\" \/>\n<meta property=\"og:site_name\" content=\"Districos Webshop\" \/>\n<meta property=\"article:modified_time\" content=\"2026-04-28T00:03:26+00:00\" \/>\n<meta property=\"og:image\" content=\"https:\/\/districos.standingout.be\/wp-content\/uploads\/2026\/04\/2011@Depileve-Paraffinekit-Gelaat-400-g_1-2.png\" \/>\n\t<meta property=\"og:image:width\" content=\"600\" \/>\n\t<meta property=\"og:image:height\" content=\"600\" \/>\n\t<meta property=\"og:image:type\" content=\"image\/png\" \/>\n<meta name=\"twitter:card\" content=\"summary_large_image\" \/>\n<meta name=\"twitter:label1\" content=\"Dur\u00e9e de lecture estim\u00e9e\" \/>\n\t<meta name=\"twitter:data1\" content=\"1 minute\" \/>\n<script type=\"application\/ld+json\" class=\"yoast-schema-graph\">{\"@context\":\"https:\\\/\\\/schema.org\",\"@graph\":[{\"@type\":\"WebPage\",\"@id\":\"https:\\\/\\\/districos.standingout.be\\\/fr\\\/product\\\/depileve-kit-dna-thermo-mask-visage-400-g-ref-2011\\\/\",\"url\":\"https:\\\/\\\/districos.standingout.be\\\/fr\\\/product\\\/depileve-kit-dna-thermo-mask-visage-400-g-ref-2011\\\/\",\"name\":\"Depil\u00e8ve Kit DNA Thermo Mask Visage 400 g - Districos Webshop\",\"isPartOf\":{\"@id\":\"https:\\\/\\\/districos.standingout.be\\\/fr\\\/#website\"},\"primaryImageOfPage\":{\"@id\":\"https:\\\/\\\/districos.standingout.be\\\/fr\\\/product\\\/depileve-kit-dna-thermo-mask-visage-400-g-ref-2011\\\/#primaryimage\"},\"image\":{\"@id\":\"https:\\\/\\\/districos.standingout.be\\\/fr\\\/product\\\/depileve-kit-dna-thermo-mask-visage-400-g-ref-2011\\\/#primaryimage\"},\"thumbnailUrl\":\"https:\\\/\\\/districos.standingout.be\\\/wp-content\\\/uploads\\\/2026\\\/04\\\/2011@Depileve-Paraffinekit-Gelaat-400-g_1-3.png\",\"datePublished\":\"2026-04-28T00:03:24+00:00\",\"dateModified\":\"2026-04-28T00:03:26+00:00\",\"breadcrumb\":{\"@id\":\"https:\\\/\\\/districos.standingout.be\\\/fr\\\/product\\\/depileve-kit-dna-thermo-mask-visage-400-g-ref-2011\\\/#breadcrumb\"},\"inLanguage\":\"fr-FR\",\"potentialAction\":[{\"@type\":\"ReadAction\",\"target\":[\"https:\\\/\\\/districos.standingout.be\\\/fr\\\/product\\\/depileve-kit-dna-thermo-mask-visage-400-g-ref-2011\\\/\"]}]},{\"@type\":\"ImageObject\",\"inLanguage\":\"fr-FR\",\"@id\":\"https:\\\/\\\/districos.standingout.be\\\/fr\\\/product\\\/depileve-kit-dna-thermo-mask-visage-400-g-ref-2011\\\/#primaryimage\",\"url\":\"https:\\\/\\\/districos.standingout.be\\\/wp-content\\\/uploads\\\/2026\\\/04\\\/2011@Depileve-Paraffinekit-Gelaat-400-g_1-3.png\",\"contentUrl\":\"https:\\\/\\\/districos.standingout.be\\\/wp-content\\\/uploads\\\/2026\\\/04\\\/2011@Depileve-Paraffinekit-Gelaat-400-g_1-3.png\",\"width\":600,\"height\":600},{\"@type\":\"BreadcrumbList\",\"@id\":\"https:\\\/\\\/districos.standingout.be\\\/fr\\\/product\\\/depileve-kit-dna-thermo-mask-visage-400-g-ref-2011\\\/#breadcrumb\",\"itemListElement\":[{\"@type\":\"ListItem\",\"position\":1,\"name\":\"Home\",\"item\":\"https:\\\/\\\/districos.standingout.be\\\/fr\\\/bienvenue-chez-districos\\\/\"},{\"@type\":\"ListItem\",\"position\":2,\"name\":\"Boutique\",\"item\":\"https:\\\/\\\/districos.standingout.be\\\/fr\\\/boutique\\\/\"},{\"@type\":\"ListItem\",\"position\":3,\"name\":\"Depil\u00e8ve Kit DNA Thermo Mask Visage 400 g\"}]},{\"@type\":\"WebSite\",\"@id\":\"https:\\\/\\\/districos.standingout.be\\\/fr\\\/#website\",\"url\":\"https:\\\/\\\/districos.standingout.be\\\/fr\\\/\",\"name\":\"Districos Webshop\",\"description\":\"\",\"publisher\":{\"@id\":\"https:\\\/\\\/districos.standingout.be\\\/fr\\\/#organization\"},\"potentialAction\":[{\"@type\":\"SearchAction\",\"target\":{\"@type\":\"EntryPoint\",\"urlTemplate\":\"https:\\\/\\\/districos.standingout.be\\\/fr\\\/?s={search_term_string}\"},\"query-input\":{\"@type\":\"PropertyValueSpecification\",\"valueRequired\":true,\"valueName\":\"search_term_string\"}}],\"inLanguage\":\"fr-FR\"},{\"@type\":\"Organization\",\"@id\":\"https:\\\/\\\/districos.standingout.be\\\/fr\\\/#organization\",\"name\":\"Districos Webshop\",\"url\":\"https:\\\/\\\/districos.standingout.be\\\/fr\\\/\",\"logo\":{\"@type\":\"ImageObject\",\"inLanguage\":\"fr-FR\",\"@id\":\"https:\\\/\\\/districos.standingout.be\\\/fr\\\/#\\\/schema\\\/logo\\\/image\\\/\",\"url\":\"https:\\\/\\\/districos.standingout.be\\\/wp-content\\\/uploads\\\/2022\\\/09\\\/Districos_Logo_Webshop.svg\",\"contentUrl\":\"https:\\\/\\\/districos.standingout.be\\\/wp-content\\\/uploads\\\/2022\\\/09\\\/Districos_Logo_Webshop.svg\",\"caption\":\"Districos Webshop\"},\"image\":{\"@id\":\"https:\\\/\\\/districos.standingout.be\\\/fr\\\/#\\\/schema\\\/logo\\\/image\\\/\"}}]}<\/script>\n<!-- \/ Yoast SEO plugin. -->","yoast_head_json":{"title":"Depil\u00e8ve Kit DNA Thermo Mask Visage 400 g - Districos Webshop","robots":{"index":"noindex","follow":"follow","max-snippet":"max-snippet:-1","max-image-preview":"max-image-preview:large","max-video-preview":"max-video-preview:-1"},"og_locale":"fr_FR","og_type":"article","og_title":"Depil\u00e8ve Kit DNA Thermo Mask Visage 400 g - Districos Webshop","og_description":"classique pour le visage. L&rsquo;action occlusive de la paraffine est combin\u00e9e \u00e0 l&rsquo;action hydratante et soignante de la ligne DNA Waxceutical. R\u00e9sultat : une hydratation durable pour une peau visiblement soign\u00e9e.&nbsp; Ce soin :&nbsp; Pr\u00e9vient les rides et am\u00e9liore l&rsquo;\u00e9lasticit\u00e9 de la peau&nbsp; Raffermit la peau&nbsp; Affine les pores&nbsp; Contient du NMF (natural moisturising factor) [&hellip;]","og_url":"https:\/\/districos.standingout.be\/fr\/product\/depileve-kit-dna-thermo-mask-visage-400-g-ref-2011\/","og_site_name":"Districos Webshop","article_modified_time":"2026-04-28T00:03:26+00:00","og_image":[{"width":600,"height":600,"url":"https:\/\/districos.standingout.be\/wp-content\/uploads\/2026\/04\/2011@Depileve-Paraffinekit-Gelaat-400-g_1-2.png","type":"image\/png"}],"twitter_card":"summary_large_image","twitter_misc":{"Dur\u00e9e de lecture estim\u00e9e":"1 minute"},"schema":{"@context":"https:\/\/schema.org","@graph":[{"@type":"WebPage","@id":"https:\/\/districos.standingout.be\/fr\/product\/depileve-kit-dna-thermo-mask-visage-400-g-ref-2011\/","url":"https:\/\/districos.standingout.be\/fr\/product\/depileve-kit-dna-thermo-mask-visage-400-g-ref-2011\/","name":"Depil\u00e8ve Kit DNA Thermo Mask Visage 400 g - Districos Webshop","isPartOf":{"@id":"https:\/\/districos.standingout.be\/fr\/#website"},"primaryImageOfPage":{"@id":"https:\/\/districos.standingout.be\/fr\/product\/depileve-kit-dna-thermo-mask-visage-400-g-ref-2011\/#primaryimage"},"image":{"@id":"https:\/\/districos.standingout.be\/fr\/product\/depileve-kit-dna-thermo-mask-visage-400-g-ref-2011\/#primaryimage"},"thumbnailUrl":"https:\/\/districos.standingout.be\/wp-content\/uploads\/2026\/04\/2011@Depileve-Paraffinekit-Gelaat-400-g_1-3.png","datePublished":"2026-04-28T00:03:24+00:00","dateModified":"2026-04-28T00:03:26+00:00","breadcrumb":{"@id":"https:\/\/districos.standingout.be\/fr\/product\/depileve-kit-dna-thermo-mask-visage-400-g-ref-2011\/#breadcrumb"},"inLanguage":"fr-FR","potentialAction":[{"@type":"ReadAction","target":["https:\/\/districos.standingout.be\/fr\/product\/depileve-kit-dna-thermo-mask-visage-400-g-ref-2011\/"]}]},{"@type":"ImageObject","inLanguage":"fr-FR","@id":"https:\/\/districos.standingout.be\/fr\/product\/depileve-kit-dna-thermo-mask-visage-400-g-ref-2011\/#primaryimage","url":"https:\/\/districos.standingout.be\/wp-content\/uploads\/2026\/04\/2011@Depileve-Paraffinekit-Gelaat-400-g_1-3.png","contentUrl":"https:\/\/districos.standingout.be\/wp-content\/uploads\/2026\/04\/2011@Depileve-Paraffinekit-Gelaat-400-g_1-3.png","width":600,"height":600},{"@type":"BreadcrumbList","@id":"https:\/\/districos.standingout.be\/fr\/product\/depileve-kit-dna-thermo-mask-visage-400-g-ref-2011\/#breadcrumb","itemListElement":[{"@type":"ListItem","position":1,"name":"Home","item":"https:\/\/districos.standingout.be\/fr\/bienvenue-chez-districos\/"},{"@type":"ListItem","position":2,"name":"Boutique","item":"https:\/\/districos.standingout.be\/fr\/boutique\/"},{"@type":"ListItem","position":3,"name":"Depil\u00e8ve Kit DNA Thermo Mask Visage 400 g"}]},{"@type":"WebSite","@id":"https:\/\/districos.standingout.be\/fr\/#website","url":"https:\/\/districos.standingout.be\/fr\/","name":"Districos Webshop","description":"","publisher":{"@id":"https:\/\/districos.standingout.be\/fr\/#organization"},"potentialAction":[{"@type":"SearchAction","target":{"@type":"EntryPoint","urlTemplate":"https:\/\/districos.standingout.be\/fr\/?s={search_term_string}"},"query-input":{"@type":"PropertyValueSpecification","valueRequired":true,"valueName":"search_term_string"}}],"inLanguage":"fr-FR"},{"@type":"Organization","@id":"https:\/\/districos.standingout.be\/fr\/#organization","name":"Districos Webshop","url":"https:\/\/districos.standingout.be\/fr\/","logo":{"@type":"ImageObject","inLanguage":"fr-FR","@id":"https:\/\/districos.standingout.be\/fr\/#\/schema\/logo\/image\/","url":"https:\/\/districos.standingout.be\/wp-content\/uploads\/2022\/09\/Districos_Logo_Webshop.svg","contentUrl":"https:\/\/districos.standingout.be\/wp-content\/uploads\/2022\/09\/Districos_Logo_Webshop.svg","caption":"Districos Webshop"},"image":{"@id":"https:\/\/districos.standingout.be\/fr\/#\/schema\/logo\/image\/"}}]}},"_links":{"self":[{"href":"https:\/\/districos.standingout.be\/fr\/wp-json\/wp\/v2\/product\/134111","targetHints":{"allow":["GET"]}}],"collection":[{"href":"https:\/\/districos.standingout.be\/fr\/wp-json\/wp\/v2\/product"}],"about":[{"href":"https:\/\/districos.standingout.be\/fr\/wp-json\/wp\/v2\/types\/product"}],"replies":[{"embeddable":true,"href":"https:\/\/districos.standingout.be\/fr\/wp-json\/wp\/v2\/comments?post=134111"}],"wp:featuredmedia":[{"embeddable":true,"href":"https:\/\/districos.standingout.be\/fr\/wp-json\/wp\/v2\/media\/143949"}],"wp:attachment":[{"href":"https:\/\/districos.standingout.be\/fr\/wp-json\/wp\/v2\/media?parent=134111"}],"wp:term":[{"taxonomy":"product_brand","embeddable":true,"href":"https:\/\/districos.standingout.be\/fr\/wp-json\/wp\/v2\/product_brand?post=134111"},{"taxonomy":"product_cat","embeddable":true,"href":"https:\/\/districos.standingout.be\/fr\/wp-json\/wp\/v2\/product_cat?post=134111"},{"taxonomy":"product_tag","embeddable":true,"href":"https:\/\/districos.standingout.be\/fr\/wp-json\/wp\/v2\/product_tag?post=134111"}],"curies":[{"name":"wp","href":"https:\/\/api.w.org\/{rel}","templated":true}]}}