{"id":134115,"date":"2026-04-28T02:03:29","date_gmt":"2026-04-28T00:03:29","guid":{"rendered":"https:\/\/webshopdistricoscom.webhosting.be\/product\/depileve-kit-etudiant-paraffine-pedicure-tea-tree-ref-2012-08\/"},"modified":"2026-04-28T02:03:32","modified_gmt":"2026-04-28T00:03:32","slug":"depileve-kit-etudiant-paraffine-pedicure-tea-tree-ref-2012-08","status":"publish","type":"product","link":"https:\/\/districos.standingout.be\/fr\/product\/depileve-kit-etudiant-paraffine-pedicure-tea-tree-ref-2012-08\/","title":{"rendered":"Depil\u00e8ve Kit \u00c9tudiant Paraffine P\u00e9dicure Tea-Tree"},"content":{"rendered":"<p >\n<\/p>\n<\/p>\n<p dir=\"ltr\">Kit de paraffine pour les pieds id\u00e9al pour les \u00e9tudiant(e)s ou pour usage personnel. <\/p>\n<p><b> Contenu<\/b><\/p>\n<ul>\n<li>1 x Bain Paraffine Classic (chauffe-paraffine \u00e0 thermostat r\u00e9glable pour usage professionnel et multiple. Contenu : 1,8 litres.)<\/li>\n<li>1 x Sachets de Protection Paraffine 100 pcs.<\/li>\n<li>1 paire de Chaussons en Tissu \u00c9ponge<\/li>\n<li>1 x Dermospray 220 ml<\/li>\n<li>1 x Depil\u00e8ve Collagen Elastin Plus 500 ml<\/li>\n<li>7 x Paraffine Tea-Tree 350 g<\/li>\n<li>1 x Bio Balance Cr\u00e8me Pieds Avocado 75 ml<\/li>\n<li>1 x Bio Balance Cr\u00e8me Pieds Care &amp; Refresh 75 ml<\/li>\n<\/ul><\/p>\n","protected":false},"excerpt":{"rendered":"<p>Kit de paraffine pour les pieds id\u00e9al pour les \u00e9tudiant(e)s ou pour usage personnel. Contenu 1 x Bain Paraffine Classic (chauffe-paraffine \u00e0 thermostat r\u00e9glable pour usage professionnel et multiple. Contenu : 1,8 litres.) 1 x Sachets de Protection Paraffine 100 pcs. 1 paire de Chaussons en Tissu \u00c9ponge 1 x Dermospray 220 ml 1 x [&hellip;]<\/p>\n","protected":false},"featured_media":143955,"comment_status":"open","ping_status":"closed","template":"","meta":{"_acf_changed":false},"product_brand":[10376],"product_cat":[10086,9934],"product_tag":[],"class_list":{"0":"post-134115","1":"product","2":"type-product","3":"status-publish","4":"has-post-thumbnail","6":"product_brand-depileve-fr","7":"product_cat-soins-des-pieds-podologie-produits-de-soin-paraffine","8":"product_cat-beaute-paraffine-pieds","10":"first","11":"instock","12":"taxable","13":"shipping-taxable","14":"product-type-simple"},"acf":[],"yoast_head":"<!-- This site is optimized with the Yoast SEO plugin v27.3 - https:\/\/yoast.com\/product\/yoast-seo-wordpress\/ -->\n<title>Depil\u00e8ve Kit \u00c9tudiant Paraffine P\u00e9dicure Tea-Tree - Districos Webshop<\/title>\n<meta name=\"robots\" content=\"noindex, follow, max-snippet:-1, max-image-preview:large, max-video-preview:-1\" \/>\n<meta property=\"og:locale\" content=\"fr_FR\" \/>\n<meta property=\"og:type\" content=\"article\" \/>\n<meta property=\"og:title\" content=\"Depil\u00e8ve Kit \u00c9tudiant Paraffine P\u00e9dicure Tea-Tree - Districos Webshop\" \/>\n<meta property=\"og:description\" content=\"Kit de paraffine pour les pieds id\u00e9al pour les \u00e9tudiant(e)s ou pour usage personnel. Contenu 1 x Bain Paraffine Classic (chauffe-paraffine \u00e0 thermostat r\u00e9glable pour usage professionnel et multiple. Contenu : 1,8 litres.) 1 x Sachets de Protection Paraffine 100 pcs. 1 paire de Chaussons en Tissu \u00c9ponge 1 x Dermospray 220 ml 1 x [&hellip;]\" \/>\n<meta property=\"og:url\" content=\"https:\/\/districos.standingout.be\/fr\/product\/depileve-kit-etudiant-paraffine-pedicure-tea-tree-ref-2012-08\/\" \/>\n<meta property=\"og:site_name\" content=\"Districos Webshop\" \/>\n<meta property=\"article:modified_time\" content=\"2026-04-28T00:03:32+00:00\" \/>\n<meta property=\"og:image\" content=\"https:\/\/districos.standingout.be\/wp-content\/uploads\/2026\/04\/2012.08@Studentenkit-Paraffine-Tea-Tree-Voeten_1-2.png\" \/>\n\t<meta property=\"og:image:width\" content=\"600\" \/>\n\t<meta property=\"og:image:height\" content=\"600\" \/>\n\t<meta property=\"og:image:type\" content=\"image\/png\" \/>\n<meta name=\"twitter:card\" content=\"summary_large_image\" \/>\n<script type=\"application\/ld+json\" class=\"yoast-schema-graph\">{\"@context\":\"https:\\\/\\\/schema.org\",\"@graph\":[{\"@type\":\"WebPage\",\"@id\":\"https:\\\/\\\/districos.standingout.be\\\/fr\\\/product\\\/depileve-kit-etudiant-paraffine-pedicure-tea-tree-ref-2012-08\\\/\",\"url\":\"https:\\\/\\\/districos.standingout.be\\\/fr\\\/product\\\/depileve-kit-etudiant-paraffine-pedicure-tea-tree-ref-2012-08\\\/\",\"name\":\"Depil\u00e8ve Kit \u00c9tudiant Paraffine P\u00e9dicure Tea-Tree - Districos Webshop\",\"isPartOf\":{\"@id\":\"https:\\\/\\\/districos.standingout.be\\\/fr\\\/#website\"},\"primaryImageOfPage\":{\"@id\":\"https:\\\/\\\/districos.standingout.be\\\/fr\\\/product\\\/depileve-kit-etudiant-paraffine-pedicure-tea-tree-ref-2012-08\\\/#primaryimage\"},\"image\":{\"@id\":\"https:\\\/\\\/districos.standingout.be\\\/fr\\\/product\\\/depileve-kit-etudiant-paraffine-pedicure-tea-tree-ref-2012-08\\\/#primaryimage\"},\"thumbnailUrl\":\"https:\\\/\\\/districos.standingout.be\\\/wp-content\\\/uploads\\\/2026\\\/04\\\/2012.08@Studentenkit-Paraffine-Tea-Tree-Voeten_1-3.png\",\"datePublished\":\"2026-04-28T00:03:29+00:00\",\"dateModified\":\"2026-04-28T00:03:32+00:00\",\"breadcrumb\":{\"@id\":\"https:\\\/\\\/districos.standingout.be\\\/fr\\\/product\\\/depileve-kit-etudiant-paraffine-pedicure-tea-tree-ref-2012-08\\\/#breadcrumb\"},\"inLanguage\":\"fr-FR\",\"potentialAction\":[{\"@type\":\"ReadAction\",\"target\":[\"https:\\\/\\\/districos.standingout.be\\\/fr\\\/product\\\/depileve-kit-etudiant-paraffine-pedicure-tea-tree-ref-2012-08\\\/\"]}]},{\"@type\":\"ImageObject\",\"inLanguage\":\"fr-FR\",\"@id\":\"https:\\\/\\\/districos.standingout.be\\\/fr\\\/product\\\/depileve-kit-etudiant-paraffine-pedicure-tea-tree-ref-2012-08\\\/#primaryimage\",\"url\":\"https:\\\/\\\/districos.standingout.be\\\/wp-content\\\/uploads\\\/2026\\\/04\\\/2012.08@Studentenkit-Paraffine-Tea-Tree-Voeten_1-3.png\",\"contentUrl\":\"https:\\\/\\\/districos.standingout.be\\\/wp-content\\\/uploads\\\/2026\\\/04\\\/2012.08@Studentenkit-Paraffine-Tea-Tree-Voeten_1-3.png\",\"width\":600,\"height\":600},{\"@type\":\"BreadcrumbList\",\"@id\":\"https:\\\/\\\/districos.standingout.be\\\/fr\\\/product\\\/depileve-kit-etudiant-paraffine-pedicure-tea-tree-ref-2012-08\\\/#breadcrumb\",\"itemListElement\":[{\"@type\":\"ListItem\",\"position\":1,\"name\":\"Home\",\"item\":\"https:\\\/\\\/districos.standingout.be\\\/fr\\\/bienvenue-chez-districos\\\/\"},{\"@type\":\"ListItem\",\"position\":2,\"name\":\"Boutique\",\"item\":\"https:\\\/\\\/districos.standingout.be\\\/fr\\\/boutique\\\/\"},{\"@type\":\"ListItem\",\"position\":3,\"name\":\"Depil\u00e8ve Kit \u00c9tudiant Paraffine P\u00e9dicure Tea-Tree\"}]},{\"@type\":\"WebSite\",\"@id\":\"https:\\\/\\\/districos.standingout.be\\\/fr\\\/#website\",\"url\":\"https:\\\/\\\/districos.standingout.be\\\/fr\\\/\",\"name\":\"Districos Webshop\",\"description\":\"\",\"publisher\":{\"@id\":\"https:\\\/\\\/districos.standingout.be\\\/fr\\\/#organization\"},\"potentialAction\":[{\"@type\":\"SearchAction\",\"target\":{\"@type\":\"EntryPoint\",\"urlTemplate\":\"https:\\\/\\\/districos.standingout.be\\\/fr\\\/?s={search_term_string}\"},\"query-input\":{\"@type\":\"PropertyValueSpecification\",\"valueRequired\":true,\"valueName\":\"search_term_string\"}}],\"inLanguage\":\"fr-FR\"},{\"@type\":\"Organization\",\"@id\":\"https:\\\/\\\/districos.standingout.be\\\/fr\\\/#organization\",\"name\":\"Districos Webshop\",\"url\":\"https:\\\/\\\/districos.standingout.be\\\/fr\\\/\",\"logo\":{\"@type\":\"ImageObject\",\"inLanguage\":\"fr-FR\",\"@id\":\"https:\\\/\\\/districos.standingout.be\\\/fr\\\/#\\\/schema\\\/logo\\\/image\\\/\",\"url\":\"https:\\\/\\\/districos.standingout.be\\\/wp-content\\\/uploads\\\/2022\\\/09\\\/Districos_Logo_Webshop.svg\",\"contentUrl\":\"https:\\\/\\\/districos.standingout.be\\\/wp-content\\\/uploads\\\/2022\\\/09\\\/Districos_Logo_Webshop.svg\",\"caption\":\"Districos Webshop\"},\"image\":{\"@id\":\"https:\\\/\\\/districos.standingout.be\\\/fr\\\/#\\\/schema\\\/logo\\\/image\\\/\"}}]}<\/script>\n<!-- \/ Yoast SEO plugin. -->","yoast_head_json":{"title":"Depil\u00e8ve Kit \u00c9tudiant Paraffine P\u00e9dicure Tea-Tree - Districos Webshop","robots":{"index":"noindex","follow":"follow","max-snippet":"max-snippet:-1","max-image-preview":"max-image-preview:large","max-video-preview":"max-video-preview:-1"},"og_locale":"fr_FR","og_type":"article","og_title":"Depil\u00e8ve Kit \u00c9tudiant Paraffine P\u00e9dicure Tea-Tree - Districos Webshop","og_description":"Kit de paraffine pour les pieds id\u00e9al pour les \u00e9tudiant(e)s ou pour usage personnel. Contenu 1 x Bain Paraffine Classic (chauffe-paraffine \u00e0 thermostat r\u00e9glable pour usage professionnel et multiple. Contenu : 1,8 litres.) 1 x Sachets de Protection Paraffine 100 pcs. 1 paire de Chaussons en Tissu \u00c9ponge 1 x Dermospray 220 ml 1 x [&hellip;]","og_url":"https:\/\/districos.standingout.be\/fr\/product\/depileve-kit-etudiant-paraffine-pedicure-tea-tree-ref-2012-08\/","og_site_name":"Districos Webshop","article_modified_time":"2026-04-28T00:03:32+00:00","og_image":[{"width":600,"height":600,"url":"https:\/\/districos.standingout.be\/wp-content\/uploads\/2026\/04\/2012.08@Studentenkit-Paraffine-Tea-Tree-Voeten_1-2.png","type":"image\/png"}],"twitter_card":"summary_large_image","schema":{"@context":"https:\/\/schema.org","@graph":[{"@type":"WebPage","@id":"https:\/\/districos.standingout.be\/fr\/product\/depileve-kit-etudiant-paraffine-pedicure-tea-tree-ref-2012-08\/","url":"https:\/\/districos.standingout.be\/fr\/product\/depileve-kit-etudiant-paraffine-pedicure-tea-tree-ref-2012-08\/","name":"Depil\u00e8ve Kit \u00c9tudiant Paraffine P\u00e9dicure Tea-Tree - Districos Webshop","isPartOf":{"@id":"https:\/\/districos.standingout.be\/fr\/#website"},"primaryImageOfPage":{"@id":"https:\/\/districos.standingout.be\/fr\/product\/depileve-kit-etudiant-paraffine-pedicure-tea-tree-ref-2012-08\/#primaryimage"},"image":{"@id":"https:\/\/districos.standingout.be\/fr\/product\/depileve-kit-etudiant-paraffine-pedicure-tea-tree-ref-2012-08\/#primaryimage"},"thumbnailUrl":"https:\/\/districos.standingout.be\/wp-content\/uploads\/2026\/04\/2012.08@Studentenkit-Paraffine-Tea-Tree-Voeten_1-3.png","datePublished":"2026-04-28T00:03:29+00:00","dateModified":"2026-04-28T00:03:32+00:00","breadcrumb":{"@id":"https:\/\/districos.standingout.be\/fr\/product\/depileve-kit-etudiant-paraffine-pedicure-tea-tree-ref-2012-08\/#breadcrumb"},"inLanguage":"fr-FR","potentialAction":[{"@type":"ReadAction","target":["https:\/\/districos.standingout.be\/fr\/product\/depileve-kit-etudiant-paraffine-pedicure-tea-tree-ref-2012-08\/"]}]},{"@type":"ImageObject","inLanguage":"fr-FR","@id":"https:\/\/districos.standingout.be\/fr\/product\/depileve-kit-etudiant-paraffine-pedicure-tea-tree-ref-2012-08\/#primaryimage","url":"https:\/\/districos.standingout.be\/wp-content\/uploads\/2026\/04\/2012.08@Studentenkit-Paraffine-Tea-Tree-Voeten_1-3.png","contentUrl":"https:\/\/districos.standingout.be\/wp-content\/uploads\/2026\/04\/2012.08@Studentenkit-Paraffine-Tea-Tree-Voeten_1-3.png","width":600,"height":600},{"@type":"BreadcrumbList","@id":"https:\/\/districos.standingout.be\/fr\/product\/depileve-kit-etudiant-paraffine-pedicure-tea-tree-ref-2012-08\/#breadcrumb","itemListElement":[{"@type":"ListItem","position":1,"name":"Home","item":"https:\/\/districos.standingout.be\/fr\/bienvenue-chez-districos\/"},{"@type":"ListItem","position":2,"name":"Boutique","item":"https:\/\/districos.standingout.be\/fr\/boutique\/"},{"@type":"ListItem","position":3,"name":"Depil\u00e8ve Kit \u00c9tudiant Paraffine P\u00e9dicure Tea-Tree"}]},{"@type":"WebSite","@id":"https:\/\/districos.standingout.be\/fr\/#website","url":"https:\/\/districos.standingout.be\/fr\/","name":"Districos Webshop","description":"","publisher":{"@id":"https:\/\/districos.standingout.be\/fr\/#organization"},"potentialAction":[{"@type":"SearchAction","target":{"@type":"EntryPoint","urlTemplate":"https:\/\/districos.standingout.be\/fr\/?s={search_term_string}"},"query-input":{"@type":"PropertyValueSpecification","valueRequired":true,"valueName":"search_term_string"}}],"inLanguage":"fr-FR"},{"@type":"Organization","@id":"https:\/\/districos.standingout.be\/fr\/#organization","name":"Districos Webshop","url":"https:\/\/districos.standingout.be\/fr\/","logo":{"@type":"ImageObject","inLanguage":"fr-FR","@id":"https:\/\/districos.standingout.be\/fr\/#\/schema\/logo\/image\/","url":"https:\/\/districos.standingout.be\/wp-content\/uploads\/2022\/09\/Districos_Logo_Webshop.svg","contentUrl":"https:\/\/districos.standingout.be\/wp-content\/uploads\/2022\/09\/Districos_Logo_Webshop.svg","caption":"Districos Webshop"},"image":{"@id":"https:\/\/districos.standingout.be\/fr\/#\/schema\/logo\/image\/"}}]}},"_links":{"self":[{"href":"https:\/\/districos.standingout.be\/fr\/wp-json\/wp\/v2\/product\/134115","targetHints":{"allow":["GET"]}}],"collection":[{"href":"https:\/\/districos.standingout.be\/fr\/wp-json\/wp\/v2\/product"}],"about":[{"href":"https:\/\/districos.standingout.be\/fr\/wp-json\/wp\/v2\/types\/product"}],"replies":[{"embeddable":true,"href":"https:\/\/districos.standingout.be\/fr\/wp-json\/wp\/v2\/comments?post=134115"}],"wp:featuredmedia":[{"embeddable":true,"href":"https:\/\/districos.standingout.be\/fr\/wp-json\/wp\/v2\/media\/143955"}],"wp:attachment":[{"href":"https:\/\/districos.standingout.be\/fr\/wp-json\/wp\/v2\/media?parent=134115"}],"wp:term":[{"taxonomy":"product_brand","embeddable":true,"href":"https:\/\/districos.standingout.be\/fr\/wp-json\/wp\/v2\/product_brand?post=134115"},{"taxonomy":"product_cat","embeddable":true,"href":"https:\/\/districos.standingout.be\/fr\/wp-json\/wp\/v2\/product_cat?post=134115"},{"taxonomy":"product_tag","embeddable":true,"href":"https:\/\/districos.standingout.be\/fr\/wp-json\/wp\/v2\/product_tag?post=134115"}],"curies":[{"name":"wp","href":"https:\/\/api.w.org\/{rel}","templated":true}]}}