{"id":134119,"date":"2026-04-28T02:03:34","date_gmt":"2026-04-28T00:03:34","guid":{"rendered":"https:\/\/webshopdistricoscom.webhosting.be\/product\/depileve-kit-creme-paraffine-mains-ref-2014-01\/"},"modified":"2026-04-28T02:03:37","modified_gmt":"2026-04-28T00:03:37","slug":"depileve-kit-creme-paraffine-mains-ref-2014-01","status":"publish","type":"product","link":"https:\/\/districos.standingout.be\/fr\/product\/depileve-kit-creme-paraffine-mains-ref-2014-01\/","title":{"rendered":"Depil\u00e8ve Kit Cr\u00e8me Paraffine Mains"},"content":{"rendered":"<p >\n<\/p>\n<p dir=\"ltr\"><b>Soin des mains en d\u00e9placement avec la cr\u00e8me paraffine !<\/b><\/p>\n<p dir=\"ltr\">Pas le temps d\u2019attendre que la paraffine soit compl\u00e8tement fondue ? Ce kit vous offre l\u2019alternative parfaite pour une hydratation profonde des mains \u00e0 un faible co\u00fbt. Tr\u00e8s pratique pour les soins en d\u00e9placement.<\/p>\n<p><b> Contenu<\/b><\/p>\n<ul>\n<li>1 x Dermospray 220 ml<\/li>\n<li>1 x Dermopeel 200 ml<\/li>\n<li>1 x Collagen Elastin Plus 500 ml<\/li>\n<li>1 x Cobra Pinceau Paraffine Visage<\/li>\n<li>1 x Cr\u00e8me Paraffine Douce 450 ml<\/li>\n<li>1 x Sachets de Protection Paraffine 100 pcs.<\/li>\n<li>1 paire de Moufles Thermiques<\/li>\n<li>1 x A.H.A. Cr\u00e8me Mains Hydratante 200 ml<\/li>\n<\/ul><\/p>\n","protected":false},"excerpt":{"rendered":"<p>Soin des mains en d\u00e9placement avec la cr\u00e8me paraffine ! Pas le temps d\u2019attendre que la paraffine soit compl\u00e8tement fondue ? Ce kit vous offre l\u2019alternative parfaite pour une hydratation profonde des mains \u00e0 un faible co\u00fbt. Tr\u00e8s pratique pour les soins en d\u00e9placement. Contenu 1 x Dermospray 220 ml 1 x Dermopeel 200 ml [&hellip;]<\/p>\n","protected":false},"featured_media":70516,"comment_status":"open","ping_status":"closed","template":"","meta":{"_acf_changed":false},"product_brand":[10376],"product_cat":[9932,9906],"product_tag":[],"class_list":{"0":"post-134119","1":"product","2":"type-product","3":"status-publish","4":"has-post-thumbnail","6":"product_brand-depileve-fr","7":"product_cat-beaute-paraffine-mains","8":"product_cat-beaute-manucure-ongles-paraffine","10":"first","11":"instock","12":"taxable","13":"shipping-taxable","14":"product-type-simple"},"acf":[],"yoast_head":"<!-- This site is optimized with the Yoast SEO plugin v27.3 - https:\/\/yoast.com\/product\/yoast-seo-wordpress\/ -->\n<title>Depil\u00e8ve Kit Cr\u00e8me Paraffine Mains - Districos Webshop<\/title>\n<meta name=\"robots\" content=\"noindex, follow, max-snippet:-1, max-image-preview:large, max-video-preview:-1\" \/>\n<meta property=\"og:locale\" content=\"fr_FR\" \/>\n<meta property=\"og:type\" content=\"article\" \/>\n<meta property=\"og:title\" content=\"Depil\u00e8ve Kit Cr\u00e8me Paraffine Mains - Districos Webshop\" \/>\n<meta property=\"og:description\" content=\"Soin des mains en d\u00e9placement avec la cr\u00e8me paraffine ! Pas le temps d\u2019attendre que la paraffine soit compl\u00e8tement fondue ? Ce kit vous offre l\u2019alternative parfaite pour une hydratation profonde des mains \u00e0 un faible co\u00fbt. Tr\u00e8s pratique pour les soins en d\u00e9placement. Contenu 1 x Dermospray 220 ml 1 x Dermopeel 200 ml [&hellip;]\" \/>\n<meta property=\"og:url\" content=\"https:\/\/districos.standingout.be\/fr\/product\/depileve-kit-creme-paraffine-mains-ref-2014-01\/\" \/>\n<meta property=\"og:site_name\" content=\"Districos Webshop\" \/>\n<meta property=\"article:modified_time\" content=\"2026-04-28T00:03:37+00:00\" \/>\n<meta property=\"og:image\" content=\"https:\/\/districos.standingout.be\/wp-content\/uploads\/2025\/07\/2014.01@LowRes_1.png\" \/>\n\t<meta property=\"og:image:width\" content=\"700\" \/>\n\t<meta property=\"og:image:height\" content=\"700\" \/>\n\t<meta property=\"og:image:type\" content=\"image\/png\" \/>\n<meta name=\"twitter:card\" content=\"summary_large_image\" \/>\n<script type=\"application\/ld+json\" class=\"yoast-schema-graph\">{\"@context\":\"https:\\\/\\\/schema.org\",\"@graph\":[{\"@type\":\"WebPage\",\"@id\":\"https:\\\/\\\/districos.standingout.be\\\/fr\\\/product\\\/depileve-kit-creme-paraffine-mains-ref-2014-01\\\/\",\"url\":\"https:\\\/\\\/districos.standingout.be\\\/fr\\\/product\\\/depileve-kit-creme-paraffine-mains-ref-2014-01\\\/\",\"name\":\"Depil\u00e8ve Kit Cr\u00e8me Paraffine Mains - Districos Webshop\",\"isPartOf\":{\"@id\":\"https:\\\/\\\/districos.standingout.be\\\/fr\\\/#website\"},\"primaryImageOfPage\":{\"@id\":\"https:\\\/\\\/districos.standingout.be\\\/fr\\\/product\\\/depileve-kit-creme-paraffine-mains-ref-2014-01\\\/#primaryimage\"},\"image\":{\"@id\":\"https:\\\/\\\/districos.standingout.be\\\/fr\\\/product\\\/depileve-kit-creme-paraffine-mains-ref-2014-01\\\/#primaryimage\"},\"thumbnailUrl\":\"https:\\\/\\\/districos.standingout.be\\\/wp-content\\\/uploads\\\/2025\\\/07\\\/2014.01@LowRes_1.png\",\"datePublished\":\"2026-04-28T00:03:34+00:00\",\"dateModified\":\"2026-04-28T00:03:37+00:00\",\"breadcrumb\":{\"@id\":\"https:\\\/\\\/districos.standingout.be\\\/fr\\\/product\\\/depileve-kit-creme-paraffine-mains-ref-2014-01\\\/#breadcrumb\"},\"inLanguage\":\"fr-FR\",\"potentialAction\":[{\"@type\":\"ReadAction\",\"target\":[\"https:\\\/\\\/districos.standingout.be\\\/fr\\\/product\\\/depileve-kit-creme-paraffine-mains-ref-2014-01\\\/\"]}]},{\"@type\":\"ImageObject\",\"inLanguage\":\"fr-FR\",\"@id\":\"https:\\\/\\\/districos.standingout.be\\\/fr\\\/product\\\/depileve-kit-creme-paraffine-mains-ref-2014-01\\\/#primaryimage\",\"url\":\"https:\\\/\\\/districos.standingout.be\\\/wp-content\\\/uploads\\\/2025\\\/07\\\/2014.01@LowRes_1.png\",\"contentUrl\":\"https:\\\/\\\/districos.standingout.be\\\/wp-content\\\/uploads\\\/2025\\\/07\\\/2014.01@LowRes_1.png\",\"width\":700,\"height\":700},{\"@type\":\"BreadcrumbList\",\"@id\":\"https:\\\/\\\/districos.standingout.be\\\/fr\\\/product\\\/depileve-kit-creme-paraffine-mains-ref-2014-01\\\/#breadcrumb\",\"itemListElement\":[{\"@type\":\"ListItem\",\"position\":1,\"name\":\"Home\",\"item\":\"https:\\\/\\\/districos.standingout.be\\\/fr\\\/bienvenue-chez-districos\\\/\"},{\"@type\":\"ListItem\",\"position\":2,\"name\":\"Boutique\",\"item\":\"https:\\\/\\\/districos.standingout.be\\\/fr\\\/boutique\\\/\"},{\"@type\":\"ListItem\",\"position\":3,\"name\":\"Depil\u00e8ve Kit Cr\u00e8me Paraffine Mains\"}]},{\"@type\":\"WebSite\",\"@id\":\"https:\\\/\\\/districos.standingout.be\\\/fr\\\/#website\",\"url\":\"https:\\\/\\\/districos.standingout.be\\\/fr\\\/\",\"name\":\"Districos Webshop\",\"description\":\"\",\"publisher\":{\"@id\":\"https:\\\/\\\/districos.standingout.be\\\/fr\\\/#organization\"},\"potentialAction\":[{\"@type\":\"SearchAction\",\"target\":{\"@type\":\"EntryPoint\",\"urlTemplate\":\"https:\\\/\\\/districos.standingout.be\\\/fr\\\/?s={search_term_string}\"},\"query-input\":{\"@type\":\"PropertyValueSpecification\",\"valueRequired\":true,\"valueName\":\"search_term_string\"}}],\"inLanguage\":\"fr-FR\"},{\"@type\":\"Organization\",\"@id\":\"https:\\\/\\\/districos.standingout.be\\\/fr\\\/#organization\",\"name\":\"Districos Webshop\",\"url\":\"https:\\\/\\\/districos.standingout.be\\\/fr\\\/\",\"logo\":{\"@type\":\"ImageObject\",\"inLanguage\":\"fr-FR\",\"@id\":\"https:\\\/\\\/districos.standingout.be\\\/fr\\\/#\\\/schema\\\/logo\\\/image\\\/\",\"url\":\"https:\\\/\\\/districos.standingout.be\\\/wp-content\\\/uploads\\\/2022\\\/09\\\/Districos_Logo_Webshop.svg\",\"contentUrl\":\"https:\\\/\\\/districos.standingout.be\\\/wp-content\\\/uploads\\\/2022\\\/09\\\/Districos_Logo_Webshop.svg\",\"caption\":\"Districos Webshop\"},\"image\":{\"@id\":\"https:\\\/\\\/districos.standingout.be\\\/fr\\\/#\\\/schema\\\/logo\\\/image\\\/\"}}]}<\/script>\n<!-- \/ Yoast SEO plugin. -->","yoast_head_json":{"title":"Depil\u00e8ve Kit Cr\u00e8me Paraffine Mains - Districos Webshop","robots":{"index":"noindex","follow":"follow","max-snippet":"max-snippet:-1","max-image-preview":"max-image-preview:large","max-video-preview":"max-video-preview:-1"},"og_locale":"fr_FR","og_type":"article","og_title":"Depil\u00e8ve Kit Cr\u00e8me Paraffine Mains - Districos Webshop","og_description":"Soin des mains en d\u00e9placement avec la cr\u00e8me paraffine ! Pas le temps d\u2019attendre que la paraffine soit compl\u00e8tement fondue ? Ce kit vous offre l\u2019alternative parfaite pour une hydratation profonde des mains \u00e0 un faible co\u00fbt. Tr\u00e8s pratique pour les soins en d\u00e9placement. Contenu 1 x Dermospray 220 ml 1 x Dermopeel 200 ml [&hellip;]","og_url":"https:\/\/districos.standingout.be\/fr\/product\/depileve-kit-creme-paraffine-mains-ref-2014-01\/","og_site_name":"Districos Webshop","article_modified_time":"2026-04-28T00:03:37+00:00","og_image":[{"width":700,"height":700,"url":"https:\/\/districos.standingout.be\/wp-content\/uploads\/2025\/07\/2014.01@LowRes_1.png","type":"image\/png"}],"twitter_card":"summary_large_image","schema":{"@context":"https:\/\/schema.org","@graph":[{"@type":"WebPage","@id":"https:\/\/districos.standingout.be\/fr\/product\/depileve-kit-creme-paraffine-mains-ref-2014-01\/","url":"https:\/\/districos.standingout.be\/fr\/product\/depileve-kit-creme-paraffine-mains-ref-2014-01\/","name":"Depil\u00e8ve Kit Cr\u00e8me Paraffine Mains - Districos Webshop","isPartOf":{"@id":"https:\/\/districos.standingout.be\/fr\/#website"},"primaryImageOfPage":{"@id":"https:\/\/districos.standingout.be\/fr\/product\/depileve-kit-creme-paraffine-mains-ref-2014-01\/#primaryimage"},"image":{"@id":"https:\/\/districos.standingout.be\/fr\/product\/depileve-kit-creme-paraffine-mains-ref-2014-01\/#primaryimage"},"thumbnailUrl":"https:\/\/districos.standingout.be\/wp-content\/uploads\/2025\/07\/2014.01@LowRes_1.png","datePublished":"2026-04-28T00:03:34+00:00","dateModified":"2026-04-28T00:03:37+00:00","breadcrumb":{"@id":"https:\/\/districos.standingout.be\/fr\/product\/depileve-kit-creme-paraffine-mains-ref-2014-01\/#breadcrumb"},"inLanguage":"fr-FR","potentialAction":[{"@type":"ReadAction","target":["https:\/\/districos.standingout.be\/fr\/product\/depileve-kit-creme-paraffine-mains-ref-2014-01\/"]}]},{"@type":"ImageObject","inLanguage":"fr-FR","@id":"https:\/\/districos.standingout.be\/fr\/product\/depileve-kit-creme-paraffine-mains-ref-2014-01\/#primaryimage","url":"https:\/\/districos.standingout.be\/wp-content\/uploads\/2025\/07\/2014.01@LowRes_1.png","contentUrl":"https:\/\/districos.standingout.be\/wp-content\/uploads\/2025\/07\/2014.01@LowRes_1.png","width":700,"height":700},{"@type":"BreadcrumbList","@id":"https:\/\/districos.standingout.be\/fr\/product\/depileve-kit-creme-paraffine-mains-ref-2014-01\/#breadcrumb","itemListElement":[{"@type":"ListItem","position":1,"name":"Home","item":"https:\/\/districos.standingout.be\/fr\/bienvenue-chez-districos\/"},{"@type":"ListItem","position":2,"name":"Boutique","item":"https:\/\/districos.standingout.be\/fr\/boutique\/"},{"@type":"ListItem","position":3,"name":"Depil\u00e8ve Kit Cr\u00e8me Paraffine Mains"}]},{"@type":"WebSite","@id":"https:\/\/districos.standingout.be\/fr\/#website","url":"https:\/\/districos.standingout.be\/fr\/","name":"Districos Webshop","description":"","publisher":{"@id":"https:\/\/districos.standingout.be\/fr\/#organization"},"potentialAction":[{"@type":"SearchAction","target":{"@type":"EntryPoint","urlTemplate":"https:\/\/districos.standingout.be\/fr\/?s={search_term_string}"},"query-input":{"@type":"PropertyValueSpecification","valueRequired":true,"valueName":"search_term_string"}}],"inLanguage":"fr-FR"},{"@type":"Organization","@id":"https:\/\/districos.standingout.be\/fr\/#organization","name":"Districos Webshop","url":"https:\/\/districos.standingout.be\/fr\/","logo":{"@type":"ImageObject","inLanguage":"fr-FR","@id":"https:\/\/districos.standingout.be\/fr\/#\/schema\/logo\/image\/","url":"https:\/\/districos.standingout.be\/wp-content\/uploads\/2022\/09\/Districos_Logo_Webshop.svg","contentUrl":"https:\/\/districos.standingout.be\/wp-content\/uploads\/2022\/09\/Districos_Logo_Webshop.svg","caption":"Districos Webshop"},"image":{"@id":"https:\/\/districos.standingout.be\/fr\/#\/schema\/logo\/image\/"}}]}},"_links":{"self":[{"href":"https:\/\/districos.standingout.be\/fr\/wp-json\/wp\/v2\/product\/134119","targetHints":{"allow":["GET"]}}],"collection":[{"href":"https:\/\/districos.standingout.be\/fr\/wp-json\/wp\/v2\/product"}],"about":[{"href":"https:\/\/districos.standingout.be\/fr\/wp-json\/wp\/v2\/types\/product"}],"replies":[{"embeddable":true,"href":"https:\/\/districos.standingout.be\/fr\/wp-json\/wp\/v2\/comments?post=134119"}],"wp:featuredmedia":[{"embeddable":true,"href":"https:\/\/districos.standingout.be\/fr\/wp-json\/wp\/v2\/media\/70516"}],"wp:attachment":[{"href":"https:\/\/districos.standingout.be\/fr\/wp-json\/wp\/v2\/media?parent=134119"}],"wp:term":[{"taxonomy":"product_brand","embeddable":true,"href":"https:\/\/districos.standingout.be\/fr\/wp-json\/wp\/v2\/product_brand?post=134119"},{"taxonomy":"product_cat","embeddable":true,"href":"https:\/\/districos.standingout.be\/fr\/wp-json\/wp\/v2\/product_cat?post=134119"},{"taxonomy":"product_tag","embeddable":true,"href":"https:\/\/districos.standingout.be\/fr\/wp-json\/wp\/v2\/product_tag?post=134119"}],"curies":[{"name":"wp","href":"https:\/\/api.w.org\/{rel}","templated":true}]}}